{"id":160,"date":"2019-10-24T16:26:08","date_gmt":"2019-10-24T13:26:08","guid":{"rendered":"http:\/\/srvr10.xetpoint.com\/~seyfi\/joensuu\/?page_id=160"},"modified":"2026-04-13T01:44:02","modified_gmt":"2026-04-12T22:44:02","slug":"yhteystiedot","status":"publish","type":"page","link":"https:\/\/sey.fi\/joensuu\/joensuun-elainsuojeluyhdistys\/yhteystiedot\/","title":{"rendered":"Yhteystiedot"},"content":{"rendered":"\n<p><strong>Joensuun el\u00e4insuojeluyhdistys ry<\/strong><\/p>\n\n\n\n<p><strong>Huom!<\/strong> Erityisesti virka-aikaan puhelinp\u00e4ivyst\u00e4j\u00e4mme on kiinni p\u00e4\u00e4osin omassa ty\u00f6ss\u00e4\u00e4n.<\/p>\n\n\n\n<p><strong>Laitathan ensisijaisesti tekstiviestill\u00e4 soittopyynt\u00f6.<\/strong> Kerro viestiss\u00e4 lyhyesti mit\u00e4 asiasi koskee, jotta kiireelliset tapaukset voidaan hoitaa mahdollisimman nopeasti.<\/p>\n\n\n\n<p><strong>Emme soita takaisin vastaamatta j\u00e4\u00e4neisiin puheluihin, jos n\u00e4ist\u00e4 ei ole j\u00e4tetty soittopyynt\u00f6\u00e4 tekstiviestitse.<\/strong><\/p>\n\n\n\n<figure class=\"wp-block-image size-large is-resized\"><img loading=\"lazy\" decoding=\"async\" width=\"724\" height=\"1024\" src=\"https:\/\/sey.fi\/wp-content\/uploads\/sites\/13\/2026\/03\/Yhteystiedot-724x1024.jpg\" alt=\"\" class=\"wp-image-874\" style=\"width:544px;height:auto\" srcset=\"https:\/\/sey.fi\/wp-content\/uploads\/sites\/13\/2026\/03\/Yhteystiedot-724x1024.jpg 724w, https:\/\/sey.fi\/wp-content\/uploads\/sites\/13\/2026\/03\/Yhteystiedot-212x300.jpg 212w, https:\/\/sey.fi\/wp-content\/uploads\/sites\/13\/2026\/03\/Yhteystiedot-768x1086.jpg 768w, https:\/\/sey.fi\/wp-content\/uploads\/sites\/13\/2026\/03\/Yhteystiedot-1086x1536.jpg 1086w, https:\/\/sey.fi\/wp-content\/uploads\/sites\/13\/2026\/03\/Yhteystiedot.jpg 1414w\" sizes=\"auto, (max-width: 724px) 100vw, 724px\" \/><\/figure>\n\n\n\n<p>Kiireett\u00f6miss\u00e4 tapauksissa laita s\u00e4hk\u00f6postia, teemme vapaaehtoisty\u00f6t\u00e4 ja otamme sinuun yhteytt\u00e4 heti, kun pystymme. S\u00e4hk\u00f6posteihin vastaamme p\u00e4\u00e4asiassa parin p\u00e4iv\u00e4n sis\u00e4ll\u00e4.<\/p>\n\n\n\n<hr class=\"wp-block-separator has-alpha-channel-opacity\" \/>\n\n\n\n<p><strong>Puhelinnumerot:<\/strong> : 050 596 71 01 tai 050 371 83 47.<\/p>\n\n\n\n<p><strong>S\u00e4hk\u00f6posti: <\/strong>jey@jey.fi<\/p>\n\n\n\n<p><strong>Sijaiskoteihin ja lemmikkien kyselyihin liittyv\u00e4t asiat:<\/strong> sijaiskoti@jey.fi<\/p>\n\n\n\n<p><strong>Osoite:<\/strong> Ahoksentie 6, Kontiolahti 80710<\/p>\n\n\n\n<p>Lemmikkiel\u00e4imet<br>Neuvonta (esimerkiksi el\u00e4insuojeluilmoituksen teko)<br>Loukun lainaus<br>Lahjoitukset<br>Haastattelupyynn\u00f6t<\/p>\n\n\n\n<hr class=\"wp-block-separator has-alpha-channel-opacity\" \/>\n\n\n\n<p><em><strong>Luonnonvaraiset el\u00e4imet:<\/strong><\/em><\/p>\n\n\n\n<p><strong>Heidi V\u00e4ist\u00f6 0400 768 793<\/strong><\/p>\n\n\n\n<p>Lue ohjeet ja yhteystiedot luonnonvaraisten el\u00e4inten auttamiseen&nbsp;<a href=\"https:\/\/sey.fi\/elain-hadassa\/luonnonelain-hadassa\/\">t\u00e4\u00e4lt\u00e4.<\/a><\/p>\n\n\n\n<p>Joensuun el\u00e4insuojeluyhdistys ry:ll\u00e4 ei ole luonnonvaraisten el\u00e4inten hoitolaa, hoitajaa tai kuljetuspalvelua. Olethan yhteydess\u00e4 yll\u00e4 oleviin tahoihin.<\/p>\n\n\n\n<hr class=\"wp-block-separator has-alpha-channel-opacity\" \/>\n\n\n\n<p><em><strong>Pienel\u00e4inten hautausmaa<\/strong><\/em>: (Jaamankankaantie 13, Kontiolahti)<\/p>\n\n\n\n<p>Neuvonta ja hautapaikat: 050 596 71 01 \/ jey@jey.fi <\/p>\n\n\n\n<p>Kiireett\u00f6miss\u00e4 asioissa otathan yhteytt\u00e4 s\u00e4hk\u00f6postitse!<\/p>\n\n\n\n<hr class=\"wp-block-separator has-alpha-channel-opacity\" \/>\n","protected":false},"excerpt":{"rendered":"<p>Joensuun el\u00e4insuojeluyhdistys ry Huom! Erityisesti virka-aikaan puhelinp\u00e4ivyst\u00e4j\u00e4mme on kiinni p\u00e4\u00e4osin omassa ty\u00f6ss\u00e4\u00e4n. Laitathan ensisijaisesti tekstiviestill\u00e4 soittopyynt\u00f6. Kerro viestiss\u00e4 lyhyesti mit\u00e4 asiasi koskee, jotta kiireelliset tapaukset voidaan hoitaa mahdollisimman nopeasti. Emme soita takaisin vastaamatta j\u00e4\u00e4neisiin puheluihin, jos n\u00e4ist\u00e4 ei ole j\u00e4tetty soittopyynt\u00f6\u00e4 tekstiviestitse. Kiireett\u00f6miss\u00e4 tapauksissa laita s\u00e4hk\u00f6postia, teemme vapaaehtoisty\u00f6t\u00e4 ja otamme sinuun yhteytt\u00e4 heti, kun pystymme. [&hellip;]<\/p>\n","protected":false},"author":8,"featured_media":919,"parent":2,"menu_order":0,"comment_status":"closed","ping_status":"closed","template":"","meta":{"_acf_changed":false,"footnotes":""},"class_list":["post-160","page","type-page","status-publish","has-post-thumbnail","hentry"],"acf":[],"yoast_head":"<!-- This site is optimized with the Yoast SEO plugin v27.1.1 - https:\/\/yoast.com\/product\/yoast-seo-wordpress\/ -->\n<title>Yhteystiedot - Joensuun el\u00e4insuojeluyhdistys<\/title>\n<meta name=\"robots\" content=\"index, follow, max-snippet:-1, max-image-preview:large, max-video-preview:-1\" \/>\n<link rel=\"canonical\" href=\"https:\/\/sey.fi\/joensuu\/joensuun-elainsuojeluyhdistys\/yhteystiedot\/\" \/>\n<meta property=\"og:locale\" content=\"fi_FI\" \/>\n<meta property=\"og:type\" content=\"article\" \/>\n<meta property=\"og:title\" content=\"Yhteystiedot - Joensuun el\u00e4insuojeluyhdistys\" \/>\n<meta property=\"og:description\" content=\"Joensuun el\u00e4insuojeluyhdistys ry Huom! Erityisesti virka-aikaan puhelinp\u00e4ivyst\u00e4j\u00e4mme on kiinni p\u00e4\u00e4osin omassa ty\u00f6ss\u00e4\u00e4n. Laitathan ensisijaisesti tekstiviestill\u00e4 soittopyynt\u00f6. Kerro viestiss\u00e4 lyhyesti mit\u00e4 asiasi koskee, jotta kiireelliset tapaukset voidaan hoitaa mahdollisimman nopeasti. Emme soita takaisin vastaamatta j\u00e4\u00e4neisiin puheluihin, jos n\u00e4ist\u00e4 ei ole j\u00e4tetty soittopyynt\u00f6\u00e4 tekstiviestitse. Kiireett\u00f6miss\u00e4 tapauksissa laita s\u00e4hk\u00f6postia, teemme vapaaehtoisty\u00f6t\u00e4 ja otamme sinuun yhteytt\u00e4 heti, kun pystymme. [&hellip;]\" \/>\n<meta property=\"og:url\" content=\"https:\/\/sey.fi\/joensuu\/joensuun-elainsuojeluyhdistys\/yhteystiedot\/\" \/>\n<meta property=\"og:site_name\" content=\"Joensuun el\u00e4insuojeluyhdistys\" \/>\n<meta property=\"article:modified_time\" content=\"2026-04-12T22:44:02+00:00\" \/>\n<meta property=\"og:image\" content=\"https:\/\/sey.fi\/wp-content\/uploads\/sites\/13\/2026\/04\/IMG_9033-scaled.jpg\" \/>\n\t<meta property=\"og:image:width\" content=\"2560\" \/>\n\t<meta property=\"og:image:height\" content=\"1707\" \/>\n\t<meta property=\"og:image:type\" content=\"image\/jpeg\" \/>\n<meta name=\"twitter:card\" content=\"summary_large_image\" \/>\n<meta name=\"twitter:label1\" content=\"Arvioitu lukuaika\" \/>\n\t<meta name=\"twitter:data1\" content=\"2 minuuttia\" \/>\n<script type=\"application\/ld+json\" class=\"yoast-schema-graph\">{\"@context\":\"https:\/\/schema.org\",\"@graph\":[{\"@type\":\"WebPage\",\"@id\":\"https:\/\/sey.fi\/joensuu\/joensuun-elainsuojeluyhdistys\/yhteystiedot\/\",\"url\":\"https:\/\/sey.fi\/joensuu\/joensuun-elainsuojeluyhdistys\/yhteystiedot\/\",\"name\":\"Yhteystiedot - Joensuun el\u00e4insuojeluyhdistys\",\"isPartOf\":{\"@id\":\"https:\/\/sey.fi\/joensuu\/#website\"},\"primaryImageOfPage\":{\"@id\":\"https:\/\/sey.fi\/joensuu\/joensuun-elainsuojeluyhdistys\/yhteystiedot\/#primaryimage\"},\"image\":{\"@id\":\"https:\/\/sey.fi\/joensuu\/joensuun-elainsuojeluyhdistys\/yhteystiedot\/#primaryimage\"},\"thumbnailUrl\":\"https:\/\/sey.fi\/wp-content\/uploads\/sites\/13\/2026\/04\/IMG_9033-scaled.jpg\",\"datePublished\":\"2019-10-24T13:26:08+00:00\",\"dateModified\":\"2026-04-12T22:44:02+00:00\",\"breadcrumb\":{\"@id\":\"https:\/\/sey.fi\/joensuu\/joensuun-elainsuojeluyhdistys\/yhteystiedot\/#breadcrumb\"},\"inLanguage\":\"fi\",\"potentialAction\":[{\"@type\":\"ReadAction\",\"target\":[\"https:\/\/sey.fi\/joensuu\/joensuun-elainsuojeluyhdistys\/yhteystiedot\/\"]}]},{\"@type\":\"ImageObject\",\"inLanguage\":\"fi\",\"@id\":\"https:\/\/sey.fi\/joensuu\/joensuun-elainsuojeluyhdistys\/yhteystiedot\/#primaryimage\",\"url\":\"https:\/\/sey.fi\/wp-content\/uploads\/sites\/13\/2026\/04\/IMG_9033-scaled.jpg\",\"contentUrl\":\"https:\/\/sey.fi\/wp-content\/uploads\/sites\/13\/2026\/04\/IMG_9033-scaled.jpg\",\"width\":2560,\"height\":1707},{\"@type\":\"BreadcrumbList\",\"@id\":\"https:\/\/sey.fi\/joensuu\/joensuun-elainsuojeluyhdistys\/yhteystiedot\/#breadcrumb\",\"itemListElement\":[{\"@type\":\"ListItem\",\"position\":1,\"name\":\"Home\",\"item\":\"https:\/\/sey.fi\/joensuu\/\"},{\"@type\":\"ListItem\",\"position\":2,\"name\":\"Joensuun el\u00e4insuojeluyhdistys\",\"item\":\"https:\/\/sey.fi\/joensuu\/\"},{\"@type\":\"ListItem\",\"position\":3,\"name\":\"Yhteystiedot\"}]},{\"@type\":\"WebSite\",\"@id\":\"https:\/\/sey.fi\/joensuu\/#website\",\"url\":\"https:\/\/sey.fi\/joensuu\/\",\"name\":\"Joensuun el\u00e4insuojeluyhdistys\",\"description\":\"Uusi SEY J\u00e4senyhdistykset -sivusto\",\"potentialAction\":[{\"@type\":\"SearchAction\",\"target\":{\"@type\":\"EntryPoint\",\"urlTemplate\":\"https:\/\/sey.fi\/joensuu\/?s={search_term_string}\"},\"query-input\":{\"@type\":\"PropertyValueSpecification\",\"valueRequired\":true,\"valueName\":\"search_term_string\"}}],\"inLanguage\":\"fi\"}]}<\/script>\n<!-- \/ Yoast SEO plugin. -->","yoast_head_json":{"title":"Yhteystiedot - Joensuun el\u00e4insuojeluyhdistys","robots":{"index":"index","follow":"follow","max-snippet":"max-snippet:-1","max-image-preview":"max-image-preview:large","max-video-preview":"max-video-preview:-1"},"canonical":"https:\/\/sey.fi\/joensuu\/joensuun-elainsuojeluyhdistys\/yhteystiedot\/","og_locale":"fi_FI","og_type":"article","og_title":"Yhteystiedot - Joensuun el\u00e4insuojeluyhdistys","og_description":"Joensuun el\u00e4insuojeluyhdistys ry Huom! Erityisesti virka-aikaan puhelinp\u00e4ivyst\u00e4j\u00e4mme on kiinni p\u00e4\u00e4osin omassa ty\u00f6ss\u00e4\u00e4n. Laitathan ensisijaisesti tekstiviestill\u00e4 soittopyynt\u00f6. Kerro viestiss\u00e4 lyhyesti mit\u00e4 asiasi koskee, jotta kiireelliset tapaukset voidaan hoitaa mahdollisimman nopeasti. Emme soita takaisin vastaamatta j\u00e4\u00e4neisiin puheluihin, jos n\u00e4ist\u00e4 ei ole j\u00e4tetty soittopyynt\u00f6\u00e4 tekstiviestitse. Kiireett\u00f6miss\u00e4 tapauksissa laita s\u00e4hk\u00f6postia, teemme vapaaehtoisty\u00f6t\u00e4 ja otamme sinuun yhteytt\u00e4 heti, kun pystymme. [&hellip;]","og_url":"https:\/\/sey.fi\/joensuu\/joensuun-elainsuojeluyhdistys\/yhteystiedot\/","og_site_name":"Joensuun el\u00e4insuojeluyhdistys","article_modified_time":"2026-04-12T22:44:02+00:00","og_image":[{"width":2560,"height":1707,"url":"https:\/\/sey.fi\/wp-content\/uploads\/sites\/13\/2026\/04\/IMG_9033-scaled.jpg","type":"image\/jpeg"}],"twitter_card":"summary_large_image","twitter_misc":{"Arvioitu lukuaika":"2 minuuttia"},"schema":{"@context":"https:\/\/schema.org","@graph":[{"@type":"WebPage","@id":"https:\/\/sey.fi\/joensuu\/joensuun-elainsuojeluyhdistys\/yhteystiedot\/","url":"https:\/\/sey.fi\/joensuu\/joensuun-elainsuojeluyhdistys\/yhteystiedot\/","name":"Yhteystiedot - Joensuun el\u00e4insuojeluyhdistys","isPartOf":{"@id":"https:\/\/sey.fi\/joensuu\/#website"},"primaryImageOfPage":{"@id":"https:\/\/sey.fi\/joensuu\/joensuun-elainsuojeluyhdistys\/yhteystiedot\/#primaryimage"},"image":{"@id":"https:\/\/sey.fi\/joensuu\/joensuun-elainsuojeluyhdistys\/yhteystiedot\/#primaryimage"},"thumbnailUrl":"https:\/\/sey.fi\/wp-content\/uploads\/sites\/13\/2026\/04\/IMG_9033-scaled.jpg","datePublished":"2019-10-24T13:26:08+00:00","dateModified":"2026-04-12T22:44:02+00:00","breadcrumb":{"@id":"https:\/\/sey.fi\/joensuu\/joensuun-elainsuojeluyhdistys\/yhteystiedot\/#breadcrumb"},"inLanguage":"fi","potentialAction":[{"@type":"ReadAction","target":["https:\/\/sey.fi\/joensuu\/joensuun-elainsuojeluyhdistys\/yhteystiedot\/"]}]},{"@type":"ImageObject","inLanguage":"fi","@id":"https:\/\/sey.fi\/joensuu\/joensuun-elainsuojeluyhdistys\/yhteystiedot\/#primaryimage","url":"https:\/\/sey.fi\/wp-content\/uploads\/sites\/13\/2026\/04\/IMG_9033-scaled.jpg","contentUrl":"https:\/\/sey.fi\/wp-content\/uploads\/sites\/13\/2026\/04\/IMG_9033-scaled.jpg","width":2560,"height":1707},{"@type":"BreadcrumbList","@id":"https:\/\/sey.fi\/joensuu\/joensuun-elainsuojeluyhdistys\/yhteystiedot\/#breadcrumb","itemListElement":[{"@type":"ListItem","position":1,"name":"Home","item":"https:\/\/sey.fi\/joensuu\/"},{"@type":"ListItem","position":2,"name":"Joensuun el\u00e4insuojeluyhdistys","item":"https:\/\/sey.fi\/joensuu\/"},{"@type":"ListItem","position":3,"name":"Yhteystiedot"}]},{"@type":"WebSite","@id":"https:\/\/sey.fi\/joensuu\/#website","url":"https:\/\/sey.fi\/joensuu\/","name":"Joensuun el\u00e4insuojeluyhdistys","description":"Uusi SEY J\u00e4senyhdistykset -sivusto","potentialAction":[{"@type":"SearchAction","target":{"@type":"EntryPoint","urlTemplate":"https:\/\/sey.fi\/joensuu\/?s={search_term_string}"},"query-input":{"@type":"PropertyValueSpecification","valueRequired":true,"valueName":"search_term_string"}}],"inLanguage":"fi"}]}},"_links":{"self":[{"href":"https:\/\/sey.fi\/joensuu\/wp-json\/wp\/v2\/pages\/160","targetHints":{"allow":["GET"]}}],"collection":[{"href":"https:\/\/sey.fi\/joensuu\/wp-json\/wp\/v2\/pages"}],"about":[{"href":"https:\/\/sey.fi\/joensuu\/wp-json\/wp\/v2\/types\/page"}],"author":[{"embeddable":true,"href":"https:\/\/sey.fi\/joensuu\/wp-json\/wp\/v2\/users\/8"}],"replies":[{"embeddable":true,"href":"https:\/\/sey.fi\/joensuu\/wp-json\/wp\/v2\/comments?post=160"}],"version-history":[{"count":22,"href":"https:\/\/sey.fi\/joensuu\/wp-json\/wp\/v2\/pages\/160\/revisions"}],"predecessor-version":[{"id":899,"href":"https:\/\/sey.fi\/joensuu\/wp-json\/wp\/v2\/pages\/160\/revisions\/899"}],"up":[{"embeddable":true,"href":"https:\/\/sey.fi\/joensuu\/wp-json\/wp\/v2\/pages\/2"}],"wp:featuredmedia":[{"embeddable":true,"href":"https:\/\/sey.fi\/joensuu\/wp-json\/wp\/v2\/media\/919"}],"wp:attachment":[{"href":"https:\/\/sey.fi\/joensuu\/wp-json\/wp\/v2\/media?parent=160"}],"curies":[{"name":"wp","href":"https:\/\/api.w.org\/{rel}","templated":true}]}}