{"id":38,"date":"2019-10-24T14:49:24","date_gmt":"2019-10-24T11:49:24","guid":{"rendered":"http:\/\/srvr10.xetpoint.com\/~seyfi\/joensuu\/?page_id=38"},"modified":"2026-04-02T20:32:35","modified_gmt":"2026-04-02T17:32:35","slug":"lahjoitukset","status":"publish","type":"page","link":"https:\/\/sey.fi\/joensuu\/joensuun-elainsuojeluyhdistys\/kodittomat-elaimet\/lahjoitukset\/","title":{"rendered":"Lahjoitukset"},"content":{"rendered":"\n<h2 class=\"wp-block-heading\">Pienker\u00e4ykset<\/h2>\n\n\n\n<p>Joensuun el\u00e4insuojeluyhdistys Ry j\u00e4rjest\u00e4\u00e4 ajoittain pienker\u00e4yksi\u00e4. Ilmoitamme voimassa olevista ker\u00e4ysluvista &#8221;ajankohtaista&#8221; -osiossa sek\u00e4 sosiaalisen median kanavilla.<\/p>\n\n\n\n<p>Ker\u00e4ykset on voimassa vain silloin, kun n\u00e4ist\u00e4 on ajantasaiset julkaisut n\u00e4kyvill\u00e4. Muussa tilanteessa pienker\u00e4ys ei ole k\u00e4ynniss\u00e4. <\/p>\n\n\n\n<p>Muista siis laittaa JEY:n sosiaalisen median kanavat seuraukseen: <a href=\"https:\/\/www.facebook.com\/joensuunelainsuojeluyhdistys\/?locale=fi_FI\">Facebook<\/a> ja <a href=\"https:\/\/www.instagram.com\/joensuunelainsuojeluyhdistys\/\">Instagram<\/a>.<\/p>\n\n\n\n<hr class=\"wp-block-separator has-alpha-channel-opacity\" \/>\n\n\n\n<h2 class=\"wp-block-heading\">Verkkokauppalahjoitus Vetapet-verkkokaupasta<\/h2>\n\n\n\n<p>Voit tilata tuotelahjoituksen suoraan Joensuun el\u00e4insuojeluyhdistykselle Vetapet:n verkkokaupasta. Vetapet on tehnyt jo vuosia yhteisty\u00f6t\u00e4 Joensuun el\u00e4insuojeluyhdistyksen kanssa tuotelahjoitusten muodossa ja nyt yhteinen tavoitteemme olisi helpottaa my\u00f6s asiakkaiden lahjoitusten tekemist\u00e4 yhdistykselle Vetapet:n laajasta valikoimasta.<\/p>\n\n\n\n<p><strong>Tilausohjeet Vetapet -verkkokaupasta <a href=\"https:\/\/www.kivuton.fi\/pages\/lahjoita-joensuun-elainsuojeluyhdistykselle\">t\u00e4\u00e4lt\u00e4<\/a>. <\/strong><\/p>\n\n\n\n<hr class=\"wp-block-separator has-alpha-channel-opacity\" \/>\n\n\n\n<h2 class=\"wp-block-heading\">Muut lahjoitukset<\/h2>\n\n\n\n<p>Yhdistys ottaa lahjoituksia vastaan Tintin Lemmikki-lemmikkiel\u00e4inliikkeell\u00e4 osoitteessa Nurmeksentie 4 Joensuu (liikkeen aukioloaikoina ma-pe klo 10-18 ja la 10-15). <strong>Huomaathan, ett\u00e4 lahjoitusten tulee olla puhtaita ja ehji\u00e4.<\/strong><\/p>\n\n\n\n<p><strong>K\u00e4ytt\u00f6kelvottomien tarvikkeiden j\u00e4tt\u00e4minen aiheuttaa yhdistykselle ylim\u00e4\u00e4r\u00e4isi\u00e4 kuluja<\/strong>, kun n\u00e4it\u00e4 joudutaan yhdistyksen piikkiin h\u00e4vitt\u00e4m\u00e4\u00e4n. Toivomme, ett\u00e4 tarvikkeilla on elinik\u00e4\u00e4 j\u00e4ljell\u00e4!<\/p>\n\n\n\n<p>Voit lahjoittaa esimerkiksi:<\/p>\n\n\n\n<ul class=\"wp-block-list\">\n<li>Ehji\u00e4 ja puhtaita lemmikkien tarvikkeita<\/li>\n<\/ul>\n\n\n\n<ul class=\"wp-block-list\">\n<li>Lemmikkien ruokaa ja herkkuja (toistaiseksi vastaanotamme vain avaamattomia pakkauksia)<\/li>\n<\/ul>\n\n\n\n<ul class=\"wp-block-list\">\n<li>Kissanhiekkaa<\/li>\n<\/ul>\n\n\n\n<ul class=\"wp-block-list\">\n<li>Raapimapuut (varmista tarve yhdistykselt\u00e4)<\/li>\n<\/ul>\n\n\n\n<ul class=\"wp-block-list\">\n<li>Nippusiteet ja ilmastointiteippi<\/li>\n<\/ul>\n\n\n\n<ul class=\"wp-block-list\">\n<li>Virkon S \u2013pesu- ja desinfiointiaine<\/li>\n<\/ul>\n\n\n\n<ul class=\"wp-block-list\">\n<li>Sis\u00e4- ja ulkoloish\u00e4\u00e4d\u00f6t<\/li>\n<\/ul>\n\n\n\n<ul class=\"wp-block-list\">\n<li>Feliway- ja Adaptil haihduttimien t\u00e4ytt\u00f6nesteet<\/li>\n<\/ul>\n\n\n\n<ul class=\"wp-block-list\">\n<li>El\u00e4inten k\u00e4sikauppal\u00e4\u00e4kkeet ja lis\u00e4ravinteet<\/li>\n<\/ul>\n\n\n\n<p>Ennen kuin viskaat (ja roskaat), kys\u00e4ise!<\/p>\n\n\n\n<p>Emme pysty vastaanottamaan lakanoita, patjoja tai tyynyj\u00e4, kanin- ja marsun h\u00e4kkej\u00e4 emmek\u00e4 dunia.<\/p>\n\n\n\n<p>Ilmoitamme erikseen sosiaalisessa mediassa, jos pyyhkeille on yhdistyksell\u00e4 tarvetta.<\/p>\n\n\n\n<p>Tarvittaessa ole yhteydess\u00e4 yhdistykseen 050 5967 101 tai 050 371 83 47.<\/p>\n\n\n<div class=\"wp-block-image is-style-default\">\n<figure class=\"aligncenter size-large is-resized\"><img loading=\"lazy\" decoding=\"async\" width=\"1024\" height=\"724\" src=\"https:\/\/sey.fi\/wp-content\/uploads\/sites\/13\/2025\/10\/Ehjat-ja-puhtaat-1024x724.jpg\" alt=\"\" class=\"wp-image-810\" style=\"width:526px;height:auto\" srcset=\"https:\/\/sey.fi\/wp-content\/uploads\/sites\/13\/2025\/10\/Ehjat-ja-puhtaat-1024x724.jpg 1024w, https:\/\/sey.fi\/wp-content\/uploads\/sites\/13\/2025\/10\/Ehjat-ja-puhtaat-300x212.jpg 300w, https:\/\/sey.fi\/wp-content\/uploads\/sites\/13\/2025\/10\/Ehjat-ja-puhtaat-768x543.jpg 768w, https:\/\/sey.fi\/wp-content\/uploads\/sites\/13\/2025\/10\/Ehjat-ja-puhtaat-1536x1086.jpg 1536w, https:\/\/sey.fi\/wp-content\/uploads\/sites\/13\/2025\/10\/Ehjat-ja-puhtaat.jpg 2000w\" sizes=\"auto, (max-width: 1024px) 100vw, 1024px\" \/><\/figure><\/div>\n\n\n<hr class=\"wp-block-separator has-alpha-channel-opacity\" \/>\n\n\n\n<h2 class=\"wp-block-heading\">Muut verkkokauppalahjoitukset<\/h2>\n\n\n\n<p>Muissa verkkokauppalahjoituksissa olethan yhteydess\u00e4 puhelimitse tai Whatsapp -sovelluksen kautta numeroon: 050 5967 101<\/p>\n\n\n<div class=\"wp-block-image\">\n<figure class=\"aligncenter size-large is-resized\"><img loading=\"lazy\" decoding=\"async\" width=\"1024\" height=\"682\" src=\"https:\/\/sey.fi\/wp-content\/uploads\/sites\/13\/2025\/05\/Koiranruoka-1024x682.jpg\" alt=\"Koiranruoka\" class=\"wp-image-456\" style=\"width:543px;height:auto\" srcset=\"https:\/\/sey.fi\/wp-content\/uploads\/sites\/13\/2025\/05\/Koiranruoka-1024x682.jpg 1024w, https:\/\/sey.fi\/wp-content\/uploads\/sites\/13\/2025\/05\/Koiranruoka-300x200.jpg 300w, https:\/\/sey.fi\/wp-content\/uploads\/sites\/13\/2025\/05\/Koiranruoka-768x512.jpg 768w, https:\/\/sey.fi\/wp-content\/uploads\/sites\/13\/2025\/05\/Koiranruoka.jpg 1280w\" sizes=\"auto, (max-width: 1024px) 100vw, 1024px\" \/><\/figure><\/div>\n\n\n<p>Kuva: Matty Coulton<\/p>\n\n\n\n<p><\/p>\n","protected":false},"excerpt":{"rendered":"<p>Pienker\u00e4ykset Joensuun el\u00e4insuojeluyhdistys Ry j\u00e4rjest\u00e4\u00e4 ajoittain pienker\u00e4yksi\u00e4. Ilmoitamme voimassa olevista ker\u00e4ysluvista &#8221;ajankohtaista&#8221; -osiossa sek\u00e4 sosiaalisen median kanavilla. Ker\u00e4ykset on voimassa vain silloin, kun n\u00e4ist\u00e4 on ajantasaiset julkaisut n\u00e4kyvill\u00e4. Muussa tilanteessa pienker\u00e4ys ei ole k\u00e4ynniss\u00e4. Muista siis laittaa JEY:n sosiaalisen median kanavat seuraukseen: Facebook ja Instagram. Verkkokauppalahjoitus Vetapet-verkkokaupasta Voit tilata tuotelahjoituksen suoraan Joensuun el\u00e4insuojeluyhdistykselle Vetapet:n verkkokaupasta. [&hellip;]<\/p>\n","protected":false},"author":8,"featured_media":0,"parent":29,"menu_order":0,"comment_status":"closed","ping_status":"closed","template":"","meta":{"_acf_changed":false,"footnotes":""},"class_list":["post-38","page","type-page","status-publish","hentry"],"acf":[],"yoast_head":"<!-- This site is optimized with the Yoast SEO plugin v27.1.1 - https:\/\/yoast.com\/product\/yoast-seo-wordpress\/ -->\n<title>Lahjoitukset - Joensuun el\u00e4insuojeluyhdistys<\/title>\n<meta name=\"robots\" content=\"index, follow, max-snippet:-1, max-image-preview:large, max-video-preview:-1\" \/>\n<link rel=\"canonical\" href=\"https:\/\/sey.fi\/joensuu\/joensuun-elainsuojeluyhdistys\/kodittomat-elaimet\/lahjoitukset\/\" \/>\n<meta property=\"og:locale\" content=\"fi_FI\" \/>\n<meta property=\"og:type\" content=\"article\" \/>\n<meta property=\"og:title\" content=\"Lahjoitukset - Joensuun el\u00e4insuojeluyhdistys\" \/>\n<meta property=\"og:description\" content=\"Pienker\u00e4ykset Joensuun el\u00e4insuojeluyhdistys Ry j\u00e4rjest\u00e4\u00e4 ajoittain pienker\u00e4yksi\u00e4. Ilmoitamme voimassa olevista ker\u00e4ysluvista &#8221;ajankohtaista&#8221; -osiossa sek\u00e4 sosiaalisen median kanavilla. Ker\u00e4ykset on voimassa vain silloin, kun n\u00e4ist\u00e4 on ajantasaiset julkaisut n\u00e4kyvill\u00e4. Muussa tilanteessa pienker\u00e4ys ei ole k\u00e4ynniss\u00e4. Muista siis laittaa JEY:n sosiaalisen median kanavat seuraukseen: Facebook ja Instagram. Verkkokauppalahjoitus Vetapet-verkkokaupasta Voit tilata tuotelahjoituksen suoraan Joensuun el\u00e4insuojeluyhdistykselle Vetapet:n verkkokaupasta. [&hellip;]\" \/>\n<meta property=\"og:url\" content=\"https:\/\/sey.fi\/joensuu\/joensuun-elainsuojeluyhdistys\/kodittomat-elaimet\/lahjoitukset\/\" \/>\n<meta property=\"og:site_name\" content=\"Joensuun el\u00e4insuojeluyhdistys\" \/>\n<meta property=\"article:modified_time\" content=\"2026-04-02T17:32:35+00:00\" \/>\n<meta property=\"og:image\" content=\"https:\/\/sey.fi\/wp-content\/uploads\/sites\/13\/2025\/10\/Ehjat-ja-puhtaat.jpg\" \/>\n\t<meta property=\"og:image:width\" content=\"2000\" \/>\n\t<meta property=\"og:image:height\" content=\"1414\" \/>\n\t<meta property=\"og:image:type\" content=\"image\/jpeg\" \/>\n<meta name=\"twitter:card\" content=\"summary_large_image\" \/>\n<meta name=\"twitter:label1\" content=\"Arvioitu lukuaika\" \/>\n\t<meta name=\"twitter:data1\" content=\"2 minuuttia\" \/>\n<script type=\"application\/ld+json\" class=\"yoast-schema-graph\">{\"@context\":\"https:\/\/schema.org\",\"@graph\":[{\"@type\":\"WebPage\",\"@id\":\"https:\/\/sey.fi\/joensuu\/joensuun-elainsuojeluyhdistys\/kodittomat-elaimet\/lahjoitukset\/\",\"url\":\"https:\/\/sey.fi\/joensuu\/joensuun-elainsuojeluyhdistys\/kodittomat-elaimet\/lahjoitukset\/\",\"name\":\"Lahjoitukset - Joensuun el\u00e4insuojeluyhdistys\",\"isPartOf\":{\"@id\":\"https:\/\/sey.fi\/joensuu\/#website\"},\"primaryImageOfPage\":{\"@id\":\"https:\/\/sey.fi\/joensuu\/joensuun-elainsuojeluyhdistys\/kodittomat-elaimet\/lahjoitukset\/#primaryimage\"},\"image\":{\"@id\":\"https:\/\/sey.fi\/joensuu\/joensuun-elainsuojeluyhdistys\/kodittomat-elaimet\/lahjoitukset\/#primaryimage\"},\"thumbnailUrl\":\"https:\/\/sey.fi\/wp-content\/uploads\/sites\/13\/2025\/10\/Ehjat-ja-puhtaat-1024x724.jpg\",\"datePublished\":\"2019-10-24T11:49:24+00:00\",\"dateModified\":\"2026-04-02T17:32:35+00:00\",\"breadcrumb\":{\"@id\":\"https:\/\/sey.fi\/joensuu\/joensuun-elainsuojeluyhdistys\/kodittomat-elaimet\/lahjoitukset\/#breadcrumb\"},\"inLanguage\":\"fi\",\"potentialAction\":[{\"@type\":\"ReadAction\",\"target\":[\"https:\/\/sey.fi\/joensuu\/joensuun-elainsuojeluyhdistys\/kodittomat-elaimet\/lahjoitukset\/\"]}]},{\"@type\":\"ImageObject\",\"inLanguage\":\"fi\",\"@id\":\"https:\/\/sey.fi\/joensuu\/joensuun-elainsuojeluyhdistys\/kodittomat-elaimet\/lahjoitukset\/#primaryimage\",\"url\":\"https:\/\/sey.fi\/wp-content\/uploads\/sites\/13\/2025\/10\/Ehjat-ja-puhtaat-1024x724.jpg\",\"contentUrl\":\"https:\/\/sey.fi\/wp-content\/uploads\/sites\/13\/2025\/10\/Ehjat-ja-puhtaat-1024x724.jpg\"},{\"@type\":\"BreadcrumbList\",\"@id\":\"https:\/\/sey.fi\/joensuu\/joensuun-elainsuojeluyhdistys\/kodittomat-elaimet\/lahjoitukset\/#breadcrumb\",\"itemListElement\":[{\"@type\":\"ListItem\",\"position\":1,\"name\":\"Home\",\"item\":\"https:\/\/sey.fi\/joensuu\/\"},{\"@type\":\"ListItem\",\"position\":2,\"name\":\"Joensuun el\u00e4insuojeluyhdistys\",\"item\":\"https:\/\/sey.fi\/joensuu\/\"},{\"@type\":\"ListItem\",\"position\":3,\"name\":\"Kodittomat el\u00e4imet\",\"item\":\"https:\/\/sey.fi\/joensuu\/joensuun-elainsuojeluyhdistys\/kodittomat-elaimet\/\"},{\"@type\":\"ListItem\",\"position\":4,\"name\":\"Lahjoitukset\"}]},{\"@type\":\"WebSite\",\"@id\":\"https:\/\/sey.fi\/joensuu\/#website\",\"url\":\"https:\/\/sey.fi\/joensuu\/\",\"name\":\"Joensuun el\u00e4insuojeluyhdistys\",\"description\":\"Uusi SEY J\u00e4senyhdistykset -sivusto\",\"potentialAction\":[{\"@type\":\"SearchAction\",\"target\":{\"@type\":\"EntryPoint\",\"urlTemplate\":\"https:\/\/sey.fi\/joensuu\/?s={search_term_string}\"},\"query-input\":{\"@type\":\"PropertyValueSpecification\",\"valueRequired\":true,\"valueName\":\"search_term_string\"}}],\"inLanguage\":\"fi\"}]}<\/script>\n<!-- \/ Yoast SEO plugin. -->","yoast_head_json":{"title":"Lahjoitukset - Joensuun el\u00e4insuojeluyhdistys","robots":{"index":"index","follow":"follow","max-snippet":"max-snippet:-1","max-image-preview":"max-image-preview:large","max-video-preview":"max-video-preview:-1"},"canonical":"https:\/\/sey.fi\/joensuu\/joensuun-elainsuojeluyhdistys\/kodittomat-elaimet\/lahjoitukset\/","og_locale":"fi_FI","og_type":"article","og_title":"Lahjoitukset - Joensuun el\u00e4insuojeluyhdistys","og_description":"Pienker\u00e4ykset Joensuun el\u00e4insuojeluyhdistys Ry j\u00e4rjest\u00e4\u00e4 ajoittain pienker\u00e4yksi\u00e4. Ilmoitamme voimassa olevista ker\u00e4ysluvista &#8221;ajankohtaista&#8221; -osiossa sek\u00e4 sosiaalisen median kanavilla. Ker\u00e4ykset on voimassa vain silloin, kun n\u00e4ist\u00e4 on ajantasaiset julkaisut n\u00e4kyvill\u00e4. Muussa tilanteessa pienker\u00e4ys ei ole k\u00e4ynniss\u00e4. Muista siis laittaa JEY:n sosiaalisen median kanavat seuraukseen: Facebook ja Instagram. Verkkokauppalahjoitus Vetapet-verkkokaupasta Voit tilata tuotelahjoituksen suoraan Joensuun el\u00e4insuojeluyhdistykselle Vetapet:n verkkokaupasta. [&hellip;]","og_url":"https:\/\/sey.fi\/joensuu\/joensuun-elainsuojeluyhdistys\/kodittomat-elaimet\/lahjoitukset\/","og_site_name":"Joensuun el\u00e4insuojeluyhdistys","article_modified_time":"2026-04-02T17:32:35+00:00","og_image":[{"width":2000,"height":1414,"url":"https:\/\/sey.fi\/wp-content\/uploads\/sites\/13\/2025\/10\/Ehjat-ja-puhtaat.jpg","type":"image\/jpeg"}],"twitter_card":"summary_large_image","twitter_misc":{"Arvioitu lukuaika":"2 minuuttia"},"schema":{"@context":"https:\/\/schema.org","@graph":[{"@type":"WebPage","@id":"https:\/\/sey.fi\/joensuu\/joensuun-elainsuojeluyhdistys\/kodittomat-elaimet\/lahjoitukset\/","url":"https:\/\/sey.fi\/joensuu\/joensuun-elainsuojeluyhdistys\/kodittomat-elaimet\/lahjoitukset\/","name":"Lahjoitukset - Joensuun el\u00e4insuojeluyhdistys","isPartOf":{"@id":"https:\/\/sey.fi\/joensuu\/#website"},"primaryImageOfPage":{"@id":"https:\/\/sey.fi\/joensuu\/joensuun-elainsuojeluyhdistys\/kodittomat-elaimet\/lahjoitukset\/#primaryimage"},"image":{"@id":"https:\/\/sey.fi\/joensuu\/joensuun-elainsuojeluyhdistys\/kodittomat-elaimet\/lahjoitukset\/#primaryimage"},"thumbnailUrl":"https:\/\/sey.fi\/wp-content\/uploads\/sites\/13\/2025\/10\/Ehjat-ja-puhtaat-1024x724.jpg","datePublished":"2019-10-24T11:49:24+00:00","dateModified":"2026-04-02T17:32:35+00:00","breadcrumb":{"@id":"https:\/\/sey.fi\/joensuu\/joensuun-elainsuojeluyhdistys\/kodittomat-elaimet\/lahjoitukset\/#breadcrumb"},"inLanguage":"fi","potentialAction":[{"@type":"ReadAction","target":["https:\/\/sey.fi\/joensuu\/joensuun-elainsuojeluyhdistys\/kodittomat-elaimet\/lahjoitukset\/"]}]},{"@type":"ImageObject","inLanguage":"fi","@id":"https:\/\/sey.fi\/joensuu\/joensuun-elainsuojeluyhdistys\/kodittomat-elaimet\/lahjoitukset\/#primaryimage","url":"https:\/\/sey.fi\/wp-content\/uploads\/sites\/13\/2025\/10\/Ehjat-ja-puhtaat-1024x724.jpg","contentUrl":"https:\/\/sey.fi\/wp-content\/uploads\/sites\/13\/2025\/10\/Ehjat-ja-puhtaat-1024x724.jpg"},{"@type":"BreadcrumbList","@id":"https:\/\/sey.fi\/joensuu\/joensuun-elainsuojeluyhdistys\/kodittomat-elaimet\/lahjoitukset\/#breadcrumb","itemListElement":[{"@type":"ListItem","position":1,"name":"Home","item":"https:\/\/sey.fi\/joensuu\/"},{"@type":"ListItem","position":2,"name":"Joensuun el\u00e4insuojeluyhdistys","item":"https:\/\/sey.fi\/joensuu\/"},{"@type":"ListItem","position":3,"name":"Kodittomat el\u00e4imet","item":"https:\/\/sey.fi\/joensuu\/joensuun-elainsuojeluyhdistys\/kodittomat-elaimet\/"},{"@type":"ListItem","position":4,"name":"Lahjoitukset"}]},{"@type":"WebSite","@id":"https:\/\/sey.fi\/joensuu\/#website","url":"https:\/\/sey.fi\/joensuu\/","name":"Joensuun el\u00e4insuojeluyhdistys","description":"Uusi SEY J\u00e4senyhdistykset -sivusto","potentialAction":[{"@type":"SearchAction","target":{"@type":"EntryPoint","urlTemplate":"https:\/\/sey.fi\/joensuu\/?s={search_term_string}"},"query-input":{"@type":"PropertyValueSpecification","valueRequired":true,"valueName":"search_term_string"}}],"inLanguage":"fi"}]}},"_links":{"self":[{"href":"https:\/\/sey.fi\/joensuu\/wp-json\/wp\/v2\/pages\/38","targetHints":{"allow":["GET"]}}],"collection":[{"href":"https:\/\/sey.fi\/joensuu\/wp-json\/wp\/v2\/pages"}],"about":[{"href":"https:\/\/sey.fi\/joensuu\/wp-json\/wp\/v2\/types\/page"}],"author":[{"embeddable":true,"href":"https:\/\/sey.fi\/joensuu\/wp-json\/wp\/v2\/users\/8"}],"replies":[{"embeddable":true,"href":"https:\/\/sey.fi\/joensuu\/wp-json\/wp\/v2\/comments?post=38"}],"version-history":[{"count":18,"href":"https:\/\/sey.fi\/joensuu\/wp-json\/wp\/v2\/pages\/38\/revisions"}],"predecessor-version":[{"id":890,"href":"https:\/\/sey.fi\/joensuu\/wp-json\/wp\/v2\/pages\/38\/revisions\/890"}],"up":[{"embeddable":true,"href":"https:\/\/sey.fi\/joensuu\/wp-json\/wp\/v2\/pages\/29"}],"wp:attachment":[{"href":"https:\/\/sey.fi\/joensuu\/wp-json\/wp\/v2\/media?parent=38"}],"curies":[{"name":"wp","href":"https:\/\/api.w.org\/{rel}","templated":true}]}}