{"id":385,"date":"2025-04-13T19:56:57","date_gmt":"2025-04-13T16:56:57","guid":{"rendered":"https:\/\/sey.fi\/joensuu\/?page_id=385"},"modified":"2025-08-16T15:13:16","modified_gmt":"2025-08-16T12:13:16","slug":"koirarekisteri","status":"publish","type":"page","link":"https:\/\/sey.fi\/joensuu\/koirarekisteri\/","title":{"rendered":"Koirarekisteri"},"content":{"rendered":"\n<p>Koirarekisteriin tallennetaan asetuksessa 68\/2022 s\u00e4\u00e4detyt tiedot koiran haltijasta ja koirasta. Koiralle ilmoitetaan rekisteriin yksi haltija. Koirarekisteri ei ole omistajuusrekisteri.<\/p>\n\n\n\n<p>Ruokaviraston koirarekisterin s\u00e4hk\u00f6inen asiointipalvelu on soitteessa&nbsp;<strong><a href=\"https:\/\/koirarekisteri.ruokavirasto.fi\/\" target=\"_blank\" rel=\"noreferrer noopener\">https:\/\/koirarekisteri.ruokavirasto.fi.<\/a><\/strong><\/p>\n\n\n\n<h3 class=\"wp-block-heading has-medium-font-size\">Koirien merkinn\u00e4n ja rekister\u00f6innin vaatimukset lains\u00e4\u00e4d\u00e4nn\u00f6ss\u00e4\u00a0<\/h3>\n\n\n\n<p><strong>Ennen 1.1.2023 syntyneet koirat<\/strong><\/p>\n\n\n\n<ul class=\"wp-block-list\">\n<li>koira tulee merkit\u00e4 mikrosirulla (jos sirua ei jo ole)<\/li>\n\n\n\n<li>koiran tiedot tulee ilmoittaa rekisteriin<\/li>\n\n\n\n<li>m\u00e4\u00e4r\u00e4aika vuoden 2023 loppu<\/li>\n<\/ul>\n\n\n\n<p><strong>1.1.2023 j\u00e4lkeen syntyneet<\/strong><\/p>\n\n\n\n<ul class=\"wp-block-list\">\n<li>koirat tulee merkit\u00e4 mikrosirulla<\/li>\n\n\n\n<li>koiran tiedot tulee ilmoittaa rekisteriin<\/li>\n\n\n\n<li>viimeist\u00e4\u00e4n 3 kk i\u00e4ss\u00e4&nbsp;tai&nbsp;aiemmin, jos koira luovutetaan uudelle haltijalle ennen 3 kk ik\u00e4\u00e4<\/li>\n<\/ul>\n\n\n\n<p><strong>1.1.2023 j\u00e4lkeen maahantuodut koirat<\/strong><\/p>\n\n\n\n<ul class=\"wp-block-list\">\n<li>koiralla on jo mikrosiru<\/li>\n\n\n\n<li>koiran tiedot tulee ilmoittaa rekisteriin<\/li>\n\n\n\n<li>nelj\u00e4n viikon kuluessa saapumisesta&nbsp;tai&nbsp;aiemmin, jos koira luovutetaan uudelle haltijalle ennen nelj\u00e4n viikon m\u00e4\u00e4r\u00e4aikaa<\/li>\n<\/ul>\n\n\n\n<h3 class=\"wp-block-heading has-medium-font-size\">Koiran ilmoittaminen rekisteriin (ensirekister\u00f6inti):<\/h3>\n\n\n\n<ul class=\"wp-block-list\">\n<li>Koiran haltija ilmoittaa koiranpennun rekisteriin viimeist\u00e4\u00e4n 3 kk i\u00e4ss\u00e4 tai jo aiemmin, jos sen haltija vaihtuu (voimassa 1.1.2023 syntyneist\u00e4 pennuista alkaen).<\/li>\n\n\n\n<li>Jos aikuinen koira on viel\u00e4 ilmoittamatta rekisteriin, se on ilmoitettava sinne v\u00e4litt\u00f6m\u00e4sti (lains\u00e4\u00e4d\u00e4nn\u00f6n mukainen m\u00e4\u00e4r\u00e4aika ennen 1.1.2023 syntyneiden koirien ilmoittamiselle p\u00e4\u00e4ttyi 31.12.2023).<\/li>\n\n\n\n<li>Toisesta valtiosta Suomeen pysyv\u00e4sti saapuva koira on ilmoitettava Suomessa rekisteriin nelj\u00e4n viikon kuluessa saapumisesta, tai ennen koiran luovuttamista uudelle haltijalle, jos luovutus tapahtuu ennen nelj\u00e4n viikon m\u00e4\u00e4r\u00e4aikaa. My\u00f6s Suomessa v\u00e4liaikaisesti yli kolme kuukautta oleskeleva koira on ilmoitettava rekisteriin vastaavassa m\u00e4\u00e4r\u00e4ajassa. Koiran tulee olla Suomeen tullessa tunnistusmerkitty ja sill\u00e4 tulee olla vaadittavat asiakirjat (esim. EU-maasta lemmikkipassi).<br><\/li>\n<\/ul>\n\n\n\n<p class=\"has-medium-font-size\"><strong>Koiran rekister\u00f6imiseksi sill\u00e4 pit\u00e4\u00e4 olla mikrosiru<\/strong><\/p>\n\n\n\n<p>Mikrosiruja asettavat tunnistusmerkitsij\u00e4t ja el\u00e4inl\u00e4\u00e4k\u00e4rit. Rekister\u00f6inti\u00e4 varten tarvitset seuraavat tiedot:<\/p>\n\n\n\n<ul class=\"wp-block-list\">\n<li>mikrosirun numero&nbsp;<\/li>\n\n\n\n<li>koiran haltijan nimi, henkil\u00f6tunnus, l\u00e4hiosoite, s\u00e4hk\u00f6postiosoite ja puhelinnumero<\/li>\n\n\n\n<li>koiran syntym\u00e4aika (jos syntym\u00e4aika ei ole tiedossa, voit antaa arvion)<\/li>\n\n\n\n<li>koiran rotu tai rodun puuttuessa sanallinen kuvaus koiran ulkoisista tuntomerkeist\u00e4, sukupuoli ja v\u00e4ri<\/li>\n\n\n\n<li>koiran nimi (voit k\u00e4ytt\u00e4\u00e4 sit\u00e4 nime\u00e4 mill\u00e4 koiraa kutsut tai kasvattajan antamaa nime\u00e4)<\/li>\n\n\n\n<li>koiran syntym\u00e4maa, jos muu kuin Suomi<\/li>\n\n\n\n<li>mikrosirun asettajan nimi ja osoite (ennen 1.1.2023 syntyneell\u00e4 koiralla annetaan jos tiedossa)<\/li>\n\n\n\n<li>mikrosirun asettamisp\u00e4iv\u00e4m\u00e4\u00e4r\u00e4 (ennen 1.1.2023 syntyneell\u00e4 koiralla annetaan jos tiedossa)<br><\/li>\n<\/ul>\n\n\n\n<p class=\"has-medium-font-size\"><strong>Haltijanvaihdos<\/strong><\/p>\n\n\n\n<p>Koiran haltijuuden vaihtumisesta tulee ilmoittaa, kun koiran haltijuus vaihtuu pysyv\u00e4sti tai yli kolmen kuukauden ajaksi. Molempien osapuolien tulee tehd\u00e4 ilmoitus rekisteriin kuukauden kuluessa haltijan vaihdoksesta. Hyv\u00e4 toimintapa on hoitaa koiran haltijuuden vaihdos koiran luovutuksen yhteydess\u00e4. S\u00e4hk\u00f6isess\u00e4 asioinnissa koiran luovuttaja aloittaa haltijanvaihdoksen ja saa vaihtovarmenteen, jonka h\u00e4n antaa uudelle haltijalle. Uusi haltija saa koiran haltuunsa s\u00e4hk\u00f6isess\u00e4 asioinnissa tekem\u00e4ll\u00e4 haltijanvaihdoksen varmennetta k\u00e4ytt\u00e4en. Vaihtoehtoisesti voitte k\u00e4ytt\u00e4\u00e4 lomakeasiointia.&nbsp;<\/p>\n\n\n\n<p>Haltijuuden vaihtoon tarvitaan aina ilmoitus sek\u00e4 koiran edelliselt\u00e4 ett\u00e4 tulevalta haltijalta. Haltijuuden vaihdon yhteydess\u00e4 koiran uusi haltija maksaa koirasta rekister\u00f6intimaksun.<\/p>\n\n\n\n<p><a href=\"https:\/\/www.ruokavirasto.fi\/elaimet\/elaintenpito-tunnistaminen-ja-rekisterointi\/elainten-merkinta-ja-rekisterointi\/koirat-kissat-ja-fretit\/koirarekisteri\/\">Ruokavirasto &#8211; koirarekisteri<\/a><\/p>\n","protected":false},"excerpt":{"rendered":"<p>Koirarekisteriin tallennetaan asetuksessa 68\/2022 s\u00e4\u00e4detyt tiedot koiran haltijasta ja koirasta. Koiralle ilmoitetaan rekisteriin yksi haltija. Koirarekisteri ei ole omistajuusrekisteri. Ruokaviraston koirarekisterin s\u00e4hk\u00f6inen asiointipalvelu on soitteessa&nbsp;https:\/\/koirarekisteri.ruokavirasto.fi. Koirien merkinn\u00e4n ja rekister\u00f6innin vaatimukset lains\u00e4\u00e4d\u00e4nn\u00f6ss\u00e4\u00a0 Ennen 1.1.2023 syntyneet koirat 1.1.2023 j\u00e4lkeen syntyneet 1.1.2023 j\u00e4lkeen maahantuodut koirat Koiran ilmoittaminen rekisteriin (ensirekister\u00f6inti): Koiran rekister\u00f6imiseksi sill\u00e4 pit\u00e4\u00e4 olla mikrosiru Mikrosiruja asettavat tunnistusmerkitsij\u00e4t [&hellip;]<\/p>\n","protected":false},"author":13,"featured_media":387,"parent":0,"menu_order":0,"comment_status":"closed","ping_status":"closed","template":"","meta":{"_acf_changed":false,"footnotes":""},"class_list":["post-385","page","type-page","status-publish","has-post-thumbnail","hentry"],"acf":[],"yoast_head":"<!-- This site is optimized with the Yoast SEO plugin v27.1.1 - https:\/\/yoast.com\/product\/yoast-seo-wordpress\/ -->\n<title>Koirarekisteri - Joensuun el\u00e4insuojeluyhdistys<\/title>\n<meta name=\"robots\" content=\"index, follow, max-snippet:-1, max-image-preview:large, max-video-preview:-1\" \/>\n<link rel=\"canonical\" href=\"https:\/\/sey.fi\/joensuu\/koirarekisteri\/\" \/>\n<meta property=\"og:locale\" content=\"fi_FI\" \/>\n<meta property=\"og:type\" content=\"article\" \/>\n<meta property=\"og:title\" content=\"Koirarekisteri - Joensuun el\u00e4insuojeluyhdistys\" \/>\n<meta property=\"og:description\" content=\"Koirarekisteriin tallennetaan asetuksessa 68\/2022 s\u00e4\u00e4detyt tiedot koiran haltijasta ja koirasta. Koiralle ilmoitetaan rekisteriin yksi haltija. Koirarekisteri ei ole omistajuusrekisteri. Ruokaviraston koirarekisterin s\u00e4hk\u00f6inen asiointipalvelu on soitteessa&nbsp;https:\/\/koirarekisteri.ruokavirasto.fi. Koirien merkinn\u00e4n ja rekister\u00f6innin vaatimukset lains\u00e4\u00e4d\u00e4nn\u00f6ss\u00e4\u00a0 Ennen 1.1.2023 syntyneet koirat 1.1.2023 j\u00e4lkeen syntyneet 1.1.2023 j\u00e4lkeen maahantuodut koirat Koiran ilmoittaminen rekisteriin (ensirekister\u00f6inti): Koiran rekister\u00f6imiseksi sill\u00e4 pit\u00e4\u00e4 olla mikrosiru Mikrosiruja asettavat tunnistusmerkitsij\u00e4t [&hellip;]\" \/>\n<meta property=\"og:url\" content=\"https:\/\/sey.fi\/joensuu\/koirarekisteri\/\" \/>\n<meta property=\"og:site_name\" content=\"Joensuun el\u00e4insuojeluyhdistys\" \/>\n<meta property=\"article:modified_time\" content=\"2025-08-16T12:13:16+00:00\" \/>\n<meta property=\"og:image\" content=\"https:\/\/sey.fi\/wp-content\/uploads\/sites\/13\/2025\/04\/dog-3884646_1280.jpg\" \/>\n\t<meta property=\"og:image:width\" content=\"1280\" \/>\n\t<meta property=\"og:image:height\" content=\"853\" \/>\n\t<meta property=\"og:image:type\" content=\"image\/jpeg\" \/>\n<meta name=\"twitter:card\" content=\"summary_large_image\" \/>\n<meta name=\"twitter:label1\" content=\"Arvioitu lukuaika\" \/>\n\t<meta name=\"twitter:data1\" content=\"3 minuuttia\" \/>\n<script type=\"application\/ld+json\" class=\"yoast-schema-graph\">{\"@context\":\"https:\/\/schema.org\",\"@graph\":[{\"@type\":\"WebPage\",\"@id\":\"https:\/\/sey.fi\/joensuu\/koirarekisteri\/\",\"url\":\"https:\/\/sey.fi\/joensuu\/koirarekisteri\/\",\"name\":\"Koirarekisteri - Joensuun el\u00e4insuojeluyhdistys\",\"isPartOf\":{\"@id\":\"https:\/\/sey.fi\/joensuu\/#website\"},\"primaryImageOfPage\":{\"@id\":\"https:\/\/sey.fi\/joensuu\/koirarekisteri\/#primaryimage\"},\"image\":{\"@id\":\"https:\/\/sey.fi\/joensuu\/koirarekisteri\/#primaryimage\"},\"thumbnailUrl\":\"https:\/\/sey.fi\/wp-content\/uploads\/sites\/13\/2025\/04\/dog-3884646_1280.jpg\",\"datePublished\":\"2025-04-13T16:56:57+00:00\",\"dateModified\":\"2025-08-16T12:13:16+00:00\",\"breadcrumb\":{\"@id\":\"https:\/\/sey.fi\/joensuu\/koirarekisteri\/#breadcrumb\"},\"inLanguage\":\"fi\",\"potentialAction\":[{\"@type\":\"ReadAction\",\"target\":[\"https:\/\/sey.fi\/joensuu\/koirarekisteri\/\"]}]},{\"@type\":\"ImageObject\",\"inLanguage\":\"fi\",\"@id\":\"https:\/\/sey.fi\/joensuu\/koirarekisteri\/#primaryimage\",\"url\":\"https:\/\/sey.fi\/wp-content\/uploads\/sites\/13\/2025\/04\/dog-3884646_1280.jpg\",\"contentUrl\":\"https:\/\/sey.fi\/wp-content\/uploads\/sites\/13\/2025\/04\/dog-3884646_1280.jpg\",\"width\":1280,\"height\":853,\"caption\":\"Kuva: JackieLou-DL\"},{\"@type\":\"BreadcrumbList\",\"@id\":\"https:\/\/sey.fi\/joensuu\/koirarekisteri\/#breadcrumb\",\"itemListElement\":[{\"@type\":\"ListItem\",\"position\":1,\"name\":\"Home\",\"item\":\"https:\/\/sey.fi\/joensuu\/\"},{\"@type\":\"ListItem\",\"position\":2,\"name\":\"Koirarekisteri\"}]},{\"@type\":\"WebSite\",\"@id\":\"https:\/\/sey.fi\/joensuu\/#website\",\"url\":\"https:\/\/sey.fi\/joensuu\/\",\"name\":\"Joensuun el\u00e4insuojeluyhdistys\",\"description\":\"Uusi SEY J\u00e4senyhdistykset -sivusto\",\"potentialAction\":[{\"@type\":\"SearchAction\",\"target\":{\"@type\":\"EntryPoint\",\"urlTemplate\":\"https:\/\/sey.fi\/joensuu\/?s={search_term_string}\"},\"query-input\":{\"@type\":\"PropertyValueSpecification\",\"valueRequired\":true,\"valueName\":\"search_term_string\"}}],\"inLanguage\":\"fi\"}]}<\/script>\n<!-- \/ Yoast SEO plugin. -->","yoast_head_json":{"title":"Koirarekisteri - Joensuun el\u00e4insuojeluyhdistys","robots":{"index":"index","follow":"follow","max-snippet":"max-snippet:-1","max-image-preview":"max-image-preview:large","max-video-preview":"max-video-preview:-1"},"canonical":"https:\/\/sey.fi\/joensuu\/koirarekisteri\/","og_locale":"fi_FI","og_type":"article","og_title":"Koirarekisteri - Joensuun el\u00e4insuojeluyhdistys","og_description":"Koirarekisteriin tallennetaan asetuksessa 68\/2022 s\u00e4\u00e4detyt tiedot koiran haltijasta ja koirasta. Koiralle ilmoitetaan rekisteriin yksi haltija. Koirarekisteri ei ole omistajuusrekisteri. Ruokaviraston koirarekisterin s\u00e4hk\u00f6inen asiointipalvelu on soitteessa&nbsp;https:\/\/koirarekisteri.ruokavirasto.fi. Koirien merkinn\u00e4n ja rekister\u00f6innin vaatimukset lains\u00e4\u00e4d\u00e4nn\u00f6ss\u00e4\u00a0 Ennen 1.1.2023 syntyneet koirat 1.1.2023 j\u00e4lkeen syntyneet 1.1.2023 j\u00e4lkeen maahantuodut koirat Koiran ilmoittaminen rekisteriin (ensirekister\u00f6inti): Koiran rekister\u00f6imiseksi sill\u00e4 pit\u00e4\u00e4 olla mikrosiru Mikrosiruja asettavat tunnistusmerkitsij\u00e4t [&hellip;]","og_url":"https:\/\/sey.fi\/joensuu\/koirarekisteri\/","og_site_name":"Joensuun el\u00e4insuojeluyhdistys","article_modified_time":"2025-08-16T12:13:16+00:00","og_image":[{"width":1280,"height":853,"url":"https:\/\/sey.fi\/wp-content\/uploads\/sites\/13\/2025\/04\/dog-3884646_1280.jpg","type":"image\/jpeg"}],"twitter_card":"summary_large_image","twitter_misc":{"Arvioitu lukuaika":"3 minuuttia"},"schema":{"@context":"https:\/\/schema.org","@graph":[{"@type":"WebPage","@id":"https:\/\/sey.fi\/joensuu\/koirarekisteri\/","url":"https:\/\/sey.fi\/joensuu\/koirarekisteri\/","name":"Koirarekisteri - Joensuun el\u00e4insuojeluyhdistys","isPartOf":{"@id":"https:\/\/sey.fi\/joensuu\/#website"},"primaryImageOfPage":{"@id":"https:\/\/sey.fi\/joensuu\/koirarekisteri\/#primaryimage"},"image":{"@id":"https:\/\/sey.fi\/joensuu\/koirarekisteri\/#primaryimage"},"thumbnailUrl":"https:\/\/sey.fi\/wp-content\/uploads\/sites\/13\/2025\/04\/dog-3884646_1280.jpg","datePublished":"2025-04-13T16:56:57+00:00","dateModified":"2025-08-16T12:13:16+00:00","breadcrumb":{"@id":"https:\/\/sey.fi\/joensuu\/koirarekisteri\/#breadcrumb"},"inLanguage":"fi","potentialAction":[{"@type":"ReadAction","target":["https:\/\/sey.fi\/joensuu\/koirarekisteri\/"]}]},{"@type":"ImageObject","inLanguage":"fi","@id":"https:\/\/sey.fi\/joensuu\/koirarekisteri\/#primaryimage","url":"https:\/\/sey.fi\/wp-content\/uploads\/sites\/13\/2025\/04\/dog-3884646_1280.jpg","contentUrl":"https:\/\/sey.fi\/wp-content\/uploads\/sites\/13\/2025\/04\/dog-3884646_1280.jpg","width":1280,"height":853,"caption":"Kuva: JackieLou-DL"},{"@type":"BreadcrumbList","@id":"https:\/\/sey.fi\/joensuu\/koirarekisteri\/#breadcrumb","itemListElement":[{"@type":"ListItem","position":1,"name":"Home","item":"https:\/\/sey.fi\/joensuu\/"},{"@type":"ListItem","position":2,"name":"Koirarekisteri"}]},{"@type":"WebSite","@id":"https:\/\/sey.fi\/joensuu\/#website","url":"https:\/\/sey.fi\/joensuu\/","name":"Joensuun el\u00e4insuojeluyhdistys","description":"Uusi SEY J\u00e4senyhdistykset -sivusto","potentialAction":[{"@type":"SearchAction","target":{"@type":"EntryPoint","urlTemplate":"https:\/\/sey.fi\/joensuu\/?s={search_term_string}"},"query-input":{"@type":"PropertyValueSpecification","valueRequired":true,"valueName":"search_term_string"}}],"inLanguage":"fi"}]}},"_links":{"self":[{"href":"https:\/\/sey.fi\/joensuu\/wp-json\/wp\/v2\/pages\/385","targetHints":{"allow":["GET"]}}],"collection":[{"href":"https:\/\/sey.fi\/joensuu\/wp-json\/wp\/v2\/pages"}],"about":[{"href":"https:\/\/sey.fi\/joensuu\/wp-json\/wp\/v2\/types\/page"}],"author":[{"embeddable":true,"href":"https:\/\/sey.fi\/joensuu\/wp-json\/wp\/v2\/users\/13"}],"replies":[{"embeddable":true,"href":"https:\/\/sey.fi\/joensuu\/wp-json\/wp\/v2\/comments?post=385"}],"version-history":[{"count":15,"href":"https:\/\/sey.fi\/joensuu\/wp-json\/wp\/v2\/pages\/385\/revisions"}],"predecessor-version":[{"id":663,"href":"https:\/\/sey.fi\/joensuu\/wp-json\/wp\/v2\/pages\/385\/revisions\/663"}],"wp:featuredmedia":[{"embeddable":true,"href":"https:\/\/sey.fi\/joensuu\/wp-json\/wp\/v2\/media\/387"}],"wp:attachment":[{"href":"https:\/\/sey.fi\/joensuu\/wp-json\/wp\/v2\/media?parent=385"}],"curies":[{"name":"wp","href":"https:\/\/api.w.org\/{rel}","templated":true}]}}