{"id":612,"date":"2025-08-14T21:32:21","date_gmt":"2025-08-14T18:32:21","guid":{"rendered":"https:\/\/sey.fi\/joensuu\/?page_id=612"},"modified":"2025-08-14T23:13:43","modified_gmt":"2025-08-14T20:13:43","slug":"eettiset-periaatteet","status":"publish","type":"page","link":"https:\/\/sey.fi\/joensuu\/joensuun-elainsuojeluyhdistys\/yhdistys\/eettiset-periaatteet\/","title":{"rendered":"Eettiset periaatteet"},"content":{"rendered":"\n<p><strong>Joensuun el\u00e4insuojeluyhdistys ry:n eettiset periaatteet pohjautuvat Suomen el\u00e4insuojeluliiton (SEY) ohjeisiin<\/strong> (<a href=\"https:\/\/sey.fi\/toimijoille\/seyn-yhdistyksen-eettiset-ohjeet\/\" target=\"_blank\" rel=\"noreferrer noopener\">J\u00e4senyhdistysten eettiset ohjeet<\/a>) <strong>sek\u00e4 SEY:n j\u00e4senyhdistysten yhteisty\u00f6ss\u00e4 koostamiin<\/strong> <a href=\"https:\/\/sey.fi\/wp-content\/uploads\/2020\/09\/liiton-johtavat-ajatukset-hyv%C3%A4ksytty-2013.pdf\" target=\"_blank\" rel=\"noreferrer noopener\">Liiton johtaviin ajatuksiin<\/a>.<\/p>\n\n\n\n<p><strong>Arjessa meit\u00e4 ohjaavat liiton arvot: el\u00e4inten kunnioittaminen, asiantuntemus ja yhteisty\u00f6kykyisyys.<\/strong><\/p>\n\n\n\n<hr class=\"wp-block-separator has-alpha-channel-opacity\" \/>\n\n\n\n<p>Joensuun el\u00e4insuojeluyhdistyksen vapaaehtoisten on k\u00e4ytt\u00e4ydytt\u00e4v\u00e4 sek\u00e4 toimessaan ett\u00e4 yksityisel\u00e4m\u00e4ss\u00e4\u00e4n teht\u00e4v\u00e4ns\u00e4 edellytt\u00e4m\u00e4ll\u00e4 tavalla siten, ettei yhdistyksen tai SEY:n arvo siit\u00e4 k\u00e4rsi.<\/p>\n\n\n\n<p>Yhdistys jakaa tietoa el\u00e4imist\u00e4, niiden hyvinvoinnista, lajinmukaisista k\u00e4ytt\u00e4ytymistarpeista, hyv\u00e4st\u00e4 el\u00e4inten pidosta, el\u00e4insuojeluongelmien ehk\u00e4isyst\u00e4 ja ratkaisemisesta sek\u00e4 el\u00e4inten moraalisesta arvosta.<\/p>\n\n\n\n<p>Vapaaehtoisty\u00f6n perustana on el\u00e4inten kunnioitus ja arvostus. Kuka tahansa voi toimia vapaaehtoisena. Joensuun el\u00e4insuojeluyhdistys ry on voittoa tavoittelematon, joten vapaaehtoiset eiv\u00e4t saa ty\u00f6st\u00e4\u00e4n rahallista korvausta.<\/p>\n\n\n\n<p><strong>Joensuun el\u00e4insuojeluyhdistys ry ei ole viranomaistaho<\/strong>, eik\u00e4 t\u00e4m\u00e4n vuoksi voi antaa m\u00e4\u00e4r\u00e4yksi\u00e4. Yhdistys neuvoo ja ohjaa ihmisi\u00e4 el\u00e4inten parempaan kohteluun. Vakavissa el\u00e4insuojelullisissa tapauksissa asian hoitaminen siirret\u00e4\u00e4n el\u00e4insuojeluviranomaisten hoidettavaksi. Lain mukaan n\u00e4it\u00e4 viranomaisia ovat: kunnan- ja kaupunginel\u00e4inl\u00e4\u00e4k\u00e4rit, valvontael\u00e4inl\u00e4\u00e4k\u00e4rit, l\u00e4\u00e4ninel\u00e4inl\u00e4\u00e4k\u00e4rit, terveystarkastajat ja poliisit.<\/p>\n\n\n\n<p><strong>Joensuun el\u00e4insuojeluyhdistys ry on vaitiolovelvollinen vapaaehtoisty\u00f6ss\u00e4 kohtaamistaan luottamuksellisista asioista.<\/strong> Vaitiolovelvollisuuden alaisia tietoja voi yhdistystoiminnan puitteissa tulla esiin esimerkiksi seuraavissa yhteyksiss\u00e4:<\/p>\n\n\n\n<ul class=\"wp-block-list\">\n<li>tiedot yksityisen henkil\u00f6n henkil\u00f6kohtaisista oloista<\/li>\n\n\n\n<li>yritysyhteisty\u00f6h\u00f6n liittyv\u00e4t tiedot<\/li>\n\n\n\n<li>yhdistysten vapaaehtoisiin liittyv\u00e4t tiedot<\/li>\n\n\n\n<li>kodittomat lemmikit ja sijaiskotitoiminta<\/li>\n\n\n\n<li>mahdollinen asiointi el\u00e4insuojeluviranomaisten kanssa<\/li>\n<\/ul>\n\n\n\n<p><strong>Vaitiolovelvollisuus ei kuitenkaan koske tietojen tai asiakirjojen antamista viranomaisille.<\/strong><\/p>\n","protected":false},"excerpt":{"rendered":"<p>Joensuun el\u00e4insuojeluyhdistys ry:n eettiset periaatteet pohjautuvat Suomen el\u00e4insuojeluliiton (SEY) ohjeisiin (J\u00e4senyhdistysten eettiset ohjeet) sek\u00e4 SEY:n j\u00e4senyhdistysten yhteisty\u00f6ss\u00e4 koostamiin Liiton johtaviin ajatuksiin. Arjessa meit\u00e4 ohjaavat liiton arvot: el\u00e4inten kunnioittaminen, asiantuntemus ja yhteisty\u00f6kykyisyys. Joensuun el\u00e4insuojeluyhdistyksen vapaaehtoisten on k\u00e4ytt\u00e4ydytt\u00e4v\u00e4 sek\u00e4 toimessaan ett\u00e4 yksityisel\u00e4m\u00e4ss\u00e4\u00e4n teht\u00e4v\u00e4ns\u00e4 edellytt\u00e4m\u00e4ll\u00e4 tavalla siten, ettei yhdistyksen tai SEY:n arvo siit\u00e4 k\u00e4rsi. Yhdistys jakaa tietoa el\u00e4imist\u00e4, [&hellip;]<\/p>\n","protected":false},"author":8,"featured_media":0,"parent":79,"menu_order":0,"comment_status":"closed","ping_status":"closed","template":"","meta":{"_acf_changed":false,"footnotes":""},"class_list":["post-612","page","type-page","status-publish","hentry"],"acf":[],"yoast_head":"<!-- This site is optimized with the Yoast SEO plugin v27.1.1 - https:\/\/yoast.com\/product\/yoast-seo-wordpress\/ -->\n<title>Eettiset periaatteet - Joensuun el\u00e4insuojeluyhdistys<\/title>\n<meta name=\"robots\" content=\"index, follow, max-snippet:-1, max-image-preview:large, max-video-preview:-1\" \/>\n<link rel=\"canonical\" href=\"https:\/\/sey.fi\/joensuu\/joensuun-elainsuojeluyhdistys\/yhdistys\/eettiset-periaatteet\/\" \/>\n<meta property=\"og:locale\" content=\"fi_FI\" \/>\n<meta property=\"og:type\" content=\"article\" \/>\n<meta property=\"og:title\" content=\"Eettiset periaatteet - Joensuun el\u00e4insuojeluyhdistys\" \/>\n<meta property=\"og:description\" content=\"Joensuun el\u00e4insuojeluyhdistys ry:n eettiset periaatteet pohjautuvat Suomen el\u00e4insuojeluliiton (SEY) ohjeisiin (J\u00e4senyhdistysten eettiset ohjeet) sek\u00e4 SEY:n j\u00e4senyhdistysten yhteisty\u00f6ss\u00e4 koostamiin Liiton johtaviin ajatuksiin. Arjessa meit\u00e4 ohjaavat liiton arvot: el\u00e4inten kunnioittaminen, asiantuntemus ja yhteisty\u00f6kykyisyys. Joensuun el\u00e4insuojeluyhdistyksen vapaaehtoisten on k\u00e4ytt\u00e4ydytt\u00e4v\u00e4 sek\u00e4 toimessaan ett\u00e4 yksityisel\u00e4m\u00e4ss\u00e4\u00e4n teht\u00e4v\u00e4ns\u00e4 edellytt\u00e4m\u00e4ll\u00e4 tavalla siten, ettei yhdistyksen tai SEY:n arvo siit\u00e4 k\u00e4rsi. Yhdistys jakaa tietoa el\u00e4imist\u00e4, [&hellip;]\" \/>\n<meta property=\"og:url\" content=\"https:\/\/sey.fi\/joensuu\/joensuun-elainsuojeluyhdistys\/yhdistys\/eettiset-periaatteet\/\" \/>\n<meta property=\"og:site_name\" content=\"Joensuun el\u00e4insuojeluyhdistys\" \/>\n<meta property=\"article:modified_time\" content=\"2025-08-14T20:13:43+00:00\" \/>\n<meta name=\"twitter:card\" content=\"summary_large_image\" \/>\n<meta name=\"twitter:label1\" content=\"Arvioitu lukuaika\" \/>\n\t<meta name=\"twitter:data1\" content=\"2 minuuttia\" \/>\n<script type=\"application\/ld+json\" class=\"yoast-schema-graph\">{\"@context\":\"https:\/\/schema.org\",\"@graph\":[{\"@type\":\"WebPage\",\"@id\":\"https:\/\/sey.fi\/joensuu\/joensuun-elainsuojeluyhdistys\/yhdistys\/eettiset-periaatteet\/\",\"url\":\"https:\/\/sey.fi\/joensuu\/joensuun-elainsuojeluyhdistys\/yhdistys\/eettiset-periaatteet\/\",\"name\":\"Eettiset periaatteet - Joensuun el\u00e4insuojeluyhdistys\",\"isPartOf\":{\"@id\":\"https:\/\/sey.fi\/joensuu\/#website\"},\"datePublished\":\"2025-08-14T18:32:21+00:00\",\"dateModified\":\"2025-08-14T20:13:43+00:00\",\"breadcrumb\":{\"@id\":\"https:\/\/sey.fi\/joensuu\/joensuun-elainsuojeluyhdistys\/yhdistys\/eettiset-periaatteet\/#breadcrumb\"},\"inLanguage\":\"fi\",\"potentialAction\":[{\"@type\":\"ReadAction\",\"target\":[\"https:\/\/sey.fi\/joensuu\/joensuun-elainsuojeluyhdistys\/yhdistys\/eettiset-periaatteet\/\"]}]},{\"@type\":\"BreadcrumbList\",\"@id\":\"https:\/\/sey.fi\/joensuu\/joensuun-elainsuojeluyhdistys\/yhdistys\/eettiset-periaatteet\/#breadcrumb\",\"itemListElement\":[{\"@type\":\"ListItem\",\"position\":1,\"name\":\"Home\",\"item\":\"https:\/\/sey.fi\/joensuu\/\"},{\"@type\":\"ListItem\",\"position\":2,\"name\":\"Joensuun el\u00e4insuojeluyhdistys\",\"item\":\"https:\/\/sey.fi\/joensuu\/\"},{\"@type\":\"ListItem\",\"position\":3,\"name\":\"Yhdistys\",\"item\":\"https:\/\/sey.fi\/joensuu\/joensuun-elainsuojeluyhdistys\/yhdistys\/\"},{\"@type\":\"ListItem\",\"position\":4,\"name\":\"Eettiset periaatteet\"}]},{\"@type\":\"WebSite\",\"@id\":\"https:\/\/sey.fi\/joensuu\/#website\",\"url\":\"https:\/\/sey.fi\/joensuu\/\",\"name\":\"Joensuun el\u00e4insuojeluyhdistys\",\"description\":\"Uusi SEY J\u00e4senyhdistykset -sivusto\",\"potentialAction\":[{\"@type\":\"SearchAction\",\"target\":{\"@type\":\"EntryPoint\",\"urlTemplate\":\"https:\/\/sey.fi\/joensuu\/?s={search_term_string}\"},\"query-input\":{\"@type\":\"PropertyValueSpecification\",\"valueRequired\":true,\"valueName\":\"search_term_string\"}}],\"inLanguage\":\"fi\"}]}<\/script>\n<!-- \/ Yoast SEO plugin. -->","yoast_head_json":{"title":"Eettiset periaatteet - Joensuun el\u00e4insuojeluyhdistys","robots":{"index":"index","follow":"follow","max-snippet":"max-snippet:-1","max-image-preview":"max-image-preview:large","max-video-preview":"max-video-preview:-1"},"canonical":"https:\/\/sey.fi\/joensuu\/joensuun-elainsuojeluyhdistys\/yhdistys\/eettiset-periaatteet\/","og_locale":"fi_FI","og_type":"article","og_title":"Eettiset periaatteet - Joensuun el\u00e4insuojeluyhdistys","og_description":"Joensuun el\u00e4insuojeluyhdistys ry:n eettiset periaatteet pohjautuvat Suomen el\u00e4insuojeluliiton (SEY) ohjeisiin (J\u00e4senyhdistysten eettiset ohjeet) sek\u00e4 SEY:n j\u00e4senyhdistysten yhteisty\u00f6ss\u00e4 koostamiin Liiton johtaviin ajatuksiin. Arjessa meit\u00e4 ohjaavat liiton arvot: el\u00e4inten kunnioittaminen, asiantuntemus ja yhteisty\u00f6kykyisyys. Joensuun el\u00e4insuojeluyhdistyksen vapaaehtoisten on k\u00e4ytt\u00e4ydytt\u00e4v\u00e4 sek\u00e4 toimessaan ett\u00e4 yksityisel\u00e4m\u00e4ss\u00e4\u00e4n teht\u00e4v\u00e4ns\u00e4 edellytt\u00e4m\u00e4ll\u00e4 tavalla siten, ettei yhdistyksen tai SEY:n arvo siit\u00e4 k\u00e4rsi. Yhdistys jakaa tietoa el\u00e4imist\u00e4, [&hellip;]","og_url":"https:\/\/sey.fi\/joensuu\/joensuun-elainsuojeluyhdistys\/yhdistys\/eettiset-periaatteet\/","og_site_name":"Joensuun el\u00e4insuojeluyhdistys","article_modified_time":"2025-08-14T20:13:43+00:00","twitter_card":"summary_large_image","twitter_misc":{"Arvioitu lukuaika":"2 minuuttia"},"schema":{"@context":"https:\/\/schema.org","@graph":[{"@type":"WebPage","@id":"https:\/\/sey.fi\/joensuu\/joensuun-elainsuojeluyhdistys\/yhdistys\/eettiset-periaatteet\/","url":"https:\/\/sey.fi\/joensuu\/joensuun-elainsuojeluyhdistys\/yhdistys\/eettiset-periaatteet\/","name":"Eettiset periaatteet - Joensuun el\u00e4insuojeluyhdistys","isPartOf":{"@id":"https:\/\/sey.fi\/joensuu\/#website"},"datePublished":"2025-08-14T18:32:21+00:00","dateModified":"2025-08-14T20:13:43+00:00","breadcrumb":{"@id":"https:\/\/sey.fi\/joensuu\/joensuun-elainsuojeluyhdistys\/yhdistys\/eettiset-periaatteet\/#breadcrumb"},"inLanguage":"fi","potentialAction":[{"@type":"ReadAction","target":["https:\/\/sey.fi\/joensuu\/joensuun-elainsuojeluyhdistys\/yhdistys\/eettiset-periaatteet\/"]}]},{"@type":"BreadcrumbList","@id":"https:\/\/sey.fi\/joensuu\/joensuun-elainsuojeluyhdistys\/yhdistys\/eettiset-periaatteet\/#breadcrumb","itemListElement":[{"@type":"ListItem","position":1,"name":"Home","item":"https:\/\/sey.fi\/joensuu\/"},{"@type":"ListItem","position":2,"name":"Joensuun el\u00e4insuojeluyhdistys","item":"https:\/\/sey.fi\/joensuu\/"},{"@type":"ListItem","position":3,"name":"Yhdistys","item":"https:\/\/sey.fi\/joensuu\/joensuun-elainsuojeluyhdistys\/yhdistys\/"},{"@type":"ListItem","position":4,"name":"Eettiset periaatteet"}]},{"@type":"WebSite","@id":"https:\/\/sey.fi\/joensuu\/#website","url":"https:\/\/sey.fi\/joensuu\/","name":"Joensuun el\u00e4insuojeluyhdistys","description":"Uusi SEY J\u00e4senyhdistykset -sivusto","potentialAction":[{"@type":"SearchAction","target":{"@type":"EntryPoint","urlTemplate":"https:\/\/sey.fi\/joensuu\/?s={search_term_string}"},"query-input":{"@type":"PropertyValueSpecification","valueRequired":true,"valueName":"search_term_string"}}],"inLanguage":"fi"}]}},"_links":{"self":[{"href":"https:\/\/sey.fi\/joensuu\/wp-json\/wp\/v2\/pages\/612","targetHints":{"allow":["GET"]}}],"collection":[{"href":"https:\/\/sey.fi\/joensuu\/wp-json\/wp\/v2\/pages"}],"about":[{"href":"https:\/\/sey.fi\/joensuu\/wp-json\/wp\/v2\/types\/page"}],"author":[{"embeddable":true,"href":"https:\/\/sey.fi\/joensuu\/wp-json\/wp\/v2\/users\/8"}],"replies":[{"embeddable":true,"href":"https:\/\/sey.fi\/joensuu\/wp-json\/wp\/v2\/comments?post=612"}],"version-history":[{"count":7,"href":"https:\/\/sey.fi\/joensuu\/wp-json\/wp\/v2\/pages\/612\/revisions"}],"predecessor-version":[{"id":633,"href":"https:\/\/sey.fi\/joensuu\/wp-json\/wp\/v2\/pages\/612\/revisions\/633"}],"up":[{"embeddable":true,"href":"https:\/\/sey.fi\/joensuu\/wp-json\/wp\/v2\/pages\/79"}],"wp:attachment":[{"href":"https:\/\/sey.fi\/joensuu\/wp-json\/wp\/v2\/media?parent=612"}],"curies":[{"name":"wp","href":"https:\/\/api.w.org\/{rel}","templated":true}]}}