{"id":664,"date":"2025-08-16T15:15:41","date_gmt":"2025-08-16T12:15:41","guid":{"rendered":"https:\/\/sey.fi\/joensuu\/?page_id=664"},"modified":"2025-08-16T17:11:58","modified_gmt":"2025-08-16T14:11:58","slug":"lemmikki-karkuteilla","status":"publish","type":"page","link":"https:\/\/sey.fi\/joensuu\/lemmikki-karkuteilla\/","title":{"rendered":"Lemmikki karkuteill\u00e4"},"content":{"rendered":"\n<p class=\"has-medium-font-size\">Lemmikin katoaminen saattaa olla pelottavaa ja omistajalla lemmikist\u00e4\u00e4n suuri h\u00e4t\u00e4. <strong>Ensimm\u00e4inen ohje tilanteessa on hengitt\u00e4\u00e4 syv\u00e4\u00e4n ja yritt\u00e4\u00e4 rauhoittua.<\/strong> Omistajan ollessa kiihtyneess\u00e4 mielentilassa lemmikki voi pel\u00e4sty\u00e4 tilannetta.<\/p>\n\n\n\n<p class=\"has-medium-font-size\"><strong>Ensimm\u00e4iset tunnit ovat lemmikin l\u00f6yt\u00e4misen kannalta t\u00e4rkeimm\u00e4t.<\/strong> Heti toimiminen on t\u00e4rke\u00e4\u00e4, koska mahdollisuudet lemmikin l\u00f6ytymiseen on t\u00e4ll\u00f6in parhaimmat.<\/p>\n\n\n\n<p class=\"has-medium-font-size\"><strong>Omistajan l\u00e4sn\u00e4olo:<\/strong><\/p>\n\n\n\n<p>Useimmiten kadonneet lemmikit ovat kissoja ja koiria. Molempien etsinn\u00e4ss\u00e4 t\u00e4rkeimp\u00e4n\u00e4 on omistajan l\u00e4sn\u00e4olo. Lemmikki voi olla peloissaan, joten omistajan \u00e4\u00e4ni rauhoittaa ja pit\u00e4\u00e4 lemmikin l\u00e4hell\u00e4. Vieraiden ihmisten huhuilu voi pelottaa lemmikki\u00e4 ja ajaa t\u00e4t\u00e4 kauemmas katoamispaikasta. Omistaja voi rauhallisesti kutsua lemmikki\u00e4\u00e4n ja jutella \u00e4\u00e4neen niit\u00e4 n\u00e4it\u00e4 tavallisella \u00e4\u00e4nens\u00e4vyll\u00e4. Muut mukana olevat etsij\u00e4t toimivat l\u00e4hinn\u00e4 vain tarkkailijoina, jos lemmikist\u00e4 saadaan n\u00e4k\u00f6havaintoja.<\/p>\n\n\n\n<p>Kysy rohkeasti ohikulkijoilta my\u00f6s n\u00e4k\u00f6havaintoja!<\/p>\n\n\n\n<p class=\"has-medium-font-size\"><strong>Sis\u00e4kissan karkaamisen erityishuomioita:<\/strong><\/p>\n\n\n\n<p>Sis\u00e4kissat harvoin l\u00e4htee heti kauas katoamispaikasta. Usein kissa hakeutuu l\u00e4himp\u00e4\u00e4n turvalliseen piilopaikkaan ja saattaa olla siell\u00e4 niin pitk\u00e4\u00e4n, kunnes alueen liikenne rauhoittuu esim. ilta\/y\u00f6aikaan. Rohkeammat kissat saattavat tutkia l\u00e4himaastoa, mutta harvoin l\u00e4htev\u00e4t todella kauas katoamispaikasta heti ensimm\u00e4isen\u00e4 katoamisp\u00e4iv\u00e4n\u00e4 (Poikkeuksena tilanteet, joissa kissa voi s\u00e4ik\u00e4ht\u00e4\u00e4 ja juosta kauemmas). <\/p>\n\n\n\n<p><strong>Iltah\u00e4m\u00e4r\u00e4ll\u00e4 kissansilm\u00e4t ovat helppo havaita taskulampulla, jo kaukaa!<\/strong> Tutki kaikki kolot, talojen rakenteet ja puskat taskulampun avulla.<\/p>\n\n\n\n<p class=\"has-medium-font-size\"><strong>Lemmikin houkuttelu takaisin kotiin:<\/strong><\/p>\n\n\n\n<p>Laita ulos l\u00e4helle kotia jotain lemmikille tuttua tuoksua, kuten oma peti tai omistajan p\u00e4\u00e4ll\u00e4 ollut vaate. Ulos kannattaa j\u00e4tt\u00e4\u00e4 my\u00f6s jotain voimakkaasti tuoksuvaa ruokaa, kuten m\u00e4rk\u00e4ruokaa tai tonnikalaa.<\/p>\n\n\n\n<p>Hajuj\u00e4lkien tekeminen on my\u00f6s tehokas tapa saada juuri karannut lemmikki kotiin\/loukkuun. Hajuj\u00e4lkien tekemiseen on useita tapoja. N\u00e4iden tekemiseen neuvoa voi kysy\u00e4 Joensuun el\u00e4insuojeluyhdistykselt\u00e4. T\u00e4rke\u00e4\u00e4 on, ett\u00e4 j\u00e4lki\u00e4 tehd\u00e4\u00e4n suunnitellusti, jotta j\u00e4ljet eiv\u00e4t sekoita lemmikin suuntaa takaisin kotiin, siksi ohjeiden kysyminen kannattaa.<\/p>\n\n\n\n<p class=\"has-medium-font-size\"><strong>Kiinniottotavat:<\/strong><\/p>\n\n\n\n<p>Jos mahdollista, niin j\u00e4t\u00e4 kodin ulko-ovi auki illaksi\/y\u00f6ksi.<\/p>\n\n\n\n<p>Jos lemmikill\u00e4 ei ole kunnon kulkuyhteytt\u00e4 takaisin kotiin, tai lemmikist\u00e4 on saatu n\u00e4k\u00f6havainto jo kauempaa kodista, Joensuun el\u00e4insuojeluyhdityksell\u00e4 on loukkuja, jotka ei vahingoita lemmikki\u00e4. N\u00e4it\u00e4 voi lainata panttia vastaan. Yhdistys ohjeistaa loukun k\u00e4ytt\u00f6\u00f6n. Loukut soveltuvat p\u00e4\u00e4asiassa <strong>kissojen loukuttamiseen<\/strong> niiden koon vuoksi.<\/p>\n\n\n\n<p><strong>Jos saat lemmikkiin n\u00e4k\u00f6yhteyden, \u00e4l\u00e4 l\u00e4hesty sit\u00e4 liian nopein liikkein ja pysy rauhallisena! <\/strong>Omistajan p\u00e4\u00e4sty\u00e4 lemmikin l\u00e4hettyville, asetu alas (kyykkyyn tai istumaan). Houkuttele lemmikki\u00e4 luokse rauhallisesti puhumalla ja houkuttele herkuilla. Jos lemmikki l\u00e4hestyy sinua, voit yritt\u00e4\u00e4 ensin hieman silitt\u00e4\u00e4 lemmikki\u00e4 rauhallisesti ja antaa t\u00e4lle herkkuja. Kun lemmikki on tarpeeksi l\u00e4hell\u00e4 ja rauhallinen, ota lemmikki rauhallisin elein syliin napakkaan otteeseen. Tarvittaessa otetta syliss\u00e4 voi tehostaa ottamalla hell\u00e4 ote lemmikist\u00e4 niskasta (EI NOSTAMALLA!) tai koirilta kaulapannasta. Jos mukana kantokoppa, niin laita lemmikki koppaan, jotta lemmikki ei p\u00e4\u00e4sisi uudelleen karkaamaan. Isompien koirien kohdalla t\u00e4ss\u00e4 vaiheessa voi asentaa talutushihnan. Muista puhua lemmikille koko ajan rauhoittavasti.<\/p>\n\n\n\n<p class=\"has-medium-font-size\"><strong>Pohjois-Karjalan alueella on olemassa toimiva Facebook ryhm\u00e4<\/strong> (<a href=\"https:\/\/www.facebook.com\/groups\/1011217416037064?locale=fi_FI\">Kadonneet ja l\u00f6ytyneet lemmikit Pohjois-Karjala<\/a>), jonne voit ilmoittaa lemmikin kadonneeksi. <\/p>\n\n\n\n<p>Lis\u00e4\u00e4 julkaisuun:<\/p>\n\n\n\n<ul class=\"wp-block-list\">\n<li>Sijainti (my\u00f6s paikkakunta)<\/li>\n<\/ul>\n\n\n\n<ul class=\"wp-block-list\">\n<li>P\u00e4iv\u00e4m\u00e4\u00e4r\u00e4, kellonaika<\/li>\n<\/ul>\n\n\n\n<ul class=\"wp-block-list\">\n<li>Yhteystiedot<\/li>\n<\/ul>\n\n\n\n<ul class=\"wp-block-list\">\n<li>Tuntomerkit ja kuva lemmikist\u00e4 (\u00e4l\u00e4 mainitse lemmikin nime\u00e4)<\/li>\n<\/ul>\n\n\n\n<p class=\"has-medium-font-size\" style=\"font-style:normal;font-weight:700\">Ilmoita lemmikki kadonneeksi l\u00f6yt\u00f6el\u00e4invastaanottoon.<\/p>\n\n\n\n<p>L\u00f6yd\u00e4t Pohjois-Karjalan alueiden l\u00f6yt\u00f6el\u00e4invastaanotot ja hoitolat <a href=\"https:\/\/www.siunsote.fi\/palvelut\/ymparistoterveys\/elainsuojelu\/loytoelaimet\/\">t\u00e4\u00e4lt\u00e4<\/a>.<\/p>\n\n\n\n<p class=\"has-small-font-size\"><em>Talteen otettua el\u00e4int\u00e4 s\u00e4ilytet\u00e4\u00e4n v\u00e4hint\u00e4\u00e4n 15 p\u00e4iv\u00e4n ajan. T\u00e4m\u00e4n j\u00e4lkeen el\u00e4in voidaan myyd\u00e4, muutoin luovuttaa tai lopettaa. El\u00e4imen omistajalta tai haltijalta voidaan peri\u00e4 korvaus el\u00e4imen talteenotosta, hoidosta ja mahdollisesta lopettamisesta aiheutuneista kustannuksista.<\/em> (Siun sote)<\/p>\n\n\n\n<p class=\"has-medium-font-size\"><strong>Jos lemmikki\u00e4 ei l\u00f6ydet\u00e4 ensimm\u00e4isen vuorokauden aikana, olisi suositeltavaa alkaa jakamaan katoamisilmoituksia lemmikist\u00e4<\/strong>:<\/p>\n\n\n\n<p>Katoamisilmoitukset ovat todettu eritt\u00e4in hy\u00f6dylliseksi tavaksi saada n\u00e4k\u00f6havaintoja kadonneesta lemmikist\u00e4. Katoamisilmoituksia voi laittaa k\u00e4velyteiden varsille l\u00e4helle katoamispaikkaa tai viimeisimpi\u00e4 n\u00e4k\u00f6havaintopaikkoja. (Huom. Pist\u00e4 muistiin minne katoamisilmoituksia on laitettu, jotta niiden pois ottaminen olisi sujuvampaa lemmikin l\u00f6ydytty\u00e4!)<\/p>\n\n\n\n<p><strong>Pikaohjeet:<\/strong><\/p>\n\n\n\n<figure class=\"wp-block-image size-large\"><img loading=\"lazy\" decoding=\"async\" width=\"1024\" height=\"256\" src=\"https:\/\/sey.fi\/wp-content\/uploads\/sites\/13\/2025\/08\/Lisaa-vahan-leipatekstia-2-1024x256.jpg\" alt=\"\" class=\"wp-image-678\" srcset=\"https:\/\/sey.fi\/wp-content\/uploads\/sites\/13\/2025\/08\/Lisaa-vahan-leipatekstia-2-1024x256.jpg 1024w, https:\/\/sey.fi\/wp-content\/uploads\/sites\/13\/2025\/08\/Lisaa-vahan-leipatekstia-2-300x75.jpg 300w, https:\/\/sey.fi\/wp-content\/uploads\/sites\/13\/2025\/08\/Lisaa-vahan-leipatekstia-2-768x192.jpg 768w, https:\/\/sey.fi\/wp-content\/uploads\/sites\/13\/2025\/08\/Lisaa-vahan-leipatekstia-2-1536x384.jpg 1536w, https:\/\/sey.fi\/wp-content\/uploads\/sites\/13\/2025\/08\/Lisaa-vahan-leipatekstia-2.jpg 1584w\" sizes=\"auto, (max-width: 1024px) 100vw, 1024px\" \/><\/figure>\n","protected":false},"excerpt":{"rendered":"<p>Lemmikin katoaminen saattaa olla pelottavaa ja omistajalla lemmikist\u00e4\u00e4n suuri h\u00e4t\u00e4. Ensimm\u00e4inen ohje tilanteessa on hengitt\u00e4\u00e4 syv\u00e4\u00e4n ja yritt\u00e4\u00e4 rauhoittua. Omistajan ollessa kiihtyneess\u00e4 mielentilassa lemmikki voi pel\u00e4sty\u00e4 tilannetta. Ensimm\u00e4iset tunnit ovat lemmikin l\u00f6yt\u00e4misen kannalta t\u00e4rkeimm\u00e4t. Heti toimiminen on t\u00e4rke\u00e4\u00e4, koska mahdollisuudet lemmikin l\u00f6ytymiseen on t\u00e4ll\u00f6in parhaimmat. Omistajan l\u00e4sn\u00e4olo: Useimmiten kadonneet lemmikit ovat kissoja ja koiria. Molempien [&hellip;]<\/p>\n","protected":false},"author":13,"featured_media":480,"parent":0,"menu_order":0,"comment_status":"closed","ping_status":"closed","template":"","meta":{"_acf_changed":false,"footnotes":""},"class_list":["post-664","page","type-page","status-publish","has-post-thumbnail","hentry"],"acf":[],"yoast_head":"<!-- This site is optimized with the Yoast SEO plugin v27.1.1 - https:\/\/yoast.com\/product\/yoast-seo-wordpress\/ -->\n<title>Lemmikki karkuteill\u00e4 - Joensuun el\u00e4insuojeluyhdistys<\/title>\n<meta name=\"robots\" content=\"index, follow, max-snippet:-1, max-image-preview:large, max-video-preview:-1\" \/>\n<link rel=\"canonical\" href=\"https:\/\/sey.fi\/joensuu\/lemmikki-karkuteilla\/\" \/>\n<meta property=\"og:locale\" content=\"fi_FI\" \/>\n<meta property=\"og:type\" content=\"article\" \/>\n<meta property=\"og:title\" content=\"Lemmikki karkuteill\u00e4 - Joensuun el\u00e4insuojeluyhdistys\" \/>\n<meta property=\"og:description\" content=\"Lemmikin katoaminen saattaa olla pelottavaa ja omistajalla lemmikist\u00e4\u00e4n suuri h\u00e4t\u00e4. Ensimm\u00e4inen ohje tilanteessa on hengitt\u00e4\u00e4 syv\u00e4\u00e4n ja yritt\u00e4\u00e4 rauhoittua. Omistajan ollessa kiihtyneess\u00e4 mielentilassa lemmikki voi pel\u00e4sty\u00e4 tilannetta. Ensimm\u00e4iset tunnit ovat lemmikin l\u00f6yt\u00e4misen kannalta t\u00e4rkeimm\u00e4t. Heti toimiminen on t\u00e4rke\u00e4\u00e4, koska mahdollisuudet lemmikin l\u00f6ytymiseen on t\u00e4ll\u00f6in parhaimmat. Omistajan l\u00e4sn\u00e4olo: Useimmiten kadonneet lemmikit ovat kissoja ja koiria. Molempien [&hellip;]\" \/>\n<meta property=\"og:url\" content=\"https:\/\/sey.fi\/joensuu\/lemmikki-karkuteilla\/\" \/>\n<meta property=\"og:site_name\" content=\"Joensuun el\u00e4insuojeluyhdistys\" \/>\n<meta property=\"article:modified_time\" content=\"2025-08-16T14:11:58+00:00\" \/>\n<meta property=\"og:image\" content=\"https:\/\/sey.fi\/wp-content\/uploads\/sites\/13\/2025\/05\/Kissa-ruohikossa.jpg\" \/>\n\t<meta property=\"og:image:width\" content=\"1280\" \/>\n\t<meta property=\"og:image:height\" content=\"853\" \/>\n\t<meta property=\"og:image:type\" content=\"image\/jpeg\" \/>\n<meta name=\"twitter:card\" content=\"summary_large_image\" \/>\n<meta name=\"twitter:label1\" content=\"Arvioitu lukuaika\" \/>\n\t<meta name=\"twitter:data1\" content=\"4 minuuttia\" \/>\n<script type=\"application\/ld+json\" class=\"yoast-schema-graph\">{\"@context\":\"https:\/\/schema.org\",\"@graph\":[{\"@type\":\"WebPage\",\"@id\":\"https:\/\/sey.fi\/joensuu\/lemmikki-karkuteilla\/\",\"url\":\"https:\/\/sey.fi\/joensuu\/lemmikki-karkuteilla\/\",\"name\":\"Lemmikki karkuteill\u00e4 - Joensuun el\u00e4insuojeluyhdistys\",\"isPartOf\":{\"@id\":\"https:\/\/sey.fi\/joensuu\/#website\"},\"primaryImageOfPage\":{\"@id\":\"https:\/\/sey.fi\/joensuu\/lemmikki-karkuteilla\/#primaryimage\"},\"image\":{\"@id\":\"https:\/\/sey.fi\/joensuu\/lemmikki-karkuteilla\/#primaryimage\"},\"thumbnailUrl\":\"https:\/\/sey.fi\/wp-content\/uploads\/sites\/13\/2025\/05\/Kissa-ruohikossa.jpg\",\"datePublished\":\"2025-08-16T12:15:41+00:00\",\"dateModified\":\"2025-08-16T14:11:58+00:00\",\"breadcrumb\":{\"@id\":\"https:\/\/sey.fi\/joensuu\/lemmikki-karkuteilla\/#breadcrumb\"},\"inLanguage\":\"fi\",\"potentialAction\":[{\"@type\":\"ReadAction\",\"target\":[\"https:\/\/sey.fi\/joensuu\/lemmikki-karkuteilla\/\"]}]},{\"@type\":\"ImageObject\",\"inLanguage\":\"fi\",\"@id\":\"https:\/\/sey.fi\/joensuu\/lemmikki-karkuteilla\/#primaryimage\",\"url\":\"https:\/\/sey.fi\/wp-content\/uploads\/sites\/13\/2025\/05\/Kissa-ruohikossa.jpg\",\"contentUrl\":\"https:\/\/sey.fi\/wp-content\/uploads\/sites\/13\/2025\/05\/Kissa-ruohikossa.jpg\",\"width\":1280,\"height\":853,\"caption\":\"Kuva: KatineDesign\"},{\"@type\":\"BreadcrumbList\",\"@id\":\"https:\/\/sey.fi\/joensuu\/lemmikki-karkuteilla\/#breadcrumb\",\"itemListElement\":[{\"@type\":\"ListItem\",\"position\":1,\"name\":\"Home\",\"item\":\"https:\/\/sey.fi\/joensuu\/\"},{\"@type\":\"ListItem\",\"position\":2,\"name\":\"Lemmikki karkuteill\u00e4\"}]},{\"@type\":\"WebSite\",\"@id\":\"https:\/\/sey.fi\/joensuu\/#website\",\"url\":\"https:\/\/sey.fi\/joensuu\/\",\"name\":\"Joensuun el\u00e4insuojeluyhdistys\",\"description\":\"Uusi SEY J\u00e4senyhdistykset -sivusto\",\"potentialAction\":[{\"@type\":\"SearchAction\",\"target\":{\"@type\":\"EntryPoint\",\"urlTemplate\":\"https:\/\/sey.fi\/joensuu\/?s={search_term_string}\"},\"query-input\":{\"@type\":\"PropertyValueSpecification\",\"valueRequired\":true,\"valueName\":\"search_term_string\"}}],\"inLanguage\":\"fi\"}]}<\/script>\n<!-- \/ Yoast SEO plugin. -->","yoast_head_json":{"title":"Lemmikki karkuteill\u00e4 - Joensuun el\u00e4insuojeluyhdistys","robots":{"index":"index","follow":"follow","max-snippet":"max-snippet:-1","max-image-preview":"max-image-preview:large","max-video-preview":"max-video-preview:-1"},"canonical":"https:\/\/sey.fi\/joensuu\/lemmikki-karkuteilla\/","og_locale":"fi_FI","og_type":"article","og_title":"Lemmikki karkuteill\u00e4 - Joensuun el\u00e4insuojeluyhdistys","og_description":"Lemmikin katoaminen saattaa olla pelottavaa ja omistajalla lemmikist\u00e4\u00e4n suuri h\u00e4t\u00e4. Ensimm\u00e4inen ohje tilanteessa on hengitt\u00e4\u00e4 syv\u00e4\u00e4n ja yritt\u00e4\u00e4 rauhoittua. Omistajan ollessa kiihtyneess\u00e4 mielentilassa lemmikki voi pel\u00e4sty\u00e4 tilannetta. Ensimm\u00e4iset tunnit ovat lemmikin l\u00f6yt\u00e4misen kannalta t\u00e4rkeimm\u00e4t. Heti toimiminen on t\u00e4rke\u00e4\u00e4, koska mahdollisuudet lemmikin l\u00f6ytymiseen on t\u00e4ll\u00f6in parhaimmat. Omistajan l\u00e4sn\u00e4olo: Useimmiten kadonneet lemmikit ovat kissoja ja koiria. Molempien [&hellip;]","og_url":"https:\/\/sey.fi\/joensuu\/lemmikki-karkuteilla\/","og_site_name":"Joensuun el\u00e4insuojeluyhdistys","article_modified_time":"2025-08-16T14:11:58+00:00","og_image":[{"width":1280,"height":853,"url":"https:\/\/sey.fi\/wp-content\/uploads\/sites\/13\/2025\/05\/Kissa-ruohikossa.jpg","type":"image\/jpeg"}],"twitter_card":"summary_large_image","twitter_misc":{"Arvioitu lukuaika":"4 minuuttia"},"schema":{"@context":"https:\/\/schema.org","@graph":[{"@type":"WebPage","@id":"https:\/\/sey.fi\/joensuu\/lemmikki-karkuteilla\/","url":"https:\/\/sey.fi\/joensuu\/lemmikki-karkuteilla\/","name":"Lemmikki karkuteill\u00e4 - Joensuun el\u00e4insuojeluyhdistys","isPartOf":{"@id":"https:\/\/sey.fi\/joensuu\/#website"},"primaryImageOfPage":{"@id":"https:\/\/sey.fi\/joensuu\/lemmikki-karkuteilla\/#primaryimage"},"image":{"@id":"https:\/\/sey.fi\/joensuu\/lemmikki-karkuteilla\/#primaryimage"},"thumbnailUrl":"https:\/\/sey.fi\/wp-content\/uploads\/sites\/13\/2025\/05\/Kissa-ruohikossa.jpg","datePublished":"2025-08-16T12:15:41+00:00","dateModified":"2025-08-16T14:11:58+00:00","breadcrumb":{"@id":"https:\/\/sey.fi\/joensuu\/lemmikki-karkuteilla\/#breadcrumb"},"inLanguage":"fi","potentialAction":[{"@type":"ReadAction","target":["https:\/\/sey.fi\/joensuu\/lemmikki-karkuteilla\/"]}]},{"@type":"ImageObject","inLanguage":"fi","@id":"https:\/\/sey.fi\/joensuu\/lemmikki-karkuteilla\/#primaryimage","url":"https:\/\/sey.fi\/wp-content\/uploads\/sites\/13\/2025\/05\/Kissa-ruohikossa.jpg","contentUrl":"https:\/\/sey.fi\/wp-content\/uploads\/sites\/13\/2025\/05\/Kissa-ruohikossa.jpg","width":1280,"height":853,"caption":"Kuva: KatineDesign"},{"@type":"BreadcrumbList","@id":"https:\/\/sey.fi\/joensuu\/lemmikki-karkuteilla\/#breadcrumb","itemListElement":[{"@type":"ListItem","position":1,"name":"Home","item":"https:\/\/sey.fi\/joensuu\/"},{"@type":"ListItem","position":2,"name":"Lemmikki karkuteill\u00e4"}]},{"@type":"WebSite","@id":"https:\/\/sey.fi\/joensuu\/#website","url":"https:\/\/sey.fi\/joensuu\/","name":"Joensuun el\u00e4insuojeluyhdistys","description":"Uusi SEY J\u00e4senyhdistykset -sivusto","potentialAction":[{"@type":"SearchAction","target":{"@type":"EntryPoint","urlTemplate":"https:\/\/sey.fi\/joensuu\/?s={search_term_string}"},"query-input":{"@type":"PropertyValueSpecification","valueRequired":true,"valueName":"search_term_string"}}],"inLanguage":"fi"}]}},"_links":{"self":[{"href":"https:\/\/sey.fi\/joensuu\/wp-json\/wp\/v2\/pages\/664","targetHints":{"allow":["GET"]}}],"collection":[{"href":"https:\/\/sey.fi\/joensuu\/wp-json\/wp\/v2\/pages"}],"about":[{"href":"https:\/\/sey.fi\/joensuu\/wp-json\/wp\/v2\/types\/page"}],"author":[{"embeddable":true,"href":"https:\/\/sey.fi\/joensuu\/wp-json\/wp\/v2\/users\/13"}],"replies":[{"embeddable":true,"href":"https:\/\/sey.fi\/joensuu\/wp-json\/wp\/v2\/comments?post=664"}],"version-history":[{"count":8,"href":"https:\/\/sey.fi\/joensuu\/wp-json\/wp\/v2\/pages\/664\/revisions"}],"predecessor-version":[{"id":680,"href":"https:\/\/sey.fi\/joensuu\/wp-json\/wp\/v2\/pages\/664\/revisions\/680"}],"wp:featuredmedia":[{"embeddable":true,"href":"https:\/\/sey.fi\/joensuu\/wp-json\/wp\/v2\/media\/480"}],"wp:attachment":[{"href":"https:\/\/sey.fi\/joensuu\/wp-json\/wp\/v2\/media?parent=664"}],"curies":[{"name":"wp","href":"https:\/\/api.w.org\/{rel}","templated":true}]}}