{"id":713,"date":"2025-08-31T20:04:34","date_gmt":"2025-08-31T17:04:34","guid":{"rendered":"https:\/\/sey.fi\/joensuu\/?page_id=713"},"modified":"2025-08-31T20:10:47","modified_gmt":"2025-08-31T17:10:47","slug":"kissapopulaation-havaitseminen","status":"publish","type":"page","link":"https:\/\/sey.fi\/joensuu\/kissapopulaation-havaitseminen\/","title":{"rendered":"Kissapopulaation havaitseminen"},"content":{"rendered":"\n<h2 class=\"wp-block-heading\">Toimi n\u00e4in, jos havaitset kissapopulaation<\/h2>\n\n\n\n<p>Suomessa on satoja kissapopulaatioita, ja yhdess\u00e4 populaatiossa voi olla kymmeni\u00e4 kissoja. Kissapopulaatio saa usein alkunsa leikkaamattomista, valvomatta ulkona liikkuvista lemmikkikissoista. Kissapopulaatioita l\u00f6ytyy niin maaseudun pihapiireist\u00e4 kuin kerrostaloasunnoistakin.<\/p>\n\n\n\n<p>Kissapopulaation kissat el\u00e4v\u00e4t suurissa kissajoukoissa ilman kunnollista huolenpitoa, lis\u00e4\u00e4ntyv\u00e4t hallitsemattomasti ja k\u00e4rsiv\u00e4t useista erilaisista sairauksista, n\u00e4l\u00e4st\u00e4 ja kylm\u00e4st\u00e4.<\/p>\n\n\n\n<p>Suomessa ei el\u00e4 villikissoja, vaan villin\u00e4 luonnossa tavatut kissat ovat aina ihmisen hylk\u00e4\u00e4mi\u00e4, kodittomia kissoja. Ihminen on vastuussa ulkona el\u00e4vien kissapopulaatioiden villiintymisest\u00e4.<\/p>\n\n\n\n<h3 class=\"wp-block-heading\">N\u00e4ist\u00e4 merkeist\u00e4 tunnistat kissapopulaation:<\/h3>\n\n\n\n<ul class=\"wp-block-list\">\n<li>Samassa paikassa asuu huomattava m\u00e4\u00e4r\u00e4 kissoja. Kissapopulaatiossa el\u00e4\u00e4 yleens\u00e4 v\u00e4hint\u00e4\u00e4n kymmenen, joskus jopa sata kissaa.<\/li>\n\n\n\n<li>Kissat ovat villiintyneit\u00e4 ja kulkevat vapaana.<\/li>\n\n\n\n<li>Kissoilla on huomattavan usein pentuja<\/li>\n\n\n\n<li>Kissat ovat usein laihoja ja sairaan ja\/tau huonokuntoisen n\u00e4k\u00f6isi\u00e4<\/li>\n\n\n\n<li>Kissapopulaatioita el\u00e4\u00e4 sek\u00e4 asutuilla alueilla ett\u00e4 paikoissa, joissa niit\u00e4 ei ruokita. Usein kissoilla on kuitenkin jonkinlainen tukikohta, esimerkiksi vanha navetta, jossa joku k\u00e4y ruokkimassa niit\u00e4.<\/li>\n<\/ul>\n\n\n\n<h3 class=\"wp-block-heading\">Jos havaitset kissapopulaation tai ep\u00e4ilet, ett\u00e4 alueella on kissapopulaatio<\/h3>\n\n\n\n<p>Ilmoita asiasta paikkakuntasi valvontael\u00e4inl\u00e4\u00e4k\u00e4rille,\u00a0<a href=\"http:\/\/sey.fi\/elainsuojeluneuvojat\">el\u00e4insuojeluneuvojalle<\/a>\u00a0tai\u00a0<a href=\"https:\/\/sey.fi\/jasenyhdistykset\/\">paikalliselle el\u00e4insuojeluyhdistykselle<\/a> Pohjois-Karjalan alueella Joensuun el\u00e4insuojeluyhdistys Ry:lle.<\/p>\n\n\n\n<p class=\"has-background\" style=\"background:linear-gradient(101deg,rgb(252,0,0) 0%,rgb(255,0,0) 100%)\">Virkael\u00e4inl\u00e4\u00e4k\u00e4ri loukuttaa villiintyneet kissat yhdess\u00e4 el\u00e4insuojeluyhdistyksen kanssa. Loukutetut kissat toimitetaan el\u00e4inl\u00e4\u00e4k\u00e4rin hoitoon, jossa ne madotetaan, rokotetaan, steriloidaan ja tunnistusmerkit\u00e4\u00e4n. Jos kissapopulaation kissa on parantumattomasti sairas, el\u00e4inl\u00e4\u00e4k\u00e4ri lopettaa sen asianmukaisesti. El\u00e4insuojeluyhdistys pyrkii etsim\u00e4\u00e4n kissoille kodit.<\/p>\n\n\n\n<p>L\u00e4hde: https:\/\/sey.fi\/kadonneet-ja-loytyneet-elaimet-seka-havainnot-2\/<\/p>\n","protected":false},"excerpt":{"rendered":"<p>Toimi n\u00e4in, jos havaitset kissapopulaation Suomessa on satoja kissapopulaatioita, ja yhdess\u00e4 populaatiossa voi olla kymmeni\u00e4 kissoja. Kissapopulaatio saa usein alkunsa leikkaamattomista, valvomatta ulkona liikkuvista lemmikkikissoista. Kissapopulaatioita l\u00f6ytyy niin maaseudun pihapiireist\u00e4 kuin kerrostaloasunnoistakin. Kissapopulaation kissat el\u00e4v\u00e4t suurissa kissajoukoissa ilman kunnollista huolenpitoa, lis\u00e4\u00e4ntyv\u00e4t hallitsemattomasti ja k\u00e4rsiv\u00e4t useista erilaisista sairauksista, n\u00e4l\u00e4st\u00e4 ja kylm\u00e4st\u00e4. Suomessa ei el\u00e4 villikissoja, vaan [&hellip;]<\/p>\n","protected":false},"author":13,"featured_media":0,"parent":0,"menu_order":0,"comment_status":"closed","ping_status":"closed","template":"","meta":{"_acf_changed":false,"footnotes":""},"class_list":["post-713","page","type-page","status-publish","hentry"],"acf":[],"yoast_head":"<!-- This site is optimized with the Yoast SEO plugin v27.1.1 - https:\/\/yoast.com\/product\/yoast-seo-wordpress\/ -->\n<title>Kissapopulaation havaitseminen - Joensuun el\u00e4insuojeluyhdistys<\/title>\n<meta name=\"robots\" content=\"index, follow, max-snippet:-1, max-image-preview:large, max-video-preview:-1\" \/>\n<link rel=\"canonical\" href=\"https:\/\/sey.fi\/joensuu\/kissapopulaation-havaitseminen\/\" \/>\n<meta property=\"og:locale\" content=\"fi_FI\" \/>\n<meta property=\"og:type\" content=\"article\" \/>\n<meta property=\"og:title\" content=\"Kissapopulaation havaitseminen - Joensuun el\u00e4insuojeluyhdistys\" \/>\n<meta property=\"og:description\" content=\"Toimi n\u00e4in, jos havaitset kissapopulaation Suomessa on satoja kissapopulaatioita, ja yhdess\u00e4 populaatiossa voi olla kymmeni\u00e4 kissoja. Kissapopulaatio saa usein alkunsa leikkaamattomista, valvomatta ulkona liikkuvista lemmikkikissoista. Kissapopulaatioita l\u00f6ytyy niin maaseudun pihapiireist\u00e4 kuin kerrostaloasunnoistakin. Kissapopulaation kissat el\u00e4v\u00e4t suurissa kissajoukoissa ilman kunnollista huolenpitoa, lis\u00e4\u00e4ntyv\u00e4t hallitsemattomasti ja k\u00e4rsiv\u00e4t useista erilaisista sairauksista, n\u00e4l\u00e4st\u00e4 ja kylm\u00e4st\u00e4. Suomessa ei el\u00e4 villikissoja, vaan [&hellip;]\" \/>\n<meta property=\"og:url\" content=\"https:\/\/sey.fi\/joensuu\/kissapopulaation-havaitseminen\/\" \/>\n<meta property=\"og:site_name\" content=\"Joensuun el\u00e4insuojeluyhdistys\" \/>\n<meta property=\"article:modified_time\" content=\"2025-08-31T17:10:47+00:00\" \/>\n<meta name=\"twitter:card\" content=\"summary_large_image\" \/>\n<meta name=\"twitter:label1\" content=\"Arvioitu lukuaika\" \/>\n\t<meta name=\"twitter:data1\" content=\"2 minuuttia\" \/>\n<script type=\"application\/ld+json\" class=\"yoast-schema-graph\">{\"@context\":\"https:\/\/schema.org\",\"@graph\":[{\"@type\":\"WebPage\",\"@id\":\"https:\/\/sey.fi\/joensuu\/kissapopulaation-havaitseminen\/\",\"url\":\"https:\/\/sey.fi\/joensuu\/kissapopulaation-havaitseminen\/\",\"name\":\"Kissapopulaation havaitseminen - Joensuun el\u00e4insuojeluyhdistys\",\"isPartOf\":{\"@id\":\"https:\/\/sey.fi\/joensuu\/#website\"},\"datePublished\":\"2025-08-31T17:04:34+00:00\",\"dateModified\":\"2025-08-31T17:10:47+00:00\",\"breadcrumb\":{\"@id\":\"https:\/\/sey.fi\/joensuu\/kissapopulaation-havaitseminen\/#breadcrumb\"},\"inLanguage\":\"fi\",\"potentialAction\":[{\"@type\":\"ReadAction\",\"target\":[\"https:\/\/sey.fi\/joensuu\/kissapopulaation-havaitseminen\/\"]}]},{\"@type\":\"BreadcrumbList\",\"@id\":\"https:\/\/sey.fi\/joensuu\/kissapopulaation-havaitseminen\/#breadcrumb\",\"itemListElement\":[{\"@type\":\"ListItem\",\"position\":1,\"name\":\"Home\",\"item\":\"https:\/\/sey.fi\/joensuu\/\"},{\"@type\":\"ListItem\",\"position\":2,\"name\":\"Kissapopulaation havaitseminen\"}]},{\"@type\":\"WebSite\",\"@id\":\"https:\/\/sey.fi\/joensuu\/#website\",\"url\":\"https:\/\/sey.fi\/joensuu\/\",\"name\":\"Joensuun el\u00e4insuojeluyhdistys\",\"description\":\"Uusi SEY J\u00e4senyhdistykset -sivusto\",\"potentialAction\":[{\"@type\":\"SearchAction\",\"target\":{\"@type\":\"EntryPoint\",\"urlTemplate\":\"https:\/\/sey.fi\/joensuu\/?s={search_term_string}\"},\"query-input\":{\"@type\":\"PropertyValueSpecification\",\"valueRequired\":true,\"valueName\":\"search_term_string\"}}],\"inLanguage\":\"fi\"}]}<\/script>\n<!-- \/ Yoast SEO plugin. -->","yoast_head_json":{"title":"Kissapopulaation havaitseminen - Joensuun el\u00e4insuojeluyhdistys","robots":{"index":"index","follow":"follow","max-snippet":"max-snippet:-1","max-image-preview":"max-image-preview:large","max-video-preview":"max-video-preview:-1"},"canonical":"https:\/\/sey.fi\/joensuu\/kissapopulaation-havaitseminen\/","og_locale":"fi_FI","og_type":"article","og_title":"Kissapopulaation havaitseminen - Joensuun el\u00e4insuojeluyhdistys","og_description":"Toimi n\u00e4in, jos havaitset kissapopulaation Suomessa on satoja kissapopulaatioita, ja yhdess\u00e4 populaatiossa voi olla kymmeni\u00e4 kissoja. Kissapopulaatio saa usein alkunsa leikkaamattomista, valvomatta ulkona liikkuvista lemmikkikissoista. Kissapopulaatioita l\u00f6ytyy niin maaseudun pihapiireist\u00e4 kuin kerrostaloasunnoistakin. Kissapopulaation kissat el\u00e4v\u00e4t suurissa kissajoukoissa ilman kunnollista huolenpitoa, lis\u00e4\u00e4ntyv\u00e4t hallitsemattomasti ja k\u00e4rsiv\u00e4t useista erilaisista sairauksista, n\u00e4l\u00e4st\u00e4 ja kylm\u00e4st\u00e4. Suomessa ei el\u00e4 villikissoja, vaan [&hellip;]","og_url":"https:\/\/sey.fi\/joensuu\/kissapopulaation-havaitseminen\/","og_site_name":"Joensuun el\u00e4insuojeluyhdistys","article_modified_time":"2025-08-31T17:10:47+00:00","twitter_card":"summary_large_image","twitter_misc":{"Arvioitu lukuaika":"2 minuuttia"},"schema":{"@context":"https:\/\/schema.org","@graph":[{"@type":"WebPage","@id":"https:\/\/sey.fi\/joensuu\/kissapopulaation-havaitseminen\/","url":"https:\/\/sey.fi\/joensuu\/kissapopulaation-havaitseminen\/","name":"Kissapopulaation havaitseminen - Joensuun el\u00e4insuojeluyhdistys","isPartOf":{"@id":"https:\/\/sey.fi\/joensuu\/#website"},"datePublished":"2025-08-31T17:04:34+00:00","dateModified":"2025-08-31T17:10:47+00:00","breadcrumb":{"@id":"https:\/\/sey.fi\/joensuu\/kissapopulaation-havaitseminen\/#breadcrumb"},"inLanguage":"fi","potentialAction":[{"@type":"ReadAction","target":["https:\/\/sey.fi\/joensuu\/kissapopulaation-havaitseminen\/"]}]},{"@type":"BreadcrumbList","@id":"https:\/\/sey.fi\/joensuu\/kissapopulaation-havaitseminen\/#breadcrumb","itemListElement":[{"@type":"ListItem","position":1,"name":"Home","item":"https:\/\/sey.fi\/joensuu\/"},{"@type":"ListItem","position":2,"name":"Kissapopulaation havaitseminen"}]},{"@type":"WebSite","@id":"https:\/\/sey.fi\/joensuu\/#website","url":"https:\/\/sey.fi\/joensuu\/","name":"Joensuun el\u00e4insuojeluyhdistys","description":"Uusi SEY J\u00e4senyhdistykset -sivusto","potentialAction":[{"@type":"SearchAction","target":{"@type":"EntryPoint","urlTemplate":"https:\/\/sey.fi\/joensuu\/?s={search_term_string}"},"query-input":{"@type":"PropertyValueSpecification","valueRequired":true,"valueName":"search_term_string"}}],"inLanguage":"fi"}]}},"_links":{"self":[{"href":"https:\/\/sey.fi\/joensuu\/wp-json\/wp\/v2\/pages\/713","targetHints":{"allow":["GET"]}}],"collection":[{"href":"https:\/\/sey.fi\/joensuu\/wp-json\/wp\/v2\/pages"}],"about":[{"href":"https:\/\/sey.fi\/joensuu\/wp-json\/wp\/v2\/types\/page"}],"author":[{"embeddable":true,"href":"https:\/\/sey.fi\/joensuu\/wp-json\/wp\/v2\/users\/13"}],"replies":[{"embeddable":true,"href":"https:\/\/sey.fi\/joensuu\/wp-json\/wp\/v2\/comments?post=713"}],"version-history":[{"count":3,"href":"https:\/\/sey.fi\/joensuu\/wp-json\/wp\/v2\/pages\/713\/revisions"}],"predecessor-version":[{"id":721,"href":"https:\/\/sey.fi\/joensuu\/wp-json\/wp\/v2\/pages\/713\/revisions\/721"}],"wp:attachment":[{"href":"https:\/\/sey.fi\/joensuu\/wp-json\/wp\/v2\/media?parent=713"}],"curies":[{"name":"wp","href":"https:\/\/api.w.org\/{rel}","templated":true}]}}