{"id":79,"date":"2019-10-24T15:43:13","date_gmt":"2019-10-24T12:43:13","guid":{"rendered":"http:\/\/srvr10.xetpoint.com\/~seyfi\/joensuu\/?page_id=79"},"modified":"2026-04-13T01:43:10","modified_gmt":"2026-04-12T22:43:10","slug":"yhdistys","status":"publish","type":"page","link":"https:\/\/sey.fi\/joensuu\/joensuun-elainsuojeluyhdistys\/yhdistys\/","title":{"rendered":"Yhdistys"},"content":{"rendered":"\n<h1 class=\"wp-block-heading\">Joensuun el\u00e4insuojeluyhdistys ry<\/h1>\n\n\n\n<p>Joensuun el\u00e4insuojeluyhdistys Ry (JEY) on perustettu jo vuonna 1899 ja rekister\u00f6ity 1920. Yhdistys\u00a0on Suomen el\u00e4insuojelun (SEY:n) j\u00e4senyhdistys ja yksi vanhimpia paikallisyhdistyksi\u00e4. Vuonna 2025 t\u00e4yteen tuli 126 vuotta. J\u00e4seni\u00e4 yhdistyksell\u00e4 oli vuoden 2025 alussa 151. Yhdistyksen kannatus on pysynyt melko tasaisena koko 2000-luvun, viimeisen kymmenen vuoden aikana j\u00e4senm\u00e4\u00e4r\u00e4 on hieman pienentynyt.<\/p>\n\n\n\n<p>Yhdistyksen toiminnan tarkoitus on<\/p>\n\n\n\n<ul class=\"wp-block-list\">\n<li>Vastustaa el\u00e4inten huonoa kohtelua ja el\u00e4inr\u00e4\u00e4kk\u00e4yst\u00e4<\/li>\n\n\n\n<li>Her\u00e4tt\u00e4\u00e4 rakkautta el\u00e4imiin<\/li>\n\n\n\n<li>Saada elinolosuhteet el\u00e4inyksil\u00f6n tarpeita vastaaviksi<\/li>\n<\/ul>\n\n\n\n<p>Toimialueemme on koko Pohjois-Karjala ja k\u00e4sitt\u00e4\u00e4 kaikki el\u00e4imet. Joensuun el\u00e4insuojeluyhdistys ottaa kantaa tiedotusv\u00e4lineiden kautta el\u00e4insuojelua koskettaviin asioihin. Yhdistyksell\u00e4 on omat varasto ja sosiaalitilat sek\u00e4 pienel\u00e4inten hautausmaa, Kontiolahden Lehmossa. Sijaiskotitoiminnan aloitimme joulukuussa 2015.<\/p>\n\n\n\n<p>Vuosittain yhdistys j\u00e4rjest\u00e4\u00e4 erilaisia tapahtumia.&nbsp;<\/p>\n\n\n\n<p><strong>Tule mukaan toimintaamme!<\/strong><\/p>\n\n\n\n<p>Yhteytt\u00e4 voit ottaa&nbsp;<a href=\"mailto:jey@jey.fi\">jey@jey.fi<\/a>&nbsp;tai puh. 050 5967 101, teemme vapaaehtoisty\u00f6t\u00e4. Mik\u00e4li emme ehdi vastata, laita tekstiviesti niin soitamme takaisin.<\/p>\n\n\n\n<p>Vapaaehtoisty\u00f6st\u00e4 ja yhdistyksen tukemisesta voit lukea lis\u00e4\u00e4&nbsp;<a href=\"https:\/\/sey.fi\/joensuu\/joensuun-elainsuojeluyhdistys\/tue-toimintaa\/\">t\u00e4\u00e4lt\u00e4<\/a>.<\/p>\n\n\n\n<p>SEY Suomen El\u00e4insuojelu on vuodesta 1901 el\u00e4insuojeluty\u00f6t\u00e4 tehnyt Suomen suurin el\u00e4insuojeluj\u00e4rjest\u00f6 ja el\u00e4insuojelun asiantuntija. SEY:n toimialaan kuuluvat kaikki el\u00e4imet ja liiton toiminta kattaa koko maan. Kotisivut&nbsp;<a href=\"http:\/\/www.sey.fi\/\">http:\/\/www.sey.fi\/<\/a>&nbsp;<\/p>\n\n\n\n<p><\/p>\n","protected":false},"excerpt":{"rendered":"<p>Joensuun el\u00e4insuojeluyhdistys ry Joensuun el\u00e4insuojeluyhdistys Ry (JEY) on perustettu jo vuonna 1899 ja rekister\u00f6ity 1920. Yhdistys\u00a0on Suomen el\u00e4insuojelun (SEY:n) j\u00e4senyhdistys ja yksi vanhimpia paikallisyhdistyksi\u00e4. Vuonna 2025 t\u00e4yteen tuli 126 vuotta. J\u00e4seni\u00e4 yhdistyksell\u00e4 oli vuoden 2025 alussa 151. Yhdistyksen kannatus on pysynyt melko tasaisena koko 2000-luvun, viimeisen kymmenen vuoden aikana j\u00e4senm\u00e4\u00e4r\u00e4 on hieman pienentynyt. Yhdistyksen toiminnan [&hellip;]<\/p>\n","protected":false},"author":8,"featured_media":918,"parent":2,"menu_order":0,"comment_status":"closed","ping_status":"closed","template":"","meta":{"_acf_changed":false,"footnotes":""},"class_list":["post-79","page","type-page","status-publish","has-post-thumbnail","hentry"],"acf":[],"yoast_head":"<!-- This site is optimized with the Yoast SEO plugin v27.1.1 - https:\/\/yoast.com\/product\/yoast-seo-wordpress\/ -->\n<title>Yhdistys - Joensuun el\u00e4insuojeluyhdistys<\/title>\n<meta name=\"robots\" content=\"index, follow, max-snippet:-1, max-image-preview:large, max-video-preview:-1\" \/>\n<link rel=\"canonical\" href=\"https:\/\/sey.fi\/joensuu\/joensuun-elainsuojeluyhdistys\/yhdistys\/\" \/>\n<meta property=\"og:locale\" content=\"fi_FI\" \/>\n<meta property=\"og:type\" content=\"article\" \/>\n<meta property=\"og:title\" content=\"Yhdistys - Joensuun el\u00e4insuojeluyhdistys\" \/>\n<meta property=\"og:description\" content=\"Joensuun el\u00e4insuojeluyhdistys ry Joensuun el\u00e4insuojeluyhdistys Ry (JEY) on perustettu jo vuonna 1899 ja rekister\u00f6ity 1920. Yhdistys\u00a0on Suomen el\u00e4insuojelun (SEY:n) j\u00e4senyhdistys ja yksi vanhimpia paikallisyhdistyksi\u00e4. Vuonna 2025 t\u00e4yteen tuli 126 vuotta. J\u00e4seni\u00e4 yhdistyksell\u00e4 oli vuoden 2025 alussa 151. Yhdistyksen kannatus on pysynyt melko tasaisena koko 2000-luvun, viimeisen kymmenen vuoden aikana j\u00e4senm\u00e4\u00e4r\u00e4 on hieman pienentynyt. Yhdistyksen toiminnan [&hellip;]\" \/>\n<meta property=\"og:url\" content=\"https:\/\/sey.fi\/joensuu\/joensuun-elainsuojeluyhdistys\/yhdistys\/\" \/>\n<meta property=\"og:site_name\" content=\"Joensuun el\u00e4insuojeluyhdistys\" \/>\n<meta property=\"article:modified_time\" content=\"2026-04-12T22:43:10+00:00\" \/>\n<meta property=\"og:image\" content=\"https:\/\/sey.fi\/wp-content\/uploads\/sites\/13\/2026\/04\/IMG_8995-scaled.jpg\" \/>\n\t<meta property=\"og:image:width\" content=\"2560\" \/>\n\t<meta property=\"og:image:height\" content=\"1707\" \/>\n\t<meta property=\"og:image:type\" content=\"image\/jpeg\" \/>\n<meta name=\"twitter:card\" content=\"summary_large_image\" \/>\n<meta name=\"twitter:label1\" content=\"Arvioitu lukuaika\" \/>\n\t<meta name=\"twitter:data1\" content=\"2 minuuttia\" \/>\n<script type=\"application\/ld+json\" class=\"yoast-schema-graph\">{\"@context\":\"https:\/\/schema.org\",\"@graph\":[{\"@type\":\"WebPage\",\"@id\":\"https:\/\/sey.fi\/joensuu\/joensuun-elainsuojeluyhdistys\/yhdistys\/\",\"url\":\"https:\/\/sey.fi\/joensuu\/joensuun-elainsuojeluyhdistys\/yhdistys\/\",\"name\":\"Yhdistys - Joensuun el\u00e4insuojeluyhdistys\",\"isPartOf\":{\"@id\":\"https:\/\/sey.fi\/joensuu\/#website\"},\"primaryImageOfPage\":{\"@id\":\"https:\/\/sey.fi\/joensuu\/joensuun-elainsuojeluyhdistys\/yhdistys\/#primaryimage\"},\"image\":{\"@id\":\"https:\/\/sey.fi\/joensuu\/joensuun-elainsuojeluyhdistys\/yhdistys\/#primaryimage\"},\"thumbnailUrl\":\"https:\/\/sey.fi\/wp-content\/uploads\/sites\/13\/2026\/04\/IMG_8995-scaled.jpg\",\"datePublished\":\"2019-10-24T12:43:13+00:00\",\"dateModified\":\"2026-04-12T22:43:10+00:00\",\"breadcrumb\":{\"@id\":\"https:\/\/sey.fi\/joensuu\/joensuun-elainsuojeluyhdistys\/yhdistys\/#breadcrumb\"},\"inLanguage\":\"fi\",\"potentialAction\":[{\"@type\":\"ReadAction\",\"target\":[\"https:\/\/sey.fi\/joensuu\/joensuun-elainsuojeluyhdistys\/yhdistys\/\"]}]},{\"@type\":\"ImageObject\",\"inLanguage\":\"fi\",\"@id\":\"https:\/\/sey.fi\/joensuu\/joensuun-elainsuojeluyhdistys\/yhdistys\/#primaryimage\",\"url\":\"https:\/\/sey.fi\/wp-content\/uploads\/sites\/13\/2026\/04\/IMG_8995-scaled.jpg\",\"contentUrl\":\"https:\/\/sey.fi\/wp-content\/uploads\/sites\/13\/2026\/04\/IMG_8995-scaled.jpg\",\"width\":2560,\"height\":1707},{\"@type\":\"BreadcrumbList\",\"@id\":\"https:\/\/sey.fi\/joensuu\/joensuun-elainsuojeluyhdistys\/yhdistys\/#breadcrumb\",\"itemListElement\":[{\"@type\":\"ListItem\",\"position\":1,\"name\":\"Home\",\"item\":\"https:\/\/sey.fi\/joensuu\/\"},{\"@type\":\"ListItem\",\"position\":2,\"name\":\"Joensuun el\u00e4insuojeluyhdistys\",\"item\":\"https:\/\/sey.fi\/joensuu\/\"},{\"@type\":\"ListItem\",\"position\":3,\"name\":\"Yhdistys\"}]},{\"@type\":\"WebSite\",\"@id\":\"https:\/\/sey.fi\/joensuu\/#website\",\"url\":\"https:\/\/sey.fi\/joensuu\/\",\"name\":\"Joensuun el\u00e4insuojeluyhdistys\",\"description\":\"Uusi SEY J\u00e4senyhdistykset -sivusto\",\"potentialAction\":[{\"@type\":\"SearchAction\",\"target\":{\"@type\":\"EntryPoint\",\"urlTemplate\":\"https:\/\/sey.fi\/joensuu\/?s={search_term_string}\"},\"query-input\":{\"@type\":\"PropertyValueSpecification\",\"valueRequired\":true,\"valueName\":\"search_term_string\"}}],\"inLanguage\":\"fi\"}]}<\/script>\n<!-- \/ Yoast SEO plugin. -->","yoast_head_json":{"title":"Yhdistys - Joensuun el\u00e4insuojeluyhdistys","robots":{"index":"index","follow":"follow","max-snippet":"max-snippet:-1","max-image-preview":"max-image-preview:large","max-video-preview":"max-video-preview:-1"},"canonical":"https:\/\/sey.fi\/joensuu\/joensuun-elainsuojeluyhdistys\/yhdistys\/","og_locale":"fi_FI","og_type":"article","og_title":"Yhdistys - Joensuun el\u00e4insuojeluyhdistys","og_description":"Joensuun el\u00e4insuojeluyhdistys ry Joensuun el\u00e4insuojeluyhdistys Ry (JEY) on perustettu jo vuonna 1899 ja rekister\u00f6ity 1920. Yhdistys\u00a0on Suomen el\u00e4insuojelun (SEY:n) j\u00e4senyhdistys ja yksi vanhimpia paikallisyhdistyksi\u00e4. Vuonna 2025 t\u00e4yteen tuli 126 vuotta. J\u00e4seni\u00e4 yhdistyksell\u00e4 oli vuoden 2025 alussa 151. Yhdistyksen kannatus on pysynyt melko tasaisena koko 2000-luvun, viimeisen kymmenen vuoden aikana j\u00e4senm\u00e4\u00e4r\u00e4 on hieman pienentynyt. Yhdistyksen toiminnan [&hellip;]","og_url":"https:\/\/sey.fi\/joensuu\/joensuun-elainsuojeluyhdistys\/yhdistys\/","og_site_name":"Joensuun el\u00e4insuojeluyhdistys","article_modified_time":"2026-04-12T22:43:10+00:00","og_image":[{"width":2560,"height":1707,"url":"https:\/\/sey.fi\/wp-content\/uploads\/sites\/13\/2026\/04\/IMG_8995-scaled.jpg","type":"image\/jpeg"}],"twitter_card":"summary_large_image","twitter_misc":{"Arvioitu lukuaika":"2 minuuttia"},"schema":{"@context":"https:\/\/schema.org","@graph":[{"@type":"WebPage","@id":"https:\/\/sey.fi\/joensuu\/joensuun-elainsuojeluyhdistys\/yhdistys\/","url":"https:\/\/sey.fi\/joensuu\/joensuun-elainsuojeluyhdistys\/yhdistys\/","name":"Yhdistys - Joensuun el\u00e4insuojeluyhdistys","isPartOf":{"@id":"https:\/\/sey.fi\/joensuu\/#website"},"primaryImageOfPage":{"@id":"https:\/\/sey.fi\/joensuu\/joensuun-elainsuojeluyhdistys\/yhdistys\/#primaryimage"},"image":{"@id":"https:\/\/sey.fi\/joensuu\/joensuun-elainsuojeluyhdistys\/yhdistys\/#primaryimage"},"thumbnailUrl":"https:\/\/sey.fi\/wp-content\/uploads\/sites\/13\/2026\/04\/IMG_8995-scaled.jpg","datePublished":"2019-10-24T12:43:13+00:00","dateModified":"2026-04-12T22:43:10+00:00","breadcrumb":{"@id":"https:\/\/sey.fi\/joensuu\/joensuun-elainsuojeluyhdistys\/yhdistys\/#breadcrumb"},"inLanguage":"fi","potentialAction":[{"@type":"ReadAction","target":["https:\/\/sey.fi\/joensuu\/joensuun-elainsuojeluyhdistys\/yhdistys\/"]}]},{"@type":"ImageObject","inLanguage":"fi","@id":"https:\/\/sey.fi\/joensuu\/joensuun-elainsuojeluyhdistys\/yhdistys\/#primaryimage","url":"https:\/\/sey.fi\/wp-content\/uploads\/sites\/13\/2026\/04\/IMG_8995-scaled.jpg","contentUrl":"https:\/\/sey.fi\/wp-content\/uploads\/sites\/13\/2026\/04\/IMG_8995-scaled.jpg","width":2560,"height":1707},{"@type":"BreadcrumbList","@id":"https:\/\/sey.fi\/joensuu\/joensuun-elainsuojeluyhdistys\/yhdistys\/#breadcrumb","itemListElement":[{"@type":"ListItem","position":1,"name":"Home","item":"https:\/\/sey.fi\/joensuu\/"},{"@type":"ListItem","position":2,"name":"Joensuun el\u00e4insuojeluyhdistys","item":"https:\/\/sey.fi\/joensuu\/"},{"@type":"ListItem","position":3,"name":"Yhdistys"}]},{"@type":"WebSite","@id":"https:\/\/sey.fi\/joensuu\/#website","url":"https:\/\/sey.fi\/joensuu\/","name":"Joensuun el\u00e4insuojeluyhdistys","description":"Uusi SEY J\u00e4senyhdistykset -sivusto","potentialAction":[{"@type":"SearchAction","target":{"@type":"EntryPoint","urlTemplate":"https:\/\/sey.fi\/joensuu\/?s={search_term_string}"},"query-input":{"@type":"PropertyValueSpecification","valueRequired":true,"valueName":"search_term_string"}}],"inLanguage":"fi"}]}},"_links":{"self":[{"href":"https:\/\/sey.fi\/joensuu\/wp-json\/wp\/v2\/pages\/79","targetHints":{"allow":["GET"]}}],"collection":[{"href":"https:\/\/sey.fi\/joensuu\/wp-json\/wp\/v2\/pages"}],"about":[{"href":"https:\/\/sey.fi\/joensuu\/wp-json\/wp\/v2\/types\/page"}],"author":[{"embeddable":true,"href":"https:\/\/sey.fi\/joensuu\/wp-json\/wp\/v2\/users\/8"}],"replies":[{"embeddable":true,"href":"https:\/\/sey.fi\/joensuu\/wp-json\/wp\/v2\/comments?post=79"}],"version-history":[{"count":8,"href":"https:\/\/sey.fi\/joensuu\/wp-json\/wp\/v2\/pages\/79\/revisions"}],"predecessor-version":[{"id":859,"href":"https:\/\/sey.fi\/joensuu\/wp-json\/wp\/v2\/pages\/79\/revisions\/859"}],"up":[{"embeddable":true,"href":"https:\/\/sey.fi\/joensuu\/wp-json\/wp\/v2\/pages\/2"}],"wp:featuredmedia":[{"embeddable":true,"href":"https:\/\/sey.fi\/joensuu\/wp-json\/wp\/v2\/media\/918"}],"wp:attachment":[{"href":"https:\/\/sey.fi\/joensuu\/wp-json\/wp\/v2\/media?parent=79"}],"curies":[{"name":"wp","href":"https:\/\/api.w.org\/{rel}","templated":true}]}}