{"id":91,"date":"2019-10-24T15:48:57","date_gmt":"2019-10-24T12:48:57","guid":{"rendered":"http:\/\/srvr10.xetpoint.com\/~seyfi\/joensuu\/?page_id=91"},"modified":"2025-08-16T14:40:18","modified_gmt":"2025-08-16T11:40:18","slug":"elainsuojelu","status":"publish","type":"page","link":"https:\/\/sey.fi\/joensuu\/joensuun-elainsuojeluyhdistys\/elainsuojelu\/","title":{"rendered":"El\u00e4inten kaltoinkohtelun kohtaaminen"},"content":{"rendered":"\n<p><strong>El\u00e4inten hyvinvointilain merkitys<\/strong><\/p>\n\n\n\n<p><em><strong>Hyvinvointilain tarkoituksena on suojella el\u00e4imi\u00e4 parhaalla&nbsp;mahdollisella tavalla k\u00e4rsimykselt\u00e4, kivulta ja tuskalta. Lain&nbsp;avulla pyrit\u00e4\u00e4n my\u00f6s edist\u00e4m\u00e4\u00e4n el\u00e4inten hyvinvointia ja&nbsp;hyv\u00e4\u00e4 kohtelua.<\/strong><\/em><\/p>\n\n\n\n<p><strong>El\u00e4insuojeluviranomaiset<\/strong><\/p>\n\n\n\n<p>Pohjois-Karjalan alueella el\u00e4insuojelusta vastaavat valvontael\u00e4inl\u00e4\u00e4k\u00e4rit ja heille tehd\u00e4\u00e4n el\u00e4insuojeluilmoitukset. Valvontael\u00e4inl\u00e4\u00e4k\u00e4reiden yhteystiedot l\u00f6yd\u00e4t&nbsp;<a href=\"https:\/\/www.siunsote.fi\/elainsuojelu\">t\u00e4\u00e4lt\u00e4.<\/a>&nbsp;Muita el\u00e4insuojeluvalvontaa suorittavia viranomaisia ovat poliisi ja terveystarkastaja.<\/p>\n\n\n\n<p>llmoitathan heti el\u00e4insuojeluviranomaisille, kun havaitset el\u00e4inten huonoa kohtelua.&nbsp;El\u00e4imet eiv\u00e4t voi puhua, siksi niiden puolesta on puhuttava!<\/p>\n\n\n\n<p><strong>Neuvonta<\/strong>: yhdistys antaa neuvontaa puhelimitse 050 596 71 01.<\/p>\n\n\n\n<p><strong>Vapaaehtoiset el\u00e4insuojeluneuvojat<\/strong><\/p>\n\n\n\n<p>Suomen El\u00e4insuojeluyhdistysten liitolla on noin 80 vapaaehtoista el\u00e4insuojeluneuvojaa eri puolilla Suomea. SEY:n el\u00e4insuojeluneuvojat antavat neuvoja puhelimitse tai s\u00e4hk\u00f6postitse, ja suurin osa my\u00f6s tekee saamiensa ilmoitusten perusteella el\u00e4insuojeluneuvontak\u00e4yntej\u00e4 el\u00e4inten pitopaikkoihin. Tavallisesti tapaukset selvi\u00e4v\u00e4t neuvonnalla ja yhteisty\u00f6ll\u00e4 el\u00e4imen omistajan kanssa. Vakavissa tapauksissa asiat siirret\u00e4\u00e4n el\u00e4insuojeluviranomaisten hoidettavaksi.<\/p>\n\n\n\n<p>Ajan tasalla olevat el\u00e4insuojeluneuvojien yhteystiedot l\u00f6ytyv\u00e4t&nbsp;<a href=\"http:\/\/www.sey.fi\/yhteystiedot\/neuvojahaku\">SEY:n sivuilta.<\/a><\/p>\n\n\n\n<p><\/p>\n","protected":false},"excerpt":{"rendered":"<p>El\u00e4inten hyvinvointilain merkitys Hyvinvointilain tarkoituksena on suojella el\u00e4imi\u00e4 parhaalla&nbsp;mahdollisella tavalla k\u00e4rsimykselt\u00e4, kivulta ja tuskalta. Lain&nbsp;avulla pyrit\u00e4\u00e4n my\u00f6s edist\u00e4m\u00e4\u00e4n el\u00e4inten hyvinvointia ja&nbsp;hyv\u00e4\u00e4 kohtelua. El\u00e4insuojeluviranomaiset Pohjois-Karjalan alueella el\u00e4insuojelusta vastaavat valvontael\u00e4inl\u00e4\u00e4k\u00e4rit ja heille tehd\u00e4\u00e4n el\u00e4insuojeluilmoitukset. Valvontael\u00e4inl\u00e4\u00e4k\u00e4reiden yhteystiedot l\u00f6yd\u00e4t&nbsp;t\u00e4\u00e4lt\u00e4.&nbsp;Muita el\u00e4insuojeluvalvontaa suorittavia viranomaisia ovat poliisi ja terveystarkastaja. llmoitathan heti el\u00e4insuojeluviranomaisille, kun havaitset el\u00e4inten huonoa kohtelua.&nbsp;El\u00e4imet eiv\u00e4t voi puhua, siksi niiden [&hellip;]<\/p>\n","protected":false},"author":8,"featured_media":476,"parent":2,"menu_order":0,"comment_status":"closed","ping_status":"closed","template":"","meta":{"_acf_changed":false,"footnotes":""},"class_list":["post-91","page","type-page","status-publish","has-post-thumbnail","hentry"],"acf":[],"yoast_head":"<!-- This site is optimized with the Yoast SEO plugin v27.1.1 - https:\/\/yoast.com\/product\/yoast-seo-wordpress\/ -->\n<title>El\u00e4inten kaltoinkohtelun kohtaaminen - Joensuun el\u00e4insuojeluyhdistys<\/title>\n<meta name=\"robots\" content=\"index, follow, max-snippet:-1, max-image-preview:large, max-video-preview:-1\" \/>\n<link rel=\"canonical\" href=\"https:\/\/sey.fi\/joensuu\/joensuun-elainsuojeluyhdistys\/elainsuojelu\/\" \/>\n<meta property=\"og:locale\" content=\"fi_FI\" \/>\n<meta property=\"og:type\" content=\"article\" \/>\n<meta property=\"og:title\" content=\"El\u00e4inten kaltoinkohtelun kohtaaminen - Joensuun el\u00e4insuojeluyhdistys\" \/>\n<meta property=\"og:description\" content=\"El\u00e4inten hyvinvointilain merkitys Hyvinvointilain tarkoituksena on suojella el\u00e4imi\u00e4 parhaalla&nbsp;mahdollisella tavalla k\u00e4rsimykselt\u00e4, kivulta ja tuskalta. Lain&nbsp;avulla pyrit\u00e4\u00e4n my\u00f6s edist\u00e4m\u00e4\u00e4n el\u00e4inten hyvinvointia ja&nbsp;hyv\u00e4\u00e4 kohtelua. El\u00e4insuojeluviranomaiset Pohjois-Karjalan alueella el\u00e4insuojelusta vastaavat valvontael\u00e4inl\u00e4\u00e4k\u00e4rit ja heille tehd\u00e4\u00e4n el\u00e4insuojeluilmoitukset. Valvontael\u00e4inl\u00e4\u00e4k\u00e4reiden yhteystiedot l\u00f6yd\u00e4t&nbsp;t\u00e4\u00e4lt\u00e4.&nbsp;Muita el\u00e4insuojeluvalvontaa suorittavia viranomaisia ovat poliisi ja terveystarkastaja. llmoitathan heti el\u00e4insuojeluviranomaisille, kun havaitset el\u00e4inten huonoa kohtelua.&nbsp;El\u00e4imet eiv\u00e4t voi puhua, siksi niiden [&hellip;]\" \/>\n<meta property=\"og:url\" content=\"https:\/\/sey.fi\/joensuu\/joensuun-elainsuojeluyhdistys\/elainsuojelu\/\" \/>\n<meta property=\"og:site_name\" content=\"Joensuun el\u00e4insuojeluyhdistys\" \/>\n<meta property=\"article:modified_time\" content=\"2025-08-16T11:40:18+00:00\" \/>\n<meta property=\"og:image\" content=\"https:\/\/sey.fi\/wp-content\/uploads\/sites\/13\/2025\/05\/Varsa.jpg\" \/>\n\t<meta property=\"og:image:width\" content=\"1280\" \/>\n\t<meta property=\"og:image:height\" content=\"853\" \/>\n\t<meta property=\"og:image:type\" content=\"image\/jpeg\" \/>\n<meta name=\"twitter:card\" content=\"summary_large_image\" \/>\n<meta name=\"twitter:label1\" content=\"Arvioitu lukuaika\" \/>\n\t<meta name=\"twitter:data1\" content=\"1 minuutti\" \/>\n<script type=\"application\/ld+json\" class=\"yoast-schema-graph\">{\"@context\":\"https:\/\/schema.org\",\"@graph\":[{\"@type\":\"WebPage\",\"@id\":\"https:\/\/sey.fi\/joensuu\/joensuun-elainsuojeluyhdistys\/elainsuojelu\/\",\"url\":\"https:\/\/sey.fi\/joensuu\/joensuun-elainsuojeluyhdistys\/elainsuojelu\/\",\"name\":\"El\u00e4inten kaltoinkohtelun kohtaaminen - Joensuun el\u00e4insuojeluyhdistys\",\"isPartOf\":{\"@id\":\"https:\/\/sey.fi\/joensuu\/#website\"},\"primaryImageOfPage\":{\"@id\":\"https:\/\/sey.fi\/joensuu\/joensuun-elainsuojeluyhdistys\/elainsuojelu\/#primaryimage\"},\"image\":{\"@id\":\"https:\/\/sey.fi\/joensuu\/joensuun-elainsuojeluyhdistys\/elainsuojelu\/#primaryimage\"},\"thumbnailUrl\":\"https:\/\/sey.fi\/wp-content\/uploads\/sites\/13\/2025\/05\/Varsa.jpg\",\"datePublished\":\"2019-10-24T12:48:57+00:00\",\"dateModified\":\"2025-08-16T11:40:18+00:00\",\"breadcrumb\":{\"@id\":\"https:\/\/sey.fi\/joensuu\/joensuun-elainsuojeluyhdistys\/elainsuojelu\/#breadcrumb\"},\"inLanguage\":\"fi\",\"potentialAction\":[{\"@type\":\"ReadAction\",\"target\":[\"https:\/\/sey.fi\/joensuu\/joensuun-elainsuojeluyhdistys\/elainsuojelu\/\"]}]},{\"@type\":\"ImageObject\",\"inLanguage\":\"fi\",\"@id\":\"https:\/\/sey.fi\/joensuu\/joensuun-elainsuojeluyhdistys\/elainsuojelu\/#primaryimage\",\"url\":\"https:\/\/sey.fi\/wp-content\/uploads\/sites\/13\/2025\/05\/Varsa.jpg\",\"contentUrl\":\"https:\/\/sey.fi\/wp-content\/uploads\/sites\/13\/2025\/05\/Varsa.jpg\",\"width\":1280,\"height\":853,\"caption\":\"Kuva: Kanenori\"},{\"@type\":\"BreadcrumbList\",\"@id\":\"https:\/\/sey.fi\/joensuu\/joensuun-elainsuojeluyhdistys\/elainsuojelu\/#breadcrumb\",\"itemListElement\":[{\"@type\":\"ListItem\",\"position\":1,\"name\":\"Home\",\"item\":\"https:\/\/sey.fi\/joensuu\/\"},{\"@type\":\"ListItem\",\"position\":2,\"name\":\"Joensuun el\u00e4insuojeluyhdistys\",\"item\":\"https:\/\/sey.fi\/joensuu\/\"},{\"@type\":\"ListItem\",\"position\":3,\"name\":\"El\u00e4inten kaltoinkohtelun kohtaaminen\"}]},{\"@type\":\"WebSite\",\"@id\":\"https:\/\/sey.fi\/joensuu\/#website\",\"url\":\"https:\/\/sey.fi\/joensuu\/\",\"name\":\"Joensuun el\u00e4insuojeluyhdistys\",\"description\":\"Uusi SEY J\u00e4senyhdistykset -sivusto\",\"potentialAction\":[{\"@type\":\"SearchAction\",\"target\":{\"@type\":\"EntryPoint\",\"urlTemplate\":\"https:\/\/sey.fi\/joensuu\/?s={search_term_string}\"},\"query-input\":{\"@type\":\"PropertyValueSpecification\",\"valueRequired\":true,\"valueName\":\"search_term_string\"}}],\"inLanguage\":\"fi\"}]}<\/script>\n<!-- \/ Yoast SEO plugin. -->","yoast_head_json":{"title":"El\u00e4inten kaltoinkohtelun kohtaaminen - Joensuun el\u00e4insuojeluyhdistys","robots":{"index":"index","follow":"follow","max-snippet":"max-snippet:-1","max-image-preview":"max-image-preview:large","max-video-preview":"max-video-preview:-1"},"canonical":"https:\/\/sey.fi\/joensuu\/joensuun-elainsuojeluyhdistys\/elainsuojelu\/","og_locale":"fi_FI","og_type":"article","og_title":"El\u00e4inten kaltoinkohtelun kohtaaminen - Joensuun el\u00e4insuojeluyhdistys","og_description":"El\u00e4inten hyvinvointilain merkitys Hyvinvointilain tarkoituksena on suojella el\u00e4imi\u00e4 parhaalla&nbsp;mahdollisella tavalla k\u00e4rsimykselt\u00e4, kivulta ja tuskalta. Lain&nbsp;avulla pyrit\u00e4\u00e4n my\u00f6s edist\u00e4m\u00e4\u00e4n el\u00e4inten hyvinvointia ja&nbsp;hyv\u00e4\u00e4 kohtelua. El\u00e4insuojeluviranomaiset Pohjois-Karjalan alueella el\u00e4insuojelusta vastaavat valvontael\u00e4inl\u00e4\u00e4k\u00e4rit ja heille tehd\u00e4\u00e4n el\u00e4insuojeluilmoitukset. Valvontael\u00e4inl\u00e4\u00e4k\u00e4reiden yhteystiedot l\u00f6yd\u00e4t&nbsp;t\u00e4\u00e4lt\u00e4.&nbsp;Muita el\u00e4insuojeluvalvontaa suorittavia viranomaisia ovat poliisi ja terveystarkastaja. llmoitathan heti el\u00e4insuojeluviranomaisille, kun havaitset el\u00e4inten huonoa kohtelua.&nbsp;El\u00e4imet eiv\u00e4t voi puhua, siksi niiden [&hellip;]","og_url":"https:\/\/sey.fi\/joensuu\/joensuun-elainsuojeluyhdistys\/elainsuojelu\/","og_site_name":"Joensuun el\u00e4insuojeluyhdistys","article_modified_time":"2025-08-16T11:40:18+00:00","og_image":[{"width":1280,"height":853,"url":"https:\/\/sey.fi\/wp-content\/uploads\/sites\/13\/2025\/05\/Varsa.jpg","type":"image\/jpeg"}],"twitter_card":"summary_large_image","twitter_misc":{"Arvioitu lukuaika":"1 minuutti"},"schema":{"@context":"https:\/\/schema.org","@graph":[{"@type":"WebPage","@id":"https:\/\/sey.fi\/joensuu\/joensuun-elainsuojeluyhdistys\/elainsuojelu\/","url":"https:\/\/sey.fi\/joensuu\/joensuun-elainsuojeluyhdistys\/elainsuojelu\/","name":"El\u00e4inten kaltoinkohtelun kohtaaminen - Joensuun el\u00e4insuojeluyhdistys","isPartOf":{"@id":"https:\/\/sey.fi\/joensuu\/#website"},"primaryImageOfPage":{"@id":"https:\/\/sey.fi\/joensuu\/joensuun-elainsuojeluyhdistys\/elainsuojelu\/#primaryimage"},"image":{"@id":"https:\/\/sey.fi\/joensuu\/joensuun-elainsuojeluyhdistys\/elainsuojelu\/#primaryimage"},"thumbnailUrl":"https:\/\/sey.fi\/wp-content\/uploads\/sites\/13\/2025\/05\/Varsa.jpg","datePublished":"2019-10-24T12:48:57+00:00","dateModified":"2025-08-16T11:40:18+00:00","breadcrumb":{"@id":"https:\/\/sey.fi\/joensuu\/joensuun-elainsuojeluyhdistys\/elainsuojelu\/#breadcrumb"},"inLanguage":"fi","potentialAction":[{"@type":"ReadAction","target":["https:\/\/sey.fi\/joensuu\/joensuun-elainsuojeluyhdistys\/elainsuojelu\/"]}]},{"@type":"ImageObject","inLanguage":"fi","@id":"https:\/\/sey.fi\/joensuu\/joensuun-elainsuojeluyhdistys\/elainsuojelu\/#primaryimage","url":"https:\/\/sey.fi\/wp-content\/uploads\/sites\/13\/2025\/05\/Varsa.jpg","contentUrl":"https:\/\/sey.fi\/wp-content\/uploads\/sites\/13\/2025\/05\/Varsa.jpg","width":1280,"height":853,"caption":"Kuva: Kanenori"},{"@type":"BreadcrumbList","@id":"https:\/\/sey.fi\/joensuu\/joensuun-elainsuojeluyhdistys\/elainsuojelu\/#breadcrumb","itemListElement":[{"@type":"ListItem","position":1,"name":"Home","item":"https:\/\/sey.fi\/joensuu\/"},{"@type":"ListItem","position":2,"name":"Joensuun el\u00e4insuojeluyhdistys","item":"https:\/\/sey.fi\/joensuu\/"},{"@type":"ListItem","position":3,"name":"El\u00e4inten kaltoinkohtelun kohtaaminen"}]},{"@type":"WebSite","@id":"https:\/\/sey.fi\/joensuu\/#website","url":"https:\/\/sey.fi\/joensuu\/","name":"Joensuun el\u00e4insuojeluyhdistys","description":"Uusi SEY J\u00e4senyhdistykset -sivusto","potentialAction":[{"@type":"SearchAction","target":{"@type":"EntryPoint","urlTemplate":"https:\/\/sey.fi\/joensuu\/?s={search_term_string}"},"query-input":{"@type":"PropertyValueSpecification","valueRequired":true,"valueName":"search_term_string"}}],"inLanguage":"fi"}]}},"_links":{"self":[{"href":"https:\/\/sey.fi\/joensuu\/wp-json\/wp\/v2\/pages\/91","targetHints":{"allow":["GET"]}}],"collection":[{"href":"https:\/\/sey.fi\/joensuu\/wp-json\/wp\/v2\/pages"}],"about":[{"href":"https:\/\/sey.fi\/joensuu\/wp-json\/wp\/v2\/types\/page"}],"author":[{"embeddable":true,"href":"https:\/\/sey.fi\/joensuu\/wp-json\/wp\/v2\/users\/8"}],"replies":[{"embeddable":true,"href":"https:\/\/sey.fi\/joensuu\/wp-json\/wp\/v2\/comments?post=91"}],"version-history":[{"count":8,"href":"https:\/\/sey.fi\/joensuu\/wp-json\/wp\/v2\/pages\/91\/revisions"}],"predecessor-version":[{"id":639,"href":"https:\/\/sey.fi\/joensuu\/wp-json\/wp\/v2\/pages\/91\/revisions\/639"}],"up":[{"embeddable":true,"href":"https:\/\/sey.fi\/joensuu\/wp-json\/wp\/v2\/pages\/2"}],"wp:featuredmedia":[{"embeddable":true,"href":"https:\/\/sey.fi\/joensuu\/wp-json\/wp\/v2\/media\/476"}],"wp:attachment":[{"href":"https:\/\/sey.fi\/joensuu\/wp-json\/wp\/v2\/media?parent=91"}],"curies":[{"name":"wp","href":"https:\/\/api.w.org\/{rel}","templated":true}]}}