{"id":93,"date":"2019-10-24T15:49:36","date_gmt":"2019-10-24T12:49:36","guid":{"rendered":"http:\/\/srvr10.xetpoint.com\/~seyfi\/joensuu\/?page_id=93"},"modified":"2025-11-09T22:48:56","modified_gmt":"2025-11-09T20:48:56","slug":"loytoelaimet","status":"publish","type":"page","link":"https:\/\/sey.fi\/joensuu\/joensuun-elainsuojeluyhdistys\/elainsuojelu\/loytoelaimet\/","title":{"rendered":"L\u00f6yt\u00f6el\u00e4imet"},"content":{"rendered":"\n<h2 class=\"wp-block-heading\">L\u00f6yt\u00f6el\u00e4imet Pohjois-Karjalassa<\/h2>\n\n\n\n<p>L\u00f6yt\u00f6el\u00e4imist\u00e4 vastaavien tahojen yhteystiedot l\u00f6yd\u00e4t <a href=\"http:\/\/siunsote.fi\/loytoelaimet\">t\u00e4\u00e4lt\u00e4<\/a>.<br>Mik\u00e4li et tied\u00e4 miten toimia, voit soittaa 050 371 83 47 tai 050 596 71 01.<\/p>\n\n\n\n<hr class=\"wp-block-separator has-alpha-channel-opacity\" \/>\n\n\n\n<p>L\u00f6yt\u00f6el\u00e4int\u00e4 on s\u00e4ilytett\u00e4v\u00e4 v\u00e4hint\u00e4\u00e4n 15 p\u00e4iv\u00e4n ajan siit\u00e4, kun el\u00e4imen omistajalle tai pit\u00e4j\u00e4lle on ilmoitettu el\u00e4imen talteenotosta tai kun talteenotosta on julkaistu 2 momentissa tarkoitettu ilmoitus. T\u00e4m\u00e4n j\u00e4lkeen kunnalla on oikeus myyd\u00e4, luovuttaa tai lopettaa el\u00e4in. Jos el\u00e4in on myyty ja myynnist\u00e4 saatava tulo on suurempi kuin el\u00e4imen hoidosta aiheutuneet kustannukset, kunnan on s\u00e4ilytett\u00e4v\u00e4 yli j\u00e4\u00e4vi\u00e4 varoja el\u00e4imen omistajan lukuun kolmen kuukauden ajan el\u00e4imen toimittamisesta talteenottopaikkaan, mink\u00e4 j\u00e4lkeen varat siirtyv\u00e4t kunnan omaisuudeksi.<\/p>\n\n\n\n<p>Kunnalla on oikeus peri\u00e4 el\u00e4imen omistajalta tai pit\u00e4j\u00e4lt\u00e4 korvaus el\u00e4imen talteenotosta, kuljetuksesta, hoidosta ja mahdollisesta lopettamisesta aiheutuneista tarpeellisista ja kohtuullisista kustannuksista.<\/p>\n\n\n\n<figure class=\"wp-block-image size-large\"><img loading=\"lazy\" decoding=\"async\" width=\"1024\" height=\"724\" src=\"https:\/\/sey.fi\/wp-content\/uploads\/sites\/13\/2025\/11\/Flower-Page-Border-A3-Landscape-Poster-1024x724.jpg\" alt=\"\" class=\"wp-image-825\" srcset=\"https:\/\/sey.fi\/wp-content\/uploads\/sites\/13\/2025\/11\/Flower-Page-Border-A3-Landscape-Poster-1024x724.jpg 1024w, https:\/\/sey.fi\/wp-content\/uploads\/sites\/13\/2025\/11\/Flower-Page-Border-A3-Landscape-Poster-300x212.jpg 300w, https:\/\/sey.fi\/wp-content\/uploads\/sites\/13\/2025\/11\/Flower-Page-Border-A3-Landscape-Poster-768x543.jpg 768w, https:\/\/sey.fi\/wp-content\/uploads\/sites\/13\/2025\/11\/Flower-Page-Border-A3-Landscape-Poster-1536x1086.jpg 1536w, https:\/\/sey.fi\/wp-content\/uploads\/sites\/13\/2025\/11\/Flower-Page-Border-A3-Landscape-Poster.jpg 2000w\" sizes=\"auto, (max-width: 1024px) 100vw, 1024px\" \/><\/figure>\n","protected":false},"excerpt":{"rendered":"<p>L\u00f6yt\u00f6el\u00e4imet Pohjois-Karjalassa L\u00f6yt\u00f6el\u00e4imist\u00e4 vastaavien tahojen yhteystiedot l\u00f6yd\u00e4t t\u00e4\u00e4lt\u00e4.Mik\u00e4li et tied\u00e4 miten toimia, voit soittaa 050 371 83 47 tai 050 596 71 01. L\u00f6yt\u00f6el\u00e4int\u00e4 on s\u00e4ilytett\u00e4v\u00e4 v\u00e4hint\u00e4\u00e4n 15 p\u00e4iv\u00e4n ajan siit\u00e4, kun el\u00e4imen omistajalle tai pit\u00e4j\u00e4lle on ilmoitettu el\u00e4imen talteenotosta tai kun talteenotosta on julkaistu 2 momentissa tarkoitettu ilmoitus. T\u00e4m\u00e4n j\u00e4lkeen kunnalla on oikeus myyd\u00e4, [&hellip;]<\/p>\n","protected":false},"author":8,"featured_media":480,"parent":91,"menu_order":0,"comment_status":"closed","ping_status":"closed","template":"","meta":{"_acf_changed":false,"footnotes":""},"class_list":["post-93","page","type-page","status-publish","has-post-thumbnail","hentry"],"acf":[],"yoast_head":"<!-- This site is optimized with the Yoast SEO plugin v27.1.1 - https:\/\/yoast.com\/product\/yoast-seo-wordpress\/ -->\n<title>L\u00f6yt\u00f6el\u00e4imet - Joensuun el\u00e4insuojeluyhdistys<\/title>\n<meta name=\"robots\" content=\"index, follow, max-snippet:-1, max-image-preview:large, max-video-preview:-1\" \/>\n<link rel=\"canonical\" href=\"https:\/\/sey.fi\/joensuu\/joensuun-elainsuojeluyhdistys\/elainsuojelu\/loytoelaimet\/\" \/>\n<meta property=\"og:locale\" content=\"fi_FI\" \/>\n<meta property=\"og:type\" content=\"article\" \/>\n<meta property=\"og:title\" content=\"L\u00f6yt\u00f6el\u00e4imet - Joensuun el\u00e4insuojeluyhdistys\" \/>\n<meta property=\"og:description\" content=\"L\u00f6yt\u00f6el\u00e4imet Pohjois-Karjalassa L\u00f6yt\u00f6el\u00e4imist\u00e4 vastaavien tahojen yhteystiedot l\u00f6yd\u00e4t t\u00e4\u00e4lt\u00e4.Mik\u00e4li et tied\u00e4 miten toimia, voit soittaa 050 371 83 47 tai 050 596 71 01. L\u00f6yt\u00f6el\u00e4int\u00e4 on s\u00e4ilytett\u00e4v\u00e4 v\u00e4hint\u00e4\u00e4n 15 p\u00e4iv\u00e4n ajan siit\u00e4, kun el\u00e4imen omistajalle tai pit\u00e4j\u00e4lle on ilmoitettu el\u00e4imen talteenotosta tai kun talteenotosta on julkaistu 2 momentissa tarkoitettu ilmoitus. T\u00e4m\u00e4n j\u00e4lkeen kunnalla on oikeus myyd\u00e4, [&hellip;]\" \/>\n<meta property=\"og:url\" content=\"https:\/\/sey.fi\/joensuu\/joensuun-elainsuojeluyhdistys\/elainsuojelu\/loytoelaimet\/\" \/>\n<meta property=\"og:site_name\" content=\"Joensuun el\u00e4insuojeluyhdistys\" \/>\n<meta property=\"article:modified_time\" content=\"2025-11-09T20:48:56+00:00\" \/>\n<meta property=\"og:image\" content=\"https:\/\/sey.fi\/wp-content\/uploads\/sites\/13\/2025\/05\/Kissa-ruohikossa.jpg\" \/>\n\t<meta property=\"og:image:width\" content=\"1280\" \/>\n\t<meta property=\"og:image:height\" content=\"853\" \/>\n\t<meta property=\"og:image:type\" content=\"image\/jpeg\" \/>\n<meta name=\"twitter:card\" content=\"summary_large_image\" \/>\n<meta name=\"twitter:label1\" content=\"Arvioitu lukuaika\" \/>\n\t<meta name=\"twitter:data1\" content=\"2 minuuttia\" \/>\n<script type=\"application\/ld+json\" class=\"yoast-schema-graph\">{\"@context\":\"https:\/\/schema.org\",\"@graph\":[{\"@type\":\"WebPage\",\"@id\":\"https:\/\/sey.fi\/joensuu\/joensuun-elainsuojeluyhdistys\/elainsuojelu\/loytoelaimet\/\",\"url\":\"https:\/\/sey.fi\/joensuu\/joensuun-elainsuojeluyhdistys\/elainsuojelu\/loytoelaimet\/\",\"name\":\"L\u00f6yt\u00f6el\u00e4imet - Joensuun el\u00e4insuojeluyhdistys\",\"isPartOf\":{\"@id\":\"https:\/\/sey.fi\/joensuu\/#website\"},\"primaryImageOfPage\":{\"@id\":\"https:\/\/sey.fi\/joensuu\/joensuun-elainsuojeluyhdistys\/elainsuojelu\/loytoelaimet\/#primaryimage\"},\"image\":{\"@id\":\"https:\/\/sey.fi\/joensuu\/joensuun-elainsuojeluyhdistys\/elainsuojelu\/loytoelaimet\/#primaryimage\"},\"thumbnailUrl\":\"https:\/\/sey.fi\/wp-content\/uploads\/sites\/13\/2025\/05\/Kissa-ruohikossa.jpg\",\"datePublished\":\"2019-10-24T12:49:36+00:00\",\"dateModified\":\"2025-11-09T20:48:56+00:00\",\"breadcrumb\":{\"@id\":\"https:\/\/sey.fi\/joensuu\/joensuun-elainsuojeluyhdistys\/elainsuojelu\/loytoelaimet\/#breadcrumb\"},\"inLanguage\":\"fi\",\"potentialAction\":[{\"@type\":\"ReadAction\",\"target\":[\"https:\/\/sey.fi\/joensuu\/joensuun-elainsuojeluyhdistys\/elainsuojelu\/loytoelaimet\/\"]}]},{\"@type\":\"ImageObject\",\"inLanguage\":\"fi\",\"@id\":\"https:\/\/sey.fi\/joensuu\/joensuun-elainsuojeluyhdistys\/elainsuojelu\/loytoelaimet\/#primaryimage\",\"url\":\"https:\/\/sey.fi\/wp-content\/uploads\/sites\/13\/2025\/05\/Kissa-ruohikossa.jpg\",\"contentUrl\":\"https:\/\/sey.fi\/wp-content\/uploads\/sites\/13\/2025\/05\/Kissa-ruohikossa.jpg\",\"width\":1280,\"height\":853,\"caption\":\"Kuva: KatineDesign\"},{\"@type\":\"BreadcrumbList\",\"@id\":\"https:\/\/sey.fi\/joensuu\/joensuun-elainsuojeluyhdistys\/elainsuojelu\/loytoelaimet\/#breadcrumb\",\"itemListElement\":[{\"@type\":\"ListItem\",\"position\":1,\"name\":\"Home\",\"item\":\"https:\/\/sey.fi\/joensuu\/\"},{\"@type\":\"ListItem\",\"position\":2,\"name\":\"Joensuun el\u00e4insuojeluyhdistys\",\"item\":\"https:\/\/sey.fi\/joensuu\/\"},{\"@type\":\"ListItem\",\"position\":3,\"name\":\"El\u00e4inten kaltoinkohtelun kohtaaminen\",\"item\":\"https:\/\/sey.fi\/joensuu\/joensuun-elainsuojeluyhdistys\/elainsuojelu\/\"},{\"@type\":\"ListItem\",\"position\":4,\"name\":\"L\u00f6yt\u00f6el\u00e4imet\"}]},{\"@type\":\"WebSite\",\"@id\":\"https:\/\/sey.fi\/joensuu\/#website\",\"url\":\"https:\/\/sey.fi\/joensuu\/\",\"name\":\"Joensuun el\u00e4insuojeluyhdistys\",\"description\":\"Uusi SEY J\u00e4senyhdistykset -sivusto\",\"potentialAction\":[{\"@type\":\"SearchAction\",\"target\":{\"@type\":\"EntryPoint\",\"urlTemplate\":\"https:\/\/sey.fi\/joensuu\/?s={search_term_string}\"},\"query-input\":{\"@type\":\"PropertyValueSpecification\",\"valueRequired\":true,\"valueName\":\"search_term_string\"}}],\"inLanguage\":\"fi\"}]}<\/script>\n<!-- \/ Yoast SEO plugin. -->","yoast_head_json":{"title":"L\u00f6yt\u00f6el\u00e4imet - Joensuun el\u00e4insuojeluyhdistys","robots":{"index":"index","follow":"follow","max-snippet":"max-snippet:-1","max-image-preview":"max-image-preview:large","max-video-preview":"max-video-preview:-1"},"canonical":"https:\/\/sey.fi\/joensuu\/joensuun-elainsuojeluyhdistys\/elainsuojelu\/loytoelaimet\/","og_locale":"fi_FI","og_type":"article","og_title":"L\u00f6yt\u00f6el\u00e4imet - Joensuun el\u00e4insuojeluyhdistys","og_description":"L\u00f6yt\u00f6el\u00e4imet Pohjois-Karjalassa L\u00f6yt\u00f6el\u00e4imist\u00e4 vastaavien tahojen yhteystiedot l\u00f6yd\u00e4t t\u00e4\u00e4lt\u00e4.Mik\u00e4li et tied\u00e4 miten toimia, voit soittaa 050 371 83 47 tai 050 596 71 01. L\u00f6yt\u00f6el\u00e4int\u00e4 on s\u00e4ilytett\u00e4v\u00e4 v\u00e4hint\u00e4\u00e4n 15 p\u00e4iv\u00e4n ajan siit\u00e4, kun el\u00e4imen omistajalle tai pit\u00e4j\u00e4lle on ilmoitettu el\u00e4imen talteenotosta tai kun talteenotosta on julkaistu 2 momentissa tarkoitettu ilmoitus. T\u00e4m\u00e4n j\u00e4lkeen kunnalla on oikeus myyd\u00e4, [&hellip;]","og_url":"https:\/\/sey.fi\/joensuu\/joensuun-elainsuojeluyhdistys\/elainsuojelu\/loytoelaimet\/","og_site_name":"Joensuun el\u00e4insuojeluyhdistys","article_modified_time":"2025-11-09T20:48:56+00:00","og_image":[{"width":1280,"height":853,"url":"https:\/\/sey.fi\/wp-content\/uploads\/sites\/13\/2025\/05\/Kissa-ruohikossa.jpg","type":"image\/jpeg"}],"twitter_card":"summary_large_image","twitter_misc":{"Arvioitu lukuaika":"2 minuuttia"},"schema":{"@context":"https:\/\/schema.org","@graph":[{"@type":"WebPage","@id":"https:\/\/sey.fi\/joensuu\/joensuun-elainsuojeluyhdistys\/elainsuojelu\/loytoelaimet\/","url":"https:\/\/sey.fi\/joensuu\/joensuun-elainsuojeluyhdistys\/elainsuojelu\/loytoelaimet\/","name":"L\u00f6yt\u00f6el\u00e4imet - Joensuun el\u00e4insuojeluyhdistys","isPartOf":{"@id":"https:\/\/sey.fi\/joensuu\/#website"},"primaryImageOfPage":{"@id":"https:\/\/sey.fi\/joensuu\/joensuun-elainsuojeluyhdistys\/elainsuojelu\/loytoelaimet\/#primaryimage"},"image":{"@id":"https:\/\/sey.fi\/joensuu\/joensuun-elainsuojeluyhdistys\/elainsuojelu\/loytoelaimet\/#primaryimage"},"thumbnailUrl":"https:\/\/sey.fi\/wp-content\/uploads\/sites\/13\/2025\/05\/Kissa-ruohikossa.jpg","datePublished":"2019-10-24T12:49:36+00:00","dateModified":"2025-11-09T20:48:56+00:00","breadcrumb":{"@id":"https:\/\/sey.fi\/joensuu\/joensuun-elainsuojeluyhdistys\/elainsuojelu\/loytoelaimet\/#breadcrumb"},"inLanguage":"fi","potentialAction":[{"@type":"ReadAction","target":["https:\/\/sey.fi\/joensuu\/joensuun-elainsuojeluyhdistys\/elainsuojelu\/loytoelaimet\/"]}]},{"@type":"ImageObject","inLanguage":"fi","@id":"https:\/\/sey.fi\/joensuu\/joensuun-elainsuojeluyhdistys\/elainsuojelu\/loytoelaimet\/#primaryimage","url":"https:\/\/sey.fi\/wp-content\/uploads\/sites\/13\/2025\/05\/Kissa-ruohikossa.jpg","contentUrl":"https:\/\/sey.fi\/wp-content\/uploads\/sites\/13\/2025\/05\/Kissa-ruohikossa.jpg","width":1280,"height":853,"caption":"Kuva: KatineDesign"},{"@type":"BreadcrumbList","@id":"https:\/\/sey.fi\/joensuu\/joensuun-elainsuojeluyhdistys\/elainsuojelu\/loytoelaimet\/#breadcrumb","itemListElement":[{"@type":"ListItem","position":1,"name":"Home","item":"https:\/\/sey.fi\/joensuu\/"},{"@type":"ListItem","position":2,"name":"Joensuun el\u00e4insuojeluyhdistys","item":"https:\/\/sey.fi\/joensuu\/"},{"@type":"ListItem","position":3,"name":"El\u00e4inten kaltoinkohtelun kohtaaminen","item":"https:\/\/sey.fi\/joensuu\/joensuun-elainsuojeluyhdistys\/elainsuojelu\/"},{"@type":"ListItem","position":4,"name":"L\u00f6yt\u00f6el\u00e4imet"}]},{"@type":"WebSite","@id":"https:\/\/sey.fi\/joensuu\/#website","url":"https:\/\/sey.fi\/joensuu\/","name":"Joensuun el\u00e4insuojeluyhdistys","description":"Uusi SEY J\u00e4senyhdistykset -sivusto","potentialAction":[{"@type":"SearchAction","target":{"@type":"EntryPoint","urlTemplate":"https:\/\/sey.fi\/joensuu\/?s={search_term_string}"},"query-input":{"@type":"PropertyValueSpecification","valueRequired":true,"valueName":"search_term_string"}}],"inLanguage":"fi"}]}},"_links":{"self":[{"href":"https:\/\/sey.fi\/joensuu\/wp-json\/wp\/v2\/pages\/93","targetHints":{"allow":["GET"]}}],"collection":[{"href":"https:\/\/sey.fi\/joensuu\/wp-json\/wp\/v2\/pages"}],"about":[{"href":"https:\/\/sey.fi\/joensuu\/wp-json\/wp\/v2\/types\/page"}],"author":[{"embeddable":true,"href":"https:\/\/sey.fi\/joensuu\/wp-json\/wp\/v2\/users\/8"}],"replies":[{"embeddable":true,"href":"https:\/\/sey.fi\/joensuu\/wp-json\/wp\/v2\/comments?post=93"}],"version-history":[{"count":8,"href":"https:\/\/sey.fi\/joensuu\/wp-json\/wp\/v2\/pages\/93\/revisions"}],"predecessor-version":[{"id":826,"href":"https:\/\/sey.fi\/joensuu\/wp-json\/wp\/v2\/pages\/93\/revisions\/826"}],"up":[{"embeddable":true,"href":"https:\/\/sey.fi\/joensuu\/wp-json\/wp\/v2\/pages\/91"}],"wp:featuredmedia":[{"embeddable":true,"href":"https:\/\/sey.fi\/joensuu\/wp-json\/wp\/v2\/media\/480"}],"wp:attachment":[{"href":"https:\/\/sey.fi\/joensuu\/wp-json\/wp\/v2\/media?parent=93"}],"curies":[{"name":"wp","href":"https:\/\/api.w.org\/{rel}","templated":true}]}}