{"id":100,"date":"2019-11-01T13:39:09","date_gmt":"2019-11-01T11:39:09","guid":{"rendered":"http:\/\/srvr10.xetpoint.com\/~seyfi\/kaakkois-suomi\/?page_id=100"},"modified":"2026-01-12T13:12:16","modified_gmt":"2026-01-12T11:12:16","slug":"sijaiskotitoiminta","status":"publish","type":"page","link":"https:\/\/sey.fi\/kaakkois-suomi\/kaakkois-suomen-elainsuojeluyhdistys\/toiminta\/sijaiskotitoiminta\/","title":{"rendered":"Sijaiskotitoiminta"},"content":{"rendered":"\n<p><strong>Sijaiskoti tarjoaa tilap\u00e4isen kodin kodittomalle el\u00e4imelle.<\/strong>\u00a0<br><br>El\u00e4insuojelukeskus Miun tilat ovat rajalliset, ja osa yhdistyksen el\u00e4imist\u00e4 Etel\u00e4-Karjalan alueella asuu sijaiskodeissa. Sijaiskoteihin pyrit\u00e4\u00e4n sijoittamaan el\u00e4imet, jotka ovat yhdistyksell\u00e4 pitemp\u00e4\u00e4n: n\u00e4it\u00e4 ovat esimerkiksi emot pentueineen, arat el\u00e4imet, vanhat el\u00e4imet ja pitk\u00e4\u00e4n El\u00e4insuojelukeskus Miulla olleet el\u00e4imet. Sijaiskoteihin sijoitetaan my\u00f6s koiria, kaneja, marsuja, matelijoita, lintuja ja jyrsij\u00f6it\u00e4.<br><br>Sijaiskoti hoitaa el\u00e4imi\u00e4\u00e4n kuin omiaan ja j\u00e4rjest\u00e4\u00e4 omatoimisesti tai yhdistyksen avulla hoitajan el\u00e4imille lomien tai matkojen ajaksi. KASEY ry toimittaa sijaiskodille tarvittavat v\u00e4lineet (esim. hiekkalaatikko ja hiekka, ruokakupit) ja ruoat sek\u00e4 maksaa mahdolliset el\u00e4inl\u00e4\u00e4k\u00e4rik\u00e4ynnit ja l\u00e4\u00e4kitykset. Sijaiskotiin voidaan mahdollisuuksien mukaan majoittaa useampi el\u00e4in. Sijaiskodilla on mahdollisuus adoptoida el\u00e4in halutessaan itselleen, mik\u00e4li sijaiskoti todetaan el\u00e4imelle sopivaksi loppuel\u00e4m\u00e4n kodiksi. <\/p>\n\n\n\n<p>Sijaiskotitoiminnasta vastaa sijaiskotivastaava ja sijaiskotitiimi. Sijaiskotivastaava tai -tiimil\u00e4inen vastaa sijaiskodissa olevien el\u00e4imien kyselyihin, sopii tapaamiset mahdollisen ostajan sek\u00e4 sijaiskodin kanssa, luovuttaa el\u00e4imen uudelle omistajalle ja auttaa sijaiskoteja tarvikkeiden, kuten ruoan, toimituksessa sek\u00e4 ongelmatilanteissa. Sijaiskodilla voi olla omiakin lemmikkej\u00e4, kunhan niiden rokotukset ovat kunnossa, ja kodista l\u00f6ytyy mahdollisuus rajata aluksi oma tila uudelle tulokkaalle.\u00a0<\/p>\n\n\n\n<p>Kaakkois-Suomen&nbsp;el\u00e4insuojeluyhdistys ry on yksi ensimm\u00e4isist\u00e4 el\u00e4insuojeluyhdistyksist\u00e4 Suomessa, joka harjoittaa sijaiskotitoimintaa. Sijaiskotitoiminnasta on paljon positiivisia kokemuksia. Esimerkiksi tautipaine on sijaiskodeissa el\u00e4inkotia pienempi, el\u00e4in saa enemm\u00e4n tarvitsemaansa huomiota sijaiskodissa, el\u00e4in saa liikkua vapaammin sijaiskodissa, sill\u00e4 on suurempi mahdollisuus omaan yksityisyyteen sek\u00e4 rauhaan sijaiskodissa ja sill\u00e4 on mahdollisuus valikoida tekemisi\u00e4\u00e4n paremmin (ikkunasta ulos katselu, useat makuupaikat). Sijaiskodissa el\u00e4in tottuu el\u00e4inkotia paremmin kodinomaiseen toimintaan, vieraisiin ja \u00e4\u00e4niin (kodinkoneet, siivous, kolaukset). Erityisesti pennuille on hyv\u00e4ksi p\u00e4\u00e4st\u00e4 kasvamaan sijaiskodissa, jotta niist\u00e4 tulee reippaita, rohkeita ja sosiaalisia lemmikkej\u00e4 uusille kodeille. My\u00f6s sairaiden el\u00e4inten hoitaminen on sijaiskodissa helpompaa kuin se, ett\u00e4 el\u00e4inkodille j\u00e4rjestet\u00e4\u00e4n useita ylim\u00e4\u00e4r\u00e4isi\u00e4 l\u00e4\u00e4kint\u00e4vuoroja hoitajille.<\/p>\n\n\n\n<p><strong>Jokaisella sijaiskodilla on merkityst\u00e4!<br><\/strong>Mik\u00e4li tunnet, ett\u00e4 haluaisit ja voisit auttaa tarjoamalla v\u00e4liaikaisen kodin kodittomalle el\u00e4imelle, t\u00e4yt\u00e4th\u00e4n&nbsp;<strong><a href=\"https:\/\/goo.gl\/forms\/BkuiVI1Hcc84r5QM2\" target=\"_blank\" rel=\"noreferrer noopener\">sijaiskotihakemuksemme<\/a><\/strong>. Englanninkielisen hakemuksen l\u00f6yd\u00e4t&nbsp;<strong><a href=\"https:\/\/docs.google.com\/forms\/d\/e\/1FAIpQLSc0BN_h0YM6e7nKWwm7lk5cW9c5MoaAoBEsKGrD1QtISfY22g\/viewform?usp=pp_url&amp;entry.1914087583&amp;entry.634455495&amp;entry.1305550031&amp;entry.395888482&amp;entry.473497457&amp;entry.1046454755&amp;entry.1072850505&amp;entry.496976484&amp;entry.1086676020&amp;entry.596200147&amp;entry.1364661317&amp;entry.1935216965&amp;entry.1789113099&amp;entry.15076814&amp;entry.1018666997&amp;entry.284300700&amp;entry.1019909964&amp;entry.1030385342&amp;entry.1961968381&amp;entry.947483806&amp;entry.282016544&amp;entry.858789764&amp;entry.1121776175&amp;entry.541216953&amp;entry.931188680&amp;entry.128521729\">t\u00e4\u00e4lt\u00e4<\/a><\/strong>.&nbsp;\/\/&nbsp;<strong><a href=\"https:\/\/docs.google.com\/forms\/d\/e\/1FAIpQLSc0BN_h0YM6e7nKWwm7lk5cW9c5MoaAoBEsKGrD1QtISfY22g\/viewform?usp=pp_url&amp;entry.1914087583&amp;entry.634455495&amp;entry.1305550031&amp;entry.395888482&amp;entry.473497457&amp;entry.1046454755&amp;entry.1072850505&amp;entry.496976484&amp;entry.1086676020&amp;entry.596200147&amp;entry.1364661317&amp;entry.1935216965&amp;entry.1789113099&amp;entry.15076814&amp;entry.1018666997&amp;entry.284300700&amp;entry.1019909964&amp;entry.1030385342&amp;entry.1961968381&amp;entry.947483806&amp;entry.282016544&amp;entry.858789764&amp;entry.1121776175&amp;entry.541216953&amp;entry.931188680&amp;entry.128521729\">In English<\/a><\/strong>.<\/p>\n\n\n\n<p>Lis\u00e4tietoja:<br><br><strong>Etel\u00e4-Karjalan alue:<\/strong><\/p>\n\n\n\n<p>Sijaiskotivastaava Siiri Mononen p. 050 553 6100 \/ <a href=\"mailto:kasey.sijaiskodit@gmail.com\"><strong>kasey.sijaiskodit(at)gmail.com<\/strong><\/a><br>Sijaiskotivastaava Pirjo Granb\u00e4ck (kissat) p.&nbsp;045 694 9597<\/p>\n\n\n\n<p><\/p>\n","protected":false},"excerpt":{"rendered":"<p>Sijaiskoti tarjoaa tilap\u00e4isen kodin kodittomalle el\u00e4imelle.\u00a0 El\u00e4insuojelukeskus Miun tilat ovat rajalliset, ja osa yhdistyksen el\u00e4imist\u00e4 Etel\u00e4-Karjalan alueella asuu sijaiskodeissa. Sijaiskoteihin pyrit\u00e4\u00e4n sijoittamaan el\u00e4imet, jotka ovat yhdistyksell\u00e4 pitemp\u00e4\u00e4n: n\u00e4it\u00e4 ovat esimerkiksi emot pentueineen, arat el\u00e4imet, vanhat el\u00e4imet ja pitk\u00e4\u00e4n El\u00e4insuojelukeskus Miulla olleet el\u00e4imet. Sijaiskoteihin sijoitetaan my\u00f6s koiria, kaneja, marsuja, matelijoita, lintuja ja jyrsij\u00f6it\u00e4. Sijaiskoti hoitaa el\u00e4imi\u00e4\u00e4n [&hellip;]<\/p>\n","protected":false},"author":8,"featured_media":0,"parent":67,"menu_order":0,"comment_status":"closed","ping_status":"closed","template":"","meta":{"_acf_changed":false,"footnotes":""},"class_list":["post-100","page","type-page","status-publish","hentry"],"acf":[],"yoast_head":"<!-- This site is optimized with the Yoast SEO plugin v27.1.1 - https:\/\/yoast.com\/product\/yoast-seo-wordpress\/ -->\n<title>Sijaiskotitoiminta - Kaakkois-Suomen el\u00e4insuojeluyhdistys<\/title>\n<meta name=\"robots\" content=\"index, follow, max-snippet:-1, max-image-preview:large, max-video-preview:-1\" \/>\n<link rel=\"canonical\" href=\"https:\/\/sey.fi\/kaakkois-suomi\/kaakkois-suomen-elainsuojeluyhdistys\/toiminta\/sijaiskotitoiminta\/\" \/>\n<meta property=\"og:locale\" content=\"fi_FI\" \/>\n<meta property=\"og:type\" content=\"article\" \/>\n<meta property=\"og:title\" content=\"Sijaiskotitoiminta - Kaakkois-Suomen el\u00e4insuojeluyhdistys\" \/>\n<meta property=\"og:description\" content=\"Sijaiskoti tarjoaa tilap\u00e4isen kodin kodittomalle el\u00e4imelle.\u00a0 El\u00e4insuojelukeskus Miun tilat ovat rajalliset, ja osa yhdistyksen el\u00e4imist\u00e4 Etel\u00e4-Karjalan alueella asuu sijaiskodeissa. Sijaiskoteihin pyrit\u00e4\u00e4n sijoittamaan el\u00e4imet, jotka ovat yhdistyksell\u00e4 pitemp\u00e4\u00e4n: n\u00e4it\u00e4 ovat esimerkiksi emot pentueineen, arat el\u00e4imet, vanhat el\u00e4imet ja pitk\u00e4\u00e4n El\u00e4insuojelukeskus Miulla olleet el\u00e4imet. Sijaiskoteihin sijoitetaan my\u00f6s koiria, kaneja, marsuja, matelijoita, lintuja ja jyrsij\u00f6it\u00e4. Sijaiskoti hoitaa el\u00e4imi\u00e4\u00e4n [&hellip;]\" \/>\n<meta property=\"og:url\" content=\"https:\/\/sey.fi\/kaakkois-suomi\/kaakkois-suomen-elainsuojeluyhdistys\/toiminta\/sijaiskotitoiminta\/\" \/>\n<meta property=\"og:site_name\" content=\"Kaakkois-Suomen el\u00e4insuojeluyhdistys\" \/>\n<meta property=\"article:modified_time\" content=\"2026-01-12T11:12:16+00:00\" \/>\n<meta name=\"twitter:card\" content=\"summary_large_image\" \/>\n<meta name=\"twitter:label1\" content=\"Arvioitu lukuaika\" \/>\n\t<meta name=\"twitter:data1\" content=\"2 minuuttia\" \/>\n<script type=\"application\/ld+json\" class=\"yoast-schema-graph\">{\"@context\":\"https:\/\/schema.org\",\"@graph\":[{\"@type\":\"WebPage\",\"@id\":\"https:\/\/sey.fi\/kaakkois-suomi\/kaakkois-suomen-elainsuojeluyhdistys\/toiminta\/sijaiskotitoiminta\/\",\"url\":\"https:\/\/sey.fi\/kaakkois-suomi\/kaakkois-suomen-elainsuojeluyhdistys\/toiminta\/sijaiskotitoiminta\/\",\"name\":\"Sijaiskotitoiminta - Kaakkois-Suomen el\u00e4insuojeluyhdistys\",\"isPartOf\":{\"@id\":\"https:\/\/sey.fi\/kaakkois-suomi\/#website\"},\"datePublished\":\"2019-11-01T11:39:09+00:00\",\"dateModified\":\"2026-01-12T11:12:16+00:00\",\"breadcrumb\":{\"@id\":\"https:\/\/sey.fi\/kaakkois-suomi\/kaakkois-suomen-elainsuojeluyhdistys\/toiminta\/sijaiskotitoiminta\/#breadcrumb\"},\"inLanguage\":\"fi\",\"potentialAction\":[{\"@type\":\"ReadAction\",\"target\":[\"https:\/\/sey.fi\/kaakkois-suomi\/kaakkois-suomen-elainsuojeluyhdistys\/toiminta\/sijaiskotitoiminta\/\"]}]},{\"@type\":\"BreadcrumbList\",\"@id\":\"https:\/\/sey.fi\/kaakkois-suomi\/kaakkois-suomen-elainsuojeluyhdistys\/toiminta\/sijaiskotitoiminta\/#breadcrumb\",\"itemListElement\":[{\"@type\":\"ListItem\",\"position\":1,\"name\":\"Home\",\"item\":\"https:\/\/sey.fi\/kaakkois-suomi\/\"},{\"@type\":\"ListItem\",\"position\":2,\"name\":\"Kaakkois-Suomen el\u00e4insuojeluyhdistys\",\"item\":\"https:\/\/sey.fi\/kaakkois-suomi\/\"},{\"@type\":\"ListItem\",\"position\":3,\"name\":\"Toiminta\",\"item\":\"https:\/\/sey.fi\/kaakkois-suomi\/kaakkois-suomen-elainsuojeluyhdistys\/toiminta\/\"},{\"@type\":\"ListItem\",\"position\":4,\"name\":\"Sijaiskotitoiminta\"}]},{\"@type\":\"WebSite\",\"@id\":\"https:\/\/sey.fi\/kaakkois-suomi\/#website\",\"url\":\"https:\/\/sey.fi\/kaakkois-suomi\/\",\"name\":\"Kaakkois-Suomen el\u00e4insuojeluyhdistys\",\"description\":\"Uusi SEY J\u00e4senyhdistykset -sivusto\",\"potentialAction\":[{\"@type\":\"SearchAction\",\"target\":{\"@type\":\"EntryPoint\",\"urlTemplate\":\"https:\/\/sey.fi\/kaakkois-suomi\/?s={search_term_string}\"},\"query-input\":{\"@type\":\"PropertyValueSpecification\",\"valueRequired\":true,\"valueName\":\"search_term_string\"}}],\"inLanguage\":\"fi\"}]}<\/script>\n<!-- \/ Yoast SEO plugin. -->","yoast_head_json":{"title":"Sijaiskotitoiminta - Kaakkois-Suomen el\u00e4insuojeluyhdistys","robots":{"index":"index","follow":"follow","max-snippet":"max-snippet:-1","max-image-preview":"max-image-preview:large","max-video-preview":"max-video-preview:-1"},"canonical":"https:\/\/sey.fi\/kaakkois-suomi\/kaakkois-suomen-elainsuojeluyhdistys\/toiminta\/sijaiskotitoiminta\/","og_locale":"fi_FI","og_type":"article","og_title":"Sijaiskotitoiminta - Kaakkois-Suomen el\u00e4insuojeluyhdistys","og_description":"Sijaiskoti tarjoaa tilap\u00e4isen kodin kodittomalle el\u00e4imelle.\u00a0 El\u00e4insuojelukeskus Miun tilat ovat rajalliset, ja osa yhdistyksen el\u00e4imist\u00e4 Etel\u00e4-Karjalan alueella asuu sijaiskodeissa. Sijaiskoteihin pyrit\u00e4\u00e4n sijoittamaan el\u00e4imet, jotka ovat yhdistyksell\u00e4 pitemp\u00e4\u00e4n: n\u00e4it\u00e4 ovat esimerkiksi emot pentueineen, arat el\u00e4imet, vanhat el\u00e4imet ja pitk\u00e4\u00e4n El\u00e4insuojelukeskus Miulla olleet el\u00e4imet. Sijaiskoteihin sijoitetaan my\u00f6s koiria, kaneja, marsuja, matelijoita, lintuja ja jyrsij\u00f6it\u00e4. Sijaiskoti hoitaa el\u00e4imi\u00e4\u00e4n [&hellip;]","og_url":"https:\/\/sey.fi\/kaakkois-suomi\/kaakkois-suomen-elainsuojeluyhdistys\/toiminta\/sijaiskotitoiminta\/","og_site_name":"Kaakkois-Suomen el\u00e4insuojeluyhdistys","article_modified_time":"2026-01-12T11:12:16+00:00","twitter_card":"summary_large_image","twitter_misc":{"Arvioitu lukuaika":"2 minuuttia"},"schema":{"@context":"https:\/\/schema.org","@graph":[{"@type":"WebPage","@id":"https:\/\/sey.fi\/kaakkois-suomi\/kaakkois-suomen-elainsuojeluyhdistys\/toiminta\/sijaiskotitoiminta\/","url":"https:\/\/sey.fi\/kaakkois-suomi\/kaakkois-suomen-elainsuojeluyhdistys\/toiminta\/sijaiskotitoiminta\/","name":"Sijaiskotitoiminta - Kaakkois-Suomen el\u00e4insuojeluyhdistys","isPartOf":{"@id":"https:\/\/sey.fi\/kaakkois-suomi\/#website"},"datePublished":"2019-11-01T11:39:09+00:00","dateModified":"2026-01-12T11:12:16+00:00","breadcrumb":{"@id":"https:\/\/sey.fi\/kaakkois-suomi\/kaakkois-suomen-elainsuojeluyhdistys\/toiminta\/sijaiskotitoiminta\/#breadcrumb"},"inLanguage":"fi","potentialAction":[{"@type":"ReadAction","target":["https:\/\/sey.fi\/kaakkois-suomi\/kaakkois-suomen-elainsuojeluyhdistys\/toiminta\/sijaiskotitoiminta\/"]}]},{"@type":"BreadcrumbList","@id":"https:\/\/sey.fi\/kaakkois-suomi\/kaakkois-suomen-elainsuojeluyhdistys\/toiminta\/sijaiskotitoiminta\/#breadcrumb","itemListElement":[{"@type":"ListItem","position":1,"name":"Home","item":"https:\/\/sey.fi\/kaakkois-suomi\/"},{"@type":"ListItem","position":2,"name":"Kaakkois-Suomen el\u00e4insuojeluyhdistys","item":"https:\/\/sey.fi\/kaakkois-suomi\/"},{"@type":"ListItem","position":3,"name":"Toiminta","item":"https:\/\/sey.fi\/kaakkois-suomi\/kaakkois-suomen-elainsuojeluyhdistys\/toiminta\/"},{"@type":"ListItem","position":4,"name":"Sijaiskotitoiminta"}]},{"@type":"WebSite","@id":"https:\/\/sey.fi\/kaakkois-suomi\/#website","url":"https:\/\/sey.fi\/kaakkois-suomi\/","name":"Kaakkois-Suomen el\u00e4insuojeluyhdistys","description":"Uusi SEY J\u00e4senyhdistykset -sivusto","potentialAction":[{"@type":"SearchAction","target":{"@type":"EntryPoint","urlTemplate":"https:\/\/sey.fi\/kaakkois-suomi\/?s={search_term_string}"},"query-input":{"@type":"PropertyValueSpecification","valueRequired":true,"valueName":"search_term_string"}}],"inLanguage":"fi"}]}},"_links":{"self":[{"href":"https:\/\/sey.fi\/kaakkois-suomi\/wp-json\/wp\/v2\/pages\/100","targetHints":{"allow":["GET"]}}],"collection":[{"href":"https:\/\/sey.fi\/kaakkois-suomi\/wp-json\/wp\/v2\/pages"}],"about":[{"href":"https:\/\/sey.fi\/kaakkois-suomi\/wp-json\/wp\/v2\/types\/page"}],"author":[{"embeddable":true,"href":"https:\/\/sey.fi\/kaakkois-suomi\/wp-json\/wp\/v2\/users\/8"}],"replies":[{"embeddable":true,"href":"https:\/\/sey.fi\/kaakkois-suomi\/wp-json\/wp\/v2\/comments?post=100"}],"version-history":[{"count":10,"href":"https:\/\/sey.fi\/kaakkois-suomi\/wp-json\/wp\/v2\/pages\/100\/revisions"}],"predecessor-version":[{"id":5624,"href":"https:\/\/sey.fi\/kaakkois-suomi\/wp-json\/wp\/v2\/pages\/100\/revisions\/5624"}],"up":[{"embeddable":true,"href":"https:\/\/sey.fi\/kaakkois-suomi\/wp-json\/wp\/v2\/pages\/67"}],"wp:attachment":[{"href":"https:\/\/sey.fi\/kaakkois-suomi\/wp-json\/wp\/v2\/media?parent=100"}],"curies":[{"name":"wp","href":"https:\/\/api.w.org\/{rel}","templated":true}]}}