{"id":102,"date":"2019-11-01T13:40:36","date_gmt":"2019-11-01T11:40:36","guid":{"rendered":"http:\/\/srvr10.xetpoint.com\/~seyfi\/kaakkois-suomi\/?page_id=102"},"modified":"2024-11-10T23:31:21","modified_gmt":"2024-11-10T21:31:21","slug":"luonnonvaraiset-elaimet","status":"publish","type":"page","link":"https:\/\/sey.fi\/kaakkois-suomi\/kaakkois-suomen-elainsuojeluyhdistys\/toiminta\/luonnonvaraiset-elaimet\/","title":{"rendered":"Luonnonvaraiset el\u00e4imet"},"content":{"rendered":"\n<p><em><strong>\u00c4l\u00e4 hoida luonnonvaraista el\u00e4int\u00e4 omatoimisesti &#8211; pyyd\u00e4 aina ensin apua ammattilaisilta.&nbsp;<\/strong><\/em><\/p>\n\n\n\n<p><strong>LUONNONVARAISET EL\u00c4IMET\u00a0ETEL\u00c4-KARJALAN ALUEELLA (kaikki lajit):<br>Luonnonel\u00e4invastaava Virve Haiko 050\u00a0555 1466<\/strong><\/p>\n\n\n\n<p><strong>Siilit<\/strong><\/p>\n\n\n\n<p>Luonnonvaraisiin siileihin liittyv\u00e4\u00e4 informaatiota ja ohjeita mm. ruokinnasta ja loukkaantuneen siilin auttamisesta l\u00f6ytyy&nbsp;<strong><a href=\"http:\/\/www.siilikiikarissa.fi\/\" target=\"_blank\" rel=\"noreferrer noopener\">Siili kiikarissa<\/a><\/strong>-nettisivustolta. Sivut ovat todella kattavat ja niit\u00e4 yll\u00e4pit\u00e4v\u00e4t siilien hoitoon erikoistuneet ihmiset.<\/p>\n\n\n\n<p><strong>Linnut<br><\/strong>Luonnosta yksin l\u00f6ydetyt el\u00e4inten poikaset, my\u00f6s lentokyvytt\u00f6m\u00e4t linnunpoikaset, ovat l\u00e4hes aina emojensa hoidossa ja saavat ravintoa ihmisen l\u00e4hdetty\u00e4 pois. \u00c4l\u00e4 ota poikasta hoitoosi hyv\u00e4ss\u00e4 tarkoituksessa mutta puutteellisin tiedoin. Jos lintu vaikuttaa loukkaantuneelta toimi n\u00e4in (l\u00e4hde:&nbsp;<a rel=\"noreferrer noopener\" href=\"http:\/\/www.ekly.org\/ajankohtaista\/mita-teen-jos-loydan-loukkaantuneen-linnun\/\" target=\"_blank\"><strong>Etel\u00e4-Karjalan lintutieteellinen yhdistys<\/strong><\/a>):<\/p>\n\n\n\n<p>1) Arvioi ensin itse linnun avuntarve: esimerkiksi ikkunaan t\u00f6rm\u00e4nnyt pikkulintu nousee usein itse siivilleen hieman huilattuaan, kun taas esimerkiksi siimaan sotkeutunut, kiinni j\u00e4\u00e4tynyt tai siipens\u00e4 vaurioittanut lintu ei yleens\u00e4 selvi\u00e4 tilanteesta itse.<\/p>\n\n\n\n<p>2) Jos pystyt auttamaan esimerkiksi siimaan sotkeutunutta lintua itse, lintua ja itse\u00e4si vaarantamatta, tee se. Mit\u00e4 nopeammin apu tulee, sit\u00e4 todenn\u00e4k\u00f6isemp\u00e4\u00e4 linnun selviytyminen on.<\/p>\n\n\n\n<p>3) Soita EKLY:n \u201dlintuambulanssikuskeille\u201d ja kysy neuvoja tai pyyd\u00e4 heit\u00e4 j\u00e4rjest\u00e4m\u00e4\u00e4n linnulle apua:<br>&#8211; Raine Kek\u00e4l\u00e4inen p. 040 412 5066 (Lappeenranta, Taipalsaari)<br>&#8211; Liisa Laitinen, p. 040 843 6280 (Lappeenranta)<\/p>\n\n\n\n<p><strong>Huomaa, ett\u00e4 mainitut alueet ovat viitteellisi\u00e4 \u2013 voit soittaa kenelle tahansa, vaikka lintu ei olisikaan ko. henkil\u00f6n kohdalla mainitulla alueella!<br><\/strong><br>Voit my\u00f6s olla yhteydess\u00e4:<\/p>\n\n\n\n<p><strong>Pyht\u00e4\u00e4n lintuhoitola<\/strong><br>040 518 8976<br>www.pyhtaanlintuhoitola.fi<br>Pyht\u00e4\u00e4n lintuhoitolan facebook-sivut:  https:\/\/www.facebook.com\/lintuhoitola\/ <\/p>\n\n\n\n<p><strong>Heinolan lintutarha<\/strong><br>P\u00e4ivystys 050 595 1416<br>Heinolan lintutarhan kotisivut:\u00a0<a href=\"http:\/\/www.heinolanlintutarha.fi\/\" target=\"_blank\" rel=\"noreferrer noopener\"><strong>http:\/\/www.heinolanlintutarha.fi<\/strong><\/a><\/p>\n\n\n\n<p>H\u00e4t\u00e4tapauksessa my\u00f6s el\u00e4insuojelukeskus Miun kautta voidaan etsi\u00e4 hoitaja linnuille.<\/p>\n\n\n\n<p><strong>Muut el\u00e4imet tai mik\u00e4li muut numerot eiv\u00e4t vastaa:<\/strong><br>El\u00e4insuojelukeskus Miu<br>p. 050 553 6100<br><br><strong>Mik\u00e4li kukaan ei vastaa<\/strong>, voit tavoitella\u00a0<strong><a href=\"https:\/\/www.sey.fi\/seytoimii\/luonnonvaraiset-elaimet\/kysy-neuvoa-luonnonvaraisista-elaimista\" target=\"_blank\" rel=\"noreferrer noopener\">SEYn el\u00e4insuojeluneuvojia<\/a>\u00a0<\/strong>ensiohjeistusta varten.<\/p>\n\n\n\n<p><strong>Voit ottaa yhteytt\u00e4 my\u00f6s kunnanel\u00e4inl\u00e4\u00e4k\u00e4riin.&nbsp;<\/strong>Jos el\u00e4int\u00e4 ei voida hoitaa, on kunnanel\u00e4inl\u00e4\u00e4k\u00e4rill\u00e4 kuitenkin velvollisuus maksutta lopettaa el\u00e4in.<\/p>\n\n\n\n<p>My\u00f6s&nbsp;<strong><a href=\"http:\/\/www.korkeasaari.fi\/suojelutyo\/villielainsairaala\/\" target=\"_blank\" rel=\"noreferrer noopener\">Korkeasaaren villiel\u00e4insairaala<\/a><\/strong>,&nbsp;<strong><a href=\"http:\/\/www.ahtarizoo.fi\/index.php\/fi\/\" target=\"_blank\" rel=\"noreferrer noopener\">\u00c4ht\u00e4rin el\u00e4inpuisto<\/a><\/strong>,&nbsp;<strong><a href=\"http:\/\/www.birdlife.fi\/\" target=\"_blank\" rel=\"noreferrer noopener\">Birdlife<\/a><\/strong>&nbsp;ja&nbsp;<strong><a href=\"http:\/\/www.ekly.org\/ajankohtaista\/mita-teen-jos-loydan-loukkaantuneen-linnun\/\" target=\"_blank\" rel=\"noreferrer noopener\">Etel\u00e4-Karjalan lintutieteellinen yhdistys EKLY<\/a>&nbsp;<\/strong>voivat auttaa luonnonvaraisten el\u00e4inten hoidossa.<\/p>\n\n\n\n<p><strong>Jos l\u00f6yd\u00e4t luonnosta linnunpoikasen tai loukkaantuneen el\u00e4imen:<\/strong><\/p>\n\n\n\n<p>Lain mukaan sairasta, vahingoittunutta tai muutoin avuttomassa tilassa olevaa luonnonvaraista el\u00e4int\u00e4 on pyritt\u00e4v\u00e4 auttamaan. Moni \u201dsiipeens\u00e4\u201d saanut on hyv\u00e4n hoidon j\u00e4lkeen noussut uudelleen siivilleen \u2013 ja lent\u00e4\u00e4 taas villin\u00e4 sek\u00e4 vapaana.<\/p>\n\n\n\n<p>Luonnossa voi t\u00f6rm\u00e4t\u00e4 orvon n\u00e4k\u00f6isiin, avuttoman oloisiin el\u00e4intenpoikasiin. Esimerkiksi hyl\u00e4tylt\u00e4 vaikuttava linnun- tai j\u00e4niksenpoikanen ei todenn\u00e4k\u00f6isesti ole hyl\u00e4tty, vaan emot tarkkailevat tilannetta l\u00e4hist\u00f6ll\u00e4 ja palaavat poikasen luo ihmisen poistuttua. Emo on poikasen paras hoitaja. Ihminen voi aiheuttaa tiet\u00e4m\u00e4tt\u00e4\u00e4n luonnonvaraisille el\u00e4imille vahinkoa puuttumalla niiden el\u00e4m\u00e4\u00e4n. Ensin on mietitt\u00e4v\u00e4, onko l\u00f6ytynyt el\u00e4in tosiaan avun tarpeessa. Hyv\u00e4t neuvot ovat silloin tarpeen, ettei tule auttamisen sijasta tehneeksi el\u00e4imelle vahinkoa. &nbsp;Ilman syyt\u00e4 ei el\u00e4imeen saa koskea, koska ihmisen k\u00e4siin joutuminen on luonnonel\u00e4imelle aina kova rasitus. Se voi jopa kuolla s\u00e4ik\u00e4hdykseen.<\/p>\n\n\n\n<p>Muistathan, ett\u00e4 luonnonvaraista el\u00e4int\u00e4 ei saa ottaa lemmikiksi, sen sijaan linnunp\u00f6ntt\u00f6jen ja siilien pesien rakennus auttaa niit\u00e4 kovasti!<\/p>\n\n\n\n<p>Luonnonvaraisten el\u00e4inten joukkosairastumisista, kuten esimerkiksi isosta joukosta sairaita lintuja, on syyt\u00e4 ilmoittaa kunnanel\u00e4inl\u00e4\u00e4k\u00e4rille tai valvontael\u00e4inl\u00e4\u00e4k\u00e4rille. Valvontael\u00e4inl\u00e4\u00e4k\u00e4rien tiedot l\u00f6yd\u00e4t kotisivuiltamme kohdasta:&nbsp;<strong><a href=\"https:\/\/sey.fi\/kaakkois-suomi\/kaakkois-suomen-elainsuojeluyhdistys\/elainsuojelu\/\">El\u00e4insuojelu<\/a><\/strong><\/p>\n\n\n\n<p><strong>Toimi n\u00e4in:<\/strong><\/p>\n\n\n\n<p>Soita&nbsp;Kaakkois-Suomen El\u00e4insuojeluyhdistys ry:n luonnonel\u00e4invastaavalle&nbsp;p.&nbsp;050 555 1466. Saat puhelimitse ohjeita ja apua tilanteeseen. Luonnonvaraisiin el\u00e4imiin ei tule puuttua ellei ole varmuutta ett\u00e4 el\u00e4in tarvitsee ihmisen apua!<\/p>\n\n\n\n<p><strong>Milloin luonnonvarainen el\u00e4in on avun tarpeessa?<\/strong><\/p>\n\n\n\n<p>Loukkaantunutta tai avuttomassa tilassa olevaa el\u00e4int\u00e4 on pyritt\u00e4v\u00e4 auttamaan (El\u00e4insuojelulaki 14 \u00a7). Villit el\u00e4imet stressaantuvat ihmisen l\u00e4heisyydest\u00e4, joten tarkista ennen apuun ryhtymist\u00e4, tarvitseeko el\u00e4in todella apua. <\/p>\n\n\n\n<p>Jos el\u00e4imess\u00e4 n\u00e4kyy p\u00e4\u00e4llep\u00e4in selkeit\u00e4 loukkaantumisen merkkej\u00e4 tai se on juuttunut aineeseen tai paikkaan, josta se ei yksin p\u00e4\u00e4se vapaaksi, se tarvitsee apua. Kaupunkiymp\u00e4rist\u00f6ss\u00e4 el\u00e4imet p\u00e4\u00e4tyv\u00e4t joskus mit\u00e4 kummallisimpiin paikkoihin, mutta useimmiten p\u00e4\u00e4sev\u00e4t itse my\u00f6s pois.<\/p>\n\n\n\n<p>Hyv\u00e4 nyrkkis\u00e4\u00e4nt\u00f6 avun tarpeeseen on se, ett\u00e4 el\u00e4imen saa helposti kiinni. Jos el\u00e4in pystyy pakenemaan, se todenn\u00e4k\u00f6isesti selvi\u00e4\u00e4 luonnossa. <strong>Soita aina ensin ohjeet luonnonvaraisten el\u00e4inten hoitamiseen perehtyneelt\u00e4 henkil\u00f6lt\u00e4! <\/strong>Esimerkiksi jalkansa loukanneet lentokykyiset linnut ovat hyvin vaikeita kiinniotettavia, eik\u00e4 jalalle usein voida tehd\u00e4 mit\u00e4\u00e4n. Jos l\u00f6yd\u00e4t luonnosta el\u00e4imen poikasen, jonka silm\u00e4t eiv\u00e4t ole auenneet, se on m\u00e4rk\u00e4 tai kylm\u00e4, tai tied\u00e4t etteiv\u00e4t sen vanhemmat hoida sit\u00e4, poikanen ei selviydy yksin. Tavallisimpia tapauksia ovat pesist\u00e4 pudonneet linnunpoikaset. Jos pes\u00e4paikka on tiedossa, poikasen voi nostaa sinne takaisin, emo ei hylk\u00e4\u00e4 sit\u00e4.<\/p>\n\n\n\n<p>Kaikki yksin\u00e4iset poikaset eiv\u00e4t tarvitse apua. Monet emot j\u00e4tt\u00e4v\u00e4t poikasensa yksin ravinnonhankinnan ajaksi. Esimerkiksi yksin\u00e4\u00e4n tavattavat hirviel\u00e4inten vasat, rusakon ja j\u00e4niksen poikaset, kuutit, lokinpoikaset sek\u00e4 rastaiden ja tiaisten maastopoikaset eiv\u00e4t yleens\u00e4 ole emonsa hylk\u00e4\u00e4mi\u00e4. Oma emo on aina poikasen paras huoltaja.&nbsp;<\/p>\n\n\n\n<p>L\u00e4hde:&nbsp;<br><strong><a href=\"http:\/\/www.korkeasaari.fi\/usein-kysyttya\/\" target=\"_blank\" rel=\"noreferrer noopener\">Korkeasaari.fi<\/a><\/strong><\/p>\n\n\n\n<p>Lis\u00e4tietoja luonnonvaraisten el\u00e4inten suojelusta l\u00f6yd\u00e4t my\u00f6s&nbsp;<strong><a href=\"http:\/\/www.sey.fi\/seytoimii\/luonnonvaraiset-elaimet\" target=\"_blank\" rel=\"noreferrer noopener\">SEYn nettisivuilta<\/a>.<\/strong><\/p>\n\n\n\n<p><\/p>\n","protected":false},"excerpt":{"rendered":"<p>\u00c4l\u00e4 hoida luonnonvaraista el\u00e4int\u00e4 omatoimisesti &#8211; pyyd\u00e4 aina ensin apua ammattilaisilta.&nbsp; LUONNONVARAISET EL\u00c4IMET\u00a0ETEL\u00c4-KARJALAN ALUEELLA (kaikki lajit):Luonnonel\u00e4invastaava Virve Haiko 050\u00a0555 1466 Siilit Luonnonvaraisiin siileihin liittyv\u00e4\u00e4 informaatiota ja ohjeita mm. ruokinnasta ja loukkaantuneen siilin auttamisesta l\u00f6ytyy&nbsp;Siili kiikarissa-nettisivustolta. Sivut ovat todella kattavat ja niit\u00e4 yll\u00e4pit\u00e4v\u00e4t siilien hoitoon erikoistuneet ihmiset. LinnutLuonnosta yksin l\u00f6ydetyt el\u00e4inten poikaset, my\u00f6s lentokyvytt\u00f6m\u00e4t linnunpoikaset, ovat [&hellip;]<\/p>\n","protected":false},"author":8,"featured_media":0,"parent":67,"menu_order":0,"comment_status":"closed","ping_status":"closed","template":"","meta":{"_acf_changed":false,"footnotes":""},"class_list":["post-102","page","type-page","status-publish","hentry"],"acf":[],"yoast_head":"<!-- This site is optimized with the Yoast SEO plugin v27.1.1 - https:\/\/yoast.com\/product\/yoast-seo-wordpress\/ -->\n<title>Luonnonvaraiset el\u00e4imet - Kaakkois-Suomen el\u00e4insuojeluyhdistys<\/title>\n<meta name=\"robots\" content=\"index, follow, max-snippet:-1, max-image-preview:large, max-video-preview:-1\" \/>\n<link rel=\"canonical\" href=\"https:\/\/sey.fi\/kaakkois-suomi\/kaakkois-suomen-elainsuojeluyhdistys\/toiminta\/luonnonvaraiset-elaimet\/\" \/>\n<meta property=\"og:locale\" content=\"fi_FI\" \/>\n<meta property=\"og:type\" content=\"article\" \/>\n<meta property=\"og:title\" content=\"Luonnonvaraiset el\u00e4imet - Kaakkois-Suomen el\u00e4insuojeluyhdistys\" \/>\n<meta property=\"og:description\" content=\"\u00c4l\u00e4 hoida luonnonvaraista el\u00e4int\u00e4 omatoimisesti &#8211; pyyd\u00e4 aina ensin apua ammattilaisilta.&nbsp; LUONNONVARAISET EL\u00c4IMET\u00a0ETEL\u00c4-KARJALAN ALUEELLA (kaikki lajit):Luonnonel\u00e4invastaava Virve Haiko 050\u00a0555 1466 Siilit Luonnonvaraisiin siileihin liittyv\u00e4\u00e4 informaatiota ja ohjeita mm. ruokinnasta ja loukkaantuneen siilin auttamisesta l\u00f6ytyy&nbsp;Siili kiikarissa-nettisivustolta. Sivut ovat todella kattavat ja niit\u00e4 yll\u00e4pit\u00e4v\u00e4t siilien hoitoon erikoistuneet ihmiset. LinnutLuonnosta yksin l\u00f6ydetyt el\u00e4inten poikaset, my\u00f6s lentokyvytt\u00f6m\u00e4t linnunpoikaset, ovat [&hellip;]\" \/>\n<meta property=\"og:url\" content=\"https:\/\/sey.fi\/kaakkois-suomi\/kaakkois-suomen-elainsuojeluyhdistys\/toiminta\/luonnonvaraiset-elaimet\/\" \/>\n<meta property=\"og:site_name\" content=\"Kaakkois-Suomen el\u00e4insuojeluyhdistys\" \/>\n<meta property=\"article:modified_time\" content=\"2024-11-10T21:31:21+00:00\" \/>\n<meta name=\"twitter:card\" content=\"summary_large_image\" \/>\n<meta name=\"twitter:label1\" content=\"Arvioitu lukuaika\" \/>\n\t<meta name=\"twitter:data1\" content=\"5 minuuttia\" \/>\n<script type=\"application\/ld+json\" class=\"yoast-schema-graph\">{\"@context\":\"https:\/\/schema.org\",\"@graph\":[{\"@type\":\"WebPage\",\"@id\":\"https:\/\/sey.fi\/kaakkois-suomi\/kaakkois-suomen-elainsuojeluyhdistys\/toiminta\/luonnonvaraiset-elaimet\/\",\"url\":\"https:\/\/sey.fi\/kaakkois-suomi\/kaakkois-suomen-elainsuojeluyhdistys\/toiminta\/luonnonvaraiset-elaimet\/\",\"name\":\"Luonnonvaraiset el\u00e4imet - Kaakkois-Suomen el\u00e4insuojeluyhdistys\",\"isPartOf\":{\"@id\":\"https:\/\/sey.fi\/kaakkois-suomi\/#website\"},\"datePublished\":\"2019-11-01T11:40:36+00:00\",\"dateModified\":\"2024-11-10T21:31:21+00:00\",\"breadcrumb\":{\"@id\":\"https:\/\/sey.fi\/kaakkois-suomi\/kaakkois-suomen-elainsuojeluyhdistys\/toiminta\/luonnonvaraiset-elaimet\/#breadcrumb\"},\"inLanguage\":\"fi\",\"potentialAction\":[{\"@type\":\"ReadAction\",\"target\":[\"https:\/\/sey.fi\/kaakkois-suomi\/kaakkois-suomen-elainsuojeluyhdistys\/toiminta\/luonnonvaraiset-elaimet\/\"]}]},{\"@type\":\"BreadcrumbList\",\"@id\":\"https:\/\/sey.fi\/kaakkois-suomi\/kaakkois-suomen-elainsuojeluyhdistys\/toiminta\/luonnonvaraiset-elaimet\/#breadcrumb\",\"itemListElement\":[{\"@type\":\"ListItem\",\"position\":1,\"name\":\"Home\",\"item\":\"https:\/\/sey.fi\/kaakkois-suomi\/\"},{\"@type\":\"ListItem\",\"position\":2,\"name\":\"Kaakkois-Suomen el\u00e4insuojeluyhdistys\",\"item\":\"https:\/\/sey.fi\/kaakkois-suomi\/\"},{\"@type\":\"ListItem\",\"position\":3,\"name\":\"Toiminta\",\"item\":\"https:\/\/sey.fi\/kaakkois-suomi\/kaakkois-suomen-elainsuojeluyhdistys\/toiminta\/\"},{\"@type\":\"ListItem\",\"position\":4,\"name\":\"Luonnonvaraiset el\u00e4imet\"}]},{\"@type\":\"WebSite\",\"@id\":\"https:\/\/sey.fi\/kaakkois-suomi\/#website\",\"url\":\"https:\/\/sey.fi\/kaakkois-suomi\/\",\"name\":\"Kaakkois-Suomen el\u00e4insuojeluyhdistys\",\"description\":\"Uusi SEY J\u00e4senyhdistykset -sivusto\",\"potentialAction\":[{\"@type\":\"SearchAction\",\"target\":{\"@type\":\"EntryPoint\",\"urlTemplate\":\"https:\/\/sey.fi\/kaakkois-suomi\/?s={search_term_string}\"},\"query-input\":{\"@type\":\"PropertyValueSpecification\",\"valueRequired\":true,\"valueName\":\"search_term_string\"}}],\"inLanguage\":\"fi\"}]}<\/script>\n<!-- \/ Yoast SEO plugin. -->","yoast_head_json":{"title":"Luonnonvaraiset el\u00e4imet - Kaakkois-Suomen el\u00e4insuojeluyhdistys","robots":{"index":"index","follow":"follow","max-snippet":"max-snippet:-1","max-image-preview":"max-image-preview:large","max-video-preview":"max-video-preview:-1"},"canonical":"https:\/\/sey.fi\/kaakkois-suomi\/kaakkois-suomen-elainsuojeluyhdistys\/toiminta\/luonnonvaraiset-elaimet\/","og_locale":"fi_FI","og_type":"article","og_title":"Luonnonvaraiset el\u00e4imet - Kaakkois-Suomen el\u00e4insuojeluyhdistys","og_description":"\u00c4l\u00e4 hoida luonnonvaraista el\u00e4int\u00e4 omatoimisesti &#8211; pyyd\u00e4 aina ensin apua ammattilaisilta.&nbsp; LUONNONVARAISET EL\u00c4IMET\u00a0ETEL\u00c4-KARJALAN ALUEELLA (kaikki lajit):Luonnonel\u00e4invastaava Virve Haiko 050\u00a0555 1466 Siilit Luonnonvaraisiin siileihin liittyv\u00e4\u00e4 informaatiota ja ohjeita mm. ruokinnasta ja loukkaantuneen siilin auttamisesta l\u00f6ytyy&nbsp;Siili kiikarissa-nettisivustolta. Sivut ovat todella kattavat ja niit\u00e4 yll\u00e4pit\u00e4v\u00e4t siilien hoitoon erikoistuneet ihmiset. LinnutLuonnosta yksin l\u00f6ydetyt el\u00e4inten poikaset, my\u00f6s lentokyvytt\u00f6m\u00e4t linnunpoikaset, ovat [&hellip;]","og_url":"https:\/\/sey.fi\/kaakkois-suomi\/kaakkois-suomen-elainsuojeluyhdistys\/toiminta\/luonnonvaraiset-elaimet\/","og_site_name":"Kaakkois-Suomen el\u00e4insuojeluyhdistys","article_modified_time":"2024-11-10T21:31:21+00:00","twitter_card":"summary_large_image","twitter_misc":{"Arvioitu lukuaika":"5 minuuttia"},"schema":{"@context":"https:\/\/schema.org","@graph":[{"@type":"WebPage","@id":"https:\/\/sey.fi\/kaakkois-suomi\/kaakkois-suomen-elainsuojeluyhdistys\/toiminta\/luonnonvaraiset-elaimet\/","url":"https:\/\/sey.fi\/kaakkois-suomi\/kaakkois-suomen-elainsuojeluyhdistys\/toiminta\/luonnonvaraiset-elaimet\/","name":"Luonnonvaraiset el\u00e4imet - Kaakkois-Suomen el\u00e4insuojeluyhdistys","isPartOf":{"@id":"https:\/\/sey.fi\/kaakkois-suomi\/#website"},"datePublished":"2019-11-01T11:40:36+00:00","dateModified":"2024-11-10T21:31:21+00:00","breadcrumb":{"@id":"https:\/\/sey.fi\/kaakkois-suomi\/kaakkois-suomen-elainsuojeluyhdistys\/toiminta\/luonnonvaraiset-elaimet\/#breadcrumb"},"inLanguage":"fi","potentialAction":[{"@type":"ReadAction","target":["https:\/\/sey.fi\/kaakkois-suomi\/kaakkois-suomen-elainsuojeluyhdistys\/toiminta\/luonnonvaraiset-elaimet\/"]}]},{"@type":"BreadcrumbList","@id":"https:\/\/sey.fi\/kaakkois-suomi\/kaakkois-suomen-elainsuojeluyhdistys\/toiminta\/luonnonvaraiset-elaimet\/#breadcrumb","itemListElement":[{"@type":"ListItem","position":1,"name":"Home","item":"https:\/\/sey.fi\/kaakkois-suomi\/"},{"@type":"ListItem","position":2,"name":"Kaakkois-Suomen el\u00e4insuojeluyhdistys","item":"https:\/\/sey.fi\/kaakkois-suomi\/"},{"@type":"ListItem","position":3,"name":"Toiminta","item":"https:\/\/sey.fi\/kaakkois-suomi\/kaakkois-suomen-elainsuojeluyhdistys\/toiminta\/"},{"@type":"ListItem","position":4,"name":"Luonnonvaraiset el\u00e4imet"}]},{"@type":"WebSite","@id":"https:\/\/sey.fi\/kaakkois-suomi\/#website","url":"https:\/\/sey.fi\/kaakkois-suomi\/","name":"Kaakkois-Suomen el\u00e4insuojeluyhdistys","description":"Uusi SEY J\u00e4senyhdistykset -sivusto","potentialAction":[{"@type":"SearchAction","target":{"@type":"EntryPoint","urlTemplate":"https:\/\/sey.fi\/kaakkois-suomi\/?s={search_term_string}"},"query-input":{"@type":"PropertyValueSpecification","valueRequired":true,"valueName":"search_term_string"}}],"inLanguage":"fi"}]}},"_links":{"self":[{"href":"https:\/\/sey.fi\/kaakkois-suomi\/wp-json\/wp\/v2\/pages\/102","targetHints":{"allow":["GET"]}}],"collection":[{"href":"https:\/\/sey.fi\/kaakkois-suomi\/wp-json\/wp\/v2\/pages"}],"about":[{"href":"https:\/\/sey.fi\/kaakkois-suomi\/wp-json\/wp\/v2\/types\/page"}],"author":[{"embeddable":true,"href":"https:\/\/sey.fi\/kaakkois-suomi\/wp-json\/wp\/v2\/users\/8"}],"replies":[{"embeddable":true,"href":"https:\/\/sey.fi\/kaakkois-suomi\/wp-json\/wp\/v2\/comments?post=102"}],"version-history":[{"count":10,"href":"https:\/\/sey.fi\/kaakkois-suomi\/wp-json\/wp\/v2\/pages\/102\/revisions"}],"predecessor-version":[{"id":4716,"href":"https:\/\/sey.fi\/kaakkois-suomi\/wp-json\/wp\/v2\/pages\/102\/revisions\/4716"}],"up":[{"embeddable":true,"href":"https:\/\/sey.fi\/kaakkois-suomi\/wp-json\/wp\/v2\/pages\/67"}],"wp:attachment":[{"href":"https:\/\/sey.fi\/kaakkois-suomi\/wp-json\/wp\/v2\/media?parent=102"}],"curies":[{"name":"wp","href":"https:\/\/api.w.org\/{rel}","templated":true}]}}