{"id":106,"date":"2019-11-01T13:42:25","date_gmt":"2019-11-01T11:42:25","guid":{"rendered":"http:\/\/srvr10.xetpoint.com\/~seyfi\/kaakkois-suomi\/?page_id=106"},"modified":"2019-11-01T13:42:26","modified_gmt":"2019-11-01T11:42:26","slug":"hautausmaa","status":"publish","type":"page","link":"https:\/\/sey.fi\/kaakkois-suomi\/kaakkois-suomen-elainsuojeluyhdistys\/toiminta\/elainten-hautausmaa\/hautausmaa\/","title":{"rendered":"Hautausmaa"},"content":{"rendered":"\n<p>Kaakkois-Suomen&nbsp;El\u00e4insuojeluyhdistys r.y. tarjoaa lemmikeille viimeisen leposijan Muukossa, noin 10 kilometrin p\u00e4\u00e4ss\u00e4 Lappeenrannan keskustasta.<\/p>\n\n\n\n<p>Hautausmaavastaava vastaa hautapaikkojen varauksista, hautapaikkojen osoituksista, yhteydenpidosta asiakkaisiin sek\u00e4 hautausmaan yleisest\u00e4 siisteydest\u00e4 ja hoidosta. Lis\u00e4ksi hautausmaalle tehd\u00e4\u00e4n suurempi siivous vapaaehtoisten talkoovoimin kaksi kertaa vuodessa &#8211; kev\u00e4isin sek\u00e4 syksyisin. Haravointiin, kuoppien kaivamiseen sek\u00e4 puiden ja hautojen hoito on kuitenkin eritt\u00e4in suuri ty\u00f6 yksin, joten haemme apuk\u00e4si\u00e4 hautausmaavastaavallemme. Olethan yhteydess\u00e4 hautausmaavastaavaamme, mik\u00e4li voisit silloin t\u00e4ll\u00f6in auttaa hautausmaan yll\u00e4pidossa:&nbsp;puhelinnumero&nbsp; 050 432 4942 tai s\u00e4hk\u00f6posti&nbsp;<strong><a href=\"mailto:kasey.hautausmaa@gmail.com\">kasey.hautausmaa(at)gmail.com<\/a><\/strong>.<\/p>\n","protected":false},"excerpt":{"rendered":"<p>Kaakkois-Suomen&nbsp;El\u00e4insuojeluyhdistys r.y. tarjoaa lemmikeille viimeisen leposijan Muukossa, noin 10 kilometrin p\u00e4\u00e4ss\u00e4 Lappeenrannan keskustasta. Hautausmaavastaava vastaa hautapaikkojen varauksista, hautapaikkojen osoituksista, yhteydenpidosta asiakkaisiin sek\u00e4 hautausmaan yleisest\u00e4 siisteydest\u00e4 ja hoidosta. Lis\u00e4ksi hautausmaalle tehd\u00e4\u00e4n suurempi siivous vapaaehtoisten talkoovoimin kaksi kertaa vuodessa &#8211; kev\u00e4isin sek\u00e4 syksyisin. Haravointiin, kuoppien kaivamiseen sek\u00e4 puiden ja hautojen hoito on kuitenkin eritt\u00e4in suuri ty\u00f6 yksin, [&hellip;]<\/p>\n","protected":false},"author":8,"featured_media":0,"parent":104,"menu_order":0,"comment_status":"closed","ping_status":"closed","template":"","meta":{"_acf_changed":false,"footnotes":""},"class_list":["post-106","page","type-page","status-publish","hentry"],"acf":[],"yoast_head":"<!-- This site is optimized with the Yoast SEO plugin v27.1.1 - https:\/\/yoast.com\/product\/yoast-seo-wordpress\/ -->\n<title>Hautausmaa - Kaakkois-Suomen el\u00e4insuojeluyhdistys<\/title>\n<meta name=\"robots\" content=\"index, follow, max-snippet:-1, max-image-preview:large, max-video-preview:-1\" \/>\n<link rel=\"canonical\" href=\"https:\/\/sey.fi\/kaakkois-suomi\/kaakkois-suomen-elainsuojeluyhdistys\/toiminta\/elainten-hautausmaa\/hautausmaa\/\" \/>\n<meta property=\"og:locale\" content=\"fi_FI\" \/>\n<meta property=\"og:type\" content=\"article\" \/>\n<meta property=\"og:title\" content=\"Hautausmaa - Kaakkois-Suomen el\u00e4insuojeluyhdistys\" \/>\n<meta property=\"og:description\" content=\"Kaakkois-Suomen&nbsp;El\u00e4insuojeluyhdistys r.y. tarjoaa lemmikeille viimeisen leposijan Muukossa, noin 10 kilometrin p\u00e4\u00e4ss\u00e4 Lappeenrannan keskustasta. Hautausmaavastaava vastaa hautapaikkojen varauksista, hautapaikkojen osoituksista, yhteydenpidosta asiakkaisiin sek\u00e4 hautausmaan yleisest\u00e4 siisteydest\u00e4 ja hoidosta. Lis\u00e4ksi hautausmaalle tehd\u00e4\u00e4n suurempi siivous vapaaehtoisten talkoovoimin kaksi kertaa vuodessa &#8211; kev\u00e4isin sek\u00e4 syksyisin. Haravointiin, kuoppien kaivamiseen sek\u00e4 puiden ja hautojen hoito on kuitenkin eritt\u00e4in suuri ty\u00f6 yksin, [&hellip;]\" \/>\n<meta property=\"og:url\" content=\"https:\/\/sey.fi\/kaakkois-suomi\/kaakkois-suomen-elainsuojeluyhdistys\/toiminta\/elainten-hautausmaa\/hautausmaa\/\" \/>\n<meta property=\"og:site_name\" content=\"Kaakkois-Suomen el\u00e4insuojeluyhdistys\" \/>\n<meta property=\"article:modified_time\" content=\"2019-11-01T11:42:26+00:00\" \/>\n<meta name=\"twitter:card\" content=\"summary_large_image\" \/>\n<script type=\"application\/ld+json\" class=\"yoast-schema-graph\">{\"@context\":\"https:\/\/schema.org\",\"@graph\":[{\"@type\":\"WebPage\",\"@id\":\"https:\/\/sey.fi\/kaakkois-suomi\/kaakkois-suomen-elainsuojeluyhdistys\/toiminta\/elainten-hautausmaa\/hautausmaa\/\",\"url\":\"https:\/\/sey.fi\/kaakkois-suomi\/kaakkois-suomen-elainsuojeluyhdistys\/toiminta\/elainten-hautausmaa\/hautausmaa\/\",\"name\":\"Hautausmaa - Kaakkois-Suomen el\u00e4insuojeluyhdistys\",\"isPartOf\":{\"@id\":\"https:\/\/sey.fi\/kaakkois-suomi\/#website\"},\"datePublished\":\"2019-11-01T11:42:25+00:00\",\"dateModified\":\"2019-11-01T11:42:26+00:00\",\"breadcrumb\":{\"@id\":\"https:\/\/sey.fi\/kaakkois-suomi\/kaakkois-suomen-elainsuojeluyhdistys\/toiminta\/elainten-hautausmaa\/hautausmaa\/#breadcrumb\"},\"inLanguage\":\"fi\",\"potentialAction\":[{\"@type\":\"ReadAction\",\"target\":[\"https:\/\/sey.fi\/kaakkois-suomi\/kaakkois-suomen-elainsuojeluyhdistys\/toiminta\/elainten-hautausmaa\/hautausmaa\/\"]}]},{\"@type\":\"BreadcrumbList\",\"@id\":\"https:\/\/sey.fi\/kaakkois-suomi\/kaakkois-suomen-elainsuojeluyhdistys\/toiminta\/elainten-hautausmaa\/hautausmaa\/#breadcrumb\",\"itemListElement\":[{\"@type\":\"ListItem\",\"position\":1,\"name\":\"Home\",\"item\":\"https:\/\/sey.fi\/kaakkois-suomi\/\"},{\"@type\":\"ListItem\",\"position\":2,\"name\":\"Kaakkois-Suomen el\u00e4insuojeluyhdistys\",\"item\":\"https:\/\/sey.fi\/kaakkois-suomi\/\"},{\"@type\":\"ListItem\",\"position\":3,\"name\":\"Toiminta\",\"item\":\"https:\/\/sey.fi\/kaakkois-suomi\/kaakkois-suomen-elainsuojeluyhdistys\/toiminta\/\"},{\"@type\":\"ListItem\",\"position\":4,\"name\":\"El\u00e4inten hautausmaa\",\"item\":\"https:\/\/sey.fi\/kaakkois-suomi\/kaakkois-suomen-elainsuojeluyhdistys\/toiminta\/elainten-hautausmaa\/\"},{\"@type\":\"ListItem\",\"position\":5,\"name\":\"Hautausmaa\"}]},{\"@type\":\"WebSite\",\"@id\":\"https:\/\/sey.fi\/kaakkois-suomi\/#website\",\"url\":\"https:\/\/sey.fi\/kaakkois-suomi\/\",\"name\":\"Kaakkois-Suomen el\u00e4insuojeluyhdistys\",\"description\":\"Uusi SEY J\u00e4senyhdistykset -sivusto\",\"potentialAction\":[{\"@type\":\"SearchAction\",\"target\":{\"@type\":\"EntryPoint\",\"urlTemplate\":\"https:\/\/sey.fi\/kaakkois-suomi\/?s={search_term_string}\"},\"query-input\":{\"@type\":\"PropertyValueSpecification\",\"valueRequired\":true,\"valueName\":\"search_term_string\"}}],\"inLanguage\":\"fi\"}]}<\/script>\n<!-- \/ Yoast SEO plugin. -->","yoast_head_json":{"title":"Hautausmaa - Kaakkois-Suomen el\u00e4insuojeluyhdistys","robots":{"index":"index","follow":"follow","max-snippet":"max-snippet:-1","max-image-preview":"max-image-preview:large","max-video-preview":"max-video-preview:-1"},"canonical":"https:\/\/sey.fi\/kaakkois-suomi\/kaakkois-suomen-elainsuojeluyhdistys\/toiminta\/elainten-hautausmaa\/hautausmaa\/","og_locale":"fi_FI","og_type":"article","og_title":"Hautausmaa - Kaakkois-Suomen el\u00e4insuojeluyhdistys","og_description":"Kaakkois-Suomen&nbsp;El\u00e4insuojeluyhdistys r.y. tarjoaa lemmikeille viimeisen leposijan Muukossa, noin 10 kilometrin p\u00e4\u00e4ss\u00e4 Lappeenrannan keskustasta. Hautausmaavastaava vastaa hautapaikkojen varauksista, hautapaikkojen osoituksista, yhteydenpidosta asiakkaisiin sek\u00e4 hautausmaan yleisest\u00e4 siisteydest\u00e4 ja hoidosta. Lis\u00e4ksi hautausmaalle tehd\u00e4\u00e4n suurempi siivous vapaaehtoisten talkoovoimin kaksi kertaa vuodessa &#8211; kev\u00e4isin sek\u00e4 syksyisin. Haravointiin, kuoppien kaivamiseen sek\u00e4 puiden ja hautojen hoito on kuitenkin eritt\u00e4in suuri ty\u00f6 yksin, [&hellip;]","og_url":"https:\/\/sey.fi\/kaakkois-suomi\/kaakkois-suomen-elainsuojeluyhdistys\/toiminta\/elainten-hautausmaa\/hautausmaa\/","og_site_name":"Kaakkois-Suomen el\u00e4insuojeluyhdistys","article_modified_time":"2019-11-01T11:42:26+00:00","twitter_card":"summary_large_image","schema":{"@context":"https:\/\/schema.org","@graph":[{"@type":"WebPage","@id":"https:\/\/sey.fi\/kaakkois-suomi\/kaakkois-suomen-elainsuojeluyhdistys\/toiminta\/elainten-hautausmaa\/hautausmaa\/","url":"https:\/\/sey.fi\/kaakkois-suomi\/kaakkois-suomen-elainsuojeluyhdistys\/toiminta\/elainten-hautausmaa\/hautausmaa\/","name":"Hautausmaa - Kaakkois-Suomen el\u00e4insuojeluyhdistys","isPartOf":{"@id":"https:\/\/sey.fi\/kaakkois-suomi\/#website"},"datePublished":"2019-11-01T11:42:25+00:00","dateModified":"2019-11-01T11:42:26+00:00","breadcrumb":{"@id":"https:\/\/sey.fi\/kaakkois-suomi\/kaakkois-suomen-elainsuojeluyhdistys\/toiminta\/elainten-hautausmaa\/hautausmaa\/#breadcrumb"},"inLanguage":"fi","potentialAction":[{"@type":"ReadAction","target":["https:\/\/sey.fi\/kaakkois-suomi\/kaakkois-suomen-elainsuojeluyhdistys\/toiminta\/elainten-hautausmaa\/hautausmaa\/"]}]},{"@type":"BreadcrumbList","@id":"https:\/\/sey.fi\/kaakkois-suomi\/kaakkois-suomen-elainsuojeluyhdistys\/toiminta\/elainten-hautausmaa\/hautausmaa\/#breadcrumb","itemListElement":[{"@type":"ListItem","position":1,"name":"Home","item":"https:\/\/sey.fi\/kaakkois-suomi\/"},{"@type":"ListItem","position":2,"name":"Kaakkois-Suomen el\u00e4insuojeluyhdistys","item":"https:\/\/sey.fi\/kaakkois-suomi\/"},{"@type":"ListItem","position":3,"name":"Toiminta","item":"https:\/\/sey.fi\/kaakkois-suomi\/kaakkois-suomen-elainsuojeluyhdistys\/toiminta\/"},{"@type":"ListItem","position":4,"name":"El\u00e4inten hautausmaa","item":"https:\/\/sey.fi\/kaakkois-suomi\/kaakkois-suomen-elainsuojeluyhdistys\/toiminta\/elainten-hautausmaa\/"},{"@type":"ListItem","position":5,"name":"Hautausmaa"}]},{"@type":"WebSite","@id":"https:\/\/sey.fi\/kaakkois-suomi\/#website","url":"https:\/\/sey.fi\/kaakkois-suomi\/","name":"Kaakkois-Suomen el\u00e4insuojeluyhdistys","description":"Uusi SEY J\u00e4senyhdistykset -sivusto","potentialAction":[{"@type":"SearchAction","target":{"@type":"EntryPoint","urlTemplate":"https:\/\/sey.fi\/kaakkois-suomi\/?s={search_term_string}"},"query-input":{"@type":"PropertyValueSpecification","valueRequired":true,"valueName":"search_term_string"}}],"inLanguage":"fi"}]}},"_links":{"self":[{"href":"https:\/\/sey.fi\/kaakkois-suomi\/wp-json\/wp\/v2\/pages\/106","targetHints":{"allow":["GET"]}}],"collection":[{"href":"https:\/\/sey.fi\/kaakkois-suomi\/wp-json\/wp\/v2\/pages"}],"about":[{"href":"https:\/\/sey.fi\/kaakkois-suomi\/wp-json\/wp\/v2\/types\/page"}],"author":[{"embeddable":true,"href":"https:\/\/sey.fi\/kaakkois-suomi\/wp-json\/wp\/v2\/users\/8"}],"replies":[{"embeddable":true,"href":"https:\/\/sey.fi\/kaakkois-suomi\/wp-json\/wp\/v2\/comments?post=106"}],"version-history":[{"count":1,"href":"https:\/\/sey.fi\/kaakkois-suomi\/wp-json\/wp\/v2\/pages\/106\/revisions"}],"predecessor-version":[{"id":107,"href":"https:\/\/sey.fi\/kaakkois-suomi\/wp-json\/wp\/v2\/pages\/106\/revisions\/107"}],"up":[{"embeddable":true,"href":"https:\/\/sey.fi\/kaakkois-suomi\/wp-json\/wp\/v2\/pages\/104"}],"wp:attachment":[{"href":"https:\/\/sey.fi\/kaakkois-suomi\/wp-json\/wp\/v2\/media?parent=106"}],"curies":[{"name":"wp","href":"https:\/\/api.w.org\/{rel}","templated":true}]}}