{"id":109,"date":"2019-11-01T13:44:29","date_gmt":"2019-11-01T11:44:29","guid":{"rendered":"http:\/\/srvr10.xetpoint.com\/~seyfi\/kaakkois-suomi\/?page_id=109"},"modified":"2023-12-04T18:15:05","modified_gmt":"2023-12-04T16:15:05","slug":"sirutus","status":"publish","type":"page","link":"https:\/\/sey.fi\/kaakkois-suomi\/kaakkois-suomen-elainsuojeluyhdistys\/yhdistys\/sirutus\/","title":{"rendered":"Sirutus"},"content":{"rendered":"\n<p><strong><br>El\u00e4inten tunnistemerkint\u00e4 ja rekister\u00f6inti<\/strong><\/p>\n\n\n\n<p>Suoritamme sirutuksia my\u00f6s yhdistyksen ulkopuolisille el\u00e4imille. Sirutettavan el\u00e4imen tulee olla normaalisti k\u00e4sitelt\u00e4viss\u00e4, eli emme siruta rauhoitusta vaativia el\u00e4imi\u00e4.<\/p>\n\n\n\n<p>El\u00e4imen sirutus el\u00e4insuojelukeskuksella (It\u00e4inen Kanavatie 6, Lappeenranta):<\/p>\n\n\n\n<ul class=\"wp-block-list\">\n<li>30\u20ac\/el\u00e4in<\/li>\n<\/ul>\n\n\n\n<p>Emme t\u00e4ll\u00e4 hetkell\u00e4 tee sirutuksia asiakkaan kotona.<\/p>\n\n\n\n<p>Yhdistys kirjaa sirun saaneen el\u00e4imen tunnistustiedot ja omistajan yhteystiedot&nbsp;<strong><a rel=\"noreferrer noopener\" href=\"https:\/\/turvasiru.fi\/\" target=\"_blank\">Turvasiru.fi<\/a><\/strong>-rekisteriin.&nbsp;Jos Turvasiru-palvelussa mukana oleva lemmikki katoaa omistajaltaan, voivat el\u00e4insuojeluviranomaiset el\u00e4imen l\u00f6ydytty\u00e4 saada t\u00e4m\u00e4n tunnusnumeron avulla v\u00e4litt\u00f6m\u00e4sti selville omistajan tiedot ja ottaa h\u00e4neen yhteytt\u00e4. Palvelu toimii internetiss\u00e4 24\/7. Omistaja saa henkil\u00f6kohtaisen k\u00e4ytt\u00e4j\u00e4tunnuksen ja salasanan, joilla voi koska tahansa internetin kautta tarkistaa ja muuttaa palvelun rekisteriss\u00e4 olevia yhteystietoja. Sirutushintoihin sis\u00e4ltyy mikrosirun hinta ja Turvasiru-rekisterin maksu.<\/p>\n\n\n\n<p>Huom! Koiran sirutuksessa saat my\u00f6s lomakkeen, jonka avulla voit ilmoittaa koirasi sirutiedot valtion koirarekisteriin. Koirarekisterin rekister\u00f6intimaksu ei sis\u00e4lly sirutuksen hintoihin, vaan omistajan tulee itse huolehtia rekisterimaksusta ja tietojen ilmoituksesta rekisteriin. Lis\u00e4tietoja koirarekisterist\u00e4 l\u00f6yd\u00e4t <strong><a href=\"https:\/\/www.ruokavirasto.fi\/elaimet\/elaintenpito-tunnistaminen-ja-rekisterointi\/elainten-merkinta-ja-rekisterointi\/koirat-kissat-ja-fretit\/koirarekisteri\/\" target=\"_blank\" rel=\"noreferrer noopener\">t\u00e4\u00e4lt\u00e4<\/a>.<br><\/strong><br>Lis\u00e4tietoja siruttamisesta saat s\u00e4hk\u00f6postitse kasey.elainsuojelukeskus@gmail.com&nbsp;tai puhelinnumerosta 050 553 6100.<\/p>\n","protected":false},"excerpt":{"rendered":"<p>El\u00e4inten tunnistemerkint\u00e4 ja rekister\u00f6inti Suoritamme sirutuksia my\u00f6s yhdistyksen ulkopuolisille el\u00e4imille. Sirutettavan el\u00e4imen tulee olla normaalisti k\u00e4sitelt\u00e4viss\u00e4, eli emme siruta rauhoitusta vaativia el\u00e4imi\u00e4. El\u00e4imen sirutus el\u00e4insuojelukeskuksella (It\u00e4inen Kanavatie 6, Lappeenranta): Emme t\u00e4ll\u00e4 hetkell\u00e4 tee sirutuksia asiakkaan kotona. Yhdistys kirjaa sirun saaneen el\u00e4imen tunnistustiedot ja omistajan yhteystiedot&nbsp;Turvasiru.fi-rekisteriin.&nbsp;Jos Turvasiru-palvelussa mukana oleva lemmikki katoaa omistajaltaan, voivat el\u00e4insuojeluviranomaiset el\u00e4imen l\u00f6ydytty\u00e4 [&hellip;]<\/p>\n","protected":false},"author":8,"featured_media":0,"parent":69,"menu_order":0,"comment_status":"closed","ping_status":"closed","template":"","meta":{"_acf_changed":false,"footnotes":""},"class_list":["post-109","page","type-page","status-publish","hentry"],"acf":[],"yoast_head":"<!-- This site is optimized with the Yoast SEO plugin v27.1.1 - https:\/\/yoast.com\/product\/yoast-seo-wordpress\/ -->\n<title>Sirutus - Kaakkois-Suomen el\u00e4insuojeluyhdistys<\/title>\n<meta name=\"robots\" content=\"index, follow, max-snippet:-1, max-image-preview:large, max-video-preview:-1\" \/>\n<link rel=\"canonical\" href=\"https:\/\/sey.fi\/kaakkois-suomi\/kaakkois-suomen-elainsuojeluyhdistys\/yhdistys\/sirutus\/\" \/>\n<meta property=\"og:locale\" content=\"fi_FI\" \/>\n<meta property=\"og:type\" content=\"article\" \/>\n<meta property=\"og:title\" content=\"Sirutus - Kaakkois-Suomen el\u00e4insuojeluyhdistys\" \/>\n<meta property=\"og:description\" content=\"El\u00e4inten tunnistemerkint\u00e4 ja rekister\u00f6inti Suoritamme sirutuksia my\u00f6s yhdistyksen ulkopuolisille el\u00e4imille. Sirutettavan el\u00e4imen tulee olla normaalisti k\u00e4sitelt\u00e4viss\u00e4, eli emme siruta rauhoitusta vaativia el\u00e4imi\u00e4. El\u00e4imen sirutus el\u00e4insuojelukeskuksella (It\u00e4inen Kanavatie 6, Lappeenranta): Emme t\u00e4ll\u00e4 hetkell\u00e4 tee sirutuksia asiakkaan kotona. Yhdistys kirjaa sirun saaneen el\u00e4imen tunnistustiedot ja omistajan yhteystiedot&nbsp;Turvasiru.fi-rekisteriin.&nbsp;Jos Turvasiru-palvelussa mukana oleva lemmikki katoaa omistajaltaan, voivat el\u00e4insuojeluviranomaiset el\u00e4imen l\u00f6ydytty\u00e4 [&hellip;]\" \/>\n<meta property=\"og:url\" content=\"https:\/\/sey.fi\/kaakkois-suomi\/kaakkois-suomen-elainsuojeluyhdistys\/yhdistys\/sirutus\/\" \/>\n<meta property=\"og:site_name\" content=\"Kaakkois-Suomen el\u00e4insuojeluyhdistys\" \/>\n<meta property=\"article:modified_time\" content=\"2023-12-04T16:15:05+00:00\" \/>\n<meta name=\"twitter:card\" content=\"summary_large_image\" \/>\n<meta name=\"twitter:label1\" content=\"Arvioitu lukuaika\" \/>\n\t<meta name=\"twitter:data1\" content=\"1 minuutti\" \/>\n<script type=\"application\/ld+json\" class=\"yoast-schema-graph\">{\"@context\":\"https:\/\/schema.org\",\"@graph\":[{\"@type\":\"WebPage\",\"@id\":\"https:\/\/sey.fi\/kaakkois-suomi\/kaakkois-suomen-elainsuojeluyhdistys\/yhdistys\/sirutus\/\",\"url\":\"https:\/\/sey.fi\/kaakkois-suomi\/kaakkois-suomen-elainsuojeluyhdistys\/yhdistys\/sirutus\/\",\"name\":\"Sirutus - Kaakkois-Suomen el\u00e4insuojeluyhdistys\",\"isPartOf\":{\"@id\":\"https:\/\/sey.fi\/kaakkois-suomi\/#website\"},\"datePublished\":\"2019-11-01T11:44:29+00:00\",\"dateModified\":\"2023-12-04T16:15:05+00:00\",\"breadcrumb\":{\"@id\":\"https:\/\/sey.fi\/kaakkois-suomi\/kaakkois-suomen-elainsuojeluyhdistys\/yhdistys\/sirutus\/#breadcrumb\"},\"inLanguage\":\"fi\",\"potentialAction\":[{\"@type\":\"ReadAction\",\"target\":[\"https:\/\/sey.fi\/kaakkois-suomi\/kaakkois-suomen-elainsuojeluyhdistys\/yhdistys\/sirutus\/\"]}]},{\"@type\":\"BreadcrumbList\",\"@id\":\"https:\/\/sey.fi\/kaakkois-suomi\/kaakkois-suomen-elainsuojeluyhdistys\/yhdistys\/sirutus\/#breadcrumb\",\"itemListElement\":[{\"@type\":\"ListItem\",\"position\":1,\"name\":\"Home\",\"item\":\"https:\/\/sey.fi\/kaakkois-suomi\/\"},{\"@type\":\"ListItem\",\"position\":2,\"name\":\"Kaakkois-Suomen el\u00e4insuojeluyhdistys\",\"item\":\"https:\/\/sey.fi\/kaakkois-suomi\/\"},{\"@type\":\"ListItem\",\"position\":3,\"name\":\"Yhdistys\",\"item\":\"https:\/\/sey.fi\/kaakkois-suomi\/kaakkois-suomen-elainsuojeluyhdistys\/yhdistys\/\"},{\"@type\":\"ListItem\",\"position\":4,\"name\":\"Sirutus\"}]},{\"@type\":\"WebSite\",\"@id\":\"https:\/\/sey.fi\/kaakkois-suomi\/#website\",\"url\":\"https:\/\/sey.fi\/kaakkois-suomi\/\",\"name\":\"Kaakkois-Suomen el\u00e4insuojeluyhdistys\",\"description\":\"Uusi SEY J\u00e4senyhdistykset -sivusto\",\"potentialAction\":[{\"@type\":\"SearchAction\",\"target\":{\"@type\":\"EntryPoint\",\"urlTemplate\":\"https:\/\/sey.fi\/kaakkois-suomi\/?s={search_term_string}\"},\"query-input\":{\"@type\":\"PropertyValueSpecification\",\"valueRequired\":true,\"valueName\":\"search_term_string\"}}],\"inLanguage\":\"fi\"}]}<\/script>\n<!-- \/ Yoast SEO plugin. -->","yoast_head_json":{"title":"Sirutus - Kaakkois-Suomen el\u00e4insuojeluyhdistys","robots":{"index":"index","follow":"follow","max-snippet":"max-snippet:-1","max-image-preview":"max-image-preview:large","max-video-preview":"max-video-preview:-1"},"canonical":"https:\/\/sey.fi\/kaakkois-suomi\/kaakkois-suomen-elainsuojeluyhdistys\/yhdistys\/sirutus\/","og_locale":"fi_FI","og_type":"article","og_title":"Sirutus - Kaakkois-Suomen el\u00e4insuojeluyhdistys","og_description":"El\u00e4inten tunnistemerkint\u00e4 ja rekister\u00f6inti Suoritamme sirutuksia my\u00f6s yhdistyksen ulkopuolisille el\u00e4imille. Sirutettavan el\u00e4imen tulee olla normaalisti k\u00e4sitelt\u00e4viss\u00e4, eli emme siruta rauhoitusta vaativia el\u00e4imi\u00e4. El\u00e4imen sirutus el\u00e4insuojelukeskuksella (It\u00e4inen Kanavatie 6, Lappeenranta): Emme t\u00e4ll\u00e4 hetkell\u00e4 tee sirutuksia asiakkaan kotona. Yhdistys kirjaa sirun saaneen el\u00e4imen tunnistustiedot ja omistajan yhteystiedot&nbsp;Turvasiru.fi-rekisteriin.&nbsp;Jos Turvasiru-palvelussa mukana oleva lemmikki katoaa omistajaltaan, voivat el\u00e4insuojeluviranomaiset el\u00e4imen l\u00f6ydytty\u00e4 [&hellip;]","og_url":"https:\/\/sey.fi\/kaakkois-suomi\/kaakkois-suomen-elainsuojeluyhdistys\/yhdistys\/sirutus\/","og_site_name":"Kaakkois-Suomen el\u00e4insuojeluyhdistys","article_modified_time":"2023-12-04T16:15:05+00:00","twitter_card":"summary_large_image","twitter_misc":{"Arvioitu lukuaika":"1 minuutti"},"schema":{"@context":"https:\/\/schema.org","@graph":[{"@type":"WebPage","@id":"https:\/\/sey.fi\/kaakkois-suomi\/kaakkois-suomen-elainsuojeluyhdistys\/yhdistys\/sirutus\/","url":"https:\/\/sey.fi\/kaakkois-suomi\/kaakkois-suomen-elainsuojeluyhdistys\/yhdistys\/sirutus\/","name":"Sirutus - Kaakkois-Suomen el\u00e4insuojeluyhdistys","isPartOf":{"@id":"https:\/\/sey.fi\/kaakkois-suomi\/#website"},"datePublished":"2019-11-01T11:44:29+00:00","dateModified":"2023-12-04T16:15:05+00:00","breadcrumb":{"@id":"https:\/\/sey.fi\/kaakkois-suomi\/kaakkois-suomen-elainsuojeluyhdistys\/yhdistys\/sirutus\/#breadcrumb"},"inLanguage":"fi","potentialAction":[{"@type":"ReadAction","target":["https:\/\/sey.fi\/kaakkois-suomi\/kaakkois-suomen-elainsuojeluyhdistys\/yhdistys\/sirutus\/"]}]},{"@type":"BreadcrumbList","@id":"https:\/\/sey.fi\/kaakkois-suomi\/kaakkois-suomen-elainsuojeluyhdistys\/yhdistys\/sirutus\/#breadcrumb","itemListElement":[{"@type":"ListItem","position":1,"name":"Home","item":"https:\/\/sey.fi\/kaakkois-suomi\/"},{"@type":"ListItem","position":2,"name":"Kaakkois-Suomen el\u00e4insuojeluyhdistys","item":"https:\/\/sey.fi\/kaakkois-suomi\/"},{"@type":"ListItem","position":3,"name":"Yhdistys","item":"https:\/\/sey.fi\/kaakkois-suomi\/kaakkois-suomen-elainsuojeluyhdistys\/yhdistys\/"},{"@type":"ListItem","position":4,"name":"Sirutus"}]},{"@type":"WebSite","@id":"https:\/\/sey.fi\/kaakkois-suomi\/#website","url":"https:\/\/sey.fi\/kaakkois-suomi\/","name":"Kaakkois-Suomen el\u00e4insuojeluyhdistys","description":"Uusi SEY J\u00e4senyhdistykset -sivusto","potentialAction":[{"@type":"SearchAction","target":{"@type":"EntryPoint","urlTemplate":"https:\/\/sey.fi\/kaakkois-suomi\/?s={search_term_string}"},"query-input":{"@type":"PropertyValueSpecification","valueRequired":true,"valueName":"search_term_string"}}],"inLanguage":"fi"}]}},"_links":{"self":[{"href":"https:\/\/sey.fi\/kaakkois-suomi\/wp-json\/wp\/v2\/pages\/109","targetHints":{"allow":["GET"]}}],"collection":[{"href":"https:\/\/sey.fi\/kaakkois-suomi\/wp-json\/wp\/v2\/pages"}],"about":[{"href":"https:\/\/sey.fi\/kaakkois-suomi\/wp-json\/wp\/v2\/types\/page"}],"author":[{"embeddable":true,"href":"https:\/\/sey.fi\/kaakkois-suomi\/wp-json\/wp\/v2\/users\/8"}],"replies":[{"embeddable":true,"href":"https:\/\/sey.fi\/kaakkois-suomi\/wp-json\/wp\/v2\/comments?post=109"}],"version-history":[{"count":8,"href":"https:\/\/sey.fi\/kaakkois-suomi\/wp-json\/wp\/v2\/pages\/109\/revisions"}],"predecessor-version":[{"id":3855,"href":"https:\/\/sey.fi\/kaakkois-suomi\/wp-json\/wp\/v2\/pages\/109\/revisions\/3855"}],"up":[{"embeddable":true,"href":"https:\/\/sey.fi\/kaakkois-suomi\/wp-json\/wp\/v2\/pages\/69"}],"wp:attachment":[{"href":"https:\/\/sey.fi\/kaakkois-suomi\/wp-json\/wp\/v2\/media?parent=109"}],"curies":[{"name":"wp","href":"https:\/\/api.w.org\/{rel}","templated":true}]}}