{"id":111,"date":"2019-11-01T13:45:25","date_gmt":"2019-11-01T11:45:25","guid":{"rendered":"http:\/\/srvr10.xetpoint.com\/~seyfi\/kaakkois-suomi\/?page_id=111"},"modified":"2024-11-05T15:40:04","modified_gmt":"2024-11-05T13:40:04","slug":"kirpputori","status":"publish","type":"page","link":"https:\/\/sey.fi\/kaakkois-suomi\/kaakkois-suomen-elainsuojeluyhdistys\/yhdistys\/kirpputori\/","title":{"rendered":"Kirpputori"},"content":{"rendered":"\n<p>T\u00e4ll\u00e4 hetkell\u00e4 yhdistyksell\u00e4 on jatkuva kirppisp\u00f6yt\u00e4 Lappeenrannassa\u00a0<strong><a href=\"http:\/\/www.vilmas.fi\/\" target=\"_blank\" rel=\"noreferrer noopener\">Vilma&#8217;s Second Hand<\/a><\/strong>-kirpputorilla (os. Ratakatu 33), p\u00f6yd\u00e4n nro c205. Yhdistyksell\u00e4 on jatkuva kirpputori el\u00e4insuojelukeskuksen piharakennuksessa. Pihakirppis on avoinna aina kahvilan aukiollessa. Tervetuloa ostoksille!<br><br><strong>Lahjoita kirpputoritavaraa el\u00e4insuojeluyhdistyksen hyv\u00e4ksi!<\/strong><br>T\u00e4ll\u00e4 hetkell\u00e4 varastointitilamme ovat todella rajalliset ja\u00a0voimme vastaanottaa kirppislahjoituksiksi vain el\u00e4inten tarvikkeita, kuten pantoja, valjaita, ulkoilutakkeja, kuljetusbokseja, yms tai muuta arvokkaampaa tavaraa.\u00a0Jos sinulla on tavaroita joita haluat lahjoittaa, otathan ensin yhteytt\u00e4 meihin s\u00e4hk\u00f6postilla: <strong><a href=\"mailto:kaakkoissuomensey@gmail.com\">kaakkoissuomensey(at)gmail.com<\/a><\/strong><br><br><strong>Avustamme my\u00f6s muita!<\/strong><br>Yli oman tarpeemme tulevat lahjoitukset jaamme muiden el\u00e4insuojelutoimijoiden kanssa. Jaamme yli oman tarpeen tulevia lahjoituksia my\u00f6s suoraan v\u00e4h\u00e4varaisille.<\/p>\n\n\n\n<p><strong>Kirpputorivastaava<br><\/strong>Kirppisvastaavamme teht\u00e4viin kuuluu kirpputorilahjoitusten lajittelu, hinnoittelu, tavaroiden vieminen kirpputorille sek\u00e4 kirpputorip\u00f6yd\u00e4n yll\u00e4pito.&nbsp;Jos olet innokas aloittamaan kirpputorivastaavana jollakin toisella paikkakunnalla (esim. Imatralla), ota meihin&nbsp;yhteytt\u00e4. Mik\u00e4li koet, ett\u00e4 voit avustaa kirppisvastaavaamme tai toimia itse kirppisvastaavana, ota yhteytt\u00e4<strong>&nbsp;<a href=\"mailto:kaakkoissuomensey@gmail.com\">kaakkoissuomensey(at)gmail.com<\/a><\/strong><\/p>\n","protected":false},"excerpt":{"rendered":"<p>T\u00e4ll\u00e4 hetkell\u00e4 yhdistyksell\u00e4 on jatkuva kirppisp\u00f6yt\u00e4 Lappeenrannassa\u00a0Vilma&#8217;s Second Hand-kirpputorilla (os. Ratakatu 33), p\u00f6yd\u00e4n nro c205. Yhdistyksell\u00e4 on jatkuva kirpputori el\u00e4insuojelukeskuksen piharakennuksessa. Pihakirppis on avoinna aina kahvilan aukiollessa. Tervetuloa ostoksille! Lahjoita kirpputoritavaraa el\u00e4insuojeluyhdistyksen hyv\u00e4ksi!T\u00e4ll\u00e4 hetkell\u00e4 varastointitilamme ovat todella rajalliset ja\u00a0voimme vastaanottaa kirppislahjoituksiksi vain el\u00e4inten tarvikkeita, kuten pantoja, valjaita, ulkoilutakkeja, kuljetusbokseja, yms tai muuta arvokkaampaa tavaraa.\u00a0Jos sinulla [&hellip;]<\/p>\n","protected":false},"author":8,"featured_media":0,"parent":69,"menu_order":0,"comment_status":"closed","ping_status":"closed","template":"","meta":{"_acf_changed":false,"footnotes":""},"class_list":["post-111","page","type-page","status-publish","hentry"],"acf":[],"yoast_head":"<!-- This site is optimized with the Yoast SEO plugin v27.1.1 - https:\/\/yoast.com\/product\/yoast-seo-wordpress\/ -->\n<title>Kirpputori - Kaakkois-Suomen el\u00e4insuojeluyhdistys<\/title>\n<meta name=\"robots\" content=\"index, follow, max-snippet:-1, max-image-preview:large, max-video-preview:-1\" \/>\n<link rel=\"canonical\" href=\"https:\/\/sey.fi\/kaakkois-suomi\/kaakkois-suomen-elainsuojeluyhdistys\/yhdistys\/kirpputori\/\" \/>\n<meta property=\"og:locale\" content=\"fi_FI\" \/>\n<meta property=\"og:type\" content=\"article\" \/>\n<meta property=\"og:title\" content=\"Kirpputori - Kaakkois-Suomen el\u00e4insuojeluyhdistys\" \/>\n<meta property=\"og:description\" content=\"T\u00e4ll\u00e4 hetkell\u00e4 yhdistyksell\u00e4 on jatkuva kirppisp\u00f6yt\u00e4 Lappeenrannassa\u00a0Vilma&#8217;s Second Hand-kirpputorilla (os. Ratakatu 33), p\u00f6yd\u00e4n nro c205. Yhdistyksell\u00e4 on jatkuva kirpputori el\u00e4insuojelukeskuksen piharakennuksessa. Pihakirppis on avoinna aina kahvilan aukiollessa. Tervetuloa ostoksille! Lahjoita kirpputoritavaraa el\u00e4insuojeluyhdistyksen hyv\u00e4ksi!T\u00e4ll\u00e4 hetkell\u00e4 varastointitilamme ovat todella rajalliset ja\u00a0voimme vastaanottaa kirppislahjoituksiksi vain el\u00e4inten tarvikkeita, kuten pantoja, valjaita, ulkoilutakkeja, kuljetusbokseja, yms tai muuta arvokkaampaa tavaraa.\u00a0Jos sinulla [&hellip;]\" \/>\n<meta property=\"og:url\" content=\"https:\/\/sey.fi\/kaakkois-suomi\/kaakkois-suomen-elainsuojeluyhdistys\/yhdistys\/kirpputori\/\" \/>\n<meta property=\"og:site_name\" content=\"Kaakkois-Suomen el\u00e4insuojeluyhdistys\" \/>\n<meta property=\"article:modified_time\" content=\"2024-11-05T13:40:04+00:00\" \/>\n<meta name=\"twitter:card\" content=\"summary_large_image\" \/>\n<meta name=\"twitter:label1\" content=\"Arvioitu lukuaika\" \/>\n\t<meta name=\"twitter:data1\" content=\"1 minuutti\" \/>\n<script type=\"application\/ld+json\" class=\"yoast-schema-graph\">{\"@context\":\"https:\/\/schema.org\",\"@graph\":[{\"@type\":\"WebPage\",\"@id\":\"https:\/\/sey.fi\/kaakkois-suomi\/kaakkois-suomen-elainsuojeluyhdistys\/yhdistys\/kirpputori\/\",\"url\":\"https:\/\/sey.fi\/kaakkois-suomi\/kaakkois-suomen-elainsuojeluyhdistys\/yhdistys\/kirpputori\/\",\"name\":\"Kirpputori - Kaakkois-Suomen el\u00e4insuojeluyhdistys\",\"isPartOf\":{\"@id\":\"https:\/\/sey.fi\/kaakkois-suomi\/#website\"},\"datePublished\":\"2019-11-01T11:45:25+00:00\",\"dateModified\":\"2024-11-05T13:40:04+00:00\",\"breadcrumb\":{\"@id\":\"https:\/\/sey.fi\/kaakkois-suomi\/kaakkois-suomen-elainsuojeluyhdistys\/yhdistys\/kirpputori\/#breadcrumb\"},\"inLanguage\":\"fi\",\"potentialAction\":[{\"@type\":\"ReadAction\",\"target\":[\"https:\/\/sey.fi\/kaakkois-suomi\/kaakkois-suomen-elainsuojeluyhdistys\/yhdistys\/kirpputori\/\"]}]},{\"@type\":\"BreadcrumbList\",\"@id\":\"https:\/\/sey.fi\/kaakkois-suomi\/kaakkois-suomen-elainsuojeluyhdistys\/yhdistys\/kirpputori\/#breadcrumb\",\"itemListElement\":[{\"@type\":\"ListItem\",\"position\":1,\"name\":\"Home\",\"item\":\"https:\/\/sey.fi\/kaakkois-suomi\/\"},{\"@type\":\"ListItem\",\"position\":2,\"name\":\"Kaakkois-Suomen el\u00e4insuojeluyhdistys\",\"item\":\"https:\/\/sey.fi\/kaakkois-suomi\/\"},{\"@type\":\"ListItem\",\"position\":3,\"name\":\"Yhdistys\",\"item\":\"https:\/\/sey.fi\/kaakkois-suomi\/kaakkois-suomen-elainsuojeluyhdistys\/yhdistys\/\"},{\"@type\":\"ListItem\",\"position\":4,\"name\":\"Kirpputori\"}]},{\"@type\":\"WebSite\",\"@id\":\"https:\/\/sey.fi\/kaakkois-suomi\/#website\",\"url\":\"https:\/\/sey.fi\/kaakkois-suomi\/\",\"name\":\"Kaakkois-Suomen el\u00e4insuojeluyhdistys\",\"description\":\"Uusi SEY J\u00e4senyhdistykset -sivusto\",\"potentialAction\":[{\"@type\":\"SearchAction\",\"target\":{\"@type\":\"EntryPoint\",\"urlTemplate\":\"https:\/\/sey.fi\/kaakkois-suomi\/?s={search_term_string}\"},\"query-input\":{\"@type\":\"PropertyValueSpecification\",\"valueRequired\":true,\"valueName\":\"search_term_string\"}}],\"inLanguage\":\"fi\"}]}<\/script>\n<!-- \/ Yoast SEO plugin. -->","yoast_head_json":{"title":"Kirpputori - Kaakkois-Suomen el\u00e4insuojeluyhdistys","robots":{"index":"index","follow":"follow","max-snippet":"max-snippet:-1","max-image-preview":"max-image-preview:large","max-video-preview":"max-video-preview:-1"},"canonical":"https:\/\/sey.fi\/kaakkois-suomi\/kaakkois-suomen-elainsuojeluyhdistys\/yhdistys\/kirpputori\/","og_locale":"fi_FI","og_type":"article","og_title":"Kirpputori - Kaakkois-Suomen el\u00e4insuojeluyhdistys","og_description":"T\u00e4ll\u00e4 hetkell\u00e4 yhdistyksell\u00e4 on jatkuva kirppisp\u00f6yt\u00e4 Lappeenrannassa\u00a0Vilma&#8217;s Second Hand-kirpputorilla (os. Ratakatu 33), p\u00f6yd\u00e4n nro c205. Yhdistyksell\u00e4 on jatkuva kirpputori el\u00e4insuojelukeskuksen piharakennuksessa. Pihakirppis on avoinna aina kahvilan aukiollessa. Tervetuloa ostoksille! Lahjoita kirpputoritavaraa el\u00e4insuojeluyhdistyksen hyv\u00e4ksi!T\u00e4ll\u00e4 hetkell\u00e4 varastointitilamme ovat todella rajalliset ja\u00a0voimme vastaanottaa kirppislahjoituksiksi vain el\u00e4inten tarvikkeita, kuten pantoja, valjaita, ulkoilutakkeja, kuljetusbokseja, yms tai muuta arvokkaampaa tavaraa.\u00a0Jos sinulla [&hellip;]","og_url":"https:\/\/sey.fi\/kaakkois-suomi\/kaakkois-suomen-elainsuojeluyhdistys\/yhdistys\/kirpputori\/","og_site_name":"Kaakkois-Suomen el\u00e4insuojeluyhdistys","article_modified_time":"2024-11-05T13:40:04+00:00","twitter_card":"summary_large_image","twitter_misc":{"Arvioitu lukuaika":"1 minuutti"},"schema":{"@context":"https:\/\/schema.org","@graph":[{"@type":"WebPage","@id":"https:\/\/sey.fi\/kaakkois-suomi\/kaakkois-suomen-elainsuojeluyhdistys\/yhdistys\/kirpputori\/","url":"https:\/\/sey.fi\/kaakkois-suomi\/kaakkois-suomen-elainsuojeluyhdistys\/yhdistys\/kirpputori\/","name":"Kirpputori - Kaakkois-Suomen el\u00e4insuojeluyhdistys","isPartOf":{"@id":"https:\/\/sey.fi\/kaakkois-suomi\/#website"},"datePublished":"2019-11-01T11:45:25+00:00","dateModified":"2024-11-05T13:40:04+00:00","breadcrumb":{"@id":"https:\/\/sey.fi\/kaakkois-suomi\/kaakkois-suomen-elainsuojeluyhdistys\/yhdistys\/kirpputori\/#breadcrumb"},"inLanguage":"fi","potentialAction":[{"@type":"ReadAction","target":["https:\/\/sey.fi\/kaakkois-suomi\/kaakkois-suomen-elainsuojeluyhdistys\/yhdistys\/kirpputori\/"]}]},{"@type":"BreadcrumbList","@id":"https:\/\/sey.fi\/kaakkois-suomi\/kaakkois-suomen-elainsuojeluyhdistys\/yhdistys\/kirpputori\/#breadcrumb","itemListElement":[{"@type":"ListItem","position":1,"name":"Home","item":"https:\/\/sey.fi\/kaakkois-suomi\/"},{"@type":"ListItem","position":2,"name":"Kaakkois-Suomen el\u00e4insuojeluyhdistys","item":"https:\/\/sey.fi\/kaakkois-suomi\/"},{"@type":"ListItem","position":3,"name":"Yhdistys","item":"https:\/\/sey.fi\/kaakkois-suomi\/kaakkois-suomen-elainsuojeluyhdistys\/yhdistys\/"},{"@type":"ListItem","position":4,"name":"Kirpputori"}]},{"@type":"WebSite","@id":"https:\/\/sey.fi\/kaakkois-suomi\/#website","url":"https:\/\/sey.fi\/kaakkois-suomi\/","name":"Kaakkois-Suomen el\u00e4insuojeluyhdistys","description":"Uusi SEY J\u00e4senyhdistykset -sivusto","potentialAction":[{"@type":"SearchAction","target":{"@type":"EntryPoint","urlTemplate":"https:\/\/sey.fi\/kaakkois-suomi\/?s={search_term_string}"},"query-input":{"@type":"PropertyValueSpecification","valueRequired":true,"valueName":"search_term_string"}}],"inLanguage":"fi"}]}},"_links":{"self":[{"href":"https:\/\/sey.fi\/kaakkois-suomi\/wp-json\/wp\/v2\/pages\/111","targetHints":{"allow":["GET"]}}],"collection":[{"href":"https:\/\/sey.fi\/kaakkois-suomi\/wp-json\/wp\/v2\/pages"}],"about":[{"href":"https:\/\/sey.fi\/kaakkois-suomi\/wp-json\/wp\/v2\/types\/page"}],"author":[{"embeddable":true,"href":"https:\/\/sey.fi\/kaakkois-suomi\/wp-json\/wp\/v2\/users\/8"}],"replies":[{"embeddable":true,"href":"https:\/\/sey.fi\/kaakkois-suomi\/wp-json\/wp\/v2\/comments?post=111"}],"version-history":[{"count":8,"href":"https:\/\/sey.fi\/kaakkois-suomi\/wp-json\/wp\/v2\/pages\/111\/revisions"}],"predecessor-version":[{"id":4673,"href":"https:\/\/sey.fi\/kaakkois-suomi\/wp-json\/wp\/v2\/pages\/111\/revisions\/4673"}],"up":[{"embeddable":true,"href":"https:\/\/sey.fi\/kaakkois-suomi\/wp-json\/wp\/v2\/pages\/69"}],"wp:attachment":[{"href":"https:\/\/sey.fi\/kaakkois-suomi\/wp-json\/wp\/v2\/media?parent=111"}],"curies":[{"name":"wp","href":"https:\/\/api.w.org\/{rel}","templated":true}]}}