{"id":113,"date":"2019-11-01T13:46:30","date_gmt":"2019-11-01T11:46:30","guid":{"rendered":"http:\/\/srvr10.xetpoint.com\/~seyfi\/kaakkois-suomi\/?page_id=113"},"modified":"2024-11-11T00:39:32","modified_gmt":"2024-11-10T22:39:32","slug":"loukutus","status":"publish","type":"page","link":"https:\/\/sey.fi\/kaakkois-suomi\/kaakkois-suomen-elainsuojeluyhdistys\/yhdistys\/loukutus\/","title":{"rendered":"Loukutus"},"content":{"rendered":"\n<p><strong>Yhdistyksen tekem\u00e4t loukutukset<br><\/strong>Yhdistyksemme k\u00e4ytt\u00e4\u00e4 kissojen loukuttamiseen soveltuvia loukkuja. Maanomistajalla on oikeus loukuttaa el\u00e4imi\u00e4 omalla maallaan, mutta toisen omistamalle maalle tarvitaan aina loukutuslupa. Kaakkois-Suomen El\u00e4insuojeluyhdistys ry loukuttaa el\u00e4imi\u00e4 vain el\u00e4imen omistajan, viranomaisen, maanomistajan tai muun alueen haltijan luvalla. Yhdistyksell\u00e4 on my\u00f6s k\u00e4yt\u00f6ss\u00e4 omat mikrosirulukijat, joiden avulla jokaisesta yhdistyksen vastaanottamasta el\u00e4imest\u00e4 tarkastetaan tunnistusmerkint\u00e4. Yhdistys vastaanottaa loukutettuja el\u00e4imi\u00e4 parhaansa mukaan tiloista ja resursseista riippuen. Yhdistyksell\u00e4 on avuntarpeessa mahdollisuus v\u00e4litt\u00e4\u00e4 el\u00e4imi\u00e4 eteenp\u00e4in my\u00f6s yhteisty\u00f6verkostojensa kautta muille el\u00e4insuojeluyhdistyksille.<\/p>\n\n\n\n<p><strong>Apua tarvitaan!<br><\/strong>Etsimme loukutusvastaavallemme apua loukutusten j\u00e4rjest\u00e4mist\u00e4 ja loukkujen tarkastamista varten. Olethan yhteydess\u00e4, mik\u00e4li olet kiinnostunut auttamaan yhdistyst\u00e4mme loukutusasioissa: Etel\u00e4-Karjalan alueella p. 050 555 1186 tai kaakkoissuomensey(at)gmail.com<\/p>\n\n\n\n<p><strong>Etsitk\u00f6 loukkua oman kissasi loukuttamiseen?<br><\/strong>Lainaamme el\u00e4insuojelukeskukseltamme Lappeenrannasta loukkuja 50 euron panttimaksua vastaan. Sovi loukun lainaamisesta puhelimitse p. 050 555 1186. Yhdistys lainaa loukkuja karanneiden kissojen loukutukseen vain allekirjoitettua sopimusta ja 50 \u20ac panttia vastaan. <br><br><strong>Loukun asettaminen<\/strong><br>Ihmisten tonnikala \u00f6ljyss\u00e4 on osoittautunut tehokkaimmaksi sy\u00f6tiksi. Sit\u00e4 ei sovi tarjoilla kissalle kotioloissa sen korkean suolapitoisuuden ja e-vitamiinin puuttumisen vuoksi, mutta pienen\u00e4 kerta-annoksena se ei tee haittaa. Ruoka asetetaan vain loukun ruokintap\u00e4\u00e4h\u00e4n \u2013 viritettyyn loukkuun ei koskaan j\u00e4tet\u00e4 ruokaa loukun sis\u00e4\u00e4nk\u00e4velyp\u00e4\u00e4h\u00e4n, jottei loukku vahingossa iskeydy el\u00e4imen p\u00e4\u00e4lle tai p\u00e4\u00e4h\u00e4n! Esimerkiksi supiloukun sulkuluukussa on paljon voimaa ja kissa, erityisesti kissanpentu tai luonnonel\u00e4imist\u00e4 siili, voi loukkaantua vakavasti, mik\u00e4li loukun suu iskeytyy voimalla siihen. Tarkista, ett\u00e4 suljet ruokintap\u00e4\u00e4n, ettei kissa p\u00e4\u00e4se karkuun loukkuun joutuessaan ruokintap\u00e4\u00e4st\u00e4. <br><br>Loukku asetetaan suojaisaan paikkaan, esim. pusikkoon, pusikon viereen tai muualle kissalle mieluisaan paikkaan. Kes\u00e4ll\u00e4 t\u00e4m\u00e4 tarkoittaa lis\u00e4ksi sit\u00e4, ettei esimerkiksi aurinko paista suoraan loukkua kohti. Tarvittaessa loukun voi peitt\u00e4\u00e4 esim. viltill\u00e4 tai pressulla. Jokin kissa menee loukkuun mieluummin, kun se on suojaisa, jokin toinen kissa taas ei mene loukkuun, mik\u00e4li se on peitetty. Talvisin loukun pohjalle tulee asettaa jokin l\u00e4mp\u00f6\u00e4 erist\u00e4v\u00e4 pohja, esim. stryroksi tai l\u00e4mp\u00f6\u00e4 erist\u00e4v\u00e4 retkipatja. L\u00e4mm\u00f6n erist\u00e4miseksi loukku kannattaa kylmill\u00e4 ilmoilla my\u00f6s peitt\u00e4\u00e4. Jotkin kissat vierastavat loukun ik\u00e4v\u00e4lt\u00e4 tuntuvaa pohjaa, joten tarvittaessa loukun sis\u00e4lle voi asetella sanomalehti\u00e4, sammalta tai muuta mukavan tuntuista materiaalia peitt\u00e4m\u00e4\u00e4n s\u00e4leikk\u00f6\u00e4 ja astinlautaa.<br><br>Loukun p\u00e4\u00e4lle tai l\u00e4hettyville j\u00e4tet\u00e4\u00e4n ilmoitus loukuttamisesta sek\u00e4 loukun omistajan yhteystiedot. Loukun sijaintia ei kerrota muille kuin loukun tarkastajille! Esimerkiksi siis sosiaalisessa mediassa ei saa mainostaa loukun tarkkaa paikkaa, ettei kukaan k\u00e4y varastamassa tai rikkomassa loukkua.<br><br><strong>Hajuj\u00e4lkien tekeminen<\/strong><br>Loukutettavaa el\u00e4int\u00e4 voidaan houkutella hajuj\u00e4ljill\u00e4 siihen suuntaan, jonne sen halutaan kulkevan. Esimerkiksi el\u00e4imen havaintopaikalta voidaan tehd\u00e4 hajuj\u00e4lki loukulle. Hajuj\u00e4lki tehd\u00e4\u00e4n suunnasta, jossa el\u00e4imen arvellaan liikkuvan. Hajuj\u00e4lki tehd\u00e4\u00e4n oman k\u00e4velykohdan viereen, ei siis itsens\u00e4 eteen tai taakse niin, ett\u00e4 hajupullossa oleva haju sekoittuu ihmisen hajuun. Kissalle hajuj\u00e4ljen voi tehd\u00e4 tonnikalasta ja vedest\u00e4. Lis\u00e4\u00e4 yksi purkillinen tonnikalaa \u00f6ljyss\u00e4 blenderiin. Kokeile, pystytk\u00f6 sekoittamaan tonnikalasta hienoa jauhetta. Lis\u00e4\u00e4 vett\u00e4 varovasti niin, ett\u00e4 saat tonnikalasta mahdollisimman pient\u00e4 &#8211; isot palat takertuvat hajuj\u00e4lke\u00e4 teht\u00e4ess\u00e4 hajupullon korkkiin ja vaikeuttavat hajuj\u00e4ljen tekoa. Kun tonnikala on murskeena, voit sekottaa t\u00e4m\u00e4n purkillisen jauhettua tonnikalaa 1,5 litran pulloon veden kanssa. Nosta suppilo pullon p\u00e4\u00e4lle ja lis\u00e4\u00e4 tonnikalaa varovasti veden kanssa, ettei suppilo mene tukkoon. \u00c4l\u00e4 anna suppilon nojata pullonsuun reunoja vasten vaan pid\u00e4 suppiloa ilmassa, jotta ilma p\u00e4\u00e4see kiert\u00e4m\u00e4\u00e4n hajupullossa. Muutoin hajupullon t\u00e4ytt\u00e4miseen menee paljon aikaa.<\/p>\n\n\n\n<p>Kun tonnikala ja vedet ovat pullossa, sulje pullo ehj\u00e4ll\u00e4 korkilla. Ota toinen korkki, johon teet rei\u00e4n keskelle esimerkiksi naulalla ja vasaralla. Vaihda korkit vasta, kun aloitat hajuj\u00e4ljen vedon, jottei koko auto haise tonnikalalle. Ved\u00e4 hajuj\u00e4lki aina loukkuun, ei koskaan loukusta pois p\u00e4in! Hajuj\u00e4lki vedet\u00e4\u00e4n aina siihen suuntaan, johon el\u00e4imen halutaan kulkevan. Hyv\u00e4 hajuj\u00e4ljen vetomatka on esim. 100-500 m kohteesta. Yli puolen kilometrin hajuj\u00e4lki\u00e4 ei kannata vet\u00e4\u00e4. Kun ved\u00e4t hajuj\u00e4lke\u00e4, valitse el\u00e4imelle turvallinen reitti. Hajuj\u00e4lki toimii parhaiten, mik\u00e4li hajuj\u00e4lke\u00e4 tiputetaan maahan jatkuvana vanana (esim. 1 cm v\u00e4lein), mutta puolen metrin v\u00e4lej\u00e4kin voi j\u00e4tt\u00e4\u00e4, jos matka on pitk\u00e4 ja hajuneste on lopussa. Loukulle vedett\u00e4ess\u00e4 j\u00e4ljen tulee olla yhten\u00e4inen. Hajuj\u00e4lki on hyv\u00e4 vahvistaa ainakin kerran p\u00e4iv\u00e4ss\u00e4, mieluummin kaksi.<br><br><strong>Talteenotetut el\u00e4imet<\/strong><br>Kaakkois-Suomen&nbsp;El\u00e4insuojeluyhdistys ry toimittaa loukuttamansa kissat alueen l\u00f6yt\u00f6el\u00e4inkotiin, mik\u00e4li kissan omistaja ei ole tiedossa. Kissapopulaatioiden loukutuksessa kaikki loukutetut kissat tulevat yleens\u00e4 yhdistyksen hoiviin. <\/p>\n\n\n\n<p><\/p>\n","protected":false},"excerpt":{"rendered":"<p>Yhdistyksen tekem\u00e4t loukutuksetYhdistyksemme k\u00e4ytt\u00e4\u00e4 kissojen loukuttamiseen soveltuvia loukkuja. Maanomistajalla on oikeus loukuttaa el\u00e4imi\u00e4 omalla maallaan, mutta toisen omistamalle maalle tarvitaan aina loukutuslupa. Kaakkois-Suomen El\u00e4insuojeluyhdistys ry loukuttaa el\u00e4imi\u00e4 vain el\u00e4imen omistajan, viranomaisen, maanomistajan tai muun alueen haltijan luvalla. Yhdistyksell\u00e4 on my\u00f6s k\u00e4yt\u00f6ss\u00e4 omat mikrosirulukijat, joiden avulla jokaisesta yhdistyksen vastaanottamasta el\u00e4imest\u00e4 tarkastetaan tunnistusmerkint\u00e4. Yhdistys vastaanottaa loukutettuja el\u00e4imi\u00e4 [&hellip;]<\/p>\n","protected":false},"author":8,"featured_media":0,"parent":69,"menu_order":0,"comment_status":"closed","ping_status":"closed","template":"","meta":{"_acf_changed":false,"footnotes":""},"class_list":["post-113","page","type-page","status-publish","hentry"],"acf":[],"yoast_head":"<!-- This site is optimized with the Yoast SEO plugin v27.1.1 - https:\/\/yoast.com\/product\/yoast-seo-wordpress\/ -->\n<title>Loukutus - Kaakkois-Suomen el\u00e4insuojeluyhdistys<\/title>\n<meta name=\"robots\" content=\"index, follow, max-snippet:-1, max-image-preview:large, max-video-preview:-1\" \/>\n<link rel=\"canonical\" href=\"https:\/\/sey.fi\/kaakkois-suomi\/kaakkois-suomen-elainsuojeluyhdistys\/yhdistys\/loukutus\/\" \/>\n<meta property=\"og:locale\" content=\"fi_FI\" \/>\n<meta property=\"og:type\" content=\"article\" \/>\n<meta property=\"og:title\" content=\"Loukutus - Kaakkois-Suomen el\u00e4insuojeluyhdistys\" \/>\n<meta property=\"og:description\" content=\"Yhdistyksen tekem\u00e4t loukutuksetYhdistyksemme k\u00e4ytt\u00e4\u00e4 kissojen loukuttamiseen soveltuvia loukkuja. Maanomistajalla on oikeus loukuttaa el\u00e4imi\u00e4 omalla maallaan, mutta toisen omistamalle maalle tarvitaan aina loukutuslupa. Kaakkois-Suomen El\u00e4insuojeluyhdistys ry loukuttaa el\u00e4imi\u00e4 vain el\u00e4imen omistajan, viranomaisen, maanomistajan tai muun alueen haltijan luvalla. Yhdistyksell\u00e4 on my\u00f6s k\u00e4yt\u00f6ss\u00e4 omat mikrosirulukijat, joiden avulla jokaisesta yhdistyksen vastaanottamasta el\u00e4imest\u00e4 tarkastetaan tunnistusmerkint\u00e4. Yhdistys vastaanottaa loukutettuja el\u00e4imi\u00e4 [&hellip;]\" \/>\n<meta property=\"og:url\" content=\"https:\/\/sey.fi\/kaakkois-suomi\/kaakkois-suomen-elainsuojeluyhdistys\/yhdistys\/loukutus\/\" \/>\n<meta property=\"og:site_name\" content=\"Kaakkois-Suomen el\u00e4insuojeluyhdistys\" \/>\n<meta property=\"article:modified_time\" content=\"2024-11-10T22:39:32+00:00\" \/>\n<meta name=\"twitter:card\" content=\"summary_large_image\" \/>\n<meta name=\"twitter:label1\" content=\"Arvioitu lukuaika\" \/>\n\t<meta name=\"twitter:data1\" content=\"4 minuuttia\" \/>\n<script type=\"application\/ld+json\" class=\"yoast-schema-graph\">{\"@context\":\"https:\/\/schema.org\",\"@graph\":[{\"@type\":\"WebPage\",\"@id\":\"https:\/\/sey.fi\/kaakkois-suomi\/kaakkois-suomen-elainsuojeluyhdistys\/yhdistys\/loukutus\/\",\"url\":\"https:\/\/sey.fi\/kaakkois-suomi\/kaakkois-suomen-elainsuojeluyhdistys\/yhdistys\/loukutus\/\",\"name\":\"Loukutus - Kaakkois-Suomen el\u00e4insuojeluyhdistys\",\"isPartOf\":{\"@id\":\"https:\/\/sey.fi\/kaakkois-suomi\/#website\"},\"datePublished\":\"2019-11-01T11:46:30+00:00\",\"dateModified\":\"2024-11-10T22:39:32+00:00\",\"breadcrumb\":{\"@id\":\"https:\/\/sey.fi\/kaakkois-suomi\/kaakkois-suomen-elainsuojeluyhdistys\/yhdistys\/loukutus\/#breadcrumb\"},\"inLanguage\":\"fi\",\"potentialAction\":[{\"@type\":\"ReadAction\",\"target\":[\"https:\/\/sey.fi\/kaakkois-suomi\/kaakkois-suomen-elainsuojeluyhdistys\/yhdistys\/loukutus\/\"]}]},{\"@type\":\"BreadcrumbList\",\"@id\":\"https:\/\/sey.fi\/kaakkois-suomi\/kaakkois-suomen-elainsuojeluyhdistys\/yhdistys\/loukutus\/#breadcrumb\",\"itemListElement\":[{\"@type\":\"ListItem\",\"position\":1,\"name\":\"Home\",\"item\":\"https:\/\/sey.fi\/kaakkois-suomi\/\"},{\"@type\":\"ListItem\",\"position\":2,\"name\":\"Kaakkois-Suomen el\u00e4insuojeluyhdistys\",\"item\":\"https:\/\/sey.fi\/kaakkois-suomi\/\"},{\"@type\":\"ListItem\",\"position\":3,\"name\":\"Yhdistys\",\"item\":\"https:\/\/sey.fi\/kaakkois-suomi\/kaakkois-suomen-elainsuojeluyhdistys\/yhdistys\/\"},{\"@type\":\"ListItem\",\"position\":4,\"name\":\"Loukutus\"}]},{\"@type\":\"WebSite\",\"@id\":\"https:\/\/sey.fi\/kaakkois-suomi\/#website\",\"url\":\"https:\/\/sey.fi\/kaakkois-suomi\/\",\"name\":\"Kaakkois-Suomen el\u00e4insuojeluyhdistys\",\"description\":\"Uusi SEY J\u00e4senyhdistykset -sivusto\",\"potentialAction\":[{\"@type\":\"SearchAction\",\"target\":{\"@type\":\"EntryPoint\",\"urlTemplate\":\"https:\/\/sey.fi\/kaakkois-suomi\/?s={search_term_string}\"},\"query-input\":{\"@type\":\"PropertyValueSpecification\",\"valueRequired\":true,\"valueName\":\"search_term_string\"}}],\"inLanguage\":\"fi\"}]}<\/script>\n<!-- \/ Yoast SEO plugin. -->","yoast_head_json":{"title":"Loukutus - Kaakkois-Suomen el\u00e4insuojeluyhdistys","robots":{"index":"index","follow":"follow","max-snippet":"max-snippet:-1","max-image-preview":"max-image-preview:large","max-video-preview":"max-video-preview:-1"},"canonical":"https:\/\/sey.fi\/kaakkois-suomi\/kaakkois-suomen-elainsuojeluyhdistys\/yhdistys\/loukutus\/","og_locale":"fi_FI","og_type":"article","og_title":"Loukutus - Kaakkois-Suomen el\u00e4insuojeluyhdistys","og_description":"Yhdistyksen tekem\u00e4t loukutuksetYhdistyksemme k\u00e4ytt\u00e4\u00e4 kissojen loukuttamiseen soveltuvia loukkuja. Maanomistajalla on oikeus loukuttaa el\u00e4imi\u00e4 omalla maallaan, mutta toisen omistamalle maalle tarvitaan aina loukutuslupa. Kaakkois-Suomen El\u00e4insuojeluyhdistys ry loukuttaa el\u00e4imi\u00e4 vain el\u00e4imen omistajan, viranomaisen, maanomistajan tai muun alueen haltijan luvalla. Yhdistyksell\u00e4 on my\u00f6s k\u00e4yt\u00f6ss\u00e4 omat mikrosirulukijat, joiden avulla jokaisesta yhdistyksen vastaanottamasta el\u00e4imest\u00e4 tarkastetaan tunnistusmerkint\u00e4. Yhdistys vastaanottaa loukutettuja el\u00e4imi\u00e4 [&hellip;]","og_url":"https:\/\/sey.fi\/kaakkois-suomi\/kaakkois-suomen-elainsuojeluyhdistys\/yhdistys\/loukutus\/","og_site_name":"Kaakkois-Suomen el\u00e4insuojeluyhdistys","article_modified_time":"2024-11-10T22:39:32+00:00","twitter_card":"summary_large_image","twitter_misc":{"Arvioitu lukuaika":"4 minuuttia"},"schema":{"@context":"https:\/\/schema.org","@graph":[{"@type":"WebPage","@id":"https:\/\/sey.fi\/kaakkois-suomi\/kaakkois-suomen-elainsuojeluyhdistys\/yhdistys\/loukutus\/","url":"https:\/\/sey.fi\/kaakkois-suomi\/kaakkois-suomen-elainsuojeluyhdistys\/yhdistys\/loukutus\/","name":"Loukutus - Kaakkois-Suomen el\u00e4insuojeluyhdistys","isPartOf":{"@id":"https:\/\/sey.fi\/kaakkois-suomi\/#website"},"datePublished":"2019-11-01T11:46:30+00:00","dateModified":"2024-11-10T22:39:32+00:00","breadcrumb":{"@id":"https:\/\/sey.fi\/kaakkois-suomi\/kaakkois-suomen-elainsuojeluyhdistys\/yhdistys\/loukutus\/#breadcrumb"},"inLanguage":"fi","potentialAction":[{"@type":"ReadAction","target":["https:\/\/sey.fi\/kaakkois-suomi\/kaakkois-suomen-elainsuojeluyhdistys\/yhdistys\/loukutus\/"]}]},{"@type":"BreadcrumbList","@id":"https:\/\/sey.fi\/kaakkois-suomi\/kaakkois-suomen-elainsuojeluyhdistys\/yhdistys\/loukutus\/#breadcrumb","itemListElement":[{"@type":"ListItem","position":1,"name":"Home","item":"https:\/\/sey.fi\/kaakkois-suomi\/"},{"@type":"ListItem","position":2,"name":"Kaakkois-Suomen el\u00e4insuojeluyhdistys","item":"https:\/\/sey.fi\/kaakkois-suomi\/"},{"@type":"ListItem","position":3,"name":"Yhdistys","item":"https:\/\/sey.fi\/kaakkois-suomi\/kaakkois-suomen-elainsuojeluyhdistys\/yhdistys\/"},{"@type":"ListItem","position":4,"name":"Loukutus"}]},{"@type":"WebSite","@id":"https:\/\/sey.fi\/kaakkois-suomi\/#website","url":"https:\/\/sey.fi\/kaakkois-suomi\/","name":"Kaakkois-Suomen el\u00e4insuojeluyhdistys","description":"Uusi SEY J\u00e4senyhdistykset -sivusto","potentialAction":[{"@type":"SearchAction","target":{"@type":"EntryPoint","urlTemplate":"https:\/\/sey.fi\/kaakkois-suomi\/?s={search_term_string}"},"query-input":{"@type":"PropertyValueSpecification","valueRequired":true,"valueName":"search_term_string"}}],"inLanguage":"fi"}]}},"_links":{"self":[{"href":"https:\/\/sey.fi\/kaakkois-suomi\/wp-json\/wp\/v2\/pages\/113","targetHints":{"allow":["GET"]}}],"collection":[{"href":"https:\/\/sey.fi\/kaakkois-suomi\/wp-json\/wp\/v2\/pages"}],"about":[{"href":"https:\/\/sey.fi\/kaakkois-suomi\/wp-json\/wp\/v2\/types\/page"}],"author":[{"embeddable":true,"href":"https:\/\/sey.fi\/kaakkois-suomi\/wp-json\/wp\/v2\/users\/8"}],"replies":[{"embeddable":true,"href":"https:\/\/sey.fi\/kaakkois-suomi\/wp-json\/wp\/v2\/comments?post=113"}],"version-history":[{"count":5,"href":"https:\/\/sey.fi\/kaakkois-suomi\/wp-json\/wp\/v2\/pages\/113\/revisions"}],"predecessor-version":[{"id":4760,"href":"https:\/\/sey.fi\/kaakkois-suomi\/wp-json\/wp\/v2\/pages\/113\/revisions\/4760"}],"up":[{"embeddable":true,"href":"https:\/\/sey.fi\/kaakkois-suomi\/wp-json\/wp\/v2\/pages\/69"}],"wp:attachment":[{"href":"https:\/\/sey.fi\/kaakkois-suomi\/wp-json\/wp\/v2\/media?parent=113"}],"curies":[{"name":"wp","href":"https:\/\/api.w.org\/{rel}","templated":true}]}}