{"id":115,"date":"2019-11-01T13:47:27","date_gmt":"2019-11-01T11:47:27","guid":{"rendered":"http:\/\/srvr10.xetpoint.com\/~seyfi\/kaakkois-suomi\/?page_id=115"},"modified":"2021-10-08T21:23:59","modified_gmt":"2021-10-08T18:23:59","slug":"lapset-ja-nuoret","status":"publish","type":"page","link":"https:\/\/sey.fi\/kaakkois-suomi\/kaakkois-suomen-elainsuojeluyhdistys\/yhdistys\/lapset-ja-nuoret\/","title":{"rendered":"Lapset ja nuoret"},"content":{"rendered":"\n<p>Teemme mahdollisuuksien mukaan kouluvierailuja. Mik\u00e4li haluaisit kouluvierailijan koululle, otathan yhteytt\u00e4 <a href=\"mailto:kaakkoissuomensey@gmail.com\"><strong>kaakkoissuomensey(at)gmail.com<\/strong><\/a><\/p>\n\n\n\n<p><strong>Haluatko toimia yhdess\u00e4 lasten tai nuorten kanssa?<\/strong><\/p>\n\n\n\n<p>Nuorisovastaavamme ker\u00e4\u00e4 tiimiins\u00e4 henkil\u00f6it\u00e4, jotka ovat kiinnostuneet v\u00e4litt\u00e4m\u00e4\u00e4n el\u00e4insuojeluaiheista tietoa nuorisolle, kuten ala-ja yl\u00e4kouluille. T\u00e4llaisia asioita ovat mm. el\u00e4imist\u00e4, el\u00e4inten kohtelusta, el\u00e4insuojeluyhdistyksest\u00e4 yms. asioista kertominen tai tiedottaminen. Tiimiin kuuluu my\u00f6s kattoj\u00e4rjest\u00f6mme&nbsp;<strong><a href=\"http:\/\/www.sey.fi\/seytoimii\/nuorisotoiminta\/kouluvierailut\" target=\"_blank\" rel=\"noreferrer noopener\">SEY:n kouluttama kouluvierailija<\/a><\/strong>. Tiimi ideoi ja p\u00e4\u00e4tt\u00e4\u00e4 itse sopivimmat toimintatavat el\u00e4inaiheisen tiedon v\u00e4litt\u00e4miseksi. N\u00e4it\u00e4 voivat olla esimerkiksi:<\/p>\n\n\n\n<p>&#8211; kerhot<br>&#8211; tapahtumat<br>&#8211; ker\u00e4ykset<br>&#8211; askartelut\/k\u00e4sity\u00f6t<br>&#8211; kouluvierailut<br>&#8211; aamunavaukset<\/p>\n\n\n\n<p>P\u00e4\u00e4t\u00e4t itse, onko auttamisesi kertaluontoista, jatkuvaa vai tarpeen mukaan. Olethan yhteydess\u00e4 nuorisovastaavaamme mik\u00e4li olet kiinnostunut osallistumaan el\u00e4insuojeluyhdistyksen nuorisotoimintaan.<\/p>\n\n\n\n<p>Nuorisovastaavamme: Jasmin Muukka<br><strong><a href=\"mailto:kasey.nuorisovastaava@gmail.com\">kasey.nuorisovastaava(at)gmail.com<\/a><\/strong><\/p>\n","protected":false},"excerpt":{"rendered":"<p>Teemme mahdollisuuksien mukaan kouluvierailuja. Mik\u00e4li haluaisit kouluvierailijan koululle, otathan yhteytt\u00e4 kaakkoissuomensey(at)gmail.com Haluatko toimia yhdess\u00e4 lasten tai nuorten kanssa? Nuorisovastaavamme ker\u00e4\u00e4 tiimiins\u00e4 henkil\u00f6it\u00e4, jotka ovat kiinnostuneet v\u00e4litt\u00e4m\u00e4\u00e4n el\u00e4insuojeluaiheista tietoa nuorisolle, kuten ala-ja yl\u00e4kouluille. T\u00e4llaisia asioita ovat mm. el\u00e4imist\u00e4, el\u00e4inten kohtelusta, el\u00e4insuojeluyhdistyksest\u00e4 yms. asioista kertominen tai tiedottaminen. Tiimiin kuuluu my\u00f6s kattoj\u00e4rjest\u00f6mme&nbsp;SEY:n kouluttama kouluvierailija. Tiimi ideoi ja p\u00e4\u00e4tt\u00e4\u00e4 [&hellip;]<\/p>\n","protected":false},"author":8,"featured_media":0,"parent":69,"menu_order":0,"comment_status":"closed","ping_status":"closed","template":"","meta":{"_acf_changed":false,"footnotes":""},"class_list":["post-115","page","type-page","status-publish","hentry"],"acf":[],"yoast_head":"<!-- This site is optimized with the Yoast SEO plugin v27.1.1 - https:\/\/yoast.com\/product\/yoast-seo-wordpress\/ -->\n<title>Lapset ja nuoret - Kaakkois-Suomen el\u00e4insuojeluyhdistys<\/title>\n<meta name=\"robots\" content=\"index, follow, max-snippet:-1, max-image-preview:large, max-video-preview:-1\" \/>\n<link rel=\"canonical\" href=\"https:\/\/sey.fi\/kaakkois-suomi\/kaakkois-suomen-elainsuojeluyhdistys\/yhdistys\/lapset-ja-nuoret\/\" \/>\n<meta property=\"og:locale\" content=\"fi_FI\" \/>\n<meta property=\"og:type\" content=\"article\" \/>\n<meta property=\"og:title\" content=\"Lapset ja nuoret - Kaakkois-Suomen el\u00e4insuojeluyhdistys\" \/>\n<meta property=\"og:description\" content=\"Teemme mahdollisuuksien mukaan kouluvierailuja. Mik\u00e4li haluaisit kouluvierailijan koululle, otathan yhteytt\u00e4 kaakkoissuomensey(at)gmail.com Haluatko toimia yhdess\u00e4 lasten tai nuorten kanssa? Nuorisovastaavamme ker\u00e4\u00e4 tiimiins\u00e4 henkil\u00f6it\u00e4, jotka ovat kiinnostuneet v\u00e4litt\u00e4m\u00e4\u00e4n el\u00e4insuojeluaiheista tietoa nuorisolle, kuten ala-ja yl\u00e4kouluille. T\u00e4llaisia asioita ovat mm. el\u00e4imist\u00e4, el\u00e4inten kohtelusta, el\u00e4insuojeluyhdistyksest\u00e4 yms. asioista kertominen tai tiedottaminen. Tiimiin kuuluu my\u00f6s kattoj\u00e4rjest\u00f6mme&nbsp;SEY:n kouluttama kouluvierailija. Tiimi ideoi ja p\u00e4\u00e4tt\u00e4\u00e4 [&hellip;]\" \/>\n<meta property=\"og:url\" content=\"https:\/\/sey.fi\/kaakkois-suomi\/kaakkois-suomen-elainsuojeluyhdistys\/yhdistys\/lapset-ja-nuoret\/\" \/>\n<meta property=\"og:site_name\" content=\"Kaakkois-Suomen el\u00e4insuojeluyhdistys\" \/>\n<meta property=\"article:modified_time\" content=\"2021-10-08T18:23:59+00:00\" \/>\n<meta name=\"twitter:card\" content=\"summary_large_image\" \/>\n<meta name=\"twitter:label1\" content=\"Arvioitu lukuaika\" \/>\n\t<meta name=\"twitter:data1\" content=\"1 minuutti\" \/>\n<script type=\"application\/ld+json\" class=\"yoast-schema-graph\">{\"@context\":\"https:\/\/schema.org\",\"@graph\":[{\"@type\":\"WebPage\",\"@id\":\"https:\/\/sey.fi\/kaakkois-suomi\/kaakkois-suomen-elainsuojeluyhdistys\/yhdistys\/lapset-ja-nuoret\/\",\"url\":\"https:\/\/sey.fi\/kaakkois-suomi\/kaakkois-suomen-elainsuojeluyhdistys\/yhdistys\/lapset-ja-nuoret\/\",\"name\":\"Lapset ja nuoret - Kaakkois-Suomen el\u00e4insuojeluyhdistys\",\"isPartOf\":{\"@id\":\"https:\/\/sey.fi\/kaakkois-suomi\/#website\"},\"datePublished\":\"2019-11-01T11:47:27+00:00\",\"dateModified\":\"2021-10-08T18:23:59+00:00\",\"breadcrumb\":{\"@id\":\"https:\/\/sey.fi\/kaakkois-suomi\/kaakkois-suomen-elainsuojeluyhdistys\/yhdistys\/lapset-ja-nuoret\/#breadcrumb\"},\"inLanguage\":\"fi\",\"potentialAction\":[{\"@type\":\"ReadAction\",\"target\":[\"https:\/\/sey.fi\/kaakkois-suomi\/kaakkois-suomen-elainsuojeluyhdistys\/yhdistys\/lapset-ja-nuoret\/\"]}]},{\"@type\":\"BreadcrumbList\",\"@id\":\"https:\/\/sey.fi\/kaakkois-suomi\/kaakkois-suomen-elainsuojeluyhdistys\/yhdistys\/lapset-ja-nuoret\/#breadcrumb\",\"itemListElement\":[{\"@type\":\"ListItem\",\"position\":1,\"name\":\"Home\",\"item\":\"https:\/\/sey.fi\/kaakkois-suomi\/\"},{\"@type\":\"ListItem\",\"position\":2,\"name\":\"Kaakkois-Suomen el\u00e4insuojeluyhdistys\",\"item\":\"https:\/\/sey.fi\/kaakkois-suomi\/\"},{\"@type\":\"ListItem\",\"position\":3,\"name\":\"Yhdistys\",\"item\":\"https:\/\/sey.fi\/kaakkois-suomi\/kaakkois-suomen-elainsuojeluyhdistys\/yhdistys\/\"},{\"@type\":\"ListItem\",\"position\":4,\"name\":\"Lapset ja nuoret\"}]},{\"@type\":\"WebSite\",\"@id\":\"https:\/\/sey.fi\/kaakkois-suomi\/#website\",\"url\":\"https:\/\/sey.fi\/kaakkois-suomi\/\",\"name\":\"Kaakkois-Suomen el\u00e4insuojeluyhdistys\",\"description\":\"Uusi SEY J\u00e4senyhdistykset -sivusto\",\"potentialAction\":[{\"@type\":\"SearchAction\",\"target\":{\"@type\":\"EntryPoint\",\"urlTemplate\":\"https:\/\/sey.fi\/kaakkois-suomi\/?s={search_term_string}\"},\"query-input\":{\"@type\":\"PropertyValueSpecification\",\"valueRequired\":true,\"valueName\":\"search_term_string\"}}],\"inLanguage\":\"fi\"}]}<\/script>\n<!-- \/ Yoast SEO plugin. -->","yoast_head_json":{"title":"Lapset ja nuoret - Kaakkois-Suomen el\u00e4insuojeluyhdistys","robots":{"index":"index","follow":"follow","max-snippet":"max-snippet:-1","max-image-preview":"max-image-preview:large","max-video-preview":"max-video-preview:-1"},"canonical":"https:\/\/sey.fi\/kaakkois-suomi\/kaakkois-suomen-elainsuojeluyhdistys\/yhdistys\/lapset-ja-nuoret\/","og_locale":"fi_FI","og_type":"article","og_title":"Lapset ja nuoret - Kaakkois-Suomen el\u00e4insuojeluyhdistys","og_description":"Teemme mahdollisuuksien mukaan kouluvierailuja. Mik\u00e4li haluaisit kouluvierailijan koululle, otathan yhteytt\u00e4 kaakkoissuomensey(at)gmail.com Haluatko toimia yhdess\u00e4 lasten tai nuorten kanssa? Nuorisovastaavamme ker\u00e4\u00e4 tiimiins\u00e4 henkil\u00f6it\u00e4, jotka ovat kiinnostuneet v\u00e4litt\u00e4m\u00e4\u00e4n el\u00e4insuojeluaiheista tietoa nuorisolle, kuten ala-ja yl\u00e4kouluille. T\u00e4llaisia asioita ovat mm. el\u00e4imist\u00e4, el\u00e4inten kohtelusta, el\u00e4insuojeluyhdistyksest\u00e4 yms. asioista kertominen tai tiedottaminen. Tiimiin kuuluu my\u00f6s kattoj\u00e4rjest\u00f6mme&nbsp;SEY:n kouluttama kouluvierailija. Tiimi ideoi ja p\u00e4\u00e4tt\u00e4\u00e4 [&hellip;]","og_url":"https:\/\/sey.fi\/kaakkois-suomi\/kaakkois-suomen-elainsuojeluyhdistys\/yhdistys\/lapset-ja-nuoret\/","og_site_name":"Kaakkois-Suomen el\u00e4insuojeluyhdistys","article_modified_time":"2021-10-08T18:23:59+00:00","twitter_card":"summary_large_image","twitter_misc":{"Arvioitu lukuaika":"1 minuutti"},"schema":{"@context":"https:\/\/schema.org","@graph":[{"@type":"WebPage","@id":"https:\/\/sey.fi\/kaakkois-suomi\/kaakkois-suomen-elainsuojeluyhdistys\/yhdistys\/lapset-ja-nuoret\/","url":"https:\/\/sey.fi\/kaakkois-suomi\/kaakkois-suomen-elainsuojeluyhdistys\/yhdistys\/lapset-ja-nuoret\/","name":"Lapset ja nuoret - Kaakkois-Suomen el\u00e4insuojeluyhdistys","isPartOf":{"@id":"https:\/\/sey.fi\/kaakkois-suomi\/#website"},"datePublished":"2019-11-01T11:47:27+00:00","dateModified":"2021-10-08T18:23:59+00:00","breadcrumb":{"@id":"https:\/\/sey.fi\/kaakkois-suomi\/kaakkois-suomen-elainsuojeluyhdistys\/yhdistys\/lapset-ja-nuoret\/#breadcrumb"},"inLanguage":"fi","potentialAction":[{"@type":"ReadAction","target":["https:\/\/sey.fi\/kaakkois-suomi\/kaakkois-suomen-elainsuojeluyhdistys\/yhdistys\/lapset-ja-nuoret\/"]}]},{"@type":"BreadcrumbList","@id":"https:\/\/sey.fi\/kaakkois-suomi\/kaakkois-suomen-elainsuojeluyhdistys\/yhdistys\/lapset-ja-nuoret\/#breadcrumb","itemListElement":[{"@type":"ListItem","position":1,"name":"Home","item":"https:\/\/sey.fi\/kaakkois-suomi\/"},{"@type":"ListItem","position":2,"name":"Kaakkois-Suomen el\u00e4insuojeluyhdistys","item":"https:\/\/sey.fi\/kaakkois-suomi\/"},{"@type":"ListItem","position":3,"name":"Yhdistys","item":"https:\/\/sey.fi\/kaakkois-suomi\/kaakkois-suomen-elainsuojeluyhdistys\/yhdistys\/"},{"@type":"ListItem","position":4,"name":"Lapset ja nuoret"}]},{"@type":"WebSite","@id":"https:\/\/sey.fi\/kaakkois-suomi\/#website","url":"https:\/\/sey.fi\/kaakkois-suomi\/","name":"Kaakkois-Suomen el\u00e4insuojeluyhdistys","description":"Uusi SEY J\u00e4senyhdistykset -sivusto","potentialAction":[{"@type":"SearchAction","target":{"@type":"EntryPoint","urlTemplate":"https:\/\/sey.fi\/kaakkois-suomi\/?s={search_term_string}"},"query-input":{"@type":"PropertyValueSpecification","valueRequired":true,"valueName":"search_term_string"}}],"inLanguage":"fi"}]}},"_links":{"self":[{"href":"https:\/\/sey.fi\/kaakkois-suomi\/wp-json\/wp\/v2\/pages\/115","targetHints":{"allow":["GET"]}}],"collection":[{"href":"https:\/\/sey.fi\/kaakkois-suomi\/wp-json\/wp\/v2\/pages"}],"about":[{"href":"https:\/\/sey.fi\/kaakkois-suomi\/wp-json\/wp\/v2\/types\/page"}],"author":[{"embeddable":true,"href":"https:\/\/sey.fi\/kaakkois-suomi\/wp-json\/wp\/v2\/users\/8"}],"replies":[{"embeddable":true,"href":"https:\/\/sey.fi\/kaakkois-suomi\/wp-json\/wp\/v2\/comments?post=115"}],"version-history":[{"count":3,"href":"https:\/\/sey.fi\/kaakkois-suomi\/wp-json\/wp\/v2\/pages\/115\/revisions"}],"predecessor-version":[{"id":2059,"href":"https:\/\/sey.fi\/kaakkois-suomi\/wp-json\/wp\/v2\/pages\/115\/revisions\/2059"}],"up":[{"embeddable":true,"href":"https:\/\/sey.fi\/kaakkois-suomi\/wp-json\/wp\/v2\/pages\/69"}],"wp:attachment":[{"href":"https:\/\/sey.fi\/kaakkois-suomi\/wp-json\/wp\/v2\/media?parent=115"}],"curies":[{"name":"wp","href":"https:\/\/api.w.org\/{rel}","templated":true}]}}