{"id":117,"date":"2019-11-01T13:47:55","date_gmt":"2019-11-01T11:47:55","guid":{"rendered":"http:\/\/srvr10.xetpoint.com\/~seyfi\/kaakkois-suomi\/?page_id=117"},"modified":"2020-02-18T20:59:41","modified_gmt":"2020-02-18T18:59:41","slug":"kouluvierailut","status":"publish","type":"page","link":"https:\/\/sey.fi\/kaakkois-suomi\/kaakkois-suomen-elainsuojeluyhdistys\/yhdistys\/lapset-ja-nuoret\/kouluvierailut\/","title":{"rendered":"Kouluvierailut"},"content":{"rendered":"\n<p>SEY tarjoaa kouluille ja oppilaitoksille el\u00e4insuojeluteemaisia vierailuluennoitsijoita. Vierailijat ovat SEYn kouluttamia vapaaehtoisia, jotka ovat eri puolilla Suomea toimivien j\u00e4senyhdistysten aktiiveja tai SEYn el\u00e4insuojeluneuvojia. Kouluvierailujen avulla voidaan lis\u00e4t\u00e4 lasten ja nuorten tiet\u00e4myst\u00e4 el\u00e4inasioista ja her\u00e4tt\u00e4\u00e4 positiivista kiinnostusta el\u00e4insuojelutoimintaa kohtaan.&nbsp;<em>(L\u00e4hde: SEY)<\/em><\/p>\n\n\n\n<p>Lue SEYn sivuilta lis\u00e4\u00e4 kouluvierailijoista tai tilaa vierailija omalle koulullesi:\u00a0<strong><a href=\"https:\/\/sey.fi\/osallistu-ja-vaikuta\/opettajalle\/kouluvierailuja-ja-keskustelua\/\">Kouluvierailut<\/a><\/strong><\/p>\n","protected":false},"excerpt":{"rendered":"<p>SEY tarjoaa kouluille ja oppilaitoksille el\u00e4insuojeluteemaisia vierailuluennoitsijoita. Vierailijat ovat SEYn kouluttamia vapaaehtoisia, jotka ovat eri puolilla Suomea toimivien j\u00e4senyhdistysten aktiiveja tai SEYn el\u00e4insuojeluneuvojia. Kouluvierailujen avulla voidaan lis\u00e4t\u00e4 lasten ja nuorten tiet\u00e4myst\u00e4 el\u00e4inasioista ja her\u00e4tt\u00e4\u00e4 positiivista kiinnostusta el\u00e4insuojelutoimintaa kohtaan.&nbsp;(L\u00e4hde: SEY) Lue SEYn sivuilta lis\u00e4\u00e4 kouluvierailijoista tai tilaa vierailija omalle koulullesi:\u00a0Kouluvierailut<\/p>\n","protected":false},"author":8,"featured_media":0,"parent":115,"menu_order":0,"comment_status":"closed","ping_status":"closed","template":"","meta":{"_acf_changed":false,"footnotes":""},"class_list":["post-117","page","type-page","status-publish","hentry"],"acf":[],"yoast_head":"<!-- This site is optimized with the Yoast SEO plugin v27.1.1 - https:\/\/yoast.com\/product\/yoast-seo-wordpress\/ -->\n<title>Kouluvierailut - Kaakkois-Suomen el\u00e4insuojeluyhdistys<\/title>\n<meta name=\"robots\" content=\"index, follow, max-snippet:-1, max-image-preview:large, max-video-preview:-1\" \/>\n<link rel=\"canonical\" href=\"https:\/\/sey.fi\/kaakkois-suomi\/kaakkois-suomen-elainsuojeluyhdistys\/yhdistys\/lapset-ja-nuoret\/kouluvierailut\/\" \/>\n<meta property=\"og:locale\" content=\"fi_FI\" \/>\n<meta property=\"og:type\" content=\"article\" \/>\n<meta property=\"og:title\" content=\"Kouluvierailut - Kaakkois-Suomen el\u00e4insuojeluyhdistys\" \/>\n<meta property=\"og:description\" content=\"SEY tarjoaa kouluille ja oppilaitoksille el\u00e4insuojeluteemaisia vierailuluennoitsijoita. Vierailijat ovat SEYn kouluttamia vapaaehtoisia, jotka ovat eri puolilla Suomea toimivien j\u00e4senyhdistysten aktiiveja tai SEYn el\u00e4insuojeluneuvojia. Kouluvierailujen avulla voidaan lis\u00e4t\u00e4 lasten ja nuorten tiet\u00e4myst\u00e4 el\u00e4inasioista ja her\u00e4tt\u00e4\u00e4 positiivista kiinnostusta el\u00e4insuojelutoimintaa kohtaan.&nbsp;(L\u00e4hde: SEY) Lue SEYn sivuilta lis\u00e4\u00e4 kouluvierailijoista tai tilaa vierailija omalle koulullesi:\u00a0Kouluvierailut\" \/>\n<meta property=\"og:url\" content=\"https:\/\/sey.fi\/kaakkois-suomi\/kaakkois-suomen-elainsuojeluyhdistys\/yhdistys\/lapset-ja-nuoret\/kouluvierailut\/\" \/>\n<meta property=\"og:site_name\" content=\"Kaakkois-Suomen el\u00e4insuojeluyhdistys\" \/>\n<meta property=\"article:modified_time\" content=\"2020-02-18T18:59:41+00:00\" \/>\n<meta name=\"twitter:card\" content=\"summary_large_image\" \/>\n<script type=\"application\/ld+json\" class=\"yoast-schema-graph\">{\"@context\":\"https:\/\/schema.org\",\"@graph\":[{\"@type\":\"WebPage\",\"@id\":\"https:\/\/sey.fi\/kaakkois-suomi\/kaakkois-suomen-elainsuojeluyhdistys\/yhdistys\/lapset-ja-nuoret\/kouluvierailut\/\",\"url\":\"https:\/\/sey.fi\/kaakkois-suomi\/kaakkois-suomen-elainsuojeluyhdistys\/yhdistys\/lapset-ja-nuoret\/kouluvierailut\/\",\"name\":\"Kouluvierailut - Kaakkois-Suomen el\u00e4insuojeluyhdistys\",\"isPartOf\":{\"@id\":\"https:\/\/sey.fi\/kaakkois-suomi\/#website\"},\"datePublished\":\"2019-11-01T11:47:55+00:00\",\"dateModified\":\"2020-02-18T18:59:41+00:00\",\"breadcrumb\":{\"@id\":\"https:\/\/sey.fi\/kaakkois-suomi\/kaakkois-suomen-elainsuojeluyhdistys\/yhdistys\/lapset-ja-nuoret\/kouluvierailut\/#breadcrumb\"},\"inLanguage\":\"fi\",\"potentialAction\":[{\"@type\":\"ReadAction\",\"target\":[\"https:\/\/sey.fi\/kaakkois-suomi\/kaakkois-suomen-elainsuojeluyhdistys\/yhdistys\/lapset-ja-nuoret\/kouluvierailut\/\"]}]},{\"@type\":\"BreadcrumbList\",\"@id\":\"https:\/\/sey.fi\/kaakkois-suomi\/kaakkois-suomen-elainsuojeluyhdistys\/yhdistys\/lapset-ja-nuoret\/kouluvierailut\/#breadcrumb\",\"itemListElement\":[{\"@type\":\"ListItem\",\"position\":1,\"name\":\"Home\",\"item\":\"https:\/\/sey.fi\/kaakkois-suomi\/\"},{\"@type\":\"ListItem\",\"position\":2,\"name\":\"Kaakkois-Suomen el\u00e4insuojeluyhdistys\",\"item\":\"https:\/\/sey.fi\/kaakkois-suomi\/\"},{\"@type\":\"ListItem\",\"position\":3,\"name\":\"Yhdistys\",\"item\":\"https:\/\/sey.fi\/kaakkois-suomi\/kaakkois-suomen-elainsuojeluyhdistys\/yhdistys\/\"},{\"@type\":\"ListItem\",\"position\":4,\"name\":\"Lapset ja nuoret\",\"item\":\"https:\/\/sey.fi\/kaakkois-suomi\/kaakkois-suomen-elainsuojeluyhdistys\/yhdistys\/lapset-ja-nuoret\/\"},{\"@type\":\"ListItem\",\"position\":5,\"name\":\"Kouluvierailut\"}]},{\"@type\":\"WebSite\",\"@id\":\"https:\/\/sey.fi\/kaakkois-suomi\/#website\",\"url\":\"https:\/\/sey.fi\/kaakkois-suomi\/\",\"name\":\"Kaakkois-Suomen el\u00e4insuojeluyhdistys\",\"description\":\"Uusi SEY J\u00e4senyhdistykset -sivusto\",\"potentialAction\":[{\"@type\":\"SearchAction\",\"target\":{\"@type\":\"EntryPoint\",\"urlTemplate\":\"https:\/\/sey.fi\/kaakkois-suomi\/?s={search_term_string}\"},\"query-input\":{\"@type\":\"PropertyValueSpecification\",\"valueRequired\":true,\"valueName\":\"search_term_string\"}}],\"inLanguage\":\"fi\"}]}<\/script>\n<!-- \/ Yoast SEO plugin. -->","yoast_head_json":{"title":"Kouluvierailut - Kaakkois-Suomen el\u00e4insuojeluyhdistys","robots":{"index":"index","follow":"follow","max-snippet":"max-snippet:-1","max-image-preview":"max-image-preview:large","max-video-preview":"max-video-preview:-1"},"canonical":"https:\/\/sey.fi\/kaakkois-suomi\/kaakkois-suomen-elainsuojeluyhdistys\/yhdistys\/lapset-ja-nuoret\/kouluvierailut\/","og_locale":"fi_FI","og_type":"article","og_title":"Kouluvierailut - Kaakkois-Suomen el\u00e4insuojeluyhdistys","og_description":"SEY tarjoaa kouluille ja oppilaitoksille el\u00e4insuojeluteemaisia vierailuluennoitsijoita. Vierailijat ovat SEYn kouluttamia vapaaehtoisia, jotka ovat eri puolilla Suomea toimivien j\u00e4senyhdistysten aktiiveja tai SEYn el\u00e4insuojeluneuvojia. Kouluvierailujen avulla voidaan lis\u00e4t\u00e4 lasten ja nuorten tiet\u00e4myst\u00e4 el\u00e4inasioista ja her\u00e4tt\u00e4\u00e4 positiivista kiinnostusta el\u00e4insuojelutoimintaa kohtaan.&nbsp;(L\u00e4hde: SEY) Lue SEYn sivuilta lis\u00e4\u00e4 kouluvierailijoista tai tilaa vierailija omalle koulullesi:\u00a0Kouluvierailut","og_url":"https:\/\/sey.fi\/kaakkois-suomi\/kaakkois-suomen-elainsuojeluyhdistys\/yhdistys\/lapset-ja-nuoret\/kouluvierailut\/","og_site_name":"Kaakkois-Suomen el\u00e4insuojeluyhdistys","article_modified_time":"2020-02-18T18:59:41+00:00","twitter_card":"summary_large_image","schema":{"@context":"https:\/\/schema.org","@graph":[{"@type":"WebPage","@id":"https:\/\/sey.fi\/kaakkois-suomi\/kaakkois-suomen-elainsuojeluyhdistys\/yhdistys\/lapset-ja-nuoret\/kouluvierailut\/","url":"https:\/\/sey.fi\/kaakkois-suomi\/kaakkois-suomen-elainsuojeluyhdistys\/yhdistys\/lapset-ja-nuoret\/kouluvierailut\/","name":"Kouluvierailut - Kaakkois-Suomen el\u00e4insuojeluyhdistys","isPartOf":{"@id":"https:\/\/sey.fi\/kaakkois-suomi\/#website"},"datePublished":"2019-11-01T11:47:55+00:00","dateModified":"2020-02-18T18:59:41+00:00","breadcrumb":{"@id":"https:\/\/sey.fi\/kaakkois-suomi\/kaakkois-suomen-elainsuojeluyhdistys\/yhdistys\/lapset-ja-nuoret\/kouluvierailut\/#breadcrumb"},"inLanguage":"fi","potentialAction":[{"@type":"ReadAction","target":["https:\/\/sey.fi\/kaakkois-suomi\/kaakkois-suomen-elainsuojeluyhdistys\/yhdistys\/lapset-ja-nuoret\/kouluvierailut\/"]}]},{"@type":"BreadcrumbList","@id":"https:\/\/sey.fi\/kaakkois-suomi\/kaakkois-suomen-elainsuojeluyhdistys\/yhdistys\/lapset-ja-nuoret\/kouluvierailut\/#breadcrumb","itemListElement":[{"@type":"ListItem","position":1,"name":"Home","item":"https:\/\/sey.fi\/kaakkois-suomi\/"},{"@type":"ListItem","position":2,"name":"Kaakkois-Suomen el\u00e4insuojeluyhdistys","item":"https:\/\/sey.fi\/kaakkois-suomi\/"},{"@type":"ListItem","position":3,"name":"Yhdistys","item":"https:\/\/sey.fi\/kaakkois-suomi\/kaakkois-suomen-elainsuojeluyhdistys\/yhdistys\/"},{"@type":"ListItem","position":4,"name":"Lapset ja nuoret","item":"https:\/\/sey.fi\/kaakkois-suomi\/kaakkois-suomen-elainsuojeluyhdistys\/yhdistys\/lapset-ja-nuoret\/"},{"@type":"ListItem","position":5,"name":"Kouluvierailut"}]},{"@type":"WebSite","@id":"https:\/\/sey.fi\/kaakkois-suomi\/#website","url":"https:\/\/sey.fi\/kaakkois-suomi\/","name":"Kaakkois-Suomen el\u00e4insuojeluyhdistys","description":"Uusi SEY J\u00e4senyhdistykset -sivusto","potentialAction":[{"@type":"SearchAction","target":{"@type":"EntryPoint","urlTemplate":"https:\/\/sey.fi\/kaakkois-suomi\/?s={search_term_string}"},"query-input":{"@type":"PropertyValueSpecification","valueRequired":true,"valueName":"search_term_string"}}],"inLanguage":"fi"}]}},"_links":{"self":[{"href":"https:\/\/sey.fi\/kaakkois-suomi\/wp-json\/wp\/v2\/pages\/117","targetHints":{"allow":["GET"]}}],"collection":[{"href":"https:\/\/sey.fi\/kaakkois-suomi\/wp-json\/wp\/v2\/pages"}],"about":[{"href":"https:\/\/sey.fi\/kaakkois-suomi\/wp-json\/wp\/v2\/types\/page"}],"author":[{"embeddable":true,"href":"https:\/\/sey.fi\/kaakkois-suomi\/wp-json\/wp\/v2\/users\/8"}],"replies":[{"embeddable":true,"href":"https:\/\/sey.fi\/kaakkois-suomi\/wp-json\/wp\/v2\/comments?post=117"}],"version-history":[{"count":2,"href":"https:\/\/sey.fi\/kaakkois-suomi\/wp-json\/wp\/v2\/pages\/117\/revisions"}],"predecessor-version":[{"id":732,"href":"https:\/\/sey.fi\/kaakkois-suomi\/wp-json\/wp\/v2\/pages\/117\/revisions\/732"}],"up":[{"embeddable":true,"href":"https:\/\/sey.fi\/kaakkois-suomi\/wp-json\/wp\/v2\/pages\/115"}],"wp:attachment":[{"href":"https:\/\/sey.fi\/kaakkois-suomi\/wp-json\/wp\/v2\/media?parent=117"}],"curies":[{"name":"wp","href":"https:\/\/api.w.org\/{rel}","templated":true}]}}