{"id":121,"date":"2019-11-01T13:49:00","date_gmt":"2019-11-01T11:49:00","guid":{"rendered":"http:\/\/srvr10.xetpoint.com\/~seyfi\/kaakkois-suomi\/?page_id=121"},"modified":"2024-11-11T00:38:20","modified_gmt":"2024-11-10T22:38:20","slug":"tapahtumat","status":"publish","type":"page","link":"https:\/\/sey.fi\/kaakkois-suomi\/kaakkois-suomen-elainsuojeluyhdistys\/yhdistys\/tapahtumat\/","title":{"rendered":"Tapahtumat"},"content":{"rendered":"\n<p>Osallistumme ymp\u00e4ri vuoden aktiivisesti eri tapahtumiin, joissa kerromme yhdistyksen toiminnasta ja jaamme el\u00e4insuojeluun liittyv\u00e4\u00e4 informaatiota. Mik\u00e4li sinulla on tiedossa tapahtuma, johon voimme osallistua, otathan yhteytt\u00e4 osoitteeseen:&nbsp;<strong><a href=\"mailto:kasey.tapahtumavastaava@gmail.com\">kasey.tapahtumavastaava(at)gmail.com<\/a><\/strong>.<\/p>\n\n\n\n<p>J\u00e4rjest\u00e4mme my\u00f6s itse tapahtumia esimerkiksi el\u00e4inten viikolla 4.-10.10. j\u00e4rjest\u00e4mme jo perinteeksi muodostuneita ruoka- ja tarvikeker\u00e4yksi\u00e4 Etel\u00e4-Karjalan alueella. N\u00e4ist\u00e4 tapahtumista tiedotamme mm.\u00a0<strong><a href=\"https:\/\/sey.fi\/kaakkois-suomi\/kaakkois-suomen-elainsuojeluyhdistys\/ajankohtaista\/\">Ajankohtaista<\/a>\u00a0&#8211;<\/strong>osiossa.<\/p>\n\n\n\n<p><strong>Haluaisitko tulla mukaan toimimaan yhdistyksen tapahtumissa?<\/strong><\/p>\n\n\n\n<p>Sykkiik\u00f6 syd\u00e4mesi valistus-, neuvonta-, opastus- tai varainkeruuasioille? Pid\u00e4tk\u00f6 esiintymisest\u00e4 ja uusien ihmisten tapaamisesta? Haluatko luoda ihmisille ikimuistoisia el\u00e4myksi\u00e4? Haluatko sitouttaa ihmisi\u00e4 el\u00e4inten suojeluun sek\u00e4 avustamiseen? Haluatko levitt\u00e4\u00e4 tietoa el\u00e4inten suojelusta?<\/p>\n\n\n\n<p>Etsimme j\u00e4seni\u00e4 tapahtumatiimiin. Tapahtumatiimi saa itse p\u00e4\u00e4tt\u00e4 toimintatapansa muodon. Tapahtumatiimi voi olla yhteydess\u00e4 mm. alueen kauppoihin, messuj\u00e4rjest\u00e4jiin, el\u00e4intarvikeliikkeisiin, el\u00e4inhoitoloihin, ratsastuskouluihin, rotu- ja lajiyhdistyksiin sek\u00e4 vastata mm. seuraavista asioista:<\/p>\n\n\n\n<p>&#8211; Messut<br>&#8211; Ruokaker\u00e4ykset<br>&#8211; J\u00e4senmatkat<br>&#8211; Luennot<br>&#8211; Kurssit<br>&#8211; Koulutukset<br>&#8211; Sirutus- ja leikkaustempaukset<br>&#8211; Muut tapahtumat<\/p>\n\n\n\n<p>P\u00e4\u00e4t\u00e4t itse, onko auttamisesi kertaluontoista, jatkuvaa vai tarpeen mukaan. Olethan yhteydess\u00e4 yhdistyksemme&nbsp;s\u00e4hk\u00f6postiosoitteeseen&nbsp;<strong><a href=\"mailto:kasey.tapahtumavastaava@gmail.com\">kasey.tapahtumavastaava(at)gmail.com<\/a><\/strong>, mik\u00e4li olet kiinnostunut osallistumaan el\u00e4insuojeluyhdistyksen tapahtumatoimintaan.<\/p>\n\n\n<div class=\"wp-block-image\">\n<figure class=\"aligncenter size-large is-resized\"><img loading=\"lazy\" decoding=\"async\" width=\"1024\" height=\"678\" src=\"https:\/\/sey.fi\/wp-content\/uploads\/sites\/18\/2024\/11\/466586161_1004173045084820_5989299115779748587_n-1024x678.jpg\" alt=\"\" class=\"wp-image-4757\" style=\"width:586px;height:auto\" srcset=\"https:\/\/sey.fi\/wp-content\/uploads\/sites\/18\/2024\/11\/466586161_1004173045084820_5989299115779748587_n-1024x678.jpg 1024w, https:\/\/sey.fi\/wp-content\/uploads\/sites\/18\/2024\/11\/466586161_1004173045084820_5989299115779748587_n-300x198.jpg 300w, https:\/\/sey.fi\/wp-content\/uploads\/sites\/18\/2024\/11\/466586161_1004173045084820_5989299115779748587_n-768x508.jpg 768w, https:\/\/sey.fi\/wp-content\/uploads\/sites\/18\/2024\/11\/466586161_1004173045084820_5989299115779748587_n-1536x1016.jpg 1536w, https:\/\/sey.fi\/wp-content\/uploads\/sites\/18\/2024\/11\/466586161_1004173045084820_5989299115779748587_n.jpg 2048w\" sizes=\"auto, (max-width: 1024px) 100vw, 1024px\" \/><\/figure><\/div>","protected":false},"excerpt":{"rendered":"<p>Osallistumme ymp\u00e4ri vuoden aktiivisesti eri tapahtumiin, joissa kerromme yhdistyksen toiminnasta ja jaamme el\u00e4insuojeluun liittyv\u00e4\u00e4 informaatiota. Mik\u00e4li sinulla on tiedossa tapahtuma, johon voimme osallistua, otathan yhteytt\u00e4 osoitteeseen:&nbsp;kasey.tapahtumavastaava(at)gmail.com. J\u00e4rjest\u00e4mme my\u00f6s itse tapahtumia esimerkiksi el\u00e4inten viikolla 4.-10.10. j\u00e4rjest\u00e4mme jo perinteeksi muodostuneita ruoka- ja tarvikeker\u00e4yksi\u00e4 Etel\u00e4-Karjalan alueella. N\u00e4ist\u00e4 tapahtumista tiedotamme mm.\u00a0Ajankohtaista\u00a0&#8211;osiossa. Haluaisitko tulla mukaan toimimaan yhdistyksen tapahtumissa? Sykkiik\u00f6 syd\u00e4mesi [&hellip;]<\/p>\n","protected":false},"author":8,"featured_media":0,"parent":69,"menu_order":0,"comment_status":"closed","ping_status":"closed","template":"","meta":{"_acf_changed":false,"footnotes":""},"class_list":["post-121","page","type-page","status-publish","hentry"],"acf":[],"yoast_head":"<!-- This site is optimized with the Yoast SEO plugin v27.1.1 - https:\/\/yoast.com\/product\/yoast-seo-wordpress\/ -->\n<title>Tapahtumat - Kaakkois-Suomen el\u00e4insuojeluyhdistys<\/title>\n<meta name=\"robots\" content=\"index, follow, max-snippet:-1, max-image-preview:large, max-video-preview:-1\" \/>\n<link rel=\"canonical\" href=\"https:\/\/sey.fi\/kaakkois-suomi\/kaakkois-suomen-elainsuojeluyhdistys\/yhdistys\/tapahtumat\/\" \/>\n<meta property=\"og:locale\" content=\"fi_FI\" \/>\n<meta property=\"og:type\" content=\"article\" \/>\n<meta property=\"og:title\" content=\"Tapahtumat - Kaakkois-Suomen el\u00e4insuojeluyhdistys\" \/>\n<meta property=\"og:description\" content=\"Osallistumme ymp\u00e4ri vuoden aktiivisesti eri tapahtumiin, joissa kerromme yhdistyksen toiminnasta ja jaamme el\u00e4insuojeluun liittyv\u00e4\u00e4 informaatiota. Mik\u00e4li sinulla on tiedossa tapahtuma, johon voimme osallistua, otathan yhteytt\u00e4 osoitteeseen:&nbsp;kasey.tapahtumavastaava(at)gmail.com. J\u00e4rjest\u00e4mme my\u00f6s itse tapahtumia esimerkiksi el\u00e4inten viikolla 4.-10.10. j\u00e4rjest\u00e4mme jo perinteeksi muodostuneita ruoka- ja tarvikeker\u00e4yksi\u00e4 Etel\u00e4-Karjalan alueella. N\u00e4ist\u00e4 tapahtumista tiedotamme mm.\u00a0Ajankohtaista\u00a0&#8211;osiossa. Haluaisitko tulla mukaan toimimaan yhdistyksen tapahtumissa? Sykkiik\u00f6 syd\u00e4mesi [&hellip;]\" \/>\n<meta property=\"og:url\" content=\"https:\/\/sey.fi\/kaakkois-suomi\/kaakkois-suomen-elainsuojeluyhdistys\/yhdistys\/tapahtumat\/\" \/>\n<meta property=\"og:site_name\" content=\"Kaakkois-Suomen el\u00e4insuojeluyhdistys\" \/>\n<meta property=\"article:modified_time\" content=\"2024-11-10T22:38:20+00:00\" \/>\n<meta property=\"og:image\" content=\"https:\/\/sey.fi\/wp-content\/uploads\/sites\/18\/2024\/11\/466586161_1004173045084820_5989299115779748587_n.jpg\" \/>\n\t<meta property=\"og:image:width\" content=\"2048\" \/>\n\t<meta property=\"og:image:height\" content=\"1355\" \/>\n\t<meta property=\"og:image:type\" content=\"image\/jpeg\" \/>\n<meta name=\"twitter:card\" content=\"summary_large_image\" \/>\n<meta name=\"twitter:label1\" content=\"Arvioitu lukuaika\" \/>\n\t<meta name=\"twitter:data1\" content=\"2 minuuttia\" \/>\n<script type=\"application\/ld+json\" class=\"yoast-schema-graph\">{\"@context\":\"https:\/\/schema.org\",\"@graph\":[{\"@type\":\"WebPage\",\"@id\":\"https:\/\/sey.fi\/kaakkois-suomi\/kaakkois-suomen-elainsuojeluyhdistys\/yhdistys\/tapahtumat\/\",\"url\":\"https:\/\/sey.fi\/kaakkois-suomi\/kaakkois-suomen-elainsuojeluyhdistys\/yhdistys\/tapahtumat\/\",\"name\":\"Tapahtumat - Kaakkois-Suomen el\u00e4insuojeluyhdistys\",\"isPartOf\":{\"@id\":\"https:\/\/sey.fi\/kaakkois-suomi\/#website\"},\"primaryImageOfPage\":{\"@id\":\"https:\/\/sey.fi\/kaakkois-suomi\/kaakkois-suomen-elainsuojeluyhdistys\/yhdistys\/tapahtumat\/#primaryimage\"},\"image\":{\"@id\":\"https:\/\/sey.fi\/kaakkois-suomi\/kaakkois-suomen-elainsuojeluyhdistys\/yhdistys\/tapahtumat\/#primaryimage\"},\"thumbnailUrl\":\"https:\/\/sey.fi\/wp-content\/uploads\/sites\/18\/2024\/11\/466586161_1004173045084820_5989299115779748587_n-1024x678.jpg\",\"datePublished\":\"2019-11-01T11:49:00+00:00\",\"dateModified\":\"2024-11-10T22:38:20+00:00\",\"breadcrumb\":{\"@id\":\"https:\/\/sey.fi\/kaakkois-suomi\/kaakkois-suomen-elainsuojeluyhdistys\/yhdistys\/tapahtumat\/#breadcrumb\"},\"inLanguage\":\"fi\",\"potentialAction\":[{\"@type\":\"ReadAction\",\"target\":[\"https:\/\/sey.fi\/kaakkois-suomi\/kaakkois-suomen-elainsuojeluyhdistys\/yhdistys\/tapahtumat\/\"]}]},{\"@type\":\"ImageObject\",\"inLanguage\":\"fi\",\"@id\":\"https:\/\/sey.fi\/kaakkois-suomi\/kaakkois-suomen-elainsuojeluyhdistys\/yhdistys\/tapahtumat\/#primaryimage\",\"url\":\"https:\/\/sey.fi\/wp-content\/uploads\/sites\/18\/2024\/11\/466586161_1004173045084820_5989299115779748587_n-1024x678.jpg\",\"contentUrl\":\"https:\/\/sey.fi\/wp-content\/uploads\/sites\/18\/2024\/11\/466586161_1004173045084820_5989299115779748587_n-1024x678.jpg\"},{\"@type\":\"BreadcrumbList\",\"@id\":\"https:\/\/sey.fi\/kaakkois-suomi\/kaakkois-suomen-elainsuojeluyhdistys\/yhdistys\/tapahtumat\/#breadcrumb\",\"itemListElement\":[{\"@type\":\"ListItem\",\"position\":1,\"name\":\"Home\",\"item\":\"https:\/\/sey.fi\/kaakkois-suomi\/\"},{\"@type\":\"ListItem\",\"position\":2,\"name\":\"Kaakkois-Suomen el\u00e4insuojeluyhdistys\",\"item\":\"https:\/\/sey.fi\/kaakkois-suomi\/\"},{\"@type\":\"ListItem\",\"position\":3,\"name\":\"Yhdistys\",\"item\":\"https:\/\/sey.fi\/kaakkois-suomi\/kaakkois-suomen-elainsuojeluyhdistys\/yhdistys\/\"},{\"@type\":\"ListItem\",\"position\":4,\"name\":\"Tapahtumat\"}]},{\"@type\":\"WebSite\",\"@id\":\"https:\/\/sey.fi\/kaakkois-suomi\/#website\",\"url\":\"https:\/\/sey.fi\/kaakkois-suomi\/\",\"name\":\"Kaakkois-Suomen el\u00e4insuojeluyhdistys\",\"description\":\"Uusi SEY J\u00e4senyhdistykset -sivusto\",\"potentialAction\":[{\"@type\":\"SearchAction\",\"target\":{\"@type\":\"EntryPoint\",\"urlTemplate\":\"https:\/\/sey.fi\/kaakkois-suomi\/?s={search_term_string}\"},\"query-input\":{\"@type\":\"PropertyValueSpecification\",\"valueRequired\":true,\"valueName\":\"search_term_string\"}}],\"inLanguage\":\"fi\"}]}<\/script>\n<!-- \/ Yoast SEO plugin. -->","yoast_head_json":{"title":"Tapahtumat - Kaakkois-Suomen el\u00e4insuojeluyhdistys","robots":{"index":"index","follow":"follow","max-snippet":"max-snippet:-1","max-image-preview":"max-image-preview:large","max-video-preview":"max-video-preview:-1"},"canonical":"https:\/\/sey.fi\/kaakkois-suomi\/kaakkois-suomen-elainsuojeluyhdistys\/yhdistys\/tapahtumat\/","og_locale":"fi_FI","og_type":"article","og_title":"Tapahtumat - Kaakkois-Suomen el\u00e4insuojeluyhdistys","og_description":"Osallistumme ymp\u00e4ri vuoden aktiivisesti eri tapahtumiin, joissa kerromme yhdistyksen toiminnasta ja jaamme el\u00e4insuojeluun liittyv\u00e4\u00e4 informaatiota. Mik\u00e4li sinulla on tiedossa tapahtuma, johon voimme osallistua, otathan yhteytt\u00e4 osoitteeseen:&nbsp;kasey.tapahtumavastaava(at)gmail.com. J\u00e4rjest\u00e4mme my\u00f6s itse tapahtumia esimerkiksi el\u00e4inten viikolla 4.-10.10. j\u00e4rjest\u00e4mme jo perinteeksi muodostuneita ruoka- ja tarvikeker\u00e4yksi\u00e4 Etel\u00e4-Karjalan alueella. N\u00e4ist\u00e4 tapahtumista tiedotamme mm.\u00a0Ajankohtaista\u00a0&#8211;osiossa. Haluaisitko tulla mukaan toimimaan yhdistyksen tapahtumissa? Sykkiik\u00f6 syd\u00e4mesi [&hellip;]","og_url":"https:\/\/sey.fi\/kaakkois-suomi\/kaakkois-suomen-elainsuojeluyhdistys\/yhdistys\/tapahtumat\/","og_site_name":"Kaakkois-Suomen el\u00e4insuojeluyhdistys","article_modified_time":"2024-11-10T22:38:20+00:00","og_image":[{"width":2048,"height":1355,"url":"https:\/\/sey.fi\/wp-content\/uploads\/sites\/18\/2024\/11\/466586161_1004173045084820_5989299115779748587_n.jpg","type":"image\/jpeg"}],"twitter_card":"summary_large_image","twitter_misc":{"Arvioitu lukuaika":"2 minuuttia"},"schema":{"@context":"https:\/\/schema.org","@graph":[{"@type":"WebPage","@id":"https:\/\/sey.fi\/kaakkois-suomi\/kaakkois-suomen-elainsuojeluyhdistys\/yhdistys\/tapahtumat\/","url":"https:\/\/sey.fi\/kaakkois-suomi\/kaakkois-suomen-elainsuojeluyhdistys\/yhdistys\/tapahtumat\/","name":"Tapahtumat - Kaakkois-Suomen el\u00e4insuojeluyhdistys","isPartOf":{"@id":"https:\/\/sey.fi\/kaakkois-suomi\/#website"},"primaryImageOfPage":{"@id":"https:\/\/sey.fi\/kaakkois-suomi\/kaakkois-suomen-elainsuojeluyhdistys\/yhdistys\/tapahtumat\/#primaryimage"},"image":{"@id":"https:\/\/sey.fi\/kaakkois-suomi\/kaakkois-suomen-elainsuojeluyhdistys\/yhdistys\/tapahtumat\/#primaryimage"},"thumbnailUrl":"https:\/\/sey.fi\/wp-content\/uploads\/sites\/18\/2024\/11\/466586161_1004173045084820_5989299115779748587_n-1024x678.jpg","datePublished":"2019-11-01T11:49:00+00:00","dateModified":"2024-11-10T22:38:20+00:00","breadcrumb":{"@id":"https:\/\/sey.fi\/kaakkois-suomi\/kaakkois-suomen-elainsuojeluyhdistys\/yhdistys\/tapahtumat\/#breadcrumb"},"inLanguage":"fi","potentialAction":[{"@type":"ReadAction","target":["https:\/\/sey.fi\/kaakkois-suomi\/kaakkois-suomen-elainsuojeluyhdistys\/yhdistys\/tapahtumat\/"]}]},{"@type":"ImageObject","inLanguage":"fi","@id":"https:\/\/sey.fi\/kaakkois-suomi\/kaakkois-suomen-elainsuojeluyhdistys\/yhdistys\/tapahtumat\/#primaryimage","url":"https:\/\/sey.fi\/wp-content\/uploads\/sites\/18\/2024\/11\/466586161_1004173045084820_5989299115779748587_n-1024x678.jpg","contentUrl":"https:\/\/sey.fi\/wp-content\/uploads\/sites\/18\/2024\/11\/466586161_1004173045084820_5989299115779748587_n-1024x678.jpg"},{"@type":"BreadcrumbList","@id":"https:\/\/sey.fi\/kaakkois-suomi\/kaakkois-suomen-elainsuojeluyhdistys\/yhdistys\/tapahtumat\/#breadcrumb","itemListElement":[{"@type":"ListItem","position":1,"name":"Home","item":"https:\/\/sey.fi\/kaakkois-suomi\/"},{"@type":"ListItem","position":2,"name":"Kaakkois-Suomen el\u00e4insuojeluyhdistys","item":"https:\/\/sey.fi\/kaakkois-suomi\/"},{"@type":"ListItem","position":3,"name":"Yhdistys","item":"https:\/\/sey.fi\/kaakkois-suomi\/kaakkois-suomen-elainsuojeluyhdistys\/yhdistys\/"},{"@type":"ListItem","position":4,"name":"Tapahtumat"}]},{"@type":"WebSite","@id":"https:\/\/sey.fi\/kaakkois-suomi\/#website","url":"https:\/\/sey.fi\/kaakkois-suomi\/","name":"Kaakkois-Suomen el\u00e4insuojeluyhdistys","description":"Uusi SEY J\u00e4senyhdistykset -sivusto","potentialAction":[{"@type":"SearchAction","target":{"@type":"EntryPoint","urlTemplate":"https:\/\/sey.fi\/kaakkois-suomi\/?s={search_term_string}"},"query-input":{"@type":"PropertyValueSpecification","valueRequired":true,"valueName":"search_term_string"}}],"inLanguage":"fi"}]}},"_links":{"self":[{"href":"https:\/\/sey.fi\/kaakkois-suomi\/wp-json\/wp\/v2\/pages\/121","targetHints":{"allow":["GET"]}}],"collection":[{"href":"https:\/\/sey.fi\/kaakkois-suomi\/wp-json\/wp\/v2\/pages"}],"about":[{"href":"https:\/\/sey.fi\/kaakkois-suomi\/wp-json\/wp\/v2\/types\/page"}],"author":[{"embeddable":true,"href":"https:\/\/sey.fi\/kaakkois-suomi\/wp-json\/wp\/v2\/users\/8"}],"replies":[{"embeddable":true,"href":"https:\/\/sey.fi\/kaakkois-suomi\/wp-json\/wp\/v2\/comments?post=121"}],"version-history":[{"count":5,"href":"https:\/\/sey.fi\/kaakkois-suomi\/wp-json\/wp\/v2\/pages\/121\/revisions"}],"predecessor-version":[{"id":4759,"href":"https:\/\/sey.fi\/kaakkois-suomi\/wp-json\/wp\/v2\/pages\/121\/revisions\/4759"}],"up":[{"embeddable":true,"href":"https:\/\/sey.fi\/kaakkois-suomi\/wp-json\/wp\/v2\/pages\/69"}],"wp:attachment":[{"href":"https:\/\/sey.fi\/kaakkois-suomi\/wp-json\/wp\/v2\/media?parent=121"}],"curies":[{"name":"wp","href":"https:\/\/api.w.org\/{rel}","templated":true}]}}