{"id":125,"date":"2019-11-01T13:50:33","date_gmt":"2019-11-01T11:50:33","guid":{"rendered":"http:\/\/srvr10.xetpoint.com\/~seyfi\/kaakkois-suomi\/?page_id=125"},"modified":"2026-01-12T13:12:35","modified_gmt":"2026-01-12T11:12:35","slug":"liity-jaseneksi","status":"publish","type":"page","link":"https:\/\/sey.fi\/kaakkois-suomi\/kaakkois-suomen-elainsuojeluyhdistys\/yhdistys\/liity-jaseneksi\/","title":{"rendered":"Liity j\u00e4seneksi"},"content":{"rendered":"\n<p>Voit liitty\u00e4 j\u00e4seneksemme riippumatta siit\u00e4, mill\u00e4 paikkakunnalla asut ja voit halutessasi kuulua useaan eri el\u00e4insuojeluyhdistykseen samanaikaisesti.<strong>&nbsp;J\u00e4senyys ei vaadi sinulta osallistumista toimintaan<\/strong>&nbsp;&#8211;&nbsp;j\u00e4senyytesi p\u00e4\u00e4idea on t\u00e4rke\u00e4n toiminnan tukeminen.&nbsp;<\/p>\n\n\n\n<p>Kaakkois-Suomen El\u00e4insuojeluyhdistys ry on\u00a0<strong><a href=\"http:\/\/www.sey.fi\/\" target=\"_blank\" rel=\"noreferrer noopener\">SEY Suomen el\u00e4insuojelu<\/a><\/strong>:n j\u00e4sen. Liittym\u00e4ll\u00e4 KASEY:n j\u00e4seneksi olet my\u00f6s kattoj\u00e4rjest\u00f6mme SEYn j\u00e4sen. Kaikki SEYn j\u00e4senet saavat El\u00e4inten yst\u00e4v\u00e4<strong>&#8211;<\/strong>lehden kaksi kertaa vuodessa. Saat my\u00f6s halutessasi osallistua SEYn j\u00e4rjest\u00e4mille el\u00e4insuojeluaiheisille luennoille ja koulutuksille.<\/p>\n\n\n\n<p>Kasey ry k\u00e4sittelee ja hyv\u00e4ksyy j\u00e4senhakemukset hallituksen kokouksissa, joita pidet\u00e4\u00e4n yleens\u00e4 kerran kuussa. J\u00e4seneksi hyv\u00e4ksytyille tulee s\u00e4hk\u00f6postitse tervetulokirje. J\u00e4senlaskut postitetaan SEYn toimesta kerran vuodessa kev\u00e4isin. Mik\u00e4li siis l\u00e4het\u00e4t j\u00e4senhakemuksen muuna ajankohtana, saat usein lehden ja muuta ennen j\u00e4senmaksulaskun saapumista. Liittymishetkell\u00e4 ei siis tarvitse kirjautua verkkopankkiin tai maksaa muuten j\u00e4senmaksua heti, vaan lasku saapuu my\u00f6hemmin postitse. J\u00e4senyys peruuntuu, mik\u00e4li laskua ei makseta. Pyyd\u00e4mme kuitenkin, ett\u00e4 ilmoitat j\u00e4sensihteerillemme\u00a0<strong><a href=\"mailto:kasey.jasensihteeri@gmail.com\">kasey.jasensihteeri@gmail.com<\/a><\/strong>, mik\u00e4li et halua jatkaa j\u00e4senyytt\u00e4si niin tied\u00e4mme, ettemme turhaan odota j\u00e4senmaksun maksamista.<\/p>\n\n\n\n<p><strong>J\u00e4seneksi liittyminen on arvokas el\u00e4insuojeluteko.<\/strong>\u00a0Liittym\u00e4ll\u00e4 Kasey:n j\u00e4seneksi tuet yhdistyksemme toiminnan jatkuvuutta: n\u00e4it\u00e4 ovat esimerkiksi kotien etsiminen kodittomille sek\u00e4 el\u00e4insuojelumy\u00f6nteinen kasvatus- ja tiedotustoiminta alueellamme. Yhdistyksemme toiminta py\u00f6rii p\u00e4\u00e4osin vapaaehtoisvoimin. Vain el\u00e4insuojelukeskuksen henkil\u00f6kunta on palkkaty\u00f6suhteessa. Liittyess\u00e4si saat my\u00f6s vuosittain ilmestyv\u00e4n <strong><a href=\"https:\/\/sey.fi\/kaakkois-suomi\/kaakkois-suomen-elainsuojeluyhdistys\/yhdistys\/jasentiedote\/\">Kaseyn j\u00e4sentiedottee<\/a><\/strong><a href=\"https:\/\/sey.fi\/kaakkois-suomi\/kaakkois-suomen-elainsuojeluyhdistys\/yhdistys\/jasentiedote\/\"><strong>n<\/strong><\/a>. Saat my\u00f6s \u00e4\u00e4nioikeiden yhdistyksen kokouksiin (esim. vuosikokous) ja voit halutessasi asettua ehdolle hallitukseen. <\/p>\n\n\n\n<p>Yhdistyksell\u00e4 on k\u00e4yt\u00f6ss\u00e4 s\u00e4hk\u00f6inen j\u00e4senkortti, Cardu. T\u00e4m\u00e4 mahdollistaa meid\u00e4t tarjoamaan j\u00e4senist\u00f6lle j\u00e4senetuja esim. paikallisilta yrityksilt\u00e4. Cardu on sovellus, jonka voit ladata Google Play tai App Store sovelluskaupasta. J\u00e4senkortin saat aktivoitua, kun saat meilt\u00e4 s\u00e4hk\u00f6postitse aktivointiohjeet. <\/p>\n\n\n\n<p><strong>J\u00e4senmaksut 2026<\/strong><\/p>\n\n\n\n<ul class=\"wp-block-list\">\n<li>Nuorisoj\u00e4sen (alle 15-vuotiaat) 25 \u20ac\/vuosi<\/li>\n\n\n\n<li>Varsinainen j\u00e4sen&nbsp;(ik\u00e4 15 v. tai yli) 35 \u20ac\/vuosi<\/li>\n\n\n\n<li>Perhej\u00e4sen 25 \u20ac\/vuosi&nbsp;<\/li>\n\n\n\n<li>Kannatusj\u00e4sen, 250&nbsp;\u20ac\/vuosi<\/li>\n\n\n\n<li>Ainaisj\u00e4sen, kertamaksu 350&nbsp;\u20ac<\/li>\n<\/ul>\n\n\n\n<p><strong>J\u00c4SENEKSI LIITTYMINEN ON HELPPOA!<\/strong><\/p>\n\n\n\n<p>Klikkaa <a href=\"https:\/\/sey.fi\/osallistu-ja-vaikuta\/liity-jaseneksi\/\"><strong>linkki\u00e4<\/strong><\/a>, t\u00e4yt\u00e4 yhteystietosi ja valitse itsellesi sopiva j\u00e4senyhdistys kohdasta Kaakkois-Suomen el\u00e4insuojeluyhdistys ry. Toivotamme tervetulleiksi kaikki uudet j\u00e4senet! <\/p>\n\n\n\n<p>Mik\u00e4li sinulla on kysytt\u00e4v\u00e4\u00e4 j\u00e4seneksi liittymisest\u00e4 tai muista j\u00e4senasioista, ota yhteys Kasey:n j\u00e4sensihteeriin:&nbsp;<a href=\"mailto:kasey.jasensihteeri@gmail.com\"><strong>ka<\/strong><\/a><strong><a href=\"mailto:kasey.jasensihteeri@gmail.com\">sey.jasensihteeri(at)gmail.com<\/a><br><br><\/strong><\/p>\n","protected":false},"excerpt":{"rendered":"<p>Voit liitty\u00e4 j\u00e4seneksemme riippumatta siit\u00e4, mill\u00e4 paikkakunnalla asut ja voit halutessasi kuulua useaan eri el\u00e4insuojeluyhdistykseen samanaikaisesti.&nbsp;J\u00e4senyys ei vaadi sinulta osallistumista toimintaan&nbsp;&#8211;&nbsp;j\u00e4senyytesi p\u00e4\u00e4idea on t\u00e4rke\u00e4n toiminnan tukeminen.&nbsp; Kaakkois-Suomen El\u00e4insuojeluyhdistys ry on\u00a0SEY Suomen el\u00e4insuojelu:n j\u00e4sen. Liittym\u00e4ll\u00e4 KASEY:n j\u00e4seneksi olet my\u00f6s kattoj\u00e4rjest\u00f6mme SEYn j\u00e4sen. Kaikki SEYn j\u00e4senet saavat El\u00e4inten yst\u00e4v\u00e4&#8211;lehden kaksi kertaa vuodessa. Saat my\u00f6s halutessasi osallistua SEYn [&hellip;]<\/p>\n","protected":false},"author":8,"featured_media":0,"parent":69,"menu_order":0,"comment_status":"closed","ping_status":"closed","template":"","meta":{"_acf_changed":false,"footnotes":""},"class_list":["post-125","page","type-page","status-publish","hentry"],"acf":[],"yoast_head":"<!-- This site is optimized with the Yoast SEO plugin v27.1.1 - https:\/\/yoast.com\/product\/yoast-seo-wordpress\/ -->\n<title>Liity j\u00e4seneksi - Kaakkois-Suomen el\u00e4insuojeluyhdistys<\/title>\n<meta name=\"robots\" content=\"index, follow, max-snippet:-1, max-image-preview:large, max-video-preview:-1\" \/>\n<link rel=\"canonical\" href=\"https:\/\/sey.fi\/kaakkois-suomi\/kaakkois-suomen-elainsuojeluyhdistys\/yhdistys\/liity-jaseneksi\/\" \/>\n<meta property=\"og:locale\" content=\"fi_FI\" \/>\n<meta property=\"og:type\" content=\"article\" \/>\n<meta property=\"og:title\" content=\"Liity j\u00e4seneksi - Kaakkois-Suomen el\u00e4insuojeluyhdistys\" \/>\n<meta property=\"og:description\" content=\"Voit liitty\u00e4 j\u00e4seneksemme riippumatta siit\u00e4, mill\u00e4 paikkakunnalla asut ja voit halutessasi kuulua useaan eri el\u00e4insuojeluyhdistykseen samanaikaisesti.&nbsp;J\u00e4senyys ei vaadi sinulta osallistumista toimintaan&nbsp;&#8211;&nbsp;j\u00e4senyytesi p\u00e4\u00e4idea on t\u00e4rke\u00e4n toiminnan tukeminen.&nbsp; Kaakkois-Suomen El\u00e4insuojeluyhdistys ry on\u00a0SEY Suomen el\u00e4insuojelu:n j\u00e4sen. Liittym\u00e4ll\u00e4 KASEY:n j\u00e4seneksi olet my\u00f6s kattoj\u00e4rjest\u00f6mme SEYn j\u00e4sen. Kaikki SEYn j\u00e4senet saavat El\u00e4inten yst\u00e4v\u00e4&#8211;lehden kaksi kertaa vuodessa. Saat my\u00f6s halutessasi osallistua SEYn [&hellip;]\" \/>\n<meta property=\"og:url\" content=\"https:\/\/sey.fi\/kaakkois-suomi\/kaakkois-suomen-elainsuojeluyhdistys\/yhdistys\/liity-jaseneksi\/\" \/>\n<meta property=\"og:site_name\" content=\"Kaakkois-Suomen el\u00e4insuojeluyhdistys\" \/>\n<meta property=\"article:modified_time\" content=\"2026-01-12T11:12:35+00:00\" \/>\n<meta name=\"twitter:card\" content=\"summary_large_image\" \/>\n<meta name=\"twitter:label1\" content=\"Arvioitu lukuaika\" \/>\n\t<meta name=\"twitter:data1\" content=\"2 minuuttia\" \/>\n<script type=\"application\/ld+json\" class=\"yoast-schema-graph\">{\"@context\":\"https:\/\/schema.org\",\"@graph\":[{\"@type\":\"WebPage\",\"@id\":\"https:\/\/sey.fi\/kaakkois-suomi\/kaakkois-suomen-elainsuojeluyhdistys\/yhdistys\/liity-jaseneksi\/\",\"url\":\"https:\/\/sey.fi\/kaakkois-suomi\/kaakkois-suomen-elainsuojeluyhdistys\/yhdistys\/liity-jaseneksi\/\",\"name\":\"Liity j\u00e4seneksi - Kaakkois-Suomen el\u00e4insuojeluyhdistys\",\"isPartOf\":{\"@id\":\"https:\/\/sey.fi\/kaakkois-suomi\/#website\"},\"datePublished\":\"2019-11-01T11:50:33+00:00\",\"dateModified\":\"2026-01-12T11:12:35+00:00\",\"breadcrumb\":{\"@id\":\"https:\/\/sey.fi\/kaakkois-suomi\/kaakkois-suomen-elainsuojeluyhdistys\/yhdistys\/liity-jaseneksi\/#breadcrumb\"},\"inLanguage\":\"fi\",\"potentialAction\":[{\"@type\":\"ReadAction\",\"target\":[\"https:\/\/sey.fi\/kaakkois-suomi\/kaakkois-suomen-elainsuojeluyhdistys\/yhdistys\/liity-jaseneksi\/\"]}]},{\"@type\":\"BreadcrumbList\",\"@id\":\"https:\/\/sey.fi\/kaakkois-suomi\/kaakkois-suomen-elainsuojeluyhdistys\/yhdistys\/liity-jaseneksi\/#breadcrumb\",\"itemListElement\":[{\"@type\":\"ListItem\",\"position\":1,\"name\":\"Home\",\"item\":\"https:\/\/sey.fi\/kaakkois-suomi\/\"},{\"@type\":\"ListItem\",\"position\":2,\"name\":\"Kaakkois-Suomen el\u00e4insuojeluyhdistys\",\"item\":\"https:\/\/sey.fi\/kaakkois-suomi\/\"},{\"@type\":\"ListItem\",\"position\":3,\"name\":\"Yhdistys\",\"item\":\"https:\/\/sey.fi\/kaakkois-suomi\/kaakkois-suomen-elainsuojeluyhdistys\/yhdistys\/\"},{\"@type\":\"ListItem\",\"position\":4,\"name\":\"Liity j\u00e4seneksi\"}]},{\"@type\":\"WebSite\",\"@id\":\"https:\/\/sey.fi\/kaakkois-suomi\/#website\",\"url\":\"https:\/\/sey.fi\/kaakkois-suomi\/\",\"name\":\"Kaakkois-Suomen el\u00e4insuojeluyhdistys\",\"description\":\"Uusi SEY J\u00e4senyhdistykset -sivusto\",\"potentialAction\":[{\"@type\":\"SearchAction\",\"target\":{\"@type\":\"EntryPoint\",\"urlTemplate\":\"https:\/\/sey.fi\/kaakkois-suomi\/?s={search_term_string}\"},\"query-input\":{\"@type\":\"PropertyValueSpecification\",\"valueRequired\":true,\"valueName\":\"search_term_string\"}}],\"inLanguage\":\"fi\"}]}<\/script>\n<!-- \/ Yoast SEO plugin. -->","yoast_head_json":{"title":"Liity j\u00e4seneksi - Kaakkois-Suomen el\u00e4insuojeluyhdistys","robots":{"index":"index","follow":"follow","max-snippet":"max-snippet:-1","max-image-preview":"max-image-preview:large","max-video-preview":"max-video-preview:-1"},"canonical":"https:\/\/sey.fi\/kaakkois-suomi\/kaakkois-suomen-elainsuojeluyhdistys\/yhdistys\/liity-jaseneksi\/","og_locale":"fi_FI","og_type":"article","og_title":"Liity j\u00e4seneksi - Kaakkois-Suomen el\u00e4insuojeluyhdistys","og_description":"Voit liitty\u00e4 j\u00e4seneksemme riippumatta siit\u00e4, mill\u00e4 paikkakunnalla asut ja voit halutessasi kuulua useaan eri el\u00e4insuojeluyhdistykseen samanaikaisesti.&nbsp;J\u00e4senyys ei vaadi sinulta osallistumista toimintaan&nbsp;&#8211;&nbsp;j\u00e4senyytesi p\u00e4\u00e4idea on t\u00e4rke\u00e4n toiminnan tukeminen.&nbsp; Kaakkois-Suomen El\u00e4insuojeluyhdistys ry on\u00a0SEY Suomen el\u00e4insuojelu:n j\u00e4sen. Liittym\u00e4ll\u00e4 KASEY:n j\u00e4seneksi olet my\u00f6s kattoj\u00e4rjest\u00f6mme SEYn j\u00e4sen. Kaikki SEYn j\u00e4senet saavat El\u00e4inten yst\u00e4v\u00e4&#8211;lehden kaksi kertaa vuodessa. Saat my\u00f6s halutessasi osallistua SEYn [&hellip;]","og_url":"https:\/\/sey.fi\/kaakkois-suomi\/kaakkois-suomen-elainsuojeluyhdistys\/yhdistys\/liity-jaseneksi\/","og_site_name":"Kaakkois-Suomen el\u00e4insuojeluyhdistys","article_modified_time":"2026-01-12T11:12:35+00:00","twitter_card":"summary_large_image","twitter_misc":{"Arvioitu lukuaika":"2 minuuttia"},"schema":{"@context":"https:\/\/schema.org","@graph":[{"@type":"WebPage","@id":"https:\/\/sey.fi\/kaakkois-suomi\/kaakkois-suomen-elainsuojeluyhdistys\/yhdistys\/liity-jaseneksi\/","url":"https:\/\/sey.fi\/kaakkois-suomi\/kaakkois-suomen-elainsuojeluyhdistys\/yhdistys\/liity-jaseneksi\/","name":"Liity j\u00e4seneksi - Kaakkois-Suomen el\u00e4insuojeluyhdistys","isPartOf":{"@id":"https:\/\/sey.fi\/kaakkois-suomi\/#website"},"datePublished":"2019-11-01T11:50:33+00:00","dateModified":"2026-01-12T11:12:35+00:00","breadcrumb":{"@id":"https:\/\/sey.fi\/kaakkois-suomi\/kaakkois-suomen-elainsuojeluyhdistys\/yhdistys\/liity-jaseneksi\/#breadcrumb"},"inLanguage":"fi","potentialAction":[{"@type":"ReadAction","target":["https:\/\/sey.fi\/kaakkois-suomi\/kaakkois-suomen-elainsuojeluyhdistys\/yhdistys\/liity-jaseneksi\/"]}]},{"@type":"BreadcrumbList","@id":"https:\/\/sey.fi\/kaakkois-suomi\/kaakkois-suomen-elainsuojeluyhdistys\/yhdistys\/liity-jaseneksi\/#breadcrumb","itemListElement":[{"@type":"ListItem","position":1,"name":"Home","item":"https:\/\/sey.fi\/kaakkois-suomi\/"},{"@type":"ListItem","position":2,"name":"Kaakkois-Suomen el\u00e4insuojeluyhdistys","item":"https:\/\/sey.fi\/kaakkois-suomi\/"},{"@type":"ListItem","position":3,"name":"Yhdistys","item":"https:\/\/sey.fi\/kaakkois-suomi\/kaakkois-suomen-elainsuojeluyhdistys\/yhdistys\/"},{"@type":"ListItem","position":4,"name":"Liity j\u00e4seneksi"}]},{"@type":"WebSite","@id":"https:\/\/sey.fi\/kaakkois-suomi\/#website","url":"https:\/\/sey.fi\/kaakkois-suomi\/","name":"Kaakkois-Suomen el\u00e4insuojeluyhdistys","description":"Uusi SEY J\u00e4senyhdistykset -sivusto","potentialAction":[{"@type":"SearchAction","target":{"@type":"EntryPoint","urlTemplate":"https:\/\/sey.fi\/kaakkois-suomi\/?s={search_term_string}"},"query-input":{"@type":"PropertyValueSpecification","valueRequired":true,"valueName":"search_term_string"}}],"inLanguage":"fi"}]}},"_links":{"self":[{"href":"https:\/\/sey.fi\/kaakkois-suomi\/wp-json\/wp\/v2\/pages\/125","targetHints":{"allow":["GET"]}}],"collection":[{"href":"https:\/\/sey.fi\/kaakkois-suomi\/wp-json\/wp\/v2\/pages"}],"about":[{"href":"https:\/\/sey.fi\/kaakkois-suomi\/wp-json\/wp\/v2\/types\/page"}],"author":[{"embeddable":true,"href":"https:\/\/sey.fi\/kaakkois-suomi\/wp-json\/wp\/v2\/users\/8"}],"replies":[{"embeddable":true,"href":"https:\/\/sey.fi\/kaakkois-suomi\/wp-json\/wp\/v2\/comments?post=125"}],"version-history":[{"count":14,"href":"https:\/\/sey.fi\/kaakkois-suomi\/wp-json\/wp\/v2\/pages\/125\/revisions"}],"predecessor-version":[{"id":5625,"href":"https:\/\/sey.fi\/kaakkois-suomi\/wp-json\/wp\/v2\/pages\/125\/revisions\/5625"}],"up":[{"embeddable":true,"href":"https:\/\/sey.fi\/kaakkois-suomi\/wp-json\/wp\/v2\/pages\/69"}],"wp:attachment":[{"href":"https:\/\/sey.fi\/kaakkois-suomi\/wp-json\/wp\/v2\/media?parent=125"}],"curies":[{"name":"wp","href":"https:\/\/api.w.org\/{rel}","templated":true}]}}