{"id":129,"date":"2019-11-01T13:51:25","date_gmt":"2019-11-01T11:51:25","guid":{"rendered":"http:\/\/srvr10.xetpoint.com\/~seyfi\/kaakkois-suomi\/?page_id=129"},"modified":"2025-03-19T02:49:33","modified_gmt":"2025-03-19T00:49:33","slug":"avustusta-vahavaraisille","status":"publish","type":"page","link":"https:\/\/sey.fi\/kaakkois-suomi\/kaakkois-suomen-elainsuojeluyhdistys\/yhdistys\/avustusta-vahavaraisille\/","title":{"rendered":"Avustusta v\u00e4h\u00e4varaisille"},"content":{"rendered":"\n<p>KASEY ry tukee harkintansa mukaan Etel\u00e4-Karjalan alueella asuvia v\u00e4h\u00e4varaisia lemmikinomistajia taloudellisissa haasteissa el\u00e4imen hyvinvoinnin turvaamiseksi. Avustusta voi hakea esimerkiksi el\u00e4inl\u00e4\u00e4k\u00e4rikuluihin tai erityisruokavalioon.<\/p>\n\n\n\n<p>L\u00e4ht\u00f6kohtaisesti omistaja on itse taloudellisesti vastuussa omien lemmikkiens\u00e4 hoidossa. Avustukset ovat kertaluonteisia ja suunnattu yll\u00e4tt\u00e4viin sek\u00e4 odottamattomiin tilanteisiin, joissa omistajan maksukyky on heikentynyt esimerkiksi ty\u00f6paikan menetyksen tai muun tulojen \u00e4killisen v\u00e4hentymisen vuoksi. Avustusta voi hakea perusk\u00e4yntien lis\u00e4ksi mm. kalliimpiin tutkimuksiin ja toimenpiteisiin.<\/p>\n\n\n\n<p>T\u00e4yt\u00e4 huolella avustushakemus ja l\u00e4het\u00e4 pyydetyist\u00e4 liitteist\u00e4 valokuvat tai tiedostot skannattuina s\u00e4hk\u00f6postitse&nbsp;<strong><a href=\"mailto:kaakkoissuomensey@gmail.com\">kaakkoissuomensey(at)gmail.com<\/a><\/strong>. Yhdistyksen hallitus tekee hakemuksen ja sen liitteiden perusteella p\u00e4\u00e4t\u00f6ksen mahdollisesta rahallisesta avustuksesta. K\u00e4sittelemme hakemukset luottamuksellisesti.<\/p>\n\n\n\n<p>Avustushakemus t\u00e4ytet\u00e4\u00e4n s\u00e4hk\u00f6isesti alla olevasta linkist\u00e4:<\/p>\n\n\n\n<p><strong><a href=\"https:\/\/docs.google.com\/forms\/d\/e\/1FAIpQLSew0uLdQjzaennEeOgLPB6q8MrrjYe1S3VM7nI6HWYOVOE-pQ\/viewform\" target=\"_blank\" rel=\"noreferrer noopener\">AVUSTUSHAKEMUS<\/a><\/strong><\/p>\n","protected":false},"excerpt":{"rendered":"<p>KASEY ry tukee harkintansa mukaan Etel\u00e4-Karjalan alueella asuvia v\u00e4h\u00e4varaisia lemmikinomistajia taloudellisissa haasteissa el\u00e4imen hyvinvoinnin turvaamiseksi. Avustusta voi hakea esimerkiksi el\u00e4inl\u00e4\u00e4k\u00e4rikuluihin tai erityisruokavalioon. L\u00e4ht\u00f6kohtaisesti omistaja on itse taloudellisesti vastuussa omien lemmikkiens\u00e4 hoidossa. Avustukset ovat kertaluonteisia ja suunnattu yll\u00e4tt\u00e4viin sek\u00e4 odottamattomiin tilanteisiin, joissa omistajan maksukyky on heikentynyt esimerkiksi ty\u00f6paikan menetyksen tai muun tulojen \u00e4killisen v\u00e4hentymisen vuoksi. Avustusta [&hellip;]<\/p>\n","protected":false},"author":8,"featured_media":0,"parent":69,"menu_order":0,"comment_status":"closed","ping_status":"closed","template":"","meta":{"_acf_changed":false,"footnotes":""},"class_list":["post-129","page","type-page","status-publish","hentry"],"acf":[],"yoast_head":"<!-- This site is optimized with the Yoast SEO plugin v27.1.1 - https:\/\/yoast.com\/product\/yoast-seo-wordpress\/ -->\n<title>Avustusta v\u00e4h\u00e4varaisille - Kaakkois-Suomen el\u00e4insuojeluyhdistys<\/title>\n<meta name=\"robots\" content=\"index, follow, max-snippet:-1, max-image-preview:large, max-video-preview:-1\" \/>\n<link rel=\"canonical\" href=\"https:\/\/sey.fi\/kaakkois-suomi\/kaakkois-suomen-elainsuojeluyhdistys\/yhdistys\/avustusta-vahavaraisille\/\" \/>\n<meta property=\"og:locale\" content=\"fi_FI\" \/>\n<meta property=\"og:type\" content=\"article\" \/>\n<meta property=\"og:title\" content=\"Avustusta v\u00e4h\u00e4varaisille - Kaakkois-Suomen el\u00e4insuojeluyhdistys\" \/>\n<meta property=\"og:description\" content=\"KASEY ry tukee harkintansa mukaan Etel\u00e4-Karjalan alueella asuvia v\u00e4h\u00e4varaisia lemmikinomistajia taloudellisissa haasteissa el\u00e4imen hyvinvoinnin turvaamiseksi. Avustusta voi hakea esimerkiksi el\u00e4inl\u00e4\u00e4k\u00e4rikuluihin tai erityisruokavalioon. L\u00e4ht\u00f6kohtaisesti omistaja on itse taloudellisesti vastuussa omien lemmikkiens\u00e4 hoidossa. Avustukset ovat kertaluonteisia ja suunnattu yll\u00e4tt\u00e4viin sek\u00e4 odottamattomiin tilanteisiin, joissa omistajan maksukyky on heikentynyt esimerkiksi ty\u00f6paikan menetyksen tai muun tulojen \u00e4killisen v\u00e4hentymisen vuoksi. Avustusta [&hellip;]\" \/>\n<meta property=\"og:url\" content=\"https:\/\/sey.fi\/kaakkois-suomi\/kaakkois-suomen-elainsuojeluyhdistys\/yhdistys\/avustusta-vahavaraisille\/\" \/>\n<meta property=\"og:site_name\" content=\"Kaakkois-Suomen el\u00e4insuojeluyhdistys\" \/>\n<meta property=\"article:modified_time\" content=\"2025-03-19T00:49:33+00:00\" \/>\n<meta name=\"twitter:card\" content=\"summary_large_image\" \/>\n<meta name=\"twitter:label1\" content=\"Arvioitu lukuaika\" \/>\n\t<meta name=\"twitter:data1\" content=\"1 minuutti\" \/>\n<script type=\"application\/ld+json\" class=\"yoast-schema-graph\">{\"@context\":\"https:\/\/schema.org\",\"@graph\":[{\"@type\":\"WebPage\",\"@id\":\"https:\/\/sey.fi\/kaakkois-suomi\/kaakkois-suomen-elainsuojeluyhdistys\/yhdistys\/avustusta-vahavaraisille\/\",\"url\":\"https:\/\/sey.fi\/kaakkois-suomi\/kaakkois-suomen-elainsuojeluyhdistys\/yhdistys\/avustusta-vahavaraisille\/\",\"name\":\"Avustusta v\u00e4h\u00e4varaisille - Kaakkois-Suomen el\u00e4insuojeluyhdistys\",\"isPartOf\":{\"@id\":\"https:\/\/sey.fi\/kaakkois-suomi\/#website\"},\"datePublished\":\"2019-11-01T11:51:25+00:00\",\"dateModified\":\"2025-03-19T00:49:33+00:00\",\"breadcrumb\":{\"@id\":\"https:\/\/sey.fi\/kaakkois-suomi\/kaakkois-suomen-elainsuojeluyhdistys\/yhdistys\/avustusta-vahavaraisille\/#breadcrumb\"},\"inLanguage\":\"fi\",\"potentialAction\":[{\"@type\":\"ReadAction\",\"target\":[\"https:\/\/sey.fi\/kaakkois-suomi\/kaakkois-suomen-elainsuojeluyhdistys\/yhdistys\/avustusta-vahavaraisille\/\"]}]},{\"@type\":\"BreadcrumbList\",\"@id\":\"https:\/\/sey.fi\/kaakkois-suomi\/kaakkois-suomen-elainsuojeluyhdistys\/yhdistys\/avustusta-vahavaraisille\/#breadcrumb\",\"itemListElement\":[{\"@type\":\"ListItem\",\"position\":1,\"name\":\"Home\",\"item\":\"https:\/\/sey.fi\/kaakkois-suomi\/\"},{\"@type\":\"ListItem\",\"position\":2,\"name\":\"Kaakkois-Suomen el\u00e4insuojeluyhdistys\",\"item\":\"https:\/\/sey.fi\/kaakkois-suomi\/\"},{\"@type\":\"ListItem\",\"position\":3,\"name\":\"Yhdistys\",\"item\":\"https:\/\/sey.fi\/kaakkois-suomi\/kaakkois-suomen-elainsuojeluyhdistys\/yhdistys\/\"},{\"@type\":\"ListItem\",\"position\":4,\"name\":\"Avustusta v\u00e4h\u00e4varaisille\"}]},{\"@type\":\"WebSite\",\"@id\":\"https:\/\/sey.fi\/kaakkois-suomi\/#website\",\"url\":\"https:\/\/sey.fi\/kaakkois-suomi\/\",\"name\":\"Kaakkois-Suomen el\u00e4insuojeluyhdistys\",\"description\":\"Uusi SEY J\u00e4senyhdistykset -sivusto\",\"potentialAction\":[{\"@type\":\"SearchAction\",\"target\":{\"@type\":\"EntryPoint\",\"urlTemplate\":\"https:\/\/sey.fi\/kaakkois-suomi\/?s={search_term_string}\"},\"query-input\":{\"@type\":\"PropertyValueSpecification\",\"valueRequired\":true,\"valueName\":\"search_term_string\"}}],\"inLanguage\":\"fi\"}]}<\/script>\n<!-- \/ Yoast SEO plugin. -->","yoast_head_json":{"title":"Avustusta v\u00e4h\u00e4varaisille - Kaakkois-Suomen el\u00e4insuojeluyhdistys","robots":{"index":"index","follow":"follow","max-snippet":"max-snippet:-1","max-image-preview":"max-image-preview:large","max-video-preview":"max-video-preview:-1"},"canonical":"https:\/\/sey.fi\/kaakkois-suomi\/kaakkois-suomen-elainsuojeluyhdistys\/yhdistys\/avustusta-vahavaraisille\/","og_locale":"fi_FI","og_type":"article","og_title":"Avustusta v\u00e4h\u00e4varaisille - Kaakkois-Suomen el\u00e4insuojeluyhdistys","og_description":"KASEY ry tukee harkintansa mukaan Etel\u00e4-Karjalan alueella asuvia v\u00e4h\u00e4varaisia lemmikinomistajia taloudellisissa haasteissa el\u00e4imen hyvinvoinnin turvaamiseksi. Avustusta voi hakea esimerkiksi el\u00e4inl\u00e4\u00e4k\u00e4rikuluihin tai erityisruokavalioon. L\u00e4ht\u00f6kohtaisesti omistaja on itse taloudellisesti vastuussa omien lemmikkiens\u00e4 hoidossa. Avustukset ovat kertaluonteisia ja suunnattu yll\u00e4tt\u00e4viin sek\u00e4 odottamattomiin tilanteisiin, joissa omistajan maksukyky on heikentynyt esimerkiksi ty\u00f6paikan menetyksen tai muun tulojen \u00e4killisen v\u00e4hentymisen vuoksi. Avustusta [&hellip;]","og_url":"https:\/\/sey.fi\/kaakkois-suomi\/kaakkois-suomen-elainsuojeluyhdistys\/yhdistys\/avustusta-vahavaraisille\/","og_site_name":"Kaakkois-Suomen el\u00e4insuojeluyhdistys","article_modified_time":"2025-03-19T00:49:33+00:00","twitter_card":"summary_large_image","twitter_misc":{"Arvioitu lukuaika":"1 minuutti"},"schema":{"@context":"https:\/\/schema.org","@graph":[{"@type":"WebPage","@id":"https:\/\/sey.fi\/kaakkois-suomi\/kaakkois-suomen-elainsuojeluyhdistys\/yhdistys\/avustusta-vahavaraisille\/","url":"https:\/\/sey.fi\/kaakkois-suomi\/kaakkois-suomen-elainsuojeluyhdistys\/yhdistys\/avustusta-vahavaraisille\/","name":"Avustusta v\u00e4h\u00e4varaisille - Kaakkois-Suomen el\u00e4insuojeluyhdistys","isPartOf":{"@id":"https:\/\/sey.fi\/kaakkois-suomi\/#website"},"datePublished":"2019-11-01T11:51:25+00:00","dateModified":"2025-03-19T00:49:33+00:00","breadcrumb":{"@id":"https:\/\/sey.fi\/kaakkois-suomi\/kaakkois-suomen-elainsuojeluyhdistys\/yhdistys\/avustusta-vahavaraisille\/#breadcrumb"},"inLanguage":"fi","potentialAction":[{"@type":"ReadAction","target":["https:\/\/sey.fi\/kaakkois-suomi\/kaakkois-suomen-elainsuojeluyhdistys\/yhdistys\/avustusta-vahavaraisille\/"]}]},{"@type":"BreadcrumbList","@id":"https:\/\/sey.fi\/kaakkois-suomi\/kaakkois-suomen-elainsuojeluyhdistys\/yhdistys\/avustusta-vahavaraisille\/#breadcrumb","itemListElement":[{"@type":"ListItem","position":1,"name":"Home","item":"https:\/\/sey.fi\/kaakkois-suomi\/"},{"@type":"ListItem","position":2,"name":"Kaakkois-Suomen el\u00e4insuojeluyhdistys","item":"https:\/\/sey.fi\/kaakkois-suomi\/"},{"@type":"ListItem","position":3,"name":"Yhdistys","item":"https:\/\/sey.fi\/kaakkois-suomi\/kaakkois-suomen-elainsuojeluyhdistys\/yhdistys\/"},{"@type":"ListItem","position":4,"name":"Avustusta v\u00e4h\u00e4varaisille"}]},{"@type":"WebSite","@id":"https:\/\/sey.fi\/kaakkois-suomi\/#website","url":"https:\/\/sey.fi\/kaakkois-suomi\/","name":"Kaakkois-Suomen el\u00e4insuojeluyhdistys","description":"Uusi SEY J\u00e4senyhdistykset -sivusto","potentialAction":[{"@type":"SearchAction","target":{"@type":"EntryPoint","urlTemplate":"https:\/\/sey.fi\/kaakkois-suomi\/?s={search_term_string}"},"query-input":{"@type":"PropertyValueSpecification","valueRequired":true,"valueName":"search_term_string"}}],"inLanguage":"fi"}]}},"_links":{"self":[{"href":"https:\/\/sey.fi\/kaakkois-suomi\/wp-json\/wp\/v2\/pages\/129","targetHints":{"allow":["GET"]}}],"collection":[{"href":"https:\/\/sey.fi\/kaakkois-suomi\/wp-json\/wp\/v2\/pages"}],"about":[{"href":"https:\/\/sey.fi\/kaakkois-suomi\/wp-json\/wp\/v2\/types\/page"}],"author":[{"embeddable":true,"href":"https:\/\/sey.fi\/kaakkois-suomi\/wp-json\/wp\/v2\/users\/8"}],"replies":[{"embeddable":true,"href":"https:\/\/sey.fi\/kaakkois-suomi\/wp-json\/wp\/v2\/comments?post=129"}],"version-history":[{"count":7,"href":"https:\/\/sey.fi\/kaakkois-suomi\/wp-json\/wp\/v2\/pages\/129\/revisions"}],"predecessor-version":[{"id":5178,"href":"https:\/\/sey.fi\/kaakkois-suomi\/wp-json\/wp\/v2\/pages\/129\/revisions\/5178"}],"up":[{"embeddable":true,"href":"https:\/\/sey.fi\/kaakkois-suomi\/wp-json\/wp\/v2\/pages\/69"}],"wp:attachment":[{"href":"https:\/\/sey.fi\/kaakkois-suomi\/wp-json\/wp\/v2\/media?parent=129"}],"curies":[{"name":"wp","href":"https:\/\/api.w.org\/{rel}","templated":true}]}}