{"id":133,"date":"2019-11-01T13:53:40","date_gmt":"2019-11-01T11:53:40","guid":{"rendered":"http:\/\/srvr10.xetpoint.com\/~seyfi\/kaakkois-suomi\/?page_id=133"},"modified":"2020-10-06T10:11:12","modified_gmt":"2020-10-06T07:11:12","slug":"logot-ja-kuvat","status":"publish","type":"page","link":"https:\/\/sey.fi\/kaakkois-suomi\/kaakkois-suomen-elainsuojeluyhdistys\/yhdistys\/logot-ja-kuvat\/","title":{"rendered":"Logot ja kuvat"},"content":{"rendered":"\n<hr class=\"wp-block-separator\" \/>\n\n\n\n<h4 class=\"wp-block-heading\"><strong>Logot<\/strong><\/h4>\n\n\n\n<p>T\u00e4lt\u00e4 sivulta l\u00f6yd\u00e4t ladattavat logomme eri tiedostomuodoissa. Kysyth\u00e4n kuitenkin aina ensin luvan logon k\u00e4ytt\u00f6\u00f6n! Luvan voit kysy\u00e4 s\u00e4hk\u00f6postilla osoitteesta:&nbsp;<strong><a href=\"mailto:kaakkoissuomensey@gmail.com\">kaakkoissuomensey(at)gmail.com<\/a><\/strong><\/p>\n\n\n\n<p>Klikkaa joko logon kuvaa tai teksti\u00e4 sen alla, jotta saat kuvan auki. T\u00e4m\u00e4n j\u00e4lkeen voit tallentaa sen omalle koneellesi.<\/p>\n\n\n\n<figure class=\"wp-block-image\"><a href=\"http:\/\/lappeenranta.sey.fi\/images\/logo\/logo.jpg\" target=\"_blank\" rel=\"noreferrer noopener\"><img decoding=\"async\" src=\"http:\/\/lappeenranta.sey.fi\/images\/logo\/logo.jpg\" alt=\"\" \/><\/a><\/figure>\n\n\n\n<div class=\"wp-block-file\"><a href=\"https:\/\/sey.fi\/wp-content\/uploads\/sites\/18\/2019\/11\/kasey_logo_musta.png\"> <strong>Kaseyn musta logo (png)<\/strong> <\/a><a href=\"https:\/\/sey.fi\/wp-content\/uploads\/sites\/18\/2019\/11\/kasey_logo_musta.png\" class=\"wp-block-file__button\" download>Lataa<\/a><\/div>\n\n\n\n<div class=\"wp-block-file\"><a href=\"https:\/\/sey.fi\/wp-content\/uploads\/sites\/18\/2019\/11\/logo_valkoinen.png\"> <strong>Kaseyn valkoinen logo (png)<\/strong> <\/a><a href=\"https:\/\/sey.fi\/wp-content\/uploads\/sites\/18\/2019\/11\/logo_valkoinen.png\" class=\"wp-block-file__button\" download>Lataa<\/a><\/div>\n\n\n\n<hr class=\"wp-block-separator\" \/>\n\n\n\n<p><strong>LEMMIKINOMISTAJAN TIETOKORTTI H\u00c4T\u00c4TILANTEEN VARALLE<\/strong><\/p>\n\n\n\n<p>Tietokortti on tarkoitettu tulostettavaksi ja pidett\u00e4v\u00e4ksi aina mukana, esimerkiksi lompakossa. Korttiin t\u00e4ytet\u00e4\u00e4n sen henkil\u00f6n tai tahon yhteystiedot, joihin voidaan olla yhteydess\u00e4 siin\u00e4 tapauksessa, jos et itse kykene kertomaan ja pyyt\u00e4m\u00e4\u00e4n ket\u00e4\u00e4n huolehtimaan lemmikist\u00e4si\/tai lemmikeist\u00e4si.  Kortista auttajasi n\u00e4kev\u00e4t heti, ett\u00e4 sinun lis\u00e4ksesi jonkun pit\u00e4\u00e4 huolehtia my\u00f6s kotona olevista lemmikeist\u00e4. <\/p>\n\n\n\n<div class=\"wp-block-file\"><a href=\"https:\/\/sey.fi\/wp-content\/uploads\/sites\/18\/2020\/10\/MinullaOnLemmikki.pdf\"><strong>Kaseyn lemmikinomistajan h\u00e4t\u00e4tietokortti <\/strong><\/a><a href=\"https:\/\/sey.fi\/wp-content\/uploads\/sites\/18\/2020\/10\/MinullaOnLemmikki.pdf\" class=\"wp-block-file__button\" download>Lataa<\/a><\/div>\n\n\n\n<hr class=\"wp-block-separator\" \/>\n","protected":false},"excerpt":{"rendered":"<p>Logot T\u00e4lt\u00e4 sivulta l\u00f6yd\u00e4t ladattavat logomme eri tiedostomuodoissa. Kysyth\u00e4n kuitenkin aina ensin luvan logon k\u00e4ytt\u00f6\u00f6n! Luvan voit kysy\u00e4 s\u00e4hk\u00f6postilla osoitteesta:&nbsp;kaakkoissuomensey(at)gmail.com Klikkaa joko logon kuvaa tai teksti\u00e4 sen alla, jotta saat kuvan auki. T\u00e4m\u00e4n j\u00e4lkeen voit tallentaa sen omalle koneellesi. LEMMIKINOMISTAJAN TIETOKORTTI H\u00c4T\u00c4TILANTEEN VARALLE Tietokortti on tarkoitettu tulostettavaksi ja pidett\u00e4v\u00e4ksi aina mukana, esimerkiksi lompakossa. Korttiin t\u00e4ytet\u00e4\u00e4n [&hellip;]<\/p>\n","protected":false},"author":8,"featured_media":0,"parent":69,"menu_order":0,"comment_status":"closed","ping_status":"closed","template":"","meta":{"_acf_changed":false,"footnotes":""},"class_list":["post-133","page","type-page","status-publish","hentry"],"acf":[],"yoast_head":"<!-- This site is optimized with the Yoast SEO plugin v27.1.1 - https:\/\/yoast.com\/product\/yoast-seo-wordpress\/ -->\n<title>Logot ja kuvat - Kaakkois-Suomen el\u00e4insuojeluyhdistys<\/title>\n<meta name=\"robots\" content=\"index, follow, max-snippet:-1, max-image-preview:large, max-video-preview:-1\" \/>\n<link rel=\"canonical\" href=\"https:\/\/sey.fi\/kaakkois-suomi\/kaakkois-suomen-elainsuojeluyhdistys\/yhdistys\/logot-ja-kuvat\/\" \/>\n<meta property=\"og:locale\" content=\"fi_FI\" \/>\n<meta property=\"og:type\" content=\"article\" \/>\n<meta property=\"og:title\" content=\"Logot ja kuvat - Kaakkois-Suomen el\u00e4insuojeluyhdistys\" \/>\n<meta property=\"og:description\" content=\"Logot T\u00e4lt\u00e4 sivulta l\u00f6yd\u00e4t ladattavat logomme eri tiedostomuodoissa. Kysyth\u00e4n kuitenkin aina ensin luvan logon k\u00e4ytt\u00f6\u00f6n! Luvan voit kysy\u00e4 s\u00e4hk\u00f6postilla osoitteesta:&nbsp;kaakkoissuomensey(at)gmail.com Klikkaa joko logon kuvaa tai teksti\u00e4 sen alla, jotta saat kuvan auki. T\u00e4m\u00e4n j\u00e4lkeen voit tallentaa sen omalle koneellesi. LEMMIKINOMISTAJAN TIETOKORTTI H\u00c4T\u00c4TILANTEEN VARALLE Tietokortti on tarkoitettu tulostettavaksi ja pidett\u00e4v\u00e4ksi aina mukana, esimerkiksi lompakossa. Korttiin t\u00e4ytet\u00e4\u00e4n [&hellip;]\" \/>\n<meta property=\"og:url\" content=\"https:\/\/sey.fi\/kaakkois-suomi\/kaakkois-suomen-elainsuojeluyhdistys\/yhdistys\/logot-ja-kuvat\/\" \/>\n<meta property=\"og:site_name\" content=\"Kaakkois-Suomen el\u00e4insuojeluyhdistys\" \/>\n<meta property=\"article:modified_time\" content=\"2020-10-06T07:11:12+00:00\" \/>\n<meta property=\"og:image\" content=\"http:\/\/lappeenranta.sey.fi\/images\/logo\/logo.jpg\" \/>\n<meta name=\"twitter:card\" content=\"summary_large_image\" \/>\n<meta name=\"twitter:label1\" content=\"Arvioitu lukuaika\" \/>\n\t<meta name=\"twitter:data1\" content=\"1 minuutti\" \/>\n<script type=\"application\/ld+json\" class=\"yoast-schema-graph\">{\"@context\":\"https:\/\/schema.org\",\"@graph\":[{\"@type\":\"WebPage\",\"@id\":\"https:\/\/sey.fi\/kaakkois-suomi\/kaakkois-suomen-elainsuojeluyhdistys\/yhdistys\/logot-ja-kuvat\/\",\"url\":\"https:\/\/sey.fi\/kaakkois-suomi\/kaakkois-suomen-elainsuojeluyhdistys\/yhdistys\/logot-ja-kuvat\/\",\"name\":\"Logot ja kuvat - Kaakkois-Suomen el\u00e4insuojeluyhdistys\",\"isPartOf\":{\"@id\":\"https:\/\/sey.fi\/kaakkois-suomi\/#website\"},\"primaryImageOfPage\":{\"@id\":\"https:\/\/sey.fi\/kaakkois-suomi\/kaakkois-suomen-elainsuojeluyhdistys\/yhdistys\/logot-ja-kuvat\/#primaryimage\"},\"image\":{\"@id\":\"https:\/\/sey.fi\/kaakkois-suomi\/kaakkois-suomen-elainsuojeluyhdistys\/yhdistys\/logot-ja-kuvat\/#primaryimage\"},\"thumbnailUrl\":\"http:\/\/lappeenranta.sey.fi\/images\/logo\/logo.jpg\",\"datePublished\":\"2019-11-01T11:53:40+00:00\",\"dateModified\":\"2020-10-06T07:11:12+00:00\",\"breadcrumb\":{\"@id\":\"https:\/\/sey.fi\/kaakkois-suomi\/kaakkois-suomen-elainsuojeluyhdistys\/yhdistys\/logot-ja-kuvat\/#breadcrumb\"},\"inLanguage\":\"fi\",\"potentialAction\":[{\"@type\":\"ReadAction\",\"target\":[\"https:\/\/sey.fi\/kaakkois-suomi\/kaakkois-suomen-elainsuojeluyhdistys\/yhdistys\/logot-ja-kuvat\/\"]}]},{\"@type\":\"ImageObject\",\"inLanguage\":\"fi\",\"@id\":\"https:\/\/sey.fi\/kaakkois-suomi\/kaakkois-suomen-elainsuojeluyhdistys\/yhdistys\/logot-ja-kuvat\/#primaryimage\",\"url\":\"http:\/\/lappeenranta.sey.fi\/images\/logo\/logo.jpg\",\"contentUrl\":\"http:\/\/lappeenranta.sey.fi\/images\/logo\/logo.jpg\"},{\"@type\":\"BreadcrumbList\",\"@id\":\"https:\/\/sey.fi\/kaakkois-suomi\/kaakkois-suomen-elainsuojeluyhdistys\/yhdistys\/logot-ja-kuvat\/#breadcrumb\",\"itemListElement\":[{\"@type\":\"ListItem\",\"position\":1,\"name\":\"Home\",\"item\":\"https:\/\/sey.fi\/kaakkois-suomi\/\"},{\"@type\":\"ListItem\",\"position\":2,\"name\":\"Kaakkois-Suomen el\u00e4insuojeluyhdistys\",\"item\":\"https:\/\/sey.fi\/kaakkois-suomi\/\"},{\"@type\":\"ListItem\",\"position\":3,\"name\":\"Yhdistys\",\"item\":\"https:\/\/sey.fi\/kaakkois-suomi\/kaakkois-suomen-elainsuojeluyhdistys\/yhdistys\/\"},{\"@type\":\"ListItem\",\"position\":4,\"name\":\"Logot ja kuvat\"}]},{\"@type\":\"WebSite\",\"@id\":\"https:\/\/sey.fi\/kaakkois-suomi\/#website\",\"url\":\"https:\/\/sey.fi\/kaakkois-suomi\/\",\"name\":\"Kaakkois-Suomen el\u00e4insuojeluyhdistys\",\"description\":\"Uusi SEY J\u00e4senyhdistykset -sivusto\",\"potentialAction\":[{\"@type\":\"SearchAction\",\"target\":{\"@type\":\"EntryPoint\",\"urlTemplate\":\"https:\/\/sey.fi\/kaakkois-suomi\/?s={search_term_string}\"},\"query-input\":{\"@type\":\"PropertyValueSpecification\",\"valueRequired\":true,\"valueName\":\"search_term_string\"}}],\"inLanguage\":\"fi\"}]}<\/script>\n<!-- \/ Yoast SEO plugin. -->","yoast_head_json":{"title":"Logot ja kuvat - Kaakkois-Suomen el\u00e4insuojeluyhdistys","robots":{"index":"index","follow":"follow","max-snippet":"max-snippet:-1","max-image-preview":"max-image-preview:large","max-video-preview":"max-video-preview:-1"},"canonical":"https:\/\/sey.fi\/kaakkois-suomi\/kaakkois-suomen-elainsuojeluyhdistys\/yhdistys\/logot-ja-kuvat\/","og_locale":"fi_FI","og_type":"article","og_title":"Logot ja kuvat - Kaakkois-Suomen el\u00e4insuojeluyhdistys","og_description":"Logot T\u00e4lt\u00e4 sivulta l\u00f6yd\u00e4t ladattavat logomme eri tiedostomuodoissa. Kysyth\u00e4n kuitenkin aina ensin luvan logon k\u00e4ytt\u00f6\u00f6n! Luvan voit kysy\u00e4 s\u00e4hk\u00f6postilla osoitteesta:&nbsp;kaakkoissuomensey(at)gmail.com Klikkaa joko logon kuvaa tai teksti\u00e4 sen alla, jotta saat kuvan auki. T\u00e4m\u00e4n j\u00e4lkeen voit tallentaa sen omalle koneellesi. LEMMIKINOMISTAJAN TIETOKORTTI H\u00c4T\u00c4TILANTEEN VARALLE Tietokortti on tarkoitettu tulostettavaksi ja pidett\u00e4v\u00e4ksi aina mukana, esimerkiksi lompakossa. Korttiin t\u00e4ytet\u00e4\u00e4n [&hellip;]","og_url":"https:\/\/sey.fi\/kaakkois-suomi\/kaakkois-suomen-elainsuojeluyhdistys\/yhdistys\/logot-ja-kuvat\/","og_site_name":"Kaakkois-Suomen el\u00e4insuojeluyhdistys","article_modified_time":"2020-10-06T07:11:12+00:00","og_image":[{"url":"http:\/\/lappeenranta.sey.fi\/images\/logo\/logo.jpg","type":"","width":"","height":""}],"twitter_card":"summary_large_image","twitter_misc":{"Arvioitu lukuaika":"1 minuutti"},"schema":{"@context":"https:\/\/schema.org","@graph":[{"@type":"WebPage","@id":"https:\/\/sey.fi\/kaakkois-suomi\/kaakkois-suomen-elainsuojeluyhdistys\/yhdistys\/logot-ja-kuvat\/","url":"https:\/\/sey.fi\/kaakkois-suomi\/kaakkois-suomen-elainsuojeluyhdistys\/yhdistys\/logot-ja-kuvat\/","name":"Logot ja kuvat - Kaakkois-Suomen el\u00e4insuojeluyhdistys","isPartOf":{"@id":"https:\/\/sey.fi\/kaakkois-suomi\/#website"},"primaryImageOfPage":{"@id":"https:\/\/sey.fi\/kaakkois-suomi\/kaakkois-suomen-elainsuojeluyhdistys\/yhdistys\/logot-ja-kuvat\/#primaryimage"},"image":{"@id":"https:\/\/sey.fi\/kaakkois-suomi\/kaakkois-suomen-elainsuojeluyhdistys\/yhdistys\/logot-ja-kuvat\/#primaryimage"},"thumbnailUrl":"http:\/\/lappeenranta.sey.fi\/images\/logo\/logo.jpg","datePublished":"2019-11-01T11:53:40+00:00","dateModified":"2020-10-06T07:11:12+00:00","breadcrumb":{"@id":"https:\/\/sey.fi\/kaakkois-suomi\/kaakkois-suomen-elainsuojeluyhdistys\/yhdistys\/logot-ja-kuvat\/#breadcrumb"},"inLanguage":"fi","potentialAction":[{"@type":"ReadAction","target":["https:\/\/sey.fi\/kaakkois-suomi\/kaakkois-suomen-elainsuojeluyhdistys\/yhdistys\/logot-ja-kuvat\/"]}]},{"@type":"ImageObject","inLanguage":"fi","@id":"https:\/\/sey.fi\/kaakkois-suomi\/kaakkois-suomen-elainsuojeluyhdistys\/yhdistys\/logot-ja-kuvat\/#primaryimage","url":"http:\/\/lappeenranta.sey.fi\/images\/logo\/logo.jpg","contentUrl":"http:\/\/lappeenranta.sey.fi\/images\/logo\/logo.jpg"},{"@type":"BreadcrumbList","@id":"https:\/\/sey.fi\/kaakkois-suomi\/kaakkois-suomen-elainsuojeluyhdistys\/yhdistys\/logot-ja-kuvat\/#breadcrumb","itemListElement":[{"@type":"ListItem","position":1,"name":"Home","item":"https:\/\/sey.fi\/kaakkois-suomi\/"},{"@type":"ListItem","position":2,"name":"Kaakkois-Suomen el\u00e4insuojeluyhdistys","item":"https:\/\/sey.fi\/kaakkois-suomi\/"},{"@type":"ListItem","position":3,"name":"Yhdistys","item":"https:\/\/sey.fi\/kaakkois-suomi\/kaakkois-suomen-elainsuojeluyhdistys\/yhdistys\/"},{"@type":"ListItem","position":4,"name":"Logot ja kuvat"}]},{"@type":"WebSite","@id":"https:\/\/sey.fi\/kaakkois-suomi\/#website","url":"https:\/\/sey.fi\/kaakkois-suomi\/","name":"Kaakkois-Suomen el\u00e4insuojeluyhdistys","description":"Uusi SEY J\u00e4senyhdistykset -sivusto","potentialAction":[{"@type":"SearchAction","target":{"@type":"EntryPoint","urlTemplate":"https:\/\/sey.fi\/kaakkois-suomi\/?s={search_term_string}"},"query-input":{"@type":"PropertyValueSpecification","valueRequired":true,"valueName":"search_term_string"}}],"inLanguage":"fi"}]}},"_links":{"self":[{"href":"https:\/\/sey.fi\/kaakkois-suomi\/wp-json\/wp\/v2\/pages\/133","targetHints":{"allow":["GET"]}}],"collection":[{"href":"https:\/\/sey.fi\/kaakkois-suomi\/wp-json\/wp\/v2\/pages"}],"about":[{"href":"https:\/\/sey.fi\/kaakkois-suomi\/wp-json\/wp\/v2\/types\/page"}],"author":[{"embeddable":true,"href":"https:\/\/sey.fi\/kaakkois-suomi\/wp-json\/wp\/v2\/users\/8"}],"replies":[{"embeddable":true,"href":"https:\/\/sey.fi\/kaakkois-suomi\/wp-json\/wp\/v2\/comments?post=133"}],"version-history":[{"count":4,"href":"https:\/\/sey.fi\/kaakkois-suomi\/wp-json\/wp\/v2\/pages\/133\/revisions"}],"predecessor-version":[{"id":1243,"href":"https:\/\/sey.fi\/kaakkois-suomi\/wp-json\/wp\/v2\/pages\/133\/revisions\/1243"}],"up":[{"embeddable":true,"href":"https:\/\/sey.fi\/kaakkois-suomi\/wp-json\/wp\/v2\/pages\/69"}],"wp:attachment":[{"href":"https:\/\/sey.fi\/kaakkois-suomi\/wp-json\/wp\/v2\/media?parent=133"}],"curies":[{"name":"wp","href":"https:\/\/api.w.org\/{rel}","templated":true}]}}