{"id":139,"date":"2019-11-01T13:59:12","date_gmt":"2019-11-01T11:59:12","guid":{"rendered":"http:\/\/srvr10.xetpoint.com\/~seyfi\/kaakkois-suomi\/?page_id=139"},"modified":"2025-01-05T19:17:27","modified_gmt":"2025-01-05T17:17:27","slug":"kotia-etsivat-koirat","status":"publish","type":"page","link":"https:\/\/sey.fi\/kaakkois-suomi\/kaakkois-suomen-elainsuojeluyhdistys\/kotia-etsivat\/kotia-etsivat-koirat\/","title":{"rendered":"Kotia etsiv\u00e4t &#8211; KOIRAT"},"content":{"rendered":"\n<p>T\u00e4lt\u00e4 sivulta l\u00f6yd\u00e4t yhdistyksen t\u00e4m\u00e4n hetkiset kodittomat koirat. Koirat asuvat sijaiskodeissa Kaakkois-Suomen alueella ja niihin p\u00e4\u00e4see tutustumaan sopimuksen mukaan. Koirat luovutetaan vain hyviin, loppuel\u00e4m\u00e4n koteihin, joissa koirien k\u00e4sittely ja koulutus tapahtuu el\u00e4inyst\u00e4v\u00e4llisesti.&nbsp;<\/p>\n\n\n\n<p><strong>Yhdistyksen pitopaikkatunnus on FI000016292461.<\/strong><\/p>\n\n\n\n<p>Ennen koiran hankintaa on hyv\u00e4 tutustua SEYn oppaaseen, joka on suunniteltu varta vasten koiran hankintaa miettiville. Voit lukea sen s\u00e4hk\u00f6isen\u00e4 (pdf) t\u00e4\u00e4lt\u00e4:&nbsp;<strong><a rel=\"noreferrer noopener\" href=\"https:\/\/www.sey.fi\/images\/Julkaisut\/fiksun_koiranostajan_opas.pdf\" target=\"_blank\">Fiksun koiranostajan opas<\/a>.<\/strong>&nbsp;Viel\u00e4 kattavamman tietopaketin koirista antaa SEYn koostama opas jonka voit lukea s\u00e4hk\u00f6isen\u00e4 (pdf) t\u00e4\u00e4lt\u00e4:&nbsp;<strong><a rel=\"noreferrer noopener\" href=\"https:\/\/www.sey.fi\/images\/Julkaisut\/sey_hyvinvoiva_koira_verkkoon02.pdf\" target=\"_blank\">Hyvinvoiva koira &#8211; opas<\/a><\/strong>.&nbsp;<strong><a rel=\"noreferrer noopener\" href=\"https:\/\/www.hankikoira.fi\/\" target=\"_blank\">Hankikoira.fi<\/a>:<\/strong>st\u00e4 l\u00f6yd\u00e4t tietoa koiraroduista ja vastuullisten kasvattajien myymist\u00e4 koiranpennuista. Tee my\u00f6s rotutesti ja lue tietoa el\u00e4m\u00e4st\u00e4 koiran kanssa.<\/p>\n\n\n\n<hr class=\"wp-block-separator has-css-opacity\" \/>\n\n\n\n<p><strong>Yhdistyksell\u00e4 ei ole t\u00e4ll\u00e4 hetkell\u00e4 kotia etsivi\u00e4 koiria.<\/strong><\/p>\n\n\n\n<hr class=\"wp-block-separator has-css-opacity\" \/>\n","protected":false},"excerpt":{"rendered":"<p>T\u00e4lt\u00e4 sivulta l\u00f6yd\u00e4t yhdistyksen t\u00e4m\u00e4n hetkiset kodittomat koirat. Koirat asuvat sijaiskodeissa Kaakkois-Suomen alueella ja niihin p\u00e4\u00e4see tutustumaan sopimuksen mukaan. Koirat luovutetaan vain hyviin, loppuel\u00e4m\u00e4n koteihin, joissa koirien k\u00e4sittely ja koulutus tapahtuu el\u00e4inyst\u00e4v\u00e4llisesti.&nbsp; Yhdistyksen pitopaikkatunnus on FI000016292461. Ennen koiran hankintaa on hyv\u00e4 tutustua SEYn oppaaseen, joka on suunniteltu varta vasten koiran hankintaa miettiville. Voit lukea sen [&hellip;]<\/p>\n","protected":false},"author":8,"featured_media":0,"parent":137,"menu_order":0,"comment_status":"closed","ping_status":"closed","template":"","meta":{"_acf_changed":false,"footnotes":""},"class_list":["post-139","page","type-page","status-publish","hentry"],"acf":[],"yoast_head":"<!-- This site is optimized with the Yoast SEO plugin v27.1.1 - https:\/\/yoast.com\/product\/yoast-seo-wordpress\/ -->\n<title>Kotia etsiv\u00e4t - KOIRAT - Kaakkois-Suomen el\u00e4insuojeluyhdistys<\/title>\n<meta name=\"robots\" content=\"index, follow, max-snippet:-1, max-image-preview:large, max-video-preview:-1\" \/>\n<link rel=\"canonical\" href=\"https:\/\/sey.fi\/kaakkois-suomi\/kaakkois-suomen-elainsuojeluyhdistys\/kotia-etsivat\/kotia-etsivat-koirat\/\" \/>\n<meta property=\"og:locale\" content=\"fi_FI\" \/>\n<meta property=\"og:type\" content=\"article\" \/>\n<meta property=\"og:title\" content=\"Kotia etsiv\u00e4t - KOIRAT - Kaakkois-Suomen el\u00e4insuojeluyhdistys\" \/>\n<meta property=\"og:description\" content=\"T\u00e4lt\u00e4 sivulta l\u00f6yd\u00e4t yhdistyksen t\u00e4m\u00e4n hetkiset kodittomat koirat. Koirat asuvat sijaiskodeissa Kaakkois-Suomen alueella ja niihin p\u00e4\u00e4see tutustumaan sopimuksen mukaan. Koirat luovutetaan vain hyviin, loppuel\u00e4m\u00e4n koteihin, joissa koirien k\u00e4sittely ja koulutus tapahtuu el\u00e4inyst\u00e4v\u00e4llisesti.&nbsp; Yhdistyksen pitopaikkatunnus on FI000016292461. Ennen koiran hankintaa on hyv\u00e4 tutustua SEYn oppaaseen, joka on suunniteltu varta vasten koiran hankintaa miettiville. Voit lukea sen [&hellip;]\" \/>\n<meta property=\"og:url\" content=\"https:\/\/sey.fi\/kaakkois-suomi\/kaakkois-suomen-elainsuojeluyhdistys\/kotia-etsivat\/kotia-etsivat-koirat\/\" \/>\n<meta property=\"og:site_name\" content=\"Kaakkois-Suomen el\u00e4insuojeluyhdistys\" \/>\n<meta property=\"article:modified_time\" content=\"2025-01-05T17:17:27+00:00\" \/>\n<meta name=\"twitter:card\" content=\"summary_large_image\" \/>\n<meta name=\"twitter:label1\" content=\"Arvioitu lukuaika\" \/>\n\t<meta name=\"twitter:data1\" content=\"1 minuutti\" \/>\n<script type=\"application\/ld+json\" class=\"yoast-schema-graph\">{\"@context\":\"https:\/\/schema.org\",\"@graph\":[{\"@type\":\"WebPage\",\"@id\":\"https:\/\/sey.fi\/kaakkois-suomi\/kaakkois-suomen-elainsuojeluyhdistys\/kotia-etsivat\/kotia-etsivat-koirat\/\",\"url\":\"https:\/\/sey.fi\/kaakkois-suomi\/kaakkois-suomen-elainsuojeluyhdistys\/kotia-etsivat\/kotia-etsivat-koirat\/\",\"name\":\"Kotia etsiv\u00e4t - KOIRAT - Kaakkois-Suomen el\u00e4insuojeluyhdistys\",\"isPartOf\":{\"@id\":\"https:\/\/sey.fi\/kaakkois-suomi\/#website\"},\"datePublished\":\"2019-11-01T11:59:12+00:00\",\"dateModified\":\"2025-01-05T17:17:27+00:00\",\"breadcrumb\":{\"@id\":\"https:\/\/sey.fi\/kaakkois-suomi\/kaakkois-suomen-elainsuojeluyhdistys\/kotia-etsivat\/kotia-etsivat-koirat\/#breadcrumb\"},\"inLanguage\":\"fi\",\"potentialAction\":[{\"@type\":\"ReadAction\",\"target\":[\"https:\/\/sey.fi\/kaakkois-suomi\/kaakkois-suomen-elainsuojeluyhdistys\/kotia-etsivat\/kotia-etsivat-koirat\/\"]}]},{\"@type\":\"BreadcrumbList\",\"@id\":\"https:\/\/sey.fi\/kaakkois-suomi\/kaakkois-suomen-elainsuojeluyhdistys\/kotia-etsivat\/kotia-etsivat-koirat\/#breadcrumb\",\"itemListElement\":[{\"@type\":\"ListItem\",\"position\":1,\"name\":\"Home\",\"item\":\"https:\/\/sey.fi\/kaakkois-suomi\/\"},{\"@type\":\"ListItem\",\"position\":2,\"name\":\"Kaakkois-Suomen el\u00e4insuojeluyhdistys\",\"item\":\"https:\/\/sey.fi\/kaakkois-suomi\/\"},{\"@type\":\"ListItem\",\"position\":3,\"name\":\"Kotia etsiv\u00e4t\",\"item\":\"https:\/\/sey.fi\/kaakkois-suomi\/kaakkois-suomen-elainsuojeluyhdistys\/kotia-etsivat\/\"},{\"@type\":\"ListItem\",\"position\":4,\"name\":\"Kotia etsiv\u00e4t &#8211; KOIRAT\"}]},{\"@type\":\"WebSite\",\"@id\":\"https:\/\/sey.fi\/kaakkois-suomi\/#website\",\"url\":\"https:\/\/sey.fi\/kaakkois-suomi\/\",\"name\":\"Kaakkois-Suomen el\u00e4insuojeluyhdistys\",\"description\":\"Uusi SEY J\u00e4senyhdistykset -sivusto\",\"potentialAction\":[{\"@type\":\"SearchAction\",\"target\":{\"@type\":\"EntryPoint\",\"urlTemplate\":\"https:\/\/sey.fi\/kaakkois-suomi\/?s={search_term_string}\"},\"query-input\":{\"@type\":\"PropertyValueSpecification\",\"valueRequired\":true,\"valueName\":\"search_term_string\"}}],\"inLanguage\":\"fi\"}]}<\/script>\n<!-- \/ Yoast SEO plugin. -->","yoast_head_json":{"title":"Kotia etsiv\u00e4t - KOIRAT - Kaakkois-Suomen el\u00e4insuojeluyhdistys","robots":{"index":"index","follow":"follow","max-snippet":"max-snippet:-1","max-image-preview":"max-image-preview:large","max-video-preview":"max-video-preview:-1"},"canonical":"https:\/\/sey.fi\/kaakkois-suomi\/kaakkois-suomen-elainsuojeluyhdistys\/kotia-etsivat\/kotia-etsivat-koirat\/","og_locale":"fi_FI","og_type":"article","og_title":"Kotia etsiv\u00e4t - KOIRAT - Kaakkois-Suomen el\u00e4insuojeluyhdistys","og_description":"T\u00e4lt\u00e4 sivulta l\u00f6yd\u00e4t yhdistyksen t\u00e4m\u00e4n hetkiset kodittomat koirat. Koirat asuvat sijaiskodeissa Kaakkois-Suomen alueella ja niihin p\u00e4\u00e4see tutustumaan sopimuksen mukaan. Koirat luovutetaan vain hyviin, loppuel\u00e4m\u00e4n koteihin, joissa koirien k\u00e4sittely ja koulutus tapahtuu el\u00e4inyst\u00e4v\u00e4llisesti.&nbsp; Yhdistyksen pitopaikkatunnus on FI000016292461. Ennen koiran hankintaa on hyv\u00e4 tutustua SEYn oppaaseen, joka on suunniteltu varta vasten koiran hankintaa miettiville. Voit lukea sen [&hellip;]","og_url":"https:\/\/sey.fi\/kaakkois-suomi\/kaakkois-suomen-elainsuojeluyhdistys\/kotia-etsivat\/kotia-etsivat-koirat\/","og_site_name":"Kaakkois-Suomen el\u00e4insuojeluyhdistys","article_modified_time":"2025-01-05T17:17:27+00:00","twitter_card":"summary_large_image","twitter_misc":{"Arvioitu lukuaika":"1 minuutti"},"schema":{"@context":"https:\/\/schema.org","@graph":[{"@type":"WebPage","@id":"https:\/\/sey.fi\/kaakkois-suomi\/kaakkois-suomen-elainsuojeluyhdistys\/kotia-etsivat\/kotia-etsivat-koirat\/","url":"https:\/\/sey.fi\/kaakkois-suomi\/kaakkois-suomen-elainsuojeluyhdistys\/kotia-etsivat\/kotia-etsivat-koirat\/","name":"Kotia etsiv\u00e4t - KOIRAT - Kaakkois-Suomen el\u00e4insuojeluyhdistys","isPartOf":{"@id":"https:\/\/sey.fi\/kaakkois-suomi\/#website"},"datePublished":"2019-11-01T11:59:12+00:00","dateModified":"2025-01-05T17:17:27+00:00","breadcrumb":{"@id":"https:\/\/sey.fi\/kaakkois-suomi\/kaakkois-suomen-elainsuojeluyhdistys\/kotia-etsivat\/kotia-etsivat-koirat\/#breadcrumb"},"inLanguage":"fi","potentialAction":[{"@type":"ReadAction","target":["https:\/\/sey.fi\/kaakkois-suomi\/kaakkois-suomen-elainsuojeluyhdistys\/kotia-etsivat\/kotia-etsivat-koirat\/"]}]},{"@type":"BreadcrumbList","@id":"https:\/\/sey.fi\/kaakkois-suomi\/kaakkois-suomen-elainsuojeluyhdistys\/kotia-etsivat\/kotia-etsivat-koirat\/#breadcrumb","itemListElement":[{"@type":"ListItem","position":1,"name":"Home","item":"https:\/\/sey.fi\/kaakkois-suomi\/"},{"@type":"ListItem","position":2,"name":"Kaakkois-Suomen el\u00e4insuojeluyhdistys","item":"https:\/\/sey.fi\/kaakkois-suomi\/"},{"@type":"ListItem","position":3,"name":"Kotia etsiv\u00e4t","item":"https:\/\/sey.fi\/kaakkois-suomi\/kaakkois-suomen-elainsuojeluyhdistys\/kotia-etsivat\/"},{"@type":"ListItem","position":4,"name":"Kotia etsiv\u00e4t &#8211; KOIRAT"}]},{"@type":"WebSite","@id":"https:\/\/sey.fi\/kaakkois-suomi\/#website","url":"https:\/\/sey.fi\/kaakkois-suomi\/","name":"Kaakkois-Suomen el\u00e4insuojeluyhdistys","description":"Uusi SEY J\u00e4senyhdistykset -sivusto","potentialAction":[{"@type":"SearchAction","target":{"@type":"EntryPoint","urlTemplate":"https:\/\/sey.fi\/kaakkois-suomi\/?s={search_term_string}"},"query-input":{"@type":"PropertyValueSpecification","valueRequired":true,"valueName":"search_term_string"}}],"inLanguage":"fi"}]}},"_links":{"self":[{"href":"https:\/\/sey.fi\/kaakkois-suomi\/wp-json\/wp\/v2\/pages\/139","targetHints":{"allow":["GET"]}}],"collection":[{"href":"https:\/\/sey.fi\/kaakkois-suomi\/wp-json\/wp\/v2\/pages"}],"about":[{"href":"https:\/\/sey.fi\/kaakkois-suomi\/wp-json\/wp\/v2\/types\/page"}],"author":[{"embeddable":true,"href":"https:\/\/sey.fi\/kaakkois-suomi\/wp-json\/wp\/v2\/users\/8"}],"replies":[{"embeddable":true,"href":"https:\/\/sey.fi\/kaakkois-suomi\/wp-json\/wp\/v2\/comments?post=139"}],"version-history":[{"count":55,"href":"https:\/\/sey.fi\/kaakkois-suomi\/wp-json\/wp\/v2\/pages\/139\/revisions"}],"predecessor-version":[{"id":4975,"href":"https:\/\/sey.fi\/kaakkois-suomi\/wp-json\/wp\/v2\/pages\/139\/revisions\/4975"}],"up":[{"embeddable":true,"href":"https:\/\/sey.fi\/kaakkois-suomi\/wp-json\/wp\/v2\/pages\/137"}],"wp:attachment":[{"href":"https:\/\/sey.fi\/kaakkois-suomi\/wp-json\/wp\/v2\/media?parent=139"}],"curies":[{"name":"wp","href":"https:\/\/api.w.org\/{rel}","templated":true}]}}