{"id":145,"date":"2019-11-01T14:05:42","date_gmt":"2019-11-01T12:05:42","guid":{"rendered":"http:\/\/srvr10.xetpoint.com\/~seyfi\/kaakkois-suomi\/?page_id=145"},"modified":"2026-01-12T10:45:37","modified_gmt":"2026-01-12T08:45:37","slug":"adoptioinfo-ja-hinnasto","status":"publish","type":"page","link":"https:\/\/sey.fi\/kaakkois-suomi\/kaakkois-suomen-elainsuojeluyhdistys\/kotia-etsivat\/adoptioinfo-ja-hinnasto\/","title":{"rendered":"Adoptioinfo ja hinnasto"},"content":{"rendered":"\n<h3 class=\"wp-block-heading\"><strong>El\u00e4imen hankintaa tulee aina harkita kunnolla!<\/strong><\/h3>\n\n\n\n<p>T\u00e4ll\u00e4 sivulla on adoptioon liittyvi\u00e4 t\u00e4rkeit\u00e4 tietoja, tietosivustojen linkkej\u00e4 sek\u00e4 asioita, joihin on hyv\u00e4 tutustua ennen kuin adoptoi el\u00e4imen. <\/p>\n\n\n\n<p><strong>HUOM! Olethan yhteydess\u00e4 meihin ennen adoptiohakemuksen t\u00e4ytt\u00f6\u00e4 (l\u00f6yd\u00e4t yhteystiedot sen el\u00e4imen ilmoituksesta mist\u00e4 olet kiinnostunut) ja t\u00e4yt\u00e4th\u00e4n hakemuksen vasta kun olet keskustellut adoptiosta yhdistyksen edustajan kanssa. Suuren hakemusm\u00e4\u00e4r\u00e4n takia emme pysty vastaamaan niihin hakemuksiin, joissa ei ole mainittu tietty\u00e4 el\u00e4int\u00e4 nimelt\u00e4 kiinnostuksen aiheeksi<\/strong>. L\u00f6yd\u00e4t adoptiohakemuksen t\u00e4\u00e4lt\u00e4: <a rel=\"noreferrer noopener\" aria-label=\"ADOPTIOHAKEMUS  (avautuu uudessa v\u00e4lilehdess\u00e4)\" href=\"https:\/\/docs.google.com\/forms\/d\/e\/1FAIpQLSe3UXmpCQDr5xeN89j1vUhXzeq69x70tWPkvDtqklOM1UISWg\/viewform\" target=\"_blank\"><strong>ADOPTIOHAKEMUS<\/strong> <\/a><\/p>\n\n\n\n<p>Mik\u00e4li olet ollut yhteydess\u00e4 meihin ennen adoptiohakemuksen tekoa puhelimitse tai s\u00e4hk\u00f6postitse, ja sinuun ei oteta yhteytt\u00e4 viikon kuluessa hakemuksen l\u00e4hett\u00e4misest\u00e4, varmistathan meilt\u00e4 ett\u00e4 hakemuksesi on varmasti tullut perille.\u00a0Jos et jostain syyst\u00e4 voi t\u00e4ytt\u00e4\u00e4 hakemusta linkin kautta, l\u00e4het\u00e4 s\u00e4hk\u00f6postia osoitteeseen kaakkoissuomensey@gmail.com\u00a0<\/p>\n\n\n\n<p><strong>Hinnasto 1.1.2026 alkaen:<\/strong><\/p>\n\n\n\n<p>Aikuinen kissa 300\u20ac<br>Kissanpentu (6kk tai alle) 380 \u20ac<br>Seniori- ja erityiskissat 200 \u20ac<br>Koirat alk. 200 \u20ac\u00a0<br>Leikatut &amp; rokotetut kanit 150 \u20ac<br>Rokotetut kaninpoikaset 80 \u20ac\u00a0<br>Jyrsij\u00e4t alkaen 10 \u20ac\u00a0<br>Linnut 20 \u20ac<\/p>\n\n\n\n<p>Alennus kahden kissan adoptiossa on 100\u20ac yhteishinnasta. Kahden kanin adoptiossa -20\u20ac alennus yhteishinnasta.<\/p>\n\n\n\n<p>Kissan hintaan sis\u00e4ltyy madotukset, v\u00e4hint\u00e4\u00e4n ensimm\u00e4inen rokotus, mikrosirutus ja sirun rekister\u00f6inti, <a href=\"https:\/\/janinapohju.wordpress.com\/2019\/02\/09\/kissan-immuunikato-fiv\/\">FIV\/FeLV<\/a>-testaus sek\u00e4 kastrointi tai sterilointi.<\/p>\n\n\n\n<p>Mik\u00e4li kissanpentua ei ole luovuttaessa kastroitu\/steriloitu, sis\u00e4ltyy sen hintaan leikkaussitoumus. Leikkaussitoumuksella uusi omistaja k\u00e4ytt\u00e4\u00e4 kissanpennun kastroinnissa\/steriloinnissa kuuden kuukauden ik\u00e4\u00e4n menness\u00e4 yhdistyksen osoittamalla klinikalla uuden omistajan asuinpaikkakunnan l\u00e4hist\u00f6ll\u00e4. Klinikka laskuttaa toimenpiteest\u00e4 yhdistyst\u00e4. Yli kuuden kuukauden ik\u00e4isist\u00e4 pennuista maksetaan aikuisen kissan hinta. <strong>Kissanpennut luovutetaan vain koteihin, joissa on jo kissakaveri\/kavereita ennest\u00e4\u00e4n tai koteihin, jotka ottavat kotiin samalla toisen pennun tai aikuisen kissan.<\/strong><\/p>\n\n\n\n<p>Seniorikissojen hinta koskee 10-vuotiaita ja sit\u00e4 vanhempia kissoja. Erityiskissoilla tarkoitetaan esim. diabeetikoita, epileptikoita, munuaisvikaisia, l\u00e4\u00e4kityst\u00e4 vaativia allergikkoja, joilla sairaus vaatii loppuel\u00e4m\u00e4n ajan l\u00e4\u00e4kint\u00e4\u00e4 ja\/tai esim. erityisruokavaliota. <\/p>\n\n\n\n<p><strong>Huomioithan my\u00f6s, ett\u00e4 kissat luovutamme vain sis\u00e4kissoiksi (ei vapaata ulkoilua).<\/strong><\/p>\n\n\n\n<p>Mik\u00e4li uusi koti ei nouda el\u00e4int\u00e4 sovittuna p\u00e4iv\u00e4n\u00e4, vaan nouto viiv\u00e4styy, yhdistys voi veloittaa el\u00e4imest\u00e4 voimassaolevan hoitolahinnaston mukaisen hoitomaksun sovitun hakup\u00e4iv\u00e4n ylitt\u00e4vilt\u00e4 p\u00e4ivilt\u00e4.&nbsp;<\/p>\n\n\n\n<p><strong>Hoitohinnasto:<\/strong><br><strong>1-7 vrk:&nbsp;<\/strong>15,00 \u20ac \/ vrk<br><strong>8-14 vrk:<\/strong>&nbsp;13,50 \u20ac \/ vrk<br><strong>15 vrk ja sit\u00e4 pitempi aika:<\/strong>&nbsp;12,75 \u20ac \/ vrk<\/p>\n\n\n\n<hr class=\"wp-block-separator has-css-opacity\" \/>\n\n\n\n<h3 class=\"wp-block-heading\"><strong>Yhdistyksen kautta otetun el\u00e4imen myyntisopimus<\/strong><\/h3>\n\n\n\n<p>Jokaisesta el\u00e4imest\u00e4 tehd\u00e4\u00e4n aina myyntisopimus. Myyntisopimukseen voit tutustua ennakkoon:<\/p>\n\n\n\n<div class=\"wp-block-file\"><a href=\"https:\/\/sey.fi\/wp-content\/uploads\/sites\/18\/2021\/01\/kasey_myyntisopimus2021.pdf\">Myyntisopimus<\/a><a href=\"https:\/\/sey.fi\/wp-content\/uploads\/sites\/18\/2021\/01\/kasey_myyntisopimus2021.pdf\" class=\"wp-block-file__button wp-element-button\" download>Lataa<\/a><\/div>\n\n\n\n<p>Voit lukea rekisteri- ja tietosuojaselosteemme t\u00e4\u00e4lt\u00e4:&nbsp;<a href=\"https:\/\/sey.fi\/kaakkois-suomi\/kaakkois-suomen-elainsuojeluyhdistys\/yhdistys\/rekisteri-ja-tietosuojaseloste\/\">Rekisteri- ja tietosuojaseloste<\/a><\/p>\n\n\n\n<hr class=\"wp-block-separator has-css-opacity\" \/>\n\n\n\n<h3 class=\"wp-block-heading\"><strong>Kissan hankinta<br><\/strong><\/h3>\n\n\n\n<p>Ennen kissan hankintaa, on hyv\u00e4 tutustua kissan tarpeisiin ja siihen millainen se on el\u00e4imen\u00e4. Kissa&nbsp;voi el\u00e4\u00e4 jopa parikymment\u00e4 vuotta, joten kissan hankinta on pitk\u00e4aikainen sitoumus. Kissan hoitoon, ruokintaan ja l\u00e4\u00e4kint\u00e4\u00e4n (perusrokotukset, madotus, mahdolliset sairastumiset)&nbsp;kuluu my\u00f6s rahaa joskus yll\u00e4tt\u00e4v\u00e4nkin paljon.<\/p>\n\n\n\n<ul class=\"wp-block-list\">\n<li>Ajankohtaista ja uusinta tietoa kissoista tarjoaa Kissatieto &#8211; sivusto: <a href=\"https:\/\/sey.fi\/kissa\/\">https:\/\/sey.fi\/kissa\/<\/a><\/li>\n<\/ul>\n\n\n\n<hr class=\"wp-block-separator has-css-opacity\" \/>\n\n\n\n<h3 class=\"wp-block-heading\"><strong>Koiran hankinta<\/strong><\/h3>\n\n\n\n<p>Ensimm\u00e4isen\u00e4 kannattaa tutustua SEYn <a href=\"https:\/\/sey.fi\/wp-content\/uploads\/2022\/01\/sey-fiksun-koiranostajan-opas-web.pdf\">Fiksun koiranostajan oppaaseen<\/a>. SEYn <a href=\"https:\/\/sey.fi\/wp-content\/uploads\/2023\/05\/SEY_hyvinvoiva_koira_verkkoon_2023_05.pdf\">Hyvinvoiva koira<\/a> -oppaasta l\u00f6yd\u00e4t paljon tietoa koiran hoidosta. <strong><a href=\"http:\/\/www.hankikoira.fi\/\" target=\"_blank\" rel=\"noreferrer noopener\">Hankikoira.fist\u00e4<\/a><\/strong>&nbsp;l\u00f6yd\u00e4t tietoa koiraroduista ja vastuullisten kasvattajien myymist\u00e4 koiranpennuista. Tee my\u00f6s rotutesti ja lue tietoa el\u00e4m\u00e4st\u00e4 koiran kanssa.<strong><a href=\"http:\/\/koiratieto.fi\/\" target=\"_blank\" rel=\"noreferrer noopener\">&nbsp;<\/a><\/strong><\/p>\n\n\n\n<hr class=\"wp-block-separator has-css-opacity\" \/>\n\n\n\n<h3 class=\"wp-block-heading\"><strong>Kanin tai jyrsij\u00e4n hankinta<\/strong><\/h3>\n\n\n\n<p>Tutustu SEYn <a href=\"https:\/\/sey.fi\/lemmikkitieto\/\">Lemmikkitieto<\/a> -sivustoon. <\/p>\n\n\n\n<p><\/p>\n","protected":false},"excerpt":{"rendered":"<p>El\u00e4imen hankintaa tulee aina harkita kunnolla! T\u00e4ll\u00e4 sivulla on adoptioon liittyvi\u00e4 t\u00e4rkeit\u00e4 tietoja, tietosivustojen linkkej\u00e4 sek\u00e4 asioita, joihin on hyv\u00e4 tutustua ennen kuin adoptoi el\u00e4imen. HUOM! Olethan yhteydess\u00e4 meihin ennen adoptiohakemuksen t\u00e4ytt\u00f6\u00e4 (l\u00f6yd\u00e4t yhteystiedot sen el\u00e4imen ilmoituksesta mist\u00e4 olet kiinnostunut) ja t\u00e4yt\u00e4th\u00e4n hakemuksen vasta kun olet keskustellut adoptiosta yhdistyksen edustajan kanssa. Suuren hakemusm\u00e4\u00e4r\u00e4n takia emme [&hellip;]<\/p>\n","protected":false},"author":8,"featured_media":0,"parent":137,"menu_order":0,"comment_status":"closed","ping_status":"closed","template":"","meta":{"_acf_changed":false,"footnotes":""},"class_list":["post-145","page","type-page","status-publish","hentry"],"acf":[],"yoast_head":"<!-- This site is optimized with the Yoast SEO plugin v27.1.1 - https:\/\/yoast.com\/product\/yoast-seo-wordpress\/ -->\n<title>Adoptioinfo ja hinnasto - Kaakkois-Suomen el\u00e4insuojeluyhdistys<\/title>\n<meta name=\"robots\" content=\"index, follow, max-snippet:-1, max-image-preview:large, max-video-preview:-1\" \/>\n<link rel=\"canonical\" href=\"https:\/\/sey.fi\/kaakkois-suomi\/kaakkois-suomen-elainsuojeluyhdistys\/kotia-etsivat\/adoptioinfo-ja-hinnasto\/\" \/>\n<meta property=\"og:locale\" content=\"fi_FI\" \/>\n<meta property=\"og:type\" content=\"article\" \/>\n<meta property=\"og:title\" content=\"Adoptioinfo ja hinnasto - Kaakkois-Suomen el\u00e4insuojeluyhdistys\" \/>\n<meta property=\"og:description\" content=\"El\u00e4imen hankintaa tulee aina harkita kunnolla! T\u00e4ll\u00e4 sivulla on adoptioon liittyvi\u00e4 t\u00e4rkeit\u00e4 tietoja, tietosivustojen linkkej\u00e4 sek\u00e4 asioita, joihin on hyv\u00e4 tutustua ennen kuin adoptoi el\u00e4imen. HUOM! Olethan yhteydess\u00e4 meihin ennen adoptiohakemuksen t\u00e4ytt\u00f6\u00e4 (l\u00f6yd\u00e4t yhteystiedot sen el\u00e4imen ilmoituksesta mist\u00e4 olet kiinnostunut) ja t\u00e4yt\u00e4th\u00e4n hakemuksen vasta kun olet keskustellut adoptiosta yhdistyksen edustajan kanssa. Suuren hakemusm\u00e4\u00e4r\u00e4n takia emme [&hellip;]\" \/>\n<meta property=\"og:url\" content=\"https:\/\/sey.fi\/kaakkois-suomi\/kaakkois-suomen-elainsuojeluyhdistys\/kotia-etsivat\/adoptioinfo-ja-hinnasto\/\" \/>\n<meta property=\"og:site_name\" content=\"Kaakkois-Suomen el\u00e4insuojeluyhdistys\" \/>\n<meta property=\"article:modified_time\" content=\"2026-01-12T08:45:37+00:00\" \/>\n<meta name=\"twitter:card\" content=\"summary_large_image\" \/>\n<meta name=\"twitter:label1\" content=\"Arvioitu lukuaika\" \/>\n\t<meta name=\"twitter:data1\" content=\"3 minuuttia\" \/>\n<script type=\"application\/ld+json\" class=\"yoast-schema-graph\">{\"@context\":\"https:\/\/schema.org\",\"@graph\":[{\"@type\":\"WebPage\",\"@id\":\"https:\/\/sey.fi\/kaakkois-suomi\/kaakkois-suomen-elainsuojeluyhdistys\/kotia-etsivat\/adoptioinfo-ja-hinnasto\/\",\"url\":\"https:\/\/sey.fi\/kaakkois-suomi\/kaakkois-suomen-elainsuojeluyhdistys\/kotia-etsivat\/adoptioinfo-ja-hinnasto\/\",\"name\":\"Adoptioinfo ja hinnasto - Kaakkois-Suomen el\u00e4insuojeluyhdistys\",\"isPartOf\":{\"@id\":\"https:\/\/sey.fi\/kaakkois-suomi\/#website\"},\"datePublished\":\"2019-11-01T12:05:42+00:00\",\"dateModified\":\"2026-01-12T08:45:37+00:00\",\"breadcrumb\":{\"@id\":\"https:\/\/sey.fi\/kaakkois-suomi\/kaakkois-suomen-elainsuojeluyhdistys\/kotia-etsivat\/adoptioinfo-ja-hinnasto\/#breadcrumb\"},\"inLanguage\":\"fi\",\"potentialAction\":[{\"@type\":\"ReadAction\",\"target\":[\"https:\/\/sey.fi\/kaakkois-suomi\/kaakkois-suomen-elainsuojeluyhdistys\/kotia-etsivat\/adoptioinfo-ja-hinnasto\/\"]}]},{\"@type\":\"BreadcrumbList\",\"@id\":\"https:\/\/sey.fi\/kaakkois-suomi\/kaakkois-suomen-elainsuojeluyhdistys\/kotia-etsivat\/adoptioinfo-ja-hinnasto\/#breadcrumb\",\"itemListElement\":[{\"@type\":\"ListItem\",\"position\":1,\"name\":\"Home\",\"item\":\"https:\/\/sey.fi\/kaakkois-suomi\/\"},{\"@type\":\"ListItem\",\"position\":2,\"name\":\"Kaakkois-Suomen el\u00e4insuojeluyhdistys\",\"item\":\"https:\/\/sey.fi\/kaakkois-suomi\/\"},{\"@type\":\"ListItem\",\"position\":3,\"name\":\"Kotia etsiv\u00e4t\",\"item\":\"https:\/\/sey.fi\/kaakkois-suomi\/kaakkois-suomen-elainsuojeluyhdistys\/kotia-etsivat\/\"},{\"@type\":\"ListItem\",\"position\":4,\"name\":\"Adoptioinfo ja hinnasto\"}]},{\"@type\":\"WebSite\",\"@id\":\"https:\/\/sey.fi\/kaakkois-suomi\/#website\",\"url\":\"https:\/\/sey.fi\/kaakkois-suomi\/\",\"name\":\"Kaakkois-Suomen el\u00e4insuojeluyhdistys\",\"description\":\"Uusi SEY J\u00e4senyhdistykset -sivusto\",\"potentialAction\":[{\"@type\":\"SearchAction\",\"target\":{\"@type\":\"EntryPoint\",\"urlTemplate\":\"https:\/\/sey.fi\/kaakkois-suomi\/?s={search_term_string}\"},\"query-input\":{\"@type\":\"PropertyValueSpecification\",\"valueRequired\":true,\"valueName\":\"search_term_string\"}}],\"inLanguage\":\"fi\"}]}<\/script>\n<!-- \/ Yoast SEO plugin. -->","yoast_head_json":{"title":"Adoptioinfo ja hinnasto - Kaakkois-Suomen el\u00e4insuojeluyhdistys","robots":{"index":"index","follow":"follow","max-snippet":"max-snippet:-1","max-image-preview":"max-image-preview:large","max-video-preview":"max-video-preview:-1"},"canonical":"https:\/\/sey.fi\/kaakkois-suomi\/kaakkois-suomen-elainsuojeluyhdistys\/kotia-etsivat\/adoptioinfo-ja-hinnasto\/","og_locale":"fi_FI","og_type":"article","og_title":"Adoptioinfo ja hinnasto - Kaakkois-Suomen el\u00e4insuojeluyhdistys","og_description":"El\u00e4imen hankintaa tulee aina harkita kunnolla! T\u00e4ll\u00e4 sivulla on adoptioon liittyvi\u00e4 t\u00e4rkeit\u00e4 tietoja, tietosivustojen linkkej\u00e4 sek\u00e4 asioita, joihin on hyv\u00e4 tutustua ennen kuin adoptoi el\u00e4imen. HUOM! Olethan yhteydess\u00e4 meihin ennen adoptiohakemuksen t\u00e4ytt\u00f6\u00e4 (l\u00f6yd\u00e4t yhteystiedot sen el\u00e4imen ilmoituksesta mist\u00e4 olet kiinnostunut) ja t\u00e4yt\u00e4th\u00e4n hakemuksen vasta kun olet keskustellut adoptiosta yhdistyksen edustajan kanssa. Suuren hakemusm\u00e4\u00e4r\u00e4n takia emme [&hellip;]","og_url":"https:\/\/sey.fi\/kaakkois-suomi\/kaakkois-suomen-elainsuojeluyhdistys\/kotia-etsivat\/adoptioinfo-ja-hinnasto\/","og_site_name":"Kaakkois-Suomen el\u00e4insuojeluyhdistys","article_modified_time":"2026-01-12T08:45:37+00:00","twitter_card":"summary_large_image","twitter_misc":{"Arvioitu lukuaika":"3 minuuttia"},"schema":{"@context":"https:\/\/schema.org","@graph":[{"@type":"WebPage","@id":"https:\/\/sey.fi\/kaakkois-suomi\/kaakkois-suomen-elainsuojeluyhdistys\/kotia-etsivat\/adoptioinfo-ja-hinnasto\/","url":"https:\/\/sey.fi\/kaakkois-suomi\/kaakkois-suomen-elainsuojeluyhdistys\/kotia-etsivat\/adoptioinfo-ja-hinnasto\/","name":"Adoptioinfo ja hinnasto - Kaakkois-Suomen el\u00e4insuojeluyhdistys","isPartOf":{"@id":"https:\/\/sey.fi\/kaakkois-suomi\/#website"},"datePublished":"2019-11-01T12:05:42+00:00","dateModified":"2026-01-12T08:45:37+00:00","breadcrumb":{"@id":"https:\/\/sey.fi\/kaakkois-suomi\/kaakkois-suomen-elainsuojeluyhdistys\/kotia-etsivat\/adoptioinfo-ja-hinnasto\/#breadcrumb"},"inLanguage":"fi","potentialAction":[{"@type":"ReadAction","target":["https:\/\/sey.fi\/kaakkois-suomi\/kaakkois-suomen-elainsuojeluyhdistys\/kotia-etsivat\/adoptioinfo-ja-hinnasto\/"]}]},{"@type":"BreadcrumbList","@id":"https:\/\/sey.fi\/kaakkois-suomi\/kaakkois-suomen-elainsuojeluyhdistys\/kotia-etsivat\/adoptioinfo-ja-hinnasto\/#breadcrumb","itemListElement":[{"@type":"ListItem","position":1,"name":"Home","item":"https:\/\/sey.fi\/kaakkois-suomi\/"},{"@type":"ListItem","position":2,"name":"Kaakkois-Suomen el\u00e4insuojeluyhdistys","item":"https:\/\/sey.fi\/kaakkois-suomi\/"},{"@type":"ListItem","position":3,"name":"Kotia etsiv\u00e4t","item":"https:\/\/sey.fi\/kaakkois-suomi\/kaakkois-suomen-elainsuojeluyhdistys\/kotia-etsivat\/"},{"@type":"ListItem","position":4,"name":"Adoptioinfo ja hinnasto"}]},{"@type":"WebSite","@id":"https:\/\/sey.fi\/kaakkois-suomi\/#website","url":"https:\/\/sey.fi\/kaakkois-suomi\/","name":"Kaakkois-Suomen el\u00e4insuojeluyhdistys","description":"Uusi SEY J\u00e4senyhdistykset -sivusto","potentialAction":[{"@type":"SearchAction","target":{"@type":"EntryPoint","urlTemplate":"https:\/\/sey.fi\/kaakkois-suomi\/?s={search_term_string}"},"query-input":{"@type":"PropertyValueSpecification","valueRequired":true,"valueName":"search_term_string"}}],"inLanguage":"fi"}]}},"_links":{"self":[{"href":"https:\/\/sey.fi\/kaakkois-suomi\/wp-json\/wp\/v2\/pages\/145","targetHints":{"allow":["GET"]}}],"collection":[{"href":"https:\/\/sey.fi\/kaakkois-suomi\/wp-json\/wp\/v2\/pages"}],"about":[{"href":"https:\/\/sey.fi\/kaakkois-suomi\/wp-json\/wp\/v2\/types\/page"}],"author":[{"embeddable":true,"href":"https:\/\/sey.fi\/kaakkois-suomi\/wp-json\/wp\/v2\/users\/8"}],"replies":[{"embeddable":true,"href":"https:\/\/sey.fi\/kaakkois-suomi\/wp-json\/wp\/v2\/comments?post=145"}],"version-history":[{"count":20,"href":"https:\/\/sey.fi\/kaakkois-suomi\/wp-json\/wp\/v2\/pages\/145\/revisions"}],"predecessor-version":[{"id":5620,"href":"https:\/\/sey.fi\/kaakkois-suomi\/wp-json\/wp\/v2\/pages\/145\/revisions\/5620"}],"up":[{"embeddable":true,"href":"https:\/\/sey.fi\/kaakkois-suomi\/wp-json\/wp\/v2\/pages\/137"}],"wp:attachment":[{"href":"https:\/\/sey.fi\/kaakkois-suomi\/wp-json\/wp\/v2\/media?parent=145"}],"curies":[{"name":"wp","href":"https:\/\/api.w.org\/{rel}","templated":true}]}}