{"id":148,"date":"2019-11-01T14:08:26","date_gmt":"2019-11-01T12:08:26","guid":{"rendered":"http:\/\/srvr10.xetpoint.com\/~seyfi\/kaakkois-suomi\/?page_id=148"},"modified":"2024-01-15T10:07:01","modified_gmt":"2024-01-15T08:07:01","slug":"sijoituskissat","status":"publish","type":"page","link":"https:\/\/sey.fi\/kaakkois-suomi\/kaakkois-suomen-elainsuojeluyhdistys\/kotia-etsivat\/sijoituskissat\/","title":{"rendered":"Sijoituskodiksi seniorikissalle?"},"content":{"rendered":"\n<h4 class=\"wp-block-heading\">Loppuel\u00e4m\u00e4n sijoituskodiksi vanhalle \/ erityistarpeiselle kissalle?<\/h4>\n\n\n\n<p>Kaakkois-Suomen El\u00e4insuojeluyhdistys sijoittaa v\u00e4lill\u00e4 eritt\u00e4in i\u00e4kk\u00e4it\u00e4\/erityistarpeisia kissoja sijoituskoteihin. Sijoituskissat luovutetaan hyviin ja pysyviin koteihin. Sijoituskoti hoitaa ja pit\u00e4\u00e4 kissaa kuin omaansa. Sijoituskoti ostaa itse kissan laadukkaat ruuat, hiekat, ym perustarvikkeet. Sijoituskoti huolehtii omalla kustannuksella el\u00e4imen madotuksista ja rokotuksista. Yhdistys s\u00e4ilyy n\u00e4iden sijoitettavien kissojen omistajana kissan loppuel\u00e4m\u00e4n ajan ja sijoituskoti s\u00e4ilyy el\u00e4imen huoltajana kissan loppuel\u00e4m\u00e4n ajan. Maksamme kaikki kissaan liittyv\u00e4t el\u00e4inl\u00e4\u00e4k\u00e4rik\u00e4ynnit (poislukien rokotusk\u00e4ynnit), joita varsinkin vanhenevilla kissoilla voi tulla enemm\u00e4nkin.<\/p>\n\n\n\n<p>Haluamme tarjota meid\u00e4n seniori\/erityistarpeisille kissoillemme mahdollisuuden hyviin koteihin ja tarjota niille niiden tarvitsemat el\u00e4inl\u00e4\u00e4k\u00e4ripalvelut kissojen loppuel\u00e4m\u00e4n ajan.&nbsp;Jos olet miettinyt oman kissan hankintaa, sijoituskodin&nbsp;tarjoaminen on yksi vaihtoehto ja teet samalla arvokasta ty\u00f6t\u00e4 el\u00e4inten hyv\u00e4ksi. Vanhempi kissa sijoitussopimuksella sopii erityisen hyvin esimerkiksi senioreille, sill\u00e4 i\u00e4kk\u00e4\u00e4mpi kissa on rauhallinen kumppani. Sijoituskissa on my\u00f6s taloudellisesti riskitt\u00f6m\u00e4mpi yhdistyksen hoitaessa mahdolliset sairauskulut. Sijoituskissoista ei perit\u00e4 luovutusmaksua.<\/p>\n\n\n\n<p>Lis\u00e4tietoja sijoituskissatoiminnasta saat yhdistykselt\u00e4 p. 050 555 1186 tai\u00a0kaakkoissuomensey@gmail.com<\/p>\n\n\n\n<p><strong>T\u00e4ll\u00e4 hetkell\u00e4 yhdistyksell\u00e4 ei ole sijoituskotia etsivi\u00e4 kissoja!<\/strong><\/p>\n","protected":false},"excerpt":{"rendered":"<p>Loppuel\u00e4m\u00e4n sijoituskodiksi vanhalle \/ erityistarpeiselle kissalle? Kaakkois-Suomen El\u00e4insuojeluyhdistys sijoittaa v\u00e4lill\u00e4 eritt\u00e4in i\u00e4kk\u00e4it\u00e4\/erityistarpeisia kissoja sijoituskoteihin. Sijoituskissat luovutetaan hyviin ja pysyviin koteihin. Sijoituskoti hoitaa ja pit\u00e4\u00e4 kissaa kuin omaansa. Sijoituskoti ostaa itse kissan laadukkaat ruuat, hiekat, ym perustarvikkeet. Sijoituskoti huolehtii omalla kustannuksella el\u00e4imen madotuksista ja rokotuksista. Yhdistys s\u00e4ilyy n\u00e4iden sijoitettavien kissojen omistajana kissan loppuel\u00e4m\u00e4n ajan ja sijoituskoti [&hellip;]<\/p>\n","protected":false},"author":8,"featured_media":0,"parent":137,"menu_order":0,"comment_status":"closed","ping_status":"closed","template":"","meta":{"_acf_changed":false,"footnotes":""},"class_list":["post-148","page","type-page","status-publish","hentry"],"acf":[],"yoast_head":"<!-- This site is optimized with the Yoast SEO plugin v27.1.1 - https:\/\/yoast.com\/product\/yoast-seo-wordpress\/ -->\n<title>Sijoituskodiksi seniorikissalle? - Kaakkois-Suomen el\u00e4insuojeluyhdistys<\/title>\n<meta name=\"robots\" content=\"index, follow, max-snippet:-1, max-image-preview:large, max-video-preview:-1\" \/>\n<link rel=\"canonical\" href=\"https:\/\/sey.fi\/kaakkois-suomi\/kaakkois-suomen-elainsuojeluyhdistys\/kotia-etsivat\/sijoituskissat\/\" \/>\n<meta property=\"og:locale\" content=\"fi_FI\" \/>\n<meta property=\"og:type\" content=\"article\" \/>\n<meta property=\"og:title\" content=\"Sijoituskodiksi seniorikissalle? - Kaakkois-Suomen el\u00e4insuojeluyhdistys\" \/>\n<meta property=\"og:description\" content=\"Loppuel\u00e4m\u00e4n sijoituskodiksi vanhalle \/ erityistarpeiselle kissalle? Kaakkois-Suomen El\u00e4insuojeluyhdistys sijoittaa v\u00e4lill\u00e4 eritt\u00e4in i\u00e4kk\u00e4it\u00e4\/erityistarpeisia kissoja sijoituskoteihin. Sijoituskissat luovutetaan hyviin ja pysyviin koteihin. Sijoituskoti hoitaa ja pit\u00e4\u00e4 kissaa kuin omaansa. Sijoituskoti ostaa itse kissan laadukkaat ruuat, hiekat, ym perustarvikkeet. Sijoituskoti huolehtii omalla kustannuksella el\u00e4imen madotuksista ja rokotuksista. Yhdistys s\u00e4ilyy n\u00e4iden sijoitettavien kissojen omistajana kissan loppuel\u00e4m\u00e4n ajan ja sijoituskoti [&hellip;]\" \/>\n<meta property=\"og:url\" content=\"https:\/\/sey.fi\/kaakkois-suomi\/kaakkois-suomen-elainsuojeluyhdistys\/kotia-etsivat\/sijoituskissat\/\" \/>\n<meta property=\"og:site_name\" content=\"Kaakkois-Suomen el\u00e4insuojeluyhdistys\" \/>\n<meta property=\"article:modified_time\" content=\"2024-01-15T08:07:01+00:00\" \/>\n<meta name=\"twitter:card\" content=\"summary_large_image\" \/>\n<meta name=\"twitter:label1\" content=\"Arvioitu lukuaika\" \/>\n\t<meta name=\"twitter:data1\" content=\"1 minuutti\" \/>\n<script type=\"application\/ld+json\" class=\"yoast-schema-graph\">{\"@context\":\"https:\/\/schema.org\",\"@graph\":[{\"@type\":\"WebPage\",\"@id\":\"https:\/\/sey.fi\/kaakkois-suomi\/kaakkois-suomen-elainsuojeluyhdistys\/kotia-etsivat\/sijoituskissat\/\",\"url\":\"https:\/\/sey.fi\/kaakkois-suomi\/kaakkois-suomen-elainsuojeluyhdistys\/kotia-etsivat\/sijoituskissat\/\",\"name\":\"Sijoituskodiksi seniorikissalle? - Kaakkois-Suomen el\u00e4insuojeluyhdistys\",\"isPartOf\":{\"@id\":\"https:\/\/sey.fi\/kaakkois-suomi\/#website\"},\"datePublished\":\"2019-11-01T12:08:26+00:00\",\"dateModified\":\"2024-01-15T08:07:01+00:00\",\"breadcrumb\":{\"@id\":\"https:\/\/sey.fi\/kaakkois-suomi\/kaakkois-suomen-elainsuojeluyhdistys\/kotia-etsivat\/sijoituskissat\/#breadcrumb\"},\"inLanguage\":\"fi\",\"potentialAction\":[{\"@type\":\"ReadAction\",\"target\":[\"https:\/\/sey.fi\/kaakkois-suomi\/kaakkois-suomen-elainsuojeluyhdistys\/kotia-etsivat\/sijoituskissat\/\"]}]},{\"@type\":\"BreadcrumbList\",\"@id\":\"https:\/\/sey.fi\/kaakkois-suomi\/kaakkois-suomen-elainsuojeluyhdistys\/kotia-etsivat\/sijoituskissat\/#breadcrumb\",\"itemListElement\":[{\"@type\":\"ListItem\",\"position\":1,\"name\":\"Home\",\"item\":\"https:\/\/sey.fi\/kaakkois-suomi\/\"},{\"@type\":\"ListItem\",\"position\":2,\"name\":\"Kaakkois-Suomen el\u00e4insuojeluyhdistys\",\"item\":\"https:\/\/sey.fi\/kaakkois-suomi\/\"},{\"@type\":\"ListItem\",\"position\":3,\"name\":\"Kotia etsiv\u00e4t\",\"item\":\"https:\/\/sey.fi\/kaakkois-suomi\/kaakkois-suomen-elainsuojeluyhdistys\/kotia-etsivat\/\"},{\"@type\":\"ListItem\",\"position\":4,\"name\":\"Sijoituskodiksi seniorikissalle?\"}]},{\"@type\":\"WebSite\",\"@id\":\"https:\/\/sey.fi\/kaakkois-suomi\/#website\",\"url\":\"https:\/\/sey.fi\/kaakkois-suomi\/\",\"name\":\"Kaakkois-Suomen el\u00e4insuojeluyhdistys\",\"description\":\"Uusi SEY J\u00e4senyhdistykset -sivusto\",\"potentialAction\":[{\"@type\":\"SearchAction\",\"target\":{\"@type\":\"EntryPoint\",\"urlTemplate\":\"https:\/\/sey.fi\/kaakkois-suomi\/?s={search_term_string}\"},\"query-input\":{\"@type\":\"PropertyValueSpecification\",\"valueRequired\":true,\"valueName\":\"search_term_string\"}}],\"inLanguage\":\"fi\"}]}<\/script>\n<!-- \/ Yoast SEO plugin. -->","yoast_head_json":{"title":"Sijoituskodiksi seniorikissalle? - Kaakkois-Suomen el\u00e4insuojeluyhdistys","robots":{"index":"index","follow":"follow","max-snippet":"max-snippet:-1","max-image-preview":"max-image-preview:large","max-video-preview":"max-video-preview:-1"},"canonical":"https:\/\/sey.fi\/kaakkois-suomi\/kaakkois-suomen-elainsuojeluyhdistys\/kotia-etsivat\/sijoituskissat\/","og_locale":"fi_FI","og_type":"article","og_title":"Sijoituskodiksi seniorikissalle? - Kaakkois-Suomen el\u00e4insuojeluyhdistys","og_description":"Loppuel\u00e4m\u00e4n sijoituskodiksi vanhalle \/ erityistarpeiselle kissalle? Kaakkois-Suomen El\u00e4insuojeluyhdistys sijoittaa v\u00e4lill\u00e4 eritt\u00e4in i\u00e4kk\u00e4it\u00e4\/erityistarpeisia kissoja sijoituskoteihin. Sijoituskissat luovutetaan hyviin ja pysyviin koteihin. Sijoituskoti hoitaa ja pit\u00e4\u00e4 kissaa kuin omaansa. Sijoituskoti ostaa itse kissan laadukkaat ruuat, hiekat, ym perustarvikkeet. Sijoituskoti huolehtii omalla kustannuksella el\u00e4imen madotuksista ja rokotuksista. Yhdistys s\u00e4ilyy n\u00e4iden sijoitettavien kissojen omistajana kissan loppuel\u00e4m\u00e4n ajan ja sijoituskoti [&hellip;]","og_url":"https:\/\/sey.fi\/kaakkois-suomi\/kaakkois-suomen-elainsuojeluyhdistys\/kotia-etsivat\/sijoituskissat\/","og_site_name":"Kaakkois-Suomen el\u00e4insuojeluyhdistys","article_modified_time":"2024-01-15T08:07:01+00:00","twitter_card":"summary_large_image","twitter_misc":{"Arvioitu lukuaika":"1 minuutti"},"schema":{"@context":"https:\/\/schema.org","@graph":[{"@type":"WebPage","@id":"https:\/\/sey.fi\/kaakkois-suomi\/kaakkois-suomen-elainsuojeluyhdistys\/kotia-etsivat\/sijoituskissat\/","url":"https:\/\/sey.fi\/kaakkois-suomi\/kaakkois-suomen-elainsuojeluyhdistys\/kotia-etsivat\/sijoituskissat\/","name":"Sijoituskodiksi seniorikissalle? - Kaakkois-Suomen el\u00e4insuojeluyhdistys","isPartOf":{"@id":"https:\/\/sey.fi\/kaakkois-suomi\/#website"},"datePublished":"2019-11-01T12:08:26+00:00","dateModified":"2024-01-15T08:07:01+00:00","breadcrumb":{"@id":"https:\/\/sey.fi\/kaakkois-suomi\/kaakkois-suomen-elainsuojeluyhdistys\/kotia-etsivat\/sijoituskissat\/#breadcrumb"},"inLanguage":"fi","potentialAction":[{"@type":"ReadAction","target":["https:\/\/sey.fi\/kaakkois-suomi\/kaakkois-suomen-elainsuojeluyhdistys\/kotia-etsivat\/sijoituskissat\/"]}]},{"@type":"BreadcrumbList","@id":"https:\/\/sey.fi\/kaakkois-suomi\/kaakkois-suomen-elainsuojeluyhdistys\/kotia-etsivat\/sijoituskissat\/#breadcrumb","itemListElement":[{"@type":"ListItem","position":1,"name":"Home","item":"https:\/\/sey.fi\/kaakkois-suomi\/"},{"@type":"ListItem","position":2,"name":"Kaakkois-Suomen el\u00e4insuojeluyhdistys","item":"https:\/\/sey.fi\/kaakkois-suomi\/"},{"@type":"ListItem","position":3,"name":"Kotia etsiv\u00e4t","item":"https:\/\/sey.fi\/kaakkois-suomi\/kaakkois-suomen-elainsuojeluyhdistys\/kotia-etsivat\/"},{"@type":"ListItem","position":4,"name":"Sijoituskodiksi seniorikissalle?"}]},{"@type":"WebSite","@id":"https:\/\/sey.fi\/kaakkois-suomi\/#website","url":"https:\/\/sey.fi\/kaakkois-suomi\/","name":"Kaakkois-Suomen el\u00e4insuojeluyhdistys","description":"Uusi SEY J\u00e4senyhdistykset -sivusto","potentialAction":[{"@type":"SearchAction","target":{"@type":"EntryPoint","urlTemplate":"https:\/\/sey.fi\/kaakkois-suomi\/?s={search_term_string}"},"query-input":{"@type":"PropertyValueSpecification","valueRequired":true,"valueName":"search_term_string"}}],"inLanguage":"fi"}]}},"_links":{"self":[{"href":"https:\/\/sey.fi\/kaakkois-suomi\/wp-json\/wp\/v2\/pages\/148","targetHints":{"allow":["GET"]}}],"collection":[{"href":"https:\/\/sey.fi\/kaakkois-suomi\/wp-json\/wp\/v2\/pages"}],"about":[{"href":"https:\/\/sey.fi\/kaakkois-suomi\/wp-json\/wp\/v2\/types\/page"}],"author":[{"embeddable":true,"href":"https:\/\/sey.fi\/kaakkois-suomi\/wp-json\/wp\/v2\/users\/8"}],"replies":[{"embeddable":true,"href":"https:\/\/sey.fi\/kaakkois-suomi\/wp-json\/wp\/v2\/comments?post=148"}],"version-history":[{"count":4,"href":"https:\/\/sey.fi\/kaakkois-suomi\/wp-json\/wp\/v2\/pages\/148\/revisions"}],"predecessor-version":[{"id":3962,"href":"https:\/\/sey.fi\/kaakkois-suomi\/wp-json\/wp\/v2\/pages\/148\/revisions\/3962"}],"up":[{"embeddable":true,"href":"https:\/\/sey.fi\/kaakkois-suomi\/wp-json\/wp\/v2\/pages\/137"}],"wp:attachment":[{"href":"https:\/\/sey.fi\/kaakkois-suomi\/wp-json\/wp\/v2\/media?parent=148"}],"curies":[{"name":"wp","href":"https:\/\/api.w.org\/{rel}","templated":true}]}}