{"id":154,"date":"2019-11-01T14:12:17","date_gmt":"2019-11-01T12:12:17","guid":{"rendered":"http:\/\/srvr10.xetpoint.com\/~seyfi\/kaakkois-suomi\/?page_id=154"},"modified":"2024-11-10T23:56:02","modified_gmt":"2024-11-10T21:56:02","slug":"elaimesta-luopuminen","status":"publish","type":"page","link":"https:\/\/sey.fi\/kaakkois-suomi\/kaakkois-suomen-elainsuojeluyhdistys\/kotia-etsivat\/elaimesta-luopuminen\/","title":{"rendered":"El\u00e4imest\u00e4 luopuminen"},"content":{"rendered":"\n<p>Otamme mahdollisuuksiemme mukaan kodeista lemmikkej\u00e4 uusia koteja etsim\u00e4\u00e4n. Luopumissyyn\u00e4 voi olla esim. allergiat, pitovaikeudet, suuri el\u00e4inm\u00e4\u00e4r\u00e4, omistajan el\u00e4m\u00e4ntilanteen muutos, omistajan kuolema, k\u00e4yt\u00f6songelmat, ym. Uutta kotia tarvitsevan lemmikin omistaja maksaa yhdistykselle luovutusmaksun, jonka j\u00e4lkeen yhdistys etsii lemmikille kodin. Kotia etsiv\u00e4 lemmikki voi muuttaa el\u00e4insuojelukeskukselle tai sijaiskotiin kodinetsinn\u00e4n ajaksi. Jos olet luopumassa lemmikist\u00e4si, otathan yhteytt\u00e4 kaakkoissuomensey(at)gmail.com tai p. 050 555 1186 niin katsomme, voimmeko olla avuksi.<\/p>\n\n\n\n<p><strong>Uutta kotia etsim\u00e4\u00e4n tulevien el\u00e4inten luovutusmaksut<\/strong>: <\/p>\n\n\n\n<ul class=\"wp-block-list\">\n<li>Kissa 50 \u20ac<\/li>\n\n\n\n<li>Koira 70 \u20ac<\/li>\n\n\n\n<li>Kani ja marsu 20-50 \u20ac<\/li>\n\n\n\n<li>Vesikilpikonna alk. 100 \u20ac<\/li>\n\n\n\n<li>Maakilpikonna alk. 20 \u20ac<\/li>\n\n\n\n<li>Lintu alk. 20 \u20ac<\/li>\n\n\n\n<li>Muut jyrsij\u00e4t\u00a0 alk.10 \u20ac<br><br>Mahdolliset el\u00e4imen v\u00e4lineet (hihna, kuljetus\/hiekkalaatikko, ruoat tms.) eiv\u00e4t v\u00e4henn\u00e4 t\u00e4t\u00e4 maksua. Omistaja maksaa luovutusmaksun luovuttaessaan el\u00e4imen el\u00e4insuojeluyhdistykselle.<\/li>\n<\/ul>\n\n\n<div class=\"wp-block-image\">\n<figure class=\"aligncenter size-large is-resized\"><img loading=\"lazy\" decoding=\"async\" width=\"1024\" height=\"768\" src=\"https:\/\/sey.fi\/wp-content\/uploads\/sites\/18\/2024\/11\/nopo-1024x768.jpg\" alt=\"\" class=\"wp-image-4740\" style=\"width:573px;height:auto\" srcset=\"https:\/\/sey.fi\/wp-content\/uploads\/sites\/18\/2024\/11\/nopo-1024x768.jpg 1024w, https:\/\/sey.fi\/wp-content\/uploads\/sites\/18\/2024\/11\/nopo-300x225.jpg 300w, https:\/\/sey.fi\/wp-content\/uploads\/sites\/18\/2024\/11\/nopo-768x576.jpg 768w, https:\/\/sey.fi\/wp-content\/uploads\/sites\/18\/2024\/11\/nopo-1536x1152.jpg 1536w, https:\/\/sey.fi\/wp-content\/uploads\/sites\/18\/2024\/11\/nopo-2048x1536.jpg 2048w\" sizes=\"auto, (max-width: 1024px) 100vw, 1024px\" \/><\/figure><\/div>","protected":false},"excerpt":{"rendered":"<p>Otamme mahdollisuuksiemme mukaan kodeista lemmikkej\u00e4 uusia koteja etsim\u00e4\u00e4n. Luopumissyyn\u00e4 voi olla esim. allergiat, pitovaikeudet, suuri el\u00e4inm\u00e4\u00e4r\u00e4, omistajan el\u00e4m\u00e4ntilanteen muutos, omistajan kuolema, k\u00e4yt\u00f6songelmat, ym. Uutta kotia tarvitsevan lemmikin omistaja maksaa yhdistykselle luovutusmaksun, jonka j\u00e4lkeen yhdistys etsii lemmikille kodin. Kotia etsiv\u00e4 lemmikki voi muuttaa el\u00e4insuojelukeskukselle tai sijaiskotiin kodinetsinn\u00e4n ajaksi. Jos olet luopumassa lemmikist\u00e4si, otathan yhteytt\u00e4 kaakkoissuomensey(at)gmail.com tai [&hellip;]<\/p>\n","protected":false},"author":8,"featured_media":0,"parent":137,"menu_order":0,"comment_status":"closed","ping_status":"closed","template":"","meta":{"_acf_changed":false,"footnotes":""},"class_list":["post-154","page","type-page","status-publish","hentry"],"acf":[],"yoast_head":"<!-- This site is optimized with the Yoast SEO plugin v27.1.1 - https:\/\/yoast.com\/product\/yoast-seo-wordpress\/ -->\n<title>El\u00e4imest\u00e4 luopuminen - Kaakkois-Suomen el\u00e4insuojeluyhdistys<\/title>\n<meta name=\"robots\" content=\"index, follow, max-snippet:-1, max-image-preview:large, max-video-preview:-1\" \/>\n<link rel=\"canonical\" href=\"https:\/\/sey.fi\/kaakkois-suomi\/kaakkois-suomen-elainsuojeluyhdistys\/kotia-etsivat\/elaimesta-luopuminen\/\" \/>\n<meta property=\"og:locale\" content=\"fi_FI\" \/>\n<meta property=\"og:type\" content=\"article\" \/>\n<meta property=\"og:title\" content=\"El\u00e4imest\u00e4 luopuminen - Kaakkois-Suomen el\u00e4insuojeluyhdistys\" \/>\n<meta property=\"og:description\" content=\"Otamme mahdollisuuksiemme mukaan kodeista lemmikkej\u00e4 uusia koteja etsim\u00e4\u00e4n. Luopumissyyn\u00e4 voi olla esim. allergiat, pitovaikeudet, suuri el\u00e4inm\u00e4\u00e4r\u00e4, omistajan el\u00e4m\u00e4ntilanteen muutos, omistajan kuolema, k\u00e4yt\u00f6songelmat, ym. Uutta kotia tarvitsevan lemmikin omistaja maksaa yhdistykselle luovutusmaksun, jonka j\u00e4lkeen yhdistys etsii lemmikille kodin. Kotia etsiv\u00e4 lemmikki voi muuttaa el\u00e4insuojelukeskukselle tai sijaiskotiin kodinetsinn\u00e4n ajaksi. Jos olet luopumassa lemmikist\u00e4si, otathan yhteytt\u00e4 kaakkoissuomensey(at)gmail.com tai [&hellip;]\" \/>\n<meta property=\"og:url\" content=\"https:\/\/sey.fi\/kaakkois-suomi\/kaakkois-suomen-elainsuojeluyhdistys\/kotia-etsivat\/elaimesta-luopuminen\/\" \/>\n<meta property=\"og:site_name\" content=\"Kaakkois-Suomen el\u00e4insuojeluyhdistys\" \/>\n<meta property=\"article:modified_time\" content=\"2024-11-10T21:56:02+00:00\" \/>\n<meta property=\"og:image\" content=\"https:\/\/sey.fi\/wp-content\/uploads\/sites\/18\/2024\/11\/nopo-scaled.jpg\" \/>\n\t<meta property=\"og:image:width\" content=\"2560\" \/>\n\t<meta property=\"og:image:height\" content=\"1920\" \/>\n\t<meta property=\"og:image:type\" content=\"image\/jpeg\" \/>\n<meta name=\"twitter:card\" content=\"summary_large_image\" \/>\n<meta name=\"twitter:label1\" content=\"Arvioitu lukuaika\" \/>\n\t<meta name=\"twitter:data1\" content=\"1 minuutti\" \/>\n<script type=\"application\/ld+json\" class=\"yoast-schema-graph\">{\"@context\":\"https:\/\/schema.org\",\"@graph\":[{\"@type\":\"WebPage\",\"@id\":\"https:\/\/sey.fi\/kaakkois-suomi\/kaakkois-suomen-elainsuojeluyhdistys\/kotia-etsivat\/elaimesta-luopuminen\/\",\"url\":\"https:\/\/sey.fi\/kaakkois-suomi\/kaakkois-suomen-elainsuojeluyhdistys\/kotia-etsivat\/elaimesta-luopuminen\/\",\"name\":\"El\u00e4imest\u00e4 luopuminen - Kaakkois-Suomen el\u00e4insuojeluyhdistys\",\"isPartOf\":{\"@id\":\"https:\/\/sey.fi\/kaakkois-suomi\/#website\"},\"primaryImageOfPage\":{\"@id\":\"https:\/\/sey.fi\/kaakkois-suomi\/kaakkois-suomen-elainsuojeluyhdistys\/kotia-etsivat\/elaimesta-luopuminen\/#primaryimage\"},\"image\":{\"@id\":\"https:\/\/sey.fi\/kaakkois-suomi\/kaakkois-suomen-elainsuojeluyhdistys\/kotia-etsivat\/elaimesta-luopuminen\/#primaryimage\"},\"thumbnailUrl\":\"https:\/\/sey.fi\/wp-content\/uploads\/sites\/18\/2024\/11\/nopo-1024x768.jpg\",\"datePublished\":\"2019-11-01T12:12:17+00:00\",\"dateModified\":\"2024-11-10T21:56:02+00:00\",\"breadcrumb\":{\"@id\":\"https:\/\/sey.fi\/kaakkois-suomi\/kaakkois-suomen-elainsuojeluyhdistys\/kotia-etsivat\/elaimesta-luopuminen\/#breadcrumb\"},\"inLanguage\":\"fi\",\"potentialAction\":[{\"@type\":\"ReadAction\",\"target\":[\"https:\/\/sey.fi\/kaakkois-suomi\/kaakkois-suomen-elainsuojeluyhdistys\/kotia-etsivat\/elaimesta-luopuminen\/\"]}]},{\"@type\":\"ImageObject\",\"inLanguage\":\"fi\",\"@id\":\"https:\/\/sey.fi\/kaakkois-suomi\/kaakkois-suomen-elainsuojeluyhdistys\/kotia-etsivat\/elaimesta-luopuminen\/#primaryimage\",\"url\":\"https:\/\/sey.fi\/wp-content\/uploads\/sites\/18\/2024\/11\/nopo-1024x768.jpg\",\"contentUrl\":\"https:\/\/sey.fi\/wp-content\/uploads\/sites\/18\/2024\/11\/nopo-1024x768.jpg\"},{\"@type\":\"BreadcrumbList\",\"@id\":\"https:\/\/sey.fi\/kaakkois-suomi\/kaakkois-suomen-elainsuojeluyhdistys\/kotia-etsivat\/elaimesta-luopuminen\/#breadcrumb\",\"itemListElement\":[{\"@type\":\"ListItem\",\"position\":1,\"name\":\"Home\",\"item\":\"https:\/\/sey.fi\/kaakkois-suomi\/\"},{\"@type\":\"ListItem\",\"position\":2,\"name\":\"Kaakkois-Suomen el\u00e4insuojeluyhdistys\",\"item\":\"https:\/\/sey.fi\/kaakkois-suomi\/\"},{\"@type\":\"ListItem\",\"position\":3,\"name\":\"Kotia etsiv\u00e4t\",\"item\":\"https:\/\/sey.fi\/kaakkois-suomi\/kaakkois-suomen-elainsuojeluyhdistys\/kotia-etsivat\/\"},{\"@type\":\"ListItem\",\"position\":4,\"name\":\"El\u00e4imest\u00e4 luopuminen\"}]},{\"@type\":\"WebSite\",\"@id\":\"https:\/\/sey.fi\/kaakkois-suomi\/#website\",\"url\":\"https:\/\/sey.fi\/kaakkois-suomi\/\",\"name\":\"Kaakkois-Suomen el\u00e4insuojeluyhdistys\",\"description\":\"Uusi SEY J\u00e4senyhdistykset -sivusto\",\"potentialAction\":[{\"@type\":\"SearchAction\",\"target\":{\"@type\":\"EntryPoint\",\"urlTemplate\":\"https:\/\/sey.fi\/kaakkois-suomi\/?s={search_term_string}\"},\"query-input\":{\"@type\":\"PropertyValueSpecification\",\"valueRequired\":true,\"valueName\":\"search_term_string\"}}],\"inLanguage\":\"fi\"}]}<\/script>\n<!-- \/ Yoast SEO plugin. -->","yoast_head_json":{"title":"El\u00e4imest\u00e4 luopuminen - Kaakkois-Suomen el\u00e4insuojeluyhdistys","robots":{"index":"index","follow":"follow","max-snippet":"max-snippet:-1","max-image-preview":"max-image-preview:large","max-video-preview":"max-video-preview:-1"},"canonical":"https:\/\/sey.fi\/kaakkois-suomi\/kaakkois-suomen-elainsuojeluyhdistys\/kotia-etsivat\/elaimesta-luopuminen\/","og_locale":"fi_FI","og_type":"article","og_title":"El\u00e4imest\u00e4 luopuminen - Kaakkois-Suomen el\u00e4insuojeluyhdistys","og_description":"Otamme mahdollisuuksiemme mukaan kodeista lemmikkej\u00e4 uusia koteja etsim\u00e4\u00e4n. Luopumissyyn\u00e4 voi olla esim. allergiat, pitovaikeudet, suuri el\u00e4inm\u00e4\u00e4r\u00e4, omistajan el\u00e4m\u00e4ntilanteen muutos, omistajan kuolema, k\u00e4yt\u00f6songelmat, ym. Uutta kotia tarvitsevan lemmikin omistaja maksaa yhdistykselle luovutusmaksun, jonka j\u00e4lkeen yhdistys etsii lemmikille kodin. Kotia etsiv\u00e4 lemmikki voi muuttaa el\u00e4insuojelukeskukselle tai sijaiskotiin kodinetsinn\u00e4n ajaksi. Jos olet luopumassa lemmikist\u00e4si, otathan yhteytt\u00e4 kaakkoissuomensey(at)gmail.com tai [&hellip;]","og_url":"https:\/\/sey.fi\/kaakkois-suomi\/kaakkois-suomen-elainsuojeluyhdistys\/kotia-etsivat\/elaimesta-luopuminen\/","og_site_name":"Kaakkois-Suomen el\u00e4insuojeluyhdistys","article_modified_time":"2024-11-10T21:56:02+00:00","og_image":[{"width":2560,"height":1920,"url":"https:\/\/sey.fi\/wp-content\/uploads\/sites\/18\/2024\/11\/nopo-scaled.jpg","type":"image\/jpeg"}],"twitter_card":"summary_large_image","twitter_misc":{"Arvioitu lukuaika":"1 minuutti"},"schema":{"@context":"https:\/\/schema.org","@graph":[{"@type":"WebPage","@id":"https:\/\/sey.fi\/kaakkois-suomi\/kaakkois-suomen-elainsuojeluyhdistys\/kotia-etsivat\/elaimesta-luopuminen\/","url":"https:\/\/sey.fi\/kaakkois-suomi\/kaakkois-suomen-elainsuojeluyhdistys\/kotia-etsivat\/elaimesta-luopuminen\/","name":"El\u00e4imest\u00e4 luopuminen - Kaakkois-Suomen el\u00e4insuojeluyhdistys","isPartOf":{"@id":"https:\/\/sey.fi\/kaakkois-suomi\/#website"},"primaryImageOfPage":{"@id":"https:\/\/sey.fi\/kaakkois-suomi\/kaakkois-suomen-elainsuojeluyhdistys\/kotia-etsivat\/elaimesta-luopuminen\/#primaryimage"},"image":{"@id":"https:\/\/sey.fi\/kaakkois-suomi\/kaakkois-suomen-elainsuojeluyhdistys\/kotia-etsivat\/elaimesta-luopuminen\/#primaryimage"},"thumbnailUrl":"https:\/\/sey.fi\/wp-content\/uploads\/sites\/18\/2024\/11\/nopo-1024x768.jpg","datePublished":"2019-11-01T12:12:17+00:00","dateModified":"2024-11-10T21:56:02+00:00","breadcrumb":{"@id":"https:\/\/sey.fi\/kaakkois-suomi\/kaakkois-suomen-elainsuojeluyhdistys\/kotia-etsivat\/elaimesta-luopuminen\/#breadcrumb"},"inLanguage":"fi","potentialAction":[{"@type":"ReadAction","target":["https:\/\/sey.fi\/kaakkois-suomi\/kaakkois-suomen-elainsuojeluyhdistys\/kotia-etsivat\/elaimesta-luopuminen\/"]}]},{"@type":"ImageObject","inLanguage":"fi","@id":"https:\/\/sey.fi\/kaakkois-suomi\/kaakkois-suomen-elainsuojeluyhdistys\/kotia-etsivat\/elaimesta-luopuminen\/#primaryimage","url":"https:\/\/sey.fi\/wp-content\/uploads\/sites\/18\/2024\/11\/nopo-1024x768.jpg","contentUrl":"https:\/\/sey.fi\/wp-content\/uploads\/sites\/18\/2024\/11\/nopo-1024x768.jpg"},{"@type":"BreadcrumbList","@id":"https:\/\/sey.fi\/kaakkois-suomi\/kaakkois-suomen-elainsuojeluyhdistys\/kotia-etsivat\/elaimesta-luopuminen\/#breadcrumb","itemListElement":[{"@type":"ListItem","position":1,"name":"Home","item":"https:\/\/sey.fi\/kaakkois-suomi\/"},{"@type":"ListItem","position":2,"name":"Kaakkois-Suomen el\u00e4insuojeluyhdistys","item":"https:\/\/sey.fi\/kaakkois-suomi\/"},{"@type":"ListItem","position":3,"name":"Kotia etsiv\u00e4t","item":"https:\/\/sey.fi\/kaakkois-suomi\/kaakkois-suomen-elainsuojeluyhdistys\/kotia-etsivat\/"},{"@type":"ListItem","position":4,"name":"El\u00e4imest\u00e4 luopuminen"}]},{"@type":"WebSite","@id":"https:\/\/sey.fi\/kaakkois-suomi\/#website","url":"https:\/\/sey.fi\/kaakkois-suomi\/","name":"Kaakkois-Suomen el\u00e4insuojeluyhdistys","description":"Uusi SEY J\u00e4senyhdistykset -sivusto","potentialAction":[{"@type":"SearchAction","target":{"@type":"EntryPoint","urlTemplate":"https:\/\/sey.fi\/kaakkois-suomi\/?s={search_term_string}"},"query-input":{"@type":"PropertyValueSpecification","valueRequired":true,"valueName":"search_term_string"}}],"inLanguage":"fi"}]}},"_links":{"self":[{"href":"https:\/\/sey.fi\/kaakkois-suomi\/wp-json\/wp\/v2\/pages\/154","targetHints":{"allow":["GET"]}}],"collection":[{"href":"https:\/\/sey.fi\/kaakkois-suomi\/wp-json\/wp\/v2\/pages"}],"about":[{"href":"https:\/\/sey.fi\/kaakkois-suomi\/wp-json\/wp\/v2\/types\/page"}],"author":[{"embeddable":true,"href":"https:\/\/sey.fi\/kaakkois-suomi\/wp-json\/wp\/v2\/users\/8"}],"replies":[{"embeddable":true,"href":"https:\/\/sey.fi\/kaakkois-suomi\/wp-json\/wp\/v2\/comments?post=154"}],"version-history":[{"count":5,"href":"https:\/\/sey.fi\/kaakkois-suomi\/wp-json\/wp\/v2\/pages\/154\/revisions"}],"predecessor-version":[{"id":4742,"href":"https:\/\/sey.fi\/kaakkois-suomi\/wp-json\/wp\/v2\/pages\/154\/revisions\/4742"}],"up":[{"embeddable":true,"href":"https:\/\/sey.fi\/kaakkois-suomi\/wp-json\/wp\/v2\/pages\/137"}],"wp:attachment":[{"href":"https:\/\/sey.fi\/kaakkois-suomi\/wp-json\/wp\/v2\/media?parent=154"}],"curies":[{"name":"wp","href":"https:\/\/api.w.org\/{rel}","templated":true}]}}