{"id":157,"date":"2019-11-01T14:13:54","date_gmt":"2019-11-01T12:13:54","guid":{"rendered":"http:\/\/srvr10.xetpoint.com\/~seyfi\/kaakkois-suomi\/?page_id=157"},"modified":"2025-06-24T17:06:11","modified_gmt":"2025-06-24T14:06:11","slug":"elainsuojelu","status":"publish","type":"page","link":"https:\/\/sey.fi\/kaakkois-suomi\/kaakkois-suomen-elainsuojeluyhdistys\/elainsuojelu\/","title":{"rendered":"El\u00e4insuojelu"},"content":{"rendered":"\n<p><strong>El\u00e4insuojeluvalvonta Suomessa ja&nbsp;Kaakkois-Suomen alueella<br><br><\/strong>Mik\u00e4li ep\u00e4ilet, ett\u00e4 el\u00e4int\u00e4 kohdellaan huonosti tai sit\u00e4 ei hoideta asianmukaisesti,<strong>&nbsp;ilmoita siit\u00e4 heti el\u00e4insuojeluviranomaisille.<\/strong>&nbsp;Vasta ilmoituksen perusteella viranomaiset voivat puuttua el\u00e4imen huonoon kohteluun. Viranomainen ei kerro muille, kuka ilmoituksen on tehnyt. Voit tehd\u00e4 ilmoituksen my\u00f6s nimett\u00f6m\u00e4n\u00e4.<br>Etel\u00e4-Karjalassa el\u00e4insuojeluviranomaisia ovat valvontael\u00e4inl\u00e4\u00e4k\u00e4rit, yhteystiedot alla.<\/p>\n\n\n\n<h4 class=\"wp-block-heading\">Mik\u00e4li asia on akuutti, esim. el\u00e4int\u00e4 pahoinpidell\u00e4\u00e4n tai se on vaarassa kuolla (esim. l\u00e4k\u00e4htyminen kuumaan autoon), ota yhteys poliisiin numeroon 112.&nbsp;<\/h4>\n\n\n\n<p>Mik\u00e4li h\u00e4d\u00e4ss\u00e4 on luonnonvarainen el\u00e4in, lue toimintaohjeet t\u00e4\u00e4lt\u00e4:&nbsp;<a href=\"https:\/\/sey.fi\/kaakkois-suomi\/kaakkois-suomen-elainsuojeluyhdistys\/toiminta\/luonnonvaraiset-elaimet\/\"><strong>Toiminta&nbsp;\/<\/strong><\/a><strong><a href=\"https:\/\/sey.fi\/kaakkois-suomi\/kaakkois-suomen-elainsuojeluyhdistys\/toiminta\/luonnonvaraiset-elaimet\/\"> Luonnonvaraiset el\u00e4imet<\/a><\/strong>.Mik\u00e4li olet l\u00f6yt\u00e4nyt tai kadottanut lemmikin, lue toimintaohjeet t\u00e4\u00e4lt\u00e4:&nbsp;<strong><a href=\"https:\/\/sey.fi\/kaakkois-suomi\/kaakkois-suomen-elainsuojeluyhdistys\/ohjeet-ja-linkit\/loytoelaimet\/\">Ohjeet ja linkit \/&nbsp;L\u00f6yt\u00f6el\u00e4imet.<\/a><\/strong><\/p>\n\n\n\n<p>El\u00e4imet eiv\u00e4t itse pysty pyyt\u00e4m\u00e4\u00e4n apua &#8211; sin\u00e4 voit toimia niiden puolesta! Teeth\u00e4n ilmoituksen, vaikka huoli el\u00e4imen hyvinvoinnista olisi pieni.<\/p>\n\n\n\n<p><strong>Lappeenranta, Taipalsaari, Lemi, Savitaipale, Luum\u00e4ki:<\/strong><\/p>\n\n\n\n<p>Lappeenrannan el\u00e4insuojeluviranomaisina toimivat&nbsp;<strong>Lappeenrannan seudun ymp\u00e4rist\u00f6toimen valvontael\u00e4inl\u00e4\u00e4k\u00e4rit<\/strong>, puh: 040&nbsp;592 9637 ja 040&nbsp;194 6654 (tavoitettavissa virka-aikana).<\/p>\n\n\n\n<p>Virka-ajan ulkopuolella seudun alueella p\u00e4ivyst\u00e4v\u00e4 el\u00e4inl\u00e4\u00e4k\u00e4ri on tavoitettavissa numerosta 0600 17070 arki-iltaisin klo 16-08 ja viikonloppuisin\/pyh\u00e4isin. Lis\u00e4tietoja el\u00e4insuojelusta Lappeenrannassa l\u00f6yd\u00e4t&nbsp;<strong><a rel=\"noreferrer noopener\" href=\"http:\/\/www.lappeenranta.fi\/fi\/Palvelut\/Ymparisto\/Elaimet-ja-elainlaakintahuolto\/Elainsuojelu-ja-elainten-hyvinvointi\" target=\"_blank\">kaupungin sivuilta<\/a><\/strong>. N\u00e4iden kuntien alueella l\u00f6yt\u00f6el\u00e4imist\u00e4 vastaa&nbsp;<strong><a rel=\"noreferrer noopener\" href=\"http:\/\/tassutarha.net\/sivu\/\" target=\"_blank\">l\u00f6yt\u00f6el\u00e4inkoti Tassutarha<\/a><\/strong>.<\/p>\n\n\n\n<p><strong>Imatra, Ruokolahti, Rautj\u00e4rvi, Parikkala:<\/strong><\/p>\n\n\n\n<p>Imatran valvontael\u00e4inl\u00e4\u00e4k\u00e4ri\u00a0puh. 020 617 1180<\/p>\n\n\n\n<p>Imatran seudun kunnallisen el\u00e4inl\u00e4\u00e4k\u00e4rip\u00e4ivyst\u00e4j\u00e4n tavoittaa virka-ajan ulkopuolella suoraan numerosta 0600-16090. P\u00e4ivystysalue k\u00e4sitt\u00e4\u00e4 Imatran, Ruokolahden, Rautj\u00e4rven ja Parikkalan kuntien alueet sek\u00e4 Kyl\u00e4niemen. Koko seudun alueella p\u00e4ivyst\u00e4\u00e4 yksi el\u00e4inl\u00e4\u00e4k\u00e4ri vuorollaan. P\u00e4ivystysaikana on korotettu taksa.&nbsp;Lis\u00e4tietoja el\u00e4insuojelusta Imatralla l\u00f6yd\u00e4t&nbsp;<strong><a rel=\"noreferrer noopener\" href=\"http:\/\/www.imatranseudunymparistotoimi.fi\/palvelut\/elaimet\/elainsuojelu\" target=\"_blank\">Imatran seudun ymp\u00e4rist\u00f6toimen sivuilta<\/a><\/strong>. Imatran, Parikkalan, Ruokolahden ja Rautj\u00e4rven alueella l\u00f6yt\u00f6el\u00e4imist\u00e4 vastaa&nbsp;<strong><a rel=\"noreferrer noopener\" href=\"http:\/\/www.kaskivaara.fi\/\" target=\"_blank\">l\u00f6yt\u00f6el\u00e4inkoti Kaskivaara<\/a><\/strong>.<\/p>\n\n\n\n<p><strong>Kouvola:&nbsp;<\/strong><\/p>\n\n\n\n<p>Kouvolassa valvontael\u00e4inl\u00e4\u00e4k\u00e4rein\u00e4 toimivat&nbsp;<strong>Essi Pietil\u00e4<\/strong> p. 020 615 7310, s\u00e4hk\u00f6posti essi.pietila(at)kouvola.fi ja <strong>Heidi Vainio<\/strong> p. 020 615 1360, s\u00e4hk\u00f6posti heidi.vainio(at)kouvola.fi. El\u00e4insuojeluilmoitukset tehd\u00e4\u00e4n toistaiseksi kunnanel\u00e4inl\u00e4\u00e4k\u00e4rille tai p\u00e4ivyst\u00e4v\u00e4lle el\u00e4inl\u00e4\u00e4k\u00e4rille. Kouvolan alueella voi tehd\u00e4 my\u00f6s s\u00e4hk\u00f6isen el\u00e4insuojeluilmoituksen <a href=\"https:\/\/forms.office.com\/Pages\/ResponsePage.aspx?id=ExOyCIOAqkKvHS9MnyytXQXMUR255-dEmgjD7l0Loa1UNkpFMElURExZSVVMRlFLS1MzWjIwSlY2MCQlQCN0PWcu\" target=\"_blank\" rel=\"noreferrer noopener\"><strong>t\u00e4\u00e4ll\u00e4<\/strong><\/a>. Kiiretapaukset on t\u00e4rke\u00e4\u00e4 soittaa puhelimitse!<\/p>\n\n\n\n<p>Kouvolan ja Iitin alueen el\u00e4inl\u00e4\u00e4k\u00e4rip\u00e4ivystys, puh. 0600 15333. P\u00e4ivystysnumero on k\u00e4yt\u00f6ss\u00e4 arkena klo 16 alkaen seuraavaan aamuun klo 8 asti, viikonloppuisin perjantai-illasta klo 16 maanantaiaamuun klo 8 sek\u00e4 arkipyhin\u00e4. Koko p\u00e4ivystysalueella on valmiudessa yksi el\u00e4inl\u00e4\u00e4k\u00e4ri. L\u00f6yt\u00f6el\u00e4inten talteenottopaikkana Kouvolan ja Iitin alueella toimii Kouvolan seudun El\u00e4insuojeluyhdistys ry. Lis\u00e4tietoja el\u00e4insuojelusta Kouvolasta l\u00f6yd\u00e4t&nbsp;<strong><a href=\"https:\/\/ksey.net\/\">Kouvolan Seudun El\u00e4insuojeluyhdistys ry<\/a><\/strong>n sivuilta.&nbsp;<\/p>\n\n\n\n<p><strong>Kotka, Hamina, Pyht\u00e4\u00e4, Virolahti, Miehikk\u00e4l\u00e4:<\/strong><\/p>\n\n\n\n<p>Kotka-Hamina -alueen valvontael\u00e4inl\u00e4\u00e4k\u00e4rin tavoitat puh: 040 199 1538 tai elainsuojelu(at)hamina.fi.<\/p>\n\n\n\n<p>P\u00e4ivyst\u00e4v\u00e4n el\u00e4inl\u00e4\u00e4k\u00e4rin tavoittaa yhteisest\u00e4 p\u00e4ivystysnumerosta puh. 0600 14499. Virka-ajan ulkopuolella, el\u00e4insuojelullisissa h\u00e4t\u00e4tapauksissa, yhteydenotto poliisiin tai toissijaisesti p\u00e4ivyst\u00e4v\u00e4\u00e4n kunnanel\u00e4inl\u00e4\u00e4k\u00e4riin.&nbsp;Kotkan, Haminan, Pyht\u00e4\u00e4n, Virolahden ja Miehikk\u00e4l\u00e4n&nbsp;alueen l\u00f6yt\u00f6el\u00e4imist\u00e4 vastaa<strong>&nbsp;<\/strong><a href=\"https:\/\/www.ekeyry.fi\/loydetyt-elaimet\/?fbclid=IwAR1A6AqPZ4FgIkBp09HEveBgHU3ea2becSSg18U04_DSvQbcOP1xO8P60JE\"><strong>Ekey ry<\/strong><\/a>.&nbsp;<\/p>\n\n\n\n<p><strong>SEYn vapaaehtoiset el\u00e4insuojeluneuvojat<\/strong>:<\/p>\n\n\n\n<p>Alueen SEY:n vapaaehtoisten el\u00e4insuojeluneuvojien yhteystiedot l\u00f6yd\u00e4t&nbsp;<a href=\"https:\/\/www.sey.fi\/yhteystiedot\/neuvojahaku\">SEYn neuvojahausta<\/a><\/p>\n\n\n\n<p><strong>El\u00e4insuojelu Suomessa<\/strong><br>Paikallistason el\u00e4insuojeluvalvonta kuuluu kunnan- tai kaupunginel\u00e4inl\u00e4\u00e4k\u00e4rille. He voivat puuttua el\u00e4imen huonoon kohteluun el\u00e4insuojelulain ja -asetuksen suomin keinoin. Kiireellisiss\u00e4 tapauksissa my\u00f6s poliisilla on oikeus toimia el\u00e4insuojelulain valvojana. Monissa kunnissa my\u00f6s terveystarkastajat hoitavat el\u00e4insuojeluvalvontaa. Paikallistason yl\u00e4puolella ovat l\u00e4\u00e4ninel\u00e4inl\u00e4\u00e4k\u00e4rit. Korkein el\u00e4insuojeluviranomainen Suomessa on maa- ja mets\u00e4talousministeri\u00f6.<\/p>\n\n\n\n<p>El\u00e4insuojeluviranomaisten apuna el\u00e4insuojeluvalvontaa tekev\u00e4t&nbsp;<strong><a href=\"http:\/\/www.sey.fi\/seytoimii\/elainsuojeluneuvonta\" target=\"_blank\" rel=\"noreferrer noopener\">SEYn&nbsp;vapaaehtoiset el\u00e4insuojeluneuvojat<\/a><\/strong>. Heill\u00e4 ei ole lain suomia valtuuksia k\u00e4yt\u00f6ss\u00e4\u00e4n, mutta he voivat keskustelemalla ohjata el\u00e4inten omistajia parempaan el\u00e4inten kohteluun. Joissakin tapauksissa vapaaehtoiset el\u00e4insuojeluvalvojat voivat saada l\u00e4\u00e4ninhallitukselta laajemmat toimivaltuudet. Vapaaehtoisia el\u00e4insuojeluneuvojia koulutetaan&nbsp;<strong><a href=\"http:\/\/www.sey.fi\/\" target=\"_blank\" rel=\"noreferrer noopener\">Suomen el\u00e4insuojeluyhdistysten liiton<\/a><\/strong>&nbsp;j\u00e4rjest\u00e4mill\u00e4 kursseilla.<\/p>\n\n\n\n<p>&#8211; &#8211; &#8211; &#8211; &#8211; &#8211; &#8211; &#8211; &#8211; &#8211; &#8211; &#8211; &#8211; &#8211; &#8211; &#8211; &#8211; &#8211; &#8211; &#8211; &#8211; &#8211;<\/p>\n\n\n\n<p>&#8221;<strong>El\u00e4imiin liittyviss\u00e4 teht\u00e4viss\u00e4 ei aina soiteta 112<\/strong><\/p>\n\n\n\n<p>Suomessa pelastuslain mukaan pelastustoiminnalla tarkoitetaan kiireellisesti suoritettavia toimenpiteit\u00e4 seuraavissa tilanteissa:<br>\u2022 ihmisten, omaisuuden sek\u00e4 ymp\u00e4rist\u00f6n suojaamiseksi ja pelastamiseksi<br>\u2022 vahinkojen rajoittamiseksi ja seurausten lievent\u00e4miseksi<br>\u2022 onnettomuuksien sattuessa tai uhatessa<\/p>\n\n\n\n<p>Milloin h\u00e4t\u00e4numeroon 112 soitetaan, kun kyse on el\u00e4imen aiheuttamasta asiasta? Esimerkiksi, kun<br>\u2022 lehm\u00e4 on juuttunut lietekaivoon.<br>\u2022 peura on pudonnut j\u00e4ihin.<br>\u2022 kyyk\u00e4\u00e4rme on purrut lasta.<br>\u2022 hirvi juoksee moottoritiell\u00e4.<\/p>\n\n\n\n<p>Milloin h\u00e4t\u00e4numeroon 112 EI soiteta. Esimerkiksi, kun<br>\u2022 on tavattu rauhoitettu el\u00e4in kuolleena.<br>\u2022 kauppatorilla on yksijalkainen lokki.<br>\u2022 kissa ei tule alas puusta.<br>\u2022 maassa on orvon n\u00e4k\u00f6isi\u00e4 linnunpoikasia.&#8221;<\/p>\n\n\n\n<p>Lue koko H\u00e4t\u00e4keskuslaitoksen julkaisema artikkeli:<br><a href=\"http:\/\/www.112.fi\/medialle\/mediatiedotteet\/2\/0\/elaimiin_liittyvissa_tehtavissa_ei_aina_soiteta_112\">http:\/\/www.112.fi\/medialle\/mediatiedotteet\/2\/0\/elaimiin_liittyvissa_tehtavissa_ei_aina_soiteta_112<\/a><\/p>\n","protected":false},"excerpt":{"rendered":"<p>El\u00e4insuojeluvalvonta Suomessa ja&nbsp;Kaakkois-Suomen alueella Mik\u00e4li ep\u00e4ilet, ett\u00e4 el\u00e4int\u00e4 kohdellaan huonosti tai sit\u00e4 ei hoideta asianmukaisesti,&nbsp;ilmoita siit\u00e4 heti el\u00e4insuojeluviranomaisille.&nbsp;Vasta ilmoituksen perusteella viranomaiset voivat puuttua el\u00e4imen huonoon kohteluun. Viranomainen ei kerro muille, kuka ilmoituksen on tehnyt. Voit tehd\u00e4 ilmoituksen my\u00f6s nimett\u00f6m\u00e4n\u00e4.Etel\u00e4-Karjalassa el\u00e4insuojeluviranomaisia ovat valvontael\u00e4inl\u00e4\u00e4k\u00e4rit, yhteystiedot alla. Mik\u00e4li asia on akuutti, esim. el\u00e4int\u00e4 pahoinpidell\u00e4\u00e4n tai se on vaarassa [&hellip;]<\/p>\n","protected":false},"author":8,"featured_media":0,"parent":2,"menu_order":0,"comment_status":"closed","ping_status":"closed","template":"","meta":{"_acf_changed":false,"footnotes":""},"class_list":["post-157","page","type-page","status-publish","hentry"],"acf":[],"yoast_head":"<!-- This site is optimized with the Yoast SEO plugin v27.1.1 - https:\/\/yoast.com\/product\/yoast-seo-wordpress\/ -->\n<title>El\u00e4insuojelu - Kaakkois-Suomen el\u00e4insuojeluyhdistys<\/title>\n<meta name=\"robots\" content=\"index, follow, max-snippet:-1, max-image-preview:large, max-video-preview:-1\" \/>\n<link rel=\"canonical\" href=\"https:\/\/sey.fi\/kaakkois-suomi\/kaakkois-suomen-elainsuojeluyhdistys\/elainsuojelu\/\" \/>\n<meta property=\"og:locale\" content=\"fi_FI\" \/>\n<meta property=\"og:type\" content=\"article\" \/>\n<meta property=\"og:title\" content=\"El\u00e4insuojelu - Kaakkois-Suomen el\u00e4insuojeluyhdistys\" \/>\n<meta property=\"og:description\" content=\"El\u00e4insuojeluvalvonta Suomessa ja&nbsp;Kaakkois-Suomen alueella Mik\u00e4li ep\u00e4ilet, ett\u00e4 el\u00e4int\u00e4 kohdellaan huonosti tai sit\u00e4 ei hoideta asianmukaisesti,&nbsp;ilmoita siit\u00e4 heti el\u00e4insuojeluviranomaisille.&nbsp;Vasta ilmoituksen perusteella viranomaiset voivat puuttua el\u00e4imen huonoon kohteluun. Viranomainen ei kerro muille, kuka ilmoituksen on tehnyt. Voit tehd\u00e4 ilmoituksen my\u00f6s nimett\u00f6m\u00e4n\u00e4.Etel\u00e4-Karjalassa el\u00e4insuojeluviranomaisia ovat valvontael\u00e4inl\u00e4\u00e4k\u00e4rit, yhteystiedot alla. Mik\u00e4li asia on akuutti, esim. el\u00e4int\u00e4 pahoinpidell\u00e4\u00e4n tai se on vaarassa [&hellip;]\" \/>\n<meta property=\"og:url\" content=\"https:\/\/sey.fi\/kaakkois-suomi\/kaakkois-suomen-elainsuojeluyhdistys\/elainsuojelu\/\" \/>\n<meta property=\"og:site_name\" content=\"Kaakkois-Suomen el\u00e4insuojeluyhdistys\" \/>\n<meta property=\"article:modified_time\" content=\"2025-06-24T14:06:11+00:00\" \/>\n<meta name=\"twitter:card\" content=\"summary_large_image\" \/>\n<meta name=\"twitter:label1\" content=\"Arvioitu lukuaika\" \/>\n\t<meta name=\"twitter:data1\" content=\"4 minuuttia\" \/>\n<script type=\"application\/ld+json\" class=\"yoast-schema-graph\">{\"@context\":\"https:\/\/schema.org\",\"@graph\":[{\"@type\":\"WebPage\",\"@id\":\"https:\/\/sey.fi\/kaakkois-suomi\/kaakkois-suomen-elainsuojeluyhdistys\/elainsuojelu\/\",\"url\":\"https:\/\/sey.fi\/kaakkois-suomi\/kaakkois-suomen-elainsuojeluyhdistys\/elainsuojelu\/\",\"name\":\"El\u00e4insuojelu - Kaakkois-Suomen el\u00e4insuojeluyhdistys\",\"isPartOf\":{\"@id\":\"https:\/\/sey.fi\/kaakkois-suomi\/#website\"},\"datePublished\":\"2019-11-01T12:13:54+00:00\",\"dateModified\":\"2025-06-24T14:06:11+00:00\",\"breadcrumb\":{\"@id\":\"https:\/\/sey.fi\/kaakkois-suomi\/kaakkois-suomen-elainsuojeluyhdistys\/elainsuojelu\/#breadcrumb\"},\"inLanguage\":\"fi\",\"potentialAction\":[{\"@type\":\"ReadAction\",\"target\":[\"https:\/\/sey.fi\/kaakkois-suomi\/kaakkois-suomen-elainsuojeluyhdistys\/elainsuojelu\/\"]}]},{\"@type\":\"BreadcrumbList\",\"@id\":\"https:\/\/sey.fi\/kaakkois-suomi\/kaakkois-suomen-elainsuojeluyhdistys\/elainsuojelu\/#breadcrumb\",\"itemListElement\":[{\"@type\":\"ListItem\",\"position\":1,\"name\":\"Home\",\"item\":\"https:\/\/sey.fi\/kaakkois-suomi\/\"},{\"@type\":\"ListItem\",\"position\":2,\"name\":\"Kaakkois-Suomen el\u00e4insuojeluyhdistys\",\"item\":\"https:\/\/sey.fi\/kaakkois-suomi\/\"},{\"@type\":\"ListItem\",\"position\":3,\"name\":\"El\u00e4insuojelu\"}]},{\"@type\":\"WebSite\",\"@id\":\"https:\/\/sey.fi\/kaakkois-suomi\/#website\",\"url\":\"https:\/\/sey.fi\/kaakkois-suomi\/\",\"name\":\"Kaakkois-Suomen el\u00e4insuojeluyhdistys\",\"description\":\"Uusi SEY J\u00e4senyhdistykset -sivusto\",\"potentialAction\":[{\"@type\":\"SearchAction\",\"target\":{\"@type\":\"EntryPoint\",\"urlTemplate\":\"https:\/\/sey.fi\/kaakkois-suomi\/?s={search_term_string}\"},\"query-input\":{\"@type\":\"PropertyValueSpecification\",\"valueRequired\":true,\"valueName\":\"search_term_string\"}}],\"inLanguage\":\"fi\"}]}<\/script>\n<!-- \/ Yoast SEO plugin. -->","yoast_head_json":{"title":"El\u00e4insuojelu - Kaakkois-Suomen el\u00e4insuojeluyhdistys","robots":{"index":"index","follow":"follow","max-snippet":"max-snippet:-1","max-image-preview":"max-image-preview:large","max-video-preview":"max-video-preview:-1"},"canonical":"https:\/\/sey.fi\/kaakkois-suomi\/kaakkois-suomen-elainsuojeluyhdistys\/elainsuojelu\/","og_locale":"fi_FI","og_type":"article","og_title":"El\u00e4insuojelu - Kaakkois-Suomen el\u00e4insuojeluyhdistys","og_description":"El\u00e4insuojeluvalvonta Suomessa ja&nbsp;Kaakkois-Suomen alueella Mik\u00e4li ep\u00e4ilet, ett\u00e4 el\u00e4int\u00e4 kohdellaan huonosti tai sit\u00e4 ei hoideta asianmukaisesti,&nbsp;ilmoita siit\u00e4 heti el\u00e4insuojeluviranomaisille.&nbsp;Vasta ilmoituksen perusteella viranomaiset voivat puuttua el\u00e4imen huonoon kohteluun. Viranomainen ei kerro muille, kuka ilmoituksen on tehnyt. Voit tehd\u00e4 ilmoituksen my\u00f6s nimett\u00f6m\u00e4n\u00e4.Etel\u00e4-Karjalassa el\u00e4insuojeluviranomaisia ovat valvontael\u00e4inl\u00e4\u00e4k\u00e4rit, yhteystiedot alla. Mik\u00e4li asia on akuutti, esim. el\u00e4int\u00e4 pahoinpidell\u00e4\u00e4n tai se on vaarassa [&hellip;]","og_url":"https:\/\/sey.fi\/kaakkois-suomi\/kaakkois-suomen-elainsuojeluyhdistys\/elainsuojelu\/","og_site_name":"Kaakkois-Suomen el\u00e4insuojeluyhdistys","article_modified_time":"2025-06-24T14:06:11+00:00","twitter_card":"summary_large_image","twitter_misc":{"Arvioitu lukuaika":"4 minuuttia"},"schema":{"@context":"https:\/\/schema.org","@graph":[{"@type":"WebPage","@id":"https:\/\/sey.fi\/kaakkois-suomi\/kaakkois-suomen-elainsuojeluyhdistys\/elainsuojelu\/","url":"https:\/\/sey.fi\/kaakkois-suomi\/kaakkois-suomen-elainsuojeluyhdistys\/elainsuojelu\/","name":"El\u00e4insuojelu - Kaakkois-Suomen el\u00e4insuojeluyhdistys","isPartOf":{"@id":"https:\/\/sey.fi\/kaakkois-suomi\/#website"},"datePublished":"2019-11-01T12:13:54+00:00","dateModified":"2025-06-24T14:06:11+00:00","breadcrumb":{"@id":"https:\/\/sey.fi\/kaakkois-suomi\/kaakkois-suomen-elainsuojeluyhdistys\/elainsuojelu\/#breadcrumb"},"inLanguage":"fi","potentialAction":[{"@type":"ReadAction","target":["https:\/\/sey.fi\/kaakkois-suomi\/kaakkois-suomen-elainsuojeluyhdistys\/elainsuojelu\/"]}]},{"@type":"BreadcrumbList","@id":"https:\/\/sey.fi\/kaakkois-suomi\/kaakkois-suomen-elainsuojeluyhdistys\/elainsuojelu\/#breadcrumb","itemListElement":[{"@type":"ListItem","position":1,"name":"Home","item":"https:\/\/sey.fi\/kaakkois-suomi\/"},{"@type":"ListItem","position":2,"name":"Kaakkois-Suomen el\u00e4insuojeluyhdistys","item":"https:\/\/sey.fi\/kaakkois-suomi\/"},{"@type":"ListItem","position":3,"name":"El\u00e4insuojelu"}]},{"@type":"WebSite","@id":"https:\/\/sey.fi\/kaakkois-suomi\/#website","url":"https:\/\/sey.fi\/kaakkois-suomi\/","name":"Kaakkois-Suomen el\u00e4insuojeluyhdistys","description":"Uusi SEY J\u00e4senyhdistykset -sivusto","potentialAction":[{"@type":"SearchAction","target":{"@type":"EntryPoint","urlTemplate":"https:\/\/sey.fi\/kaakkois-suomi\/?s={search_term_string}"},"query-input":{"@type":"PropertyValueSpecification","valueRequired":true,"valueName":"search_term_string"}}],"inLanguage":"fi"}]}},"_links":{"self":[{"href":"https:\/\/sey.fi\/kaakkois-suomi\/wp-json\/wp\/v2\/pages\/157","targetHints":{"allow":["GET"]}}],"collection":[{"href":"https:\/\/sey.fi\/kaakkois-suomi\/wp-json\/wp\/v2\/pages"}],"about":[{"href":"https:\/\/sey.fi\/kaakkois-suomi\/wp-json\/wp\/v2\/types\/page"}],"author":[{"embeddable":true,"href":"https:\/\/sey.fi\/kaakkois-suomi\/wp-json\/wp\/v2\/users\/8"}],"replies":[{"embeddable":true,"href":"https:\/\/sey.fi\/kaakkois-suomi\/wp-json\/wp\/v2\/comments?post=157"}],"version-history":[{"count":28,"href":"https:\/\/sey.fi\/kaakkois-suomi\/wp-json\/wp\/v2\/pages\/157\/revisions"}],"predecessor-version":[{"id":5303,"href":"https:\/\/sey.fi\/kaakkois-suomi\/wp-json\/wp\/v2\/pages\/157\/revisions\/5303"}],"up":[{"embeddable":true,"href":"https:\/\/sey.fi\/kaakkois-suomi\/wp-json\/wp\/v2\/pages\/2"}],"wp:attachment":[{"href":"https:\/\/sey.fi\/kaakkois-suomi\/wp-json\/wp\/v2\/media?parent=157"}],"curies":[{"name":"wp","href":"https:\/\/api.w.org\/{rel}","templated":true}]}}