{"id":161,"date":"2019-11-01T14:17:45","date_gmt":"2019-11-01T12:17:45","guid":{"rendered":"http:\/\/srvr10.xetpoint.com\/~seyfi\/kaakkois-suomi\/?page_id=161"},"modified":"2024-11-05T16:12:55","modified_gmt":"2024-11-05T14:12:55","slug":"loytoelaimet","status":"publish","type":"page","link":"https:\/\/sey.fi\/kaakkois-suomi\/kaakkois-suomen-elainsuojeluyhdistys\/ohjeet-ja-linkit\/loytoelaimet\/","title":{"rendered":"L\u00f6yt\u00f6el\u00e4imet"},"content":{"rendered":"\n<p><strong>-.-.-.-.-.-.-.-.-.-.-.-.-.-.-.-.-.-.-.-.-.-.-.-.-.-.-.-.-.-.-.-.-.-.-.<\/strong><br><strong>Jos haluat tehd\u00e4 el\u00e4insuojeluilmoituksen<\/strong>, katso&nbsp;<strong><a href=\"https:\/\/sey.fi\/kaakkois-suomi\/kaakkois-suomen-elainsuojeluyhdistys\/elainsuojelu\/\">el\u00e4insuojelu<\/a><\/strong>-sivumme.&nbsp;<br><strong>Jos luonnonvarainen el\u00e4in kaipaa apua<\/strong>, katso ohjeita t\u00e4\u00e4lt\u00e4:&nbsp;<strong><a href=\"https:\/\/sey.fi\/kaakkois-suomi\/kaakkois-suomen-elainsuojeluyhdistys\/toiminta\/luonnonvaraiset-elaimet\/\">Luonnonvaraiset el\u00e4imet<br><\/a>-.-.-.-.-.-.-.-.-.-.-.-.-.-.-.-.-.-.-.-.-.-.-.-.-.-.-.-.-.-.-.-.-.-.-.<\/strong><\/p>\n\n\n\n<p>El\u00e4insuojelulaki velvoittaa kunnat j\u00e4rjest\u00e4m\u00e4\u00e4n l\u00f6yt\u00f6koirien ja \u2013kissojen sek\u00e4 muiden vastaavien pienikokoisten seurael\u00e4inten tilap\u00e4isen hoidon. Talteen otettua el\u00e4int\u00e4 s\u00e4ilytet\u00e4\u00e4n v\u00e4hint\u00e4\u00e4n 15 p\u00e4iv\u00e4n ajan. Mik\u00e4li koirasi tai kissasi on kadonnut, kysy l\u00f6yt\u00f6el\u00e4inhoitolasta ja ilmoita sinne kadonneen el\u00e4imen tiedot (ks. alla).<\/p>\n\n\n\n<p><strong>Kuntien alueelta tavattujen ja kiinniotettujen l\u00f6yt\u00f6el\u00e4inten hoidosta vastaa:<\/strong><br><\/p>\n\n\n\n<p><strong>Lappeenranta, Lemi, Luum\u00e4ki, Savitaipale ja Taipalsaari:<br>Tassutarha<br><\/strong>Salmentie 306<br>54820\u00a0Kotim\u00e4ki<br>puh. 050 320 3324<br>terhi(at)tassutarha.net<br><strong><a href=\"http:\/\/www.tassutarha.net\/\" target=\"_blank\" rel=\"noreferrer noopener\">www.tassutarha.net<\/a><\/strong> (klo 8-18)<\/p>\n\n\n\n<p><strong>Imatra, Parikkala, Ruokolahti ja Rautj\u00e4rvi:<br>L\u00f6yt\u00f6el\u00e4inkoti Kaskivaara\u00a0<br><\/strong>Lavantie 15<br>56640 Purnuj\u00e4rvi<br>puh. 040 151 7440<br>loytoelainkotikaskivaara(at)gmail.com<br><a href=\"http:\/\/www.kaskivaara.fi\/\" target=\"_blank\" rel=\"noreferrer noopener\"><strong>http:\/\/www.kaskivaara.fi<\/strong><\/a><br>Toiminnanharjoittaja ei hae el\u00e4imi\u00e4, l\u00f6ydetyt el\u00e4imet voi tuoda tarhalle klo 8 &#8211; 20 jokaisena p\u00e4iv\u00e4n\u00e4. El\u00e4inten tuomisesta ja noudosta pyydet\u00e4\u00e4n ilmoittamaan puh. 040 151 7440.\u00a0<\/p>\n\n\n\n<p><strong>Kotka, Hamina, Pyht\u00e4\u00e4, Virolahti, Miehikk\u00e4l\u00e4:<\/strong><br><strong>Etel\u00e4-Kymenlaakson el\u00e4insuojeluyhdistys ry (Ekey ry)<\/strong><br>puh. 041 310 7741<br>posti(at)ekeyry.fi<br><a href=\"https:\/\/www.ekeyry.fi\/etel\/\"><strong>www.ekeyry.fi<\/strong><\/a><br>P\u00e4ivisin klo 9 &#8211; 21 soita Etel\u00e4-Kymenlaakson l\u00f6yt\u00f6el\u00e4inp\u00e4ivystykseen 041 310 7741. Saat toimintaohjeet&nbsp;puhelimitse.&nbsp;Y\u00f6aikaan (klo 21 &#8211; 9) pid\u00e4 l\u00f6ydetty el\u00e4in mahdollisuuksien mukaan kotonasi tai etsi sille turvallinen paikka, kunnes p\u00e4ivystys aukeaa.&nbsp;Jos sinulla ei ole mahdollisuutta pit\u00e4\u00e4 el\u00e4int\u00e4 tarvittavaa aikaa, soita 112, ja pyyd\u00e4 apua. Jos omistaja ei 15 p\u00e4iv\u00e4n aikana lunasta lemmikki\u00e4\u00e4n, el\u00e4in siirtyy Ekey ry:n omistukseen, ja t\u00e4lle etsit\u00e4\u00e4n uusi koti.<\/p>\n","protected":false},"excerpt":{"rendered":"<p>-.-.-.-.-.-.-.-.-.-.-.-.-.-.-.-.-.-.-.-.-.-.-.-.-.-.-.-.-.-.-.-.-.-.-.Jos haluat tehd\u00e4 el\u00e4insuojeluilmoituksen, katso&nbsp;el\u00e4insuojelu-sivumme.&nbsp;Jos luonnonvarainen el\u00e4in kaipaa apua, katso ohjeita t\u00e4\u00e4lt\u00e4:&nbsp;Luonnonvaraiset el\u00e4imet-.-.-.-.-.-.-.-.-.-.-.-.-.-.-.-.-.-.-.-.-.-.-.-.-.-.-.-.-.-.-.-.-.-.-. El\u00e4insuojelulaki velvoittaa kunnat j\u00e4rjest\u00e4m\u00e4\u00e4n l\u00f6yt\u00f6koirien ja \u2013kissojen sek\u00e4 muiden vastaavien pienikokoisten seurael\u00e4inten tilap\u00e4isen hoidon. Talteen otettua el\u00e4int\u00e4 s\u00e4ilytet\u00e4\u00e4n v\u00e4hint\u00e4\u00e4n 15 p\u00e4iv\u00e4n ajan. Mik\u00e4li koirasi tai kissasi on kadonnut, kysy l\u00f6yt\u00f6el\u00e4inhoitolasta ja ilmoita sinne kadonneen el\u00e4imen tiedot (ks. alla). Kuntien alueelta tavattujen ja [&hellip;]<\/p>\n","protected":false},"author":8,"featured_media":0,"parent":159,"menu_order":0,"comment_status":"closed","ping_status":"closed","template":"","meta":{"_acf_changed":false,"footnotes":""},"class_list":["post-161","page","type-page","status-publish","hentry"],"acf":[],"yoast_head":"<!-- This site is optimized with the Yoast SEO plugin v27.1.1 - https:\/\/yoast.com\/product\/yoast-seo-wordpress\/ -->\n<title>L\u00f6yt\u00f6el\u00e4imet - Kaakkois-Suomen el\u00e4insuojeluyhdistys<\/title>\n<meta name=\"robots\" content=\"index, follow, max-snippet:-1, max-image-preview:large, max-video-preview:-1\" \/>\n<link rel=\"canonical\" href=\"https:\/\/sey.fi\/kaakkois-suomi\/kaakkois-suomen-elainsuojeluyhdistys\/ohjeet-ja-linkit\/loytoelaimet\/\" \/>\n<meta property=\"og:locale\" content=\"fi_FI\" \/>\n<meta property=\"og:type\" content=\"article\" \/>\n<meta property=\"og:title\" content=\"L\u00f6yt\u00f6el\u00e4imet - Kaakkois-Suomen el\u00e4insuojeluyhdistys\" \/>\n<meta property=\"og:description\" content=\"-.-.-.-.-.-.-.-.-.-.-.-.-.-.-.-.-.-.-.-.-.-.-.-.-.-.-.-.-.-.-.-.-.-.-.Jos haluat tehd\u00e4 el\u00e4insuojeluilmoituksen, katso&nbsp;el\u00e4insuojelu-sivumme.&nbsp;Jos luonnonvarainen el\u00e4in kaipaa apua, katso ohjeita t\u00e4\u00e4lt\u00e4:&nbsp;Luonnonvaraiset el\u00e4imet-.-.-.-.-.-.-.-.-.-.-.-.-.-.-.-.-.-.-.-.-.-.-.-.-.-.-.-.-.-.-.-.-.-.-. El\u00e4insuojelulaki velvoittaa kunnat j\u00e4rjest\u00e4m\u00e4\u00e4n l\u00f6yt\u00f6koirien ja \u2013kissojen sek\u00e4 muiden vastaavien pienikokoisten seurael\u00e4inten tilap\u00e4isen hoidon. Talteen otettua el\u00e4int\u00e4 s\u00e4ilytet\u00e4\u00e4n v\u00e4hint\u00e4\u00e4n 15 p\u00e4iv\u00e4n ajan. Mik\u00e4li koirasi tai kissasi on kadonnut, kysy l\u00f6yt\u00f6el\u00e4inhoitolasta ja ilmoita sinne kadonneen el\u00e4imen tiedot (ks. alla). Kuntien alueelta tavattujen ja [&hellip;]\" \/>\n<meta property=\"og:url\" content=\"https:\/\/sey.fi\/kaakkois-suomi\/kaakkois-suomen-elainsuojeluyhdistys\/ohjeet-ja-linkit\/loytoelaimet\/\" \/>\n<meta property=\"og:site_name\" content=\"Kaakkois-Suomen el\u00e4insuojeluyhdistys\" \/>\n<meta property=\"article:modified_time\" content=\"2024-11-05T14:12:55+00:00\" \/>\n<meta name=\"twitter:card\" content=\"summary_large_image\" \/>\n<meta name=\"twitter:label1\" content=\"Arvioitu lukuaika\" \/>\n\t<meta name=\"twitter:data1\" content=\"2 minuuttia\" \/>\n<script type=\"application\/ld+json\" class=\"yoast-schema-graph\">{\"@context\":\"https:\/\/schema.org\",\"@graph\":[{\"@type\":\"WebPage\",\"@id\":\"https:\/\/sey.fi\/kaakkois-suomi\/kaakkois-suomen-elainsuojeluyhdistys\/ohjeet-ja-linkit\/loytoelaimet\/\",\"url\":\"https:\/\/sey.fi\/kaakkois-suomi\/kaakkois-suomen-elainsuojeluyhdistys\/ohjeet-ja-linkit\/loytoelaimet\/\",\"name\":\"L\u00f6yt\u00f6el\u00e4imet - Kaakkois-Suomen el\u00e4insuojeluyhdistys\",\"isPartOf\":{\"@id\":\"https:\/\/sey.fi\/kaakkois-suomi\/#website\"},\"datePublished\":\"2019-11-01T12:17:45+00:00\",\"dateModified\":\"2024-11-05T14:12:55+00:00\",\"breadcrumb\":{\"@id\":\"https:\/\/sey.fi\/kaakkois-suomi\/kaakkois-suomen-elainsuojeluyhdistys\/ohjeet-ja-linkit\/loytoelaimet\/#breadcrumb\"},\"inLanguage\":\"fi\",\"potentialAction\":[{\"@type\":\"ReadAction\",\"target\":[\"https:\/\/sey.fi\/kaakkois-suomi\/kaakkois-suomen-elainsuojeluyhdistys\/ohjeet-ja-linkit\/loytoelaimet\/\"]}]},{\"@type\":\"BreadcrumbList\",\"@id\":\"https:\/\/sey.fi\/kaakkois-suomi\/kaakkois-suomen-elainsuojeluyhdistys\/ohjeet-ja-linkit\/loytoelaimet\/#breadcrumb\",\"itemListElement\":[{\"@type\":\"ListItem\",\"position\":1,\"name\":\"Home\",\"item\":\"https:\/\/sey.fi\/kaakkois-suomi\/\"},{\"@type\":\"ListItem\",\"position\":2,\"name\":\"Kaakkois-Suomen el\u00e4insuojeluyhdistys\",\"item\":\"https:\/\/sey.fi\/kaakkois-suomi\/\"},{\"@type\":\"ListItem\",\"position\":3,\"name\":\"Ohjeet ja linkit\",\"item\":\"https:\/\/sey.fi\/kaakkois-suomi\/kaakkois-suomen-elainsuojeluyhdistys\/ohjeet-ja-linkit\/\"},{\"@type\":\"ListItem\",\"position\":4,\"name\":\"L\u00f6yt\u00f6el\u00e4imet\"}]},{\"@type\":\"WebSite\",\"@id\":\"https:\/\/sey.fi\/kaakkois-suomi\/#website\",\"url\":\"https:\/\/sey.fi\/kaakkois-suomi\/\",\"name\":\"Kaakkois-Suomen el\u00e4insuojeluyhdistys\",\"description\":\"Uusi SEY J\u00e4senyhdistykset -sivusto\",\"potentialAction\":[{\"@type\":\"SearchAction\",\"target\":{\"@type\":\"EntryPoint\",\"urlTemplate\":\"https:\/\/sey.fi\/kaakkois-suomi\/?s={search_term_string}\"},\"query-input\":{\"@type\":\"PropertyValueSpecification\",\"valueRequired\":true,\"valueName\":\"search_term_string\"}}],\"inLanguage\":\"fi\"}]}<\/script>\n<!-- \/ Yoast SEO plugin. -->","yoast_head_json":{"title":"L\u00f6yt\u00f6el\u00e4imet - Kaakkois-Suomen el\u00e4insuojeluyhdistys","robots":{"index":"index","follow":"follow","max-snippet":"max-snippet:-1","max-image-preview":"max-image-preview:large","max-video-preview":"max-video-preview:-1"},"canonical":"https:\/\/sey.fi\/kaakkois-suomi\/kaakkois-suomen-elainsuojeluyhdistys\/ohjeet-ja-linkit\/loytoelaimet\/","og_locale":"fi_FI","og_type":"article","og_title":"L\u00f6yt\u00f6el\u00e4imet - Kaakkois-Suomen el\u00e4insuojeluyhdistys","og_description":"-.-.-.-.-.-.-.-.-.-.-.-.-.-.-.-.-.-.-.-.-.-.-.-.-.-.-.-.-.-.-.-.-.-.-.Jos haluat tehd\u00e4 el\u00e4insuojeluilmoituksen, katso&nbsp;el\u00e4insuojelu-sivumme.&nbsp;Jos luonnonvarainen el\u00e4in kaipaa apua, katso ohjeita t\u00e4\u00e4lt\u00e4:&nbsp;Luonnonvaraiset el\u00e4imet-.-.-.-.-.-.-.-.-.-.-.-.-.-.-.-.-.-.-.-.-.-.-.-.-.-.-.-.-.-.-.-.-.-.-. El\u00e4insuojelulaki velvoittaa kunnat j\u00e4rjest\u00e4m\u00e4\u00e4n l\u00f6yt\u00f6koirien ja \u2013kissojen sek\u00e4 muiden vastaavien pienikokoisten seurael\u00e4inten tilap\u00e4isen hoidon. Talteen otettua el\u00e4int\u00e4 s\u00e4ilytet\u00e4\u00e4n v\u00e4hint\u00e4\u00e4n 15 p\u00e4iv\u00e4n ajan. Mik\u00e4li koirasi tai kissasi on kadonnut, kysy l\u00f6yt\u00f6el\u00e4inhoitolasta ja ilmoita sinne kadonneen el\u00e4imen tiedot (ks. alla). Kuntien alueelta tavattujen ja [&hellip;]","og_url":"https:\/\/sey.fi\/kaakkois-suomi\/kaakkois-suomen-elainsuojeluyhdistys\/ohjeet-ja-linkit\/loytoelaimet\/","og_site_name":"Kaakkois-Suomen el\u00e4insuojeluyhdistys","article_modified_time":"2024-11-05T14:12:55+00:00","twitter_card":"summary_large_image","twitter_misc":{"Arvioitu lukuaika":"2 minuuttia"},"schema":{"@context":"https:\/\/schema.org","@graph":[{"@type":"WebPage","@id":"https:\/\/sey.fi\/kaakkois-suomi\/kaakkois-suomen-elainsuojeluyhdistys\/ohjeet-ja-linkit\/loytoelaimet\/","url":"https:\/\/sey.fi\/kaakkois-suomi\/kaakkois-suomen-elainsuojeluyhdistys\/ohjeet-ja-linkit\/loytoelaimet\/","name":"L\u00f6yt\u00f6el\u00e4imet - Kaakkois-Suomen el\u00e4insuojeluyhdistys","isPartOf":{"@id":"https:\/\/sey.fi\/kaakkois-suomi\/#website"},"datePublished":"2019-11-01T12:17:45+00:00","dateModified":"2024-11-05T14:12:55+00:00","breadcrumb":{"@id":"https:\/\/sey.fi\/kaakkois-suomi\/kaakkois-suomen-elainsuojeluyhdistys\/ohjeet-ja-linkit\/loytoelaimet\/#breadcrumb"},"inLanguage":"fi","potentialAction":[{"@type":"ReadAction","target":["https:\/\/sey.fi\/kaakkois-suomi\/kaakkois-suomen-elainsuojeluyhdistys\/ohjeet-ja-linkit\/loytoelaimet\/"]}]},{"@type":"BreadcrumbList","@id":"https:\/\/sey.fi\/kaakkois-suomi\/kaakkois-suomen-elainsuojeluyhdistys\/ohjeet-ja-linkit\/loytoelaimet\/#breadcrumb","itemListElement":[{"@type":"ListItem","position":1,"name":"Home","item":"https:\/\/sey.fi\/kaakkois-suomi\/"},{"@type":"ListItem","position":2,"name":"Kaakkois-Suomen el\u00e4insuojeluyhdistys","item":"https:\/\/sey.fi\/kaakkois-suomi\/"},{"@type":"ListItem","position":3,"name":"Ohjeet ja linkit","item":"https:\/\/sey.fi\/kaakkois-suomi\/kaakkois-suomen-elainsuojeluyhdistys\/ohjeet-ja-linkit\/"},{"@type":"ListItem","position":4,"name":"L\u00f6yt\u00f6el\u00e4imet"}]},{"@type":"WebSite","@id":"https:\/\/sey.fi\/kaakkois-suomi\/#website","url":"https:\/\/sey.fi\/kaakkois-suomi\/","name":"Kaakkois-Suomen el\u00e4insuojeluyhdistys","description":"Uusi SEY J\u00e4senyhdistykset -sivusto","potentialAction":[{"@type":"SearchAction","target":{"@type":"EntryPoint","urlTemplate":"https:\/\/sey.fi\/kaakkois-suomi\/?s={search_term_string}"},"query-input":{"@type":"PropertyValueSpecification","valueRequired":true,"valueName":"search_term_string"}}],"inLanguage":"fi"}]}},"_links":{"self":[{"href":"https:\/\/sey.fi\/kaakkois-suomi\/wp-json\/wp\/v2\/pages\/161","targetHints":{"allow":["GET"]}}],"collection":[{"href":"https:\/\/sey.fi\/kaakkois-suomi\/wp-json\/wp\/v2\/pages"}],"about":[{"href":"https:\/\/sey.fi\/kaakkois-suomi\/wp-json\/wp\/v2\/types\/page"}],"author":[{"embeddable":true,"href":"https:\/\/sey.fi\/kaakkois-suomi\/wp-json\/wp\/v2\/users\/8"}],"replies":[{"embeddable":true,"href":"https:\/\/sey.fi\/kaakkois-suomi\/wp-json\/wp\/v2\/comments?post=161"}],"version-history":[{"count":6,"href":"https:\/\/sey.fi\/kaakkois-suomi\/wp-json\/wp\/v2\/pages\/161\/revisions"}],"predecessor-version":[{"id":4688,"href":"https:\/\/sey.fi\/kaakkois-suomi\/wp-json\/wp\/v2\/pages\/161\/revisions\/4688"}],"up":[{"embeddable":true,"href":"https:\/\/sey.fi\/kaakkois-suomi\/wp-json\/wp\/v2\/pages\/159"}],"wp:attachment":[{"href":"https:\/\/sey.fi\/kaakkois-suomi\/wp-json\/wp\/v2\/media?parent=161"}],"curies":[{"name":"wp","href":"https:\/\/api.w.org\/{rel}","templated":true}]}}