{"id":163,"date":"2019-11-01T14:18:19","date_gmt":"2019-11-01T12:18:19","guid":{"rendered":"http:\/\/srvr10.xetpoint.com\/~seyfi\/kaakkois-suomi\/?page_id=163"},"modified":"2025-12-15T22:11:01","modified_gmt":"2025-12-15T20:11:01","slug":"elainhoitolat","status":"publish","type":"page","link":"https:\/\/sey.fi\/kaakkois-suomi\/kaakkois-suomen-elainsuojeluyhdistys\/ohjeet-ja-linkit\/elainhoitolat\/","title":{"rendered":"El\u00e4inhoitolat"},"content":{"rendered":"\n<p><strong>Minne kissa hoitoon reissun ajaksi? <\/strong>Yhdistyksemme Miun Kissahotelliin voit majoittaa lemmikkikissasi loman tai muun menon ajaksi. Hotellin tuotoilla rahoitetaan yhdistyksen el\u00e4insuojeluty\u00f6t\u00e4. Tutustu kissahotelliimme <strong><a href=\"http:\/\/kissahotelli.com\">T\u00c4\u00c4LL<\/a><\/strong><a href=\"http:\/\/kissahotelli.com\"><strong>\u00c4<\/strong><\/a>.<\/p>\n\n\n\n<figure class=\"wp-block-image size-full\"><img loading=\"lazy\" decoding=\"async\" width=\"1005\" height=\"628\" src=\"https:\/\/sey.fi\/wp-content\/uploads\/sites\/18\/2023\/01\/hotellimainos1.png\" alt=\"\" class=\"wp-image-3153\" srcset=\"https:\/\/sey.fi\/wp-content\/uploads\/sites\/18\/2023\/01\/hotellimainos1.png 1005w, https:\/\/sey.fi\/wp-content\/uploads\/sites\/18\/2023\/01\/hotellimainos1-300x187.png 300w, https:\/\/sey.fi\/wp-content\/uploads\/sites\/18\/2023\/01\/hotellimainos1-768x480.png 768w\" sizes=\"auto, (max-width: 1005px) 100vw, 1005px\" \/><\/figure>\n\n\n\n<p><strong>Etel\u00e4-Karjalan alueen muita hoitoloita:<\/strong> <\/p>\n\n\n\n<p><strong>El\u00e4inhoitola Kopinsalmi<\/strong><br>Hyrkk\u00e4\u00e4ntie 16<br>54920 TAIPALSAARI<br>puh. 045-1412913<br><a href=\"mailto:henna.kauppinen@elainhoitolakopinsalmi.fi\">henna.kauppinen@elainhoitolakopinsalmi.fi<\/a><br><a rel=\"noreferrer noopener\" href=\"http:\/\/www.elainhoitolakopinsalmi.fi\/\" target=\"_blank\">http:\/\/www.elainhoitolakopinsalmi.fi\/<\/a><\/p>\n\n\n\n<p><strong>Tmi Rebekka Lallukka<\/strong><br>Rebekka Lallukka<br>Mellonkatu 41<br>55100 IMATRA<br>P. 040 689 0890<\/p>\n\n\n\n<p><strong>Ressu-pienel\u00e4inhoitola<\/strong><br>El\u00e4inl\u00e4\u00e4k\u00e4ri Eija Szepaniak<br>Peltoniementie 13, 55800 IMATRA<br>Puh. el\u00e4inl\u00e4\u00e4k\u00e4ri 040 557 2005<br>Puh. pienel\u00e4inhoitola 045 604 2100<br><a href=\"mailto:info@ressulemmikkipalvelut.fi\">info@ressulemmikkipalvelut.fi<\/a><br><a href=\"http:\/\/www.ressulemmikkipalvelut.fi\/pienelainhoitola\/\">http:\/\/www.ressulemmikkipalvelut.fi\/pienelainhoitola\/<\/a><\/p>\n\n\n\n<p><strong>Koirapalvelu Mahdottoman<\/strong><br>Inka Rehum\u00e4ki<br>Niskapietil\u00e4ntie 1363<br>56640 PURNUJ\u00c4RVI<br>P. 040 704 2197<br><a href=\"mailto:inka.rehumaki@outlook.com\">inka.rehumaki@outlook.com<\/a><br><a href=\"https:\/\/www.koirapalvelumahdottoman.fi\/\">https:\/\/www.koirapalvelumahdottoman.fi\/<\/a><\/p>\n\n\n\n<p>&#8212;<\/p>\n\n\n\n<p><strong>Etel\u00e4-Kymenlaakson alueella n\u00e4ist\u00e4 hoitoloista:<\/strong><\/p>\n\n\n\n<p><strong>Kiviharjun koirahoitola<\/strong><br>Hurukselantie 857<br>48720 KOTKA<br>puh. +358 40 826 1323<br>mari(at)kiviharjunkoirahoitola.fi<br><a href=\"https:\/\/www.kiviharjunkoirahoitola.fi\/\">https:\/\/www.kiviharjunkoirahoitola.fi\/<\/a><\/p>\n\n\n\n<p><strong>Koirapalvelu Nomad<\/strong><br>Nopalantie 906<br>49980 RAVIJOKI<br>puh. +358 45 229 8955<br>koirapalvelunomad(at)gmail.com<br><a href=\"http:\/\/www.koirapalvelunomad.fi\/\">http:\/\/www.koirapalvelunomad.fi<\/a><\/p>\n\n\n\n<p><strong>Tupahukka Koira- ja kissahoitola<br><\/strong>Haililantie 18<br>49960 VIROLAHTI<br>puh. +358 40 573 9793<br><a href=\"https:\/\/www.facebook.com\/Tupahukka-Koira-ja-kissahoitola-272029592932762\/\">https:\/\/www.facebook.com\/Tupahukka-Koira-ja-kissahoitola-272029592932762\/<\/a><\/p>\n\n\n\n<p>&#8212;<\/p>\n\n\n\n<p><strong>Kotona suoritettavat lemmikinhoitopalvelut:<\/strong><\/p>\n\n\n\n<p><strong>El\u00e4intenhoito Lilli<\/strong><br>p. 044 515 0802<br>elaintenhoitolilli@gmail.com<br><a href=\"https:\/\/elaintenhoito-lilli.webnode.fi\/\" target=\"_blank\" rel=\"noreferrer noopener\">https:\/\/elaintenhoito-lilli.webnode.fi\/<\/a><\/p>\n\n\n\n<p><strong>El\u00e4intenhoito Kata<\/strong><br>Kissojen ja koirien hoito. Kotik\u00e4ynnit Joutsenon alueella.<br>JOUTSENO<br>katris(at)luukku.com<br><br><strong>Siivous ja kotipalvelu Airas Satu<\/strong><br>Susitaival 4 53300 LAPPEENRANTA<br>Puh. 045 80 47 147<br>satu.airas(at)kotipalvelujasiivous.fi\u00a0<\/p>\n","protected":false},"excerpt":{"rendered":"<p>Minne kissa hoitoon reissun ajaksi? Yhdistyksemme Miun Kissahotelliin voit majoittaa lemmikkikissasi loman tai muun menon ajaksi. Hotellin tuotoilla rahoitetaan yhdistyksen el\u00e4insuojeluty\u00f6t\u00e4. Tutustu kissahotelliimme T\u00c4\u00c4LL\u00c4. Etel\u00e4-Karjalan alueen muita hoitoloita: El\u00e4inhoitola KopinsalmiHyrkk\u00e4\u00e4ntie 1654920 TAIPALSAARIpuh. 045-1412913henna.kauppinen@elainhoitolakopinsalmi.fihttp:\/\/www.elainhoitolakopinsalmi.fi\/ Tmi Rebekka LallukkaRebekka LallukkaMellonkatu 4155100 IMATRAP. 040 689 0890 Ressu-pienel\u00e4inhoitolaEl\u00e4inl\u00e4\u00e4k\u00e4ri Eija SzepaniakPeltoniementie 13, 55800 IMATRAPuh. el\u00e4inl\u00e4\u00e4k\u00e4ri 040 557 2005Puh. pienel\u00e4inhoitola 045 604 [&hellip;]<\/p>\n","protected":false},"author":8,"featured_media":0,"parent":159,"menu_order":0,"comment_status":"closed","ping_status":"closed","template":"","meta":{"_acf_changed":false,"footnotes":""},"class_list":["post-163","page","type-page","status-publish","hentry"],"acf":[],"yoast_head":"<!-- This site is optimized with the Yoast SEO plugin v27.1.1 - https:\/\/yoast.com\/product\/yoast-seo-wordpress\/ -->\n<title>El\u00e4inhoitolat - Kaakkois-Suomen el\u00e4insuojeluyhdistys<\/title>\n<meta name=\"robots\" content=\"index, follow, max-snippet:-1, max-image-preview:large, max-video-preview:-1\" \/>\n<link rel=\"canonical\" href=\"https:\/\/sey.fi\/kaakkois-suomi\/kaakkois-suomen-elainsuojeluyhdistys\/ohjeet-ja-linkit\/elainhoitolat\/\" \/>\n<meta property=\"og:locale\" content=\"fi_FI\" \/>\n<meta property=\"og:type\" content=\"article\" \/>\n<meta property=\"og:title\" content=\"El\u00e4inhoitolat - Kaakkois-Suomen el\u00e4insuojeluyhdistys\" \/>\n<meta property=\"og:description\" content=\"Minne kissa hoitoon reissun ajaksi? Yhdistyksemme Miun Kissahotelliin voit majoittaa lemmikkikissasi loman tai muun menon ajaksi. Hotellin tuotoilla rahoitetaan yhdistyksen el\u00e4insuojeluty\u00f6t\u00e4. Tutustu kissahotelliimme T\u00c4\u00c4LL\u00c4. Etel\u00e4-Karjalan alueen muita hoitoloita: El\u00e4inhoitola KopinsalmiHyrkk\u00e4\u00e4ntie 1654920 TAIPALSAARIpuh. 045-1412913henna.kauppinen@elainhoitolakopinsalmi.fihttp:\/\/www.elainhoitolakopinsalmi.fi\/ Tmi Rebekka LallukkaRebekka LallukkaMellonkatu 4155100 IMATRAP. 040 689 0890 Ressu-pienel\u00e4inhoitolaEl\u00e4inl\u00e4\u00e4k\u00e4ri Eija SzepaniakPeltoniementie 13, 55800 IMATRAPuh. el\u00e4inl\u00e4\u00e4k\u00e4ri 040 557 2005Puh. pienel\u00e4inhoitola 045 604 [&hellip;]\" \/>\n<meta property=\"og:url\" content=\"https:\/\/sey.fi\/kaakkois-suomi\/kaakkois-suomen-elainsuojeluyhdistys\/ohjeet-ja-linkit\/elainhoitolat\/\" \/>\n<meta property=\"og:site_name\" content=\"Kaakkois-Suomen el\u00e4insuojeluyhdistys\" \/>\n<meta property=\"article:modified_time\" content=\"2025-12-15T20:11:01+00:00\" \/>\n<meta property=\"og:image\" content=\"https:\/\/sey.fi\/wp-content\/uploads\/sites\/18\/2023\/01\/hotellimainos1.png\" \/>\n\t<meta property=\"og:image:width\" content=\"1005\" \/>\n\t<meta property=\"og:image:height\" content=\"628\" \/>\n\t<meta property=\"og:image:type\" content=\"image\/png\" \/>\n<meta name=\"twitter:card\" content=\"summary_large_image\" \/>\n<meta name=\"twitter:label1\" content=\"Arvioitu lukuaika\" \/>\n\t<meta name=\"twitter:data1\" content=\"2 minuuttia\" \/>\n<script type=\"application\/ld+json\" class=\"yoast-schema-graph\">{\"@context\":\"https:\/\/schema.org\",\"@graph\":[{\"@type\":\"WebPage\",\"@id\":\"https:\/\/sey.fi\/kaakkois-suomi\/kaakkois-suomen-elainsuojeluyhdistys\/ohjeet-ja-linkit\/elainhoitolat\/\",\"url\":\"https:\/\/sey.fi\/kaakkois-suomi\/kaakkois-suomen-elainsuojeluyhdistys\/ohjeet-ja-linkit\/elainhoitolat\/\",\"name\":\"El\u00e4inhoitolat - Kaakkois-Suomen el\u00e4insuojeluyhdistys\",\"isPartOf\":{\"@id\":\"https:\/\/sey.fi\/kaakkois-suomi\/#website\"},\"primaryImageOfPage\":{\"@id\":\"https:\/\/sey.fi\/kaakkois-suomi\/kaakkois-suomen-elainsuojeluyhdistys\/ohjeet-ja-linkit\/elainhoitolat\/#primaryimage\"},\"image\":{\"@id\":\"https:\/\/sey.fi\/kaakkois-suomi\/kaakkois-suomen-elainsuojeluyhdistys\/ohjeet-ja-linkit\/elainhoitolat\/#primaryimage\"},\"thumbnailUrl\":\"https:\/\/sey.fi\/wp-content\/uploads\/sites\/18\/2023\/01\/hotellimainos1.png\",\"datePublished\":\"2019-11-01T12:18:19+00:00\",\"dateModified\":\"2025-12-15T20:11:01+00:00\",\"breadcrumb\":{\"@id\":\"https:\/\/sey.fi\/kaakkois-suomi\/kaakkois-suomen-elainsuojeluyhdistys\/ohjeet-ja-linkit\/elainhoitolat\/#breadcrumb\"},\"inLanguage\":\"fi\",\"potentialAction\":[{\"@type\":\"ReadAction\",\"target\":[\"https:\/\/sey.fi\/kaakkois-suomi\/kaakkois-suomen-elainsuojeluyhdistys\/ohjeet-ja-linkit\/elainhoitolat\/\"]}]},{\"@type\":\"ImageObject\",\"inLanguage\":\"fi\",\"@id\":\"https:\/\/sey.fi\/kaakkois-suomi\/kaakkois-suomen-elainsuojeluyhdistys\/ohjeet-ja-linkit\/elainhoitolat\/#primaryimage\",\"url\":\"https:\/\/sey.fi\/wp-content\/uploads\/sites\/18\/2023\/01\/hotellimainos1.png\",\"contentUrl\":\"https:\/\/sey.fi\/wp-content\/uploads\/sites\/18\/2023\/01\/hotellimainos1.png\"},{\"@type\":\"BreadcrumbList\",\"@id\":\"https:\/\/sey.fi\/kaakkois-suomi\/kaakkois-suomen-elainsuojeluyhdistys\/ohjeet-ja-linkit\/elainhoitolat\/#breadcrumb\",\"itemListElement\":[{\"@type\":\"ListItem\",\"position\":1,\"name\":\"Home\",\"item\":\"https:\/\/sey.fi\/kaakkois-suomi\/\"},{\"@type\":\"ListItem\",\"position\":2,\"name\":\"Kaakkois-Suomen el\u00e4insuojeluyhdistys\",\"item\":\"https:\/\/sey.fi\/kaakkois-suomi\/\"},{\"@type\":\"ListItem\",\"position\":3,\"name\":\"Ohjeet ja linkit\",\"item\":\"https:\/\/sey.fi\/kaakkois-suomi\/kaakkois-suomen-elainsuojeluyhdistys\/ohjeet-ja-linkit\/\"},{\"@type\":\"ListItem\",\"position\":4,\"name\":\"El\u00e4inhoitolat\"}]},{\"@type\":\"WebSite\",\"@id\":\"https:\/\/sey.fi\/kaakkois-suomi\/#website\",\"url\":\"https:\/\/sey.fi\/kaakkois-suomi\/\",\"name\":\"Kaakkois-Suomen el\u00e4insuojeluyhdistys\",\"description\":\"Uusi SEY J\u00e4senyhdistykset -sivusto\",\"potentialAction\":[{\"@type\":\"SearchAction\",\"target\":{\"@type\":\"EntryPoint\",\"urlTemplate\":\"https:\/\/sey.fi\/kaakkois-suomi\/?s={search_term_string}\"},\"query-input\":{\"@type\":\"PropertyValueSpecification\",\"valueRequired\":true,\"valueName\":\"search_term_string\"}}],\"inLanguage\":\"fi\"}]}<\/script>\n<!-- \/ Yoast SEO plugin. -->","yoast_head_json":{"title":"El\u00e4inhoitolat - Kaakkois-Suomen el\u00e4insuojeluyhdistys","robots":{"index":"index","follow":"follow","max-snippet":"max-snippet:-1","max-image-preview":"max-image-preview:large","max-video-preview":"max-video-preview:-1"},"canonical":"https:\/\/sey.fi\/kaakkois-suomi\/kaakkois-suomen-elainsuojeluyhdistys\/ohjeet-ja-linkit\/elainhoitolat\/","og_locale":"fi_FI","og_type":"article","og_title":"El\u00e4inhoitolat - Kaakkois-Suomen el\u00e4insuojeluyhdistys","og_description":"Minne kissa hoitoon reissun ajaksi? Yhdistyksemme Miun Kissahotelliin voit majoittaa lemmikkikissasi loman tai muun menon ajaksi. Hotellin tuotoilla rahoitetaan yhdistyksen el\u00e4insuojeluty\u00f6t\u00e4. Tutustu kissahotelliimme T\u00c4\u00c4LL\u00c4. Etel\u00e4-Karjalan alueen muita hoitoloita: El\u00e4inhoitola KopinsalmiHyrkk\u00e4\u00e4ntie 1654920 TAIPALSAARIpuh. 045-1412913henna.kauppinen@elainhoitolakopinsalmi.fihttp:\/\/www.elainhoitolakopinsalmi.fi\/ Tmi Rebekka LallukkaRebekka LallukkaMellonkatu 4155100 IMATRAP. 040 689 0890 Ressu-pienel\u00e4inhoitolaEl\u00e4inl\u00e4\u00e4k\u00e4ri Eija SzepaniakPeltoniementie 13, 55800 IMATRAPuh. el\u00e4inl\u00e4\u00e4k\u00e4ri 040 557 2005Puh. pienel\u00e4inhoitola 045 604 [&hellip;]","og_url":"https:\/\/sey.fi\/kaakkois-suomi\/kaakkois-suomen-elainsuojeluyhdistys\/ohjeet-ja-linkit\/elainhoitolat\/","og_site_name":"Kaakkois-Suomen el\u00e4insuojeluyhdistys","article_modified_time":"2025-12-15T20:11:01+00:00","og_image":[{"width":1005,"height":628,"url":"https:\/\/sey.fi\/wp-content\/uploads\/sites\/18\/2023\/01\/hotellimainos1.png","type":"image\/png"}],"twitter_card":"summary_large_image","twitter_misc":{"Arvioitu lukuaika":"2 minuuttia"},"schema":{"@context":"https:\/\/schema.org","@graph":[{"@type":"WebPage","@id":"https:\/\/sey.fi\/kaakkois-suomi\/kaakkois-suomen-elainsuojeluyhdistys\/ohjeet-ja-linkit\/elainhoitolat\/","url":"https:\/\/sey.fi\/kaakkois-suomi\/kaakkois-suomen-elainsuojeluyhdistys\/ohjeet-ja-linkit\/elainhoitolat\/","name":"El\u00e4inhoitolat - Kaakkois-Suomen el\u00e4insuojeluyhdistys","isPartOf":{"@id":"https:\/\/sey.fi\/kaakkois-suomi\/#website"},"primaryImageOfPage":{"@id":"https:\/\/sey.fi\/kaakkois-suomi\/kaakkois-suomen-elainsuojeluyhdistys\/ohjeet-ja-linkit\/elainhoitolat\/#primaryimage"},"image":{"@id":"https:\/\/sey.fi\/kaakkois-suomi\/kaakkois-suomen-elainsuojeluyhdistys\/ohjeet-ja-linkit\/elainhoitolat\/#primaryimage"},"thumbnailUrl":"https:\/\/sey.fi\/wp-content\/uploads\/sites\/18\/2023\/01\/hotellimainos1.png","datePublished":"2019-11-01T12:18:19+00:00","dateModified":"2025-12-15T20:11:01+00:00","breadcrumb":{"@id":"https:\/\/sey.fi\/kaakkois-suomi\/kaakkois-suomen-elainsuojeluyhdistys\/ohjeet-ja-linkit\/elainhoitolat\/#breadcrumb"},"inLanguage":"fi","potentialAction":[{"@type":"ReadAction","target":["https:\/\/sey.fi\/kaakkois-suomi\/kaakkois-suomen-elainsuojeluyhdistys\/ohjeet-ja-linkit\/elainhoitolat\/"]}]},{"@type":"ImageObject","inLanguage":"fi","@id":"https:\/\/sey.fi\/kaakkois-suomi\/kaakkois-suomen-elainsuojeluyhdistys\/ohjeet-ja-linkit\/elainhoitolat\/#primaryimage","url":"https:\/\/sey.fi\/wp-content\/uploads\/sites\/18\/2023\/01\/hotellimainos1.png","contentUrl":"https:\/\/sey.fi\/wp-content\/uploads\/sites\/18\/2023\/01\/hotellimainos1.png"},{"@type":"BreadcrumbList","@id":"https:\/\/sey.fi\/kaakkois-suomi\/kaakkois-suomen-elainsuojeluyhdistys\/ohjeet-ja-linkit\/elainhoitolat\/#breadcrumb","itemListElement":[{"@type":"ListItem","position":1,"name":"Home","item":"https:\/\/sey.fi\/kaakkois-suomi\/"},{"@type":"ListItem","position":2,"name":"Kaakkois-Suomen el\u00e4insuojeluyhdistys","item":"https:\/\/sey.fi\/kaakkois-suomi\/"},{"@type":"ListItem","position":3,"name":"Ohjeet ja linkit","item":"https:\/\/sey.fi\/kaakkois-suomi\/kaakkois-suomen-elainsuojeluyhdistys\/ohjeet-ja-linkit\/"},{"@type":"ListItem","position":4,"name":"El\u00e4inhoitolat"}]},{"@type":"WebSite","@id":"https:\/\/sey.fi\/kaakkois-suomi\/#website","url":"https:\/\/sey.fi\/kaakkois-suomi\/","name":"Kaakkois-Suomen el\u00e4insuojeluyhdistys","description":"Uusi SEY J\u00e4senyhdistykset -sivusto","potentialAction":[{"@type":"SearchAction","target":{"@type":"EntryPoint","urlTemplate":"https:\/\/sey.fi\/kaakkois-suomi\/?s={search_term_string}"},"query-input":{"@type":"PropertyValueSpecification","valueRequired":true,"valueName":"search_term_string"}}],"inLanguage":"fi"}]}},"_links":{"self":[{"href":"https:\/\/sey.fi\/kaakkois-suomi\/wp-json\/wp\/v2\/pages\/163","targetHints":{"allow":["GET"]}}],"collection":[{"href":"https:\/\/sey.fi\/kaakkois-suomi\/wp-json\/wp\/v2\/pages"}],"about":[{"href":"https:\/\/sey.fi\/kaakkois-suomi\/wp-json\/wp\/v2\/types\/page"}],"author":[{"embeddable":true,"href":"https:\/\/sey.fi\/kaakkois-suomi\/wp-json\/wp\/v2\/users\/8"}],"replies":[{"embeddable":true,"href":"https:\/\/sey.fi\/kaakkois-suomi\/wp-json\/wp\/v2\/comments?post=163"}],"version-history":[{"count":19,"href":"https:\/\/sey.fi\/kaakkois-suomi\/wp-json\/wp\/v2\/pages\/163\/revisions"}],"predecessor-version":[{"id":5562,"href":"https:\/\/sey.fi\/kaakkois-suomi\/wp-json\/wp\/v2\/pages\/163\/revisions\/5562"}],"up":[{"embeddable":true,"href":"https:\/\/sey.fi\/kaakkois-suomi\/wp-json\/wp\/v2\/pages\/159"}],"wp:attachment":[{"href":"https:\/\/sey.fi\/kaakkois-suomi\/wp-json\/wp\/v2\/media?parent=163"}],"curies":[{"name":"wp","href":"https:\/\/api.w.org\/{rel}","templated":true}]}}