{"id":165,"date":"2019-11-01T14:23:05","date_gmt":"2019-11-01T12:23:05","guid":{"rendered":"http:\/\/srvr10.xetpoint.com\/~seyfi\/kaakkois-suomi\/?page_id=165"},"modified":"2024-11-10T23:43:38","modified_gmt":"2024-11-10T21:43:38","slug":"aran-kissan-kasittely","status":"publish","type":"page","link":"https:\/\/sey.fi\/kaakkois-suomi\/kaakkois-suomen-elainsuojeluyhdistys\/ohjeet-ja-linkit\/aran-kissan-kasittely\/","title":{"rendered":"Aran kissan k\u00e4sittely"},"content":{"rendered":"\n<p><br>L\u00f6yd\u00e4t t\u00e4ll\u00e4 sivulla olleen&nbsp;<strong><a href=\"https:\/\/janinapohju.wordpress.com\/toimintani-elainsuojeluyhdistyksissa\/\">Janina Pohjun<\/a><\/strong>&nbsp;laatiman artikkelin aran kissan k\u00e4sittelyst\u00e4 t\u00e4\u00e4lt\u00e4:&nbsp;<strong><a href=\"https:\/\/janinapohju.wordpress.com\/2019\/02\/09\/aran-kissan-kasittely\/\">https:\/\/janinapohju.wordpress.com\/2019\/02\/09\/aran-kissan-kasittely\/<\/a><\/strong><\/p>\n\n\n\n<p><strong>Kotiuttamamme arat tai villikissat<\/strong><\/p>\n\n\n\n<p>El\u00e4insuojelyhdistykset, Kasey ry mukaanlukien, ovat menestyksekk\u00e4\u00e4sti sosiaalistaneet arkoja kissoja. Arimmistakin kissoista on kuoriutunut mahtavia ja omistajilleen eritt\u00e4in rakkaita lemmikkej\u00e4.<\/p>\n\n\n<div class=\"wp-block-image\">\n<figure class=\"aligncenter size-large is-resized\"><img loading=\"lazy\" decoding=\"async\" width=\"768\" height=\"1024\" src=\"https:\/\/sey.fi\/wp-content\/uploads\/sites\/18\/2024\/11\/Odvin-768x1024.jpg\" alt=\"\" class=\"wp-image-4719\" style=\"width:367px;height:auto\" srcset=\"https:\/\/sey.fi\/wp-content\/uploads\/sites\/18\/2024\/11\/Odvin-768x1024.jpg 768w, https:\/\/sey.fi\/wp-content\/uploads\/sites\/18\/2024\/11\/Odvin-225x300.jpg 225w, https:\/\/sey.fi\/wp-content\/uploads\/sites\/18\/2024\/11\/Odvin-1152x1536.jpg 1152w, https:\/\/sey.fi\/wp-content\/uploads\/sites\/18\/2024\/11\/Odvin-1536x2048.jpg 1536w, https:\/\/sey.fi\/wp-content\/uploads\/sites\/18\/2024\/11\/Odvin-scaled.jpg 1920w\" sizes=\"auto, (max-width: 768px) 100vw, 768px\" \/><\/figure><\/div>\n\n\n<p><\/p>\n","protected":false},"excerpt":{"rendered":"<p>L\u00f6yd\u00e4t t\u00e4ll\u00e4 sivulla olleen&nbsp;Janina Pohjun&nbsp;laatiman artikkelin aran kissan k\u00e4sittelyst\u00e4 t\u00e4\u00e4lt\u00e4:&nbsp;https:\/\/janinapohju.wordpress.com\/2019\/02\/09\/aran-kissan-kasittely\/ Kotiuttamamme arat tai villikissat El\u00e4insuojelyhdistykset, Kasey ry mukaanlukien, ovat menestyksekk\u00e4\u00e4sti sosiaalistaneet arkoja kissoja. Arimmistakin kissoista on kuoriutunut mahtavia ja omistajilleen eritt\u00e4in rakkaita lemmikkej\u00e4.<\/p>\n","protected":false},"author":8,"featured_media":0,"parent":159,"menu_order":0,"comment_status":"closed","ping_status":"closed","template":"","meta":{"_acf_changed":false,"footnotes":""},"class_list":["post-165","page","type-page","status-publish","hentry"],"acf":[],"yoast_head":"<!-- This site is optimized with the Yoast SEO plugin v27.1.1 - https:\/\/yoast.com\/product\/yoast-seo-wordpress\/ -->\n<title>Aran kissan k\u00e4sittely - Kaakkois-Suomen el\u00e4insuojeluyhdistys<\/title>\n<meta name=\"robots\" content=\"index, follow, max-snippet:-1, max-image-preview:large, max-video-preview:-1\" \/>\n<link rel=\"canonical\" href=\"https:\/\/sey.fi\/kaakkois-suomi\/kaakkois-suomen-elainsuojeluyhdistys\/ohjeet-ja-linkit\/aran-kissan-kasittely\/\" \/>\n<meta property=\"og:locale\" content=\"fi_FI\" \/>\n<meta property=\"og:type\" content=\"article\" \/>\n<meta property=\"og:title\" content=\"Aran kissan k\u00e4sittely - Kaakkois-Suomen el\u00e4insuojeluyhdistys\" \/>\n<meta property=\"og:description\" content=\"L\u00f6yd\u00e4t t\u00e4ll\u00e4 sivulla olleen&nbsp;Janina Pohjun&nbsp;laatiman artikkelin aran kissan k\u00e4sittelyst\u00e4 t\u00e4\u00e4lt\u00e4:&nbsp;https:\/\/janinapohju.wordpress.com\/2019\/02\/09\/aran-kissan-kasittely\/ Kotiuttamamme arat tai villikissat El\u00e4insuojelyhdistykset, Kasey ry mukaanlukien, ovat menestyksekk\u00e4\u00e4sti sosiaalistaneet arkoja kissoja. Arimmistakin kissoista on kuoriutunut mahtavia ja omistajilleen eritt\u00e4in rakkaita lemmikkej\u00e4.\" \/>\n<meta property=\"og:url\" content=\"https:\/\/sey.fi\/kaakkois-suomi\/kaakkois-suomen-elainsuojeluyhdistys\/ohjeet-ja-linkit\/aran-kissan-kasittely\/\" \/>\n<meta property=\"og:site_name\" content=\"Kaakkois-Suomen el\u00e4insuojeluyhdistys\" \/>\n<meta property=\"article:modified_time\" content=\"2024-11-10T21:43:38+00:00\" \/>\n<meta property=\"og:image\" content=\"https:\/\/sey.fi\/wp-content\/uploads\/sites\/18\/2024\/11\/Odvin-scaled.jpg\" \/>\n\t<meta property=\"og:image:width\" content=\"1920\" \/>\n\t<meta property=\"og:image:height\" content=\"2560\" \/>\n\t<meta property=\"og:image:type\" content=\"image\/jpeg\" \/>\n<meta name=\"twitter:card\" content=\"summary_large_image\" \/>\n<meta name=\"twitter:label1\" content=\"Arvioitu lukuaika\" \/>\n\t<meta name=\"twitter:data1\" content=\"1 minuutti\" \/>\n<script type=\"application\/ld+json\" class=\"yoast-schema-graph\">{\"@context\":\"https:\/\/schema.org\",\"@graph\":[{\"@type\":\"WebPage\",\"@id\":\"https:\/\/sey.fi\/kaakkois-suomi\/kaakkois-suomen-elainsuojeluyhdistys\/ohjeet-ja-linkit\/aran-kissan-kasittely\/\",\"url\":\"https:\/\/sey.fi\/kaakkois-suomi\/kaakkois-suomen-elainsuojeluyhdistys\/ohjeet-ja-linkit\/aran-kissan-kasittely\/\",\"name\":\"Aran kissan k\u00e4sittely - Kaakkois-Suomen el\u00e4insuojeluyhdistys\",\"isPartOf\":{\"@id\":\"https:\/\/sey.fi\/kaakkois-suomi\/#website\"},\"primaryImageOfPage\":{\"@id\":\"https:\/\/sey.fi\/kaakkois-suomi\/kaakkois-suomen-elainsuojeluyhdistys\/ohjeet-ja-linkit\/aran-kissan-kasittely\/#primaryimage\"},\"image\":{\"@id\":\"https:\/\/sey.fi\/kaakkois-suomi\/kaakkois-suomen-elainsuojeluyhdistys\/ohjeet-ja-linkit\/aran-kissan-kasittely\/#primaryimage\"},\"thumbnailUrl\":\"https:\/\/sey.fi\/wp-content\/uploads\/sites\/18\/2024\/11\/Odvin-768x1024.jpg\",\"datePublished\":\"2019-11-01T12:23:05+00:00\",\"dateModified\":\"2024-11-10T21:43:38+00:00\",\"breadcrumb\":{\"@id\":\"https:\/\/sey.fi\/kaakkois-suomi\/kaakkois-suomen-elainsuojeluyhdistys\/ohjeet-ja-linkit\/aran-kissan-kasittely\/#breadcrumb\"},\"inLanguage\":\"fi\",\"potentialAction\":[{\"@type\":\"ReadAction\",\"target\":[\"https:\/\/sey.fi\/kaakkois-suomi\/kaakkois-suomen-elainsuojeluyhdistys\/ohjeet-ja-linkit\/aran-kissan-kasittely\/\"]}]},{\"@type\":\"ImageObject\",\"inLanguage\":\"fi\",\"@id\":\"https:\/\/sey.fi\/kaakkois-suomi\/kaakkois-suomen-elainsuojeluyhdistys\/ohjeet-ja-linkit\/aran-kissan-kasittely\/#primaryimage\",\"url\":\"https:\/\/sey.fi\/wp-content\/uploads\/sites\/18\/2024\/11\/Odvin-768x1024.jpg\",\"contentUrl\":\"https:\/\/sey.fi\/wp-content\/uploads\/sites\/18\/2024\/11\/Odvin-768x1024.jpg\"},{\"@type\":\"BreadcrumbList\",\"@id\":\"https:\/\/sey.fi\/kaakkois-suomi\/kaakkois-suomen-elainsuojeluyhdistys\/ohjeet-ja-linkit\/aran-kissan-kasittely\/#breadcrumb\",\"itemListElement\":[{\"@type\":\"ListItem\",\"position\":1,\"name\":\"Home\",\"item\":\"https:\/\/sey.fi\/kaakkois-suomi\/\"},{\"@type\":\"ListItem\",\"position\":2,\"name\":\"Kaakkois-Suomen el\u00e4insuojeluyhdistys\",\"item\":\"https:\/\/sey.fi\/kaakkois-suomi\/\"},{\"@type\":\"ListItem\",\"position\":3,\"name\":\"Ohjeet ja linkit\",\"item\":\"https:\/\/sey.fi\/kaakkois-suomi\/kaakkois-suomen-elainsuojeluyhdistys\/ohjeet-ja-linkit\/\"},{\"@type\":\"ListItem\",\"position\":4,\"name\":\"Aran kissan k\u00e4sittely\"}]},{\"@type\":\"WebSite\",\"@id\":\"https:\/\/sey.fi\/kaakkois-suomi\/#website\",\"url\":\"https:\/\/sey.fi\/kaakkois-suomi\/\",\"name\":\"Kaakkois-Suomen el\u00e4insuojeluyhdistys\",\"description\":\"Uusi SEY J\u00e4senyhdistykset -sivusto\",\"potentialAction\":[{\"@type\":\"SearchAction\",\"target\":{\"@type\":\"EntryPoint\",\"urlTemplate\":\"https:\/\/sey.fi\/kaakkois-suomi\/?s={search_term_string}\"},\"query-input\":{\"@type\":\"PropertyValueSpecification\",\"valueRequired\":true,\"valueName\":\"search_term_string\"}}],\"inLanguage\":\"fi\"}]}<\/script>\n<!-- \/ Yoast SEO plugin. -->","yoast_head_json":{"title":"Aran kissan k\u00e4sittely - Kaakkois-Suomen el\u00e4insuojeluyhdistys","robots":{"index":"index","follow":"follow","max-snippet":"max-snippet:-1","max-image-preview":"max-image-preview:large","max-video-preview":"max-video-preview:-1"},"canonical":"https:\/\/sey.fi\/kaakkois-suomi\/kaakkois-suomen-elainsuojeluyhdistys\/ohjeet-ja-linkit\/aran-kissan-kasittely\/","og_locale":"fi_FI","og_type":"article","og_title":"Aran kissan k\u00e4sittely - Kaakkois-Suomen el\u00e4insuojeluyhdistys","og_description":"L\u00f6yd\u00e4t t\u00e4ll\u00e4 sivulla olleen&nbsp;Janina Pohjun&nbsp;laatiman artikkelin aran kissan k\u00e4sittelyst\u00e4 t\u00e4\u00e4lt\u00e4:&nbsp;https:\/\/janinapohju.wordpress.com\/2019\/02\/09\/aran-kissan-kasittely\/ Kotiuttamamme arat tai villikissat El\u00e4insuojelyhdistykset, Kasey ry mukaanlukien, ovat menestyksekk\u00e4\u00e4sti sosiaalistaneet arkoja kissoja. Arimmistakin kissoista on kuoriutunut mahtavia ja omistajilleen eritt\u00e4in rakkaita lemmikkej\u00e4.","og_url":"https:\/\/sey.fi\/kaakkois-suomi\/kaakkois-suomen-elainsuojeluyhdistys\/ohjeet-ja-linkit\/aran-kissan-kasittely\/","og_site_name":"Kaakkois-Suomen el\u00e4insuojeluyhdistys","article_modified_time":"2024-11-10T21:43:38+00:00","og_image":[{"width":1920,"height":2560,"url":"https:\/\/sey.fi\/wp-content\/uploads\/sites\/18\/2024\/11\/Odvin-scaled.jpg","type":"image\/jpeg"}],"twitter_card":"summary_large_image","twitter_misc":{"Arvioitu lukuaika":"1 minuutti"},"schema":{"@context":"https:\/\/schema.org","@graph":[{"@type":"WebPage","@id":"https:\/\/sey.fi\/kaakkois-suomi\/kaakkois-suomen-elainsuojeluyhdistys\/ohjeet-ja-linkit\/aran-kissan-kasittely\/","url":"https:\/\/sey.fi\/kaakkois-suomi\/kaakkois-suomen-elainsuojeluyhdistys\/ohjeet-ja-linkit\/aran-kissan-kasittely\/","name":"Aran kissan k\u00e4sittely - Kaakkois-Suomen el\u00e4insuojeluyhdistys","isPartOf":{"@id":"https:\/\/sey.fi\/kaakkois-suomi\/#website"},"primaryImageOfPage":{"@id":"https:\/\/sey.fi\/kaakkois-suomi\/kaakkois-suomen-elainsuojeluyhdistys\/ohjeet-ja-linkit\/aran-kissan-kasittely\/#primaryimage"},"image":{"@id":"https:\/\/sey.fi\/kaakkois-suomi\/kaakkois-suomen-elainsuojeluyhdistys\/ohjeet-ja-linkit\/aran-kissan-kasittely\/#primaryimage"},"thumbnailUrl":"https:\/\/sey.fi\/wp-content\/uploads\/sites\/18\/2024\/11\/Odvin-768x1024.jpg","datePublished":"2019-11-01T12:23:05+00:00","dateModified":"2024-11-10T21:43:38+00:00","breadcrumb":{"@id":"https:\/\/sey.fi\/kaakkois-suomi\/kaakkois-suomen-elainsuojeluyhdistys\/ohjeet-ja-linkit\/aran-kissan-kasittely\/#breadcrumb"},"inLanguage":"fi","potentialAction":[{"@type":"ReadAction","target":["https:\/\/sey.fi\/kaakkois-suomi\/kaakkois-suomen-elainsuojeluyhdistys\/ohjeet-ja-linkit\/aran-kissan-kasittely\/"]}]},{"@type":"ImageObject","inLanguage":"fi","@id":"https:\/\/sey.fi\/kaakkois-suomi\/kaakkois-suomen-elainsuojeluyhdistys\/ohjeet-ja-linkit\/aran-kissan-kasittely\/#primaryimage","url":"https:\/\/sey.fi\/wp-content\/uploads\/sites\/18\/2024\/11\/Odvin-768x1024.jpg","contentUrl":"https:\/\/sey.fi\/wp-content\/uploads\/sites\/18\/2024\/11\/Odvin-768x1024.jpg"},{"@type":"BreadcrumbList","@id":"https:\/\/sey.fi\/kaakkois-suomi\/kaakkois-suomen-elainsuojeluyhdistys\/ohjeet-ja-linkit\/aran-kissan-kasittely\/#breadcrumb","itemListElement":[{"@type":"ListItem","position":1,"name":"Home","item":"https:\/\/sey.fi\/kaakkois-suomi\/"},{"@type":"ListItem","position":2,"name":"Kaakkois-Suomen el\u00e4insuojeluyhdistys","item":"https:\/\/sey.fi\/kaakkois-suomi\/"},{"@type":"ListItem","position":3,"name":"Ohjeet ja linkit","item":"https:\/\/sey.fi\/kaakkois-suomi\/kaakkois-suomen-elainsuojeluyhdistys\/ohjeet-ja-linkit\/"},{"@type":"ListItem","position":4,"name":"Aran kissan k\u00e4sittely"}]},{"@type":"WebSite","@id":"https:\/\/sey.fi\/kaakkois-suomi\/#website","url":"https:\/\/sey.fi\/kaakkois-suomi\/","name":"Kaakkois-Suomen el\u00e4insuojeluyhdistys","description":"Uusi SEY J\u00e4senyhdistykset -sivusto","potentialAction":[{"@type":"SearchAction","target":{"@type":"EntryPoint","urlTemplate":"https:\/\/sey.fi\/kaakkois-suomi\/?s={search_term_string}"},"query-input":{"@type":"PropertyValueSpecification","valueRequired":true,"valueName":"search_term_string"}}],"inLanguage":"fi"}]}},"_links":{"self":[{"href":"https:\/\/sey.fi\/kaakkois-suomi\/wp-json\/wp\/v2\/pages\/165","targetHints":{"allow":["GET"]}}],"collection":[{"href":"https:\/\/sey.fi\/kaakkois-suomi\/wp-json\/wp\/v2\/pages"}],"about":[{"href":"https:\/\/sey.fi\/kaakkois-suomi\/wp-json\/wp\/v2\/types\/page"}],"author":[{"embeddable":true,"href":"https:\/\/sey.fi\/kaakkois-suomi\/wp-json\/wp\/v2\/users\/8"}],"replies":[{"embeddable":true,"href":"https:\/\/sey.fi\/kaakkois-suomi\/wp-json\/wp\/v2\/comments?post=165"}],"version-history":[{"count":6,"href":"https:\/\/sey.fi\/kaakkois-suomi\/wp-json\/wp\/v2\/pages\/165\/revisions"}],"predecessor-version":[{"id":4732,"href":"https:\/\/sey.fi\/kaakkois-suomi\/wp-json\/wp\/v2\/pages\/165\/revisions\/4732"}],"up":[{"embeddable":true,"href":"https:\/\/sey.fi\/kaakkois-suomi\/wp-json\/wp\/v2\/pages\/159"}],"wp:attachment":[{"href":"https:\/\/sey.fi\/kaakkois-suomi\/wp-json\/wp\/v2\/media?parent=165"}],"curies":[{"name":"wp","href":"https:\/\/api.w.org\/{rel}","templated":true}]}}