{"id":169,"date":"2019-11-01T14:27:15","date_gmt":"2019-11-01T12:27:15","guid":{"rendered":"http:\/\/srvr10.xetpoint.com\/~seyfi\/kaakkois-suomi\/?page_id=169"},"modified":"2024-11-11T00:35:09","modified_gmt":"2024-11-10T22:35:09","slug":"169-2","status":"publish","type":"page","link":"https:\/\/sey.fi\/kaakkois-suomi\/kaakkois-suomen-elainsuojeluyhdistys\/ohjeet-ja-linkit\/169-2\/","title":{"rendered":"Kanin hoito ja ruokinta"},"content":{"rendered":"\n<p><br>Tutustu kanien hoitoon ja ruokintaan Pesu ry:n <a href=\"https:\/\/www.pesu.org\/kanin-hoito-ohjeet\"><strong>sivuilla<\/strong><\/a>.<\/p>\n\n\n\n<p>Lemmikkikanin ruokinnassa kulmakivin\u00e4 tulisi olla suuri kuidun m\u00e4\u00e4r\u00e4, matala sokeritaso, monipuolisuus ja muutosten tekeminen hitaasti. Muistathan siis aina uutta tuoreruokaa kokeillessasi, ett\u00e4 pupu kannattaa totuttaa siihen maltillisesti. T\u00e4t\u00e4 ei voi liikaa korostaa, sill\u00e4 uudet ruoat aiheuttavat yll\u00e4tt\u00e4v\u00e4nkin helposti ongelmia suurina m\u00e4\u00e4rin\u00e4 sy\u00f6tett\u00e4ess\u00e4.<\/p>\n\n\n\n<p>Nyrkkis\u00e4\u00e4nt\u00f6n\u00e4 tuoreruoan terveellisyyden suhteen voidaan pit\u00e4\u00e4 sit\u00e4 seikkaa, ett\u00e4 mit\u00e4 tummemman vihre\u00e4\u00e4, sen terveellisemp\u00e4\u00e4. T\u00e4m\u00e4 johtuu tummanvihreiden kasvisten sis\u00e4lt\u00e4m\u00e4st\u00e4 suuresta kuidun m\u00e4\u00e4r\u00e4st\u00e4 ja v\u00e4h\u00e4isest\u00e4 sokeripitoisuudesta. Sokeripitoisia hedelmi\u00e4 onkin syyt\u00e4 tarjota v\u00e4hemm\u00e4ss\u00e4 m\u00e4\u00e4rin, kun taas lehtevi\u00e4 kasviksia voi tarjota huoletta enemm\u00e4n. My\u00f6s se kuinka paljon kani ylip\u00e4\u00e4ns\u00e4 siet\u00e4\u00e4 tuoreruokaa, on yksil\u00f6kohtaista ja paljon totuttelusta riippuvaista. <strong>Kanille tulee olla aina vapaasti tarjolla hyv\u00e4laatuista kuivahein\u00e4\u00e4<\/strong>!&nbsp;<\/p>\n\n\n\n<p><\/p>\n\n\n\n<p><strong>Kanille sopivia tuoreruokia:<\/strong><\/p>\n\n\n\n<p>T\u00e4hdell\u00e4 (<strong>*<\/strong>) merkittyihin kasveihin liittyen l\u00f6ytyy sivun alareunasta huomioita.<\/p>\n\n\n\n<p><br><strong>A<\/strong><br>Ahokeltano, Ahomansikka, Ahopaju, Aprikoosi, Apilat, Aronia, Avomaankurkku<br><br><strong>B<\/strong><br>Banaani, Basilika, BokChoy<br><br><strong>E<\/strong><br>Endiivi<br><br><strong>F<\/strong><br>Fenkoli, Friseesalaatti, Fricella<br><br><strong>G<\/strong><br>Gojimarja<br><br><strong>H<\/strong><br>Haapa, Hajuherne, Halava, Harmaalepp\u00e4, Hein\u00e4, Hein\u00e4kaura, Hein\u00e4ratamo, Herne (etenkin kuivattuna), Herneenpalko, Herneenverso, Herukat, Hevonhierakka, Hietakastikka, Hiirenherne, Hiirenvirna, Hilla, Huosia<br><br><strong>J<\/strong><br>Jalava, Jauhosavikka, Juolavehn\u00e4, Juolukka, Juurisikuri, J\u00e4\u00e4salaatti, J\u00e4\u00e4vuorisalaatti<br><br><strong>K<\/strong><br>Kaalivalvatti, Kaarnikka, Kangaspaju, Kananhirssi, Kangasajuruoho, Kannusruoho, Karambola, Karhunputki, Karpalomarja, Karviainen, Keh\u00e4kukka, Keltajuuri, Keltamatara, Keltanot, Ker\u00e4kaali, Kes\u00e4kukka, Kes\u00e4kurpitsa, Kes\u00e4maitiainen, Ketohanhikki, Keto-orvokki, Kiinankaali, Kirsikka (ilman kive\u00e4), Kirveli, Koiranputki<strong>*<\/strong>, Koiranvehn\u00e4, Koivu, Korianteri (tuore), Koristearonia, Kukkakaali, Kumina (tuore), Kurkku, Kurkkuyrtti, Kurpitsa, Kuusenoksat, Kyss\u00e4kaali, K\u00e4h\u00e4r\u00e4endiivi, K\u00e4rs\u00e4m\u00f6t<br><br><strong>L<\/strong><br>Lakka, Lanttu ja naatit, Laventeli, Lehmus, Lehtikaali, Lehtipersilja, Lehtiselleri, Lehtohorsma, Lemmikit, Lepp\u00e4, Lipstikka, Luhtalikukka, Luumu (ilman kive\u00e4), Lutukka<br><br><strong>M<\/strong><br>Maissi, Maitiaiset, Maitohorsma, Malva, Mango, Mangoldi, Mansikka, Marja-aronia, Meirami (tuore), Mesiangervo, Mets\u00e4apila, Mets\u00e4lehmus, Minttu (tuore), Mizuna , Munakoiso, Mustaherukka, Mustikka, Mustikanvarpu, Myskimalva, M\u00e4kihorsma, M\u00e4kimeirami, M\u00e4nnynoksa<br><br><strong>N<\/strong><br>Nauris, Nektariini (ilman kive\u00e4), Niittyhumala, Nokkonen (kuivattu), Nurmiajuruoho, Nurmilauha, Nurmipuntarp\u00e4\u00e4, Nurmir\u00f6lli<br><br><strong>O<\/strong><br>Ohdake, Ojak\u00e4rs\u00e4m\u00f6, Omena, Omenapuu, Omenap\u00e4\u00e4ryn\u00e4, Orapihlaja, Oregano (tuore), Orvokit<br><br><strong>P<\/strong><br>Paju (oksat ja lehdet), PakChoi, Palsternakka, Paprika, Parsa, Parsakaali, Peippi, Peltokanankaali, Pelto-ohdake, Pelto-orvokki, Peltokorte<strong>*<\/strong>, Peltoretikka, Pensasmustikka, Persikka (ilman kive\u00e4), Persilja, Peruna (keitetty), Piharatamo, Pihasaunio, Pihatar, Pihat\u00e4htim\u00f6, Pihlaja, Pihlajanmarjat, Pinaatti, Pinaattikiinankaali, Piparminttu (tuore), Piparjuuri (tuore), Poimulehti, Poppeli, Porkkana ja naatit, Puistolehmus, Pujo, Pukinparta, Puna-ailakki, Puna-apila, Punajuurenlehti, Punamangoldi, Punaherukka, Punanata, Puntarp\u00e4\u00e4t, Puolukka, Puolukanvarpu, Punapeippi, Purasruoho, P\u00e4hkin\u00e4pensas, P\u00e4\u00e4ryn\u00e4, P\u00e4\u00e4ryn\u00e4puu<br><br><strong>R<\/strong><br>Raita, Raitajuuri, Rakuuna, Ratamo, Retiisi ja naatit, Rohtopurasruoho, Roomansalaatti, Rucola, Ruoho, Ruokonata, Ruukkusalaatti, Ruusu, Ruusukaali, Ruusunmarja, Ruotiselleri, R\u00e4tv\u00e4n\u00e4, R\u00f6llit<br><br><strong>S<\/strong><br>Saarni, Salaattisikuri, Salava, Salokeltano, Salvia, Sarjakeltano, Savihein\u00e4, Savoykaali, Siank\u00e4rs\u00e4m\u00f6, Sikuri, Sinimailanen, Sitruunamelissa, Soikkoratamo, Suohorsma, Suolahein\u00e4, Syreeni, Syyl\u00e4linnunherne, Syysmaitiainen<br><br><strong>T<\/strong><br>Terijoensalava, Tervalepp\u00e4, Tilli, Timjami (tuore), Timotei, Tomaatti, Tuoksuvatukka, Tyrnimarja<br><br><strong>V<\/strong><br>Vaahteranlehdet ja -oksat, Vadelma, Vadelmanlehti, Valkoapila, Valkoherukka, Valkohorsma, Valkokaali, Valkopeippi, Variksenmarja, Varsiselleri, Vehn\u00e4ruoho, Vesihein\u00e4, Vesikrassi, Vesimeloni, Vihanneskrassi, Viinimarja oksineen, Viiniryp\u00e4le, Viljahirssi, Villirucola, Voikukka, Vuohenputki, Vuonankaali<br><br><strong>Y<\/strong><br>Yrtit<br><strong><br>HUOMIONARVOISTA<br><br>*<\/strong>KOIRANPUTKI<br>Koiranputki muistuttaa lehdist\u00f6lt\u00e4\u00e4n hukanputkea ja myrkkyputkea, jotka ovat kumpikin myrkyllisi\u00e4. Tutustuthan lajeihin huolellisesti, jotta pystyt erottamaan n\u00e4m\u00e4 toisistaan.<br><br><strong>*<\/strong>PELTOKORTE<br>Peltokorteen kanssa on oltava hyvin varovainen, ettei sekoita sit\u00e4 suokorteeseen, joka on eritt\u00e4in myrkyllinen! Olethan siis hyvin tarkka, mik\u00e4li aiot ker\u00e4t\u00e4 peltokortetta.<br><br>T\u00e4ll\u00e4 listalla osa kasveista saattaa olla mainittu useammassa kuin yhdess\u00e4 kohdassa, sill\u00e4 niille voi olla useita tunnettuja nimi\u00e4 ja ihmisest\u00e4 riippuen, mahdollisesti vain jokin n\u00e4ist\u00e4 nimist\u00e4 voi olla tuttu.<\/p>\n","protected":false},"excerpt":{"rendered":"<p>Tutustu kanien hoitoon ja ruokintaan Pesu ry:n sivuilla. Lemmikkikanin ruokinnassa kulmakivin\u00e4 tulisi olla suuri kuidun m\u00e4\u00e4r\u00e4, matala sokeritaso, monipuolisuus ja muutosten tekeminen hitaasti. Muistathan siis aina uutta tuoreruokaa kokeillessasi, ett\u00e4 pupu kannattaa totuttaa siihen maltillisesti. T\u00e4t\u00e4 ei voi liikaa korostaa, sill\u00e4 uudet ruoat aiheuttavat yll\u00e4tt\u00e4v\u00e4nkin helposti ongelmia suurina m\u00e4\u00e4rin\u00e4 sy\u00f6tett\u00e4ess\u00e4. Nyrkkis\u00e4\u00e4nt\u00f6n\u00e4 tuoreruoan terveellisyyden suhteen voidaan [&hellip;]<\/p>\n","protected":false},"author":8,"featured_media":0,"parent":159,"menu_order":0,"comment_status":"closed","ping_status":"closed","template":"","meta":{"_acf_changed":false,"footnotes":""},"class_list":["post-169","page","type-page","status-publish","hentry"],"acf":[],"yoast_head":"<!-- This site is optimized with the Yoast SEO plugin v27.1.1 - https:\/\/yoast.com\/product\/yoast-seo-wordpress\/ -->\n<title>Kanin hoito ja ruokinta - Kaakkois-Suomen el\u00e4insuojeluyhdistys<\/title>\n<meta name=\"robots\" content=\"index, follow, max-snippet:-1, max-image-preview:large, max-video-preview:-1\" \/>\n<link rel=\"canonical\" href=\"https:\/\/sey.fi\/kaakkois-suomi\/kaakkois-suomen-elainsuojeluyhdistys\/ohjeet-ja-linkit\/169-2\/\" \/>\n<meta property=\"og:locale\" content=\"fi_FI\" \/>\n<meta property=\"og:type\" content=\"article\" \/>\n<meta property=\"og:title\" content=\"Kanin hoito ja ruokinta - Kaakkois-Suomen el\u00e4insuojeluyhdistys\" \/>\n<meta property=\"og:description\" content=\"Tutustu kanien hoitoon ja ruokintaan Pesu ry:n sivuilla. Lemmikkikanin ruokinnassa kulmakivin\u00e4 tulisi olla suuri kuidun m\u00e4\u00e4r\u00e4, matala sokeritaso, monipuolisuus ja muutosten tekeminen hitaasti. Muistathan siis aina uutta tuoreruokaa kokeillessasi, ett\u00e4 pupu kannattaa totuttaa siihen maltillisesti. T\u00e4t\u00e4 ei voi liikaa korostaa, sill\u00e4 uudet ruoat aiheuttavat yll\u00e4tt\u00e4v\u00e4nkin helposti ongelmia suurina m\u00e4\u00e4rin\u00e4 sy\u00f6tett\u00e4ess\u00e4. Nyrkkis\u00e4\u00e4nt\u00f6n\u00e4 tuoreruoan terveellisyyden suhteen voidaan [&hellip;]\" \/>\n<meta property=\"og:url\" content=\"https:\/\/sey.fi\/kaakkois-suomi\/kaakkois-suomen-elainsuojeluyhdistys\/ohjeet-ja-linkit\/169-2\/\" \/>\n<meta property=\"og:site_name\" content=\"Kaakkois-Suomen el\u00e4insuojeluyhdistys\" \/>\n<meta property=\"article:modified_time\" content=\"2024-11-10T22:35:09+00:00\" \/>\n<meta name=\"twitter:card\" content=\"summary_large_image\" \/>\n<meta name=\"twitter:label1\" content=\"Arvioitu lukuaika\" \/>\n\t<meta name=\"twitter:data1\" content=\"4 minuuttia\" \/>\n<script type=\"application\/ld+json\" class=\"yoast-schema-graph\">{\"@context\":\"https:\/\/schema.org\",\"@graph\":[{\"@type\":\"WebPage\",\"@id\":\"https:\/\/sey.fi\/kaakkois-suomi\/kaakkois-suomen-elainsuojeluyhdistys\/ohjeet-ja-linkit\/169-2\/\",\"url\":\"https:\/\/sey.fi\/kaakkois-suomi\/kaakkois-suomen-elainsuojeluyhdistys\/ohjeet-ja-linkit\/169-2\/\",\"name\":\"Kanin hoito ja ruokinta - Kaakkois-Suomen el\u00e4insuojeluyhdistys\",\"isPartOf\":{\"@id\":\"https:\/\/sey.fi\/kaakkois-suomi\/#website\"},\"datePublished\":\"2019-11-01T12:27:15+00:00\",\"dateModified\":\"2024-11-10T22:35:09+00:00\",\"breadcrumb\":{\"@id\":\"https:\/\/sey.fi\/kaakkois-suomi\/kaakkois-suomen-elainsuojeluyhdistys\/ohjeet-ja-linkit\/169-2\/#breadcrumb\"},\"inLanguage\":\"fi\",\"potentialAction\":[{\"@type\":\"ReadAction\",\"target\":[\"https:\/\/sey.fi\/kaakkois-suomi\/kaakkois-suomen-elainsuojeluyhdistys\/ohjeet-ja-linkit\/169-2\/\"]}]},{\"@type\":\"BreadcrumbList\",\"@id\":\"https:\/\/sey.fi\/kaakkois-suomi\/kaakkois-suomen-elainsuojeluyhdistys\/ohjeet-ja-linkit\/169-2\/#breadcrumb\",\"itemListElement\":[{\"@type\":\"ListItem\",\"position\":1,\"name\":\"Home\",\"item\":\"https:\/\/sey.fi\/kaakkois-suomi\/\"},{\"@type\":\"ListItem\",\"position\":2,\"name\":\"Kaakkois-Suomen el\u00e4insuojeluyhdistys\",\"item\":\"https:\/\/sey.fi\/kaakkois-suomi\/\"},{\"@type\":\"ListItem\",\"position\":3,\"name\":\"Ohjeet ja linkit\",\"item\":\"https:\/\/sey.fi\/kaakkois-suomi\/kaakkois-suomen-elainsuojeluyhdistys\/ohjeet-ja-linkit\/\"},{\"@type\":\"ListItem\",\"position\":4,\"name\":\"Kanin hoito ja ruokinta\"}]},{\"@type\":\"WebSite\",\"@id\":\"https:\/\/sey.fi\/kaakkois-suomi\/#website\",\"url\":\"https:\/\/sey.fi\/kaakkois-suomi\/\",\"name\":\"Kaakkois-Suomen el\u00e4insuojeluyhdistys\",\"description\":\"Uusi SEY J\u00e4senyhdistykset -sivusto\",\"potentialAction\":[{\"@type\":\"SearchAction\",\"target\":{\"@type\":\"EntryPoint\",\"urlTemplate\":\"https:\/\/sey.fi\/kaakkois-suomi\/?s={search_term_string}\"},\"query-input\":{\"@type\":\"PropertyValueSpecification\",\"valueRequired\":true,\"valueName\":\"search_term_string\"}}],\"inLanguage\":\"fi\"}]}<\/script>\n<!-- \/ Yoast SEO plugin. -->","yoast_head_json":{"title":"Kanin hoito ja ruokinta - Kaakkois-Suomen el\u00e4insuojeluyhdistys","robots":{"index":"index","follow":"follow","max-snippet":"max-snippet:-1","max-image-preview":"max-image-preview:large","max-video-preview":"max-video-preview:-1"},"canonical":"https:\/\/sey.fi\/kaakkois-suomi\/kaakkois-suomen-elainsuojeluyhdistys\/ohjeet-ja-linkit\/169-2\/","og_locale":"fi_FI","og_type":"article","og_title":"Kanin hoito ja ruokinta - Kaakkois-Suomen el\u00e4insuojeluyhdistys","og_description":"Tutustu kanien hoitoon ja ruokintaan Pesu ry:n sivuilla. Lemmikkikanin ruokinnassa kulmakivin\u00e4 tulisi olla suuri kuidun m\u00e4\u00e4r\u00e4, matala sokeritaso, monipuolisuus ja muutosten tekeminen hitaasti. Muistathan siis aina uutta tuoreruokaa kokeillessasi, ett\u00e4 pupu kannattaa totuttaa siihen maltillisesti. T\u00e4t\u00e4 ei voi liikaa korostaa, sill\u00e4 uudet ruoat aiheuttavat yll\u00e4tt\u00e4v\u00e4nkin helposti ongelmia suurina m\u00e4\u00e4rin\u00e4 sy\u00f6tett\u00e4ess\u00e4. Nyrkkis\u00e4\u00e4nt\u00f6n\u00e4 tuoreruoan terveellisyyden suhteen voidaan [&hellip;]","og_url":"https:\/\/sey.fi\/kaakkois-suomi\/kaakkois-suomen-elainsuojeluyhdistys\/ohjeet-ja-linkit\/169-2\/","og_site_name":"Kaakkois-Suomen el\u00e4insuojeluyhdistys","article_modified_time":"2024-11-10T22:35:09+00:00","twitter_card":"summary_large_image","twitter_misc":{"Arvioitu lukuaika":"4 minuuttia"},"schema":{"@context":"https:\/\/schema.org","@graph":[{"@type":"WebPage","@id":"https:\/\/sey.fi\/kaakkois-suomi\/kaakkois-suomen-elainsuojeluyhdistys\/ohjeet-ja-linkit\/169-2\/","url":"https:\/\/sey.fi\/kaakkois-suomi\/kaakkois-suomen-elainsuojeluyhdistys\/ohjeet-ja-linkit\/169-2\/","name":"Kanin hoito ja ruokinta - Kaakkois-Suomen el\u00e4insuojeluyhdistys","isPartOf":{"@id":"https:\/\/sey.fi\/kaakkois-suomi\/#website"},"datePublished":"2019-11-01T12:27:15+00:00","dateModified":"2024-11-10T22:35:09+00:00","breadcrumb":{"@id":"https:\/\/sey.fi\/kaakkois-suomi\/kaakkois-suomen-elainsuojeluyhdistys\/ohjeet-ja-linkit\/169-2\/#breadcrumb"},"inLanguage":"fi","potentialAction":[{"@type":"ReadAction","target":["https:\/\/sey.fi\/kaakkois-suomi\/kaakkois-suomen-elainsuojeluyhdistys\/ohjeet-ja-linkit\/169-2\/"]}]},{"@type":"BreadcrumbList","@id":"https:\/\/sey.fi\/kaakkois-suomi\/kaakkois-suomen-elainsuojeluyhdistys\/ohjeet-ja-linkit\/169-2\/#breadcrumb","itemListElement":[{"@type":"ListItem","position":1,"name":"Home","item":"https:\/\/sey.fi\/kaakkois-suomi\/"},{"@type":"ListItem","position":2,"name":"Kaakkois-Suomen el\u00e4insuojeluyhdistys","item":"https:\/\/sey.fi\/kaakkois-suomi\/"},{"@type":"ListItem","position":3,"name":"Ohjeet ja linkit","item":"https:\/\/sey.fi\/kaakkois-suomi\/kaakkois-suomen-elainsuojeluyhdistys\/ohjeet-ja-linkit\/"},{"@type":"ListItem","position":4,"name":"Kanin hoito ja ruokinta"}]},{"@type":"WebSite","@id":"https:\/\/sey.fi\/kaakkois-suomi\/#website","url":"https:\/\/sey.fi\/kaakkois-suomi\/","name":"Kaakkois-Suomen el\u00e4insuojeluyhdistys","description":"Uusi SEY J\u00e4senyhdistykset -sivusto","potentialAction":[{"@type":"SearchAction","target":{"@type":"EntryPoint","urlTemplate":"https:\/\/sey.fi\/kaakkois-suomi\/?s={search_term_string}"},"query-input":{"@type":"PropertyValueSpecification","valueRequired":true,"valueName":"search_term_string"}}],"inLanguage":"fi"}]}},"_links":{"self":[{"href":"https:\/\/sey.fi\/kaakkois-suomi\/wp-json\/wp\/v2\/pages\/169","targetHints":{"allow":["GET"]}}],"collection":[{"href":"https:\/\/sey.fi\/kaakkois-suomi\/wp-json\/wp\/v2\/pages"}],"about":[{"href":"https:\/\/sey.fi\/kaakkois-suomi\/wp-json\/wp\/v2\/types\/page"}],"author":[{"embeddable":true,"href":"https:\/\/sey.fi\/kaakkois-suomi\/wp-json\/wp\/v2\/users\/8"}],"replies":[{"embeddable":true,"href":"https:\/\/sey.fi\/kaakkois-suomi\/wp-json\/wp\/v2\/comments?post=169"}],"version-history":[{"count":9,"href":"https:\/\/sey.fi\/kaakkois-suomi\/wp-json\/wp\/v2\/pages\/169\/revisions"}],"predecessor-version":[{"id":4756,"href":"https:\/\/sey.fi\/kaakkois-suomi\/wp-json\/wp\/v2\/pages\/169\/revisions\/4756"}],"up":[{"embeddable":true,"href":"https:\/\/sey.fi\/kaakkois-suomi\/wp-json\/wp\/v2\/pages\/159"}],"wp:attachment":[{"href":"https:\/\/sey.fi\/kaakkois-suomi\/wp-json\/wp\/v2\/media?parent=169"}],"curies":[{"name":"wp","href":"https:\/\/api.w.org\/{rel}","templated":true}]}}