{"id":173,"date":"2019-11-01T14:27:51","date_gmt":"2019-11-01T12:27:51","guid":{"rendered":"http:\/\/srvr10.xetpoint.com\/~seyfi\/kaakkois-suomi\/?page_id=173"},"modified":"2019-11-01T14:27:52","modified_gmt":"2019-11-01T12:27:52","slug":"kissan-aktivointi","status":"publish","type":"page","link":"https:\/\/sey.fi\/kaakkois-suomi\/kaakkois-suomen-elainsuojeluyhdistys\/ohjeet-ja-linkit\/kissan-aktivointi\/","title":{"rendered":"Kissan aktivointi"},"content":{"rendered":"\n<p><strong>Mets\u00e4st\u00e4minen ja saalisleikit<\/strong><\/p>\n\n\n\n<p>Mets\u00e4st\u00e4minen on kissalle palkitsevaa puuhaa. Vaikka jokainen isku ei p\u00e4\u00e4ttyisik\u00e4\u00e4n onnistuneeseen lopputulokseen, saa kissa jo yrityksest\u00e4 palkinnon, kun aivojen mielihyv\u00e4kemikaalit hyrr\u00e4\u00e4v\u00e4t. Kissan historiassa t\u00e4st\u00e4 on ollut hy\u00f6ty\u00e4. Innokkaimmin saalistusta yritt\u00e4neet ovat my\u00f6s onnistuneet ja jatkaneet sukuaan kaikkein tehokkaimmin.<\/p>\n\n\n\n<p>My\u00f6s keinotekoisen saaliin pyydyst\u00e4minen aiheuttaa kissan aivoissa positiivista vipin\u00e4\u00e4. Kissan mets\u00e4st\u00e4j\u00e4nvaiston her\u00e4tt\u00e4\u00e4 vikkel\u00e4sti liikkuva pieni kohde. Toiset kissat osaavat itse tuupata leluihinsa vauhtia. Kaikki kissat kuitenkin arvostavat, jos ihminen osallistuu leikkiin. Kissan kanssa olisikin hyv\u00e4 leikki\u00e4 p\u00e4ivitt\u00e4in.<\/p>\n\n\n\n<p>Yhteisiss\u00e4 leikeiss\u00e4 parhaita ovat narun p\u00e4\u00e4h\u00e4n kiinnitetyt lelut eli ns. hiirionget. Niiden avulla on helppo leikitt\u00e4\u00e4 kissaa vauhdikkaasti ja turvallisesti. Lelua liikutellessa kannattaa j\u00e4ljitell\u00e4 pikkujyrsij\u00e4n liikkeit\u00e4. Pikkuel\u00e4in liikkuu nykiv\u00e4sti ja v\u00e4lill\u00e4 pys\u00e4hdellen. V\u00e4lill\u00e4 se katoaa piiloon. Luontodokumentteja seuraamalla voi hioa kissanleikitt\u00e4mistaitojaan!<\/p>\n\n\n\n<p>Kannattaa muistaa, ett\u00e4 k\u00e4si ei ole kissan lelu. Vaikkei pentu viel\u00e4 k\u00e4tt\u00e4 pystyisi satuttamaan, kissan kasvaessa leikki muuttuu tuskalliseksi. K\u00e4sien kimppuun hy\u00f6kk\u00e4ily\u00e4 on aikuiselta kissalta vaikea opettaa pois. Kissaa ei siis pikkupentunakaan pid\u00e4 yllytt\u00e4\u00e4 puremaan ja kynsim\u00e4\u00e4n k\u00e4tt\u00e4. Jos kissa innostuu k\u00e4ym\u00e4\u00e4n raajojen kimppuun, on syyt\u00e4 vet\u00e4yty\u00e4 leikist\u00e4 ja tarjota hetken p\u00e4\u00e4st\u00e4 kissalle luvallista puuhaa lelujen kanssa.<\/p>\n\n\n\n<p><strong>Ruoka aktivoinnissa<\/strong><\/p>\n\n\n\n<p>Ruuan sy\u00f6minen kupista ei tarjoa kissalle kovasti haastetta. Ruokaa voi sen sijaan k\u00e4ytt\u00e4\u00e4 kissan virikkeellist\u00e4miseen:<\/p>\n\n\n\n<p>&#8211; Ruokaa voi piilottaa asuntoon kissan etsitt\u00e4v\u00e4ksi.<\/p>\n\n\n\n<p>&#8211; Ruokaa voi tarjoilla aktivointileluista. Lelut voi tehd\u00e4 itse tai ostaa valmiina.<\/p>\n\n\n\n<p>Ruualla virikkeellist\u00e4misess\u00e4 on syyt\u00e4 olla tarkkana, ettei kissan p\u00e4ivitt\u00e4inen energiansaanti kasva liian suureksi. Ylipaino on kissallekin vaarallista.<\/p>\n\n\n\n<p><strong>Ulkoilu<\/strong><\/p>\n\n\n\n<p>Ulkoilu tuo sis\u00e4kissan el\u00e4m\u00e4\u00e4n kaivattua toimintaa. Kissa ei kuitenkaan voi turvallisesti ulkoilla vapaasti kaupunkialueella. Maaseudulla petoel\u00e4imet voivat uhata kissan turvallisuutta. Monet kissat oppivat nauttimaan valjasulkoilusta omistajansa kanssa. Opettaminen valjaisiin ja taluttimeen on helpointa tehd\u00e4 jo pentuna, mutta aikuinenkin oppii, kunhan omistaja on rauhallinen ja k\u00e4rsiv\u00e4llinen. Valjaisiin totuttelu on syyt\u00e4 aloittaa sis\u00e4tiloissa. Leikkiminen kissan kanssa v\u00e4hent\u00e4\u00e4 uuden asian j\u00e4nnitt\u00e4mist\u00e4. Kun kissa on tottunut valjaisiin ja taluttimeen sis\u00e4tiloissa, on aika siirty\u00e4 ulos.<\/p>\n\n\n\n<p>Ensimm\u00e4isill\u00e4 kerroilla kissa kannattaa vied\u00e4 ulos paikkaan, jossa on mahdollisimman v\u00e4h\u00e4n h\u00e4iri\u00f6tekij\u00f6it\u00e4, kuten liikennett\u00e4 tai muita ulkoilijoita. On hyv\u00e4 ottaa mukaan kissan kuljetuskoppa. Mik\u00e4li kissa joutuu paniikkiin, kokee se kiinnipit\u00e4v\u00e4n ihmisen uhkaksi ja saattaa raapia tai purra kipe\u00e4sti. Kissa voi my\u00f6s reuhtoa itsens\u00e4 irti valjaista ja kadota. Ulkoilevan kissan onkin aina hyv\u00e4 olla merkitty mikrosirulla. Omakotitalon tai rivitalon pihalle voi rakentaa kissatarhan. Tarhassa kissa p\u00e4\u00e4see haistelemaan ulkoilmaa turvallisesti. Moni kissa nauttii maailman tarkkailusta my\u00f6s turvallisesti verkotetulta ja lasitetulta parvekkeelta.<\/p>\n\n\n\n<p><strong>Kissamainen sisustus<\/strong><\/p>\n\n\n\n<p>Kotia sisustettaessa on syyt\u00e4 ottaa huomioon my\u00f6s perheen kissaj\u00e4senet. On monia sisustusratkaisuja, joiden avulla kissan el\u00e4m\u00e4n voi tehd\u00e4 mukavaksi. Jokainen kissa tarvitsee kunnollisen raapimispuun. Kun kissa raapii pystysuoraa pintaa, se tekee samalla muutamaakin asiaa: Se j\u00e4tt\u00e4\u00e4 hajumerkkej\u00e4 tassujen v\u00e4liss\u00e4 sijaitsevista hajurauhasista, j\u00e4tt\u00e4\u00e4 merkiksi n\u00e4kyv\u00e4t kynnenj\u00e4ljet ja irrottaa kynsist\u00e4\u00e4n uloimman kuoren, mik\u00e4 paljastaa uuden ter\u00e4v\u00e4n kynnen. Kissalla on tarve kynsi\u00e4, eik\u00e4 sit\u00e4 voi opettaa siit\u00e4 pois. Sen sijaan kissan voi opettaa raapimaan toivottua kohdetta. Hyv\u00e4 raapimapuu on riitt\u00e4v\u00e4n tukeva ja korkea, sill\u00e4 kissa haluaa venytt\u00e4yty\u00e4 kynsiess\u00e4\u00e4n koko pituuteensa ja varata koko painonsa raavittavan pinnan varaan. Useimmat el\u00e4intarvikeliikkeiss\u00e4 myyt\u00e4v\u00e4t tolpat ovat liian matalia ja heppoisia. Raapimapuun voi toki rakentaa my\u00f6s itse tolpasta ja sisalk\u00f6ydest\u00e4 tai kokolattiamatonpalasta. Kissalle voi my\u00f6s antaa vanhan nojatuolin raavittavaksi.<\/p>\n\n\n\n<p>Useimmat kissat nauttivat ymp\u00e4rist\u00f6n tarkkailemisesta ikkunan l\u00e4pi. Mielekk\u00e4\u00e4seen kissasisustukseen kuuluukin hyvien t\u00e4hystyspaikkojen rakentaminen ikkunoille. Ikkunalaudoilta tai ikkunan eteen sijoitetuilta tasoilta kissa voi seurata mukavasti maailman tapahtumia, mik\u00e4 pit\u00e4\u00e4 tylsyytt\u00e4 loitolla. Kissat arvostavat korkeaa t\u00e4hyilypaikkaa kodin arkeen. Hyv\u00e4\u00e4n ja tukevaan kiipeilypuuhun kannattaa siis satsata. Kiipeilymahdollisuuksia voi rakentaa my\u00f6s seinille kiinnitetyist\u00e4 tasoista tai hyllyist\u00e4.<\/p>\n\n\n\n<p>Koska kissa on luonnossa isompien petojen saalisel\u00e4in, se nukkuu mielell\u00e4\u00e4n omassa piilossaan. Kissat ovat mestareita keksim\u00e4\u00e4n piilopaikkoja, mutta varsinkin jos kissoja on kotona useita, on omistajan syyt\u00e4 varmistaa, ett\u00e4 kaikille riitt\u00e4\u00e4 rauhallisia paikkoja torkkumiseen. Useissa kaupoissa myyt\u00e4viss\u00e4 kissanpesiss\u00e4 on ongelmana se, ett\u00e4 niiss\u00e4 on vain yksi poistumistie. Herkk\u00e4 kissa saattaa kokea olevansa t\u00e4llaisessa pes\u00e4ss\u00e4 ansassa, eik\u00e4 se siksi v\u00e4ltt\u00e4m\u00e4tt\u00e4 ole suosittu nukkumapaikka.<\/p>\n\n\n\n<p><strong>Kissalle kaveri?<\/strong><\/p>\n\n\n\n<p>Mik\u00e4li kissat tulevat toimeen kesken\u00e4\u00e4n, lajitoverin seura on korvaamaton tylsyydentorjuntakeino. Kissat pit\u00e4v\u00e4t seuraa toisilleen my\u00f6s silloin, kun omistaja on poissa kotoa. Vaikka kissoista ei yhdess\u00e4 nukkuvia ja toisiaan pesevi\u00e4 syd\u00e4nyst\u00e4vi\u00e4 tulisikaan, tarjoaa rauhanomainen rinnakkaiselokin kissoille v\u00e4ri\u00e4 arkeen. Toisiinsa vihamielisesti tai pelokkaasti suhtautuvia kissoja ei tietenk\u00e4\u00e4n pid\u00e4 majoittaa saman katon alla.<\/p>\n\n\n\n<p>Teksti on kopioitu SEYn kissatieto.fi sivulta:&nbsp;<a href=\"http:\/\/kissatieto.fi\/kissan-kayttaytymistarpeet\" target=\"_blank\" rel=\"noreferrer noopener\">http:\/\/kissatieto.fi\/kissan-kayttaytymistarpeet<\/a><\/p>\n","protected":false},"excerpt":{"rendered":"<p>Mets\u00e4st\u00e4minen ja saalisleikit Mets\u00e4st\u00e4minen on kissalle palkitsevaa puuhaa. Vaikka jokainen isku ei p\u00e4\u00e4ttyisik\u00e4\u00e4n onnistuneeseen lopputulokseen, saa kissa jo yrityksest\u00e4 palkinnon, kun aivojen mielihyv\u00e4kemikaalit hyrr\u00e4\u00e4v\u00e4t. Kissan historiassa t\u00e4st\u00e4 on ollut hy\u00f6ty\u00e4. Innokkaimmin saalistusta yritt\u00e4neet ovat my\u00f6s onnistuneet ja jatkaneet sukuaan kaikkein tehokkaimmin. My\u00f6s keinotekoisen saaliin pyydyst\u00e4minen aiheuttaa kissan aivoissa positiivista vipin\u00e4\u00e4. Kissan mets\u00e4st\u00e4j\u00e4nvaiston her\u00e4tt\u00e4\u00e4 vikkel\u00e4sti liikkuva [&hellip;]<\/p>\n","protected":false},"author":8,"featured_media":0,"parent":159,"menu_order":0,"comment_status":"closed","ping_status":"closed","template":"","meta":{"_acf_changed":false,"footnotes":""},"class_list":["post-173","page","type-page","status-publish","hentry"],"acf":[],"yoast_head":"<!-- This site is optimized with the Yoast SEO plugin v27.1.1 - https:\/\/yoast.com\/product\/yoast-seo-wordpress\/ -->\n<title>Kissan aktivointi - Kaakkois-Suomen el\u00e4insuojeluyhdistys<\/title>\n<meta name=\"robots\" content=\"index, follow, max-snippet:-1, max-image-preview:large, max-video-preview:-1\" \/>\n<link rel=\"canonical\" href=\"https:\/\/sey.fi\/kaakkois-suomi\/kaakkois-suomen-elainsuojeluyhdistys\/ohjeet-ja-linkit\/kissan-aktivointi\/\" \/>\n<meta property=\"og:locale\" content=\"fi_FI\" \/>\n<meta property=\"og:type\" content=\"article\" \/>\n<meta property=\"og:title\" content=\"Kissan aktivointi - Kaakkois-Suomen el\u00e4insuojeluyhdistys\" \/>\n<meta property=\"og:description\" content=\"Mets\u00e4st\u00e4minen ja saalisleikit Mets\u00e4st\u00e4minen on kissalle palkitsevaa puuhaa. Vaikka jokainen isku ei p\u00e4\u00e4ttyisik\u00e4\u00e4n onnistuneeseen lopputulokseen, saa kissa jo yrityksest\u00e4 palkinnon, kun aivojen mielihyv\u00e4kemikaalit hyrr\u00e4\u00e4v\u00e4t. Kissan historiassa t\u00e4st\u00e4 on ollut hy\u00f6ty\u00e4. Innokkaimmin saalistusta yritt\u00e4neet ovat my\u00f6s onnistuneet ja jatkaneet sukuaan kaikkein tehokkaimmin. My\u00f6s keinotekoisen saaliin pyydyst\u00e4minen aiheuttaa kissan aivoissa positiivista vipin\u00e4\u00e4. Kissan mets\u00e4st\u00e4j\u00e4nvaiston her\u00e4tt\u00e4\u00e4 vikkel\u00e4sti liikkuva [&hellip;]\" \/>\n<meta property=\"og:url\" content=\"https:\/\/sey.fi\/kaakkois-suomi\/kaakkois-suomen-elainsuojeluyhdistys\/ohjeet-ja-linkit\/kissan-aktivointi\/\" \/>\n<meta property=\"og:site_name\" content=\"Kaakkois-Suomen el\u00e4insuojeluyhdistys\" \/>\n<meta property=\"article:modified_time\" content=\"2019-11-01T12:27:52+00:00\" \/>\n<meta name=\"twitter:card\" content=\"summary_large_image\" \/>\n<meta name=\"twitter:label1\" content=\"Arvioitu lukuaika\" \/>\n\t<meta name=\"twitter:data1\" content=\"4 minuuttia\" \/>\n<script type=\"application\/ld+json\" class=\"yoast-schema-graph\">{\"@context\":\"https:\/\/schema.org\",\"@graph\":[{\"@type\":\"WebPage\",\"@id\":\"https:\/\/sey.fi\/kaakkois-suomi\/kaakkois-suomen-elainsuojeluyhdistys\/ohjeet-ja-linkit\/kissan-aktivointi\/\",\"url\":\"https:\/\/sey.fi\/kaakkois-suomi\/kaakkois-suomen-elainsuojeluyhdistys\/ohjeet-ja-linkit\/kissan-aktivointi\/\",\"name\":\"Kissan aktivointi - Kaakkois-Suomen el\u00e4insuojeluyhdistys\",\"isPartOf\":{\"@id\":\"https:\/\/sey.fi\/kaakkois-suomi\/#website\"},\"datePublished\":\"2019-11-01T12:27:51+00:00\",\"dateModified\":\"2019-11-01T12:27:52+00:00\",\"breadcrumb\":{\"@id\":\"https:\/\/sey.fi\/kaakkois-suomi\/kaakkois-suomen-elainsuojeluyhdistys\/ohjeet-ja-linkit\/kissan-aktivointi\/#breadcrumb\"},\"inLanguage\":\"fi\",\"potentialAction\":[{\"@type\":\"ReadAction\",\"target\":[\"https:\/\/sey.fi\/kaakkois-suomi\/kaakkois-suomen-elainsuojeluyhdistys\/ohjeet-ja-linkit\/kissan-aktivointi\/\"]}]},{\"@type\":\"BreadcrumbList\",\"@id\":\"https:\/\/sey.fi\/kaakkois-suomi\/kaakkois-suomen-elainsuojeluyhdistys\/ohjeet-ja-linkit\/kissan-aktivointi\/#breadcrumb\",\"itemListElement\":[{\"@type\":\"ListItem\",\"position\":1,\"name\":\"Home\",\"item\":\"https:\/\/sey.fi\/kaakkois-suomi\/\"},{\"@type\":\"ListItem\",\"position\":2,\"name\":\"Kaakkois-Suomen el\u00e4insuojeluyhdistys\",\"item\":\"https:\/\/sey.fi\/kaakkois-suomi\/\"},{\"@type\":\"ListItem\",\"position\":3,\"name\":\"Ohjeet ja linkit\",\"item\":\"https:\/\/sey.fi\/kaakkois-suomi\/kaakkois-suomen-elainsuojeluyhdistys\/ohjeet-ja-linkit\/\"},{\"@type\":\"ListItem\",\"position\":4,\"name\":\"Kissan aktivointi\"}]},{\"@type\":\"WebSite\",\"@id\":\"https:\/\/sey.fi\/kaakkois-suomi\/#website\",\"url\":\"https:\/\/sey.fi\/kaakkois-suomi\/\",\"name\":\"Kaakkois-Suomen el\u00e4insuojeluyhdistys\",\"description\":\"Uusi SEY J\u00e4senyhdistykset -sivusto\",\"potentialAction\":[{\"@type\":\"SearchAction\",\"target\":{\"@type\":\"EntryPoint\",\"urlTemplate\":\"https:\/\/sey.fi\/kaakkois-suomi\/?s={search_term_string}\"},\"query-input\":{\"@type\":\"PropertyValueSpecification\",\"valueRequired\":true,\"valueName\":\"search_term_string\"}}],\"inLanguage\":\"fi\"}]}<\/script>\n<!-- \/ Yoast SEO plugin. -->","yoast_head_json":{"title":"Kissan aktivointi - Kaakkois-Suomen el\u00e4insuojeluyhdistys","robots":{"index":"index","follow":"follow","max-snippet":"max-snippet:-1","max-image-preview":"max-image-preview:large","max-video-preview":"max-video-preview:-1"},"canonical":"https:\/\/sey.fi\/kaakkois-suomi\/kaakkois-suomen-elainsuojeluyhdistys\/ohjeet-ja-linkit\/kissan-aktivointi\/","og_locale":"fi_FI","og_type":"article","og_title":"Kissan aktivointi - Kaakkois-Suomen el\u00e4insuojeluyhdistys","og_description":"Mets\u00e4st\u00e4minen ja saalisleikit Mets\u00e4st\u00e4minen on kissalle palkitsevaa puuhaa. Vaikka jokainen isku ei p\u00e4\u00e4ttyisik\u00e4\u00e4n onnistuneeseen lopputulokseen, saa kissa jo yrityksest\u00e4 palkinnon, kun aivojen mielihyv\u00e4kemikaalit hyrr\u00e4\u00e4v\u00e4t. Kissan historiassa t\u00e4st\u00e4 on ollut hy\u00f6ty\u00e4. Innokkaimmin saalistusta yritt\u00e4neet ovat my\u00f6s onnistuneet ja jatkaneet sukuaan kaikkein tehokkaimmin. My\u00f6s keinotekoisen saaliin pyydyst\u00e4minen aiheuttaa kissan aivoissa positiivista vipin\u00e4\u00e4. Kissan mets\u00e4st\u00e4j\u00e4nvaiston her\u00e4tt\u00e4\u00e4 vikkel\u00e4sti liikkuva [&hellip;]","og_url":"https:\/\/sey.fi\/kaakkois-suomi\/kaakkois-suomen-elainsuojeluyhdistys\/ohjeet-ja-linkit\/kissan-aktivointi\/","og_site_name":"Kaakkois-Suomen el\u00e4insuojeluyhdistys","article_modified_time":"2019-11-01T12:27:52+00:00","twitter_card":"summary_large_image","twitter_misc":{"Arvioitu lukuaika":"4 minuuttia"},"schema":{"@context":"https:\/\/schema.org","@graph":[{"@type":"WebPage","@id":"https:\/\/sey.fi\/kaakkois-suomi\/kaakkois-suomen-elainsuojeluyhdistys\/ohjeet-ja-linkit\/kissan-aktivointi\/","url":"https:\/\/sey.fi\/kaakkois-suomi\/kaakkois-suomen-elainsuojeluyhdistys\/ohjeet-ja-linkit\/kissan-aktivointi\/","name":"Kissan aktivointi - Kaakkois-Suomen el\u00e4insuojeluyhdistys","isPartOf":{"@id":"https:\/\/sey.fi\/kaakkois-suomi\/#website"},"datePublished":"2019-11-01T12:27:51+00:00","dateModified":"2019-11-01T12:27:52+00:00","breadcrumb":{"@id":"https:\/\/sey.fi\/kaakkois-suomi\/kaakkois-suomen-elainsuojeluyhdistys\/ohjeet-ja-linkit\/kissan-aktivointi\/#breadcrumb"},"inLanguage":"fi","potentialAction":[{"@type":"ReadAction","target":["https:\/\/sey.fi\/kaakkois-suomi\/kaakkois-suomen-elainsuojeluyhdistys\/ohjeet-ja-linkit\/kissan-aktivointi\/"]}]},{"@type":"BreadcrumbList","@id":"https:\/\/sey.fi\/kaakkois-suomi\/kaakkois-suomen-elainsuojeluyhdistys\/ohjeet-ja-linkit\/kissan-aktivointi\/#breadcrumb","itemListElement":[{"@type":"ListItem","position":1,"name":"Home","item":"https:\/\/sey.fi\/kaakkois-suomi\/"},{"@type":"ListItem","position":2,"name":"Kaakkois-Suomen el\u00e4insuojeluyhdistys","item":"https:\/\/sey.fi\/kaakkois-suomi\/"},{"@type":"ListItem","position":3,"name":"Ohjeet ja linkit","item":"https:\/\/sey.fi\/kaakkois-suomi\/kaakkois-suomen-elainsuojeluyhdistys\/ohjeet-ja-linkit\/"},{"@type":"ListItem","position":4,"name":"Kissan aktivointi"}]},{"@type":"WebSite","@id":"https:\/\/sey.fi\/kaakkois-suomi\/#website","url":"https:\/\/sey.fi\/kaakkois-suomi\/","name":"Kaakkois-Suomen el\u00e4insuojeluyhdistys","description":"Uusi SEY J\u00e4senyhdistykset -sivusto","potentialAction":[{"@type":"SearchAction","target":{"@type":"EntryPoint","urlTemplate":"https:\/\/sey.fi\/kaakkois-suomi\/?s={search_term_string}"},"query-input":{"@type":"PropertyValueSpecification","valueRequired":true,"valueName":"search_term_string"}}],"inLanguage":"fi"}]}},"_links":{"self":[{"href":"https:\/\/sey.fi\/kaakkois-suomi\/wp-json\/wp\/v2\/pages\/173","targetHints":{"allow":["GET"]}}],"collection":[{"href":"https:\/\/sey.fi\/kaakkois-suomi\/wp-json\/wp\/v2\/pages"}],"about":[{"href":"https:\/\/sey.fi\/kaakkois-suomi\/wp-json\/wp\/v2\/types\/page"}],"author":[{"embeddable":true,"href":"https:\/\/sey.fi\/kaakkois-suomi\/wp-json\/wp\/v2\/users\/8"}],"replies":[{"embeddable":true,"href":"https:\/\/sey.fi\/kaakkois-suomi\/wp-json\/wp\/v2\/comments?post=173"}],"version-history":[{"count":1,"href":"https:\/\/sey.fi\/kaakkois-suomi\/wp-json\/wp\/v2\/pages\/173\/revisions"}],"predecessor-version":[{"id":174,"href":"https:\/\/sey.fi\/kaakkois-suomi\/wp-json\/wp\/v2\/pages\/173\/revisions\/174"}],"up":[{"embeddable":true,"href":"https:\/\/sey.fi\/kaakkois-suomi\/wp-json\/wp\/v2\/pages\/159"}],"wp:attachment":[{"href":"https:\/\/sey.fi\/kaakkois-suomi\/wp-json\/wp\/v2\/media?parent=173"}],"curies":[{"name":"wp","href":"https:\/\/api.w.org\/{rel}","templated":true}]}}