{"id":176,"date":"2019-11-01T14:28:35","date_gmt":"2019-11-01T12:28:35","guid":{"rendered":"http:\/\/srvr10.xetpoint.com\/~seyfi\/kaakkois-suomi\/?page_id=176"},"modified":"2019-11-01T14:28:36","modified_gmt":"2019-11-01T12:28:36","slug":"kissan-hoito","status":"publish","type":"page","link":"https:\/\/sey.fi\/kaakkois-suomi\/kaakkois-suomen-elainsuojeluyhdistys\/ohjeet-ja-linkit\/kissan-hoito\/","title":{"rendered":"Kissan hoito"},"content":{"rendered":"\n<p>Hyvin hoidettu kissa el\u00e4\u00e4 jopa 20 vuotiaaksi, ylikin. Sit\u00e4 on jaksettava hoitaa hyvin koko sen elini\u00e4n. P\u00e4ivitt\u00e4inen kissanhoito pit\u00e4\u00e4 sis\u00e4ll\u00e4\u00e4n kissan ruokkimisen ja veden vaihtamisen, sek\u00e4 hiekkalaatikon puhtaanapidon.<\/p>\n\n\n\n<p>Kissa on siisti el\u00e4in, eik\u00e4 halua menn\u00e4 likaiselle hiekkalaatikolle. Hiekkalaatikon hiekat tulisi vaihtaa ja laatikko pest\u00e4 v\u00e4hint\u00e4\u00e4n kerran viikossa. Luonnollisesti hiekkalaatikko puhdistetaan p\u00e4ivitt\u00e4in. Laatikoita tulisi olla 1kpl\/kissa, eli jos taloudessa asuu vaikkapa kolme kissaa, olisi hiekkalaatikoitakin hyv\u00e4 olla kolme.<\/p>\n\n\n\n<p>Pidempikarvaiselta kissalta tulee harjata viikottain turkki ja mahdolliset takut poistettava, ettei kissan iho kiristy ja tulehdu takun kohdalta. Harjaaminen on muutenkin mukavaa ajanvietett\u00e4 kissan ja omistajan v\u00e4lill\u00e4, oli kissa sitten lyhyt- tai pitk\u00e4karvainen. Useimmat kissat nauttivat harjaamisesta kovin, ja yhteiset harjaushetket kasvattavat kissan luottamusta omistajaansa.<\/p>\n\n\n\n<p>Samalla kun kissaa harjataan, tarkistetaan kissan ihon ja karvan kunto. Jos kissan silm\u00e4kulmissa on r\u00e4hm\u00e4\u00e4, poistetaan se varovasti. Jos silm\u00e4t ovat punaiset ja r\u00e4hmiv\u00e4t paljon, ovat silm\u00e4t luultavasti tulehtuneet. T\u00e4ll\u00f6in on syyt\u00e4 k\u00e4\u00e4nty\u00e4 l\u00e4\u00e4k\u00e4rin puoleen. My\u00f6s korvat tarkistetaan viikoittain. Jos korvanlehdille on ker\u00e4\u00e4ntynyt vahaa, poistetaan se kostutetulla pumpulilla. Korvaa ei kuitenkaan saa yritt\u00e4\u00e4 puhdistaa liian syv\u00e4lt\u00e4! Mik\u00e4li korvissa on paljon tummaa sahanpurun tapaista likaa, saattaa kissalla olla korvapunkki tai jokin muu ulkoloinen. El\u00e4inl\u00e4\u00e4k\u00e4rilt\u00e4 saa oikean aineen punkkien poistamiseksi.<\/p>\n\n\n\n<p>Kissan kynnet kasvavat jatkuvasti, eik\u00e4 sis\u00e4kissa saa v\u00e4ltt\u00e4m\u00e4tt\u00e4 kulutettua niit\u00e4 riitt\u00e4v\u00e4n nopeasti. Kun kynnet ovat kasvaneet liian pitkiksi, leikataan niist\u00e4 ter\u00e4vin k\u00e4rki pois. Kynnen sis\u00e4ll\u00e4 olevaa vaaleanpunaista aluetta on varottava, sill\u00e4 siell\u00e4 kulkevat verisuonet ja hermot. Kynsien teroittamista varten on jokaisesta kissakodista l\u00f6ydytt\u00e4v\u00e4 raapimis\/kiipeilypuu. Kissat nauttivat korkealla kiipeilemisest\u00e4, ja korkea raapimispuu toimii erinomaisena t\u00e4h\u00e4n tarkoitukseen, ja samalla my\u00f6s huonekalut j\u00e4\u00e4v\u00e4t mahdollisesti rauhaan.<\/p>\n\n\n\n<p>Sis\u00e4kissa on madotettava puolen vuoden v\u00e4lein, ulkokissa useammin. Kerran vuodessa kissa k\u00e4ytet\u00e4\u00e4n rokotettavana, ja samalla el\u00e4inl\u00e4\u00e4k\u00e4ri tarkastaa kissan yleisen terveydentilan. Rokotusten lis\u00e4ksi on hyv\u00e4 seurata kissan hampaiden kuntoa ja tarpeen vaatiessa poistattaa hammaskivi. Jos hammaskive\u00e4 ei poisteta, hammas m\u00e4t\u00e4nee ja ikenet tulehtuvat. Pahan hajuinen hengitys voi olla merkki kissan ientulehduksesta tai hammaskivest\u00e4.<\/p>\n\n\n\n<p><strong>Ennalta ehk\u00e4isev\u00e4 terveydenhoito<\/strong><\/p>\n\n\n\n<p>Hyvin hoidetulla kissalla on paras vastustuskyky sairauksia vastaan. Hyv\u00e4n yleiskunnon yll\u00e4pit\u00e4miseksi on huolehdittava, ett\u00e4 kissa saa monipuolista ja sen tarpeet tyydytt\u00e4v\u00e4\u00e4 t\u00e4ysipainoista ravintoa. Kissan psyykkist\u00e4 ja fyysist\u00e4 terveytt\u00e4 edist\u00e4v\u00e4t riitt\u00e4v\u00e4 jokap\u00e4iv\u00e4inen liikunta ja virikkeellinen ymp\u00e4rist\u00f6. Kissan terveydentila (turkki, iho, korvat, silm\u00e4t, suu, kynnet) tulee tarkistaa s\u00e4\u00e4nn\u00f6llisesti. El\u00e4inl\u00e4\u00e4k\u00e4rin tarkastuksesta ja rokotteiden uusimisesta tulee huolehtia vuosittain. Kissa on syyt\u00e4 totuttaa k\u00e4sittelyyn ja hoitoon pienest\u00e4 pit\u00e4en.<\/p>\n\n\n\n<p>Kissan rokotusohjelma aloitetaan yleens\u00e4 9-12 viikon ik\u00e4isen\u00e4, jolloin pentu rokotetaan kissaruttoa ja kissaflunssaa vastaan. Tehosterokote annetaan noin kuukauden kuluttua. T\u00e4m\u00e4n j\u00e4lkeen rokotteet uusitaan vuoden v\u00e4lein. On t\u00e4rke\u00e4\u00e4 varmistaa, ett\u00e4 uusinta tulee otettua ennen edellisen rokotuksen voimassaoloajan p\u00e4\u00e4ttymist\u00e4. Mik\u00e4li kissa matkustaa ulkomaille, on sill\u00e4 oltava lis\u00e4ksi rokote raivotautia vastaan. Rokotuksilla pyrit\u00e4\u00e4n hankkimaan vastustuskyky t\u00e4rkeimpiin tartuntatauteihin. Rokotteen antama suoja ei ole t\u00e4ydellinen, mutta sairauden oireet ovat rokotetuilla huomattavasti lievemm\u00e4t kuin rokottamattomilla.<\/p>\n\n\n\n<p>Kissanpennulle kuuluu antaa matokuuri (loish\u00e4\u00e4t\u00f6) useampaan kertaan jo pennun ollessa viel\u00e4 pieni, alle luovutusik\u00e4inen. HUOM. KISSANPENTU ON LUOVUTUSI\u00c4SS\u00c4 V\u00c4HINT\u00c4\u00c4N 12-VIIKKOISENA! Luovutuksen j\u00e4lkeen nuori kissa madotetaan 3-4 kertaa vuodessa. Vuoden i\u00e4n j\u00e4lkeen sis\u00e4kissoille riitt\u00e4\u00e4 madotus puolen vuoden v\u00e4lein. Kissa tulisi madottaa s\u00e4\u00e4nn\u00f6llisesti vaikka oireita ei olisikaan, sill\u00e4 loistartunnat ovat usein piilevi\u00e4. Lis\u00e4ksi matol\u00e4\u00e4kitys annetaan aina, kun kissoilla havaitaan loisia. Madotus olisi hyv\u00e4 tehd\u00e4 viikkoa paria ennen rokotusta. Matol\u00e4\u00e4kkein\u00e4 kannattaa k\u00e4ytt\u00e4\u00e4 vuorotellen eri valmisteita, jotta v\u00e4ltet\u00e4\u00e4n jotakin valmistetta kest\u00e4vien loisten j\u00e4\u00e4minen suolistoon. Kissoille voi v\u00e4lill\u00e4 antaa my\u00f6s heisimatoihin tehoavaa l\u00e4\u00e4kityst\u00e4.<\/p>\n\n\n\n<p>Kissan perusterveydenhoitoon kuulu my\u00f6s naaraan sterilointi ja uroksen kastrointi. L\u00f6yt\u00f6el\u00e4inkodista haetulla kissalla ei saa teet\u00e4tt\u00e4\u00e4 pentuja, ja omistaja sitoutuu leikkauttamaan kissan, mik\u00e4li kissa ei ole haettaessa jo steriloitu\/kastroitu. Leikkaamaton kissa k\u00e4rsii turhista kiimoista, joka aiheuttaa kissalle kovasti stressi\u00e4, mik\u00e4 puolestaan vaikuttaa kissan fyysiseen kuntoon, esimerkiksi turkkiin. Kiimainen kissa ei usein sy\u00f6 tarpeeksi ja n\u00e4in ollen kissa my\u00f6s laihtuu. Kissa on ihannepainossaan silloin kun sen kylkiluut tuntuvat, mutta eiv\u00e4t n\u00e4y. Kissaa ei my\u00f6sk\u00e4\u00e4n saa sy\u00f6tt\u00e4\u00e4 liikaa, sill\u00e4 ylipainoinen kissa on altis mm. verisuonisairauksille.<\/p>\n\n\n\n<p><em>Ohjeista kiitos Kiia Koskiselle!<\/em><\/p>\n","protected":false},"excerpt":{"rendered":"<p>Hyvin hoidettu kissa el\u00e4\u00e4 jopa 20 vuotiaaksi, ylikin. Sit\u00e4 on jaksettava hoitaa hyvin koko sen elini\u00e4n. P\u00e4ivitt\u00e4inen kissanhoito pit\u00e4\u00e4 sis\u00e4ll\u00e4\u00e4n kissan ruokkimisen ja veden vaihtamisen, sek\u00e4 hiekkalaatikon puhtaanapidon. Kissa on siisti el\u00e4in, eik\u00e4 halua menn\u00e4 likaiselle hiekkalaatikolle. Hiekkalaatikon hiekat tulisi vaihtaa ja laatikko pest\u00e4 v\u00e4hint\u00e4\u00e4n kerran viikossa. Luonnollisesti hiekkalaatikko puhdistetaan p\u00e4ivitt\u00e4in. Laatikoita tulisi olla 1kpl\/kissa, [&hellip;]<\/p>\n","protected":false},"author":8,"featured_media":0,"parent":159,"menu_order":0,"comment_status":"closed","ping_status":"closed","template":"","meta":{"_acf_changed":false,"footnotes":""},"class_list":["post-176","page","type-page","status-publish","hentry"],"acf":[],"yoast_head":"<!-- This site is optimized with the Yoast SEO plugin v27.1.1 - https:\/\/yoast.com\/product\/yoast-seo-wordpress\/ -->\n<title>Kissan hoito - Kaakkois-Suomen el\u00e4insuojeluyhdistys<\/title>\n<meta name=\"robots\" content=\"index, follow, max-snippet:-1, max-image-preview:large, max-video-preview:-1\" \/>\n<link rel=\"canonical\" href=\"https:\/\/sey.fi\/kaakkois-suomi\/kaakkois-suomen-elainsuojeluyhdistys\/ohjeet-ja-linkit\/kissan-hoito\/\" \/>\n<meta property=\"og:locale\" content=\"fi_FI\" \/>\n<meta property=\"og:type\" content=\"article\" \/>\n<meta property=\"og:title\" content=\"Kissan hoito - Kaakkois-Suomen el\u00e4insuojeluyhdistys\" \/>\n<meta property=\"og:description\" content=\"Hyvin hoidettu kissa el\u00e4\u00e4 jopa 20 vuotiaaksi, ylikin. Sit\u00e4 on jaksettava hoitaa hyvin koko sen elini\u00e4n. P\u00e4ivitt\u00e4inen kissanhoito pit\u00e4\u00e4 sis\u00e4ll\u00e4\u00e4n kissan ruokkimisen ja veden vaihtamisen, sek\u00e4 hiekkalaatikon puhtaanapidon. Kissa on siisti el\u00e4in, eik\u00e4 halua menn\u00e4 likaiselle hiekkalaatikolle. Hiekkalaatikon hiekat tulisi vaihtaa ja laatikko pest\u00e4 v\u00e4hint\u00e4\u00e4n kerran viikossa. Luonnollisesti hiekkalaatikko puhdistetaan p\u00e4ivitt\u00e4in. Laatikoita tulisi olla 1kpl\/kissa, [&hellip;]\" \/>\n<meta property=\"og:url\" content=\"https:\/\/sey.fi\/kaakkois-suomi\/kaakkois-suomen-elainsuojeluyhdistys\/ohjeet-ja-linkit\/kissan-hoito\/\" \/>\n<meta property=\"og:site_name\" content=\"Kaakkois-Suomen el\u00e4insuojeluyhdistys\" \/>\n<meta property=\"article:modified_time\" content=\"2019-11-01T12:28:36+00:00\" \/>\n<meta name=\"twitter:card\" content=\"summary_large_image\" \/>\n<meta name=\"twitter:label1\" content=\"Arvioitu lukuaika\" \/>\n\t<meta name=\"twitter:data1\" content=\"4 minuuttia\" \/>\n<script type=\"application\/ld+json\" class=\"yoast-schema-graph\">{\"@context\":\"https:\/\/schema.org\",\"@graph\":[{\"@type\":\"WebPage\",\"@id\":\"https:\/\/sey.fi\/kaakkois-suomi\/kaakkois-suomen-elainsuojeluyhdistys\/ohjeet-ja-linkit\/kissan-hoito\/\",\"url\":\"https:\/\/sey.fi\/kaakkois-suomi\/kaakkois-suomen-elainsuojeluyhdistys\/ohjeet-ja-linkit\/kissan-hoito\/\",\"name\":\"Kissan hoito - Kaakkois-Suomen el\u00e4insuojeluyhdistys\",\"isPartOf\":{\"@id\":\"https:\/\/sey.fi\/kaakkois-suomi\/#website\"},\"datePublished\":\"2019-11-01T12:28:35+00:00\",\"dateModified\":\"2019-11-01T12:28:36+00:00\",\"breadcrumb\":{\"@id\":\"https:\/\/sey.fi\/kaakkois-suomi\/kaakkois-suomen-elainsuojeluyhdistys\/ohjeet-ja-linkit\/kissan-hoito\/#breadcrumb\"},\"inLanguage\":\"fi\",\"potentialAction\":[{\"@type\":\"ReadAction\",\"target\":[\"https:\/\/sey.fi\/kaakkois-suomi\/kaakkois-suomen-elainsuojeluyhdistys\/ohjeet-ja-linkit\/kissan-hoito\/\"]}]},{\"@type\":\"BreadcrumbList\",\"@id\":\"https:\/\/sey.fi\/kaakkois-suomi\/kaakkois-suomen-elainsuojeluyhdistys\/ohjeet-ja-linkit\/kissan-hoito\/#breadcrumb\",\"itemListElement\":[{\"@type\":\"ListItem\",\"position\":1,\"name\":\"Home\",\"item\":\"https:\/\/sey.fi\/kaakkois-suomi\/\"},{\"@type\":\"ListItem\",\"position\":2,\"name\":\"Kaakkois-Suomen el\u00e4insuojeluyhdistys\",\"item\":\"https:\/\/sey.fi\/kaakkois-suomi\/\"},{\"@type\":\"ListItem\",\"position\":3,\"name\":\"Ohjeet ja linkit\",\"item\":\"https:\/\/sey.fi\/kaakkois-suomi\/kaakkois-suomen-elainsuojeluyhdistys\/ohjeet-ja-linkit\/\"},{\"@type\":\"ListItem\",\"position\":4,\"name\":\"Kissan hoito\"}]},{\"@type\":\"WebSite\",\"@id\":\"https:\/\/sey.fi\/kaakkois-suomi\/#website\",\"url\":\"https:\/\/sey.fi\/kaakkois-suomi\/\",\"name\":\"Kaakkois-Suomen el\u00e4insuojeluyhdistys\",\"description\":\"Uusi SEY J\u00e4senyhdistykset -sivusto\",\"potentialAction\":[{\"@type\":\"SearchAction\",\"target\":{\"@type\":\"EntryPoint\",\"urlTemplate\":\"https:\/\/sey.fi\/kaakkois-suomi\/?s={search_term_string}\"},\"query-input\":{\"@type\":\"PropertyValueSpecification\",\"valueRequired\":true,\"valueName\":\"search_term_string\"}}],\"inLanguage\":\"fi\"}]}<\/script>\n<!-- \/ Yoast SEO plugin. -->","yoast_head_json":{"title":"Kissan hoito - Kaakkois-Suomen el\u00e4insuojeluyhdistys","robots":{"index":"index","follow":"follow","max-snippet":"max-snippet:-1","max-image-preview":"max-image-preview:large","max-video-preview":"max-video-preview:-1"},"canonical":"https:\/\/sey.fi\/kaakkois-suomi\/kaakkois-suomen-elainsuojeluyhdistys\/ohjeet-ja-linkit\/kissan-hoito\/","og_locale":"fi_FI","og_type":"article","og_title":"Kissan hoito - Kaakkois-Suomen el\u00e4insuojeluyhdistys","og_description":"Hyvin hoidettu kissa el\u00e4\u00e4 jopa 20 vuotiaaksi, ylikin. Sit\u00e4 on jaksettava hoitaa hyvin koko sen elini\u00e4n. P\u00e4ivitt\u00e4inen kissanhoito pit\u00e4\u00e4 sis\u00e4ll\u00e4\u00e4n kissan ruokkimisen ja veden vaihtamisen, sek\u00e4 hiekkalaatikon puhtaanapidon. Kissa on siisti el\u00e4in, eik\u00e4 halua menn\u00e4 likaiselle hiekkalaatikolle. Hiekkalaatikon hiekat tulisi vaihtaa ja laatikko pest\u00e4 v\u00e4hint\u00e4\u00e4n kerran viikossa. Luonnollisesti hiekkalaatikko puhdistetaan p\u00e4ivitt\u00e4in. Laatikoita tulisi olla 1kpl\/kissa, [&hellip;]","og_url":"https:\/\/sey.fi\/kaakkois-suomi\/kaakkois-suomen-elainsuojeluyhdistys\/ohjeet-ja-linkit\/kissan-hoito\/","og_site_name":"Kaakkois-Suomen el\u00e4insuojeluyhdistys","article_modified_time":"2019-11-01T12:28:36+00:00","twitter_card":"summary_large_image","twitter_misc":{"Arvioitu lukuaika":"4 minuuttia"},"schema":{"@context":"https:\/\/schema.org","@graph":[{"@type":"WebPage","@id":"https:\/\/sey.fi\/kaakkois-suomi\/kaakkois-suomen-elainsuojeluyhdistys\/ohjeet-ja-linkit\/kissan-hoito\/","url":"https:\/\/sey.fi\/kaakkois-suomi\/kaakkois-suomen-elainsuojeluyhdistys\/ohjeet-ja-linkit\/kissan-hoito\/","name":"Kissan hoito - Kaakkois-Suomen el\u00e4insuojeluyhdistys","isPartOf":{"@id":"https:\/\/sey.fi\/kaakkois-suomi\/#website"},"datePublished":"2019-11-01T12:28:35+00:00","dateModified":"2019-11-01T12:28:36+00:00","breadcrumb":{"@id":"https:\/\/sey.fi\/kaakkois-suomi\/kaakkois-suomen-elainsuojeluyhdistys\/ohjeet-ja-linkit\/kissan-hoito\/#breadcrumb"},"inLanguage":"fi","potentialAction":[{"@type":"ReadAction","target":["https:\/\/sey.fi\/kaakkois-suomi\/kaakkois-suomen-elainsuojeluyhdistys\/ohjeet-ja-linkit\/kissan-hoito\/"]}]},{"@type":"BreadcrumbList","@id":"https:\/\/sey.fi\/kaakkois-suomi\/kaakkois-suomen-elainsuojeluyhdistys\/ohjeet-ja-linkit\/kissan-hoito\/#breadcrumb","itemListElement":[{"@type":"ListItem","position":1,"name":"Home","item":"https:\/\/sey.fi\/kaakkois-suomi\/"},{"@type":"ListItem","position":2,"name":"Kaakkois-Suomen el\u00e4insuojeluyhdistys","item":"https:\/\/sey.fi\/kaakkois-suomi\/"},{"@type":"ListItem","position":3,"name":"Ohjeet ja linkit","item":"https:\/\/sey.fi\/kaakkois-suomi\/kaakkois-suomen-elainsuojeluyhdistys\/ohjeet-ja-linkit\/"},{"@type":"ListItem","position":4,"name":"Kissan hoito"}]},{"@type":"WebSite","@id":"https:\/\/sey.fi\/kaakkois-suomi\/#website","url":"https:\/\/sey.fi\/kaakkois-suomi\/","name":"Kaakkois-Suomen el\u00e4insuojeluyhdistys","description":"Uusi SEY J\u00e4senyhdistykset -sivusto","potentialAction":[{"@type":"SearchAction","target":{"@type":"EntryPoint","urlTemplate":"https:\/\/sey.fi\/kaakkois-suomi\/?s={search_term_string}"},"query-input":{"@type":"PropertyValueSpecification","valueRequired":true,"valueName":"search_term_string"}}],"inLanguage":"fi"}]}},"_links":{"self":[{"href":"https:\/\/sey.fi\/kaakkois-suomi\/wp-json\/wp\/v2\/pages\/176","targetHints":{"allow":["GET"]}}],"collection":[{"href":"https:\/\/sey.fi\/kaakkois-suomi\/wp-json\/wp\/v2\/pages"}],"about":[{"href":"https:\/\/sey.fi\/kaakkois-suomi\/wp-json\/wp\/v2\/types\/page"}],"author":[{"embeddable":true,"href":"https:\/\/sey.fi\/kaakkois-suomi\/wp-json\/wp\/v2\/users\/8"}],"replies":[{"embeddable":true,"href":"https:\/\/sey.fi\/kaakkois-suomi\/wp-json\/wp\/v2\/comments?post=176"}],"version-history":[{"count":1,"href":"https:\/\/sey.fi\/kaakkois-suomi\/wp-json\/wp\/v2\/pages\/176\/revisions"}],"predecessor-version":[{"id":177,"href":"https:\/\/sey.fi\/kaakkois-suomi\/wp-json\/wp\/v2\/pages\/176\/revisions\/177"}],"up":[{"embeddable":true,"href":"https:\/\/sey.fi\/kaakkois-suomi\/wp-json\/wp\/v2\/pages\/159"}],"wp:attachment":[{"href":"https:\/\/sey.fi\/kaakkois-suomi\/wp-json\/wp\/v2\/media?parent=176"}],"curies":[{"name":"wp","href":"https:\/\/api.w.org\/{rel}","templated":true}]}}