{"id":180,"date":"2019-11-01T14:30:13","date_gmt":"2019-11-01T12:30:13","guid":{"rendered":"http:\/\/srvr10.xetpoint.com\/~seyfi\/kaakkois-suomi\/?page_id=180"},"modified":"2020-02-03T15:49:05","modified_gmt":"2020-02-03T13:49:05","slug":"kissan-sairaudet","status":"publish","type":"page","link":"https:\/\/sey.fi\/kaakkois-suomi\/kaakkois-suomen-elainsuojeluyhdistys\/ohjeet-ja-linkit\/kissan-sairaudet\/","title":{"rendered":"Kissan sairaudet"},"content":{"rendered":"\n<p>Omistaja on lemmikkins\u00e4 paras tulkki. Kissa kuitenkin pyrkii salaamaan sairauden oireet mahdollisimman pitk\u00e4\u00e4n my\u00f6s omalta perheelt\u00e4\u00e4n. T\u00e4st\u00e4 on ollut aikanaan hy\u00f6ty\u00e4, sill\u00e4 luonnossa petoel\u00e4imet valitsevat mielell\u00e4\u00e4n saaliikseen muita heikommat yksil\u00f6t. Omistajan on siis syyt\u00e4 tarkkailla kissaansa huolellisesti ja k\u00e4yd\u00e4 s\u00e4\u00e4nn\u00f6llisesti l\u00e4pi sen koko keho muutosten tai kipeiden paikkojen varalta. My\u00f6s suun kunto on syyt\u00e4 tarkastaa hammaskiven tai ientulehduksen varalta.<\/p>\n\n\n\n<p><strong>Oksentelu<\/strong><br>Kissat puhdistavat itse\u00e4\u00e4n nuolemalla ja samalla vatsaan p\u00e4\u00e4tyy irtokarvaa. Toiset kissat oksentelevat vatsaan joutuneita karvapalloja s\u00e4\u00e4nn\u00f6llisesti. Turkin s\u00e4\u00e4nn\u00f6llinen harjaaminen v\u00e4hent\u00e4\u00e4 karvan joutumista vatsaan. Oksentelu voi kuitenkin johtua my\u00f6s kissan sairastumisesta. Mik\u00e4li pahoinvointiin liittyy muita oireita, se kest\u00e4\u00e4 pitk\u00e4\u00e4n tai kissa on voimaton, on syyt\u00e4 k\u00e4\u00e4nty\u00e4 el\u00e4inl\u00e4\u00e4k\u00e4rin puoleen.<\/p>\n\n\n\n<p><strong>Ripuli<\/strong><br>Kissan ripulointi ei j\u00e4\u00e4 sis\u00e4kissan omistajalta huomaamatta. L\u00f6ys\u00e4 vatsa voi johtua ep\u00e4sopivasta ruuasta. Esimerkiksi maitotuotteiden laktoosi aiheuttaa monille kissoille vatsavaivoja. Jos ripuli jatkuu pitk\u00e4\u00e4n tai on toistuvaa, on el\u00e4inl\u00e4\u00e4k\u00e4rin apu tarpeen.<\/p>\n\n\n\n<p><strong>Sy\u00f6m\u00e4tt\u00f6myys<\/strong><br>Toisinaan kissan sairastuminen n\u00e4kyy vain v\u00e4symisen\u00e4 tai sy\u00f6m\u00e4tt\u00f6myyten\u00e4. T\u00e4ydellinen sy\u00f6m\u00e4tt\u00f6myys on kuitenkin kissalle vaarallista. Jo parinkin p\u00e4iv\u00e4n sy\u00f6m\u00e4tt\u00f6myys voi johtaa rasvamaksaksi kutsuttuun tilaan, mik\u00e4 on kissalle hengenvaarallinen. Sy\u00f6m\u00e4tt\u00f6myyden syy pit\u00e4\u00e4 selvitt\u00e4 el\u00e4inl\u00e4\u00e4k\u00e4rill\u00e4.<\/p>\n\n\n\n<p><strong>Silm\u00e4t ja korvat<\/strong><br>Terveen kissan silm\u00e4t ja korvat ovat siistit, eik\u00e4 niiss\u00e4 n\u00e4y eritteit\u00e4. Sairaan kissan silm\u00e4n sis\u00e4nurkasta voi tulla esiin vilkkuluomeksi kutsuttu kolmas luomi.<\/p>\n\n\n\n<p><strong>K\u00e4ytt\u00e4ytymisen muutokset<\/strong><br>Kissan sairastuminen voi n\u00e4ky\u00e4 my\u00f6s muutoksena k\u00e4ytt\u00e4ytymisess\u00e4. Se voi muuttua syrj\u00e4\u00e4nvet\u00e4ytyv\u00e4ksi tai aggressiiviseksi. My\u00f6s hiekkalaatikkok\u00e4ytt\u00e4ytymist\u00e4 kannattaa tarkkailla. Tarpeiden tekeminen laatikon ulkopuolelle voi olla sairauden oire. Sairastumisesta voi kertoa my\u00f6s pissapaakkujen kutistuminen tai kasvaminen. Sairas kissa voi laiminly\u00f6d\u00e4 turkkinsa hoitamisen ja karva voi muuttua kiillottomaksi ja rasvaisen tuntuiseksi. Toisaalta kissa voi ruveta nuolemaan kipe\u00e4\u00e4 paikkaa erityisen innokkaasti, mik\u00e4 n\u00e4kyy karvan kulumisena tai jopa kaljuina laikkuina. T\u00e4llainen k\u00e4ytt\u00e4ytyminen voi johtua my\u00f6s stressist\u00e4.<\/p>\n\n\n\n<p>Teksti on kopioitu SEYn kissatieto.fi sivulta:&nbsp;<a rel=\"noreferrer noopener\" href=\"http:\/\/kissatieto.fi\/kissan-perushoito\/kun-kissa-sairastuu-sairauden-oireet\" target=\"_blank\">http:\/\/kissatieto.fi\/kissan-perushoito\/kun-kissa-sairastuu-sairauden-oireet<\/a><\/p>\n\n\n\n<h4 class=\"wp-block-heading\">Kissan immuunikato FIV<\/h4>\n\n\n\n<p>L\u00f6yd\u00e4t t\u00e4ll\u00e4 sivulla olleen&nbsp;<strong><a href=\"https:\/\/janinapohju.wordpress.com\/toimintani-elainsuojeluyhdistyksissa\/\">Janina Pohjun<\/a><\/strong>&nbsp;laatiman artikkelin&nbsp;kissan immuunikatovirus FIVist\u00e4 t\u00e4\u00e4lt\u00e4:&nbsp;<strong><a href=\"https:\/\/janinapohju.wordpress.com\/2019\/02\/09\/kissan-immuunikato-fiv\/\">https:\/\/janinapohju.wordpress.com\/2019\/02\/09\/kissan-immuunikato-fiv\/<\/a><\/strong><\/p>\n\n\n\n<h4 class=\"wp-block-heading\">Kissan kalikivirus<\/h4>\n\n\n\n<p>L\u00f6yd\u00e4t t\u00e4ll\u00e4 sivulla olleen&nbsp;<strong><a href=\"https:\/\/janinapohju.wordpress.com\/toimintani-elainsuojeluyhdistyksissa\/\">Janina Pohjun<\/a><\/strong>&nbsp;laatiman artikkelin&nbsp;kissan kalikiviruksesta&nbsp;t\u00e4\u00e4lt\u00e4:&nbsp;<strong><a href=\"https:\/\/janinapohju.wordpress.com\/2019\/02\/09\/kissan-kalikivirus\/\">https:\/\/janinapohju.wordpress.com\/2019\/02\/09\/kissan-kalikivirus\/<\/a><\/strong><\/p>\n\n\n\n<h4 class=\"wp-block-heading\">Kissan leukemiavirus FeLV<\/h4>\n\n\n\n<p>L\u00f6yd\u00e4t t\u00e4ll\u00e4 sivulla olleen&nbsp;<strong><a href=\"https:\/\/janinapohju.wordpress.com\/toimintani-elainsuojeluyhdistyksissa\/\">Janina Pohjun<\/a><\/strong>&nbsp;laatiman artikkelin&nbsp;kissan leukemiavirus FeLVist\u00e4&nbsp;t\u00e4\u00e4lt\u00e4:&nbsp;<strong><a href=\"https:\/\/janinapohju.wordpress.com\/2019\/02\/09\/kissan-leukemiavirus-felv\/\">https:\/\/janinapohju.wordpress.com\/2019\/02\/09\/kissan-leukemiavirus-felv\/<\/a><\/strong><\/p>\n","protected":false},"excerpt":{"rendered":"<p>Omistaja on lemmikkins\u00e4 paras tulkki. Kissa kuitenkin pyrkii salaamaan sairauden oireet mahdollisimman pitk\u00e4\u00e4n my\u00f6s omalta perheelt\u00e4\u00e4n. T\u00e4st\u00e4 on ollut aikanaan hy\u00f6ty\u00e4, sill\u00e4 luonnossa petoel\u00e4imet valitsevat mielell\u00e4\u00e4n saaliikseen muita heikommat yksil\u00f6t. Omistajan on siis syyt\u00e4 tarkkailla kissaansa huolellisesti ja k\u00e4yd\u00e4 s\u00e4\u00e4nn\u00f6llisesti l\u00e4pi sen koko keho muutosten tai kipeiden paikkojen varalta. My\u00f6s suun kunto on syyt\u00e4 tarkastaa [&hellip;]<\/p>\n","protected":false},"author":8,"featured_media":0,"parent":159,"menu_order":0,"comment_status":"closed","ping_status":"closed","template":"","meta":{"_acf_changed":false,"footnotes":""},"class_list":["post-180","page","type-page","status-publish","hentry"],"acf":[],"yoast_head":"<!-- This site is optimized with the Yoast SEO plugin v27.1.1 - https:\/\/yoast.com\/product\/yoast-seo-wordpress\/ -->\n<title>Kissan sairaudet - Kaakkois-Suomen el\u00e4insuojeluyhdistys<\/title>\n<meta name=\"robots\" content=\"index, follow, max-snippet:-1, max-image-preview:large, max-video-preview:-1\" \/>\n<link rel=\"canonical\" href=\"https:\/\/sey.fi\/kaakkois-suomi\/kaakkois-suomen-elainsuojeluyhdistys\/ohjeet-ja-linkit\/kissan-sairaudet\/\" \/>\n<meta property=\"og:locale\" content=\"fi_FI\" \/>\n<meta property=\"og:type\" content=\"article\" \/>\n<meta property=\"og:title\" content=\"Kissan sairaudet - Kaakkois-Suomen el\u00e4insuojeluyhdistys\" \/>\n<meta property=\"og:description\" content=\"Omistaja on lemmikkins\u00e4 paras tulkki. Kissa kuitenkin pyrkii salaamaan sairauden oireet mahdollisimman pitk\u00e4\u00e4n my\u00f6s omalta perheelt\u00e4\u00e4n. T\u00e4st\u00e4 on ollut aikanaan hy\u00f6ty\u00e4, sill\u00e4 luonnossa petoel\u00e4imet valitsevat mielell\u00e4\u00e4n saaliikseen muita heikommat yksil\u00f6t. Omistajan on siis syyt\u00e4 tarkkailla kissaansa huolellisesti ja k\u00e4yd\u00e4 s\u00e4\u00e4nn\u00f6llisesti l\u00e4pi sen koko keho muutosten tai kipeiden paikkojen varalta. My\u00f6s suun kunto on syyt\u00e4 tarkastaa [&hellip;]\" \/>\n<meta property=\"og:url\" content=\"https:\/\/sey.fi\/kaakkois-suomi\/kaakkois-suomen-elainsuojeluyhdistys\/ohjeet-ja-linkit\/kissan-sairaudet\/\" \/>\n<meta property=\"og:site_name\" content=\"Kaakkois-Suomen el\u00e4insuojeluyhdistys\" \/>\n<meta property=\"article:modified_time\" content=\"2020-02-03T13:49:05+00:00\" \/>\n<meta name=\"twitter:card\" content=\"summary_large_image\" \/>\n<meta name=\"twitter:label1\" content=\"Arvioitu lukuaika\" \/>\n\t<meta name=\"twitter:data1\" content=\"2 minuuttia\" \/>\n<script type=\"application\/ld+json\" class=\"yoast-schema-graph\">{\"@context\":\"https:\/\/schema.org\",\"@graph\":[{\"@type\":\"WebPage\",\"@id\":\"https:\/\/sey.fi\/kaakkois-suomi\/kaakkois-suomen-elainsuojeluyhdistys\/ohjeet-ja-linkit\/kissan-sairaudet\/\",\"url\":\"https:\/\/sey.fi\/kaakkois-suomi\/kaakkois-suomen-elainsuojeluyhdistys\/ohjeet-ja-linkit\/kissan-sairaudet\/\",\"name\":\"Kissan sairaudet - Kaakkois-Suomen el\u00e4insuojeluyhdistys\",\"isPartOf\":{\"@id\":\"https:\/\/sey.fi\/kaakkois-suomi\/#website\"},\"datePublished\":\"2019-11-01T12:30:13+00:00\",\"dateModified\":\"2020-02-03T13:49:05+00:00\",\"breadcrumb\":{\"@id\":\"https:\/\/sey.fi\/kaakkois-suomi\/kaakkois-suomen-elainsuojeluyhdistys\/ohjeet-ja-linkit\/kissan-sairaudet\/#breadcrumb\"},\"inLanguage\":\"fi\",\"potentialAction\":[{\"@type\":\"ReadAction\",\"target\":[\"https:\/\/sey.fi\/kaakkois-suomi\/kaakkois-suomen-elainsuojeluyhdistys\/ohjeet-ja-linkit\/kissan-sairaudet\/\"]}]},{\"@type\":\"BreadcrumbList\",\"@id\":\"https:\/\/sey.fi\/kaakkois-suomi\/kaakkois-suomen-elainsuojeluyhdistys\/ohjeet-ja-linkit\/kissan-sairaudet\/#breadcrumb\",\"itemListElement\":[{\"@type\":\"ListItem\",\"position\":1,\"name\":\"Home\",\"item\":\"https:\/\/sey.fi\/kaakkois-suomi\/\"},{\"@type\":\"ListItem\",\"position\":2,\"name\":\"Kaakkois-Suomen el\u00e4insuojeluyhdistys\",\"item\":\"https:\/\/sey.fi\/kaakkois-suomi\/\"},{\"@type\":\"ListItem\",\"position\":3,\"name\":\"Ohjeet ja linkit\",\"item\":\"https:\/\/sey.fi\/kaakkois-suomi\/kaakkois-suomen-elainsuojeluyhdistys\/ohjeet-ja-linkit\/\"},{\"@type\":\"ListItem\",\"position\":4,\"name\":\"Kissan sairaudet\"}]},{\"@type\":\"WebSite\",\"@id\":\"https:\/\/sey.fi\/kaakkois-suomi\/#website\",\"url\":\"https:\/\/sey.fi\/kaakkois-suomi\/\",\"name\":\"Kaakkois-Suomen el\u00e4insuojeluyhdistys\",\"description\":\"Uusi SEY J\u00e4senyhdistykset -sivusto\",\"potentialAction\":[{\"@type\":\"SearchAction\",\"target\":{\"@type\":\"EntryPoint\",\"urlTemplate\":\"https:\/\/sey.fi\/kaakkois-suomi\/?s={search_term_string}\"},\"query-input\":{\"@type\":\"PropertyValueSpecification\",\"valueRequired\":true,\"valueName\":\"search_term_string\"}}],\"inLanguage\":\"fi\"}]}<\/script>\n<!-- \/ Yoast SEO plugin. -->","yoast_head_json":{"title":"Kissan sairaudet - Kaakkois-Suomen el\u00e4insuojeluyhdistys","robots":{"index":"index","follow":"follow","max-snippet":"max-snippet:-1","max-image-preview":"max-image-preview:large","max-video-preview":"max-video-preview:-1"},"canonical":"https:\/\/sey.fi\/kaakkois-suomi\/kaakkois-suomen-elainsuojeluyhdistys\/ohjeet-ja-linkit\/kissan-sairaudet\/","og_locale":"fi_FI","og_type":"article","og_title":"Kissan sairaudet - Kaakkois-Suomen el\u00e4insuojeluyhdistys","og_description":"Omistaja on lemmikkins\u00e4 paras tulkki. Kissa kuitenkin pyrkii salaamaan sairauden oireet mahdollisimman pitk\u00e4\u00e4n my\u00f6s omalta perheelt\u00e4\u00e4n. T\u00e4st\u00e4 on ollut aikanaan hy\u00f6ty\u00e4, sill\u00e4 luonnossa petoel\u00e4imet valitsevat mielell\u00e4\u00e4n saaliikseen muita heikommat yksil\u00f6t. Omistajan on siis syyt\u00e4 tarkkailla kissaansa huolellisesti ja k\u00e4yd\u00e4 s\u00e4\u00e4nn\u00f6llisesti l\u00e4pi sen koko keho muutosten tai kipeiden paikkojen varalta. My\u00f6s suun kunto on syyt\u00e4 tarkastaa [&hellip;]","og_url":"https:\/\/sey.fi\/kaakkois-suomi\/kaakkois-suomen-elainsuojeluyhdistys\/ohjeet-ja-linkit\/kissan-sairaudet\/","og_site_name":"Kaakkois-Suomen el\u00e4insuojeluyhdistys","article_modified_time":"2020-02-03T13:49:05+00:00","twitter_card":"summary_large_image","twitter_misc":{"Arvioitu lukuaika":"2 minuuttia"},"schema":{"@context":"https:\/\/schema.org","@graph":[{"@type":"WebPage","@id":"https:\/\/sey.fi\/kaakkois-suomi\/kaakkois-suomen-elainsuojeluyhdistys\/ohjeet-ja-linkit\/kissan-sairaudet\/","url":"https:\/\/sey.fi\/kaakkois-suomi\/kaakkois-suomen-elainsuojeluyhdistys\/ohjeet-ja-linkit\/kissan-sairaudet\/","name":"Kissan sairaudet - Kaakkois-Suomen el\u00e4insuojeluyhdistys","isPartOf":{"@id":"https:\/\/sey.fi\/kaakkois-suomi\/#website"},"datePublished":"2019-11-01T12:30:13+00:00","dateModified":"2020-02-03T13:49:05+00:00","breadcrumb":{"@id":"https:\/\/sey.fi\/kaakkois-suomi\/kaakkois-suomen-elainsuojeluyhdistys\/ohjeet-ja-linkit\/kissan-sairaudet\/#breadcrumb"},"inLanguage":"fi","potentialAction":[{"@type":"ReadAction","target":["https:\/\/sey.fi\/kaakkois-suomi\/kaakkois-suomen-elainsuojeluyhdistys\/ohjeet-ja-linkit\/kissan-sairaudet\/"]}]},{"@type":"BreadcrumbList","@id":"https:\/\/sey.fi\/kaakkois-suomi\/kaakkois-suomen-elainsuojeluyhdistys\/ohjeet-ja-linkit\/kissan-sairaudet\/#breadcrumb","itemListElement":[{"@type":"ListItem","position":1,"name":"Home","item":"https:\/\/sey.fi\/kaakkois-suomi\/"},{"@type":"ListItem","position":2,"name":"Kaakkois-Suomen el\u00e4insuojeluyhdistys","item":"https:\/\/sey.fi\/kaakkois-suomi\/"},{"@type":"ListItem","position":3,"name":"Ohjeet ja linkit","item":"https:\/\/sey.fi\/kaakkois-suomi\/kaakkois-suomen-elainsuojeluyhdistys\/ohjeet-ja-linkit\/"},{"@type":"ListItem","position":4,"name":"Kissan sairaudet"}]},{"@type":"WebSite","@id":"https:\/\/sey.fi\/kaakkois-suomi\/#website","url":"https:\/\/sey.fi\/kaakkois-suomi\/","name":"Kaakkois-Suomen el\u00e4insuojeluyhdistys","description":"Uusi SEY J\u00e4senyhdistykset -sivusto","potentialAction":[{"@type":"SearchAction","target":{"@type":"EntryPoint","urlTemplate":"https:\/\/sey.fi\/kaakkois-suomi\/?s={search_term_string}"},"query-input":{"@type":"PropertyValueSpecification","valueRequired":true,"valueName":"search_term_string"}}],"inLanguage":"fi"}]}},"_links":{"self":[{"href":"https:\/\/sey.fi\/kaakkois-suomi\/wp-json\/wp\/v2\/pages\/180","targetHints":{"allow":["GET"]}}],"collection":[{"href":"https:\/\/sey.fi\/kaakkois-suomi\/wp-json\/wp\/v2\/pages"}],"about":[{"href":"https:\/\/sey.fi\/kaakkois-suomi\/wp-json\/wp\/v2\/types\/page"}],"author":[{"embeddable":true,"href":"https:\/\/sey.fi\/kaakkois-suomi\/wp-json\/wp\/v2\/users\/8"}],"replies":[{"embeddable":true,"href":"https:\/\/sey.fi\/kaakkois-suomi\/wp-json\/wp\/v2\/comments?post=180"}],"version-history":[{"count":3,"href":"https:\/\/sey.fi\/kaakkois-suomi\/wp-json\/wp\/v2\/pages\/180\/revisions"}],"predecessor-version":[{"id":586,"href":"https:\/\/sey.fi\/kaakkois-suomi\/wp-json\/wp\/v2\/pages\/180\/revisions\/586"}],"up":[{"embeddable":true,"href":"https:\/\/sey.fi\/kaakkois-suomi\/wp-json\/wp\/v2\/pages\/159"}],"wp:attachment":[{"href":"https:\/\/sey.fi\/kaakkois-suomi\/wp-json\/wp\/v2\/media?parent=180"}],"curies":[{"name":"wp","href":"https:\/\/api.w.org\/{rel}","templated":true}]}}