{"id":184,"date":"2019-11-01T14:32:42","date_gmt":"2019-11-01T12:32:42","guid":{"rendered":"http:\/\/srvr10.xetpoint.com\/~seyfi\/kaakkois-suomi\/?page_id=184"},"modified":"2020-10-14T11:06:30","modified_gmt":"2020-10-14T08:06:30","slug":"kissan-ulkoileminen","status":"publish","type":"page","link":"https:\/\/sey.fi\/kaakkois-suomi\/kaakkois-suomen-elainsuojeluyhdistys\/ohjeet-ja-linkit\/kissan-ulkoileminen\/","title":{"rendered":"Kissan ulkoileminen"},"content":{"rendered":"\n<p>Jos kissaa halutaan ulkoiluttaa, ovat valjaat tai aitaus oikeat vaihtoehdot. Ulkoilu ei kuitenkaan ole kissalle v\u00e4ltt\u00e4m\u00e4tt\u00f6myys. Sis\u00e4kissan kanssa omistajan tulee n\u00e4hd\u00e4 vaivaa ja tarjota kissalle runsaasti virikkeit\u00e4, mm. saalistusleikkej\u00e4 onkileluilla, kiipeilypaikkoja.<\/p>\n\n\n\n<p><strong>Valjaissa ulkoileminen<\/strong><\/p>\n\n\n\n<p>Yleens\u00e4 kissat liikkuvat ulkona hitaasti ja nautiskellen: jokainen puska ja risun p\u00e4tk\u00e4 tutkitaan tarkoin ja siin\u00e4 tutkimisen lomassa kellit\u00e4\u00e4n nurmikolla tai otetaan hiekkakylpy aurinkoisella hietikolla. T\u00e4t\u00e4 kissan nautiskelua on ilo katsella.<\/p>\n\n\n\n<p>Valjaisiin totuttaminen kannattaa aloittaa jo sis\u00e4ll\u00e4 pit\u00e4m\u00e4ll\u00e4 valjaita ilman hihnaa kissan p\u00e4\u00e4ll\u00e4 silloin, kun se touhuaa jotain itselleen mieluista, esimerkiksi leikkii tai sy\u00f6. N\u00e4in kissa oppii yhdist\u00e4m\u00e4\u00e4n valjaat johonkin mukavaan. Aluksi valjaita pidet\u00e4\u00e4n vain hetki ja kissaa kehutaan, kun se antaa valjaiden olla paikallaan. Pian niihin voi jo kytke\u00e4 hihnan, ja kun kissa hyv\u00e4ksyy my\u00f6s sen, voit aloittaa tutustumisen ulkoilmaan. Ulkoilu kannattaa aloittaa kauniina aurinkoisena p\u00e4iv\u00e4n\u00e4, jotta kissa kokisi ulkoilun mahdollisimman miellytt\u00e4v\u00e4si. Parasta on menn\u00e4 ensimm\u00e4iseksi johonkin rauhalliseen ja suojaisaan paikkaan, jossa kissa voi rauhassa nuuskia ilmaa ja ymp\u00e4r\u00f6iv\u00e4\u00e4 luontoa. Muistathan kehua ja rohkaista kissaa, ja antaa sille aikaa tutustua ymp\u00e4rist\u00f6\u00f6n kaikessa rauhassa. Valjaita ei tule irrottaa kissalta, vaikka n\u00e4ytt\u00e4isikin silt\u00e4, ettei se karkaa minnek\u00e4\u00e4n. Se voi loikoilla paikallaan tunnin tai kaksikin, mutta ohi p\u00f6rr\u00e4\u00e4v\u00e4 kimalainen saa kissan hetkess\u00e4 s\u00e4nt\u00e4\u00e4m\u00e4\u00e4n per\u00e4\u00e4n!<\/p>\n\n\n\n<p>Ulkoilu tapahtuu aina kissan ehdoilla. Anna kissan liikkua vapaasti hihnassa, \u00e4l\u00e4 ved\u00e4 tai kisko. Jos kissa yritt\u00e4\u00e4 menn\u00e4 jonnekin minne se ei saa menn\u00e4, nosta se syliisi ja kanna toiselle paikalle. My\u00f6s ulkoilun kestosta kissa saa p\u00e4\u00e4tt\u00e4\u00e4 vapaasti; jos se ei viihdy ulkona, sen tulee p\u00e4\u00e4st\u00e4 takaisin kotiin. Kaikki kissat eiv\u00e4t pid\u00e4 ulkoilusta, joten v\u00e4kisin kissaa on turha yritt\u00e4\u00e4 opettaa nauttimaan siit\u00e4. Varsinkin arat kissat viihtyv\u00e4t usein paremmin oman kodin turvassa.<\/p>\n\n\n\n<p><strong>Vapaus on kissalle vaarallista!<\/strong><\/p>\n\n\n\n<p>Lains\u00e4\u00e4d\u00e4nt\u00f6 kielt\u00e4\u00e4 kissan p\u00e4\u00e4st\u00e4misen esimerkiksi uimarannoille, lasten leikkipaikoille, toisten pihoille tai toreille. T\u00e4t\u00e4 lakia voi noudattaa vain valvotulla ulkoilulla, eli kissaa ei saa pit\u00e4\u00e4 vapaana ilman valvontaa. Vapaana kulkeva kissa on my\u00f6s itse vaarassa kaiken aikaa.<br>Pahin uhka kissalle on ihminen. Kissoja joutuu jatkuvasti liikenteen uhreiksi. Pahinta on se, ett\u00e4 kissa ei useinkaan kuole t\u00f6rm\u00e4yksess\u00e4 heti, vaan j\u00e4\u00e4 pitk\u00e4ksikin aikaa kitumaan, kun sit\u00e4 ei l\u00f6ydet\u00e4. Toisinaan kissa voi my\u00f6s joutua tahallisen kiusanteon ja julmuuden kohteeksi. Rotukissoja my\u00f6s varastetaan ja salakuljetetaan rajan yli. My\u00f6s naapurisopu voi joutua kovalle koetukselle, jos kissa k\u00e4ytt\u00e4\u00e4 lasten hiekkalaatikkoa tai kaivelee toisten kukkapenkkej\u00e4. Vika ei ole kissassa, vaan ajattelemattomassa omistajassa!<\/p>\n\n\n\n<p>Etenkin leikkaamattomat kollit ottavat usein yhteen hyvinkin raivoisasti. Toisinaan kissat loukkaantuvat pahastikin, mutta my\u00f6s pienet karvojen suojissa olevat purema- ja raapimahaavat voivat tulehtua pahasti, ja tulehdus voi levit\u00e4 kehon muihin osiin. Kissa voi joutua my\u00f6s pedon hy\u00f6kk\u00e4yksen kohteeksi. Erityisesti maaseudulla kissa saattaa joutua ilveksen, ketun, huuhkajan tai kanahaukan ruokalistalle. Vaikka kissa selvi\u00e4isi pedon hy\u00f6kk\u00e4yksest\u00e4, voi se olla niin huonossa kunnossa, ettei en\u00e4\u00e4 pysty palamaan kotiin.<\/p>\n\n\n\n<p>Jos kissa eksyy talvella, se voi paleltua ja n\u00e4\u00e4nty\u00e4 n\u00e4lk\u00e4\u00e4n. Nykyaikaiset rakennukset eiv\u00e4t tarjoa kissalle suojapaikkoja s\u00e4\u00e4t\u00e4 vastaan, vaan ovat ennemminkin paikkoja, joihin kissa j\u00e4\u00e4 helposti loukkuun. Kissa saattaa my\u00f6s n\u00e4liss\u00e4\u00e4n maistella rotanmyrkky\u00e4 ja kuolla siihen.<\/p>\n\n\n\n<p>Ulkona liikkuva kissa on altis saamaan tauteja saalisel\u00e4imist\u00e4 ja muista mets\u00e4nel\u00e4imist\u00e4. Madot ja muut loiset ovat ulkona liikkuvalle lemmikille iso riesa. Ulkona liikkuva kissa tulisi madottaa v\u00e4hint\u00e4\u00e4n kolmen kuukauden v\u00e4lein. My\u00f6s s\u00e4\u00e4nn\u00f6llisest\u00e4 rokottamisesta tulisi huolehtia. Matojen lis\u00e4ksi ulkokissat voivat saada toisiltaan kuolettavia tauteja. Kissojen immuunikatoa eli FIV:\u00e4 ei voi parantaa, vaan se kuihduttaa kissan pikkuhiljaa. FIV tarttuu esimerkiksi veren v\u00e4lityksell\u00e4 kissojen tapellessa kesken\u00e4\u00e4n. Toinen vakava sairaus on FeLV eli leukoosi, joka levi\u00e4\u00e4 pisaratartuntana. Se aiheuttaa kuumeilua, ripulia, anemiaa, veri- ja luuydinkasvaimia sek\u00e4 kroonisia yleisinfektioita. Viruksen aiheuttamalle leukoosille ei ole l\u00e4\u00e4kett\u00e4, mutta sit\u00e4 vastaan voidaan suojautua ennaltaehk\u00e4isev\u00e4ll\u00e4 rokotteella.<\/p>\n\n\n\n<p>Kissa olisi hyv\u00e4 leikkauttaa, oli se sitten naaraskissa tai kolli. N\u00e4in v\u00e4ltyt\u00e4\u00e4n ei-toivotuilta pennuilta ja kollien vaeltelu- ja tappelunhalu v\u00e4henee. Leikkaaminen ei vaikuta kissan luonteeseen tai mets\u00e4stystaitoihin. Lis\u00e4ksi kissa tulisi tatuoida tai siruttaa. N\u00e4in kadonnut kissa l\u00f6yt\u00e4\u00e4 omistajan helpommin ja nopeammin. Kissalle voi my\u00f6s laittaa pannan, jossa on omistajan tiedot selv\u00e4sti merkittyin\u00e4. Pannan tulee olla osittain joustava, sill\u00e4 kissa voi takertua pannasta johonkin kiinni ja pahimmassa tapauksessa kuristua siihen.<\/p>\n\n\n\n<p><strong>Onnellinen sis\u00e4kissa?<\/strong><\/p>\n\n\n\n<p>Monet miettiv\u00e4t voiko voimakasviettinen el\u00e4in, jota on aina pidetty ulkona, olla onnellinen sis\u00e4kissana. Pennusta asti sis\u00e4ll\u00e4 pidetty kissa ei edes kaipaa ulos. My\u00f6s vanhemman kissan voi totuttaa sis\u00e4kissaksi, se vain vaatii omistajalta k\u00e4rsiv\u00e4llisyytt\u00e4 ja vaivann\u00e4k\u00f6\u00e4. Kissan saa viihtym\u00e4\u00e4n sis\u00e4ll\u00e4 varsin hyvin j\u00e4rjest\u00e4m\u00e4ll\u00e4 sille erilaisia virikkeit\u00e4, kuten kiipeilytelineit\u00e4, tasoja ja hyllyj\u00e4, joiden p\u00e4\u00e4lt\u00e4 kissa p\u00e4\u00e4see tarkastelemaan ymp\u00e4rist\u00f6\u00e4\u00e4n korkealta, sek\u00e4 raapimispuita ja turvallisia leluja.<\/p>\n\n\n\n<p>Leikkiess\u00e4\u00e4n kissa k\u00e4ytt\u00e4\u00e4 samoja aisteja ja liikkeit\u00e4 kuin saalistaessa, ja leikkihiiren saalistaminen tuottaa sille samaa mielihyv\u00e4\u00e4 kuin oikeasti saalistettaessa. Nykyisinh\u00e4n kissan ei en\u00e4\u00e4 tarvitse saalistaa ravintoa saadakseen. Lajitoverin hankkiminen on my\u00f6s hyv\u00e4 ratkaisu, sill\u00e4 kissoista on seuraa toisilleen. Ikkunalaudalle olisi hyv\u00e4 varata kissalle sallittu tila, jotta se p\u00e4\u00e4sisi tarkkailemaan pihapiirin tapahtumia. Verkottamalla tuuletusikkunat ja p\u00e4\u00e4st\u00e4m\u00e4ll\u00e4 kissa vain lasitetulle tai huolellisesti verkotetulle parvekkeelle voidaan v\u00e4ltty\u00e4 kissan putoamisilta. Pelkk\u00e4 parvekkeen kaide ei est\u00e4 kissaa putoamasta, kun se yht\u00e4kki\u00e4 hyp\u00e4ht\u00e4\u00e4kin ohi lent\u00e4v\u00e4n p\u00f6rri\u00e4isen per\u00e4\u00e4n. Vaikka kissoilla onkin ihmeellinen kyky ojentautua pudotessaan niin, ett\u00e4 ne tulevat l\u00e4hes aina maahan jalat edell\u00e4, kissan kyky\u00e4 selviyty\u00e4 korkealta putoamisesta liioitellaan. Parvekkeelta tai ikkunasta pudonneet kissat ovat varsinkin kes\u00e4isin yleisi\u00e4 potilaita el\u00e4inl\u00e4\u00e4k\u00e4reill\u00e4. Usein pudonneen vammat ovat eritt\u00e4in vakavia sis\u00e4isi\u00e4 vammoja.<\/p>\n\n\n\n<p>Teksti: Kiia Koskinen<\/p>\n","protected":false},"excerpt":{"rendered":"<p>Jos kissaa halutaan ulkoiluttaa, ovat valjaat tai aitaus oikeat vaihtoehdot. Ulkoilu ei kuitenkaan ole kissalle v\u00e4ltt\u00e4m\u00e4tt\u00f6myys. Sis\u00e4kissan kanssa omistajan tulee n\u00e4hd\u00e4 vaivaa ja tarjota kissalle runsaasti virikkeit\u00e4, mm. saalistusleikkej\u00e4 onkileluilla, kiipeilypaikkoja. Valjaissa ulkoileminen Yleens\u00e4 kissat liikkuvat ulkona hitaasti ja nautiskellen: jokainen puska ja risun p\u00e4tk\u00e4 tutkitaan tarkoin ja siin\u00e4 tutkimisen lomassa kellit\u00e4\u00e4n nurmikolla tai otetaan [&hellip;]<\/p>\n","protected":false},"author":8,"featured_media":0,"parent":159,"menu_order":0,"comment_status":"closed","ping_status":"closed","template":"","meta":{"_acf_changed":false,"footnotes":""},"class_list":["post-184","page","type-page","status-publish","hentry"],"acf":[],"yoast_head":"<!-- This site is optimized with the Yoast SEO plugin v27.1.1 - https:\/\/yoast.com\/product\/yoast-seo-wordpress\/ -->\n<title>Kissan ulkoileminen - Kaakkois-Suomen el\u00e4insuojeluyhdistys<\/title>\n<meta name=\"robots\" content=\"index, follow, max-snippet:-1, max-image-preview:large, max-video-preview:-1\" \/>\n<link rel=\"canonical\" href=\"https:\/\/sey.fi\/kaakkois-suomi\/kaakkois-suomen-elainsuojeluyhdistys\/ohjeet-ja-linkit\/kissan-ulkoileminen\/\" \/>\n<meta property=\"og:locale\" content=\"fi_FI\" \/>\n<meta property=\"og:type\" content=\"article\" \/>\n<meta property=\"og:title\" content=\"Kissan ulkoileminen - Kaakkois-Suomen el\u00e4insuojeluyhdistys\" \/>\n<meta property=\"og:description\" content=\"Jos kissaa halutaan ulkoiluttaa, ovat valjaat tai aitaus oikeat vaihtoehdot. Ulkoilu ei kuitenkaan ole kissalle v\u00e4ltt\u00e4m\u00e4tt\u00f6myys. Sis\u00e4kissan kanssa omistajan tulee n\u00e4hd\u00e4 vaivaa ja tarjota kissalle runsaasti virikkeit\u00e4, mm. saalistusleikkej\u00e4 onkileluilla, kiipeilypaikkoja. Valjaissa ulkoileminen Yleens\u00e4 kissat liikkuvat ulkona hitaasti ja nautiskellen: jokainen puska ja risun p\u00e4tk\u00e4 tutkitaan tarkoin ja siin\u00e4 tutkimisen lomassa kellit\u00e4\u00e4n nurmikolla tai otetaan [&hellip;]\" \/>\n<meta property=\"og:url\" content=\"https:\/\/sey.fi\/kaakkois-suomi\/kaakkois-suomen-elainsuojeluyhdistys\/ohjeet-ja-linkit\/kissan-ulkoileminen\/\" \/>\n<meta property=\"og:site_name\" content=\"Kaakkois-Suomen el\u00e4insuojeluyhdistys\" \/>\n<meta property=\"article:modified_time\" content=\"2020-10-14T08:06:30+00:00\" \/>\n<meta name=\"twitter:card\" content=\"summary_large_image\" \/>\n<meta name=\"twitter:label1\" content=\"Arvioitu lukuaika\" \/>\n\t<meta name=\"twitter:data1\" content=\"5 minuuttia\" \/>\n<script type=\"application\/ld+json\" class=\"yoast-schema-graph\">{\"@context\":\"https:\/\/schema.org\",\"@graph\":[{\"@type\":\"WebPage\",\"@id\":\"https:\/\/sey.fi\/kaakkois-suomi\/kaakkois-suomen-elainsuojeluyhdistys\/ohjeet-ja-linkit\/kissan-ulkoileminen\/\",\"url\":\"https:\/\/sey.fi\/kaakkois-suomi\/kaakkois-suomen-elainsuojeluyhdistys\/ohjeet-ja-linkit\/kissan-ulkoileminen\/\",\"name\":\"Kissan ulkoileminen - Kaakkois-Suomen el\u00e4insuojeluyhdistys\",\"isPartOf\":{\"@id\":\"https:\/\/sey.fi\/kaakkois-suomi\/#website\"},\"datePublished\":\"2019-11-01T12:32:42+00:00\",\"dateModified\":\"2020-10-14T08:06:30+00:00\",\"breadcrumb\":{\"@id\":\"https:\/\/sey.fi\/kaakkois-suomi\/kaakkois-suomen-elainsuojeluyhdistys\/ohjeet-ja-linkit\/kissan-ulkoileminen\/#breadcrumb\"},\"inLanguage\":\"fi\",\"potentialAction\":[{\"@type\":\"ReadAction\",\"target\":[\"https:\/\/sey.fi\/kaakkois-suomi\/kaakkois-suomen-elainsuojeluyhdistys\/ohjeet-ja-linkit\/kissan-ulkoileminen\/\"]}]},{\"@type\":\"BreadcrumbList\",\"@id\":\"https:\/\/sey.fi\/kaakkois-suomi\/kaakkois-suomen-elainsuojeluyhdistys\/ohjeet-ja-linkit\/kissan-ulkoileminen\/#breadcrumb\",\"itemListElement\":[{\"@type\":\"ListItem\",\"position\":1,\"name\":\"Home\",\"item\":\"https:\/\/sey.fi\/kaakkois-suomi\/\"},{\"@type\":\"ListItem\",\"position\":2,\"name\":\"Kaakkois-Suomen el\u00e4insuojeluyhdistys\",\"item\":\"https:\/\/sey.fi\/kaakkois-suomi\/\"},{\"@type\":\"ListItem\",\"position\":3,\"name\":\"Ohjeet ja linkit\",\"item\":\"https:\/\/sey.fi\/kaakkois-suomi\/kaakkois-suomen-elainsuojeluyhdistys\/ohjeet-ja-linkit\/\"},{\"@type\":\"ListItem\",\"position\":4,\"name\":\"Kissan ulkoileminen\"}]},{\"@type\":\"WebSite\",\"@id\":\"https:\/\/sey.fi\/kaakkois-suomi\/#website\",\"url\":\"https:\/\/sey.fi\/kaakkois-suomi\/\",\"name\":\"Kaakkois-Suomen el\u00e4insuojeluyhdistys\",\"description\":\"Uusi SEY J\u00e4senyhdistykset -sivusto\",\"potentialAction\":[{\"@type\":\"SearchAction\",\"target\":{\"@type\":\"EntryPoint\",\"urlTemplate\":\"https:\/\/sey.fi\/kaakkois-suomi\/?s={search_term_string}\"},\"query-input\":{\"@type\":\"PropertyValueSpecification\",\"valueRequired\":true,\"valueName\":\"search_term_string\"}}],\"inLanguage\":\"fi\"}]}<\/script>\n<!-- \/ Yoast SEO plugin. -->","yoast_head_json":{"title":"Kissan ulkoileminen - Kaakkois-Suomen el\u00e4insuojeluyhdistys","robots":{"index":"index","follow":"follow","max-snippet":"max-snippet:-1","max-image-preview":"max-image-preview:large","max-video-preview":"max-video-preview:-1"},"canonical":"https:\/\/sey.fi\/kaakkois-suomi\/kaakkois-suomen-elainsuojeluyhdistys\/ohjeet-ja-linkit\/kissan-ulkoileminen\/","og_locale":"fi_FI","og_type":"article","og_title":"Kissan ulkoileminen - Kaakkois-Suomen el\u00e4insuojeluyhdistys","og_description":"Jos kissaa halutaan ulkoiluttaa, ovat valjaat tai aitaus oikeat vaihtoehdot. Ulkoilu ei kuitenkaan ole kissalle v\u00e4ltt\u00e4m\u00e4tt\u00f6myys. Sis\u00e4kissan kanssa omistajan tulee n\u00e4hd\u00e4 vaivaa ja tarjota kissalle runsaasti virikkeit\u00e4, mm. saalistusleikkej\u00e4 onkileluilla, kiipeilypaikkoja. Valjaissa ulkoileminen Yleens\u00e4 kissat liikkuvat ulkona hitaasti ja nautiskellen: jokainen puska ja risun p\u00e4tk\u00e4 tutkitaan tarkoin ja siin\u00e4 tutkimisen lomassa kellit\u00e4\u00e4n nurmikolla tai otetaan [&hellip;]","og_url":"https:\/\/sey.fi\/kaakkois-suomi\/kaakkois-suomen-elainsuojeluyhdistys\/ohjeet-ja-linkit\/kissan-ulkoileminen\/","og_site_name":"Kaakkois-Suomen el\u00e4insuojeluyhdistys","article_modified_time":"2020-10-14T08:06:30+00:00","twitter_card":"summary_large_image","twitter_misc":{"Arvioitu lukuaika":"5 minuuttia"},"schema":{"@context":"https:\/\/schema.org","@graph":[{"@type":"WebPage","@id":"https:\/\/sey.fi\/kaakkois-suomi\/kaakkois-suomen-elainsuojeluyhdistys\/ohjeet-ja-linkit\/kissan-ulkoileminen\/","url":"https:\/\/sey.fi\/kaakkois-suomi\/kaakkois-suomen-elainsuojeluyhdistys\/ohjeet-ja-linkit\/kissan-ulkoileminen\/","name":"Kissan ulkoileminen - Kaakkois-Suomen el\u00e4insuojeluyhdistys","isPartOf":{"@id":"https:\/\/sey.fi\/kaakkois-suomi\/#website"},"datePublished":"2019-11-01T12:32:42+00:00","dateModified":"2020-10-14T08:06:30+00:00","breadcrumb":{"@id":"https:\/\/sey.fi\/kaakkois-suomi\/kaakkois-suomen-elainsuojeluyhdistys\/ohjeet-ja-linkit\/kissan-ulkoileminen\/#breadcrumb"},"inLanguage":"fi","potentialAction":[{"@type":"ReadAction","target":["https:\/\/sey.fi\/kaakkois-suomi\/kaakkois-suomen-elainsuojeluyhdistys\/ohjeet-ja-linkit\/kissan-ulkoileminen\/"]}]},{"@type":"BreadcrumbList","@id":"https:\/\/sey.fi\/kaakkois-suomi\/kaakkois-suomen-elainsuojeluyhdistys\/ohjeet-ja-linkit\/kissan-ulkoileminen\/#breadcrumb","itemListElement":[{"@type":"ListItem","position":1,"name":"Home","item":"https:\/\/sey.fi\/kaakkois-suomi\/"},{"@type":"ListItem","position":2,"name":"Kaakkois-Suomen el\u00e4insuojeluyhdistys","item":"https:\/\/sey.fi\/kaakkois-suomi\/"},{"@type":"ListItem","position":3,"name":"Ohjeet ja linkit","item":"https:\/\/sey.fi\/kaakkois-suomi\/kaakkois-suomen-elainsuojeluyhdistys\/ohjeet-ja-linkit\/"},{"@type":"ListItem","position":4,"name":"Kissan ulkoileminen"}]},{"@type":"WebSite","@id":"https:\/\/sey.fi\/kaakkois-suomi\/#website","url":"https:\/\/sey.fi\/kaakkois-suomi\/","name":"Kaakkois-Suomen el\u00e4insuojeluyhdistys","description":"Uusi SEY J\u00e4senyhdistykset -sivusto","potentialAction":[{"@type":"SearchAction","target":{"@type":"EntryPoint","urlTemplate":"https:\/\/sey.fi\/kaakkois-suomi\/?s={search_term_string}"},"query-input":{"@type":"PropertyValueSpecification","valueRequired":true,"valueName":"search_term_string"}}],"inLanguage":"fi"}]}},"_links":{"self":[{"href":"https:\/\/sey.fi\/kaakkois-suomi\/wp-json\/wp\/v2\/pages\/184","targetHints":{"allow":["GET"]}}],"collection":[{"href":"https:\/\/sey.fi\/kaakkois-suomi\/wp-json\/wp\/v2\/pages"}],"about":[{"href":"https:\/\/sey.fi\/kaakkois-suomi\/wp-json\/wp\/v2\/types\/page"}],"author":[{"embeddable":true,"href":"https:\/\/sey.fi\/kaakkois-suomi\/wp-json\/wp\/v2\/users\/8"}],"replies":[{"embeddable":true,"href":"https:\/\/sey.fi\/kaakkois-suomi\/wp-json\/wp\/v2\/comments?post=184"}],"version-history":[{"count":4,"href":"https:\/\/sey.fi\/kaakkois-suomi\/wp-json\/wp\/v2\/pages\/184\/revisions"}],"predecessor-version":[{"id":1263,"href":"https:\/\/sey.fi\/kaakkois-suomi\/wp-json\/wp\/v2\/pages\/184\/revisions\/1263"}],"up":[{"embeddable":true,"href":"https:\/\/sey.fi\/kaakkois-suomi\/wp-json\/wp\/v2\/pages\/159"}],"wp:attachment":[{"href":"https:\/\/sey.fi\/kaakkois-suomi\/wp-json\/wp\/v2\/media?parent=184"}],"curies":[{"name":"wp","href":"https:\/\/api.w.org\/{rel}","templated":true}]}}