{"id":186,"date":"2019-11-01T14:37:29","date_gmt":"2019-11-01T12:37:29","guid":{"rendered":"http:\/\/srvr10.xetpoint.com\/~seyfi\/kaakkois-suomi\/?page_id=186"},"modified":"2024-11-11T00:22:27","modified_gmt":"2024-11-10T22:22:27","slug":"kissan-ongelmakaytos","status":"publish","type":"page","link":"https:\/\/sey.fi\/kaakkois-suomi\/kaakkois-suomen-elainsuojeluyhdistys\/ohjeet-ja-linkit\/kissan-ongelmakaytos\/","title":{"rendered":"Kissan ongelmak\u00e4yt\u00f6s"},"content":{"rendered":"\n<p>Alle olemme listanneet kissoilla ilmenevi\u00e4 k\u00e4yt\u00f6sh\u00e4iri\u00f6t\u00e4. K\u00e4yt\u00f6sh\u00e4iri\u00f6ihin olemme listanneet linkkej\u00e4, joista voi olla apua ongelman ratkaisemisessa. Klikkaamalla otsikkoa p\u00e4\u00e4set aiheesta kertovaan julkaisuun.<br><br><strong>Hutipissailu ja merkkaaminen<\/strong><br><strong><a href=\"https:\/\/elainkoulutus.fi\/category\/kissat\/hiekkalaatikko-ongelmat\/\" target=\"_blank\" rel=\"noreferrer noopener\">Hiekkalaatikko-ongelmat<\/a>\u00a0(El\u00e4inten k\u00e4yt\u00f6sneuvoja Jaana Pohjola)<\/strong><br><strong><a href=\"https:\/\/pissasirkus.fi\/kissani-hutipissaa-mika-avuksi\/\">Pissasirkus (Blogi)<\/a><\/strong><\/p>\n\n\n\n<p><strong>Hy\u00f6kk\u00e4ily ja pureminen<br><a href=\"https:\/\/janinapohju.wordpress.com\/2019\/02\/09\/aggressiivinen-kissa\/\">Aggressiivinen kissa<\/a>&nbsp;(Janina Pohju)<\/strong><br><strong><a href=\"http:\/\/lappeenranta.sey.fi\/ohjeet-ja-linkit\/kissojen-kouluttaminen\">Kissan kouluttaminen<\/a> Kissaa ei saa kuljetuskoppaan<br><a href=\"https:\/\/janinapohju.wordpress.com\/2019\/02\/09\/aran-kissan-kasittely\/\">Aran kissan k\u00e4sittely<\/a>&nbsp;(Janina Pohju)<\/strong><\/p>\n\n\n\n<p><strong>Kissaa on vaikea l\u00e4\u00e4kit\u00e4<br><a href=\"https:\/\/janinapohju.wordpress.com\/2019\/02\/09\/aran-kissan-kasittely\/\">Aran kissan k\u00e4sittely<\/a>\u00a0(Janina Pohju)<\/strong><\/p>\n\n\n\n<p><strong>Kissa ei tule toimeen muiden el\u00e4inten kanssa<\/strong><br><strong><a href=\"https:\/\/sey.fi\/kaakkois-suomi\/kaakkois-suomen-elainsuojeluyhdistys\/ohjeet-ja-linkit\/188-2\/\">Kissojen tutustuttaminen<br><\/a><br>Kissa pelk\u00e4\u00e4 ihmisi\u00e4, kosketusta tms.<br><a href=\"https:\/\/janinapohju.wordpress.com\/2019\/02\/09\/aran-kissan-kasittely\/\">Aran kissan k\u00e4sittely<\/a>&nbsp;(Janina Pohju)<br><a href=\"https:\/\/sey.fi\/kaakkois-suomi\/kaakkois-suomen-elainsuojeluyhdistys\/ohjeet-ja-linkit\/kissan-aktivointi\/\">Kissan aktivointi<\/a><\/strong><\/p>\n\n\n\n<p><strong>Ovien r\u00e4mpp\u00e4\u00e4minen ja aukominen<br><a rel=\"noreferrer noopener\" href=\"https:\/\/janinapohju.wordpress.com\/2019\/02\/09\/aggressiivinen-kissa\/\" target=\"_blank\">Aggressiivinen kissa<\/a>&nbsp;(Janina Pohju)<\/strong><br><strong><a href=\"https:\/\/sey.fi\/kaakkois-suomi\/kaakkois-suomen-elainsuojeluyhdistys\/ohjeet-ja-linkit\/kissojen-kouluttaminen\/\">Kissan kouluttaminen<\/a><\/strong><br><strong><a href=\"https:\/\/sey.fi\/kaakkois-suomi\/kaakkois-suomen-elainsuojeluyhdistys\/ohjeet-ja-linkit\/kissan-aktivointi\/\">Kissan aktivointi<\/a><\/strong><\/p>\n\n\n\n<p><strong>P\u00f6ydille hyppiminen<br><a href=\"https:\/\/sey.fi\/kaakkois-suomi\/kaakkois-suomen-elainsuojeluyhdistys\/ohjeet-ja-linkit\/kissojen-kouluttaminen\/\">Kissan kouluttaminen<\/a><br><a href=\"https:\/\/sey.fi\/kaakkois-suomi\/kaakkois-suomen-elainsuojeluyhdistys\/ohjeet-ja-linkit\/kissan-aktivointi\/\">Kissan aktivointi<\/a><br><br>Tuhoaminen (irtaimisto, asunto, v\u00e4\u00e4r\u00e4t raapimapaikat, verhoissa roikkuminen)<br><a rel=\"noreferrer noopener\" href=\"https:\/\/janinapohju.wordpress.com\/2019\/02\/09\/aggressiivinen-kissa\/\" target=\"_blank\">Aggressiivinen kissa<\/a>&nbsp;(Janina Pohju)<\/strong><br><strong><a href=\"https:\/\/sey.fi\/kaakkois-suomi\/kaakkois-suomen-elainsuojeluyhdistys\/ohjeet-ja-linkit\/kissojen-kouluttaminen\/\">Kissan kouluttaminen<\/a><br><a href=\"https:\/\/sey.fi\/kaakkois-suomi\/kaakkois-suomen-elainsuojeluyhdistys\/ohjeet-ja-linkit\/kissan-aktivointi\/\">Kissan aktivointi<\/a><br><br>\u00c4\u00e4ntely (esimerkiksi \u00f6isin tai jatkuva ruoan kerj\u00e4\u00e4minen)<br><a rel=\"noreferrer noopener\" href=\"https:\/\/elainkoulutus.fi\/tag\/kissa-naukuu\/\" target=\"_blank\">Kissa naukuu<\/a>&nbsp;(El\u00e4inten k\u00e4yt\u00f6sneuvoja Jaana Pohjola)<\/strong><br><strong><a href=\"https:\/\/sey.fi\/kaakkois-suomi\/kaakkois-suomen-elainsuojeluyhdistys\/ohjeet-ja-linkit\/kissojen-kouluttaminen\/\">Kissan kouluttaminen<\/a><\/strong><br><strong><a href=\"http:\/\/lappeenranta.sey.fi\/ohjeet-ja-linkit\/kissan-aktivointi\">Kissan a<\/a><a href=\"https:\/\/sey.fi\/kaakkois-suomi\/kaakkois-suomen-elainsuojeluyhdistys\/ohjeet-ja-linkit\/kissan-aktivointi\/\">ktivointi<br><\/a><\/strong><\/p>\n","protected":false},"excerpt":{"rendered":"<p>Alle olemme listanneet kissoilla ilmenevi\u00e4 k\u00e4yt\u00f6sh\u00e4iri\u00f6t\u00e4. K\u00e4yt\u00f6sh\u00e4iri\u00f6ihin olemme listanneet linkkej\u00e4, joista voi olla apua ongelman ratkaisemisessa. Klikkaamalla otsikkoa p\u00e4\u00e4set aiheesta kertovaan julkaisuun. Hutipissailu ja merkkaaminenHiekkalaatikko-ongelmat\u00a0(El\u00e4inten k\u00e4yt\u00f6sneuvoja Jaana Pohjola)Pissasirkus (Blogi) Hy\u00f6kk\u00e4ily ja pureminenAggressiivinen kissa&nbsp;(Janina Pohju)Kissan kouluttaminen Kissaa ei saa kuljetuskoppaanAran kissan k\u00e4sittely&nbsp;(Janina Pohju) Kissaa on vaikea l\u00e4\u00e4kit\u00e4Aran kissan k\u00e4sittely\u00a0(Janina Pohju) Kissa ei tule toimeen muiden el\u00e4inten [&hellip;]<\/p>\n","protected":false},"author":8,"featured_media":0,"parent":159,"menu_order":0,"comment_status":"closed","ping_status":"closed","template":"","meta":{"_acf_changed":false,"footnotes":""},"class_list":["post-186","page","type-page","status-publish","hentry"],"acf":[],"yoast_head":"<!-- This site is optimized with the Yoast SEO plugin v27.1.1 - https:\/\/yoast.com\/product\/yoast-seo-wordpress\/ -->\n<title>Kissan ongelmak\u00e4yt\u00f6s - Kaakkois-Suomen el\u00e4insuojeluyhdistys<\/title>\n<meta name=\"robots\" content=\"index, follow, max-snippet:-1, max-image-preview:large, max-video-preview:-1\" \/>\n<link rel=\"canonical\" href=\"https:\/\/sey.fi\/kaakkois-suomi\/kaakkois-suomen-elainsuojeluyhdistys\/ohjeet-ja-linkit\/kissan-ongelmakaytos\/\" \/>\n<meta property=\"og:locale\" content=\"fi_FI\" \/>\n<meta property=\"og:type\" content=\"article\" \/>\n<meta property=\"og:title\" content=\"Kissan ongelmak\u00e4yt\u00f6s - Kaakkois-Suomen el\u00e4insuojeluyhdistys\" \/>\n<meta property=\"og:description\" content=\"Alle olemme listanneet kissoilla ilmenevi\u00e4 k\u00e4yt\u00f6sh\u00e4iri\u00f6t\u00e4. K\u00e4yt\u00f6sh\u00e4iri\u00f6ihin olemme listanneet linkkej\u00e4, joista voi olla apua ongelman ratkaisemisessa. Klikkaamalla otsikkoa p\u00e4\u00e4set aiheesta kertovaan julkaisuun. Hutipissailu ja merkkaaminenHiekkalaatikko-ongelmat\u00a0(El\u00e4inten k\u00e4yt\u00f6sneuvoja Jaana Pohjola)Pissasirkus (Blogi) Hy\u00f6kk\u00e4ily ja pureminenAggressiivinen kissa&nbsp;(Janina Pohju)Kissan kouluttaminen Kissaa ei saa kuljetuskoppaanAran kissan k\u00e4sittely&nbsp;(Janina Pohju) Kissaa on vaikea l\u00e4\u00e4kit\u00e4Aran kissan k\u00e4sittely\u00a0(Janina Pohju) Kissa ei tule toimeen muiden el\u00e4inten [&hellip;]\" \/>\n<meta property=\"og:url\" content=\"https:\/\/sey.fi\/kaakkois-suomi\/kaakkois-suomen-elainsuojeluyhdistys\/ohjeet-ja-linkit\/kissan-ongelmakaytos\/\" \/>\n<meta property=\"og:site_name\" content=\"Kaakkois-Suomen el\u00e4insuojeluyhdistys\" \/>\n<meta property=\"article:modified_time\" content=\"2024-11-10T22:22:27+00:00\" \/>\n<meta name=\"twitter:card\" content=\"summary_large_image\" \/>\n<meta name=\"twitter:label1\" content=\"Arvioitu lukuaika\" \/>\n\t<meta name=\"twitter:data1\" content=\"1 minuutti\" \/>\n<script type=\"application\/ld+json\" class=\"yoast-schema-graph\">{\"@context\":\"https:\/\/schema.org\",\"@graph\":[{\"@type\":\"WebPage\",\"@id\":\"https:\/\/sey.fi\/kaakkois-suomi\/kaakkois-suomen-elainsuojeluyhdistys\/ohjeet-ja-linkit\/kissan-ongelmakaytos\/\",\"url\":\"https:\/\/sey.fi\/kaakkois-suomi\/kaakkois-suomen-elainsuojeluyhdistys\/ohjeet-ja-linkit\/kissan-ongelmakaytos\/\",\"name\":\"Kissan ongelmak\u00e4yt\u00f6s - Kaakkois-Suomen el\u00e4insuojeluyhdistys\",\"isPartOf\":{\"@id\":\"https:\/\/sey.fi\/kaakkois-suomi\/#website\"},\"datePublished\":\"2019-11-01T12:37:29+00:00\",\"dateModified\":\"2024-11-10T22:22:27+00:00\",\"breadcrumb\":{\"@id\":\"https:\/\/sey.fi\/kaakkois-suomi\/kaakkois-suomen-elainsuojeluyhdistys\/ohjeet-ja-linkit\/kissan-ongelmakaytos\/#breadcrumb\"},\"inLanguage\":\"fi\",\"potentialAction\":[{\"@type\":\"ReadAction\",\"target\":[\"https:\/\/sey.fi\/kaakkois-suomi\/kaakkois-suomen-elainsuojeluyhdistys\/ohjeet-ja-linkit\/kissan-ongelmakaytos\/\"]}]},{\"@type\":\"BreadcrumbList\",\"@id\":\"https:\/\/sey.fi\/kaakkois-suomi\/kaakkois-suomen-elainsuojeluyhdistys\/ohjeet-ja-linkit\/kissan-ongelmakaytos\/#breadcrumb\",\"itemListElement\":[{\"@type\":\"ListItem\",\"position\":1,\"name\":\"Home\",\"item\":\"https:\/\/sey.fi\/kaakkois-suomi\/\"},{\"@type\":\"ListItem\",\"position\":2,\"name\":\"Kaakkois-Suomen el\u00e4insuojeluyhdistys\",\"item\":\"https:\/\/sey.fi\/kaakkois-suomi\/\"},{\"@type\":\"ListItem\",\"position\":3,\"name\":\"Ohjeet ja linkit\",\"item\":\"https:\/\/sey.fi\/kaakkois-suomi\/kaakkois-suomen-elainsuojeluyhdistys\/ohjeet-ja-linkit\/\"},{\"@type\":\"ListItem\",\"position\":4,\"name\":\"Kissan ongelmak\u00e4yt\u00f6s\"}]},{\"@type\":\"WebSite\",\"@id\":\"https:\/\/sey.fi\/kaakkois-suomi\/#website\",\"url\":\"https:\/\/sey.fi\/kaakkois-suomi\/\",\"name\":\"Kaakkois-Suomen el\u00e4insuojeluyhdistys\",\"description\":\"Uusi SEY J\u00e4senyhdistykset -sivusto\",\"potentialAction\":[{\"@type\":\"SearchAction\",\"target\":{\"@type\":\"EntryPoint\",\"urlTemplate\":\"https:\/\/sey.fi\/kaakkois-suomi\/?s={search_term_string}\"},\"query-input\":{\"@type\":\"PropertyValueSpecification\",\"valueRequired\":true,\"valueName\":\"search_term_string\"}}],\"inLanguage\":\"fi\"}]}<\/script>\n<!-- \/ Yoast SEO plugin. -->","yoast_head_json":{"title":"Kissan ongelmak\u00e4yt\u00f6s - Kaakkois-Suomen el\u00e4insuojeluyhdistys","robots":{"index":"index","follow":"follow","max-snippet":"max-snippet:-1","max-image-preview":"max-image-preview:large","max-video-preview":"max-video-preview:-1"},"canonical":"https:\/\/sey.fi\/kaakkois-suomi\/kaakkois-suomen-elainsuojeluyhdistys\/ohjeet-ja-linkit\/kissan-ongelmakaytos\/","og_locale":"fi_FI","og_type":"article","og_title":"Kissan ongelmak\u00e4yt\u00f6s - Kaakkois-Suomen el\u00e4insuojeluyhdistys","og_description":"Alle olemme listanneet kissoilla ilmenevi\u00e4 k\u00e4yt\u00f6sh\u00e4iri\u00f6t\u00e4. K\u00e4yt\u00f6sh\u00e4iri\u00f6ihin olemme listanneet linkkej\u00e4, joista voi olla apua ongelman ratkaisemisessa. Klikkaamalla otsikkoa p\u00e4\u00e4set aiheesta kertovaan julkaisuun. Hutipissailu ja merkkaaminenHiekkalaatikko-ongelmat\u00a0(El\u00e4inten k\u00e4yt\u00f6sneuvoja Jaana Pohjola)Pissasirkus (Blogi) Hy\u00f6kk\u00e4ily ja pureminenAggressiivinen kissa&nbsp;(Janina Pohju)Kissan kouluttaminen Kissaa ei saa kuljetuskoppaanAran kissan k\u00e4sittely&nbsp;(Janina Pohju) Kissaa on vaikea l\u00e4\u00e4kit\u00e4Aran kissan k\u00e4sittely\u00a0(Janina Pohju) Kissa ei tule toimeen muiden el\u00e4inten [&hellip;]","og_url":"https:\/\/sey.fi\/kaakkois-suomi\/kaakkois-suomen-elainsuojeluyhdistys\/ohjeet-ja-linkit\/kissan-ongelmakaytos\/","og_site_name":"Kaakkois-Suomen el\u00e4insuojeluyhdistys","article_modified_time":"2024-11-10T22:22:27+00:00","twitter_card":"summary_large_image","twitter_misc":{"Arvioitu lukuaika":"1 minuutti"},"schema":{"@context":"https:\/\/schema.org","@graph":[{"@type":"WebPage","@id":"https:\/\/sey.fi\/kaakkois-suomi\/kaakkois-suomen-elainsuojeluyhdistys\/ohjeet-ja-linkit\/kissan-ongelmakaytos\/","url":"https:\/\/sey.fi\/kaakkois-suomi\/kaakkois-suomen-elainsuojeluyhdistys\/ohjeet-ja-linkit\/kissan-ongelmakaytos\/","name":"Kissan ongelmak\u00e4yt\u00f6s - Kaakkois-Suomen el\u00e4insuojeluyhdistys","isPartOf":{"@id":"https:\/\/sey.fi\/kaakkois-suomi\/#website"},"datePublished":"2019-11-01T12:37:29+00:00","dateModified":"2024-11-10T22:22:27+00:00","breadcrumb":{"@id":"https:\/\/sey.fi\/kaakkois-suomi\/kaakkois-suomen-elainsuojeluyhdistys\/ohjeet-ja-linkit\/kissan-ongelmakaytos\/#breadcrumb"},"inLanguage":"fi","potentialAction":[{"@type":"ReadAction","target":["https:\/\/sey.fi\/kaakkois-suomi\/kaakkois-suomen-elainsuojeluyhdistys\/ohjeet-ja-linkit\/kissan-ongelmakaytos\/"]}]},{"@type":"BreadcrumbList","@id":"https:\/\/sey.fi\/kaakkois-suomi\/kaakkois-suomen-elainsuojeluyhdistys\/ohjeet-ja-linkit\/kissan-ongelmakaytos\/#breadcrumb","itemListElement":[{"@type":"ListItem","position":1,"name":"Home","item":"https:\/\/sey.fi\/kaakkois-suomi\/"},{"@type":"ListItem","position":2,"name":"Kaakkois-Suomen el\u00e4insuojeluyhdistys","item":"https:\/\/sey.fi\/kaakkois-suomi\/"},{"@type":"ListItem","position":3,"name":"Ohjeet ja linkit","item":"https:\/\/sey.fi\/kaakkois-suomi\/kaakkois-suomen-elainsuojeluyhdistys\/ohjeet-ja-linkit\/"},{"@type":"ListItem","position":4,"name":"Kissan ongelmak\u00e4yt\u00f6s"}]},{"@type":"WebSite","@id":"https:\/\/sey.fi\/kaakkois-suomi\/#website","url":"https:\/\/sey.fi\/kaakkois-suomi\/","name":"Kaakkois-Suomen el\u00e4insuojeluyhdistys","description":"Uusi SEY J\u00e4senyhdistykset -sivusto","potentialAction":[{"@type":"SearchAction","target":{"@type":"EntryPoint","urlTemplate":"https:\/\/sey.fi\/kaakkois-suomi\/?s={search_term_string}"},"query-input":{"@type":"PropertyValueSpecification","valueRequired":true,"valueName":"search_term_string"}}],"inLanguage":"fi"}]}},"_links":{"self":[{"href":"https:\/\/sey.fi\/kaakkois-suomi\/wp-json\/wp\/v2\/pages\/186","targetHints":{"allow":["GET"]}}],"collection":[{"href":"https:\/\/sey.fi\/kaakkois-suomi\/wp-json\/wp\/v2\/pages"}],"about":[{"href":"https:\/\/sey.fi\/kaakkois-suomi\/wp-json\/wp\/v2\/types\/page"}],"author":[{"embeddable":true,"href":"https:\/\/sey.fi\/kaakkois-suomi\/wp-json\/wp\/v2\/users\/8"}],"replies":[{"embeddable":true,"href":"https:\/\/sey.fi\/kaakkois-suomi\/wp-json\/wp\/v2\/comments?post=186"}],"version-history":[{"count":4,"href":"https:\/\/sey.fi\/kaakkois-suomi\/wp-json\/wp\/v2\/pages\/186\/revisions"}],"predecessor-version":[{"id":4750,"href":"https:\/\/sey.fi\/kaakkois-suomi\/wp-json\/wp\/v2\/pages\/186\/revisions\/4750"}],"up":[{"embeddable":true,"href":"https:\/\/sey.fi\/kaakkois-suomi\/wp-json\/wp\/v2\/pages\/159"}],"wp:attachment":[{"href":"https:\/\/sey.fi\/kaakkois-suomi\/wp-json\/wp\/v2\/media?parent=186"}],"curies":[{"name":"wp","href":"https:\/\/api.w.org\/{rel}","templated":true}]}}