{"id":188,"date":"2019-11-01T14:40:16","date_gmt":"2019-11-01T12:40:16","guid":{"rendered":"http:\/\/srvr10.xetpoint.com\/~seyfi\/kaakkois-suomi\/?page_id=188"},"modified":"2024-11-11T00:24:14","modified_gmt":"2024-11-10T22:24:14","slug":"188-2","status":"publish","type":"page","link":"https:\/\/sey.fi\/kaakkois-suomi\/kaakkois-suomen-elainsuojeluyhdistys\/ohjeet-ja-linkit\/188-2\/","title":{"rendered":"Kissojen tutustuttaminen"},"content":{"rendered":"\n<p>Uuden kissan tuominen vanhojen kissojen reviirille niin, ett\u00e4 sopu s\u00e4ilyy, vaatii omistajalta tietoa ja viitseli\u00e4isyytt\u00e4. Helpoimmin tulokkaan hyv\u00e4ksyv\u00e4t nuoret kissat, ja vaivattomimmin tutustuminen sujuu pennun kanssa.<\/p>\n\n\n\n<p>Aikuisen tulokkaan kanssa kannattaa noudattaa kissojen omaa k\u00e4yt\u00e4nt\u00f6\u00e4 tutustumisen suhteen. Mik\u00e4li aikuinen kissa hyv\u00e4ksyt\u00e4\u00e4n samalle reviirille, se ei tunkeudu suoraan reviirin ydinalueelle, vaan aloittaa varovaisen hajumerkkien j\u00e4tt\u00e4misen reviirin ulkolaidoille ja vasta v\u00e4hitellen hivuttautuu l\u00e4hemm\u00e4ksi muita. Vaikka kissat pyrkiv\u00e4t luonnostaan v\u00e4lttelem\u00e4\u00e4n konflikteja muiden kanssa, ahtaat ihmisasumukset saattavat tehd\u00e4 kohteliaan vet\u00e4ytymisen mahdottomaksi.<\/p>\n\n\n\n<h4 class=\"wp-block-heading\"> Tutustuttamisen vaiheet:<\/h4>\n\n\n\n<ul class=\"wp-block-list\">\n<li>Tulokas tuodaan eri huoneeseen kuin se, jossa talon oma kissan on, ja huolehditaan siit\u00e4, ett\u00e4 ovi niiden v\u00e4lill\u00e4 on koko ajan kiinni. Varmistetaan, ett\u00e4 molemmilla kissoilla on riitt\u00e4v\u00e4sti vett\u00e4, ruokaa, piilopaikkoja ja leluja. My\u00f6s raapimapuu ja hiekkalaatikko on oltava molemmilla. Feliway-feromonihaihdutin sein\u00e4ss\u00e4 v\u00e4hent\u00e4\u00e4 kissojen kokemaa stressi\u00e4. <\/li>\n<\/ul>\n\n\n\n<ul class=\"wp-block-list\">\n<li>Hajut ovat kissoille t\u00e4rkeit\u00e4. Aloitetaan varovainen hajujenvaihto. Kissan hajua, erityisesti poskista ja suupielist\u00e4, hierotaan kankaaseen. Kangas vied\u00e4\u00e4n toiselle kissalle tutustuttavaksi. Kankaan p\u00e4\u00e4lt\u00e4 voi tarjoilla herkkuja, jotta toisen hajusta syntyy mukavia mielleyhtymi\u00e4. Hajut vaihtuvat my\u00f6s kissoja vuorotellen silittelem\u00e4ll\u00e4. My\u00f6hemmin my\u00f6s pieni\u00e4 pissapaakkuja voi vaihtaa hiekkalaatikosta toiseen. <\/li>\n<\/ul>\n\n\n\n<ul class=\"wp-block-list\">\n<li>Kissojen kanssa leikit\u00e4\u00e4n paljon, sill\u00e4 leikkiminen v\u00e4hent\u00e4\u00e4 stressi\u00e4. <\/li>\n<\/ul>\n\n\n\n<ul class=\"wp-block-list\">\n<li>Ensimm\u00e4inen tapaaminen tapahtuu ovenraosta, josta kissa haistaa toisen, mutta ei p\u00e4\u00e4se huitomaan tassulla. Herkkuja ja leikki\u00e4 on hyv\u00e4 k\u00e4ytt\u00e4\u00e4 j\u00e4nnitteiden lievent\u00e4miseen. Hajujen vaihtamista jatketaan. <\/li>\n<\/ul>\n\n\n\n<ul class=\"wp-block-list\">\n<li>Kun kissat suhtautuvat toisiinsa neutraalisti ovenraosta tutustuen, on aika ottaa seuraava askel. Siin\u00e4 kissat tapaavat toisensa. On t\u00e4rke\u00e4\u00e4, ett\u00e4 ihmiset ovat rauhallisia. Feliway-haihdutin ja herkut lievent\u00e4v\u00e4t j\u00e4nnityst\u00e4. Tutustumishetket on hyv\u00e4 aluksi pit\u00e4\u00e4 lyhyin\u00e4 ja lopettaa ennen kuin tunnelma kiristyy liikaa.<\/li>\n<\/ul>\n\n\n\n<ul class=\"wp-block-list\">\n<li>Vasta kun lyhyet tutustumisjaksot sujuvat niin, ettei kumpikaan osoita aggressiivisuuden tai pelokkuuden merkkej\u00e4, voivat kissat olla yhdess\u00e4 pitempi\u00e4 aikoja. Ilman valvontaa ne voi j\u00e4tt\u00e4\u00e4 vasta, kun rauhanomainen yhteiselo sujuu. <\/li>\n<\/ul>\n\n\n\n<p><br>Kissojen tutustuttamisessa kannattaa mieluummin edet\u00e4 liian hitaasti kuin kiirehtien. Mik\u00e4li kissoissa n\u00e4kyy stressi tai ne p\u00e4\u00e4sev\u00e4t ottamaan yhteen, pit\u00e4\u00e4 palata tutustuttamisen edelliseen vaiheeseen ja edet\u00e4 vasta sitten, kun tilanne rauhoittuu.<\/p>\n\n\n\n<p><strong>Huom! Tutustuttamista voi helpottaa ja tehd\u00e4 turvallisemmaksi rakentamalla oviaukkoon verkko-oven!<\/strong><\/p>\n\n\n\n<p>Jos kissat p\u00e4\u00e4sev\u00e4t tappelemaan, niit\u00e4 ei pid\u00e4 erottaa k\u00e4siksi k\u00e4ym\u00e4ll\u00e4. Kiihtynyt kissa ei tee eroa tappelun toisen osapuolen ja ihmisen v\u00e4lill\u00e4. Tilannetta voi yritt\u00e4\u00e4 katkaista vesisuihkulla tai yll\u00e4tt\u00e4v\u00e4ll\u00e4 \u00e4\u00e4nell\u00e4. Sen j\u00e4lkeen kissat ohjataan omalle puolelleen ovea ty\u00f6nt\u00e4m\u00e4ll\u00e4 niit\u00e4 kevyesti tyynyn tai peiton avulla. Tappelun j\u00e4lkeen on syyt\u00e4 aloittaa tutustuminen aivan alusta ja edet\u00e4 hitaasti.<\/p>\n\n\n\n<p>Yhteiselon sujumisen takaa, ett\u00e4 useamman kissan ei tarvitse kilpailla t\u00e4rkeiksi katsomistaan asioista. Hiekkalaatikkoja, leluja, piilopaikkoja ja kiipeilymahdollisuuksia pit\u00e4\u00e4 olla riitt\u00e4v\u00e4sti. My\u00f6s huomiota ja yhteisi\u00e4 leikkihetki\u00e4 on syyt\u00e4 taata tasapuolisesti perheen kaikille kissoille.<\/p>\n\n\n\n<p>Vaikka monet kissat lajitoverinsa seurasta nauttivatkin, kaikki kissayksil\u00f6t eiv\u00e4t tule toimeen kesken\u00e4\u00e4n. Toiset eiv\u00e4t lainkaan sied\u00e4 kilpailijoita reviirill\u00e4\u00e4n. Ei ole el\u00e4insuojelullisesti oikein pit\u00e4\u00e4 samassa tilassa el\u00e4imi\u00e4, jotka pelk\u00e4\u00e4v\u00e4t toisiaan. Pitkittynyt stressi johtaa sairastumiseen, eik\u00e4 pelokkaan el\u00e4imen el\u00e4m\u00e4nlaatu ole hyv\u00e4\u00e4. Luopuminen on silloin ainoa vaihtoehto. Velvoittaahan jo el\u00e4insuojelulakikin takaamaan, ettei el\u00e4inyksil\u00f6n tarvitse kokea tarpeetonta k\u00e4rsimyst\u00e4, kipua ja tuskaa.<\/p>\n\n\n\n<p>Teksti kopioitu Seyn <a href=\"https:\/\/sey.fi\/kissa\/uuden-kissan-tuominen-laumaan\/\">kissatieto.fi sivulta<\/a>.<\/p>\n\n\n\n<p><\/p>\n","protected":false},"excerpt":{"rendered":"<p>Uuden kissan tuominen vanhojen kissojen reviirille niin, ett\u00e4 sopu s\u00e4ilyy, vaatii omistajalta tietoa ja viitseli\u00e4isyytt\u00e4. Helpoimmin tulokkaan hyv\u00e4ksyv\u00e4t nuoret kissat, ja vaivattomimmin tutustuminen sujuu pennun kanssa. Aikuisen tulokkaan kanssa kannattaa noudattaa kissojen omaa k\u00e4yt\u00e4nt\u00f6\u00e4 tutustumisen suhteen. Mik\u00e4li aikuinen kissa hyv\u00e4ksyt\u00e4\u00e4n samalle reviirille, se ei tunkeudu suoraan reviirin ydinalueelle, vaan aloittaa varovaisen hajumerkkien j\u00e4tt\u00e4misen reviirin ulkolaidoille [&hellip;]<\/p>\n","protected":false},"author":8,"featured_media":0,"parent":159,"menu_order":0,"comment_status":"closed","ping_status":"closed","template":"","meta":{"_acf_changed":false,"footnotes":""},"class_list":["post-188","page","type-page","status-publish","hentry"],"acf":[],"yoast_head":"<!-- This site is optimized with the Yoast SEO plugin v27.1.1 - https:\/\/yoast.com\/product\/yoast-seo-wordpress\/ -->\n<title>Kissojen tutustuttaminen - Kaakkois-Suomen el\u00e4insuojeluyhdistys<\/title>\n<meta name=\"robots\" content=\"index, follow, max-snippet:-1, max-image-preview:large, max-video-preview:-1\" \/>\n<link rel=\"canonical\" href=\"https:\/\/sey.fi\/kaakkois-suomi\/kaakkois-suomen-elainsuojeluyhdistys\/ohjeet-ja-linkit\/188-2\/\" \/>\n<meta property=\"og:locale\" content=\"fi_FI\" \/>\n<meta property=\"og:type\" content=\"article\" \/>\n<meta property=\"og:title\" content=\"Kissojen tutustuttaminen - Kaakkois-Suomen el\u00e4insuojeluyhdistys\" \/>\n<meta property=\"og:description\" content=\"Uuden kissan tuominen vanhojen kissojen reviirille niin, ett\u00e4 sopu s\u00e4ilyy, vaatii omistajalta tietoa ja viitseli\u00e4isyytt\u00e4. Helpoimmin tulokkaan hyv\u00e4ksyv\u00e4t nuoret kissat, ja vaivattomimmin tutustuminen sujuu pennun kanssa. Aikuisen tulokkaan kanssa kannattaa noudattaa kissojen omaa k\u00e4yt\u00e4nt\u00f6\u00e4 tutustumisen suhteen. Mik\u00e4li aikuinen kissa hyv\u00e4ksyt\u00e4\u00e4n samalle reviirille, se ei tunkeudu suoraan reviirin ydinalueelle, vaan aloittaa varovaisen hajumerkkien j\u00e4tt\u00e4misen reviirin ulkolaidoille [&hellip;]\" \/>\n<meta property=\"og:url\" content=\"https:\/\/sey.fi\/kaakkois-suomi\/kaakkois-suomen-elainsuojeluyhdistys\/ohjeet-ja-linkit\/188-2\/\" \/>\n<meta property=\"og:site_name\" content=\"Kaakkois-Suomen el\u00e4insuojeluyhdistys\" \/>\n<meta property=\"article:modified_time\" content=\"2024-11-10T22:24:14+00:00\" \/>\n<meta name=\"twitter:card\" content=\"summary_large_image\" \/>\n<meta name=\"twitter:label1\" content=\"Arvioitu lukuaika\" \/>\n\t<meta name=\"twitter:data1\" content=\"3 minuuttia\" \/>\n<script type=\"application\/ld+json\" class=\"yoast-schema-graph\">{\"@context\":\"https:\/\/schema.org\",\"@graph\":[{\"@type\":\"WebPage\",\"@id\":\"https:\/\/sey.fi\/kaakkois-suomi\/kaakkois-suomen-elainsuojeluyhdistys\/ohjeet-ja-linkit\/188-2\/\",\"url\":\"https:\/\/sey.fi\/kaakkois-suomi\/kaakkois-suomen-elainsuojeluyhdistys\/ohjeet-ja-linkit\/188-2\/\",\"name\":\"Kissojen tutustuttaminen - Kaakkois-Suomen el\u00e4insuojeluyhdistys\",\"isPartOf\":{\"@id\":\"https:\/\/sey.fi\/kaakkois-suomi\/#website\"},\"datePublished\":\"2019-11-01T12:40:16+00:00\",\"dateModified\":\"2024-11-10T22:24:14+00:00\",\"breadcrumb\":{\"@id\":\"https:\/\/sey.fi\/kaakkois-suomi\/kaakkois-suomen-elainsuojeluyhdistys\/ohjeet-ja-linkit\/188-2\/#breadcrumb\"},\"inLanguage\":\"fi\",\"potentialAction\":[{\"@type\":\"ReadAction\",\"target\":[\"https:\/\/sey.fi\/kaakkois-suomi\/kaakkois-suomen-elainsuojeluyhdistys\/ohjeet-ja-linkit\/188-2\/\"]}]},{\"@type\":\"BreadcrumbList\",\"@id\":\"https:\/\/sey.fi\/kaakkois-suomi\/kaakkois-suomen-elainsuojeluyhdistys\/ohjeet-ja-linkit\/188-2\/#breadcrumb\",\"itemListElement\":[{\"@type\":\"ListItem\",\"position\":1,\"name\":\"Home\",\"item\":\"https:\/\/sey.fi\/kaakkois-suomi\/\"},{\"@type\":\"ListItem\",\"position\":2,\"name\":\"Kaakkois-Suomen el\u00e4insuojeluyhdistys\",\"item\":\"https:\/\/sey.fi\/kaakkois-suomi\/\"},{\"@type\":\"ListItem\",\"position\":3,\"name\":\"Ohjeet ja linkit\",\"item\":\"https:\/\/sey.fi\/kaakkois-suomi\/kaakkois-suomen-elainsuojeluyhdistys\/ohjeet-ja-linkit\/\"},{\"@type\":\"ListItem\",\"position\":4,\"name\":\"Kissojen tutustuttaminen\"}]},{\"@type\":\"WebSite\",\"@id\":\"https:\/\/sey.fi\/kaakkois-suomi\/#website\",\"url\":\"https:\/\/sey.fi\/kaakkois-suomi\/\",\"name\":\"Kaakkois-Suomen el\u00e4insuojeluyhdistys\",\"description\":\"Uusi SEY J\u00e4senyhdistykset -sivusto\",\"potentialAction\":[{\"@type\":\"SearchAction\",\"target\":{\"@type\":\"EntryPoint\",\"urlTemplate\":\"https:\/\/sey.fi\/kaakkois-suomi\/?s={search_term_string}\"},\"query-input\":{\"@type\":\"PropertyValueSpecification\",\"valueRequired\":true,\"valueName\":\"search_term_string\"}}],\"inLanguage\":\"fi\"}]}<\/script>\n<!-- \/ Yoast SEO plugin. -->","yoast_head_json":{"title":"Kissojen tutustuttaminen - Kaakkois-Suomen el\u00e4insuojeluyhdistys","robots":{"index":"index","follow":"follow","max-snippet":"max-snippet:-1","max-image-preview":"max-image-preview:large","max-video-preview":"max-video-preview:-1"},"canonical":"https:\/\/sey.fi\/kaakkois-suomi\/kaakkois-suomen-elainsuojeluyhdistys\/ohjeet-ja-linkit\/188-2\/","og_locale":"fi_FI","og_type":"article","og_title":"Kissojen tutustuttaminen - Kaakkois-Suomen el\u00e4insuojeluyhdistys","og_description":"Uuden kissan tuominen vanhojen kissojen reviirille niin, ett\u00e4 sopu s\u00e4ilyy, vaatii omistajalta tietoa ja viitseli\u00e4isyytt\u00e4. Helpoimmin tulokkaan hyv\u00e4ksyv\u00e4t nuoret kissat, ja vaivattomimmin tutustuminen sujuu pennun kanssa. Aikuisen tulokkaan kanssa kannattaa noudattaa kissojen omaa k\u00e4yt\u00e4nt\u00f6\u00e4 tutustumisen suhteen. Mik\u00e4li aikuinen kissa hyv\u00e4ksyt\u00e4\u00e4n samalle reviirille, se ei tunkeudu suoraan reviirin ydinalueelle, vaan aloittaa varovaisen hajumerkkien j\u00e4tt\u00e4misen reviirin ulkolaidoille [&hellip;]","og_url":"https:\/\/sey.fi\/kaakkois-suomi\/kaakkois-suomen-elainsuojeluyhdistys\/ohjeet-ja-linkit\/188-2\/","og_site_name":"Kaakkois-Suomen el\u00e4insuojeluyhdistys","article_modified_time":"2024-11-10T22:24:14+00:00","twitter_card":"summary_large_image","twitter_misc":{"Arvioitu lukuaika":"3 minuuttia"},"schema":{"@context":"https:\/\/schema.org","@graph":[{"@type":"WebPage","@id":"https:\/\/sey.fi\/kaakkois-suomi\/kaakkois-suomen-elainsuojeluyhdistys\/ohjeet-ja-linkit\/188-2\/","url":"https:\/\/sey.fi\/kaakkois-suomi\/kaakkois-suomen-elainsuojeluyhdistys\/ohjeet-ja-linkit\/188-2\/","name":"Kissojen tutustuttaminen - Kaakkois-Suomen el\u00e4insuojeluyhdistys","isPartOf":{"@id":"https:\/\/sey.fi\/kaakkois-suomi\/#website"},"datePublished":"2019-11-01T12:40:16+00:00","dateModified":"2024-11-10T22:24:14+00:00","breadcrumb":{"@id":"https:\/\/sey.fi\/kaakkois-suomi\/kaakkois-suomen-elainsuojeluyhdistys\/ohjeet-ja-linkit\/188-2\/#breadcrumb"},"inLanguage":"fi","potentialAction":[{"@type":"ReadAction","target":["https:\/\/sey.fi\/kaakkois-suomi\/kaakkois-suomen-elainsuojeluyhdistys\/ohjeet-ja-linkit\/188-2\/"]}]},{"@type":"BreadcrumbList","@id":"https:\/\/sey.fi\/kaakkois-suomi\/kaakkois-suomen-elainsuojeluyhdistys\/ohjeet-ja-linkit\/188-2\/#breadcrumb","itemListElement":[{"@type":"ListItem","position":1,"name":"Home","item":"https:\/\/sey.fi\/kaakkois-suomi\/"},{"@type":"ListItem","position":2,"name":"Kaakkois-Suomen el\u00e4insuojeluyhdistys","item":"https:\/\/sey.fi\/kaakkois-suomi\/"},{"@type":"ListItem","position":3,"name":"Ohjeet ja linkit","item":"https:\/\/sey.fi\/kaakkois-suomi\/kaakkois-suomen-elainsuojeluyhdistys\/ohjeet-ja-linkit\/"},{"@type":"ListItem","position":4,"name":"Kissojen tutustuttaminen"}]},{"@type":"WebSite","@id":"https:\/\/sey.fi\/kaakkois-suomi\/#website","url":"https:\/\/sey.fi\/kaakkois-suomi\/","name":"Kaakkois-Suomen el\u00e4insuojeluyhdistys","description":"Uusi SEY J\u00e4senyhdistykset -sivusto","potentialAction":[{"@type":"SearchAction","target":{"@type":"EntryPoint","urlTemplate":"https:\/\/sey.fi\/kaakkois-suomi\/?s={search_term_string}"},"query-input":{"@type":"PropertyValueSpecification","valueRequired":true,"valueName":"search_term_string"}}],"inLanguage":"fi"}]}},"_links":{"self":[{"href":"https:\/\/sey.fi\/kaakkois-suomi\/wp-json\/wp\/v2\/pages\/188","targetHints":{"allow":["GET"]}}],"collection":[{"href":"https:\/\/sey.fi\/kaakkois-suomi\/wp-json\/wp\/v2\/pages"}],"about":[{"href":"https:\/\/sey.fi\/kaakkois-suomi\/wp-json\/wp\/v2\/types\/page"}],"author":[{"embeddable":true,"href":"https:\/\/sey.fi\/kaakkois-suomi\/wp-json\/wp\/v2\/users\/8"}],"replies":[{"embeddable":true,"href":"https:\/\/sey.fi\/kaakkois-suomi\/wp-json\/wp\/v2\/comments?post=188"}],"version-history":[{"count":6,"href":"https:\/\/sey.fi\/kaakkois-suomi\/wp-json\/wp\/v2\/pages\/188\/revisions"}],"predecessor-version":[{"id":4751,"href":"https:\/\/sey.fi\/kaakkois-suomi\/wp-json\/wp\/v2\/pages\/188\/revisions\/4751"}],"up":[{"embeddable":true,"href":"https:\/\/sey.fi\/kaakkois-suomi\/wp-json\/wp\/v2\/pages\/159"}],"wp:attachment":[{"href":"https:\/\/sey.fi\/kaakkois-suomi\/wp-json\/wp\/v2\/media?parent=188"}],"curies":[{"name":"wp","href":"https:\/\/api.w.org\/{rel}","templated":true}]}}