{"id":192,"date":"2019-11-01T15:52:35","date_gmt":"2019-11-01T13:52:35","guid":{"rendered":"http:\/\/srvr10.xetpoint.com\/~seyfi\/kaakkois-suomi\/?page_id=192"},"modified":"2024-11-10T23:45:29","modified_gmt":"2024-11-10T21:45:29","slug":"materiaalipankki","status":"publish","type":"page","link":"https:\/\/sey.fi\/kaakkois-suomi\/kaakkois-suomen-elainsuojeluyhdistys\/ohjeet-ja-linkit\/materiaalipankki\/","title":{"rendered":"Materiaalipankki"},"content":{"rendered":"\n<p>Materiaalipankistamme&nbsp;l\u00f6ytyy erilaisia ladattavia ja tulostettavia tiedostoja, jotka liittyv\u00e4t toimintaamme tai joista on apua ja iloa kaikille el\u00e4intenyst\u00e4ville.<\/p>\n\n\n\n<hr class=\"wp-block-separator has-css-opacity\" \/>\n\n\n\n<p>H\u00e4t\u00e4tietokortti on tulostettava kortti, joka on tarkoitettu kannettavaksi lompakossa.&nbsp;Korttiin t\u00e4ytet\u00e4\u00e4n sen henkil\u00f6n tai tahon yhteystiedot, johon voidaan olla yhteydess\u00e4 siin\u00e4 tapauksessa, jos et itse pysty kertomaan ja pyyt\u00e4m\u00e4\u00e4n ket\u00e4\u00e4n huolehtimaan lemmikist\u00e4si. Pit\u00e4m\u00e4ll\u00e4 kortin mukanasi varmistat, ettei lemmikkisi j\u00e4\u00e4 pitk\u00e4ksi aikaa ilman hoitajaa. <\/p>\n\n\n\n<div class=\"wp-block-file\"><a href=\"https:\/\/sey.fi\/wp-content\/uploads\/sites\/18\/2020\/11\/MinullaOnLemmikki.pdf\">Lataa t\u00e4st\u00e4 h\u00e4t\u00e4tietokortti (pdf-tiedosto)<\/a><a href=\"https:\/\/sey.fi\/wp-content\/uploads\/sites\/18\/2020\/11\/MinullaOnLemmikki.pdf\" class=\"wp-block-file__button wp-element-button\" download>Lataa<\/a><\/div>\n\n\n\n<hr class=\"wp-block-separator has-css-opacity\" \/>\n\n\n\n<p>Lemmikinomistajan h\u00e4t\u00e4tietotaulu on tarkoitettu laitettavaksi sein\u00e4lle silt\u00e4 varalta, ett\u00e4 tapahtuu jokin onnettomuus tai esimerkiksi sairaskohtaus ja paikalle tulee pelastushenkil\u00f6kuntaa jonka olisi hyv\u00e4 saada tieto talossa olevista el\u00e4imist\u00e4. Taulusta auttajat n\u00e4kev\u00e4t heti, ett\u00e4 talossa on el\u00e4imi\u00e4 joista tulee huolehtia sek\u00e4 kehen voi olla yhteydess\u00e4, jos sin\u00e4 et itse pysty huolehtimaan lemmikeist\u00e4si esimerkiksi sairaskohtauksen sattuessa.<\/p>\n\n\n\n<p>Kiinnit\u00e4 taulu kodin sein\u00e4lle sellaiseen paikkaan, josta se on helposti havaittavissa kuten esimerkiksi eteiseen. Voit laittaa taulun my\u00f6s talon jokaisen oven l\u00e4helle ja eri kerroksiin, jolloin se toimii samalla tiedonantona my\u00f6s mahdollisessa tulipalotilanteessa, jolloin pelastajat saattavat tulla sis\u00e4lle muualta kuin p\u00e4\u00e4ovesta. Kerrostalossa taulu voi sijaita lis\u00e4ksi my\u00f6s v\u00e4liovessa heti ulko-oven j\u00e4lkeen.<\/p>\n\n\n\n<div class=\"wp-block-file\"><a href=\"https:\/\/sey.fi\/wp-content\/uploads\/sites\/18\/2020\/11\/Ha\u0308ta\u0308tietotaulu.pdf\">Lataa t\u00e4st\u00e4 h\u00e4t\u00e4tietotaulu (pdf-tiedosto)<\/a><a href=\"https:\/\/sey.fi\/wp-content\/uploads\/sites\/18\/2020\/11\/Ha\u0308ta\u0308tietotaulu.pdf\" class=\"wp-block-file__button wp-element-button\" download>Lataa<\/a><\/div>\n\n\n\n<hr class=\"wp-block-separator has-css-opacity\" \/>\n\n\n\n<p>Jouluiloa! Moni miettii mit\u00e4 antaa lahjaksi h\u00e4nelle, jolla on jo kaikkea. Ent\u00e4 jos tavaran sijaan antaisitkin lahjaksi hyv\u00e4\u00e4 mielt\u00e4? Voit tehd\u00e4 lahjoituksen haluamallasi summalla yhdistyksen tilille ja tulostaa lahjansaajalle kortin alla olevasta tiedostosta. <\/p>\n\n\n\n<div class=\"wp-block-file\"><a href=\"https:\/\/sey.fi\/wp-content\/uploads\/sites\/18\/2020\/10\/Jouluiloa2020_mainos.pdf\">Jouluiloa2020_mainos<\/a><a href=\"https:\/\/sey.fi\/wp-content\/uploads\/sites\/18\/2020\/10\/Jouluiloa2020_mainos.pdf\" class=\"wp-block-file__button wp-element-button\" download>Lataa<\/a><\/div>\n\n\n\n<hr class=\"wp-block-separator has-css-opacity\" \/>\n","protected":false},"excerpt":{"rendered":"<p>Materiaalipankistamme&nbsp;l\u00f6ytyy erilaisia ladattavia ja tulostettavia tiedostoja, jotka liittyv\u00e4t toimintaamme tai joista on apua ja iloa kaikille el\u00e4intenyst\u00e4ville. H\u00e4t\u00e4tietokortti on tulostettava kortti, joka on tarkoitettu kannettavaksi lompakossa.&nbsp;Korttiin t\u00e4ytet\u00e4\u00e4n sen henkil\u00f6n tai tahon yhteystiedot, johon voidaan olla yhteydess\u00e4 siin\u00e4 tapauksessa, jos et itse pysty kertomaan ja pyyt\u00e4m\u00e4\u00e4n ket\u00e4\u00e4n huolehtimaan lemmikist\u00e4si. Pit\u00e4m\u00e4ll\u00e4 kortin mukanasi varmistat, ettei lemmikkisi j\u00e4\u00e4 [&hellip;]<\/p>\n","protected":false},"author":8,"featured_media":0,"parent":159,"menu_order":0,"comment_status":"closed","ping_status":"closed","template":"","meta":{"_acf_changed":false,"footnotes":""},"class_list":["post-192","page","type-page","status-publish","hentry"],"acf":[],"yoast_head":"<!-- This site is optimized with the Yoast SEO plugin v27.1.1 - https:\/\/yoast.com\/product\/yoast-seo-wordpress\/ -->\n<title>Materiaalipankki - Kaakkois-Suomen el\u00e4insuojeluyhdistys<\/title>\n<meta name=\"robots\" content=\"index, follow, max-snippet:-1, max-image-preview:large, max-video-preview:-1\" \/>\n<link rel=\"canonical\" href=\"https:\/\/sey.fi\/kaakkois-suomi\/kaakkois-suomen-elainsuojeluyhdistys\/ohjeet-ja-linkit\/materiaalipankki\/\" \/>\n<meta property=\"og:locale\" content=\"fi_FI\" \/>\n<meta property=\"og:type\" content=\"article\" \/>\n<meta property=\"og:title\" content=\"Materiaalipankki - Kaakkois-Suomen el\u00e4insuojeluyhdistys\" \/>\n<meta property=\"og:description\" content=\"Materiaalipankistamme&nbsp;l\u00f6ytyy erilaisia ladattavia ja tulostettavia tiedostoja, jotka liittyv\u00e4t toimintaamme tai joista on apua ja iloa kaikille el\u00e4intenyst\u00e4ville. H\u00e4t\u00e4tietokortti on tulostettava kortti, joka on tarkoitettu kannettavaksi lompakossa.&nbsp;Korttiin t\u00e4ytet\u00e4\u00e4n sen henkil\u00f6n tai tahon yhteystiedot, johon voidaan olla yhteydess\u00e4 siin\u00e4 tapauksessa, jos et itse pysty kertomaan ja pyyt\u00e4m\u00e4\u00e4n ket\u00e4\u00e4n huolehtimaan lemmikist\u00e4si. Pit\u00e4m\u00e4ll\u00e4 kortin mukanasi varmistat, ettei lemmikkisi j\u00e4\u00e4 [&hellip;]\" \/>\n<meta property=\"og:url\" content=\"https:\/\/sey.fi\/kaakkois-suomi\/kaakkois-suomen-elainsuojeluyhdistys\/ohjeet-ja-linkit\/materiaalipankki\/\" \/>\n<meta property=\"og:site_name\" content=\"Kaakkois-Suomen el\u00e4insuojeluyhdistys\" \/>\n<meta property=\"article:modified_time\" content=\"2024-11-10T21:45:29+00:00\" \/>\n<meta name=\"twitter:card\" content=\"summary_large_image\" \/>\n<meta name=\"twitter:label1\" content=\"Arvioitu lukuaika\" \/>\n\t<meta name=\"twitter:data1\" content=\"2 minuuttia\" \/>\n<script type=\"application\/ld+json\" class=\"yoast-schema-graph\">{\"@context\":\"https:\/\/schema.org\",\"@graph\":[{\"@type\":\"WebPage\",\"@id\":\"https:\/\/sey.fi\/kaakkois-suomi\/kaakkois-suomen-elainsuojeluyhdistys\/ohjeet-ja-linkit\/materiaalipankki\/\",\"url\":\"https:\/\/sey.fi\/kaakkois-suomi\/kaakkois-suomen-elainsuojeluyhdistys\/ohjeet-ja-linkit\/materiaalipankki\/\",\"name\":\"Materiaalipankki - Kaakkois-Suomen el\u00e4insuojeluyhdistys\",\"isPartOf\":{\"@id\":\"https:\/\/sey.fi\/kaakkois-suomi\/#website\"},\"datePublished\":\"2019-11-01T13:52:35+00:00\",\"dateModified\":\"2024-11-10T21:45:29+00:00\",\"breadcrumb\":{\"@id\":\"https:\/\/sey.fi\/kaakkois-suomi\/kaakkois-suomen-elainsuojeluyhdistys\/ohjeet-ja-linkit\/materiaalipankki\/#breadcrumb\"},\"inLanguage\":\"fi\",\"potentialAction\":[{\"@type\":\"ReadAction\",\"target\":[\"https:\/\/sey.fi\/kaakkois-suomi\/kaakkois-suomen-elainsuojeluyhdistys\/ohjeet-ja-linkit\/materiaalipankki\/\"]}]},{\"@type\":\"BreadcrumbList\",\"@id\":\"https:\/\/sey.fi\/kaakkois-suomi\/kaakkois-suomen-elainsuojeluyhdistys\/ohjeet-ja-linkit\/materiaalipankki\/#breadcrumb\",\"itemListElement\":[{\"@type\":\"ListItem\",\"position\":1,\"name\":\"Home\",\"item\":\"https:\/\/sey.fi\/kaakkois-suomi\/\"},{\"@type\":\"ListItem\",\"position\":2,\"name\":\"Kaakkois-Suomen el\u00e4insuojeluyhdistys\",\"item\":\"https:\/\/sey.fi\/kaakkois-suomi\/\"},{\"@type\":\"ListItem\",\"position\":3,\"name\":\"Ohjeet ja linkit\",\"item\":\"https:\/\/sey.fi\/kaakkois-suomi\/kaakkois-suomen-elainsuojeluyhdistys\/ohjeet-ja-linkit\/\"},{\"@type\":\"ListItem\",\"position\":4,\"name\":\"Materiaalipankki\"}]},{\"@type\":\"WebSite\",\"@id\":\"https:\/\/sey.fi\/kaakkois-suomi\/#website\",\"url\":\"https:\/\/sey.fi\/kaakkois-suomi\/\",\"name\":\"Kaakkois-Suomen el\u00e4insuojeluyhdistys\",\"description\":\"Uusi SEY J\u00e4senyhdistykset -sivusto\",\"potentialAction\":[{\"@type\":\"SearchAction\",\"target\":{\"@type\":\"EntryPoint\",\"urlTemplate\":\"https:\/\/sey.fi\/kaakkois-suomi\/?s={search_term_string}\"},\"query-input\":{\"@type\":\"PropertyValueSpecification\",\"valueRequired\":true,\"valueName\":\"search_term_string\"}}],\"inLanguage\":\"fi\"}]}<\/script>\n<!-- \/ Yoast SEO plugin. -->","yoast_head_json":{"title":"Materiaalipankki - Kaakkois-Suomen el\u00e4insuojeluyhdistys","robots":{"index":"index","follow":"follow","max-snippet":"max-snippet:-1","max-image-preview":"max-image-preview:large","max-video-preview":"max-video-preview:-1"},"canonical":"https:\/\/sey.fi\/kaakkois-suomi\/kaakkois-suomen-elainsuojeluyhdistys\/ohjeet-ja-linkit\/materiaalipankki\/","og_locale":"fi_FI","og_type":"article","og_title":"Materiaalipankki - Kaakkois-Suomen el\u00e4insuojeluyhdistys","og_description":"Materiaalipankistamme&nbsp;l\u00f6ytyy erilaisia ladattavia ja tulostettavia tiedostoja, jotka liittyv\u00e4t toimintaamme tai joista on apua ja iloa kaikille el\u00e4intenyst\u00e4ville. H\u00e4t\u00e4tietokortti on tulostettava kortti, joka on tarkoitettu kannettavaksi lompakossa.&nbsp;Korttiin t\u00e4ytet\u00e4\u00e4n sen henkil\u00f6n tai tahon yhteystiedot, johon voidaan olla yhteydess\u00e4 siin\u00e4 tapauksessa, jos et itse pysty kertomaan ja pyyt\u00e4m\u00e4\u00e4n ket\u00e4\u00e4n huolehtimaan lemmikist\u00e4si. Pit\u00e4m\u00e4ll\u00e4 kortin mukanasi varmistat, ettei lemmikkisi j\u00e4\u00e4 [&hellip;]","og_url":"https:\/\/sey.fi\/kaakkois-suomi\/kaakkois-suomen-elainsuojeluyhdistys\/ohjeet-ja-linkit\/materiaalipankki\/","og_site_name":"Kaakkois-Suomen el\u00e4insuojeluyhdistys","article_modified_time":"2024-11-10T21:45:29+00:00","twitter_card":"summary_large_image","twitter_misc":{"Arvioitu lukuaika":"2 minuuttia"},"schema":{"@context":"https:\/\/schema.org","@graph":[{"@type":"WebPage","@id":"https:\/\/sey.fi\/kaakkois-suomi\/kaakkois-suomen-elainsuojeluyhdistys\/ohjeet-ja-linkit\/materiaalipankki\/","url":"https:\/\/sey.fi\/kaakkois-suomi\/kaakkois-suomen-elainsuojeluyhdistys\/ohjeet-ja-linkit\/materiaalipankki\/","name":"Materiaalipankki - Kaakkois-Suomen el\u00e4insuojeluyhdistys","isPartOf":{"@id":"https:\/\/sey.fi\/kaakkois-suomi\/#website"},"datePublished":"2019-11-01T13:52:35+00:00","dateModified":"2024-11-10T21:45:29+00:00","breadcrumb":{"@id":"https:\/\/sey.fi\/kaakkois-suomi\/kaakkois-suomen-elainsuojeluyhdistys\/ohjeet-ja-linkit\/materiaalipankki\/#breadcrumb"},"inLanguage":"fi","potentialAction":[{"@type":"ReadAction","target":["https:\/\/sey.fi\/kaakkois-suomi\/kaakkois-suomen-elainsuojeluyhdistys\/ohjeet-ja-linkit\/materiaalipankki\/"]}]},{"@type":"BreadcrumbList","@id":"https:\/\/sey.fi\/kaakkois-suomi\/kaakkois-suomen-elainsuojeluyhdistys\/ohjeet-ja-linkit\/materiaalipankki\/#breadcrumb","itemListElement":[{"@type":"ListItem","position":1,"name":"Home","item":"https:\/\/sey.fi\/kaakkois-suomi\/"},{"@type":"ListItem","position":2,"name":"Kaakkois-Suomen el\u00e4insuojeluyhdistys","item":"https:\/\/sey.fi\/kaakkois-suomi\/"},{"@type":"ListItem","position":3,"name":"Ohjeet ja linkit","item":"https:\/\/sey.fi\/kaakkois-suomi\/kaakkois-suomen-elainsuojeluyhdistys\/ohjeet-ja-linkit\/"},{"@type":"ListItem","position":4,"name":"Materiaalipankki"}]},{"@type":"WebSite","@id":"https:\/\/sey.fi\/kaakkois-suomi\/#website","url":"https:\/\/sey.fi\/kaakkois-suomi\/","name":"Kaakkois-Suomen el\u00e4insuojeluyhdistys","description":"Uusi SEY J\u00e4senyhdistykset -sivusto","potentialAction":[{"@type":"SearchAction","target":{"@type":"EntryPoint","urlTemplate":"https:\/\/sey.fi\/kaakkois-suomi\/?s={search_term_string}"},"query-input":{"@type":"PropertyValueSpecification","valueRequired":true,"valueName":"search_term_string"}}],"inLanguage":"fi"}]}},"_links":{"self":[{"href":"https:\/\/sey.fi\/kaakkois-suomi\/wp-json\/wp\/v2\/pages\/192","targetHints":{"allow":["GET"]}}],"collection":[{"href":"https:\/\/sey.fi\/kaakkois-suomi\/wp-json\/wp\/v2\/pages"}],"about":[{"href":"https:\/\/sey.fi\/kaakkois-suomi\/wp-json\/wp\/v2\/types\/page"}],"author":[{"embeddable":true,"href":"https:\/\/sey.fi\/kaakkois-suomi\/wp-json\/wp\/v2\/users\/8"}],"replies":[{"embeddable":true,"href":"https:\/\/sey.fi\/kaakkois-suomi\/wp-json\/wp\/v2\/comments?post=192"}],"version-history":[{"count":7,"href":"https:\/\/sey.fi\/kaakkois-suomi\/wp-json\/wp\/v2\/pages\/192\/revisions"}],"predecessor-version":[{"id":4733,"href":"https:\/\/sey.fi\/kaakkois-suomi\/wp-json\/wp\/v2\/pages\/192\/revisions\/4733"}],"up":[{"embeddable":true,"href":"https:\/\/sey.fi\/kaakkois-suomi\/wp-json\/wp\/v2\/pages\/159"}],"wp:attachment":[{"href":"https:\/\/sey.fi\/kaakkois-suomi\/wp-json\/wp\/v2\/media?parent=192"}],"curies":[{"name":"wp","href":"https:\/\/api.w.org\/{rel}","templated":true}]}}