{"id":224,"date":"2019-11-01T16:03:43","date_gmt":"2019-11-01T14:03:43","guid":{"rendered":"http:\/\/srvr10.xetpoint.com\/~seyfi\/kaakkois-suomi\/?page_id=224"},"modified":"2026-04-01T12:01:15","modified_gmt":"2026-04-01T09:01:15","slug":"lahjoita","status":"publish","type":"page","link":"https:\/\/sey.fi\/kaakkois-suomi\/kaakkois-suomen-elainsuojeluyhdistys\/lahjoita\/","title":{"rendered":"Lahjoita"},"content":{"rendered":"\n<h4 class=\"wp-block-heading\">Rahalahjoitukset<\/h4>\n\n\n\n<p>Rahalahjoitukset ovat yhdistyksemme toiminnalle elint\u00e4rkeit\u00e4. Lahjoitukset mahdollistavat el\u00e4insuojeluty\u00f6n ja auttavat meit\u00e4 auttamaan el\u00e4imi\u00e4. Syd\u00e4mellinen kiitos, ett\u00e4 tuet toimintaamme! <\/p>\n\n\n\n<p>Lahjoituksen voi tehd\u00e4 suoraan yhdistyksen tilille seuraavilla tiedoilla: saaja Kaakkois-Suomen el\u00e4insuojeluyhdistys, tilinumero FI14 5620 0920 0047 01, viitenumero 8280, BIC-koodi: OKOYFIHH.&nbsp; <\/p>\n\n\n\n<p>Lahjoittaa voi my\u00f6s MobilePayn kautta. Lyhytnumeromme on 81174. <\/p>\n\n\n\n<p>Tai voit tehd\u00e4 lahjoituksen helposti tekstiviestill\u00e4:<\/p>\n\n\n\n<p>LAHJOITA 1\u20ac, l\u00e4het\u00e4 tekstiviesti 1 KASEY numeroon 16588<br>LAHJOITA 5\u20ac, l\u00e4het\u00e4 tekstiviesti 5 KASEY numeroon 16588  <br>LAHJOITA 10\u20ac, l\u00e4het\u00e4 tekstiviesti 10 KASEY numeroon 16588<br>LAHJOITA 20\u20ac, l\u00e4het\u00e4 tekstiviesti 20 KASEY numeroon 16588<br>LAHJOITA 30\u20ac, l\u00e4het\u00e4 tekstiviesti 30 KASEY numeroon 16588<br>LAHJOITA 40\u20ac, l\u00e4het\u00e4 tekstiviesti 40 KASEY numeroon 16588  <\/p>\n\n\n\n<p>Mik\u00e4li haluat ohjata lahjoituksen tietty\u00e4 tarkoitusta varten, tutustuthan lahjoitusten k\u00e4ytt\u00f6tarkoituksiin sek\u00e4 varojen ohjaamiseen kohdassa &#8221;<strong><a href=\"https:\/\/sey.fi\/kaakkois-suomi\/kaakkois-suomen-elainsuojeluyhdistys\/lahjoita\/kohdista-lahjoituksesi\/\">Kohdista lahjoituksesi<\/a><\/strong>.&#8221;<\/p>\n\n\n\n<p>Lahjoituksellasi autat el\u00e4imi\u00e4 h\u00e4d\u00e4ss\u00e4 ja annat el\u00e4imille paremman tulevaisuuden.&nbsp;Ker\u00e4tyt varat k\u00e4ytet\u00e4\u00e4n mm. seuraaviin kuluihin:<\/p>\n\n\n\n<ul class=\"wp-block-list\">\n<li>Rokotukset<\/li>\n\n\n\n<li>Leikkaukset<\/li>\n\n\n\n<li>Madotukset<\/li>\n\n\n\n<li>Ruoat<\/li>\n\n\n\n<li>L\u00e4\u00e4kkeet<\/li>\n\n\n\n<li>El\u00e4inl\u00e4\u00e4k\u00e4rik\u00e4ynnit<\/li>\n\n\n\n<li>Sirutukset<\/li>\n\n\n\n<li>Kissanhiekat<\/li>\n\n\n\n<li>Valistustoiminta<\/li>\n\n\n\n<li>El\u00e4inten hyvinvointia koskeva tiedottaminen ja ja neuvonta<\/li>\n<\/ul>\n\n\n\n<hr class=\"wp-block-separator has-css-opacity\" \/>\n\n\n\n<h4 class=\"wp-block-heading\">Ruoka-, hiekka- ja matol\u00e4\u00e4kelahjoitukset <\/h4>\n\n\n\n<p>El\u00e4insuojelukeskus Miulla ja sijaiskodeissa on jatkuva tarve kissanruualle: varsinkin m\u00e4rk\u00e4ruokaa kuluu paljon! Koiranruoalle on my\u00f6s tarvetta satunnaisesti. Kaneille toivotaan lahjoituksena kuivahein\u00e4\u00e4, ruoka- ja kuivikepellettej\u00e4.<\/p>\n\n\n\n<ul class=\"wp-block-list\">\n<li>El\u00e4inkaupoista saa laadukkaita eri valmistajien kissojen kuiva- ja m\u00e4rk\u00e4ruokia, jotka sopivat useimmille kissoille.<\/li>\n<\/ul>\n\n\n\n<ul class=\"wp-block-list\">\n<li>Eniten toivomamme kuivaruokamerkit marketeista: Dagsmark, Purina One, PrimaCat ja Bilanx. Kissojemme suosituimmat m\u00e4rk\u00e4ruokamerkit marketeista: Latz (pussiruuat), Whiskas (pussiruuat), Mjau, Perfect Fit, Bilanx, PrimaCat, ym.<\/li>\n<\/ul>\n\n\n\n<ul class=\"wp-block-list\">\n<li>Kissoilla k\u00e4yt\u00e4mme p\u00e4\u00e4asiassa paakkuuntuvaa mikrohiekkaa, jota otamme mieluusti vastaan lahjoituksina.<\/li>\n<\/ul>\n\n\n\n<ul class=\"wp-block-list\">\n<li>Matol\u00e4\u00e4kkeit\u00e4 kuluu paljon ja t\u00e4ll\u00e4 hetkell\u00e4&nbsp;k\u00e4yt\u00e4mme eniten Dronspotia ja Axiluria. <br><br>Kaikille lahjoituksille, laadusta ja merkist\u00e4 riippumatta, on k\u00e4ytt\u00f6\u00e4!<\/li>\n<\/ul>\n\n\n\n<hr class=\"wp-block-separator has-css-opacity\" \/>\n\n\n\n<h4 class=\"wp-block-heading\">Lahjoitusten toimitus<\/h4>\n\n\n\n<p><a href=\"https:\/\/sey.fi\/kaakkois-suomi\/elainsuojelukeskus-miu\/\"><strong>El\u00e4insuojelukeskus Miu<\/strong><\/a>, It\u00e4inen Kanavatie 6, 53420&nbsp;<strong>Lappeenranta<\/strong>, lahjoituksia voi tuoda keskukselle yleens\u00e4 klo 9-19 v\u00e4lill\u00e4. Voit varmistaa saapumisesi ennakkoon p. 050 555 1186.<\/p>\n\n\n\n<p><a href=\"https:\/\/www.facebook.com\/Lemmikkitarvikeposi\/?show_switched_toast=0&amp;show_invite_to_follow=0&amp;show_switched_tooltip=0&amp;show_podcast_settings=0&amp;show_community_review_changes=0&amp;show_community_rollback=0&amp;show_follower_visibility_disclosure=0\"><strong>Lemmikkitarvike Posi<\/strong><\/a>, Myll\u00e4rinkatu 4, <strong>Lappeenranta<\/strong>, aukioloaikojen mukaan<\/p>\n\n\n\n<p><a href=\"https:\/\/trimpet.net\/\"><strong>Trimpet<\/strong><\/a>,&nbsp;Standertskj\u00f6ldinkatu 1,&nbsp;<strong>Lappeenranta<\/strong>, kynsip\u00e4ivin\u00e4 ke 11-18 ja to 8-11. Muina aikoina soittamalla ja sopimalla ajasta, sill\u00e4 henkil\u00f6kuntaa on paikalla ajanvarausten mukaan.<\/p>\n\n\n\n<p><a href=\"https:\/\/www.s-kaupat.fi\/myymala\/s-market-savitaipale\/517591434\"><strong>S-market Savitaipale<\/strong><\/a>, Torikatu 1, 54800 Savitaipale, aukioloaikojen mukaan<\/p>\n\n\n\n<hr class=\"wp-block-separator has-css-opacity\" \/>\n\n\n\n<h4 class=\"wp-block-heading\">Ruoka- tai tavaralahjoitus postitse <\/h4>\n\n\n\n<p>Mik\u00e4li haluat l\u00e4hett\u00e4\u00e4 yhdistykselle lahjoituksen tai tilata yhdistykselle lahjoituksen verkkokaupan kautta (esim. Zooplus, Peten koiratarvike), laita vastaanottajaksi\/toimitusosoitteeksi:<\/p>\n\n\n\n<p>El\u00e4insuojelukeskus Miu<br>It\u00e4inen Kanavatie 6<br>53420 Lappeenranta<br>p. 050 553 6100<br><strong><a href=\"mailto:kasey.elainkotipesa@gmail.com\">kasey.elainsuojelukeskus@gmail.com<\/a><\/strong><\/p>\n\n\n\n<p><strong>Yritysten tekem\u00e4t lahjoitukset<\/strong><br>Tiedustelut s\u00e4hk\u00f6postitse:&nbsp;<strong><a href=\"mailto:kaakkoissuomensey@gmail.com\">kaakkoissuomensey(at)gmail.com<\/a><\/strong><\/p>\n\n\n\n<p><strong>TUTUSTUTHAN MUIHIN LAHJOITUSMUOTOIHIN T\u00c4M\u00c4N SIVUN ALALINKEIST\u00c4!&nbsp;<\/strong><\/p>\n\n\n\n<h2 class=\"wp-block-heading\">Kiitos, ett\u00e4 v\u00e4lit\u00e4t.<\/h2>\n\n\n\n<p>Kaakkois-Suomen el\u00e4insuojeluyhdistys ry:ll\u00e4 on Poliisihallituksen 30.6.2020 my\u00f6nt\u00e4m\u00e4 rahanker\u00e4yslupa, numero RA\/2020\/800. Lupa on voimassa toistaiseksi 1.9.2020 alkaen.<\/p>\n\n\n\n<p><\/p>\n","protected":false},"excerpt":{"rendered":"<p>Rahalahjoitukset Rahalahjoitukset ovat yhdistyksemme toiminnalle elint\u00e4rkeit\u00e4. Lahjoitukset mahdollistavat el\u00e4insuojeluty\u00f6n ja auttavat meit\u00e4 auttamaan el\u00e4imi\u00e4. Syd\u00e4mellinen kiitos, ett\u00e4 tuet toimintaamme! Lahjoituksen voi tehd\u00e4 suoraan yhdistyksen tilille seuraavilla tiedoilla: saaja Kaakkois-Suomen el\u00e4insuojeluyhdistys, tilinumero FI14 5620 0920 0047 01, viitenumero 8280, BIC-koodi: OKOYFIHH.&nbsp; Lahjoittaa voi my\u00f6s MobilePayn kautta. Lyhytnumeromme on 81174. Tai voit tehd\u00e4 lahjoituksen helposti tekstiviestill\u00e4: LAHJOITA [&hellip;]<\/p>\n","protected":false},"author":8,"featured_media":0,"parent":2,"menu_order":0,"comment_status":"closed","ping_status":"closed","template":"","meta":{"_acf_changed":false,"footnotes":""},"class_list":["post-224","page","type-page","status-publish","hentry"],"acf":[],"yoast_head":"<!-- This site is optimized with the Yoast SEO plugin v27.1.1 - https:\/\/yoast.com\/product\/yoast-seo-wordpress\/ -->\n<title>Lahjoita - Kaakkois-Suomen el\u00e4insuojeluyhdistys<\/title>\n<meta name=\"robots\" content=\"index, follow, max-snippet:-1, max-image-preview:large, max-video-preview:-1\" \/>\n<link rel=\"canonical\" href=\"https:\/\/sey.fi\/kaakkois-suomi\/kaakkois-suomen-elainsuojeluyhdistys\/lahjoita\/\" \/>\n<meta property=\"og:locale\" content=\"fi_FI\" \/>\n<meta property=\"og:type\" content=\"article\" \/>\n<meta property=\"og:title\" content=\"Lahjoita - Kaakkois-Suomen el\u00e4insuojeluyhdistys\" \/>\n<meta property=\"og:description\" content=\"Rahalahjoitukset Rahalahjoitukset ovat yhdistyksemme toiminnalle elint\u00e4rkeit\u00e4. Lahjoitukset mahdollistavat el\u00e4insuojeluty\u00f6n ja auttavat meit\u00e4 auttamaan el\u00e4imi\u00e4. Syd\u00e4mellinen kiitos, ett\u00e4 tuet toimintaamme! Lahjoituksen voi tehd\u00e4 suoraan yhdistyksen tilille seuraavilla tiedoilla: saaja Kaakkois-Suomen el\u00e4insuojeluyhdistys, tilinumero FI14 5620 0920 0047 01, viitenumero 8280, BIC-koodi: OKOYFIHH.&nbsp; Lahjoittaa voi my\u00f6s MobilePayn kautta. Lyhytnumeromme on 81174. Tai voit tehd\u00e4 lahjoituksen helposti tekstiviestill\u00e4: LAHJOITA [&hellip;]\" \/>\n<meta property=\"og:url\" content=\"https:\/\/sey.fi\/kaakkois-suomi\/kaakkois-suomen-elainsuojeluyhdistys\/lahjoita\/\" \/>\n<meta property=\"og:site_name\" content=\"Kaakkois-Suomen el\u00e4insuojeluyhdistys\" \/>\n<meta property=\"article:modified_time\" content=\"2026-04-01T09:01:15+00:00\" \/>\n<meta name=\"twitter:card\" content=\"summary_large_image\" \/>\n<meta name=\"twitter:label1\" content=\"Arvioitu lukuaika\" \/>\n\t<meta name=\"twitter:data1\" content=\"3 minuuttia\" \/>\n<script type=\"application\/ld+json\" class=\"yoast-schema-graph\">{\"@context\":\"https:\/\/schema.org\",\"@graph\":[{\"@type\":\"WebPage\",\"@id\":\"https:\/\/sey.fi\/kaakkois-suomi\/kaakkois-suomen-elainsuojeluyhdistys\/lahjoita\/\",\"url\":\"https:\/\/sey.fi\/kaakkois-suomi\/kaakkois-suomen-elainsuojeluyhdistys\/lahjoita\/\",\"name\":\"Lahjoita - Kaakkois-Suomen el\u00e4insuojeluyhdistys\",\"isPartOf\":{\"@id\":\"https:\/\/sey.fi\/kaakkois-suomi\/#website\"},\"datePublished\":\"2019-11-01T14:03:43+00:00\",\"dateModified\":\"2026-04-01T09:01:15+00:00\",\"breadcrumb\":{\"@id\":\"https:\/\/sey.fi\/kaakkois-suomi\/kaakkois-suomen-elainsuojeluyhdistys\/lahjoita\/#breadcrumb\"},\"inLanguage\":\"fi\",\"potentialAction\":[{\"@type\":\"ReadAction\",\"target\":[\"https:\/\/sey.fi\/kaakkois-suomi\/kaakkois-suomen-elainsuojeluyhdistys\/lahjoita\/\"]}]},{\"@type\":\"BreadcrumbList\",\"@id\":\"https:\/\/sey.fi\/kaakkois-suomi\/kaakkois-suomen-elainsuojeluyhdistys\/lahjoita\/#breadcrumb\",\"itemListElement\":[{\"@type\":\"ListItem\",\"position\":1,\"name\":\"Home\",\"item\":\"https:\/\/sey.fi\/kaakkois-suomi\/\"},{\"@type\":\"ListItem\",\"position\":2,\"name\":\"Kaakkois-Suomen el\u00e4insuojeluyhdistys\",\"item\":\"https:\/\/sey.fi\/kaakkois-suomi\/\"},{\"@type\":\"ListItem\",\"position\":3,\"name\":\"Lahjoita\"}]},{\"@type\":\"WebSite\",\"@id\":\"https:\/\/sey.fi\/kaakkois-suomi\/#website\",\"url\":\"https:\/\/sey.fi\/kaakkois-suomi\/\",\"name\":\"Kaakkois-Suomen el\u00e4insuojeluyhdistys\",\"description\":\"Uusi SEY J\u00e4senyhdistykset -sivusto\",\"potentialAction\":[{\"@type\":\"SearchAction\",\"target\":{\"@type\":\"EntryPoint\",\"urlTemplate\":\"https:\/\/sey.fi\/kaakkois-suomi\/?s={search_term_string}\"},\"query-input\":{\"@type\":\"PropertyValueSpecification\",\"valueRequired\":true,\"valueName\":\"search_term_string\"}}],\"inLanguage\":\"fi\"}]}<\/script>\n<!-- \/ Yoast SEO plugin. -->","yoast_head_json":{"title":"Lahjoita - Kaakkois-Suomen el\u00e4insuojeluyhdistys","robots":{"index":"index","follow":"follow","max-snippet":"max-snippet:-1","max-image-preview":"max-image-preview:large","max-video-preview":"max-video-preview:-1"},"canonical":"https:\/\/sey.fi\/kaakkois-suomi\/kaakkois-suomen-elainsuojeluyhdistys\/lahjoita\/","og_locale":"fi_FI","og_type":"article","og_title":"Lahjoita - Kaakkois-Suomen el\u00e4insuojeluyhdistys","og_description":"Rahalahjoitukset Rahalahjoitukset ovat yhdistyksemme toiminnalle elint\u00e4rkeit\u00e4. Lahjoitukset mahdollistavat el\u00e4insuojeluty\u00f6n ja auttavat meit\u00e4 auttamaan el\u00e4imi\u00e4. Syd\u00e4mellinen kiitos, ett\u00e4 tuet toimintaamme! Lahjoituksen voi tehd\u00e4 suoraan yhdistyksen tilille seuraavilla tiedoilla: saaja Kaakkois-Suomen el\u00e4insuojeluyhdistys, tilinumero FI14 5620 0920 0047 01, viitenumero 8280, BIC-koodi: OKOYFIHH.&nbsp; Lahjoittaa voi my\u00f6s MobilePayn kautta. Lyhytnumeromme on 81174. Tai voit tehd\u00e4 lahjoituksen helposti tekstiviestill\u00e4: LAHJOITA [&hellip;]","og_url":"https:\/\/sey.fi\/kaakkois-suomi\/kaakkois-suomen-elainsuojeluyhdistys\/lahjoita\/","og_site_name":"Kaakkois-Suomen el\u00e4insuojeluyhdistys","article_modified_time":"2026-04-01T09:01:15+00:00","twitter_card":"summary_large_image","twitter_misc":{"Arvioitu lukuaika":"3 minuuttia"},"schema":{"@context":"https:\/\/schema.org","@graph":[{"@type":"WebPage","@id":"https:\/\/sey.fi\/kaakkois-suomi\/kaakkois-suomen-elainsuojeluyhdistys\/lahjoita\/","url":"https:\/\/sey.fi\/kaakkois-suomi\/kaakkois-suomen-elainsuojeluyhdistys\/lahjoita\/","name":"Lahjoita - Kaakkois-Suomen el\u00e4insuojeluyhdistys","isPartOf":{"@id":"https:\/\/sey.fi\/kaakkois-suomi\/#website"},"datePublished":"2019-11-01T14:03:43+00:00","dateModified":"2026-04-01T09:01:15+00:00","breadcrumb":{"@id":"https:\/\/sey.fi\/kaakkois-suomi\/kaakkois-suomen-elainsuojeluyhdistys\/lahjoita\/#breadcrumb"},"inLanguage":"fi","potentialAction":[{"@type":"ReadAction","target":["https:\/\/sey.fi\/kaakkois-suomi\/kaakkois-suomen-elainsuojeluyhdistys\/lahjoita\/"]}]},{"@type":"BreadcrumbList","@id":"https:\/\/sey.fi\/kaakkois-suomi\/kaakkois-suomen-elainsuojeluyhdistys\/lahjoita\/#breadcrumb","itemListElement":[{"@type":"ListItem","position":1,"name":"Home","item":"https:\/\/sey.fi\/kaakkois-suomi\/"},{"@type":"ListItem","position":2,"name":"Kaakkois-Suomen el\u00e4insuojeluyhdistys","item":"https:\/\/sey.fi\/kaakkois-suomi\/"},{"@type":"ListItem","position":3,"name":"Lahjoita"}]},{"@type":"WebSite","@id":"https:\/\/sey.fi\/kaakkois-suomi\/#website","url":"https:\/\/sey.fi\/kaakkois-suomi\/","name":"Kaakkois-Suomen el\u00e4insuojeluyhdistys","description":"Uusi SEY J\u00e4senyhdistykset -sivusto","potentialAction":[{"@type":"SearchAction","target":{"@type":"EntryPoint","urlTemplate":"https:\/\/sey.fi\/kaakkois-suomi\/?s={search_term_string}"},"query-input":{"@type":"PropertyValueSpecification","valueRequired":true,"valueName":"search_term_string"}}],"inLanguage":"fi"}]}},"_links":{"self":[{"href":"https:\/\/sey.fi\/kaakkois-suomi\/wp-json\/wp\/v2\/pages\/224","targetHints":{"allow":["GET"]}}],"collection":[{"href":"https:\/\/sey.fi\/kaakkois-suomi\/wp-json\/wp\/v2\/pages"}],"about":[{"href":"https:\/\/sey.fi\/kaakkois-suomi\/wp-json\/wp\/v2\/types\/page"}],"author":[{"embeddable":true,"href":"https:\/\/sey.fi\/kaakkois-suomi\/wp-json\/wp\/v2\/users\/8"}],"replies":[{"embeddable":true,"href":"https:\/\/sey.fi\/kaakkois-suomi\/wp-json\/wp\/v2\/comments?post=224"}],"version-history":[{"count":52,"href":"https:\/\/sey.fi\/kaakkois-suomi\/wp-json\/wp\/v2\/pages\/224\/revisions"}],"predecessor-version":[{"id":5774,"href":"https:\/\/sey.fi\/kaakkois-suomi\/wp-json\/wp\/v2\/pages\/224\/revisions\/5774"}],"up":[{"embeddable":true,"href":"https:\/\/sey.fi\/kaakkois-suomi\/wp-json\/wp\/v2\/pages\/2"}],"wp:attachment":[{"href":"https:\/\/sey.fi\/kaakkois-suomi\/wp-json\/wp\/v2\/media?parent=224"}],"curies":[{"name":"wp","href":"https:\/\/api.w.org\/{rel}","templated":true}]}}