{"id":232,"date":"2019-11-01T16:07:31","date_gmt":"2019-11-01T14:07:31","guid":{"rendered":"http:\/\/srvr10.xetpoint.com\/~seyfi\/kaakkois-suomi\/?page_id=232"},"modified":"2024-11-10T23:49:44","modified_gmt":"2024-11-10T21:49:44","slug":"testamenttilahjoitukset","status":"publish","type":"page","link":"https:\/\/sey.fi\/kaakkois-suomi\/kaakkois-suomen-elainsuojeluyhdistys\/lahjoita\/testamenttilahjoitukset\/","title":{"rendered":"Testamenttilahjoitukset"},"content":{"rendered":"\n<p>Yhdistyksemme historian aikana olemme saaneet merkitt\u00e4vi\u00e4 lahjoituksia ihmisilt\u00e4, jotka ovat olleet el\u00e4inten yst\u00e4vi\u00e4 henkeen ja vereen. He ovat halunneet avustaa meit\u00e4 ty\u00f6ss\u00e4mme my\u00f6s silloin, kun he eiv\u00e4t en\u00e4\u00e4 itse ole paikalla. Valtavan suuri kiitos testamenttilahjoittajillemme siit\u00e4, ett\u00e4 meill\u00e4 on mahdollisuus py\u00f6ritt\u00e4\u00e4 el\u00e4inten hautausmaata sek\u00e4 siit\u00e4, ett\u00e4 olemme voineet rakentaa el\u00e4insuojelukeskuksen. Me kannamme heid\u00e4n perint\u00f6\u00e4\u00e4n eteenp\u00e4in ja k\u00e4yt\u00e4mme saamamme lahjoitukset suurella rakkaudella, el\u00e4inten parhaaksi. Mik\u00e4li haluat tehd\u00e4 testamenttilahjoituksen, ota meihin yhteytt\u00e4:&nbsp;<strong><a href=\"mailto:kaakkoissuomensey@gmail.com\">kaakkoissuomensey(at)gmail.com<\/a><\/strong>&nbsp;tai p. 050 555 1186.&nbsp;Mik\u00e4\u00e4n lahjoitus ei ole liian pieni, eik\u00e4 testamentin tarvitse olla rahaa.<\/p>\n\n\n\n<p>&#8221;<em>Olkoon l\u00e4mmin-henkisen lahjoittajan el\u00e4m\u00e4nilta tyynen kes\u00e4-illan rauhan tuntuinen ja vuotakoon siihen runsaasti ij\u00e4isyys-siunauksen kastehelmi\u00e4, palkkioksi ja vastikkeeksi siit\u00e4 mit\u00e4 h\u00e4n omantunnon pyhi\u00e4 vaatimuksia kuullen uhrannut on.<\/em>&#8221; (Kiitos lahjoittajalle El\u00e4inten Yst\u00e4v\u00e4-lehdess\u00e4 1926.)<\/p>\n\n\n<div class=\"wp-block-image\">\n<figure class=\"aligncenter size-large is-resized\"><img loading=\"lazy\" decoding=\"async\" width=\"768\" height=\"1024\" src=\"https:\/\/sey.fi\/wp-content\/uploads\/sites\/18\/2024\/11\/karvinen_smokie-768x1024.jpg\" alt=\"\" class=\"wp-image-4736\" style=\"width:475px;height:auto\" srcset=\"https:\/\/sey.fi\/wp-content\/uploads\/sites\/18\/2024\/11\/karvinen_smokie-768x1024.jpg 768w, https:\/\/sey.fi\/wp-content\/uploads\/sites\/18\/2024\/11\/karvinen_smokie-225x300.jpg 225w, https:\/\/sey.fi\/wp-content\/uploads\/sites\/18\/2024\/11\/karvinen_smokie-1152x1536.jpg 1152w, https:\/\/sey.fi\/wp-content\/uploads\/sites\/18\/2024\/11\/karvinen_smokie-1536x2048.jpg 1536w, https:\/\/sey.fi\/wp-content\/uploads\/sites\/18\/2024\/11\/karvinen_smokie-scaled.jpg 1920w\" sizes=\"auto, (max-width: 768px) 100vw, 768px\" \/><\/figure><\/div>","protected":false},"excerpt":{"rendered":"<p>Yhdistyksemme historian aikana olemme saaneet merkitt\u00e4vi\u00e4 lahjoituksia ihmisilt\u00e4, jotka ovat olleet el\u00e4inten yst\u00e4vi\u00e4 henkeen ja vereen. He ovat halunneet avustaa meit\u00e4 ty\u00f6ss\u00e4mme my\u00f6s silloin, kun he eiv\u00e4t en\u00e4\u00e4 itse ole paikalla. Valtavan suuri kiitos testamenttilahjoittajillemme siit\u00e4, ett\u00e4 meill\u00e4 on mahdollisuus py\u00f6ritt\u00e4\u00e4 el\u00e4inten hautausmaata sek\u00e4 siit\u00e4, ett\u00e4 olemme voineet rakentaa el\u00e4insuojelukeskuksen. Me kannamme heid\u00e4n perint\u00f6\u00e4\u00e4n eteenp\u00e4in [&hellip;]<\/p>\n","protected":false},"author":8,"featured_media":0,"parent":224,"menu_order":0,"comment_status":"closed","ping_status":"closed","template":"","meta":{"_acf_changed":false,"footnotes":""},"class_list":["post-232","page","type-page","status-publish","hentry"],"acf":[],"yoast_head":"<!-- This site is optimized with the Yoast SEO plugin v27.1.1 - https:\/\/yoast.com\/product\/yoast-seo-wordpress\/ -->\n<title>Testamenttilahjoitukset - Kaakkois-Suomen el\u00e4insuojeluyhdistys<\/title>\n<meta name=\"robots\" content=\"index, follow, max-snippet:-1, max-image-preview:large, max-video-preview:-1\" \/>\n<link rel=\"canonical\" href=\"https:\/\/sey.fi\/kaakkois-suomi\/kaakkois-suomen-elainsuojeluyhdistys\/lahjoita\/testamenttilahjoitukset\/\" \/>\n<meta property=\"og:locale\" content=\"fi_FI\" \/>\n<meta property=\"og:type\" content=\"article\" \/>\n<meta property=\"og:title\" content=\"Testamenttilahjoitukset - Kaakkois-Suomen el\u00e4insuojeluyhdistys\" \/>\n<meta property=\"og:description\" content=\"Yhdistyksemme historian aikana olemme saaneet merkitt\u00e4vi\u00e4 lahjoituksia ihmisilt\u00e4, jotka ovat olleet el\u00e4inten yst\u00e4vi\u00e4 henkeen ja vereen. He ovat halunneet avustaa meit\u00e4 ty\u00f6ss\u00e4mme my\u00f6s silloin, kun he eiv\u00e4t en\u00e4\u00e4 itse ole paikalla. Valtavan suuri kiitos testamenttilahjoittajillemme siit\u00e4, ett\u00e4 meill\u00e4 on mahdollisuus py\u00f6ritt\u00e4\u00e4 el\u00e4inten hautausmaata sek\u00e4 siit\u00e4, ett\u00e4 olemme voineet rakentaa el\u00e4insuojelukeskuksen. Me kannamme heid\u00e4n perint\u00f6\u00e4\u00e4n eteenp\u00e4in [&hellip;]\" \/>\n<meta property=\"og:url\" content=\"https:\/\/sey.fi\/kaakkois-suomi\/kaakkois-suomen-elainsuojeluyhdistys\/lahjoita\/testamenttilahjoitukset\/\" \/>\n<meta property=\"og:site_name\" content=\"Kaakkois-Suomen el\u00e4insuojeluyhdistys\" \/>\n<meta property=\"article:modified_time\" content=\"2024-11-10T21:49:44+00:00\" \/>\n<meta property=\"og:image\" content=\"https:\/\/sey.fi\/wp-content\/uploads\/sites\/18\/2024\/11\/karvinen_smokie-scaled.jpg\" \/>\n\t<meta property=\"og:image:width\" content=\"1920\" \/>\n\t<meta property=\"og:image:height\" content=\"2560\" \/>\n\t<meta property=\"og:image:type\" content=\"image\/jpeg\" \/>\n<meta name=\"twitter:card\" content=\"summary_large_image\" \/>\n<meta name=\"twitter:label1\" content=\"Arvioitu lukuaika\" \/>\n\t<meta name=\"twitter:data1\" content=\"1 minuutti\" \/>\n<script type=\"application\/ld+json\" class=\"yoast-schema-graph\">{\"@context\":\"https:\/\/schema.org\",\"@graph\":[{\"@type\":\"WebPage\",\"@id\":\"https:\/\/sey.fi\/kaakkois-suomi\/kaakkois-suomen-elainsuojeluyhdistys\/lahjoita\/testamenttilahjoitukset\/\",\"url\":\"https:\/\/sey.fi\/kaakkois-suomi\/kaakkois-suomen-elainsuojeluyhdistys\/lahjoita\/testamenttilahjoitukset\/\",\"name\":\"Testamenttilahjoitukset - Kaakkois-Suomen el\u00e4insuojeluyhdistys\",\"isPartOf\":{\"@id\":\"https:\/\/sey.fi\/kaakkois-suomi\/#website\"},\"primaryImageOfPage\":{\"@id\":\"https:\/\/sey.fi\/kaakkois-suomi\/kaakkois-suomen-elainsuojeluyhdistys\/lahjoita\/testamenttilahjoitukset\/#primaryimage\"},\"image\":{\"@id\":\"https:\/\/sey.fi\/kaakkois-suomi\/kaakkois-suomen-elainsuojeluyhdistys\/lahjoita\/testamenttilahjoitukset\/#primaryimage\"},\"thumbnailUrl\":\"https:\/\/sey.fi\/wp-content\/uploads\/sites\/18\/2024\/11\/karvinen_smokie-768x1024.jpg\",\"datePublished\":\"2019-11-01T14:07:31+00:00\",\"dateModified\":\"2024-11-10T21:49:44+00:00\",\"breadcrumb\":{\"@id\":\"https:\/\/sey.fi\/kaakkois-suomi\/kaakkois-suomen-elainsuojeluyhdistys\/lahjoita\/testamenttilahjoitukset\/#breadcrumb\"},\"inLanguage\":\"fi\",\"potentialAction\":[{\"@type\":\"ReadAction\",\"target\":[\"https:\/\/sey.fi\/kaakkois-suomi\/kaakkois-suomen-elainsuojeluyhdistys\/lahjoita\/testamenttilahjoitukset\/\"]}]},{\"@type\":\"ImageObject\",\"inLanguage\":\"fi\",\"@id\":\"https:\/\/sey.fi\/kaakkois-suomi\/kaakkois-suomen-elainsuojeluyhdistys\/lahjoita\/testamenttilahjoitukset\/#primaryimage\",\"url\":\"https:\/\/sey.fi\/wp-content\/uploads\/sites\/18\/2024\/11\/karvinen_smokie-768x1024.jpg\",\"contentUrl\":\"https:\/\/sey.fi\/wp-content\/uploads\/sites\/18\/2024\/11\/karvinen_smokie-768x1024.jpg\"},{\"@type\":\"BreadcrumbList\",\"@id\":\"https:\/\/sey.fi\/kaakkois-suomi\/kaakkois-suomen-elainsuojeluyhdistys\/lahjoita\/testamenttilahjoitukset\/#breadcrumb\",\"itemListElement\":[{\"@type\":\"ListItem\",\"position\":1,\"name\":\"Home\",\"item\":\"https:\/\/sey.fi\/kaakkois-suomi\/\"},{\"@type\":\"ListItem\",\"position\":2,\"name\":\"Kaakkois-Suomen el\u00e4insuojeluyhdistys\",\"item\":\"https:\/\/sey.fi\/kaakkois-suomi\/\"},{\"@type\":\"ListItem\",\"position\":3,\"name\":\"Lahjoita\",\"item\":\"https:\/\/sey.fi\/kaakkois-suomi\/kaakkois-suomen-elainsuojeluyhdistys\/lahjoita\/\"},{\"@type\":\"ListItem\",\"position\":4,\"name\":\"Testamenttilahjoitukset\"}]},{\"@type\":\"WebSite\",\"@id\":\"https:\/\/sey.fi\/kaakkois-suomi\/#website\",\"url\":\"https:\/\/sey.fi\/kaakkois-suomi\/\",\"name\":\"Kaakkois-Suomen el\u00e4insuojeluyhdistys\",\"description\":\"Uusi SEY J\u00e4senyhdistykset -sivusto\",\"potentialAction\":[{\"@type\":\"SearchAction\",\"target\":{\"@type\":\"EntryPoint\",\"urlTemplate\":\"https:\/\/sey.fi\/kaakkois-suomi\/?s={search_term_string}\"},\"query-input\":{\"@type\":\"PropertyValueSpecification\",\"valueRequired\":true,\"valueName\":\"search_term_string\"}}],\"inLanguage\":\"fi\"}]}<\/script>\n<!-- \/ Yoast SEO plugin. -->","yoast_head_json":{"title":"Testamenttilahjoitukset - Kaakkois-Suomen el\u00e4insuojeluyhdistys","robots":{"index":"index","follow":"follow","max-snippet":"max-snippet:-1","max-image-preview":"max-image-preview:large","max-video-preview":"max-video-preview:-1"},"canonical":"https:\/\/sey.fi\/kaakkois-suomi\/kaakkois-suomen-elainsuojeluyhdistys\/lahjoita\/testamenttilahjoitukset\/","og_locale":"fi_FI","og_type":"article","og_title":"Testamenttilahjoitukset - Kaakkois-Suomen el\u00e4insuojeluyhdistys","og_description":"Yhdistyksemme historian aikana olemme saaneet merkitt\u00e4vi\u00e4 lahjoituksia ihmisilt\u00e4, jotka ovat olleet el\u00e4inten yst\u00e4vi\u00e4 henkeen ja vereen. He ovat halunneet avustaa meit\u00e4 ty\u00f6ss\u00e4mme my\u00f6s silloin, kun he eiv\u00e4t en\u00e4\u00e4 itse ole paikalla. Valtavan suuri kiitos testamenttilahjoittajillemme siit\u00e4, ett\u00e4 meill\u00e4 on mahdollisuus py\u00f6ritt\u00e4\u00e4 el\u00e4inten hautausmaata sek\u00e4 siit\u00e4, ett\u00e4 olemme voineet rakentaa el\u00e4insuojelukeskuksen. Me kannamme heid\u00e4n perint\u00f6\u00e4\u00e4n eteenp\u00e4in [&hellip;]","og_url":"https:\/\/sey.fi\/kaakkois-suomi\/kaakkois-suomen-elainsuojeluyhdistys\/lahjoita\/testamenttilahjoitukset\/","og_site_name":"Kaakkois-Suomen el\u00e4insuojeluyhdistys","article_modified_time":"2024-11-10T21:49:44+00:00","og_image":[{"width":1920,"height":2560,"url":"https:\/\/sey.fi\/wp-content\/uploads\/sites\/18\/2024\/11\/karvinen_smokie-scaled.jpg","type":"image\/jpeg"}],"twitter_card":"summary_large_image","twitter_misc":{"Arvioitu lukuaika":"1 minuutti"},"schema":{"@context":"https:\/\/schema.org","@graph":[{"@type":"WebPage","@id":"https:\/\/sey.fi\/kaakkois-suomi\/kaakkois-suomen-elainsuojeluyhdistys\/lahjoita\/testamenttilahjoitukset\/","url":"https:\/\/sey.fi\/kaakkois-suomi\/kaakkois-suomen-elainsuojeluyhdistys\/lahjoita\/testamenttilahjoitukset\/","name":"Testamenttilahjoitukset - Kaakkois-Suomen el\u00e4insuojeluyhdistys","isPartOf":{"@id":"https:\/\/sey.fi\/kaakkois-suomi\/#website"},"primaryImageOfPage":{"@id":"https:\/\/sey.fi\/kaakkois-suomi\/kaakkois-suomen-elainsuojeluyhdistys\/lahjoita\/testamenttilahjoitukset\/#primaryimage"},"image":{"@id":"https:\/\/sey.fi\/kaakkois-suomi\/kaakkois-suomen-elainsuojeluyhdistys\/lahjoita\/testamenttilahjoitukset\/#primaryimage"},"thumbnailUrl":"https:\/\/sey.fi\/wp-content\/uploads\/sites\/18\/2024\/11\/karvinen_smokie-768x1024.jpg","datePublished":"2019-11-01T14:07:31+00:00","dateModified":"2024-11-10T21:49:44+00:00","breadcrumb":{"@id":"https:\/\/sey.fi\/kaakkois-suomi\/kaakkois-suomen-elainsuojeluyhdistys\/lahjoita\/testamenttilahjoitukset\/#breadcrumb"},"inLanguage":"fi","potentialAction":[{"@type":"ReadAction","target":["https:\/\/sey.fi\/kaakkois-suomi\/kaakkois-suomen-elainsuojeluyhdistys\/lahjoita\/testamenttilahjoitukset\/"]}]},{"@type":"ImageObject","inLanguage":"fi","@id":"https:\/\/sey.fi\/kaakkois-suomi\/kaakkois-suomen-elainsuojeluyhdistys\/lahjoita\/testamenttilahjoitukset\/#primaryimage","url":"https:\/\/sey.fi\/wp-content\/uploads\/sites\/18\/2024\/11\/karvinen_smokie-768x1024.jpg","contentUrl":"https:\/\/sey.fi\/wp-content\/uploads\/sites\/18\/2024\/11\/karvinen_smokie-768x1024.jpg"},{"@type":"BreadcrumbList","@id":"https:\/\/sey.fi\/kaakkois-suomi\/kaakkois-suomen-elainsuojeluyhdistys\/lahjoita\/testamenttilahjoitukset\/#breadcrumb","itemListElement":[{"@type":"ListItem","position":1,"name":"Home","item":"https:\/\/sey.fi\/kaakkois-suomi\/"},{"@type":"ListItem","position":2,"name":"Kaakkois-Suomen el\u00e4insuojeluyhdistys","item":"https:\/\/sey.fi\/kaakkois-suomi\/"},{"@type":"ListItem","position":3,"name":"Lahjoita","item":"https:\/\/sey.fi\/kaakkois-suomi\/kaakkois-suomen-elainsuojeluyhdistys\/lahjoita\/"},{"@type":"ListItem","position":4,"name":"Testamenttilahjoitukset"}]},{"@type":"WebSite","@id":"https:\/\/sey.fi\/kaakkois-suomi\/#website","url":"https:\/\/sey.fi\/kaakkois-suomi\/","name":"Kaakkois-Suomen el\u00e4insuojeluyhdistys","description":"Uusi SEY J\u00e4senyhdistykset -sivusto","potentialAction":[{"@type":"SearchAction","target":{"@type":"EntryPoint","urlTemplate":"https:\/\/sey.fi\/kaakkois-suomi\/?s={search_term_string}"},"query-input":{"@type":"PropertyValueSpecification","valueRequired":true,"valueName":"search_term_string"}}],"inLanguage":"fi"}]}},"_links":{"self":[{"href":"https:\/\/sey.fi\/kaakkois-suomi\/wp-json\/wp\/v2\/pages\/232","targetHints":{"allow":["GET"]}}],"collection":[{"href":"https:\/\/sey.fi\/kaakkois-suomi\/wp-json\/wp\/v2\/pages"}],"about":[{"href":"https:\/\/sey.fi\/kaakkois-suomi\/wp-json\/wp\/v2\/types\/page"}],"author":[{"embeddable":true,"href":"https:\/\/sey.fi\/kaakkois-suomi\/wp-json\/wp\/v2\/users\/8"}],"replies":[{"embeddable":true,"href":"https:\/\/sey.fi\/kaakkois-suomi\/wp-json\/wp\/v2\/comments?post=232"}],"version-history":[{"count":5,"href":"https:\/\/sey.fi\/kaakkois-suomi\/wp-json\/wp\/v2\/pages\/232\/revisions"}],"predecessor-version":[{"id":4737,"href":"https:\/\/sey.fi\/kaakkois-suomi\/wp-json\/wp\/v2\/pages\/232\/revisions\/4737"}],"up":[{"embeddable":true,"href":"https:\/\/sey.fi\/kaakkois-suomi\/wp-json\/wp\/v2\/pages\/224"}],"wp:attachment":[{"href":"https:\/\/sey.fi\/kaakkois-suomi\/wp-json\/wp\/v2\/media?parent=232"}],"curies":[{"name":"wp","href":"https:\/\/api.w.org\/{rel}","templated":true}]}}