{"id":236,"date":"2019-11-01T16:08:15","date_gmt":"2019-11-01T14:08:15","guid":{"rendered":"http:\/\/srvr10.xetpoint.com\/~seyfi\/kaakkois-suomi\/?page_id=236"},"modified":"2024-11-05T16:18:24","modified_gmt":"2024-11-05T14:18:24","slug":"tavara-ja-tekstiililahjoitukset","status":"publish","type":"page","link":"https:\/\/sey.fi\/kaakkois-suomi\/kaakkois-suomen-elainsuojeluyhdistys\/lahjoita\/tavara-ja-tekstiililahjoitukset\/","title":{"rendered":"Tavara- ja tekstiililahjoitukset"},"content":{"rendered":"\n<p>Otamme mieluusti vastaan tarpeettomiksi j\u00e4\u00e4neit\u00e4 kissojen kuljetuskoppia, kiipeilytelineit\u00e4, raapimalautoja, vessoja, ym. Koirien tarvikkeita, kuten hihnoja, valjaita ja haalareita,&nbsp;tarvitaan yhdistyksen kotia etsivien koirien k\u00e4ytt\u00f6\u00f6n.<\/p>\n\n\n\n<p>T\u00e4ll\u00e4 hetkell\u00e4 emme voi vastaanottaa tekstiililahjoituksia (peittoja, ym) El\u00e4insuojelukeskus Miulle.<\/p>\n","protected":false},"excerpt":{"rendered":"<p>Otamme mieluusti vastaan tarpeettomiksi j\u00e4\u00e4neit\u00e4 kissojen kuljetuskoppia, kiipeilytelineit\u00e4, raapimalautoja, vessoja, ym. Koirien tarvikkeita, kuten hihnoja, valjaita ja haalareita,&nbsp;tarvitaan yhdistyksen kotia etsivien koirien k\u00e4ytt\u00f6\u00f6n. T\u00e4ll\u00e4 hetkell\u00e4 emme voi vastaanottaa tekstiililahjoituksia (peittoja, ym) El\u00e4insuojelukeskus Miulle.<\/p>\n","protected":false},"author":8,"featured_media":0,"parent":224,"menu_order":0,"comment_status":"closed","ping_status":"closed","template":"","meta":{"_acf_changed":false,"footnotes":""},"class_list":["post-236","page","type-page","status-publish","hentry"],"acf":[],"yoast_head":"<!-- This site is optimized with the Yoast SEO plugin v27.1.1 - https:\/\/yoast.com\/product\/yoast-seo-wordpress\/ -->\n<title>Tavara- ja tekstiililahjoitukset - Kaakkois-Suomen el\u00e4insuojeluyhdistys<\/title>\n<meta name=\"robots\" content=\"index, follow, max-snippet:-1, max-image-preview:large, max-video-preview:-1\" \/>\n<link rel=\"canonical\" href=\"https:\/\/sey.fi\/kaakkois-suomi\/kaakkois-suomen-elainsuojeluyhdistys\/lahjoita\/tavara-ja-tekstiililahjoitukset\/\" \/>\n<meta property=\"og:locale\" content=\"fi_FI\" \/>\n<meta property=\"og:type\" content=\"article\" \/>\n<meta property=\"og:title\" content=\"Tavara- ja tekstiililahjoitukset - Kaakkois-Suomen el\u00e4insuojeluyhdistys\" \/>\n<meta property=\"og:description\" content=\"Otamme mieluusti vastaan tarpeettomiksi j\u00e4\u00e4neit\u00e4 kissojen kuljetuskoppia, kiipeilytelineit\u00e4, raapimalautoja, vessoja, ym. Koirien tarvikkeita, kuten hihnoja, valjaita ja haalareita,&nbsp;tarvitaan yhdistyksen kotia etsivien koirien k\u00e4ytt\u00f6\u00f6n. T\u00e4ll\u00e4 hetkell\u00e4 emme voi vastaanottaa tekstiililahjoituksia (peittoja, ym) El\u00e4insuojelukeskus Miulle.\" \/>\n<meta property=\"og:url\" content=\"https:\/\/sey.fi\/kaakkois-suomi\/kaakkois-suomen-elainsuojeluyhdistys\/lahjoita\/tavara-ja-tekstiililahjoitukset\/\" \/>\n<meta property=\"og:site_name\" content=\"Kaakkois-Suomen el\u00e4insuojeluyhdistys\" \/>\n<meta property=\"article:modified_time\" content=\"2024-11-05T14:18:24+00:00\" \/>\n<meta name=\"twitter:card\" content=\"summary_large_image\" \/>\n<meta name=\"twitter:label1\" content=\"Arvioitu lukuaika\" \/>\n\t<meta name=\"twitter:data1\" content=\"1 minuutti\" \/>\n<script type=\"application\/ld+json\" class=\"yoast-schema-graph\">{\"@context\":\"https:\/\/schema.org\",\"@graph\":[{\"@type\":\"WebPage\",\"@id\":\"https:\/\/sey.fi\/kaakkois-suomi\/kaakkois-suomen-elainsuojeluyhdistys\/lahjoita\/tavara-ja-tekstiililahjoitukset\/\",\"url\":\"https:\/\/sey.fi\/kaakkois-suomi\/kaakkois-suomen-elainsuojeluyhdistys\/lahjoita\/tavara-ja-tekstiililahjoitukset\/\",\"name\":\"Tavara- ja tekstiililahjoitukset - Kaakkois-Suomen el\u00e4insuojeluyhdistys\",\"isPartOf\":{\"@id\":\"https:\/\/sey.fi\/kaakkois-suomi\/#website\"},\"datePublished\":\"2019-11-01T14:08:15+00:00\",\"dateModified\":\"2024-11-05T14:18:24+00:00\",\"breadcrumb\":{\"@id\":\"https:\/\/sey.fi\/kaakkois-suomi\/kaakkois-suomen-elainsuojeluyhdistys\/lahjoita\/tavara-ja-tekstiililahjoitukset\/#breadcrumb\"},\"inLanguage\":\"fi\",\"potentialAction\":[{\"@type\":\"ReadAction\",\"target\":[\"https:\/\/sey.fi\/kaakkois-suomi\/kaakkois-suomen-elainsuojeluyhdistys\/lahjoita\/tavara-ja-tekstiililahjoitukset\/\"]}]},{\"@type\":\"BreadcrumbList\",\"@id\":\"https:\/\/sey.fi\/kaakkois-suomi\/kaakkois-suomen-elainsuojeluyhdistys\/lahjoita\/tavara-ja-tekstiililahjoitukset\/#breadcrumb\",\"itemListElement\":[{\"@type\":\"ListItem\",\"position\":1,\"name\":\"Home\",\"item\":\"https:\/\/sey.fi\/kaakkois-suomi\/\"},{\"@type\":\"ListItem\",\"position\":2,\"name\":\"Kaakkois-Suomen el\u00e4insuojeluyhdistys\",\"item\":\"https:\/\/sey.fi\/kaakkois-suomi\/\"},{\"@type\":\"ListItem\",\"position\":3,\"name\":\"Lahjoita\",\"item\":\"https:\/\/sey.fi\/kaakkois-suomi\/kaakkois-suomen-elainsuojeluyhdistys\/lahjoita\/\"},{\"@type\":\"ListItem\",\"position\":4,\"name\":\"Tavara- ja tekstiililahjoitukset\"}]},{\"@type\":\"WebSite\",\"@id\":\"https:\/\/sey.fi\/kaakkois-suomi\/#website\",\"url\":\"https:\/\/sey.fi\/kaakkois-suomi\/\",\"name\":\"Kaakkois-Suomen el\u00e4insuojeluyhdistys\",\"description\":\"Uusi SEY J\u00e4senyhdistykset -sivusto\",\"potentialAction\":[{\"@type\":\"SearchAction\",\"target\":{\"@type\":\"EntryPoint\",\"urlTemplate\":\"https:\/\/sey.fi\/kaakkois-suomi\/?s={search_term_string}\"},\"query-input\":{\"@type\":\"PropertyValueSpecification\",\"valueRequired\":true,\"valueName\":\"search_term_string\"}}],\"inLanguage\":\"fi\"}]}<\/script>\n<!-- \/ Yoast SEO plugin. -->","yoast_head_json":{"title":"Tavara- ja tekstiililahjoitukset - Kaakkois-Suomen el\u00e4insuojeluyhdistys","robots":{"index":"index","follow":"follow","max-snippet":"max-snippet:-1","max-image-preview":"max-image-preview:large","max-video-preview":"max-video-preview:-1"},"canonical":"https:\/\/sey.fi\/kaakkois-suomi\/kaakkois-suomen-elainsuojeluyhdistys\/lahjoita\/tavara-ja-tekstiililahjoitukset\/","og_locale":"fi_FI","og_type":"article","og_title":"Tavara- ja tekstiililahjoitukset - Kaakkois-Suomen el\u00e4insuojeluyhdistys","og_description":"Otamme mieluusti vastaan tarpeettomiksi j\u00e4\u00e4neit\u00e4 kissojen kuljetuskoppia, kiipeilytelineit\u00e4, raapimalautoja, vessoja, ym. Koirien tarvikkeita, kuten hihnoja, valjaita ja haalareita,&nbsp;tarvitaan yhdistyksen kotia etsivien koirien k\u00e4ytt\u00f6\u00f6n. T\u00e4ll\u00e4 hetkell\u00e4 emme voi vastaanottaa tekstiililahjoituksia (peittoja, ym) El\u00e4insuojelukeskus Miulle.","og_url":"https:\/\/sey.fi\/kaakkois-suomi\/kaakkois-suomen-elainsuojeluyhdistys\/lahjoita\/tavara-ja-tekstiililahjoitukset\/","og_site_name":"Kaakkois-Suomen el\u00e4insuojeluyhdistys","article_modified_time":"2024-11-05T14:18:24+00:00","twitter_card":"summary_large_image","twitter_misc":{"Arvioitu lukuaika":"1 minuutti"},"schema":{"@context":"https:\/\/schema.org","@graph":[{"@type":"WebPage","@id":"https:\/\/sey.fi\/kaakkois-suomi\/kaakkois-suomen-elainsuojeluyhdistys\/lahjoita\/tavara-ja-tekstiililahjoitukset\/","url":"https:\/\/sey.fi\/kaakkois-suomi\/kaakkois-suomen-elainsuojeluyhdistys\/lahjoita\/tavara-ja-tekstiililahjoitukset\/","name":"Tavara- ja tekstiililahjoitukset - Kaakkois-Suomen el\u00e4insuojeluyhdistys","isPartOf":{"@id":"https:\/\/sey.fi\/kaakkois-suomi\/#website"},"datePublished":"2019-11-01T14:08:15+00:00","dateModified":"2024-11-05T14:18:24+00:00","breadcrumb":{"@id":"https:\/\/sey.fi\/kaakkois-suomi\/kaakkois-suomen-elainsuojeluyhdistys\/lahjoita\/tavara-ja-tekstiililahjoitukset\/#breadcrumb"},"inLanguage":"fi","potentialAction":[{"@type":"ReadAction","target":["https:\/\/sey.fi\/kaakkois-suomi\/kaakkois-suomen-elainsuojeluyhdistys\/lahjoita\/tavara-ja-tekstiililahjoitukset\/"]}]},{"@type":"BreadcrumbList","@id":"https:\/\/sey.fi\/kaakkois-suomi\/kaakkois-suomen-elainsuojeluyhdistys\/lahjoita\/tavara-ja-tekstiililahjoitukset\/#breadcrumb","itemListElement":[{"@type":"ListItem","position":1,"name":"Home","item":"https:\/\/sey.fi\/kaakkois-suomi\/"},{"@type":"ListItem","position":2,"name":"Kaakkois-Suomen el\u00e4insuojeluyhdistys","item":"https:\/\/sey.fi\/kaakkois-suomi\/"},{"@type":"ListItem","position":3,"name":"Lahjoita","item":"https:\/\/sey.fi\/kaakkois-suomi\/kaakkois-suomen-elainsuojeluyhdistys\/lahjoita\/"},{"@type":"ListItem","position":4,"name":"Tavara- ja tekstiililahjoitukset"}]},{"@type":"WebSite","@id":"https:\/\/sey.fi\/kaakkois-suomi\/#website","url":"https:\/\/sey.fi\/kaakkois-suomi\/","name":"Kaakkois-Suomen el\u00e4insuojeluyhdistys","description":"Uusi SEY J\u00e4senyhdistykset -sivusto","potentialAction":[{"@type":"SearchAction","target":{"@type":"EntryPoint","urlTemplate":"https:\/\/sey.fi\/kaakkois-suomi\/?s={search_term_string}"},"query-input":{"@type":"PropertyValueSpecification","valueRequired":true,"valueName":"search_term_string"}}],"inLanguage":"fi"}]}},"_links":{"self":[{"href":"https:\/\/sey.fi\/kaakkois-suomi\/wp-json\/wp\/v2\/pages\/236","targetHints":{"allow":["GET"]}}],"collection":[{"href":"https:\/\/sey.fi\/kaakkois-suomi\/wp-json\/wp\/v2\/pages"}],"about":[{"href":"https:\/\/sey.fi\/kaakkois-suomi\/wp-json\/wp\/v2\/types\/page"}],"author":[{"embeddable":true,"href":"https:\/\/sey.fi\/kaakkois-suomi\/wp-json\/wp\/v2\/users\/8"}],"replies":[{"embeddable":true,"href":"https:\/\/sey.fi\/kaakkois-suomi\/wp-json\/wp\/v2\/comments?post=236"}],"version-history":[{"count":3,"href":"https:\/\/sey.fi\/kaakkois-suomi\/wp-json\/wp\/v2\/pages\/236\/revisions"}],"predecessor-version":[{"id":4689,"href":"https:\/\/sey.fi\/kaakkois-suomi\/wp-json\/wp\/v2\/pages\/236\/revisions\/4689"}],"up":[{"embeddable":true,"href":"https:\/\/sey.fi\/kaakkois-suomi\/wp-json\/wp\/v2\/pages\/224"}],"wp:attachment":[{"href":"https:\/\/sey.fi\/kaakkois-suomi\/wp-json\/wp\/v2\/media?parent=236"}],"curies":[{"name":"wp","href":"https:\/\/api.w.org\/{rel}","templated":true}]}}