{"id":238,"date":"2019-11-01T16:10:21","date_gmt":"2019-11-01T14:10:21","guid":{"rendered":"http:\/\/srvr10.xetpoint.com\/~seyfi\/kaakkois-suomi\/?page_id=238"},"modified":"2021-10-08T21:41:23","modified_gmt":"2021-10-08T18:41:23","slug":"aikalahjoitus","status":"publish","type":"page","link":"https:\/\/sey.fi\/kaakkois-suomi\/kaakkois-suomen-elainsuojeluyhdistys\/lahjoita\/aikalahjoitus\/","title":{"rendered":"Aikalahjoitus"},"content":{"rendered":"\n<p>Mik\u00e4li et pysty tai halua lahjoittaa tavaroita tai rahaa, voit my\u00f6s lahjoittaa omaa aikaasi! Tarvitsemme esimerkiksi jatkuvasti\u00a0el\u00e4intenhoitajia\u00a0k\u00e4ym\u00e4\u00e4n El\u00e4insuojelukeskus Miulla pit\u00e4m\u00e4ss\u00e4 kissoista ja muista pienel\u00e4imist\u00e4 huolta. Voit my\u00f6s alkaa\u00a0<strong><a href=\"https:\/\/sey.fi\/kaakkois-suomi\/kaakkois-suomen-elainsuojeluyhdistys\/toiminta\/sijaiskotitoiminta\/\">sijaiskodiksi<\/a><\/strong>\u00a0ja vastaanottaa tilap\u00e4isesti el\u00e4imen hoitoon kotiisi. Kaipaamme lis\u00e4\u00e4 henkil\u00f6it\u00e4 avuksemme esimerkiksi\u00a0<strong><a href=\"https:\/\/sey.fi\/kaakkois-suomi\/kaakkois-suomen-elainsuojeluyhdistys\/yhdistys\/tapahtumat\/\">tapahtumiin<\/a>.<\/strong>\u00a0Tutustu vapaisiin vapaaehtoisty\u00f6teht\u00e4viin\u00a0<strong><a href=\"https:\/\/sey.fi\/kaakkois-suomi\/kaakkois-suomen-elainsuojeluyhdistys\/toiminta\/vapaat-vapaaehtoistyotehtavat\/\">t\u00e4\u00e4lt\u00e4<\/a><\/strong>. Jos haluat avustaa el\u00e4insuojeluty\u00f6ss\u00e4 omalla ty\u00f6panoksellasi tai sinulla on vahva osaaminen jollakin tietyll\u00e4 alalla, otathan yhteytt\u00e4\u00a0<strong><a href=\"mailto:kaakkoissuomensey@gmail.com\">kaakkoissuomensey(at)gmail.com<\/a><\/strong>\u00a0niin katsomme, miten juuri sin\u00e4 voisit auttaa el\u00e4imi\u00e4.\u00a0\u00a0<\/p>\n","protected":false},"excerpt":{"rendered":"<p>Mik\u00e4li et pysty tai halua lahjoittaa tavaroita tai rahaa, voit my\u00f6s lahjoittaa omaa aikaasi! Tarvitsemme esimerkiksi jatkuvasti\u00a0el\u00e4intenhoitajia\u00a0k\u00e4ym\u00e4\u00e4n El\u00e4insuojelukeskus Miulla pit\u00e4m\u00e4ss\u00e4 kissoista ja muista pienel\u00e4imist\u00e4 huolta. Voit my\u00f6s alkaa\u00a0sijaiskodiksi\u00a0ja vastaanottaa tilap\u00e4isesti el\u00e4imen hoitoon kotiisi. Kaipaamme lis\u00e4\u00e4 henkil\u00f6it\u00e4 avuksemme esimerkiksi\u00a0tapahtumiin.\u00a0Tutustu vapaisiin vapaaehtoisty\u00f6teht\u00e4viin\u00a0t\u00e4\u00e4lt\u00e4. Jos haluat avustaa el\u00e4insuojeluty\u00f6ss\u00e4 omalla ty\u00f6panoksellasi tai sinulla on vahva osaaminen jollakin tietyll\u00e4 alalla, otathan [&hellip;]<\/p>\n","protected":false},"author":8,"featured_media":0,"parent":224,"menu_order":0,"comment_status":"closed","ping_status":"closed","template":"","meta":{"_acf_changed":false,"footnotes":""},"class_list":["post-238","page","type-page","status-publish","hentry"],"acf":[],"yoast_head":"<!-- This site is optimized with the Yoast SEO plugin v27.1.1 - https:\/\/yoast.com\/product\/yoast-seo-wordpress\/ -->\n<title>Aikalahjoitus - Kaakkois-Suomen el\u00e4insuojeluyhdistys<\/title>\n<meta name=\"robots\" content=\"index, follow, max-snippet:-1, max-image-preview:large, max-video-preview:-1\" \/>\n<link rel=\"canonical\" href=\"https:\/\/sey.fi\/kaakkois-suomi\/kaakkois-suomen-elainsuojeluyhdistys\/lahjoita\/aikalahjoitus\/\" \/>\n<meta property=\"og:locale\" content=\"fi_FI\" \/>\n<meta property=\"og:type\" content=\"article\" \/>\n<meta property=\"og:title\" content=\"Aikalahjoitus - Kaakkois-Suomen el\u00e4insuojeluyhdistys\" \/>\n<meta property=\"og:description\" content=\"Mik\u00e4li et pysty tai halua lahjoittaa tavaroita tai rahaa, voit my\u00f6s lahjoittaa omaa aikaasi! Tarvitsemme esimerkiksi jatkuvasti\u00a0el\u00e4intenhoitajia\u00a0k\u00e4ym\u00e4\u00e4n El\u00e4insuojelukeskus Miulla pit\u00e4m\u00e4ss\u00e4 kissoista ja muista pienel\u00e4imist\u00e4 huolta. Voit my\u00f6s alkaa\u00a0sijaiskodiksi\u00a0ja vastaanottaa tilap\u00e4isesti el\u00e4imen hoitoon kotiisi. Kaipaamme lis\u00e4\u00e4 henkil\u00f6it\u00e4 avuksemme esimerkiksi\u00a0tapahtumiin.\u00a0Tutustu vapaisiin vapaaehtoisty\u00f6teht\u00e4viin\u00a0t\u00e4\u00e4lt\u00e4. Jos haluat avustaa el\u00e4insuojeluty\u00f6ss\u00e4 omalla ty\u00f6panoksellasi tai sinulla on vahva osaaminen jollakin tietyll\u00e4 alalla, otathan [&hellip;]\" \/>\n<meta property=\"og:url\" content=\"https:\/\/sey.fi\/kaakkois-suomi\/kaakkois-suomen-elainsuojeluyhdistys\/lahjoita\/aikalahjoitus\/\" \/>\n<meta property=\"og:site_name\" content=\"Kaakkois-Suomen el\u00e4insuojeluyhdistys\" \/>\n<meta property=\"article:modified_time\" content=\"2021-10-08T18:41:23+00:00\" \/>\n<meta name=\"twitter:card\" content=\"summary_large_image\" \/>\n<script type=\"application\/ld+json\" class=\"yoast-schema-graph\">{\"@context\":\"https:\/\/schema.org\",\"@graph\":[{\"@type\":\"WebPage\",\"@id\":\"https:\/\/sey.fi\/kaakkois-suomi\/kaakkois-suomen-elainsuojeluyhdistys\/lahjoita\/aikalahjoitus\/\",\"url\":\"https:\/\/sey.fi\/kaakkois-suomi\/kaakkois-suomen-elainsuojeluyhdistys\/lahjoita\/aikalahjoitus\/\",\"name\":\"Aikalahjoitus - Kaakkois-Suomen el\u00e4insuojeluyhdistys\",\"isPartOf\":{\"@id\":\"https:\/\/sey.fi\/kaakkois-suomi\/#website\"},\"datePublished\":\"2019-11-01T14:10:21+00:00\",\"dateModified\":\"2021-10-08T18:41:23+00:00\",\"breadcrumb\":{\"@id\":\"https:\/\/sey.fi\/kaakkois-suomi\/kaakkois-suomen-elainsuojeluyhdistys\/lahjoita\/aikalahjoitus\/#breadcrumb\"},\"inLanguage\":\"fi\",\"potentialAction\":[{\"@type\":\"ReadAction\",\"target\":[\"https:\/\/sey.fi\/kaakkois-suomi\/kaakkois-suomen-elainsuojeluyhdistys\/lahjoita\/aikalahjoitus\/\"]}]},{\"@type\":\"BreadcrumbList\",\"@id\":\"https:\/\/sey.fi\/kaakkois-suomi\/kaakkois-suomen-elainsuojeluyhdistys\/lahjoita\/aikalahjoitus\/#breadcrumb\",\"itemListElement\":[{\"@type\":\"ListItem\",\"position\":1,\"name\":\"Home\",\"item\":\"https:\/\/sey.fi\/kaakkois-suomi\/\"},{\"@type\":\"ListItem\",\"position\":2,\"name\":\"Kaakkois-Suomen el\u00e4insuojeluyhdistys\",\"item\":\"https:\/\/sey.fi\/kaakkois-suomi\/\"},{\"@type\":\"ListItem\",\"position\":3,\"name\":\"Lahjoita\",\"item\":\"https:\/\/sey.fi\/kaakkois-suomi\/kaakkois-suomen-elainsuojeluyhdistys\/lahjoita\/\"},{\"@type\":\"ListItem\",\"position\":4,\"name\":\"Aikalahjoitus\"}]},{\"@type\":\"WebSite\",\"@id\":\"https:\/\/sey.fi\/kaakkois-suomi\/#website\",\"url\":\"https:\/\/sey.fi\/kaakkois-suomi\/\",\"name\":\"Kaakkois-Suomen el\u00e4insuojeluyhdistys\",\"description\":\"Uusi SEY J\u00e4senyhdistykset -sivusto\",\"potentialAction\":[{\"@type\":\"SearchAction\",\"target\":{\"@type\":\"EntryPoint\",\"urlTemplate\":\"https:\/\/sey.fi\/kaakkois-suomi\/?s={search_term_string}\"},\"query-input\":{\"@type\":\"PropertyValueSpecification\",\"valueRequired\":true,\"valueName\":\"search_term_string\"}}],\"inLanguage\":\"fi\"}]}<\/script>\n<!-- \/ Yoast SEO plugin. -->","yoast_head_json":{"title":"Aikalahjoitus - Kaakkois-Suomen el\u00e4insuojeluyhdistys","robots":{"index":"index","follow":"follow","max-snippet":"max-snippet:-1","max-image-preview":"max-image-preview:large","max-video-preview":"max-video-preview:-1"},"canonical":"https:\/\/sey.fi\/kaakkois-suomi\/kaakkois-suomen-elainsuojeluyhdistys\/lahjoita\/aikalahjoitus\/","og_locale":"fi_FI","og_type":"article","og_title":"Aikalahjoitus - Kaakkois-Suomen el\u00e4insuojeluyhdistys","og_description":"Mik\u00e4li et pysty tai halua lahjoittaa tavaroita tai rahaa, voit my\u00f6s lahjoittaa omaa aikaasi! Tarvitsemme esimerkiksi jatkuvasti\u00a0el\u00e4intenhoitajia\u00a0k\u00e4ym\u00e4\u00e4n El\u00e4insuojelukeskus Miulla pit\u00e4m\u00e4ss\u00e4 kissoista ja muista pienel\u00e4imist\u00e4 huolta. Voit my\u00f6s alkaa\u00a0sijaiskodiksi\u00a0ja vastaanottaa tilap\u00e4isesti el\u00e4imen hoitoon kotiisi. Kaipaamme lis\u00e4\u00e4 henkil\u00f6it\u00e4 avuksemme esimerkiksi\u00a0tapahtumiin.\u00a0Tutustu vapaisiin vapaaehtoisty\u00f6teht\u00e4viin\u00a0t\u00e4\u00e4lt\u00e4. Jos haluat avustaa el\u00e4insuojeluty\u00f6ss\u00e4 omalla ty\u00f6panoksellasi tai sinulla on vahva osaaminen jollakin tietyll\u00e4 alalla, otathan [&hellip;]","og_url":"https:\/\/sey.fi\/kaakkois-suomi\/kaakkois-suomen-elainsuojeluyhdistys\/lahjoita\/aikalahjoitus\/","og_site_name":"Kaakkois-Suomen el\u00e4insuojeluyhdistys","article_modified_time":"2021-10-08T18:41:23+00:00","twitter_card":"summary_large_image","schema":{"@context":"https:\/\/schema.org","@graph":[{"@type":"WebPage","@id":"https:\/\/sey.fi\/kaakkois-suomi\/kaakkois-suomen-elainsuojeluyhdistys\/lahjoita\/aikalahjoitus\/","url":"https:\/\/sey.fi\/kaakkois-suomi\/kaakkois-suomen-elainsuojeluyhdistys\/lahjoita\/aikalahjoitus\/","name":"Aikalahjoitus - Kaakkois-Suomen el\u00e4insuojeluyhdistys","isPartOf":{"@id":"https:\/\/sey.fi\/kaakkois-suomi\/#website"},"datePublished":"2019-11-01T14:10:21+00:00","dateModified":"2021-10-08T18:41:23+00:00","breadcrumb":{"@id":"https:\/\/sey.fi\/kaakkois-suomi\/kaakkois-suomen-elainsuojeluyhdistys\/lahjoita\/aikalahjoitus\/#breadcrumb"},"inLanguage":"fi","potentialAction":[{"@type":"ReadAction","target":["https:\/\/sey.fi\/kaakkois-suomi\/kaakkois-suomen-elainsuojeluyhdistys\/lahjoita\/aikalahjoitus\/"]}]},{"@type":"BreadcrumbList","@id":"https:\/\/sey.fi\/kaakkois-suomi\/kaakkois-suomen-elainsuojeluyhdistys\/lahjoita\/aikalahjoitus\/#breadcrumb","itemListElement":[{"@type":"ListItem","position":1,"name":"Home","item":"https:\/\/sey.fi\/kaakkois-suomi\/"},{"@type":"ListItem","position":2,"name":"Kaakkois-Suomen el\u00e4insuojeluyhdistys","item":"https:\/\/sey.fi\/kaakkois-suomi\/"},{"@type":"ListItem","position":3,"name":"Lahjoita","item":"https:\/\/sey.fi\/kaakkois-suomi\/kaakkois-suomen-elainsuojeluyhdistys\/lahjoita\/"},{"@type":"ListItem","position":4,"name":"Aikalahjoitus"}]},{"@type":"WebSite","@id":"https:\/\/sey.fi\/kaakkois-suomi\/#website","url":"https:\/\/sey.fi\/kaakkois-suomi\/","name":"Kaakkois-Suomen el\u00e4insuojeluyhdistys","description":"Uusi SEY J\u00e4senyhdistykset -sivusto","potentialAction":[{"@type":"SearchAction","target":{"@type":"EntryPoint","urlTemplate":"https:\/\/sey.fi\/kaakkois-suomi\/?s={search_term_string}"},"query-input":{"@type":"PropertyValueSpecification","valueRequired":true,"valueName":"search_term_string"}}],"inLanguage":"fi"}]}},"_links":{"self":[{"href":"https:\/\/sey.fi\/kaakkois-suomi\/wp-json\/wp\/v2\/pages\/238","targetHints":{"allow":["GET"]}}],"collection":[{"href":"https:\/\/sey.fi\/kaakkois-suomi\/wp-json\/wp\/v2\/pages"}],"about":[{"href":"https:\/\/sey.fi\/kaakkois-suomi\/wp-json\/wp\/v2\/types\/page"}],"author":[{"embeddable":true,"href":"https:\/\/sey.fi\/kaakkois-suomi\/wp-json\/wp\/v2\/users\/8"}],"replies":[{"embeddable":true,"href":"https:\/\/sey.fi\/kaakkois-suomi\/wp-json\/wp\/v2\/comments?post=238"}],"version-history":[{"count":3,"href":"https:\/\/sey.fi\/kaakkois-suomi\/wp-json\/wp\/v2\/pages\/238\/revisions"}],"predecessor-version":[{"id":2066,"href":"https:\/\/sey.fi\/kaakkois-suomi\/wp-json\/wp\/v2\/pages\/238\/revisions\/2066"}],"up":[{"embeddable":true,"href":"https:\/\/sey.fi\/kaakkois-suomi\/wp-json\/wp\/v2\/pages\/224"}],"wp:attachment":[{"href":"https:\/\/sey.fi\/kaakkois-suomi\/wp-json\/wp\/v2\/media?parent=238"}],"curies":[{"name":"wp","href":"https:\/\/api.w.org\/{rel}","templated":true}]}}