{"id":271,"date":"2019-11-01T16:33:37","date_gmt":"2019-11-01T14:33:37","guid":{"rendered":"http:\/\/srvr10.xetpoint.com\/~seyfi\/kaakkois-suomi\/?page_id=271"},"modified":"2026-03-04T11:32:01","modified_gmt":"2026-03-04T09:32:01","slug":"yhteystiedot","status":"publish","type":"page","link":"https:\/\/sey.fi\/kaakkois-suomi\/kaakkois-suomen-elainsuojeluyhdistys\/yhteystiedot\/","title":{"rendered":"Yhteystiedot"},"content":{"rendered":"\n<p><strong>Kaakkois-Suomen el\u00e4insuojeluyhdistys ry \/<\/strong><br><strong>El\u00e4insuojelukeskus Miu<\/strong><br><strong>It\u00e4inen Kanavatie 6, 53420 Lappeenranta<\/strong><br><strong>p. 050 553 6100<\/strong><\/p>\n\n\n\n<p><strong>Yleinen palaute<br><\/strong>Voit j\u00e4tt\u00e4\u00e4 yleist\u00e4 palautetta osoitteessa t\u00e4\u00e4ll\u00e4:<strong>\u00a0<a href=\"https:\/\/goo.gl\/forms\/6QY43hYIE0NPnwxG3\" target=\"_blank\" rel=\"noreferrer noopener\">PALAUTELOMAKE<\/a><\/strong>\u00a0<br>Halutessasi voit j\u00e4tt\u00e4\u00e4 palautteen nimett\u00f6m\u00e4n\u00e4.<br><br><strong>Yhdistyksen yleinen s\u00e4hk\u00f6posti<\/strong><br>kaakkoissuomensey@gmail.com<br><em>(yleiset yhteydenotot, toimintaan liittyv\u00e4t kysymykset ym.)<\/em><\/p>\n\n\n\n<p><strong>El\u00e4insuojelukeskus Miu<\/strong> <em>(mm. tilavaraukset, uuden kodin tarvitsevat el\u00e4imet, lahjoituskyselyt)<\/em><br>p. 050 553 6100<br>kasey.elainsuojelukeskus@gmail.com <br><a href=\"http:\/\/www.elainsuojelukeskus.com\" target=\"_blank\" rel=\"noreferrer noopener\">www.elainsuojelukeskus.com<\/a><\/p>\n\n\n\n<p><strong>Miun Kissahotelli<\/strong><br>p. 050 553 6100<br>miun.kissahotelli@gmail.com<br><a href=\"http:\/\/www.kissahotelli.com\" target=\"_blank\" rel=\"noreferrer noopener\">www.kissahotelli.com<\/a><\/p>\n\n\n\n<p><strong>El\u00e4insuojelukeskusvastaava&nbsp;<br><\/strong>Laura Kuivala <em>(mm. el\u00e4insuojelukeskuksen toimintaan liittyv\u00e4t asiat, haastattelut, yhteisty\u00f6t, harjoittelupaikat ja palautteet)<\/em><br>p. 050 326 2919<br>kasey.organisaattori@gmail.com<\/p>\n\n\n\n<p><strong>Vapaaehtoisvastaava Henna Lempinen<\/strong> kasey.vapaaehtoiset@gmail.com<em><br>(kaikkien vapaaehtoisty\u00f6teht\u00e4vien tiedustelut t\u00e4h\u00e4n osoitteeseen)<\/em><\/p>\n\n\n\n<p><strong>Adoptiovastaava&nbsp;<br><\/strong>Nina Laine <em>(tiedustelut kodittomista kissoista)<\/em><br>p. 050 331 0689<br>kasey.adoptio@gmail.com<\/p>\n\n\n\n<p><strong>Sijaiskotivastaavat (Etel\u00e4-Karjala)&nbsp;<\/strong><br>Siiri Mononen p. 045 694 9597 \/ kasey.sijaiskodit@gmail.com<br>Pirjo Granb\u00e4ck<\/p>\n\n\n\n<p><strong>Luonnonel\u00e4invastaava&nbsp;, kts. lis\u00e4tietoja <a href=\"https:\/\/sey.fi\/kaakkois-suomi\/kaakkois-suomen-elainsuojeluyhdistys\/toiminta\/luonnonvaraiset-elaimet\/\">t\u00e4\u00e4lt\u00e4<\/a><\/strong><br>Virve Haiko<br>p. 050 555 1466 <\/p>\n\n\n\n<p><strong>El\u00e4inten hautausmaa, kts. lis\u00e4tietoja&nbsp;<a href=\"https:\/\/sey.fi\/kaakkois-suomi\/kaakkois-suomen-elainsuojeluyhdistys\/toiminta\/elainten-hautausmaa\/\">t\u00e4\u00e4lt\u00e4<\/a><\/strong><br>vastaava&nbsp;Sanna Haaramo<br>kasey.hautausmaa@gmail.com<br>p.&nbsp;050 432 4942&nbsp;<\/p>\n\n\n\n<p><strong>Nuorisovastaava Jasmin Muukka<\/strong> kasey.nuorisovastaava@gmail.com<em><br>(kerhot, leirit, syntt\u00e4rit)<\/em><\/p>\n\n\n\n<p><strong>Verkkokauppavastaava<\/strong> <strong>Meeri Ylitalo <\/strong>kasey.varaukset@gmail.com<em><br>(verkkokauppoihin liittyv\u00e4t tiedustelut)<\/em><\/p>\n\n\n\n<p><strong>EL\u00c4INSUOJELUASIAT, kts. yhteystiedot&nbsp;<a href=\"https:\/\/sey.fi\/kaakkois-suomi\/kaakkois-suomen-elainsuojeluyhdistys\/elainsuojelu\/\">t\u00e4\u00e4lt\u00e4<\/a><\/strong><\/p>\n\n\n\n<p>Seyn el\u00e4insuojeluneuvojien yhteystietoja l\u00f6yd\u00e4t&nbsp;<a href=\"https:\/\/www.sey.fi\/yhteystiedot\/neuvojahaku\"><strong>SEYn neuvojahausta<\/strong><\/a><\/p>\n\n\n\n<p><strong>L\u00d6YT\u00d6EL\u00c4INASIAT, kts. yhteystiedot&nbsp;<a href=\"https:\/\/sey.fi\/kaakkois-suomi\/kaakkois-suomen-elainsuojeluyhdistys\/ohjeet-ja-linkit\/loytoelaimet\/\">t\u00e4\u00e4lt\u00e4<\/a><\/strong><\/p>\n\n\n\n<p><strong>Laskutusosoite:<\/strong><br>Yhdistys on siirtynyt s\u00e4hk\u00f6iseen kirjanpitoon 1.1.2021. Luethan ohjeet laskutukseen t\u00e4\u00e4lt\u00e4: <\/p>\n\n\n\n<p><a href=\"https:\/\/sey.fi\/wp-content\/uploads\/sites\/18\/2023\/01\/Laskutusosoite-Kasey.pdf\" target=\"_blank\" rel=\"noreferrer noopener\">https:\/\/sey.fi\/wp-content\/uploads\/sites\/18\/2023\/01\/Laskutusosoite-Kasey.pdf<\/a><\/p>\n\n\n\n<p>Kysy tarvittaessa lis\u00e4tietoja laskutuksesta: kasey.rahastonhoitaja@gmail.com<\/p>\n\n\n\n<p><strong>Y-tunnus:<\/strong>&nbsp;2167909-1<\/p>\n\n\n\n<p><strong>Voit seurata meit\u00e4 my\u00f6s Facebookissa ja Instagramissa:<\/strong><\/p>\n\n\n\n<p>Facebook:&nbsp;<a rel=\"noreferrer noopener\" href=\"https:\/\/www.facebook.com\/kaakkoissuomensey\" target=\"_blank\"><strong>https:\/\/www.facebook.com\/kaakkoissuomensey<\/strong><\/a><\/p>\n\n\n\n<p>Instagram:&nbsp;<a rel=\"noreferrer noopener\" href=\"https:\/\/www.instagram.com\/kaakkoissuomensey\" target=\"_blank\"><strong>https:\/\/www.instagram.com\/kaakkoissuomensey<\/strong><\/a><\/p>\n","protected":false},"excerpt":{"rendered":"<p>Kaakkois-Suomen el\u00e4insuojeluyhdistys ry \/El\u00e4insuojelukeskus MiuIt\u00e4inen Kanavatie 6, 53420 Lappeenrantap. 050 553 6100 Yleinen palauteVoit j\u00e4tt\u00e4\u00e4 yleist\u00e4 palautetta osoitteessa t\u00e4\u00e4ll\u00e4:\u00a0PALAUTELOMAKE\u00a0Halutessasi voit j\u00e4tt\u00e4\u00e4 palautteen nimett\u00f6m\u00e4n\u00e4. Yhdistyksen yleinen s\u00e4hk\u00f6postikaakkoissuomensey@gmail.com(yleiset yhteydenotot, toimintaan liittyv\u00e4t kysymykset ym.) El\u00e4insuojelukeskus Miu (mm. tilavaraukset, uuden kodin tarvitsevat el\u00e4imet, lahjoituskyselyt)p. 050 553 6100kasey.elainsuojelukeskus@gmail.com www.elainsuojelukeskus.com Miun Kissahotellip. 050 553 6100miun.kissahotelli@gmail.comwww.kissahotelli.com El\u00e4insuojelukeskusvastaava&nbsp;Laura Kuivala (mm. el\u00e4insuojelukeskuksen toimintaan liittyv\u00e4t [&hellip;]<\/p>\n","protected":false},"author":8,"featured_media":0,"parent":2,"menu_order":0,"comment_status":"closed","ping_status":"closed","template":"","meta":{"_acf_changed":false,"footnotes":""},"class_list":["post-271","page","type-page","status-publish","hentry"],"acf":[],"yoast_head":"<!-- This site is optimized with the Yoast SEO plugin v27.1.1 - https:\/\/yoast.com\/product\/yoast-seo-wordpress\/ -->\n<title>Yhteystiedot - Kaakkois-Suomen el\u00e4insuojeluyhdistys<\/title>\n<meta name=\"robots\" content=\"index, follow, max-snippet:-1, max-image-preview:large, max-video-preview:-1\" \/>\n<link rel=\"canonical\" href=\"https:\/\/sey.fi\/kaakkois-suomi\/kaakkois-suomen-elainsuojeluyhdistys\/yhteystiedot\/\" \/>\n<meta property=\"og:locale\" content=\"fi_FI\" \/>\n<meta property=\"og:type\" content=\"article\" \/>\n<meta property=\"og:title\" content=\"Yhteystiedot - Kaakkois-Suomen el\u00e4insuojeluyhdistys\" \/>\n<meta property=\"og:description\" content=\"Kaakkois-Suomen el\u00e4insuojeluyhdistys ry \/El\u00e4insuojelukeskus MiuIt\u00e4inen Kanavatie 6, 53420 Lappeenrantap. 050 553 6100 Yleinen palauteVoit j\u00e4tt\u00e4\u00e4 yleist\u00e4 palautetta osoitteessa t\u00e4\u00e4ll\u00e4:\u00a0PALAUTELOMAKE\u00a0Halutessasi voit j\u00e4tt\u00e4\u00e4 palautteen nimett\u00f6m\u00e4n\u00e4. Yhdistyksen yleinen s\u00e4hk\u00f6postikaakkoissuomensey@gmail.com(yleiset yhteydenotot, toimintaan liittyv\u00e4t kysymykset ym.) El\u00e4insuojelukeskus Miu (mm. tilavaraukset, uuden kodin tarvitsevat el\u00e4imet, lahjoituskyselyt)p. 050 553 6100kasey.elainsuojelukeskus@gmail.com www.elainsuojelukeskus.com Miun Kissahotellip. 050 553 6100miun.kissahotelli@gmail.comwww.kissahotelli.com El\u00e4insuojelukeskusvastaava&nbsp;Laura Kuivala (mm. el\u00e4insuojelukeskuksen toimintaan liittyv\u00e4t [&hellip;]\" \/>\n<meta property=\"og:url\" content=\"https:\/\/sey.fi\/kaakkois-suomi\/kaakkois-suomen-elainsuojeluyhdistys\/yhteystiedot\/\" \/>\n<meta property=\"og:site_name\" content=\"Kaakkois-Suomen el\u00e4insuojeluyhdistys\" \/>\n<meta property=\"article:modified_time\" content=\"2026-03-04T09:32:01+00:00\" \/>\n<meta name=\"twitter:card\" content=\"summary_large_image\" \/>\n<meta name=\"twitter:label1\" content=\"Arvioitu lukuaika\" \/>\n\t<meta name=\"twitter:data1\" content=\"2 minuuttia\" \/>\n<script type=\"application\/ld+json\" class=\"yoast-schema-graph\">{\"@context\":\"https:\/\/schema.org\",\"@graph\":[{\"@type\":\"WebPage\",\"@id\":\"https:\/\/sey.fi\/kaakkois-suomi\/kaakkois-suomen-elainsuojeluyhdistys\/yhteystiedot\/\",\"url\":\"https:\/\/sey.fi\/kaakkois-suomi\/kaakkois-suomen-elainsuojeluyhdistys\/yhteystiedot\/\",\"name\":\"Yhteystiedot - Kaakkois-Suomen el\u00e4insuojeluyhdistys\",\"isPartOf\":{\"@id\":\"https:\/\/sey.fi\/kaakkois-suomi\/#website\"},\"datePublished\":\"2019-11-01T14:33:37+00:00\",\"dateModified\":\"2026-03-04T09:32:01+00:00\",\"breadcrumb\":{\"@id\":\"https:\/\/sey.fi\/kaakkois-suomi\/kaakkois-suomen-elainsuojeluyhdistys\/yhteystiedot\/#breadcrumb\"},\"inLanguage\":\"fi\",\"potentialAction\":[{\"@type\":\"ReadAction\",\"target\":[\"https:\/\/sey.fi\/kaakkois-suomi\/kaakkois-suomen-elainsuojeluyhdistys\/yhteystiedot\/\"]}]},{\"@type\":\"BreadcrumbList\",\"@id\":\"https:\/\/sey.fi\/kaakkois-suomi\/kaakkois-suomen-elainsuojeluyhdistys\/yhteystiedot\/#breadcrumb\",\"itemListElement\":[{\"@type\":\"ListItem\",\"position\":1,\"name\":\"Home\",\"item\":\"https:\/\/sey.fi\/kaakkois-suomi\/\"},{\"@type\":\"ListItem\",\"position\":2,\"name\":\"Kaakkois-Suomen el\u00e4insuojeluyhdistys\",\"item\":\"https:\/\/sey.fi\/kaakkois-suomi\/\"},{\"@type\":\"ListItem\",\"position\":3,\"name\":\"Yhteystiedot\"}]},{\"@type\":\"WebSite\",\"@id\":\"https:\/\/sey.fi\/kaakkois-suomi\/#website\",\"url\":\"https:\/\/sey.fi\/kaakkois-suomi\/\",\"name\":\"Kaakkois-Suomen el\u00e4insuojeluyhdistys\",\"description\":\"Uusi SEY J\u00e4senyhdistykset -sivusto\",\"potentialAction\":[{\"@type\":\"SearchAction\",\"target\":{\"@type\":\"EntryPoint\",\"urlTemplate\":\"https:\/\/sey.fi\/kaakkois-suomi\/?s={search_term_string}\"},\"query-input\":{\"@type\":\"PropertyValueSpecification\",\"valueRequired\":true,\"valueName\":\"search_term_string\"}}],\"inLanguage\":\"fi\"}]}<\/script>\n<!-- \/ Yoast SEO plugin. -->","yoast_head_json":{"title":"Yhteystiedot - Kaakkois-Suomen el\u00e4insuojeluyhdistys","robots":{"index":"index","follow":"follow","max-snippet":"max-snippet:-1","max-image-preview":"max-image-preview:large","max-video-preview":"max-video-preview:-1"},"canonical":"https:\/\/sey.fi\/kaakkois-suomi\/kaakkois-suomen-elainsuojeluyhdistys\/yhteystiedot\/","og_locale":"fi_FI","og_type":"article","og_title":"Yhteystiedot - Kaakkois-Suomen el\u00e4insuojeluyhdistys","og_description":"Kaakkois-Suomen el\u00e4insuojeluyhdistys ry \/El\u00e4insuojelukeskus MiuIt\u00e4inen Kanavatie 6, 53420 Lappeenrantap. 050 553 6100 Yleinen palauteVoit j\u00e4tt\u00e4\u00e4 yleist\u00e4 palautetta osoitteessa t\u00e4\u00e4ll\u00e4:\u00a0PALAUTELOMAKE\u00a0Halutessasi voit j\u00e4tt\u00e4\u00e4 palautteen nimett\u00f6m\u00e4n\u00e4. Yhdistyksen yleinen s\u00e4hk\u00f6postikaakkoissuomensey@gmail.com(yleiset yhteydenotot, toimintaan liittyv\u00e4t kysymykset ym.) El\u00e4insuojelukeskus Miu (mm. tilavaraukset, uuden kodin tarvitsevat el\u00e4imet, lahjoituskyselyt)p. 050 553 6100kasey.elainsuojelukeskus@gmail.com www.elainsuojelukeskus.com Miun Kissahotellip. 050 553 6100miun.kissahotelli@gmail.comwww.kissahotelli.com El\u00e4insuojelukeskusvastaava&nbsp;Laura Kuivala (mm. el\u00e4insuojelukeskuksen toimintaan liittyv\u00e4t [&hellip;]","og_url":"https:\/\/sey.fi\/kaakkois-suomi\/kaakkois-suomen-elainsuojeluyhdistys\/yhteystiedot\/","og_site_name":"Kaakkois-Suomen el\u00e4insuojeluyhdistys","article_modified_time":"2026-03-04T09:32:01+00:00","twitter_card":"summary_large_image","twitter_misc":{"Arvioitu lukuaika":"2 minuuttia"},"schema":{"@context":"https:\/\/schema.org","@graph":[{"@type":"WebPage","@id":"https:\/\/sey.fi\/kaakkois-suomi\/kaakkois-suomen-elainsuojeluyhdistys\/yhteystiedot\/","url":"https:\/\/sey.fi\/kaakkois-suomi\/kaakkois-suomen-elainsuojeluyhdistys\/yhteystiedot\/","name":"Yhteystiedot - Kaakkois-Suomen el\u00e4insuojeluyhdistys","isPartOf":{"@id":"https:\/\/sey.fi\/kaakkois-suomi\/#website"},"datePublished":"2019-11-01T14:33:37+00:00","dateModified":"2026-03-04T09:32:01+00:00","breadcrumb":{"@id":"https:\/\/sey.fi\/kaakkois-suomi\/kaakkois-suomen-elainsuojeluyhdistys\/yhteystiedot\/#breadcrumb"},"inLanguage":"fi","potentialAction":[{"@type":"ReadAction","target":["https:\/\/sey.fi\/kaakkois-suomi\/kaakkois-suomen-elainsuojeluyhdistys\/yhteystiedot\/"]}]},{"@type":"BreadcrumbList","@id":"https:\/\/sey.fi\/kaakkois-suomi\/kaakkois-suomen-elainsuojeluyhdistys\/yhteystiedot\/#breadcrumb","itemListElement":[{"@type":"ListItem","position":1,"name":"Home","item":"https:\/\/sey.fi\/kaakkois-suomi\/"},{"@type":"ListItem","position":2,"name":"Kaakkois-Suomen el\u00e4insuojeluyhdistys","item":"https:\/\/sey.fi\/kaakkois-suomi\/"},{"@type":"ListItem","position":3,"name":"Yhteystiedot"}]},{"@type":"WebSite","@id":"https:\/\/sey.fi\/kaakkois-suomi\/#website","url":"https:\/\/sey.fi\/kaakkois-suomi\/","name":"Kaakkois-Suomen el\u00e4insuojeluyhdistys","description":"Uusi SEY J\u00e4senyhdistykset -sivusto","potentialAction":[{"@type":"SearchAction","target":{"@type":"EntryPoint","urlTemplate":"https:\/\/sey.fi\/kaakkois-suomi\/?s={search_term_string}"},"query-input":{"@type":"PropertyValueSpecification","valueRequired":true,"valueName":"search_term_string"}}],"inLanguage":"fi"}]}},"_links":{"self":[{"href":"https:\/\/sey.fi\/kaakkois-suomi\/wp-json\/wp\/v2\/pages\/271","targetHints":{"allow":["GET"]}}],"collection":[{"href":"https:\/\/sey.fi\/kaakkois-suomi\/wp-json\/wp\/v2\/pages"}],"about":[{"href":"https:\/\/sey.fi\/kaakkois-suomi\/wp-json\/wp\/v2\/types\/page"}],"author":[{"embeddable":true,"href":"https:\/\/sey.fi\/kaakkois-suomi\/wp-json\/wp\/v2\/users\/8"}],"replies":[{"embeddable":true,"href":"https:\/\/sey.fi\/kaakkois-suomi\/wp-json\/wp\/v2\/comments?post=271"}],"version-history":[{"count":40,"href":"https:\/\/sey.fi\/kaakkois-suomi\/wp-json\/wp\/v2\/pages\/271\/revisions"}],"predecessor-version":[{"id":5749,"href":"https:\/\/sey.fi\/kaakkois-suomi\/wp-json\/wp\/v2\/pages\/271\/revisions\/5749"}],"up":[{"embeddable":true,"href":"https:\/\/sey.fi\/kaakkois-suomi\/wp-json\/wp\/v2\/pages\/2"}],"wp:attachment":[{"href":"https:\/\/sey.fi\/kaakkois-suomi\/wp-json\/wp\/v2\/media?parent=271"}],"curies":[{"name":"wp","href":"https:\/\/api.w.org\/{rel}","templated":true}]}}