{"id":499,"date":"2020-01-29T20:02:16","date_gmt":"2020-01-29T18:02:16","guid":{"rendered":"http:\/\/srvr10.xetpoint.com\/~seyfi\/kaakkois-suomi\/?page_id=499"},"modified":"2026-04-01T13:56:48","modified_gmt":"2026-04-01T10:56:48","slug":"yhteistyokumppanit","status":"publish","type":"page","link":"https:\/\/sey.fi\/kaakkois-suomi\/yhteistyokumppanit\/","title":{"rendered":"Yhteisty\u00f6kumppanit"},"content":{"rendered":"\n<figure class=\"wp-block-image size-medium\"><img loading=\"lazy\" decoding=\"async\" width=\"300\" height=\"151\" src=\"https:\/\/sey.fi\/wp-content\/uploads\/sites\/18\/2024\/05\/loime_nettiin-300x151.jpg\" alt=\"\" class=\"wp-image-4237\" srcset=\"https:\/\/sey.fi\/wp-content\/uploads\/sites\/18\/2024\/05\/loime_nettiin-300x151.jpg 300w, https:\/\/sey.fi\/wp-content\/uploads\/sites\/18\/2024\/05\/loime_nettiin-320x160.jpg 320w, https:\/\/sey.fi\/wp-content\/uploads\/sites\/18\/2024\/05\/loime_nettiin.jpg 504w\" sizes=\"auto, (max-width: 300px) 100vw, 300px\" \/><\/figure>\n\n\n\n<figure class=\"wp-block-image size-thumbnail\"><img loading=\"lazy\" decoding=\"async\" width=\"150\" height=\"150\" src=\"https:\/\/sey.fi\/wp-content\/uploads\/sites\/18\/2024\/05\/akt_pysty_vari_png-1-150x150.png\" alt=\"\" class=\"wp-image-4239\" srcset=\"https:\/\/sey.fi\/wp-content\/uploads\/sites\/18\/2024\/05\/akt_pysty_vari_png-1-150x150.png 150w, https:\/\/sey.fi\/wp-content\/uploads\/sites\/18\/2024\/05\/akt_pysty_vari_png-1-160x160.png 160w\" sizes=\"auto, (max-width: 150px) 100vw, 150px\" \/><\/figure>\n\n\n\n<p class=\"has-medium-font-size\"><strong>Lappeenranta 062 ry<\/strong><\/p>\n\n\n\n<figure class=\"wp-block-image size-medium\"><img loading=\"lazy\" decoding=\"async\" width=\"300\" height=\"105\" src=\"https:\/\/sey.fi\/wp-content\/uploads\/sites\/18\/2024\/09\/Jarmo-Salmi-logo_3000px-300x105.jpg\" alt=\"\" class=\"wp-image-4504\" srcset=\"https:\/\/sey.fi\/wp-content\/uploads\/sites\/18\/2024\/09\/Jarmo-Salmi-logo_3000px-300x105.jpg 300w, https:\/\/sey.fi\/wp-content\/uploads\/sites\/18\/2024\/09\/Jarmo-Salmi-logo_3000px-1024x358.jpg 1024w, https:\/\/sey.fi\/wp-content\/uploads\/sites\/18\/2024\/09\/Jarmo-Salmi-logo_3000px-768x268.jpg 768w, https:\/\/sey.fi\/wp-content\/uploads\/sites\/18\/2024\/09\/Jarmo-Salmi-logo_3000px-1536x537.jpg 1536w, https:\/\/sey.fi\/wp-content\/uploads\/sites\/18\/2024\/09\/Jarmo-Salmi-logo_3000px-2048x715.jpg 2048w\" sizes=\"auto, (max-width: 300px) 100vw, 300px\" \/><\/figure>\n\n\n\n<p><strong><a href=\"https:\/\/www.lprkassa.fi\/\">Kassa- ja laskukonetarvike<\/a><\/strong><\/p>\n\n\n\n<p><a href=\"https:\/\/www.karjalanompelukone.fi\/\"><strong>Karjalan Kangas ja Ompelukone<\/strong><\/a><\/p>\n\n\n\n<p><strong>Muut el\u00e4insuojelukeskuksen toimintaa tukevat mesenaatit:<\/strong><\/p>\n\n\n\n<p>Asuntomesta Oy LKV<br>Jarpaali oy<br>Johannes Hallikas<br>Kaunis S\u00e4r\u00f6<br>Kissan Ilo Oy<br>Kiilusilm\u00e4<br>Maalaus Fuksia<br>Osteopatiaklinikka Kasvu<br>Oy Mercus Software Ltd<br>Rakennusty\u00f6 A . Liimatta<br>Toimi Vento Ky<br>Minna J\u00e4kkil\u00e4<br>Veli-Matti Rautiainen<br>Joonas Koivunen<br>Miia Kosonen<br>Mika Hukkanen<br>Anna Ikonen<br>Toni Nieminen<\/p>\n\n\n\n<p><strong>Mukana toiminnassa:<\/strong><\/p>\n\n\n\n<p>Ananimalab<br>Aporia<br>Arthouse<br>City apteekki<br>El\u00e4inhoitola Kopinsalmi<br>El\u00e4inpalvelu Kurki<br>Etel\u00e4-Kymenlaakson el\u00e4insuojeluyhdistys ry<br>Etel\u00e4-Saimaan Lehtitalo<br>El\u00e4inl\u00e4\u00e4k\u00e4riasema Villimys<br>Ideri<br>Imatran kaupunginkirjasto<br>Imatran Monikulttuurinen Toimintakeskus Kipin\u00e4<br>Joutsenon kirjasto<br>Kaskivaaran kodittomat el\u00e4imet ry<br>Katiedudrivers<br>K-Citymarket Imatra<br>K-Market Kannelkatu<br>K-Market Kourula<br>K-Market Mattila<br>K-Market Ratakatu<br>K-Market Tiril\u00e4<br>K-Supermarket Kristiina<br>K-Supermarket Pirana<br>K-Supermarket Rakuuna<br>K-Supermarket Sammonlahti<br>Kahvila Kuukan Kammari<br>Kahvila Majurska<br>Kaluste Poutanen Ky<br>Kampaamo Emmiina<br>Kampuskioski Aalef<br>Karjalan Kangas &amp; Ompelukone<br>Kaukaan apteekki<br>Kes\u00e4m\u00e4en leipomo<br>Koira- ja kissakoulu Heiluva H\u00e4nt\u00e4<br>Koitsan Pito ja Palvelu<br>Konditoria Kahvila Aleksandra<br>Koneurakointi Jan Mykk\u00e4nen<br>Lauritsalan kirjasto<br>Lehmus Roastery<br>Lemmikkitarvike Posi<br>Lidl Leiri<br>Lidl Mustola<br>Lillin moniapu<br>Loime el\u00e4inklinikka<br>L\u00f6yt\u00f6el\u00e4inkoti Kaskivaara<br>Maalaus ja Pintak\u00e4sittely Vartiainen<br>Mars Finland<br>M-Market Taipalsaari<br>Mainosteippaus Niinim\u00e4ki Ky<br>MediaGroup<br>Musti ja Mirri Imatra<br>Musti ja Mirri Leiri<br>Musti ja Mirri Harapainen<br>PrimaPet<br>Prisma Lappee<br>Purina<br>S-Market Joutseno<br>S-Market Savitaipale<br>S-Market Taipalsaari<br>Sammonlahden apteekki<br>Sammonlahden kirjasto<br>Savitaipaleen Torikahvila<br>SEY Suomen El\u00e4insuojelu<br>Synonymic Oy<br>Taksi Toni Haakana<br>Tassutarha<br>Tavaratalo Mainio<br>Trimpet<br>ToimiVento Ky<br>Vilma\u2019s Second Hand \u2013 kirpputori<\/p>\n\n\n\n<hr class=\"wp-block-separator has-alpha-channel-opacity\" \/>\n\n\n\n<p>Huom! Otathan meihin yhteytt\u00e4, mik\u00e4li huomaat listassa puutteita!<\/p>\n\n\n\n<p><strong>Kiinnostaako yhteisty\u00f6 el\u00e4insuojeluyhdistyksen kanssa?<\/strong><\/p>\n\n\n\n<p>Etsimme yhdistykselle yrityssponsoreita. Sponsoripaketteja on eri suuruisia, joten tukijaksi voi l\u00e4hte\u00e4 niin isot kuin pienemm\u00e4tkin yritykset. Kysy lis\u00e4\u00e4 osoitteesta <strong><a href=\"mailto:kaakkoissuomensey@gmail.com\">kaakkoissuomensey(at)gmail.com<\/a><\/strong> tai p. 050 555 1186.<\/p>\n","protected":false},"excerpt":{"rendered":"<p>Lappeenranta 062 ry Kassa- ja laskukonetarvike Karjalan Kangas ja Ompelukone Muut el\u00e4insuojelukeskuksen toimintaa tukevat mesenaatit: Asuntomesta Oy LKVJarpaali oyJohannes HallikasKaunis S\u00e4r\u00f6Kissan Ilo OyKiilusilm\u00e4Maalaus FuksiaOsteopatiaklinikka KasvuOy Mercus Software LtdRakennusty\u00f6 A . LiimattaToimi Vento KyMinna J\u00e4kkil\u00e4Veli-Matti RautiainenJoonas KoivunenMiia KosonenMika HukkanenAnna IkonenToni Nieminen Mukana toiminnassa: AnanimalabAporiaArthouseCity apteekkiEl\u00e4inhoitola KopinsalmiEl\u00e4inpalvelu KurkiEtel\u00e4-Kymenlaakson el\u00e4insuojeluyhdistys ryEtel\u00e4-Saimaan LehtitaloEl\u00e4inl\u00e4\u00e4k\u00e4riasema VillimysIderiImatran kaupunginkirjastoImatran Monikulttuurinen Toimintakeskus Kipin\u00e4Joutsenon kirjastoKaskivaaran [&hellip;]<\/p>\n","protected":false},"author":9,"featured_media":0,"parent":0,"menu_order":0,"comment_status":"closed","ping_status":"closed","template":"","meta":{"_acf_changed":false,"footnotes":""},"class_list":["post-499","page","type-page","status-publish","hentry"],"acf":[],"yoast_head":"<!-- This site is optimized with the Yoast SEO plugin v27.1.1 - https:\/\/yoast.com\/product\/yoast-seo-wordpress\/ -->\n<title>Yhteisty\u00f6kumppanit - Kaakkois-Suomen el\u00e4insuojeluyhdistys<\/title>\n<meta name=\"robots\" content=\"index, follow, max-snippet:-1, max-image-preview:large, max-video-preview:-1\" \/>\n<link rel=\"canonical\" href=\"https:\/\/sey.fi\/kaakkois-suomi\/yhteistyokumppanit\/\" \/>\n<meta property=\"og:locale\" content=\"fi_FI\" \/>\n<meta property=\"og:type\" content=\"article\" \/>\n<meta property=\"og:title\" content=\"Yhteisty\u00f6kumppanit - Kaakkois-Suomen el\u00e4insuojeluyhdistys\" \/>\n<meta property=\"og:description\" content=\"Lappeenranta 062 ry Kassa- ja laskukonetarvike Karjalan Kangas ja Ompelukone Muut el\u00e4insuojelukeskuksen toimintaa tukevat mesenaatit: Asuntomesta Oy LKVJarpaali oyJohannes HallikasKaunis S\u00e4r\u00f6Kissan Ilo OyKiilusilm\u00e4Maalaus FuksiaOsteopatiaklinikka KasvuOy Mercus Software LtdRakennusty\u00f6 A . LiimattaToimi Vento KyMinna J\u00e4kkil\u00e4Veli-Matti RautiainenJoonas KoivunenMiia KosonenMika HukkanenAnna IkonenToni Nieminen Mukana toiminnassa: AnanimalabAporiaArthouseCity apteekkiEl\u00e4inhoitola KopinsalmiEl\u00e4inpalvelu KurkiEtel\u00e4-Kymenlaakson el\u00e4insuojeluyhdistys ryEtel\u00e4-Saimaan LehtitaloEl\u00e4inl\u00e4\u00e4k\u00e4riasema VillimysIderiImatran kaupunginkirjastoImatran Monikulttuurinen Toimintakeskus Kipin\u00e4Joutsenon kirjastoKaskivaaran [&hellip;]\" \/>\n<meta property=\"og:url\" content=\"https:\/\/sey.fi\/kaakkois-suomi\/yhteistyokumppanit\/\" \/>\n<meta property=\"og:site_name\" content=\"Kaakkois-Suomen el\u00e4insuojeluyhdistys\" \/>\n<meta property=\"article:modified_time\" content=\"2026-04-01T10:56:48+00:00\" \/>\n<meta property=\"og:image\" content=\"https:\/\/sey.fi\/wp-content\/uploads\/sites\/18\/2024\/05\/loime_nettiin.jpg\" \/>\n\t<meta property=\"og:image:width\" content=\"504\" \/>\n\t<meta property=\"og:image:height\" content=\"254\" \/>\n\t<meta property=\"og:image:type\" content=\"image\/jpeg\" \/>\n<meta name=\"twitter:card\" content=\"summary_large_image\" \/>\n<meta name=\"twitter:label1\" content=\"Arvioitu lukuaika\" \/>\n\t<meta name=\"twitter:data1\" content=\"3 minuuttia\" \/>\n<script type=\"application\/ld+json\" class=\"yoast-schema-graph\">{\"@context\":\"https:\/\/schema.org\",\"@graph\":[{\"@type\":\"WebPage\",\"@id\":\"https:\/\/sey.fi\/kaakkois-suomi\/yhteistyokumppanit\/\",\"url\":\"https:\/\/sey.fi\/kaakkois-suomi\/yhteistyokumppanit\/\",\"name\":\"Yhteisty\u00f6kumppanit - Kaakkois-Suomen el\u00e4insuojeluyhdistys\",\"isPartOf\":{\"@id\":\"https:\/\/sey.fi\/kaakkois-suomi\/#website\"},\"primaryImageOfPage\":{\"@id\":\"https:\/\/sey.fi\/kaakkois-suomi\/yhteistyokumppanit\/#primaryimage\"},\"image\":{\"@id\":\"https:\/\/sey.fi\/kaakkois-suomi\/yhteistyokumppanit\/#primaryimage\"},\"thumbnailUrl\":\"https:\/\/sey.fi\/wp-content\/uploads\/sites\/18\/2024\/05\/loime_nettiin-300x151.jpg\",\"datePublished\":\"2020-01-29T18:02:16+00:00\",\"dateModified\":\"2026-04-01T10:56:48+00:00\",\"breadcrumb\":{\"@id\":\"https:\/\/sey.fi\/kaakkois-suomi\/yhteistyokumppanit\/#breadcrumb\"},\"inLanguage\":\"fi\",\"potentialAction\":[{\"@type\":\"ReadAction\",\"target\":[\"https:\/\/sey.fi\/kaakkois-suomi\/yhteistyokumppanit\/\"]}]},{\"@type\":\"ImageObject\",\"inLanguage\":\"fi\",\"@id\":\"https:\/\/sey.fi\/kaakkois-suomi\/yhteistyokumppanit\/#primaryimage\",\"url\":\"https:\/\/sey.fi\/wp-content\/uploads\/sites\/18\/2024\/05\/loime_nettiin-300x151.jpg\",\"contentUrl\":\"https:\/\/sey.fi\/wp-content\/uploads\/sites\/18\/2024\/05\/loime_nettiin-300x151.jpg\"},{\"@type\":\"BreadcrumbList\",\"@id\":\"https:\/\/sey.fi\/kaakkois-suomi\/yhteistyokumppanit\/#breadcrumb\",\"itemListElement\":[{\"@type\":\"ListItem\",\"position\":1,\"name\":\"Home\",\"item\":\"https:\/\/sey.fi\/kaakkois-suomi\/\"},{\"@type\":\"ListItem\",\"position\":2,\"name\":\"Yhteisty\u00f6kumppanit\"}]},{\"@type\":\"WebSite\",\"@id\":\"https:\/\/sey.fi\/kaakkois-suomi\/#website\",\"url\":\"https:\/\/sey.fi\/kaakkois-suomi\/\",\"name\":\"Kaakkois-Suomen el\u00e4insuojeluyhdistys\",\"description\":\"Uusi SEY J\u00e4senyhdistykset -sivusto\",\"potentialAction\":[{\"@type\":\"SearchAction\",\"target\":{\"@type\":\"EntryPoint\",\"urlTemplate\":\"https:\/\/sey.fi\/kaakkois-suomi\/?s={search_term_string}\"},\"query-input\":{\"@type\":\"PropertyValueSpecification\",\"valueRequired\":true,\"valueName\":\"search_term_string\"}}],\"inLanguage\":\"fi\"}]}<\/script>\n<!-- \/ Yoast SEO plugin. -->","yoast_head_json":{"title":"Yhteisty\u00f6kumppanit - Kaakkois-Suomen el\u00e4insuojeluyhdistys","robots":{"index":"index","follow":"follow","max-snippet":"max-snippet:-1","max-image-preview":"max-image-preview:large","max-video-preview":"max-video-preview:-1"},"canonical":"https:\/\/sey.fi\/kaakkois-suomi\/yhteistyokumppanit\/","og_locale":"fi_FI","og_type":"article","og_title":"Yhteisty\u00f6kumppanit - Kaakkois-Suomen el\u00e4insuojeluyhdistys","og_description":"Lappeenranta 062 ry Kassa- ja laskukonetarvike Karjalan Kangas ja Ompelukone Muut el\u00e4insuojelukeskuksen toimintaa tukevat mesenaatit: Asuntomesta Oy LKVJarpaali oyJohannes HallikasKaunis S\u00e4r\u00f6Kissan Ilo OyKiilusilm\u00e4Maalaus FuksiaOsteopatiaklinikka KasvuOy Mercus Software LtdRakennusty\u00f6 A . LiimattaToimi Vento KyMinna J\u00e4kkil\u00e4Veli-Matti RautiainenJoonas KoivunenMiia KosonenMika HukkanenAnna IkonenToni Nieminen Mukana toiminnassa: AnanimalabAporiaArthouseCity apteekkiEl\u00e4inhoitola KopinsalmiEl\u00e4inpalvelu KurkiEtel\u00e4-Kymenlaakson el\u00e4insuojeluyhdistys ryEtel\u00e4-Saimaan LehtitaloEl\u00e4inl\u00e4\u00e4k\u00e4riasema VillimysIderiImatran kaupunginkirjastoImatran Monikulttuurinen Toimintakeskus Kipin\u00e4Joutsenon kirjastoKaskivaaran [&hellip;]","og_url":"https:\/\/sey.fi\/kaakkois-suomi\/yhteistyokumppanit\/","og_site_name":"Kaakkois-Suomen el\u00e4insuojeluyhdistys","article_modified_time":"2026-04-01T10:56:48+00:00","og_image":[{"width":504,"height":254,"url":"https:\/\/sey.fi\/wp-content\/uploads\/sites\/18\/2024\/05\/loime_nettiin.jpg","type":"image\/jpeg"}],"twitter_card":"summary_large_image","twitter_misc":{"Arvioitu lukuaika":"3 minuuttia"},"schema":{"@context":"https:\/\/schema.org","@graph":[{"@type":"WebPage","@id":"https:\/\/sey.fi\/kaakkois-suomi\/yhteistyokumppanit\/","url":"https:\/\/sey.fi\/kaakkois-suomi\/yhteistyokumppanit\/","name":"Yhteisty\u00f6kumppanit - Kaakkois-Suomen el\u00e4insuojeluyhdistys","isPartOf":{"@id":"https:\/\/sey.fi\/kaakkois-suomi\/#website"},"primaryImageOfPage":{"@id":"https:\/\/sey.fi\/kaakkois-suomi\/yhteistyokumppanit\/#primaryimage"},"image":{"@id":"https:\/\/sey.fi\/kaakkois-suomi\/yhteistyokumppanit\/#primaryimage"},"thumbnailUrl":"https:\/\/sey.fi\/wp-content\/uploads\/sites\/18\/2024\/05\/loime_nettiin-300x151.jpg","datePublished":"2020-01-29T18:02:16+00:00","dateModified":"2026-04-01T10:56:48+00:00","breadcrumb":{"@id":"https:\/\/sey.fi\/kaakkois-suomi\/yhteistyokumppanit\/#breadcrumb"},"inLanguage":"fi","potentialAction":[{"@type":"ReadAction","target":["https:\/\/sey.fi\/kaakkois-suomi\/yhteistyokumppanit\/"]}]},{"@type":"ImageObject","inLanguage":"fi","@id":"https:\/\/sey.fi\/kaakkois-suomi\/yhteistyokumppanit\/#primaryimage","url":"https:\/\/sey.fi\/wp-content\/uploads\/sites\/18\/2024\/05\/loime_nettiin-300x151.jpg","contentUrl":"https:\/\/sey.fi\/wp-content\/uploads\/sites\/18\/2024\/05\/loime_nettiin-300x151.jpg"},{"@type":"BreadcrumbList","@id":"https:\/\/sey.fi\/kaakkois-suomi\/yhteistyokumppanit\/#breadcrumb","itemListElement":[{"@type":"ListItem","position":1,"name":"Home","item":"https:\/\/sey.fi\/kaakkois-suomi\/"},{"@type":"ListItem","position":2,"name":"Yhteisty\u00f6kumppanit"}]},{"@type":"WebSite","@id":"https:\/\/sey.fi\/kaakkois-suomi\/#website","url":"https:\/\/sey.fi\/kaakkois-suomi\/","name":"Kaakkois-Suomen el\u00e4insuojeluyhdistys","description":"Uusi SEY J\u00e4senyhdistykset -sivusto","potentialAction":[{"@type":"SearchAction","target":{"@type":"EntryPoint","urlTemplate":"https:\/\/sey.fi\/kaakkois-suomi\/?s={search_term_string}"},"query-input":{"@type":"PropertyValueSpecification","valueRequired":true,"valueName":"search_term_string"}}],"inLanguage":"fi"}]}},"_links":{"self":[{"href":"https:\/\/sey.fi\/kaakkois-suomi\/wp-json\/wp\/v2\/pages\/499","targetHints":{"allow":["GET"]}}],"collection":[{"href":"https:\/\/sey.fi\/kaakkois-suomi\/wp-json\/wp\/v2\/pages"}],"about":[{"href":"https:\/\/sey.fi\/kaakkois-suomi\/wp-json\/wp\/v2\/types\/page"}],"author":[{"embeddable":true,"href":"https:\/\/sey.fi\/kaakkois-suomi\/wp-json\/wp\/v2\/users\/9"}],"replies":[{"embeddable":true,"href":"https:\/\/sey.fi\/kaakkois-suomi\/wp-json\/wp\/v2\/comments?post=499"}],"version-history":[{"count":52,"href":"https:\/\/sey.fi\/kaakkois-suomi\/wp-json\/wp\/v2\/pages\/499\/revisions"}],"predecessor-version":[{"id":5775,"href":"https:\/\/sey.fi\/kaakkois-suomi\/wp-json\/wp\/v2\/pages\/499\/revisions\/5775"}],"wp:attachment":[{"href":"https:\/\/sey.fi\/kaakkois-suomi\/wp-json\/wp\/v2\/media?parent=499"}],"curies":[{"name":"wp","href":"https:\/\/api.w.org\/{rel}","templated":true}]}}