{"id":647,"date":"2020-02-06T15:11:52","date_gmt":"2020-02-06T13:11:52","guid":{"rendered":"https:\/\/sey.fi\/kaakkois-suomi\/?page_id=647"},"modified":"2024-11-28T10:09:12","modified_gmt":"2024-11-28T08:09:12","slug":"ryhdy-kuukausilahjoittajaksi","status":"publish","type":"page","link":"https:\/\/sey.fi\/kaakkois-suomi\/ryhdy-kuukausilahjoittajaksi\/","title":{"rendered":"Ryhdy kuukausilahjoittajaksi!"},"content":{"rendered":"\n<p>Tulisitko kuukausilahjoittajaksi? Tukisitko ty\u00f6t\u00e4mme vaikkapa kympill\u00e4 kuussa?<\/p>\n\n\n\n<p>Ty\u00f6t\u00e4mme tarvitaan kipe\u00e4sti. El\u00e4insuojelukeskus Miu on t\u00e4rke\u00e4 toimintapisteemme ja olemme pystyneet jatkamaan vastaavan ty\u00f6suhdetta. Lis\u00e4ksi meill\u00e4 on innokas vapaaehtoisten joukko, joiden avulla py\u00f6ritet\u00e4\u00e4n useimmat yhdistyksen toimintaan liittyvist\u00e4 teht\u00e4vist\u00e4. T\u00e4m\u00e4n kaiken hyv\u00e4n yll\u00e4pit\u00e4miseen, kiinteisiin kuluihin ja el\u00e4insuojeluty\u00f6n kehitt\u00e4miseen tarvitsemme varoja. S\u00e4\u00e4nn\u00f6llinen kuukausilahjoittaminen antaa ty\u00f6llemme talouden kivijalan ja auttaa suunnittelemaan ty\u00f6t\u00e4 pitk\u00e4kestoisesti.<\/p>\n\n\n\n<p>Jos haluat meilt\u00e4 ty\u00f6n kuulumisia nelj\u00e4 kertaa vuodessa s\u00e4hk\u00f6postiisi, k\u00e4y t\u00e4ytt\u00e4m\u00e4ss\u00e4 t\u00e4m\u00e4 <strong><a href=\"https:\/\/docs.google.com\/forms\/d\/e\/1FAIpQLSdvCd-QBxAYcWO19dk_WniMan04Ay8JDNPK0p5ABqGLB_EjlA\/viewform?fbclid=IwAR14vDEfVqorloYQWaji2Jg6AQdASyvqZhTGribMPFua9588s9mlt6QNzOM\">lomake<\/a><\/strong>. Kuukausilahjoittajaksi saa yht\u00e4lailla ryhty\u00e4 ilman tietojen ilmoittamista.<\/p>\n\n\n\n<p>Valitse sinulle paras maksutapa! Muista maksaa kuukausittain.<\/p>\n\n\n\n<p><strong>Maksut tilille:<\/strong><\/p>\n\n\n\n<p>FI14 5620 0920 0047 01 \/ Kaakkois-Suomen el\u00e4insuojeluyhdistys<br>Viitenumero kk-lahjoituksille: 4585<\/p>\n\n\n\n<p><strong>Maksut MobilePaylla:<\/strong><\/p>\n\n\n\n<p>Yhdistyksen lyhytnumero on 81174.<\/p>\n\n\n\n<ol class=\"wp-block-list\">\n<li>Lataa sovellus ja rekister\u00f6idy.<\/li>\n\n\n\n<li>Valitse l\u00e4hetett\u00e4v\u00e4 summa ja sy\u00f6t\u00e4 saajaksi yhdistyksen lyhytnumero.<\/li>\n\n\n\n<li>Kirjoita &#8221;Lis\u00e4\u00e4 kommentti&#8221;-kentt\u00e4\u00e4n KUUKAUSILAHJOITUS.<\/li>\n\n\n\n<li>Hyv\u00e4ksy valitsemalla &#8221;L\u00e4het\u00e4 rahaa&#8221;.<\/li>\n<\/ol>\n\n\n\n<p><strong>Kiitos, kun autat meit\u00e4 auttamaan!&nbsp;<\/strong>\u2764\ufe0f<\/p>\n\n\n\n<p>Kaakkois-Suomen el\u00e4insuojeluyhdistys ry:ll\u00e4 on Poliisihallituksen 30.6.2020 my\u00f6nt\u00e4m\u00e4 rahanker\u00e4yslupa, numero RA\/2020\/800. Lupa on voimassa toistaiseksi 1.9.2020 alkaen. <\/p>\n\n\n<div class=\"wp-block-image\">\n<figure class=\"aligncenter size-full is-resized\"><img loading=\"lazy\" decoding=\"async\" width=\"1920\" height=\"2560\" src=\"https:\/\/sey.fi\/wp-content\/uploads\/sites\/18\/2024\/09\/Mauri-scaled.jpg\" alt=\"\" class=\"wp-image-4507\" style=\"width:400px\" srcset=\"https:\/\/sey.fi\/wp-content\/uploads\/sites\/18\/2024\/09\/Mauri-scaled.jpg 1920w, https:\/\/sey.fi\/wp-content\/uploads\/sites\/18\/2024\/09\/Mauri-225x300.jpg 225w, https:\/\/sey.fi\/wp-content\/uploads\/sites\/18\/2024\/09\/Mauri-768x1024.jpg 768w, https:\/\/sey.fi\/wp-content\/uploads\/sites\/18\/2024\/09\/Mauri-1152x1536.jpg 1152w, https:\/\/sey.fi\/wp-content\/uploads\/sites\/18\/2024\/09\/Mauri-1536x2048.jpg 1536w\" sizes=\"auto, (max-width: 1920px) 100vw, 1920px\" \/><\/figure><\/div>\n\n\n<p><\/p>\n","protected":false},"excerpt":{"rendered":"<p>Tulisitko kuukausilahjoittajaksi? Tukisitko ty\u00f6t\u00e4mme vaikkapa kympill\u00e4 kuussa? Ty\u00f6t\u00e4mme tarvitaan kipe\u00e4sti. El\u00e4insuojelukeskus Miu on t\u00e4rke\u00e4 toimintapisteemme ja olemme pystyneet jatkamaan vastaavan ty\u00f6suhdetta. Lis\u00e4ksi meill\u00e4 on innokas vapaaehtoisten joukko, joiden avulla py\u00f6ritet\u00e4\u00e4n useimmat yhdistyksen toimintaan liittyvist\u00e4 teht\u00e4vist\u00e4. T\u00e4m\u00e4n kaiken hyv\u00e4n yll\u00e4pit\u00e4miseen, kiinteisiin kuluihin ja el\u00e4insuojeluty\u00f6n kehitt\u00e4miseen tarvitsemme varoja. S\u00e4\u00e4nn\u00f6llinen kuukausilahjoittaminen antaa ty\u00f6llemme talouden kivijalan ja auttaa suunnittelemaan [&hellip;]<\/p>\n","protected":false},"author":9,"featured_media":0,"parent":0,"menu_order":0,"comment_status":"closed","ping_status":"closed","template":"","meta":{"_acf_changed":false,"footnotes":""},"class_list":["post-647","page","type-page","status-publish","hentry"],"acf":[],"yoast_head":"<!-- This site is optimized with the Yoast SEO plugin v27.1.1 - https:\/\/yoast.com\/product\/yoast-seo-wordpress\/ -->\n<title>Ryhdy kuukausilahjoittajaksi! - Kaakkois-Suomen el\u00e4insuojeluyhdistys<\/title>\n<meta name=\"robots\" content=\"index, follow, max-snippet:-1, max-image-preview:large, max-video-preview:-1\" \/>\n<link rel=\"canonical\" href=\"https:\/\/sey.fi\/kaakkois-suomi\/ryhdy-kuukausilahjoittajaksi\/\" \/>\n<meta property=\"og:locale\" content=\"fi_FI\" \/>\n<meta property=\"og:type\" content=\"article\" \/>\n<meta property=\"og:title\" content=\"Ryhdy kuukausilahjoittajaksi! - Kaakkois-Suomen el\u00e4insuojeluyhdistys\" \/>\n<meta property=\"og:description\" content=\"Tulisitko kuukausilahjoittajaksi? Tukisitko ty\u00f6t\u00e4mme vaikkapa kympill\u00e4 kuussa? Ty\u00f6t\u00e4mme tarvitaan kipe\u00e4sti. El\u00e4insuojelukeskus Miu on t\u00e4rke\u00e4 toimintapisteemme ja olemme pystyneet jatkamaan vastaavan ty\u00f6suhdetta. Lis\u00e4ksi meill\u00e4 on innokas vapaaehtoisten joukko, joiden avulla py\u00f6ritet\u00e4\u00e4n useimmat yhdistyksen toimintaan liittyvist\u00e4 teht\u00e4vist\u00e4. T\u00e4m\u00e4n kaiken hyv\u00e4n yll\u00e4pit\u00e4miseen, kiinteisiin kuluihin ja el\u00e4insuojeluty\u00f6n kehitt\u00e4miseen tarvitsemme varoja. S\u00e4\u00e4nn\u00f6llinen kuukausilahjoittaminen antaa ty\u00f6llemme talouden kivijalan ja auttaa suunnittelemaan [&hellip;]\" \/>\n<meta property=\"og:url\" content=\"https:\/\/sey.fi\/kaakkois-suomi\/ryhdy-kuukausilahjoittajaksi\/\" \/>\n<meta property=\"og:site_name\" content=\"Kaakkois-Suomen el\u00e4insuojeluyhdistys\" \/>\n<meta property=\"article:modified_time\" content=\"2024-11-28T08:09:12+00:00\" \/>\n<meta property=\"og:image\" content=\"https:\/\/sey.fi\/wp-content\/uploads\/sites\/18\/2024\/09\/Mauri-scaled.jpg\" \/>\n\t<meta property=\"og:image:width\" content=\"1920\" \/>\n\t<meta property=\"og:image:height\" content=\"2560\" \/>\n\t<meta property=\"og:image:type\" content=\"image\/jpeg\" \/>\n<meta name=\"twitter:card\" content=\"summary_large_image\" \/>\n<meta name=\"twitter:label1\" content=\"Arvioitu lukuaika\" \/>\n\t<meta name=\"twitter:data1\" content=\"2 minuuttia\" \/>\n<script type=\"application\/ld+json\" class=\"yoast-schema-graph\">{\"@context\":\"https:\/\/schema.org\",\"@graph\":[{\"@type\":\"WebPage\",\"@id\":\"https:\/\/sey.fi\/kaakkois-suomi\/ryhdy-kuukausilahjoittajaksi\/\",\"url\":\"https:\/\/sey.fi\/kaakkois-suomi\/ryhdy-kuukausilahjoittajaksi\/\",\"name\":\"Ryhdy kuukausilahjoittajaksi! - Kaakkois-Suomen el\u00e4insuojeluyhdistys\",\"isPartOf\":{\"@id\":\"https:\/\/sey.fi\/kaakkois-suomi\/#website\"},\"primaryImageOfPage\":{\"@id\":\"https:\/\/sey.fi\/kaakkois-suomi\/ryhdy-kuukausilahjoittajaksi\/#primaryimage\"},\"image\":{\"@id\":\"https:\/\/sey.fi\/kaakkois-suomi\/ryhdy-kuukausilahjoittajaksi\/#primaryimage\"},\"thumbnailUrl\":\"https:\/\/sey.fi\/wp-content\/uploads\/sites\/18\/2024\/09\/Mauri-scaled.jpg\",\"datePublished\":\"2020-02-06T13:11:52+00:00\",\"dateModified\":\"2024-11-28T08:09:12+00:00\",\"breadcrumb\":{\"@id\":\"https:\/\/sey.fi\/kaakkois-suomi\/ryhdy-kuukausilahjoittajaksi\/#breadcrumb\"},\"inLanguage\":\"fi\",\"potentialAction\":[{\"@type\":\"ReadAction\",\"target\":[\"https:\/\/sey.fi\/kaakkois-suomi\/ryhdy-kuukausilahjoittajaksi\/\"]}]},{\"@type\":\"ImageObject\",\"inLanguage\":\"fi\",\"@id\":\"https:\/\/sey.fi\/kaakkois-suomi\/ryhdy-kuukausilahjoittajaksi\/#primaryimage\",\"url\":\"https:\/\/sey.fi\/wp-content\/uploads\/sites\/18\/2024\/09\/Mauri-scaled.jpg\",\"contentUrl\":\"https:\/\/sey.fi\/wp-content\/uploads\/sites\/18\/2024\/09\/Mauri-scaled.jpg\"},{\"@type\":\"BreadcrumbList\",\"@id\":\"https:\/\/sey.fi\/kaakkois-suomi\/ryhdy-kuukausilahjoittajaksi\/#breadcrumb\",\"itemListElement\":[{\"@type\":\"ListItem\",\"position\":1,\"name\":\"Home\",\"item\":\"https:\/\/sey.fi\/kaakkois-suomi\/\"},{\"@type\":\"ListItem\",\"position\":2,\"name\":\"Ryhdy kuukausilahjoittajaksi!\"}]},{\"@type\":\"WebSite\",\"@id\":\"https:\/\/sey.fi\/kaakkois-suomi\/#website\",\"url\":\"https:\/\/sey.fi\/kaakkois-suomi\/\",\"name\":\"Kaakkois-Suomen el\u00e4insuojeluyhdistys\",\"description\":\"Uusi SEY J\u00e4senyhdistykset -sivusto\",\"potentialAction\":[{\"@type\":\"SearchAction\",\"target\":{\"@type\":\"EntryPoint\",\"urlTemplate\":\"https:\/\/sey.fi\/kaakkois-suomi\/?s={search_term_string}\"},\"query-input\":{\"@type\":\"PropertyValueSpecification\",\"valueRequired\":true,\"valueName\":\"search_term_string\"}}],\"inLanguage\":\"fi\"}]}<\/script>\n<!-- \/ Yoast SEO plugin. -->","yoast_head_json":{"title":"Ryhdy kuukausilahjoittajaksi! - Kaakkois-Suomen el\u00e4insuojeluyhdistys","robots":{"index":"index","follow":"follow","max-snippet":"max-snippet:-1","max-image-preview":"max-image-preview:large","max-video-preview":"max-video-preview:-1"},"canonical":"https:\/\/sey.fi\/kaakkois-suomi\/ryhdy-kuukausilahjoittajaksi\/","og_locale":"fi_FI","og_type":"article","og_title":"Ryhdy kuukausilahjoittajaksi! - Kaakkois-Suomen el\u00e4insuojeluyhdistys","og_description":"Tulisitko kuukausilahjoittajaksi? Tukisitko ty\u00f6t\u00e4mme vaikkapa kympill\u00e4 kuussa? Ty\u00f6t\u00e4mme tarvitaan kipe\u00e4sti. El\u00e4insuojelukeskus Miu on t\u00e4rke\u00e4 toimintapisteemme ja olemme pystyneet jatkamaan vastaavan ty\u00f6suhdetta. Lis\u00e4ksi meill\u00e4 on innokas vapaaehtoisten joukko, joiden avulla py\u00f6ritet\u00e4\u00e4n useimmat yhdistyksen toimintaan liittyvist\u00e4 teht\u00e4vist\u00e4. T\u00e4m\u00e4n kaiken hyv\u00e4n yll\u00e4pit\u00e4miseen, kiinteisiin kuluihin ja el\u00e4insuojeluty\u00f6n kehitt\u00e4miseen tarvitsemme varoja. S\u00e4\u00e4nn\u00f6llinen kuukausilahjoittaminen antaa ty\u00f6llemme talouden kivijalan ja auttaa suunnittelemaan [&hellip;]","og_url":"https:\/\/sey.fi\/kaakkois-suomi\/ryhdy-kuukausilahjoittajaksi\/","og_site_name":"Kaakkois-Suomen el\u00e4insuojeluyhdistys","article_modified_time":"2024-11-28T08:09:12+00:00","og_image":[{"width":1920,"height":2560,"url":"https:\/\/sey.fi\/wp-content\/uploads\/sites\/18\/2024\/09\/Mauri-scaled.jpg","type":"image\/jpeg"}],"twitter_card":"summary_large_image","twitter_misc":{"Arvioitu lukuaika":"2 minuuttia"},"schema":{"@context":"https:\/\/schema.org","@graph":[{"@type":"WebPage","@id":"https:\/\/sey.fi\/kaakkois-suomi\/ryhdy-kuukausilahjoittajaksi\/","url":"https:\/\/sey.fi\/kaakkois-suomi\/ryhdy-kuukausilahjoittajaksi\/","name":"Ryhdy kuukausilahjoittajaksi! - Kaakkois-Suomen el\u00e4insuojeluyhdistys","isPartOf":{"@id":"https:\/\/sey.fi\/kaakkois-suomi\/#website"},"primaryImageOfPage":{"@id":"https:\/\/sey.fi\/kaakkois-suomi\/ryhdy-kuukausilahjoittajaksi\/#primaryimage"},"image":{"@id":"https:\/\/sey.fi\/kaakkois-suomi\/ryhdy-kuukausilahjoittajaksi\/#primaryimage"},"thumbnailUrl":"https:\/\/sey.fi\/wp-content\/uploads\/sites\/18\/2024\/09\/Mauri-scaled.jpg","datePublished":"2020-02-06T13:11:52+00:00","dateModified":"2024-11-28T08:09:12+00:00","breadcrumb":{"@id":"https:\/\/sey.fi\/kaakkois-suomi\/ryhdy-kuukausilahjoittajaksi\/#breadcrumb"},"inLanguage":"fi","potentialAction":[{"@type":"ReadAction","target":["https:\/\/sey.fi\/kaakkois-suomi\/ryhdy-kuukausilahjoittajaksi\/"]}]},{"@type":"ImageObject","inLanguage":"fi","@id":"https:\/\/sey.fi\/kaakkois-suomi\/ryhdy-kuukausilahjoittajaksi\/#primaryimage","url":"https:\/\/sey.fi\/wp-content\/uploads\/sites\/18\/2024\/09\/Mauri-scaled.jpg","contentUrl":"https:\/\/sey.fi\/wp-content\/uploads\/sites\/18\/2024\/09\/Mauri-scaled.jpg"},{"@type":"BreadcrumbList","@id":"https:\/\/sey.fi\/kaakkois-suomi\/ryhdy-kuukausilahjoittajaksi\/#breadcrumb","itemListElement":[{"@type":"ListItem","position":1,"name":"Home","item":"https:\/\/sey.fi\/kaakkois-suomi\/"},{"@type":"ListItem","position":2,"name":"Ryhdy kuukausilahjoittajaksi!"}]},{"@type":"WebSite","@id":"https:\/\/sey.fi\/kaakkois-suomi\/#website","url":"https:\/\/sey.fi\/kaakkois-suomi\/","name":"Kaakkois-Suomen el\u00e4insuojeluyhdistys","description":"Uusi SEY J\u00e4senyhdistykset -sivusto","potentialAction":[{"@type":"SearchAction","target":{"@type":"EntryPoint","urlTemplate":"https:\/\/sey.fi\/kaakkois-suomi\/?s={search_term_string}"},"query-input":{"@type":"PropertyValueSpecification","valueRequired":true,"valueName":"search_term_string"}}],"inLanguage":"fi"}]}},"_links":{"self":[{"href":"https:\/\/sey.fi\/kaakkois-suomi\/wp-json\/wp\/v2\/pages\/647","targetHints":{"allow":["GET"]}}],"collection":[{"href":"https:\/\/sey.fi\/kaakkois-suomi\/wp-json\/wp\/v2\/pages"}],"about":[{"href":"https:\/\/sey.fi\/kaakkois-suomi\/wp-json\/wp\/v2\/types\/page"}],"author":[{"embeddable":true,"href":"https:\/\/sey.fi\/kaakkois-suomi\/wp-json\/wp\/v2\/users\/9"}],"replies":[{"embeddable":true,"href":"https:\/\/sey.fi\/kaakkois-suomi\/wp-json\/wp\/v2\/comments?post=647"}],"version-history":[{"count":9,"href":"https:\/\/sey.fi\/kaakkois-suomi\/wp-json\/wp\/v2\/pages\/647\/revisions"}],"predecessor-version":[{"id":4825,"href":"https:\/\/sey.fi\/kaakkois-suomi\/wp-json\/wp\/v2\/pages\/647\/revisions\/4825"}],"wp:attachment":[{"href":"https:\/\/sey.fi\/kaakkois-suomi\/wp-json\/wp\/v2\/media?parent=647"}],"curies":[{"name":"wp","href":"https:\/\/api.w.org\/{rel}","templated":true}]}}