{"id":69,"date":"2019-11-01T13:11:31","date_gmt":"2019-11-01T11:11:31","guid":{"rendered":"http:\/\/srvr10.xetpoint.com\/~seyfi\/kaakkois-suomi\/?page_id=69"},"modified":"2024-11-05T16:02:49","modified_gmt":"2024-11-05T14:02:49","slug":"yhdistys","status":"publish","type":"page","link":"https:\/\/sey.fi\/kaakkois-suomi\/kaakkois-suomen-elainsuojeluyhdistys\/yhdistys\/","title":{"rendered":"Yhdistys"},"content":{"rendered":"\n<p>Kaakkois-Suomen El\u00e4insuojeluyhdistys r.y., entinen Lappeenrannan Seudun El\u00e4insuojeluyhdistys r.y., on aloittanut toimintansa vuonna 1970. Yhdistys toimii Kaakkois-Suomen alueella, p\u00e4\u00e4osin Etel\u00e4-Karjalan maakunnassa.&nbsp;Yhdistyksen&nbsp;kotipaikka on&nbsp;<strong><a href=\"https:\/\/www.lappeenranta.fi\/Lappeenranta\" target=\"_blank\" rel=\"noreferrer noopener\">Lappeenranta<\/a>&nbsp;<\/strong>ja olemme valtakunnallisen&nbsp;<strong><a href=\"https:\/\/www.sey.fi\/\" target=\"_blank\" rel=\"noreferrer noopener\">SEY Suomen el\u00e4insuojelu ry:n paikallisyhdistys<\/a><\/strong>. Teemme yhteisty\u00f6t\u00e4 mm. Kaakkois-Suomen el\u00e4insuojeluviranomaisten ja paikallisten el\u00e4inl\u00e4\u00e4k\u00e4reiden kanssa, muiden el\u00e4insuojelu- ja el\u00e4inj\u00e4rjest\u00f6jen kanssa, sek\u00e4 lemmikkitarvikeliikkeiden ja muiden alojen yritysten kanssa. KASEY ry:ll\u00e4 on t\u00e4ll\u00e4 hetkell\u00e4 noin 400 j\u00e4sent\u00e4.<\/p>\n\n\n\n<p>Yhdistyksen tarkoituksena on edist\u00e4\u00e4 el\u00e4insuojelua ja suojella el\u00e4imi\u00e4 parhaalla mahdollisella tavalla k\u00e4rsimykselt\u00e4, kivulta ja tuskalta sek\u00e4 edist\u00e4\u00e4 el\u00e4inten hyvinvointia ja hyv\u00e4\u00e4 kohtelua. Yhdistyksen toimintaa ohjaavat&nbsp;<strong><a href=\"https:\/\/sey.fi\/kaakkois-suomi\/kaakkois-suomen-elainsuojeluyhdistys\/yhdistys\/toiminnan-eettiset-ohjeet-ja-arvot\/\">arvomme<\/a><\/strong>&nbsp;kunnioittaen, auttaen, syd\u00e4mell\u00e4, el\u00e4inten puolesta ja yhdess\u00e4. Toimintamuotojamme ovat mm. el\u00e4insuojelukeskuksen toiminta, huostaanotettujen ja muiden kodittomien el\u00e4inten vastaanottaminen, hoitaminen sek\u00e4 uudelleenkotiuttaminen, varainhankinta apua tarvitsevien el\u00e4inten auttamiseksi, leikkaus-, sirutus-, rokotus- ja muiden el\u00e4insuojelullisten tapahtumien j\u00e4rjest\u00e4minen, el\u00e4insuojelu- ja el\u00e4inten hyvinvointineuvonta&nbsp;sek\u00e4 sellaisiin tapahtumiin osallistuminen, jossa voidaan tehd\u00e4 valistusty\u00f6t\u00e4 sek\u00e4 tiedottaa yhdistyksen toiminnasta. Tarkoituksensa toteuttamiseksi yhdistys<\/p>\n\n\n\n<ul class=\"wp-block-list\">\n<li>pyrkii vaikuttamaan el\u00e4insuojelulains\u00e4\u00e4d\u00e4nt\u00f6\u00f6n sek\u00e4 viranomaisten toimintaan ja p\u00e4\u00e4t\u00f6ksiin antamalla&nbsp;lausuntoja, ehdotuksia ja kannanottoja, jotka edist\u00e4v\u00e4t el\u00e4inten hyv\u00e4\u00e4 kohtelua<\/li>\n\n\n\n<li>neuvoo ja opastaa el\u00e4intenomistajia toimimaan tavalla, joka edist\u00e4\u00e4 el\u00e4inten hyvinvointia<\/li>\n\n\n\n<li>harjoittaa tarkoitusperiens\u00e4 mukaista nuorisotoimintaa<\/li>\n\n\n\n<li>harjoittaa julkaisu-, valistus- ja koulutustoimintaa<\/li>\n\n\n\n<li>j\u00e4rjest\u00e4\u00e4 esitelm\u00e4tilaisuuksia, kokouksia, el\u00e4insuojelup\u00e4ivi\u00e4 ja muita samantapaisia tilaisuuksia<\/li>\n\n\n\n<li>ottaa palvelukseensa puhujia, neuvojia, valvojia ja asiamiehi\u00e4<\/li>\n\n\n\n<li>toimii muillakin vastaavilla tavoilla, jotta el\u00e4inten hyv\u00e4 kohtelu ja rakkaus el\u00e4imiin lis\u00e4\u00e4ntyisiv\u00e4t<\/li>\n\n\n\n<li>yll\u00e4pit\u00e4\u00e4 rekister\u00f6im\u00e4tt\u00f6mi\u00e4 jaostoja<\/li>\n<\/ul>\n\n\n\n<p>Toiminnan tukemiseksi yhdistyksemme voi&nbsp;<\/p>\n\n\n\n<ul class=\"wp-block-list\">\n<li>ottaa vastaan lahjoituksia ja testamentteja sek\u00e4 hankkia ja omistaa toimintaansa varten tarpeellista kiinte\u00e4\u00e4 ja irtainta&nbsp;omaisuutta<\/li>\n\n\n\n<li>j\u00e4rjest\u00e4\u00e4 myyj\u00e4isi\u00e4, arpajaisia ja varainker\u00e4yksi\u00e4<\/li>\n\n\n\n<li>ostaa ja v\u00e4litt\u00e4\u00e4 j\u00e4senilleen el\u00e4intenhoito- ja suojeluv\u00e4lineit\u00e4 sek\u00e4 myyd\u00e4 merkkej\u00e4, kortteja ja adresseja sek\u00e4 harjoittaa&nbsp;kioskitoimintaa.<\/li>\n<\/ul>\n\n\n\n<p>Kaakkois-Suomen&nbsp;El\u00e4insuojeluyhdistys ry ei toimi el\u00e4insuojelulain 15 pyk\u00e4l\u00e4n mukaisena l\u00f6yt\u00f6el\u00e4inten talteenottopaikkana, vaan vastaanottaa sellaisia apua tarvitsevia el\u00e4imi\u00e4, joille laki ei ole osoittanut huolehtijaa, kuten kodinvaihtajat, huostaanotetut el\u00e4imet sek\u00e4 populaatioiden el\u00e4imet. Eniten yhdistykselle uutta kotia etsim\u00e4\u00e4n&nbsp;vastaanotetaan&nbsp;kissoja, mutta v\u00e4lill\u00e4 my\u00f6s koirat tai muut pienel\u00e4imet tarvitsevat uutta kotia. Uutta kotia etsiv\u00e4t lemmikit etsiv\u00e4t uutta omistajaa&nbsp;joko Lappeenrannassa <a href=\"https:\/\/sey.fi\/kaakkois-suomi\/elainsuojelukeskus-miu\/\"><strong>El\u00e4insuojelukeskus Miulla<\/strong><\/a>&nbsp;tai Kaakkois-Suomen alueella sijaitsevista sijaiskodeista k\u00e4sin. Resurssiensa puitteissa yhdistys avustaa my\u00f6s muita el\u00e4insuojeluyhdistyksi\u00e4 vastaanottamalla niiden alueiden kodittomia el\u00e4imi\u00e4,&nbsp;tarjoamalla vertaistukea ja neuvontaa sek\u00e4 jakamalla hyv\u00e4ksi todettuja ohjeita ja toimintamalleja muiden el\u00e4insuojeluyhdistysten k\u00e4ytt\u00f6\u00f6n. Varsinaisen el\u00e4insuojelutoiminnan lis\u00e4ksi yhdistys&nbsp;yll\u00e4pit\u00e4\u00e4 Lappeenrannan ainoaa lemmikkiel\u00e4inten&nbsp;<strong><a href=\"https:\/\/sey.fi\/kaakkois-suomi\/kaakkois-suomen-elainsuojeluyhdistys\/toiminta\/elainten-hautausmaa\/\">hautausmaata<\/a><\/strong>. Lis\u00e4tietoja eri toimintamuodoistamme l\u00f6yd\u00e4t&nbsp;v\u00e4lilehdelt\u00e4&nbsp;<strong><a href=\"https:\/\/sey.fi\/kaakkois-suomi\/kaakkois-suomen-elainsuojeluyhdistys\/toiminta\/89-2\/\">Tue toimintaa<\/a><\/strong>.<\/p>\n\n\n\n<p>Yhdistyksen asioita hoitaa hallitus, johon kuuluvat syyskokouksessa valitut puheenjohtaja sek\u00e4 v\u00e4hint\u00e4\u00e4n viisi (5) ja enint\u00e4\u00e4n kahdeksan (8) varsinaista j\u00e4sent\u00e4 sek\u00e4 kaksi (2) varaj\u00e4sent\u00e4. Yhdistyksell\u00e4 on vuonna 2024 nelj\u00e4 osa-aikaista ty\u00f6ntekij\u00e4\u00e4.&nbsp;Otamme resurssiemme mukaan ty\u00f6harjoittelijoita, ty\u00f6ss\u00e4oppijoita, ty\u00f6el\u00e4m\u00e4\u00e4n tutustujia sek\u00e4 vapaaehtoisty\u00f6ntekij\u00f6it\u00e4 El\u00e4insuojelukeskus Miulle tai muihin el\u00e4insuojeluyhdistyksen teht\u00e4viin. Kaakkois-Suomen el\u00e4insuojeluyhdistys ry:ll\u00e4 ei ole sopimussuhdetta mihink\u00e4\u00e4n kaupunkiin, kuntaan tai yritykseen. Yhdistys toimii vapaaehtoispohjalta ja lahjoitukset ovat elint\u00e4rkeit\u00e4 toimintamme jatkuvuudelle.<\/p>\n\n\n\n<p>Hallituksen lis\u00e4ksi yhdistyksess\u00e4 toimii kymmeni\u00e4 sijaiskoteja ja eri aloihin tai teht\u00e4viin syventyneit\u00e4 vapaaehtoisia ymp\u00e4ri Suomen. Vapaaehtoiset osallistuvat niin el\u00e4inten hoitoon ja l\u00e4\u00e4kitykseen, el\u00e4inten ja tavaroiden kuljetukseen, loukuntarkastuksiin, valokuvaamiseen, valokuvien ja esitteiden muokkaamiseen, uusien j\u00e4senten ja vapaaehtoisten hankkimiseen ja perehdytt\u00e4miseen, ohjeistusten kirjoittamiseen, poliitikkojen ja viranomaisten kontaktointiin, tiedotteiden kirjoittamiseen, sosiaalisen median kuten Facebookin, Instagramin ja YouTuben p\u00e4ivitt\u00e4miseen, kirpputorituotteiden ker\u00e4\u00e4miseen, vastaanottoon sek\u00e4 hinnoitteluun ja kirpputorip\u00f6yd\u00e4n siistimiseen, budjetin, talousarvion, toimintasuunnitelman sek\u00e4 toimintakertomuksen ideointiin ja kirjoittamiseen, El\u00e4insuojelukeskus Miun pieneen ja suureen remontointiin, rahanker\u00e4yslippaiden tyhjent\u00e4miseen sek\u00e4 luento-, ruoka- ja tarvikeker\u00e4ysten sek\u00e4 muiden tapahtumien j\u00e4rjest\u00e4miseen, el\u00e4inrekisterin koodaamiseen kuin toiminnan kehitt\u00e4misen ideointiinkin. Mik\u00e4 tahansa osaamisalue on mahdollista valjastaa el\u00e4inten hyv\u00e4ksi k\u00e4ytt\u00f6\u00f6n. Toimintaan voi mainiosti tulla mukaan my\u00f6s ilman mit\u00e4\u00e4n erityistaitoja, sill\u00e4 laajan tietotaitopohjan vuoksi yhdistyksell\u00e4 on mahdollisuus opettaa uusia vapaaehtoisia erilaisiin vapaaehtoisty\u00f6teht\u00e4viin.<br><br>Oman paikallisalueensa toiminnan lis\u00e4ksi Kaseyll\u00e4 on edustaja SEYN liittovaltuustossa, joka on&nbsp;SEY Suomen el\u00e4insuojelu ry:n toiminnan ylin p\u00e4\u00e4tt\u00e4v\u00e4 toimielin. Liittokokousten v\u00e4lill\u00e4 liiton ylint\u00e4 valtaa k\u00e4ytt\u00e4\u00e4 liittovaltuusto, jossa jokaisella paikallisyhdistyksell\u00e4 on yksi edustajaj\u00e4sen kutakin alkavaa viitt\u00e4sataa edellisen vuoden loppuun menness\u00e4 varsinaisen j\u00e4senmaksun maksanutta, liiton pit\u00e4m\u00e4\u00e4n rekisteriin merkitty\u00e4 henkil\u00f6j\u00e4sent\u00e4 kohden. Vuonna 2023 Kaseyll\u00e4 on liittovaltuustossa j\u00e4senm\u00e4\u00e4r\u00e4ns\u00e4 perusteella yksi edustaja. Liittovaltuusto&nbsp;esimerkiksi hyv\u00e4ksyy budjetit ja vuosikertomukset, j\u00e4senyhdistyshakemukset jne.&nbsp;<\/p>\n","protected":false},"excerpt":{"rendered":"<p>Kaakkois-Suomen El\u00e4insuojeluyhdistys r.y., entinen Lappeenrannan Seudun El\u00e4insuojeluyhdistys r.y., on aloittanut toimintansa vuonna 1970. Yhdistys toimii Kaakkois-Suomen alueella, p\u00e4\u00e4osin Etel\u00e4-Karjalan maakunnassa.&nbsp;Yhdistyksen&nbsp;kotipaikka on&nbsp;Lappeenranta&nbsp;ja olemme valtakunnallisen&nbsp;SEY Suomen el\u00e4insuojelu ry:n paikallisyhdistys. Teemme yhteisty\u00f6t\u00e4 mm. Kaakkois-Suomen el\u00e4insuojeluviranomaisten ja paikallisten el\u00e4inl\u00e4\u00e4k\u00e4reiden kanssa, muiden el\u00e4insuojelu- ja el\u00e4inj\u00e4rjest\u00f6jen kanssa, sek\u00e4 lemmikkitarvikeliikkeiden ja muiden alojen yritysten kanssa. KASEY ry:ll\u00e4 on t\u00e4ll\u00e4 hetkell\u00e4 noin 400 [&hellip;]<\/p>\n","protected":false},"author":8,"featured_media":0,"parent":2,"menu_order":0,"comment_status":"closed","ping_status":"closed","template":"","meta":{"_acf_changed":false,"footnotes":""},"class_list":["post-69","page","type-page","status-publish","hentry"],"acf":[],"yoast_head":"<!-- This site is optimized with the Yoast SEO plugin v27.1.1 - https:\/\/yoast.com\/product\/yoast-seo-wordpress\/ -->\n<title>Yhdistys - Kaakkois-Suomen el\u00e4insuojeluyhdistys<\/title>\n<meta name=\"robots\" content=\"index, follow, max-snippet:-1, max-image-preview:large, max-video-preview:-1\" \/>\n<link rel=\"canonical\" href=\"https:\/\/sey.fi\/kaakkois-suomi\/kaakkois-suomen-elainsuojeluyhdistys\/yhdistys\/\" \/>\n<meta property=\"og:locale\" content=\"fi_FI\" \/>\n<meta property=\"og:type\" content=\"article\" \/>\n<meta property=\"og:title\" content=\"Yhdistys - Kaakkois-Suomen el\u00e4insuojeluyhdistys\" \/>\n<meta property=\"og:description\" content=\"Kaakkois-Suomen El\u00e4insuojeluyhdistys r.y., entinen Lappeenrannan Seudun El\u00e4insuojeluyhdistys r.y., on aloittanut toimintansa vuonna 1970. Yhdistys toimii Kaakkois-Suomen alueella, p\u00e4\u00e4osin Etel\u00e4-Karjalan maakunnassa.&nbsp;Yhdistyksen&nbsp;kotipaikka on&nbsp;Lappeenranta&nbsp;ja olemme valtakunnallisen&nbsp;SEY Suomen el\u00e4insuojelu ry:n paikallisyhdistys. Teemme yhteisty\u00f6t\u00e4 mm. Kaakkois-Suomen el\u00e4insuojeluviranomaisten ja paikallisten el\u00e4inl\u00e4\u00e4k\u00e4reiden kanssa, muiden el\u00e4insuojelu- ja el\u00e4inj\u00e4rjest\u00f6jen kanssa, sek\u00e4 lemmikkitarvikeliikkeiden ja muiden alojen yritysten kanssa. KASEY ry:ll\u00e4 on t\u00e4ll\u00e4 hetkell\u00e4 noin 400 [&hellip;]\" \/>\n<meta property=\"og:url\" content=\"https:\/\/sey.fi\/kaakkois-suomi\/kaakkois-suomen-elainsuojeluyhdistys\/yhdistys\/\" \/>\n<meta property=\"og:site_name\" content=\"Kaakkois-Suomen el\u00e4insuojeluyhdistys\" \/>\n<meta property=\"article:modified_time\" content=\"2024-11-05T14:02:49+00:00\" \/>\n<meta name=\"twitter:card\" content=\"summary_large_image\" \/>\n<meta name=\"twitter:label1\" content=\"Arvioitu lukuaika\" \/>\n\t<meta name=\"twitter:data1\" content=\"4 minuuttia\" \/>\n<script type=\"application\/ld+json\" class=\"yoast-schema-graph\">{\"@context\":\"https:\/\/schema.org\",\"@graph\":[{\"@type\":\"WebPage\",\"@id\":\"https:\/\/sey.fi\/kaakkois-suomi\/kaakkois-suomen-elainsuojeluyhdistys\/yhdistys\/\",\"url\":\"https:\/\/sey.fi\/kaakkois-suomi\/kaakkois-suomen-elainsuojeluyhdistys\/yhdistys\/\",\"name\":\"Yhdistys - Kaakkois-Suomen el\u00e4insuojeluyhdistys\",\"isPartOf\":{\"@id\":\"https:\/\/sey.fi\/kaakkois-suomi\/#website\"},\"datePublished\":\"2019-11-01T11:11:31+00:00\",\"dateModified\":\"2024-11-05T14:02:49+00:00\",\"breadcrumb\":{\"@id\":\"https:\/\/sey.fi\/kaakkois-suomi\/kaakkois-suomen-elainsuojeluyhdistys\/yhdistys\/#breadcrumb\"},\"inLanguage\":\"fi\",\"potentialAction\":[{\"@type\":\"ReadAction\",\"target\":[\"https:\/\/sey.fi\/kaakkois-suomi\/kaakkois-suomen-elainsuojeluyhdistys\/yhdistys\/\"]}]},{\"@type\":\"BreadcrumbList\",\"@id\":\"https:\/\/sey.fi\/kaakkois-suomi\/kaakkois-suomen-elainsuojeluyhdistys\/yhdistys\/#breadcrumb\",\"itemListElement\":[{\"@type\":\"ListItem\",\"position\":1,\"name\":\"Home\",\"item\":\"https:\/\/sey.fi\/kaakkois-suomi\/\"},{\"@type\":\"ListItem\",\"position\":2,\"name\":\"Kaakkois-Suomen el\u00e4insuojeluyhdistys\",\"item\":\"https:\/\/sey.fi\/kaakkois-suomi\/\"},{\"@type\":\"ListItem\",\"position\":3,\"name\":\"Yhdistys\"}]},{\"@type\":\"WebSite\",\"@id\":\"https:\/\/sey.fi\/kaakkois-suomi\/#website\",\"url\":\"https:\/\/sey.fi\/kaakkois-suomi\/\",\"name\":\"Kaakkois-Suomen el\u00e4insuojeluyhdistys\",\"description\":\"Uusi SEY J\u00e4senyhdistykset -sivusto\",\"potentialAction\":[{\"@type\":\"SearchAction\",\"target\":{\"@type\":\"EntryPoint\",\"urlTemplate\":\"https:\/\/sey.fi\/kaakkois-suomi\/?s={search_term_string}\"},\"query-input\":{\"@type\":\"PropertyValueSpecification\",\"valueRequired\":true,\"valueName\":\"search_term_string\"}}],\"inLanguage\":\"fi\"}]}<\/script>\n<!-- \/ Yoast SEO plugin. -->","yoast_head_json":{"title":"Yhdistys - Kaakkois-Suomen el\u00e4insuojeluyhdistys","robots":{"index":"index","follow":"follow","max-snippet":"max-snippet:-1","max-image-preview":"max-image-preview:large","max-video-preview":"max-video-preview:-1"},"canonical":"https:\/\/sey.fi\/kaakkois-suomi\/kaakkois-suomen-elainsuojeluyhdistys\/yhdistys\/","og_locale":"fi_FI","og_type":"article","og_title":"Yhdistys - Kaakkois-Suomen el\u00e4insuojeluyhdistys","og_description":"Kaakkois-Suomen El\u00e4insuojeluyhdistys r.y., entinen Lappeenrannan Seudun El\u00e4insuojeluyhdistys r.y., on aloittanut toimintansa vuonna 1970. Yhdistys toimii Kaakkois-Suomen alueella, p\u00e4\u00e4osin Etel\u00e4-Karjalan maakunnassa.&nbsp;Yhdistyksen&nbsp;kotipaikka on&nbsp;Lappeenranta&nbsp;ja olemme valtakunnallisen&nbsp;SEY Suomen el\u00e4insuojelu ry:n paikallisyhdistys. Teemme yhteisty\u00f6t\u00e4 mm. Kaakkois-Suomen el\u00e4insuojeluviranomaisten ja paikallisten el\u00e4inl\u00e4\u00e4k\u00e4reiden kanssa, muiden el\u00e4insuojelu- ja el\u00e4inj\u00e4rjest\u00f6jen kanssa, sek\u00e4 lemmikkitarvikeliikkeiden ja muiden alojen yritysten kanssa. KASEY ry:ll\u00e4 on t\u00e4ll\u00e4 hetkell\u00e4 noin 400 [&hellip;]","og_url":"https:\/\/sey.fi\/kaakkois-suomi\/kaakkois-suomen-elainsuojeluyhdistys\/yhdistys\/","og_site_name":"Kaakkois-Suomen el\u00e4insuojeluyhdistys","article_modified_time":"2024-11-05T14:02:49+00:00","twitter_card":"summary_large_image","twitter_misc":{"Arvioitu lukuaika":"4 minuuttia"},"schema":{"@context":"https:\/\/schema.org","@graph":[{"@type":"WebPage","@id":"https:\/\/sey.fi\/kaakkois-suomi\/kaakkois-suomen-elainsuojeluyhdistys\/yhdistys\/","url":"https:\/\/sey.fi\/kaakkois-suomi\/kaakkois-suomen-elainsuojeluyhdistys\/yhdistys\/","name":"Yhdistys - Kaakkois-Suomen el\u00e4insuojeluyhdistys","isPartOf":{"@id":"https:\/\/sey.fi\/kaakkois-suomi\/#website"},"datePublished":"2019-11-01T11:11:31+00:00","dateModified":"2024-11-05T14:02:49+00:00","breadcrumb":{"@id":"https:\/\/sey.fi\/kaakkois-suomi\/kaakkois-suomen-elainsuojeluyhdistys\/yhdistys\/#breadcrumb"},"inLanguage":"fi","potentialAction":[{"@type":"ReadAction","target":["https:\/\/sey.fi\/kaakkois-suomi\/kaakkois-suomen-elainsuojeluyhdistys\/yhdistys\/"]}]},{"@type":"BreadcrumbList","@id":"https:\/\/sey.fi\/kaakkois-suomi\/kaakkois-suomen-elainsuojeluyhdistys\/yhdistys\/#breadcrumb","itemListElement":[{"@type":"ListItem","position":1,"name":"Home","item":"https:\/\/sey.fi\/kaakkois-suomi\/"},{"@type":"ListItem","position":2,"name":"Kaakkois-Suomen el\u00e4insuojeluyhdistys","item":"https:\/\/sey.fi\/kaakkois-suomi\/"},{"@type":"ListItem","position":3,"name":"Yhdistys"}]},{"@type":"WebSite","@id":"https:\/\/sey.fi\/kaakkois-suomi\/#website","url":"https:\/\/sey.fi\/kaakkois-suomi\/","name":"Kaakkois-Suomen el\u00e4insuojeluyhdistys","description":"Uusi SEY J\u00e4senyhdistykset -sivusto","potentialAction":[{"@type":"SearchAction","target":{"@type":"EntryPoint","urlTemplate":"https:\/\/sey.fi\/kaakkois-suomi\/?s={search_term_string}"},"query-input":{"@type":"PropertyValueSpecification","valueRequired":true,"valueName":"search_term_string"}}],"inLanguage":"fi"}]}},"_links":{"self":[{"href":"https:\/\/sey.fi\/kaakkois-suomi\/wp-json\/wp\/v2\/pages\/69","targetHints":{"allow":["GET"]}}],"collection":[{"href":"https:\/\/sey.fi\/kaakkois-suomi\/wp-json\/wp\/v2\/pages"}],"about":[{"href":"https:\/\/sey.fi\/kaakkois-suomi\/wp-json\/wp\/v2\/types\/page"}],"author":[{"embeddable":true,"href":"https:\/\/sey.fi\/kaakkois-suomi\/wp-json\/wp\/v2\/users\/8"}],"replies":[{"embeddable":true,"href":"https:\/\/sey.fi\/kaakkois-suomi\/wp-json\/wp\/v2\/comments?post=69"}],"version-history":[{"count":14,"href":"https:\/\/sey.fi\/kaakkois-suomi\/wp-json\/wp\/v2\/pages\/69\/revisions"}],"predecessor-version":[{"id":4683,"href":"https:\/\/sey.fi\/kaakkois-suomi\/wp-json\/wp\/v2\/pages\/69\/revisions\/4683"}],"up":[{"embeddable":true,"href":"https:\/\/sey.fi\/kaakkois-suomi\/wp-json\/wp\/v2\/pages\/2"}],"wp:attachment":[{"href":"https:\/\/sey.fi\/kaakkois-suomi\/wp-json\/wp\/v2\/media?parent=69"}],"curies":[{"name":"wp","href":"https:\/\/api.w.org\/{rel}","templated":true}]}}