{"id":71,"date":"2019-11-01T13:12:24","date_gmt":"2019-11-01T11:12:24","guid":{"rendered":"http:\/\/srvr10.xetpoint.com\/~seyfi\/kaakkois-suomi\/?page_id=71"},"modified":"2026-01-15T13:53:10","modified_gmt":"2026-01-15T11:53:10","slug":"hallitus-ja-toimihenkilot-2018-2019","status":"publish","type":"page","link":"https:\/\/sey.fi\/kaakkois-suomi\/kaakkois-suomen-elainsuojeluyhdistys\/yhdistys\/hallitus-ja-toimihenkilot-2018-2019\/","title":{"rendered":"Hallitus ja toimihenkil\u00f6t 2025-2026"},"content":{"rendered":"\n<p><strong>Roskapostirobottien est\u00e4miseksi s\u00e4hk\u00f6postiosoitteet ovat sivuillamme muotoa (at). Kun l\u00e4het\u00e4t s\u00e4hk\u00f6postia, muista korvata (at) k\u00e4ytt\u00e4m\u00e4ll\u00e4 @ &#8211; merkki\u00e4.<\/strong><\/p>\n\n\n\n<p><strong>Puheenjohtaja<br><\/strong>Miia Marjanen<br>kasey.puheenjohtaja@gmail.com<br>p. 050 365 8094<\/p>\n\n\n\n<p><strong>Varapuheenjohtaja<br><\/strong>Tuomo Liljenb\u00e4ck<\/p>\n\n\n\n<p><strong>Hallituksen varsinaiset j\u00e4senet&nbsp;<\/strong><br>Jasmin Muukka<br>Mira Muukka<br>Niina Salokannel<br>Sanna Haaramo<br>Tuomo Liljenb\u00e4ck<\/p>\n\n\n\n<p><strong>Hallituksen varaj\u00e4senet&nbsp;<\/strong><br>1. varaj\u00e4sen Laura Kuivala<br>2. varaj\u00e4sen Jaana Kinnunen<\/p>\n\n\n\n<p><strong>Muut toimihenkil\u00f6t:<\/strong><\/p>\n\n\n\n<p><strong>Sihteeri<\/strong><br>Maiju Uronen<br>kasey.sihteeri@gmail.com<\/p>\n\n\n\n<p><strong>Rahastonhoitaja<\/strong><br>Anne-Mari Huurtomaa-Altarriba<br>kasey.rahastonhoitaja@gmail.com&nbsp;<\/p>\n\n\n\n<p><strong>J\u00e4sensihteeri<\/strong>&nbsp;<br>Maiju Uronen<br>kasey.jasensihteeri@gmail.com<br><em>(j\u00e4senasiat, osoitteenmuutokset yms.)<\/em><\/p>\n\n\n\n<p><strong>Tiedottaja<\/strong><br>kaakkoissuomensey@gmail.com<\/p>\n\n\n\n<p><strong>Hautausmaavastaava<br><\/strong>Sanna Haaramo<br>p. 050 432 4942<br>kasey.hautausmaa@gmail.com&nbsp;<br><br><strong>El\u00e4insuojelukeskusvastaava<\/strong><br>Laura Kuivala<br>p. 050 326 2919<br>kasey.organisaattori@gmail.com<\/p>\n\n\n\n<p><strong>Sijaiskotivastaavat <br><\/strong>Siiri Mononen &amp; Pirjo Granb\u00e4ck<br>p. 045 694 9597<br>kasey.sijaiskodit@gmail.com<\/p>\n\n\n\n<p><strong>Tapahtumavastaava<\/strong><br>Pirjo Honkanen<br>kasey.tapahtumavastaava@gmail.com<\/p>\n\n\n\n<p><strong>Nuorisovastaava<\/strong><br>Jasmin Muukka <br>kasey.nuorisovastaava@gmail.com<br><br><strong>Luonnonel\u00e4invastaava<\/strong><br>Virve Haiko<br>p. 050 555 1466<\/p>\n\n\n\n<p><strong>Verkkokauppavastaava<\/strong><br>Meeri Ylitalo<br>kasey.varaukset@gmail.com<\/p>\n\n\n\n<p><strong>Vapaaehtoisvastaava<\/strong><br>Henna Lempinen<br>kasey.vapaaehtoiset@gmail.com<br><br><strong>Turvasiru-koulutuksen k\u00e4yneet siruttajat<\/strong><br>Laura Kuivala<br>Katri Irvankoski<\/p>\n","protected":false},"excerpt":{"rendered":"<p>Roskapostirobottien est\u00e4miseksi s\u00e4hk\u00f6postiosoitteet ovat sivuillamme muotoa (at). Kun l\u00e4het\u00e4t s\u00e4hk\u00f6postia, muista korvata (at) k\u00e4ytt\u00e4m\u00e4ll\u00e4 @ &#8211; merkki\u00e4. PuheenjohtajaMiia Marjanenkasey.puheenjohtaja@gmail.comp. 050 365 8094 VarapuheenjohtajaTuomo Liljenb\u00e4ck Hallituksen varsinaiset j\u00e4senet&nbsp;Jasmin MuukkaMira MuukkaNiina SalokannelSanna HaaramoTuomo Liljenb\u00e4ck Hallituksen varaj\u00e4senet&nbsp;1. varaj\u00e4sen Laura Kuivala2. varaj\u00e4sen Jaana Kinnunen Muut toimihenkil\u00f6t: SihteeriMaiju Uronenkasey.sihteeri@gmail.com RahastonhoitajaAnne-Mari Huurtomaa-Altarribakasey.rahastonhoitaja@gmail.com&nbsp; J\u00e4sensihteeri&nbsp;Maiju Uronenkasey.jasensihteeri@gmail.com(j\u00e4senasiat, osoitteenmuutokset yms.) Tiedottajakaakkoissuomensey@gmail.com HautausmaavastaavaSanna Haaramop. 050 432 [&hellip;]<\/p>\n","protected":false},"author":8,"featured_media":0,"parent":69,"menu_order":0,"comment_status":"closed","ping_status":"closed","template":"","meta":{"_acf_changed":false,"footnotes":""},"class_list":["post-71","page","type-page","status-publish","hentry"],"acf":[],"yoast_head":"<!-- This site is optimized with the Yoast SEO plugin v27.1.1 - https:\/\/yoast.com\/product\/yoast-seo-wordpress\/ -->\n<title>Hallitus ja toimihenkil\u00f6t 2025-2026 - Kaakkois-Suomen el\u00e4insuojeluyhdistys<\/title>\n<meta name=\"robots\" content=\"index, follow, max-snippet:-1, max-image-preview:large, max-video-preview:-1\" \/>\n<link rel=\"canonical\" href=\"https:\/\/sey.fi\/kaakkois-suomi\/kaakkois-suomen-elainsuojeluyhdistys\/yhdistys\/hallitus-ja-toimihenkilot-2018-2019\/\" \/>\n<meta property=\"og:locale\" content=\"fi_FI\" \/>\n<meta property=\"og:type\" content=\"article\" \/>\n<meta property=\"og:title\" content=\"Hallitus ja toimihenkil\u00f6t 2025-2026 - Kaakkois-Suomen el\u00e4insuojeluyhdistys\" \/>\n<meta property=\"og:description\" content=\"Roskapostirobottien est\u00e4miseksi s\u00e4hk\u00f6postiosoitteet ovat sivuillamme muotoa (at). Kun l\u00e4het\u00e4t s\u00e4hk\u00f6postia, muista korvata (at) k\u00e4ytt\u00e4m\u00e4ll\u00e4 @ &#8211; merkki\u00e4. PuheenjohtajaMiia Marjanenkasey.puheenjohtaja@gmail.comp. 050 365 8094 VarapuheenjohtajaTuomo Liljenb\u00e4ck Hallituksen varsinaiset j\u00e4senet&nbsp;Jasmin MuukkaMira MuukkaNiina SalokannelSanna HaaramoTuomo Liljenb\u00e4ck Hallituksen varaj\u00e4senet&nbsp;1. varaj\u00e4sen Laura Kuivala2. varaj\u00e4sen Jaana Kinnunen Muut toimihenkil\u00f6t: SihteeriMaiju Uronenkasey.sihteeri@gmail.com RahastonhoitajaAnne-Mari Huurtomaa-Altarribakasey.rahastonhoitaja@gmail.com&nbsp; J\u00e4sensihteeri&nbsp;Maiju Uronenkasey.jasensihteeri@gmail.com(j\u00e4senasiat, osoitteenmuutokset yms.) Tiedottajakaakkoissuomensey@gmail.com HautausmaavastaavaSanna Haaramop. 050 432 [&hellip;]\" \/>\n<meta property=\"og:url\" content=\"https:\/\/sey.fi\/kaakkois-suomi\/kaakkois-suomen-elainsuojeluyhdistys\/yhdistys\/hallitus-ja-toimihenkilot-2018-2019\/\" \/>\n<meta property=\"og:site_name\" content=\"Kaakkois-Suomen el\u00e4insuojeluyhdistys\" \/>\n<meta property=\"article:modified_time\" content=\"2026-01-15T11:53:10+00:00\" \/>\n<meta name=\"twitter:card\" content=\"summary_large_image\" \/>\n<meta name=\"twitter:label1\" content=\"Arvioitu lukuaika\" \/>\n\t<meta name=\"twitter:data1\" content=\"1 minuutti\" \/>\n<script type=\"application\/ld+json\" class=\"yoast-schema-graph\">{\"@context\":\"https:\/\/schema.org\",\"@graph\":[{\"@type\":\"WebPage\",\"@id\":\"https:\/\/sey.fi\/kaakkois-suomi\/kaakkois-suomen-elainsuojeluyhdistys\/yhdistys\/hallitus-ja-toimihenkilot-2018-2019\/\",\"url\":\"https:\/\/sey.fi\/kaakkois-suomi\/kaakkois-suomen-elainsuojeluyhdistys\/yhdistys\/hallitus-ja-toimihenkilot-2018-2019\/\",\"name\":\"Hallitus ja toimihenkil\u00f6t 2025-2026 - Kaakkois-Suomen el\u00e4insuojeluyhdistys\",\"isPartOf\":{\"@id\":\"https:\/\/sey.fi\/kaakkois-suomi\/#website\"},\"datePublished\":\"2019-11-01T11:12:24+00:00\",\"dateModified\":\"2026-01-15T11:53:10+00:00\",\"breadcrumb\":{\"@id\":\"https:\/\/sey.fi\/kaakkois-suomi\/kaakkois-suomen-elainsuojeluyhdistys\/yhdistys\/hallitus-ja-toimihenkilot-2018-2019\/#breadcrumb\"},\"inLanguage\":\"fi\",\"potentialAction\":[{\"@type\":\"ReadAction\",\"target\":[\"https:\/\/sey.fi\/kaakkois-suomi\/kaakkois-suomen-elainsuojeluyhdistys\/yhdistys\/hallitus-ja-toimihenkilot-2018-2019\/\"]}]},{\"@type\":\"BreadcrumbList\",\"@id\":\"https:\/\/sey.fi\/kaakkois-suomi\/kaakkois-suomen-elainsuojeluyhdistys\/yhdistys\/hallitus-ja-toimihenkilot-2018-2019\/#breadcrumb\",\"itemListElement\":[{\"@type\":\"ListItem\",\"position\":1,\"name\":\"Home\",\"item\":\"https:\/\/sey.fi\/kaakkois-suomi\/\"},{\"@type\":\"ListItem\",\"position\":2,\"name\":\"Kaakkois-Suomen el\u00e4insuojeluyhdistys\",\"item\":\"https:\/\/sey.fi\/kaakkois-suomi\/\"},{\"@type\":\"ListItem\",\"position\":3,\"name\":\"Yhdistys\",\"item\":\"https:\/\/sey.fi\/kaakkois-suomi\/kaakkois-suomen-elainsuojeluyhdistys\/yhdistys\/\"},{\"@type\":\"ListItem\",\"position\":4,\"name\":\"Hallitus ja toimihenkil\u00f6t 2025-2026\"}]},{\"@type\":\"WebSite\",\"@id\":\"https:\/\/sey.fi\/kaakkois-suomi\/#website\",\"url\":\"https:\/\/sey.fi\/kaakkois-suomi\/\",\"name\":\"Kaakkois-Suomen el\u00e4insuojeluyhdistys\",\"description\":\"Uusi SEY J\u00e4senyhdistykset -sivusto\",\"potentialAction\":[{\"@type\":\"SearchAction\",\"target\":{\"@type\":\"EntryPoint\",\"urlTemplate\":\"https:\/\/sey.fi\/kaakkois-suomi\/?s={search_term_string}\"},\"query-input\":{\"@type\":\"PropertyValueSpecification\",\"valueRequired\":true,\"valueName\":\"search_term_string\"}}],\"inLanguage\":\"fi\"}]}<\/script>\n<!-- \/ Yoast SEO plugin. -->","yoast_head_json":{"title":"Hallitus ja toimihenkil\u00f6t 2025-2026 - Kaakkois-Suomen el\u00e4insuojeluyhdistys","robots":{"index":"index","follow":"follow","max-snippet":"max-snippet:-1","max-image-preview":"max-image-preview:large","max-video-preview":"max-video-preview:-1"},"canonical":"https:\/\/sey.fi\/kaakkois-suomi\/kaakkois-suomen-elainsuojeluyhdistys\/yhdistys\/hallitus-ja-toimihenkilot-2018-2019\/","og_locale":"fi_FI","og_type":"article","og_title":"Hallitus ja toimihenkil\u00f6t 2025-2026 - Kaakkois-Suomen el\u00e4insuojeluyhdistys","og_description":"Roskapostirobottien est\u00e4miseksi s\u00e4hk\u00f6postiosoitteet ovat sivuillamme muotoa (at). Kun l\u00e4het\u00e4t s\u00e4hk\u00f6postia, muista korvata (at) k\u00e4ytt\u00e4m\u00e4ll\u00e4 @ &#8211; merkki\u00e4. PuheenjohtajaMiia Marjanenkasey.puheenjohtaja@gmail.comp. 050 365 8094 VarapuheenjohtajaTuomo Liljenb\u00e4ck Hallituksen varsinaiset j\u00e4senet&nbsp;Jasmin MuukkaMira MuukkaNiina SalokannelSanna HaaramoTuomo Liljenb\u00e4ck Hallituksen varaj\u00e4senet&nbsp;1. varaj\u00e4sen Laura Kuivala2. varaj\u00e4sen Jaana Kinnunen Muut toimihenkil\u00f6t: SihteeriMaiju Uronenkasey.sihteeri@gmail.com RahastonhoitajaAnne-Mari Huurtomaa-Altarribakasey.rahastonhoitaja@gmail.com&nbsp; J\u00e4sensihteeri&nbsp;Maiju Uronenkasey.jasensihteeri@gmail.com(j\u00e4senasiat, osoitteenmuutokset yms.) Tiedottajakaakkoissuomensey@gmail.com HautausmaavastaavaSanna Haaramop. 050 432 [&hellip;]","og_url":"https:\/\/sey.fi\/kaakkois-suomi\/kaakkois-suomen-elainsuojeluyhdistys\/yhdistys\/hallitus-ja-toimihenkilot-2018-2019\/","og_site_name":"Kaakkois-Suomen el\u00e4insuojeluyhdistys","article_modified_time":"2026-01-15T11:53:10+00:00","twitter_card":"summary_large_image","twitter_misc":{"Arvioitu lukuaika":"1 minuutti"},"schema":{"@context":"https:\/\/schema.org","@graph":[{"@type":"WebPage","@id":"https:\/\/sey.fi\/kaakkois-suomi\/kaakkois-suomen-elainsuojeluyhdistys\/yhdistys\/hallitus-ja-toimihenkilot-2018-2019\/","url":"https:\/\/sey.fi\/kaakkois-suomi\/kaakkois-suomen-elainsuojeluyhdistys\/yhdistys\/hallitus-ja-toimihenkilot-2018-2019\/","name":"Hallitus ja toimihenkil\u00f6t 2025-2026 - Kaakkois-Suomen el\u00e4insuojeluyhdistys","isPartOf":{"@id":"https:\/\/sey.fi\/kaakkois-suomi\/#website"},"datePublished":"2019-11-01T11:12:24+00:00","dateModified":"2026-01-15T11:53:10+00:00","breadcrumb":{"@id":"https:\/\/sey.fi\/kaakkois-suomi\/kaakkois-suomen-elainsuojeluyhdistys\/yhdistys\/hallitus-ja-toimihenkilot-2018-2019\/#breadcrumb"},"inLanguage":"fi","potentialAction":[{"@type":"ReadAction","target":["https:\/\/sey.fi\/kaakkois-suomi\/kaakkois-suomen-elainsuojeluyhdistys\/yhdistys\/hallitus-ja-toimihenkilot-2018-2019\/"]}]},{"@type":"BreadcrumbList","@id":"https:\/\/sey.fi\/kaakkois-suomi\/kaakkois-suomen-elainsuojeluyhdistys\/yhdistys\/hallitus-ja-toimihenkilot-2018-2019\/#breadcrumb","itemListElement":[{"@type":"ListItem","position":1,"name":"Home","item":"https:\/\/sey.fi\/kaakkois-suomi\/"},{"@type":"ListItem","position":2,"name":"Kaakkois-Suomen el\u00e4insuojeluyhdistys","item":"https:\/\/sey.fi\/kaakkois-suomi\/"},{"@type":"ListItem","position":3,"name":"Yhdistys","item":"https:\/\/sey.fi\/kaakkois-suomi\/kaakkois-suomen-elainsuojeluyhdistys\/yhdistys\/"},{"@type":"ListItem","position":4,"name":"Hallitus ja toimihenkil\u00f6t 2025-2026"}]},{"@type":"WebSite","@id":"https:\/\/sey.fi\/kaakkois-suomi\/#website","url":"https:\/\/sey.fi\/kaakkois-suomi\/","name":"Kaakkois-Suomen el\u00e4insuojeluyhdistys","description":"Uusi SEY J\u00e4senyhdistykset -sivusto","potentialAction":[{"@type":"SearchAction","target":{"@type":"EntryPoint","urlTemplate":"https:\/\/sey.fi\/kaakkois-suomi\/?s={search_term_string}"},"query-input":{"@type":"PropertyValueSpecification","valueRequired":true,"valueName":"search_term_string"}}],"inLanguage":"fi"}]}},"_links":{"self":[{"href":"https:\/\/sey.fi\/kaakkois-suomi\/wp-json\/wp\/v2\/pages\/71","targetHints":{"allow":["GET"]}}],"collection":[{"href":"https:\/\/sey.fi\/kaakkois-suomi\/wp-json\/wp\/v2\/pages"}],"about":[{"href":"https:\/\/sey.fi\/kaakkois-suomi\/wp-json\/wp\/v2\/types\/page"}],"author":[{"embeddable":true,"href":"https:\/\/sey.fi\/kaakkois-suomi\/wp-json\/wp\/v2\/users\/8"}],"replies":[{"embeddable":true,"href":"https:\/\/sey.fi\/kaakkois-suomi\/wp-json\/wp\/v2\/comments?post=71"}],"version-history":[{"count":32,"href":"https:\/\/sey.fi\/kaakkois-suomi\/wp-json\/wp\/v2\/pages\/71\/revisions"}],"predecessor-version":[{"id":5629,"href":"https:\/\/sey.fi\/kaakkois-suomi\/wp-json\/wp\/v2\/pages\/71\/revisions\/5629"}],"up":[{"embeddable":true,"href":"https:\/\/sey.fi\/kaakkois-suomi\/wp-json\/wp\/v2\/pages\/69"}],"wp:attachment":[{"href":"https:\/\/sey.fi\/kaakkois-suomi\/wp-json\/wp\/v2\/media?parent=71"}],"curies":[{"name":"wp","href":"https:\/\/api.w.org\/{rel}","templated":true}]}}