{"id":79,"date":"2019-11-01T13:19:23","date_gmt":"2019-11-01T11:19:23","guid":{"rendered":"http:\/\/srvr10.xetpoint.com\/~seyfi\/kaakkois-suomi\/?page_id=79"},"modified":"2021-03-29T13:15:10","modified_gmt":"2021-03-29T10:15:10","slug":"toiminnan-eettiset-ohjeet-ja-arvot","status":"publish","type":"page","link":"https:\/\/sey.fi\/kaakkois-suomi\/kaakkois-suomen-elainsuojeluyhdistys\/yhdistys\/toiminnan-eettiset-ohjeet-ja-arvot\/","title":{"rendered":"Toiminnan eettiset ohjeet ja arvot"},"content":{"rendered":"\n<p>Eettisten ohjeiden tarkoituksena on tukea yhdistyksen j\u00e4senten eettist\u00e4 p\u00e4\u00e4t\u00f6ksentekoa yhdistystoiminnassa. Ohjeet ilmaisevat yhdistyksen ty\u00f6ntekij\u00f6ille, vapaaehtoisille ja muille j\u00e4senille yhdistyksen perusteht\u00e4v\u00e4n ja ty\u00f6n periaatteet.&nbsp;Kev\u00e4tkokouksessa 12.5.2018 vahvistettiin seuraavat yhdistyksen toiminnan eettiset ohjeet ja arvot:<\/p>\n\n\n\n<p>Yhdistyksemme toimintaa ohjaavat kattoj\u00e4rjest\u00f6mme\u00a0<strong><a rel=\"noreferrer noopener\" href=\"https:\/\/www.sey.fi\/mik%C3%A4-sey\/seyn-tavoitteet\/seyn-johtavat-ajatukset\" target=\"_blank\">SEY Suomen el\u00e4insuojelu ry:n Johtavat ajatukset<\/a><\/strong>\u00a0ja\u00a0<strong><a rel=\"noreferrer noopener\" href=\"https:\/\/www.sey.fi\/seytoimii\/seyn-jasenyhdistykset\/jasenyhdistysten-eettiset-ohjeet\" target=\"_blank\">j\u00e4senyhdistysten eettiset ohjeet<\/a><\/strong>. K\u00e4sityksemme on, ett\u00e4:<\/p>\n\n\n\n<ul class=\"wp-block-list\"><li>Jokaisella ihmisell\u00e4 on eettinen, moraalinen ja lainmukainen velvollisuus huolehtia el\u00e4imist\u00e4.<\/li><li>Kaikkien el\u00e4inten perustarpeista on huolehdittava. Jokaisella el\u00e4imell\u00e4 on<ul><li>oikeus&nbsp;veteen ja ruokaan<\/li><li>olla k\u00e4rsim\u00e4tt\u00e4 kivusta, vammoista, sairauksista tai pelosta<\/li><li>vapaus lajinmukaiseen k\u00e4ytt\u00e4ytymiseen.<\/li><\/ul><\/li><li>El\u00e4intenhoidon k\u00e4yt\u00e4nt\u00f6jen tulisi perustua uusimpiin tutkimustuloksiin.<\/li><li>Ihmiset, jotka kohtelevat el\u00e4imi\u00e4 huonosti, on saatettava vastuuseen.<\/li><li>Uskottava el\u00e4inoikeusty\u00f6 edellytt\u00e4\u00e4 ihmisoikeuksien kunnioittamista. Toimintaamme ovat tervetulleita kaikki rotuun, v\u00e4riin, sukupuoleen, seksuaaliseen suuntautumiseen, kieleen, uskontoon, poliittiseen mielipiteeseen, kansalliseen tai yhteiskunnalliseen alkuper\u00e4\u00e4n, omaisuuteen, syntyper\u00e4\u00e4n tai muuhun tekij\u00e4\u00e4n katsomatta ja jotka hyv\u00e4ksyv\u00e4t yhdistyksen tarkoituksen, toimintatavat ja s\u00e4\u00e4nn\u00f6t.<\/li><li>Jokaisella on uskonnon ja omantunnon vapaus. Yhdistys kunnioittaa toiminnassaan j\u00e4sentens\u00e4 uskonnonvapautta, eik\u00e4 ota osaa tunnustukselliseen toimintaan. Sen sijaan yhdistys voi tehd\u00e4 yhteisty\u00f6t\u00e4 uskonnollisten toimijoiden kanssa, jos sill\u00e4 edistet\u00e4\u00e4n suoraan el\u00e4inten hyvinvointia (esim. ruoka-avustus).<\/li><li>Jokaisella on oikeus poliittiseen mielipiteeseen.<\/li><li>Yhdistys on poliittisesti sitoutumaton.<\/li><li>Yhdistys osallistuu aktiivisesti yhteiskunnalliseen keskusteluun.<\/li><\/ul>\n\n\n\n<p>K\u00e4yt\u00e4nn\u00f6n toiminnan eettisi\u00e4 ohjeistuksia:<\/p>\n\n\n\n<p>Jos el\u00e4in on kantavana, sen poikasten annetaan synty\u00e4 mik\u00e4li siit\u00e4 ei ole emon terveydelle vaaraa tai aiheuta kohtuutonta stressi\u00e4.<\/p>\n\n\n\n<p>Ei toivottujen poikasten syntym\u00e4\u00e4 pyrit\u00e4\u00e4n est\u00e4m\u00e4\u00e4n kastroimalla\/steriloimalla.<br><br>El\u00e4in voidaan lopettaa silloin, jos sen hengiss\u00e4 pit\u00e4minen aiheuttaa sille kohtuutonta k\u00e4rsimyst\u00e4. Yhdistyksen el\u00e4imi\u00e4 ei lopeteta esimerkiksi tilanpuutteen takia.<br><br>Yhdistys pyrkii aina auttamaan jollakin tavalla apua tarvitsevia el\u00e4inten omistajia. Apu voi olla esimerkiksi ohjaus yhteisty\u00f6verkostojen antaman avun piiriin.<br><br>Osallistumme vain sellaisiin tapahtumiin, joissa toiminta on s\u00e4\u00e4nt\u00f6jemme ja arvojemme mukaista (esim. kaverikoiratoiminta on hyv\u00e4ksytt\u00e4v\u00e4\u00e4). Emme voi osallistua toimintaan\/tapahtumaan, joka aiheuttaa jollekin el\u00e4imelle stressi\u00e4, k\u00e4rsimyst\u00e4 tai pelkoa. Emme my\u00f6sk\u00e4\u00e4n tue tapahtumia tai toimintaa, joissa el\u00e4int\u00e4 k\u00e4ytet\u00e4\u00e4n kilpailuv\u00e4lineen\u00e4 tai kaupallisessa tarkoituksessa. T\u00e4llaisessa tapahtumassa voidaan kuitenkin k\u00e4yd\u00e4 tekem\u00e4ss\u00e4 valistusty\u00f6t\u00e4.<\/p>\n\n\n\n<h4 class=\"wp-block-heading\"><strong>Arvot<\/strong><\/h4>\n\n\n\n<p>Arvot kuvaavat millaisia olemme ihmisin\u00e4, miten vastaamme asioista, miten ty\u00f6skentelemme, mit\u00e4 voimme saavuttaa ja millaisena meid\u00e4t tunnetaan. Arvot n\u00e4kyv\u00e4t kaikessa toiminnassamme. Arvojen sis\u00e4ist\u00e4minen on perusedellytys ty\u00f6skentelylle, kehittymiselle ja viihtymiselle.&nbsp;Toimimme seuraavien keskeisten arvojemme mukaan:<\/p>\n\n\n\n<p><strong>Kunnioittaen<\/strong><br>Kunnioitamme toisiamme, arvostamme rohkeutta olla suorapuheisia. Osoitamme luotettavuutta noudattamalla sovittuja asioita ja kehitt\u00e4m\u00e4ll\u00e4 osaamistamme. Toimimme kunnioittaen ja luottamuksen arvoisesti el\u00e4inten, ihmisten ja yhteisty\u00f6kumppaneidemme kanssa.\u00a0<\/p>\n\n\n\n<p><strong>Auttaen<\/strong><br>Pyrimme auttamaan kaikkia apua tarvitsevia el\u00e4imi\u00e4 mahdollisuuksiemme mukaan.<\/p>\n\n\n\n<p><strong>Syd\u00e4mell\u00e4<\/strong><br>Osoitamme my\u00f6t\u00e4tuntoa, kun kohtaamme ahdingossa olevia el\u00e4imi\u00e4 tai ihmisi\u00e4.<\/p>\n\n\n\n<p><strong>El\u00e4inten puolesta<\/strong><br>Kaikella el\u00e4m\u00e4ll\u00e4 on itseisarvo ja meill\u00e4 on velvollisuus pit\u00e4\u00e4 huolta el\u00e4inten hyvinvoinnista.<\/p>\n\n\n\n<p><strong>Yhdess\u00e4<\/strong><br>Toimimme hyv\u00e4ss\u00e4 yhteisty\u00f6ss\u00e4 toistemme, muiden ihmisten ja yhteisty\u00f6kumppaneidemme kanssa el\u00e4inten hyvinvoinnin edist\u00e4miseksi.<\/p>\n","protected":false},"excerpt":{"rendered":"<p>Eettisten ohjeiden tarkoituksena on tukea yhdistyksen j\u00e4senten eettist\u00e4 p\u00e4\u00e4t\u00f6ksentekoa yhdistystoiminnassa. Ohjeet ilmaisevat yhdistyksen ty\u00f6ntekij\u00f6ille, vapaaehtoisille ja muille j\u00e4senille yhdistyksen perusteht\u00e4v\u00e4n ja ty\u00f6n periaatteet.&nbsp;Kev\u00e4tkokouksessa 12.5.2018 vahvistettiin seuraavat yhdistyksen toiminnan eettiset ohjeet ja arvot: Yhdistyksemme toimintaa ohjaavat kattoj\u00e4rjest\u00f6mme\u00a0SEY Suomen el\u00e4insuojelu ry:n Johtavat ajatukset\u00a0ja\u00a0j\u00e4senyhdistysten eettiset ohjeet. K\u00e4sityksemme on, ett\u00e4: Jokaisella ihmisell\u00e4 on eettinen, moraalinen ja lainmukainen velvollisuus huolehtia [&hellip;]<\/p>\n","protected":false},"author":8,"featured_media":0,"parent":69,"menu_order":0,"comment_status":"closed","ping_status":"closed","template":"","meta":{"_acf_changed":false,"footnotes":""},"class_list":["post-79","page","type-page","status-publish","hentry"],"acf":[],"yoast_head":"<!-- This site is optimized with the Yoast SEO plugin v27.1.1 - https:\/\/yoast.com\/product\/yoast-seo-wordpress\/ -->\n<title>Toiminnan eettiset ohjeet ja arvot - Kaakkois-Suomen el\u00e4insuojeluyhdistys<\/title>\n<meta name=\"robots\" content=\"index, follow, max-snippet:-1, max-image-preview:large, max-video-preview:-1\" \/>\n<link rel=\"canonical\" href=\"https:\/\/sey.fi\/kaakkois-suomi\/kaakkois-suomen-elainsuojeluyhdistys\/yhdistys\/toiminnan-eettiset-ohjeet-ja-arvot\/\" \/>\n<meta property=\"og:locale\" content=\"fi_FI\" \/>\n<meta property=\"og:type\" content=\"article\" \/>\n<meta property=\"og:title\" content=\"Toiminnan eettiset ohjeet ja arvot - Kaakkois-Suomen el\u00e4insuojeluyhdistys\" \/>\n<meta property=\"og:description\" content=\"Eettisten ohjeiden tarkoituksena on tukea yhdistyksen j\u00e4senten eettist\u00e4 p\u00e4\u00e4t\u00f6ksentekoa yhdistystoiminnassa. Ohjeet ilmaisevat yhdistyksen ty\u00f6ntekij\u00f6ille, vapaaehtoisille ja muille j\u00e4senille yhdistyksen perusteht\u00e4v\u00e4n ja ty\u00f6n periaatteet.&nbsp;Kev\u00e4tkokouksessa 12.5.2018 vahvistettiin seuraavat yhdistyksen toiminnan eettiset ohjeet ja arvot: Yhdistyksemme toimintaa ohjaavat kattoj\u00e4rjest\u00f6mme\u00a0SEY Suomen el\u00e4insuojelu ry:n Johtavat ajatukset\u00a0ja\u00a0j\u00e4senyhdistysten eettiset ohjeet. K\u00e4sityksemme on, ett\u00e4: Jokaisella ihmisell\u00e4 on eettinen, moraalinen ja lainmukainen velvollisuus huolehtia [&hellip;]\" \/>\n<meta property=\"og:url\" content=\"https:\/\/sey.fi\/kaakkois-suomi\/kaakkois-suomen-elainsuojeluyhdistys\/yhdistys\/toiminnan-eettiset-ohjeet-ja-arvot\/\" \/>\n<meta property=\"og:site_name\" content=\"Kaakkois-Suomen el\u00e4insuojeluyhdistys\" \/>\n<meta property=\"article:modified_time\" content=\"2021-03-29T10:15:10+00:00\" \/>\n<meta name=\"twitter:card\" content=\"summary_large_image\" \/>\n<meta name=\"twitter:label1\" content=\"Arvioitu lukuaika\" \/>\n\t<meta name=\"twitter:data1\" content=\"2 minuuttia\" \/>\n<script type=\"application\/ld+json\" class=\"yoast-schema-graph\">{\"@context\":\"https:\/\/schema.org\",\"@graph\":[{\"@type\":\"WebPage\",\"@id\":\"https:\/\/sey.fi\/kaakkois-suomi\/kaakkois-suomen-elainsuojeluyhdistys\/yhdistys\/toiminnan-eettiset-ohjeet-ja-arvot\/\",\"url\":\"https:\/\/sey.fi\/kaakkois-suomi\/kaakkois-suomen-elainsuojeluyhdistys\/yhdistys\/toiminnan-eettiset-ohjeet-ja-arvot\/\",\"name\":\"Toiminnan eettiset ohjeet ja arvot - Kaakkois-Suomen el\u00e4insuojeluyhdistys\",\"isPartOf\":{\"@id\":\"https:\/\/sey.fi\/kaakkois-suomi\/#website\"},\"datePublished\":\"2019-11-01T11:19:23+00:00\",\"dateModified\":\"2021-03-29T10:15:10+00:00\",\"breadcrumb\":{\"@id\":\"https:\/\/sey.fi\/kaakkois-suomi\/kaakkois-suomen-elainsuojeluyhdistys\/yhdistys\/toiminnan-eettiset-ohjeet-ja-arvot\/#breadcrumb\"},\"inLanguage\":\"fi\",\"potentialAction\":[{\"@type\":\"ReadAction\",\"target\":[\"https:\/\/sey.fi\/kaakkois-suomi\/kaakkois-suomen-elainsuojeluyhdistys\/yhdistys\/toiminnan-eettiset-ohjeet-ja-arvot\/\"]}]},{\"@type\":\"BreadcrumbList\",\"@id\":\"https:\/\/sey.fi\/kaakkois-suomi\/kaakkois-suomen-elainsuojeluyhdistys\/yhdistys\/toiminnan-eettiset-ohjeet-ja-arvot\/#breadcrumb\",\"itemListElement\":[{\"@type\":\"ListItem\",\"position\":1,\"name\":\"Home\",\"item\":\"https:\/\/sey.fi\/kaakkois-suomi\/\"},{\"@type\":\"ListItem\",\"position\":2,\"name\":\"Kaakkois-Suomen el\u00e4insuojeluyhdistys\",\"item\":\"https:\/\/sey.fi\/kaakkois-suomi\/\"},{\"@type\":\"ListItem\",\"position\":3,\"name\":\"Yhdistys\",\"item\":\"https:\/\/sey.fi\/kaakkois-suomi\/kaakkois-suomen-elainsuojeluyhdistys\/yhdistys\/\"},{\"@type\":\"ListItem\",\"position\":4,\"name\":\"Toiminnan eettiset ohjeet ja arvot\"}]},{\"@type\":\"WebSite\",\"@id\":\"https:\/\/sey.fi\/kaakkois-suomi\/#website\",\"url\":\"https:\/\/sey.fi\/kaakkois-suomi\/\",\"name\":\"Kaakkois-Suomen el\u00e4insuojeluyhdistys\",\"description\":\"Uusi SEY J\u00e4senyhdistykset -sivusto\",\"potentialAction\":[{\"@type\":\"SearchAction\",\"target\":{\"@type\":\"EntryPoint\",\"urlTemplate\":\"https:\/\/sey.fi\/kaakkois-suomi\/?s={search_term_string}\"},\"query-input\":{\"@type\":\"PropertyValueSpecification\",\"valueRequired\":true,\"valueName\":\"search_term_string\"}}],\"inLanguage\":\"fi\"}]}<\/script>\n<!-- \/ Yoast SEO plugin. -->","yoast_head_json":{"title":"Toiminnan eettiset ohjeet ja arvot - Kaakkois-Suomen el\u00e4insuojeluyhdistys","robots":{"index":"index","follow":"follow","max-snippet":"max-snippet:-1","max-image-preview":"max-image-preview:large","max-video-preview":"max-video-preview:-1"},"canonical":"https:\/\/sey.fi\/kaakkois-suomi\/kaakkois-suomen-elainsuojeluyhdistys\/yhdistys\/toiminnan-eettiset-ohjeet-ja-arvot\/","og_locale":"fi_FI","og_type":"article","og_title":"Toiminnan eettiset ohjeet ja arvot - Kaakkois-Suomen el\u00e4insuojeluyhdistys","og_description":"Eettisten ohjeiden tarkoituksena on tukea yhdistyksen j\u00e4senten eettist\u00e4 p\u00e4\u00e4t\u00f6ksentekoa yhdistystoiminnassa. Ohjeet ilmaisevat yhdistyksen ty\u00f6ntekij\u00f6ille, vapaaehtoisille ja muille j\u00e4senille yhdistyksen perusteht\u00e4v\u00e4n ja ty\u00f6n periaatteet.&nbsp;Kev\u00e4tkokouksessa 12.5.2018 vahvistettiin seuraavat yhdistyksen toiminnan eettiset ohjeet ja arvot: Yhdistyksemme toimintaa ohjaavat kattoj\u00e4rjest\u00f6mme\u00a0SEY Suomen el\u00e4insuojelu ry:n Johtavat ajatukset\u00a0ja\u00a0j\u00e4senyhdistysten eettiset ohjeet. K\u00e4sityksemme on, ett\u00e4: Jokaisella ihmisell\u00e4 on eettinen, moraalinen ja lainmukainen velvollisuus huolehtia [&hellip;]","og_url":"https:\/\/sey.fi\/kaakkois-suomi\/kaakkois-suomen-elainsuojeluyhdistys\/yhdistys\/toiminnan-eettiset-ohjeet-ja-arvot\/","og_site_name":"Kaakkois-Suomen el\u00e4insuojeluyhdistys","article_modified_time":"2021-03-29T10:15:10+00:00","twitter_card":"summary_large_image","twitter_misc":{"Arvioitu lukuaika":"2 minuuttia"},"schema":{"@context":"https:\/\/schema.org","@graph":[{"@type":"WebPage","@id":"https:\/\/sey.fi\/kaakkois-suomi\/kaakkois-suomen-elainsuojeluyhdistys\/yhdistys\/toiminnan-eettiset-ohjeet-ja-arvot\/","url":"https:\/\/sey.fi\/kaakkois-suomi\/kaakkois-suomen-elainsuojeluyhdistys\/yhdistys\/toiminnan-eettiset-ohjeet-ja-arvot\/","name":"Toiminnan eettiset ohjeet ja arvot - Kaakkois-Suomen el\u00e4insuojeluyhdistys","isPartOf":{"@id":"https:\/\/sey.fi\/kaakkois-suomi\/#website"},"datePublished":"2019-11-01T11:19:23+00:00","dateModified":"2021-03-29T10:15:10+00:00","breadcrumb":{"@id":"https:\/\/sey.fi\/kaakkois-suomi\/kaakkois-suomen-elainsuojeluyhdistys\/yhdistys\/toiminnan-eettiset-ohjeet-ja-arvot\/#breadcrumb"},"inLanguage":"fi","potentialAction":[{"@type":"ReadAction","target":["https:\/\/sey.fi\/kaakkois-suomi\/kaakkois-suomen-elainsuojeluyhdistys\/yhdistys\/toiminnan-eettiset-ohjeet-ja-arvot\/"]}]},{"@type":"BreadcrumbList","@id":"https:\/\/sey.fi\/kaakkois-suomi\/kaakkois-suomen-elainsuojeluyhdistys\/yhdistys\/toiminnan-eettiset-ohjeet-ja-arvot\/#breadcrumb","itemListElement":[{"@type":"ListItem","position":1,"name":"Home","item":"https:\/\/sey.fi\/kaakkois-suomi\/"},{"@type":"ListItem","position":2,"name":"Kaakkois-Suomen el\u00e4insuojeluyhdistys","item":"https:\/\/sey.fi\/kaakkois-suomi\/"},{"@type":"ListItem","position":3,"name":"Yhdistys","item":"https:\/\/sey.fi\/kaakkois-suomi\/kaakkois-suomen-elainsuojeluyhdistys\/yhdistys\/"},{"@type":"ListItem","position":4,"name":"Toiminnan eettiset ohjeet ja arvot"}]},{"@type":"WebSite","@id":"https:\/\/sey.fi\/kaakkois-suomi\/#website","url":"https:\/\/sey.fi\/kaakkois-suomi\/","name":"Kaakkois-Suomen el\u00e4insuojeluyhdistys","description":"Uusi SEY J\u00e4senyhdistykset -sivusto","potentialAction":[{"@type":"SearchAction","target":{"@type":"EntryPoint","urlTemplate":"https:\/\/sey.fi\/kaakkois-suomi\/?s={search_term_string}"},"query-input":{"@type":"PropertyValueSpecification","valueRequired":true,"valueName":"search_term_string"}}],"inLanguage":"fi"}]}},"_links":{"self":[{"href":"https:\/\/sey.fi\/kaakkois-suomi\/wp-json\/wp\/v2\/pages\/79","targetHints":{"allow":["GET"]}}],"collection":[{"href":"https:\/\/sey.fi\/kaakkois-suomi\/wp-json\/wp\/v2\/pages"}],"about":[{"href":"https:\/\/sey.fi\/kaakkois-suomi\/wp-json\/wp\/v2\/types\/page"}],"author":[{"embeddable":true,"href":"https:\/\/sey.fi\/kaakkois-suomi\/wp-json\/wp\/v2\/users\/8"}],"replies":[{"embeddable":true,"href":"https:\/\/sey.fi\/kaakkois-suomi\/wp-json\/wp\/v2\/comments?post=79"}],"version-history":[{"count":2,"href":"https:\/\/sey.fi\/kaakkois-suomi\/wp-json\/wp\/v2\/pages\/79\/revisions"}],"predecessor-version":[{"id":1647,"href":"https:\/\/sey.fi\/kaakkois-suomi\/wp-json\/wp\/v2\/pages\/79\/revisions\/1647"}],"up":[{"embeddable":true,"href":"https:\/\/sey.fi\/kaakkois-suomi\/wp-json\/wp\/v2\/pages\/69"}],"wp:attachment":[{"href":"https:\/\/sey.fi\/kaakkois-suomi\/wp-json\/wp\/v2\/media?parent=79"}],"curies":[{"name":"wp","href":"https:\/\/api.w.org\/{rel}","templated":true}]}}