{"id":81,"date":"2019-11-01T13:24:23","date_gmt":"2019-11-01T11:24:23","guid":{"rendered":"http:\/\/srvr10.xetpoint.com\/~seyfi\/kaakkois-suomi\/?page_id=81"},"modified":"2025-05-09T19:26:47","modified_gmt":"2025-05-09T16:26:47","slug":"jasentiedote","status":"publish","type":"page","link":"https:\/\/sey.fi\/kaakkois-suomi\/kaakkois-suomen-elainsuojeluyhdistys\/yhdistys\/jasentiedote\/","title":{"rendered":"J\u00e4sentiedote"},"content":{"rendered":"\n<h3 class=\"wp-block-heading\">T\u00e4\u00e4lt\u00e4 l\u00f6yd\u00e4t yhdistyksen viimeisimm\u00e4t j\u00e4senlehdet pdf-versiona:<\/h3>\n\n\n\n<p>J\u00e4senlehti 2024: Avaa <a href=\"https:\/\/drive.google.com\/file\/d\/15oWG7dz7zqybiKiLHs_Pqp5t1eOZC0g2\/view?usp=sharing\">T\u00c4ST\u00c4<\/a><\/p>\n\n\n\n<p>J\u00e4senlehti 2023: Avaa <a href=\"https:\/\/drive.google.com\/file\/d\/1LqYrmXzXdwIdk53jZnIX4JMC8ATchIc-\/view?usp=drive_link\" target=\"_blank\" rel=\"noreferrer noopener\">T\u00c4ST\u00c4<\/a><\/p>\n\n\n\n<p>J\u00e4senlehti 2022: Avaa <strong><a href=\"https:\/\/drive.google.com\/file\/d\/1c9p5EVy-BuZgyLq_PaNajmxuWGwaT2RJ\/view?usp=share_link\" target=\"_blank\" rel=\"noreferrer noopener\">T\u00c4ST\u00c4<\/a><\/strong><\/p>\n\n\n\n<p>J\u00e4senlehti 2021: Avaa <a href=\"https:\/\/drive.google.com\/file\/d\/1O_hljUszLEg4hDZcX_rAbSpMJwxEHIBs\/view?usp=sharing\"><strong>T\u00c4ST\u00c4<\/strong><\/a><\/p>\n\n\n\n<p>J\u00e4senlehti 2020: Avaa <a rel=\"noreferrer noopener\" aria-label=\"T\u00c4ST\u00c4 (avautuu uudessa v\u00e4lilehdess\u00e4)\" href=\"https:\/\/drive.google.com\/file\/d\/1f_1tUwhpUcy4a2TSM_b8ILpq_saUZLgC\/view?usp=sharing\" target=\"_blank\"><strong>T\u00c4ST\u00c4<\/strong><\/a><\/p>\n\n\n\n<p>J\u00e4senlehti 2019: Avaa <a href=\"https:\/\/drive.google.com\/open?id=16QFeoS3e_a9GULP9DbZ92xkeEPWFNOmt\"><strong>T\u00c4ST\u00c4<\/strong><\/a> <\/p>\n\n\n\n<p>J\u00e4senlehti 2018: Avaa <a href=\"https:\/\/drive.google.com\/open?id=16zSY-lUYN7wlspIbUxDj7U_KMjBEXE0u\"><strong>T\u00c4ST\u00c4<\/strong><\/a><\/p>\n\n\n\n<p>J\u00e4senlehti on l\u00e4hetetty paperisena versiona kaikille j\u00e4senillemme. Jos olet j\u00e4senemme etk\u00e4 ole saanut j\u00e4senlehte\u00e4 postitettuna kotiisi, olethan yhteydess\u00e4 j\u00e4sensihteeriimme, s\u00e4hk\u00f6posti:&nbsp;<a href=\"mailto:kasey.jasensihteeri@gmail.com\"><strong>kasey.jasensihteeri(at)gmail.com<\/strong><\/a><\/p>\n","protected":false},"excerpt":{"rendered":"<p>T\u00e4\u00e4lt\u00e4 l\u00f6yd\u00e4t yhdistyksen viimeisimm\u00e4t j\u00e4senlehdet pdf-versiona: J\u00e4senlehti 2024: Avaa T\u00c4ST\u00c4 J\u00e4senlehti 2023: Avaa T\u00c4ST\u00c4 J\u00e4senlehti 2022: Avaa T\u00c4ST\u00c4 J\u00e4senlehti 2021: Avaa T\u00c4ST\u00c4 J\u00e4senlehti 2020: Avaa T\u00c4ST\u00c4 J\u00e4senlehti 2019: Avaa T\u00c4ST\u00c4 J\u00e4senlehti 2018: Avaa T\u00c4ST\u00c4 J\u00e4senlehti on l\u00e4hetetty paperisena versiona kaikille j\u00e4senillemme. Jos olet j\u00e4senemme etk\u00e4 ole saanut j\u00e4senlehte\u00e4 postitettuna kotiisi, olethan yhteydess\u00e4 j\u00e4sensihteeriimme, s\u00e4hk\u00f6posti:&nbsp;kasey.jasensihteeri(at)gmail.com<\/p>\n","protected":false},"author":8,"featured_media":0,"parent":69,"menu_order":0,"comment_status":"closed","ping_status":"closed","template":"","meta":{"_acf_changed":false,"footnotes":""},"class_list":["post-81","page","type-page","status-publish","hentry"],"acf":[],"yoast_head":"<!-- This site is optimized with the Yoast SEO plugin v27.1.1 - https:\/\/yoast.com\/product\/yoast-seo-wordpress\/ -->\n<title>J\u00e4sentiedote - Kaakkois-Suomen el\u00e4insuojeluyhdistys<\/title>\n<meta name=\"robots\" content=\"index, follow, max-snippet:-1, max-image-preview:large, max-video-preview:-1\" \/>\n<link rel=\"canonical\" href=\"https:\/\/sey.fi\/kaakkois-suomi\/kaakkois-suomen-elainsuojeluyhdistys\/yhdistys\/jasentiedote\/\" \/>\n<meta property=\"og:locale\" content=\"fi_FI\" \/>\n<meta property=\"og:type\" content=\"article\" \/>\n<meta property=\"og:title\" content=\"J\u00e4sentiedote - Kaakkois-Suomen el\u00e4insuojeluyhdistys\" \/>\n<meta property=\"og:description\" content=\"T\u00e4\u00e4lt\u00e4 l\u00f6yd\u00e4t yhdistyksen viimeisimm\u00e4t j\u00e4senlehdet pdf-versiona: J\u00e4senlehti 2024: Avaa T\u00c4ST\u00c4 J\u00e4senlehti 2023: Avaa T\u00c4ST\u00c4 J\u00e4senlehti 2022: Avaa T\u00c4ST\u00c4 J\u00e4senlehti 2021: Avaa T\u00c4ST\u00c4 J\u00e4senlehti 2020: Avaa T\u00c4ST\u00c4 J\u00e4senlehti 2019: Avaa T\u00c4ST\u00c4 J\u00e4senlehti 2018: Avaa T\u00c4ST\u00c4 J\u00e4senlehti on l\u00e4hetetty paperisena versiona kaikille j\u00e4senillemme. Jos olet j\u00e4senemme etk\u00e4 ole saanut j\u00e4senlehte\u00e4 postitettuna kotiisi, olethan yhteydess\u00e4 j\u00e4sensihteeriimme, s\u00e4hk\u00f6posti:&nbsp;kasey.jasensihteeri(at)gmail.com\" \/>\n<meta property=\"og:url\" content=\"https:\/\/sey.fi\/kaakkois-suomi\/kaakkois-suomen-elainsuojeluyhdistys\/yhdistys\/jasentiedote\/\" \/>\n<meta property=\"og:site_name\" content=\"Kaakkois-Suomen el\u00e4insuojeluyhdistys\" \/>\n<meta property=\"article:modified_time\" content=\"2025-05-09T16:26:47+00:00\" \/>\n<meta name=\"twitter:card\" content=\"summary_large_image\" \/>\n<meta name=\"twitter:label1\" content=\"Arvioitu lukuaika\" \/>\n\t<meta name=\"twitter:data1\" content=\"1 minuutti\" \/>\n<script type=\"application\/ld+json\" class=\"yoast-schema-graph\">{\"@context\":\"https:\/\/schema.org\",\"@graph\":[{\"@type\":\"WebPage\",\"@id\":\"https:\/\/sey.fi\/kaakkois-suomi\/kaakkois-suomen-elainsuojeluyhdistys\/yhdistys\/jasentiedote\/\",\"url\":\"https:\/\/sey.fi\/kaakkois-suomi\/kaakkois-suomen-elainsuojeluyhdistys\/yhdistys\/jasentiedote\/\",\"name\":\"J\u00e4sentiedote - Kaakkois-Suomen el\u00e4insuojeluyhdistys\",\"isPartOf\":{\"@id\":\"https:\/\/sey.fi\/kaakkois-suomi\/#website\"},\"datePublished\":\"2019-11-01T11:24:23+00:00\",\"dateModified\":\"2025-05-09T16:26:47+00:00\",\"breadcrumb\":{\"@id\":\"https:\/\/sey.fi\/kaakkois-suomi\/kaakkois-suomen-elainsuojeluyhdistys\/yhdistys\/jasentiedote\/#breadcrumb\"},\"inLanguage\":\"fi\",\"potentialAction\":[{\"@type\":\"ReadAction\",\"target\":[\"https:\/\/sey.fi\/kaakkois-suomi\/kaakkois-suomen-elainsuojeluyhdistys\/yhdistys\/jasentiedote\/\"]}]},{\"@type\":\"BreadcrumbList\",\"@id\":\"https:\/\/sey.fi\/kaakkois-suomi\/kaakkois-suomen-elainsuojeluyhdistys\/yhdistys\/jasentiedote\/#breadcrumb\",\"itemListElement\":[{\"@type\":\"ListItem\",\"position\":1,\"name\":\"Home\",\"item\":\"https:\/\/sey.fi\/kaakkois-suomi\/\"},{\"@type\":\"ListItem\",\"position\":2,\"name\":\"Kaakkois-Suomen el\u00e4insuojeluyhdistys\",\"item\":\"https:\/\/sey.fi\/kaakkois-suomi\/\"},{\"@type\":\"ListItem\",\"position\":3,\"name\":\"Yhdistys\",\"item\":\"https:\/\/sey.fi\/kaakkois-suomi\/kaakkois-suomen-elainsuojeluyhdistys\/yhdistys\/\"},{\"@type\":\"ListItem\",\"position\":4,\"name\":\"J\u00e4sentiedote\"}]},{\"@type\":\"WebSite\",\"@id\":\"https:\/\/sey.fi\/kaakkois-suomi\/#website\",\"url\":\"https:\/\/sey.fi\/kaakkois-suomi\/\",\"name\":\"Kaakkois-Suomen el\u00e4insuojeluyhdistys\",\"description\":\"Uusi SEY J\u00e4senyhdistykset -sivusto\",\"potentialAction\":[{\"@type\":\"SearchAction\",\"target\":{\"@type\":\"EntryPoint\",\"urlTemplate\":\"https:\/\/sey.fi\/kaakkois-suomi\/?s={search_term_string}\"},\"query-input\":{\"@type\":\"PropertyValueSpecification\",\"valueRequired\":true,\"valueName\":\"search_term_string\"}}],\"inLanguage\":\"fi\"}]}<\/script>\n<!-- \/ Yoast SEO plugin. -->","yoast_head_json":{"title":"J\u00e4sentiedote - Kaakkois-Suomen el\u00e4insuojeluyhdistys","robots":{"index":"index","follow":"follow","max-snippet":"max-snippet:-1","max-image-preview":"max-image-preview:large","max-video-preview":"max-video-preview:-1"},"canonical":"https:\/\/sey.fi\/kaakkois-suomi\/kaakkois-suomen-elainsuojeluyhdistys\/yhdistys\/jasentiedote\/","og_locale":"fi_FI","og_type":"article","og_title":"J\u00e4sentiedote - Kaakkois-Suomen el\u00e4insuojeluyhdistys","og_description":"T\u00e4\u00e4lt\u00e4 l\u00f6yd\u00e4t yhdistyksen viimeisimm\u00e4t j\u00e4senlehdet pdf-versiona: J\u00e4senlehti 2024: Avaa T\u00c4ST\u00c4 J\u00e4senlehti 2023: Avaa T\u00c4ST\u00c4 J\u00e4senlehti 2022: Avaa T\u00c4ST\u00c4 J\u00e4senlehti 2021: Avaa T\u00c4ST\u00c4 J\u00e4senlehti 2020: Avaa T\u00c4ST\u00c4 J\u00e4senlehti 2019: Avaa T\u00c4ST\u00c4 J\u00e4senlehti 2018: Avaa T\u00c4ST\u00c4 J\u00e4senlehti on l\u00e4hetetty paperisena versiona kaikille j\u00e4senillemme. Jos olet j\u00e4senemme etk\u00e4 ole saanut j\u00e4senlehte\u00e4 postitettuna kotiisi, olethan yhteydess\u00e4 j\u00e4sensihteeriimme, s\u00e4hk\u00f6posti:&nbsp;kasey.jasensihteeri(at)gmail.com","og_url":"https:\/\/sey.fi\/kaakkois-suomi\/kaakkois-suomen-elainsuojeluyhdistys\/yhdistys\/jasentiedote\/","og_site_name":"Kaakkois-Suomen el\u00e4insuojeluyhdistys","article_modified_time":"2025-05-09T16:26:47+00:00","twitter_card":"summary_large_image","twitter_misc":{"Arvioitu lukuaika":"1 minuutti"},"schema":{"@context":"https:\/\/schema.org","@graph":[{"@type":"WebPage","@id":"https:\/\/sey.fi\/kaakkois-suomi\/kaakkois-suomen-elainsuojeluyhdistys\/yhdistys\/jasentiedote\/","url":"https:\/\/sey.fi\/kaakkois-suomi\/kaakkois-suomen-elainsuojeluyhdistys\/yhdistys\/jasentiedote\/","name":"J\u00e4sentiedote - Kaakkois-Suomen el\u00e4insuojeluyhdistys","isPartOf":{"@id":"https:\/\/sey.fi\/kaakkois-suomi\/#website"},"datePublished":"2019-11-01T11:24:23+00:00","dateModified":"2025-05-09T16:26:47+00:00","breadcrumb":{"@id":"https:\/\/sey.fi\/kaakkois-suomi\/kaakkois-suomen-elainsuojeluyhdistys\/yhdistys\/jasentiedote\/#breadcrumb"},"inLanguage":"fi","potentialAction":[{"@type":"ReadAction","target":["https:\/\/sey.fi\/kaakkois-suomi\/kaakkois-suomen-elainsuojeluyhdistys\/yhdistys\/jasentiedote\/"]}]},{"@type":"BreadcrumbList","@id":"https:\/\/sey.fi\/kaakkois-suomi\/kaakkois-suomen-elainsuojeluyhdistys\/yhdistys\/jasentiedote\/#breadcrumb","itemListElement":[{"@type":"ListItem","position":1,"name":"Home","item":"https:\/\/sey.fi\/kaakkois-suomi\/"},{"@type":"ListItem","position":2,"name":"Kaakkois-Suomen el\u00e4insuojeluyhdistys","item":"https:\/\/sey.fi\/kaakkois-suomi\/"},{"@type":"ListItem","position":3,"name":"Yhdistys","item":"https:\/\/sey.fi\/kaakkois-suomi\/kaakkois-suomen-elainsuojeluyhdistys\/yhdistys\/"},{"@type":"ListItem","position":4,"name":"J\u00e4sentiedote"}]},{"@type":"WebSite","@id":"https:\/\/sey.fi\/kaakkois-suomi\/#website","url":"https:\/\/sey.fi\/kaakkois-suomi\/","name":"Kaakkois-Suomen el\u00e4insuojeluyhdistys","description":"Uusi SEY J\u00e4senyhdistykset -sivusto","potentialAction":[{"@type":"SearchAction","target":{"@type":"EntryPoint","urlTemplate":"https:\/\/sey.fi\/kaakkois-suomi\/?s={search_term_string}"},"query-input":{"@type":"PropertyValueSpecification","valueRequired":true,"valueName":"search_term_string"}}],"inLanguage":"fi"}]}},"_links":{"self":[{"href":"https:\/\/sey.fi\/kaakkois-suomi\/wp-json\/wp\/v2\/pages\/81","targetHints":{"allow":["GET"]}}],"collection":[{"href":"https:\/\/sey.fi\/kaakkois-suomi\/wp-json\/wp\/v2\/pages"}],"about":[{"href":"https:\/\/sey.fi\/kaakkois-suomi\/wp-json\/wp\/v2\/types\/page"}],"author":[{"embeddable":true,"href":"https:\/\/sey.fi\/kaakkois-suomi\/wp-json\/wp\/v2\/users\/8"}],"replies":[{"embeddable":true,"href":"https:\/\/sey.fi\/kaakkois-suomi\/wp-json\/wp\/v2\/comments?post=81"}],"version-history":[{"count":11,"href":"https:\/\/sey.fi\/kaakkois-suomi\/wp-json\/wp\/v2\/pages\/81\/revisions"}],"predecessor-version":[{"id":5252,"href":"https:\/\/sey.fi\/kaakkois-suomi\/wp-json\/wp\/v2\/pages\/81\/revisions\/5252"}],"up":[{"embeddable":true,"href":"https:\/\/sey.fi\/kaakkois-suomi\/wp-json\/wp\/v2\/pages\/69"}],"wp:attachment":[{"href":"https:\/\/sey.fi\/kaakkois-suomi\/wp-json\/wp\/v2\/media?parent=81"}],"curies":[{"name":"wp","href":"https:\/\/api.w.org\/{rel}","templated":true}]}}