{"id":85,"date":"2019-11-01T13:26:00","date_gmt":"2019-11-01T11:26:00","guid":{"rendered":"http:\/\/srvr10.xetpoint.com\/~seyfi\/kaakkois-suomi\/?page_id=85"},"modified":"2025-11-21T15:51:11","modified_gmt":"2025-11-21T13:51:11","slug":"rekisteri-ja-tietosuojaseloste","status":"publish","type":"page","link":"https:\/\/sey.fi\/kaakkois-suomi\/kaakkois-suomen-elainsuojeluyhdistys\/yhdistys\/rekisteri-ja-tietosuojaseloste\/","title":{"rendered":"Rekisteri- ja tietosuojaseloste"},"content":{"rendered":"\n<h4 class=\"wp-block-heading\"><strong>Kaakkois-Suomen el\u00e4insuojeluyhdistys ry:n rekisteri &#8211; ja tietosuojaseloste<\/strong><\/h4>\n\n\n\n<p>Kaakkois-Suomen el\u00e4insuojeluyhdistys ry&nbsp;noudattaa tietosuoja-asioissaan ja rekisterien k\u00e4sittelyss\u00e4 EU:n tietosuoja-asetusta (GDPR) sek\u00e4 soveltuvaa kansallista lains\u00e4\u00e4d\u00e4nt\u00f6\u00e4. Rekisterinpit\u00e4j\u00e4ll\u00e4 on tietosuoja-asetuksen mukaan velvollisuus informoida selke\u00e4ll\u00e4 tavalla rekister\u00f6ityj\u00e4. T\u00e4m\u00e4 seloste t\u00e4ytt\u00e4\u00e4 informointivelvoitteen.<\/p>\n\n\n\n<p>Tietosuojaselosteen p\u00e4\u00e4kohdat:<\/p>\n\n\n\n<ol class=\"wp-block-list\">\n<li>Rekisterinpit\u00e4j\u00e4<\/li>\n\n\n\n<li>Rekister\u00f6idyt<\/li>\n\n\n\n<li>Rekisterin pit\u00e4misen peruste ja k\u00e4ytt\u00f6tarkoitus<\/li>\n\n\n\n<li>Rekisteriin tallennettavat henkil\u00f6tiedot<\/li>\n\n\n\n<li>Rekister\u00f6idyn oikeudet<\/li>\n\n\n\n<li>S\u00e4\u00e4nn\u00f6nmukaiset tietol\u00e4hteet<\/li>\n\n\n\n<li>S\u00e4\u00e4nn\u00f6nmukaiset tietojen luovutukset<\/li>\n\n\n\n<li>K\u00e4sittelyn kesto<\/li>\n\n\n\n<li>Henkil\u00f6tietojen k\u00e4sittelij\u00e4t<\/li>\n\n\n\n<li>Tietojen siirto EU:n ulkopuolelle<\/li>\n\n\n\n<li>Tietoturva<\/li>\n\n\n\n<li>Automaattinen p\u00e4\u00e4t\u00f6ksenteko ja profilointi<\/li>\n\n\n\n<li>Yhteydenotto<\/li>\n\n\n\n<li>Muutokset t\u00e4h\u00e4n tietosuojaselosteeseen<\/li>\n<\/ol>\n\n\n\n<p><strong>1. Rekisterinpit\u00e4j\u00e4<\/strong><br>Kaakkois-Suomen el\u00e4insuojeluyhdistys ry&nbsp;(Y-tunnus 2167909-1)<\/p>\n\n\n\n<p>Yhteystiedot:<br>It\u00e4inen Kanavatie 6<br>53420 Lappeenranta<\/p>\n\n\n\n<p>puh. 050 555 1186<br>s\u00e4hk\u00f6posti:&nbsp;<a href=\"mailto:kaakkoissuomensey@gmail.com\"><strong>kaakkoissuomensey@gmail.com<\/strong><\/a><\/p>\n\n\n\n<p><strong>2. Rekister\u00f6idyt<\/strong><br>Rekisteriss\u00e4 k\u00e4sitell\u00e4\u00e4n asiakkaiden, potentiaalisten asiakkaiden, j\u00e4senien, ty\u00f6ntekij\u00f6iden, luottamushenkil\u00f6iden, yhteisty\u00f6kumppaneiden sek\u00e4 vapaaehtoiseksi, kilpailuihin ja arvontoihin sek\u00e4 tapahtumiin ilmoittautuneiden tai osallistuneiden henkil\u00f6tietoja.<\/p>\n\n\n\n<p><strong>3. Rekisterin pit\u00e4misen peruste ja k\u00e4ytt\u00f6tarkoitus<\/strong><br>Kaakkois-Suomen el\u00e4insuojeluyhdistys ry:n henkil\u00f6tietojen k\u00e4sittelyn tarkoituksena on asiakas- ja sidosryhm\u00e4suhteiden tai muiden niihin verrattavien suhteiden sek\u00e4 niist\u00e4 johtuvien velvoitteiden hoitaminen; Kaakkois-Suomen el\u00e4insuojeluyhdistys ry:n nykyisten ja tulevien palveluiden ja\/tai tuotteiden suunnittelun, toteutuksen, yll\u00e4pidon ja edelleen kehitt\u00e4misen mahdollistaminen sek\u00e4 lis\u00e4arvon luominen Kaakkois-Suomen el\u00e4insuojeluyhdistys ry:lle; asiakas- ja sidosryhm\u00e4yhteydenpito; markkinointitoimenpiteiden suorittaminen; sek\u00e4 mielipide- ja markkinointitutkimus.<\/p>\n\n\n\n<p>Henkil\u00f6tietoja k\u00e4sitell\u00e4\u00e4n vain Kaakkois-Suomen el\u00e4insuojeluyhdistys ry:n omien s\u00e4\u00e4nt\u00f6jen sallimissa rekistereiss\u00e4 yhdistyksen toiminnan sujuvuuden mahdollistamiseksi sek\u00e4 el\u00e4inten turvallisuuden ja hyvinvoinnin varmistamiseksi.<\/p>\n\n\n\n<p><strong>4. Rekisteriin tallennettavat henkil\u00f6tiedot<\/strong><br>Rekisteri voi pit\u00e4\u00e4 sis\u00e4ll\u00e4\u00e4n seuraavia henkil\u00f6tietoja:<\/p>\n\n\n\n<ul class=\"wp-block-list\">\n<li>koko nimi ja yhteystiedot (esim. postiosoite, s\u00e4hk\u00f6postiosoite, puhelinnumero sek\u00e4 maa);<\/li>\n\n\n\n<li>yksil\u00f6intitiedot (esim. sukupuoli ja syntym\u00e4vuosi);<\/li>\n\n\n\n<li>asiakkuuden ja sidosryhm\u00e4suhteen hoitamiseksi tarpeelliset tiedot (esim. asiakasnumero, asiakasryhm\u00e4, \u00e4idinkieli, uutiskirjeen l\u00e4hetysmuoto ja -aika, lahjoitus- ja maksutiedot, pankkitilitiedot sek\u00e4 asiointia koskevat muut tarpeelliset tiedot);<\/li>\n\n\n\n<li>laitetta tai yhteytt\u00e4 koskevat tiedot (kuten kuten www-sivuston osoitteet, laitetunnus, MAC-osoite, laitteistomalli, k\u00e4ytt\u00f6j\u00e4rjestelm\u00e4 sek\u00e4 IP-osoite); sek\u00e4<\/li>\n\n\n\n<li>muut\u00a0Kaakkois-Suomen el\u00e4insuojeluyhdistys ry:n\u00a0j\u00e4rjest\u00e4mien tapahtumien, kampanjoiden, luottamushenkil\u00f6toiminnan, vapaaehtoistoiminnan ja tukemisen asianmukaisen ja onnistuneen j\u00e4rjest\u00e4misen sek\u00e4 niihin osallistumisen kannalta tarpeelliset tiedot.<\/li>\n<\/ul>\n\n\n\n<p><strong>5. Rekister\u00f6idyn oikeudet<\/strong><br>Rekister\u00f6idyll\u00e4 on seuraavat oikeudet, joiden k\u00e4ytt\u00e4mist\u00e4 koskevat pyynn\u00f6t tulee tehd\u00e4 osoitteeseen&nbsp;<a href=\"mailto:kaakkoissuomensey@gmail.com\"><strong>kaakkoissuomensey@gmail.com<\/strong><\/a>&nbsp;tai kirjallisesti osoitteeseen:<br>Kaakkois-Suomen el\u00e4insuojeluyhdistys ry<br>c\/o Tilitoimisto Huurtomaa, Valtakatu 36 A 2, 53100 Lappeenranta<\/p>\n\n\n\n<p><strong>Tarkastusoikeus<\/strong><br>Rekister\u00f6ity voi tarkastaa rekisteriin tallennetut henkil\u00f6tiedot.<\/p>\n\n\n\n<p><strong>Oikeus tietojen oikaisemiseen<\/strong><br>Rekister\u00f6ity voi pyyt\u00e4\u00e4 oikaisemaan h\u00e4nt\u00e4 koskevat virheelliset, puutteelliset ja\/tai vanhentuneet tiedot.<\/p>\n\n\n\n<p><strong>Vastustamisoikeus<\/strong><br>Rekister\u00f6ity voi vastustaa henkil\u00f6tietojen k\u00e4sittely\u00e4, mik\u00e4li kokee, ett\u00e4 henkil\u00f6tietoja on k\u00e4sitelty lainvastaisesti.<\/p>\n\n\n\n<p><strong>Suoramarkkinointikielto<\/strong><br>Rekister\u00f6idyll\u00e4 on oikeus kielt\u00e4\u00e4 tietojen k\u00e4ytt\u00e4minen suoramarkkinointiin.<\/p>\n\n\n\n<p><strong>Poisto-oikeus<\/strong><br>Rekister\u00f6idyll\u00e4 on oikeus pyyt\u00e4\u00e4 tietojen poistamista, jos tietojen k\u00e4sittely ei ole tarpeen.&nbsp;Kaakkois-Suomen el\u00e4insuojeluyhdistys ry&nbsp;k\u00e4sittelee poistopyynn\u00f6n, jonka j\u00e4lkeen joko tiedot poistetaan ilman aiheetonta viivytyst\u00e4 tai ilmoitetaan perusteltu syy, miksi tietoja ei voida poistaa.<\/p>\n\n\n\n<p>On huomioitava, ett\u00e4 rekisterinpit\u00e4j\u00e4ll\u00e4 voi olla lakis\u00e4\u00e4teinen tai muu oikeus olla poistamatta pyydetty\u00e4 tietoa. Rekisterinpit\u00e4j\u00e4ll\u00e4 on velvollisuus s\u00e4ilytt\u00e4\u00e4 kirjanpitoaineisto Kirjanpitolaissa (luku 2, 10 \u00a7) m\u00e4\u00e4ritellyn ajan (10 vuotta) mukaisesti. T\u00e4m\u00e4n vuoksi kirjanpitoon liittyv\u00e4\u00e4 aineistoa ei voida poistaa ennen m\u00e4\u00e4r\u00e4ajan umpeutumista.<\/p>\n\n\n\n<p><strong>Suostumuksen peruuttaminen<\/strong><br>Jos rekister\u00f6ity\u00e4 koskeva henkil\u00f6tietojen k\u00e4sittely perustuu ainoastaan suostumukseen, eik\u00e4 esim. asiakkuuteen tai j\u00e4senyyteen, voi rekister\u00f6ity peruuttaa suostumuksen.<\/p>\n\n\n\n<p><strong>Valitusoikeus<\/strong><br>Rekister\u00f6idyll\u00e4 on oikeus tehd\u00e4 tietosuojavaltuutetulle kantelu, jos h\u00e4n kokee, ett\u00e4 henkil\u00f6tietoja k\u00e4sitelt\u00e4ess\u00e4 rikotaan lakia tai voimassa olevaa tietosuojalains\u00e4\u00e4d\u00e4nt\u00f6\u00e4.<br>Tietosuojavaltuutetun yhteystiedot:&nbsp;<a rel=\"noreferrer noopener\" href=\"http:\/\/www.tietosuoja.fi\/fi\/index\/yhteystiedot.html\" target=\"_blank\"><strong>www.tietosuoja.fi\/fi\/index\/yhteystiedot.html<\/strong><\/a><\/p>\n\n\n\n<p>Rekister\u00f6idyll\u00e4 on oikeus vaatia kiistanalaisten tietojen k\u00e4sittelyn rajoittamista siksi aikaa, kunnes asia saadaan ratkaistua.<\/p>\n\n\n\n<p><strong>6. S\u00e4\u00e4nn\u00f6nmukaiset tietol\u00e4hteet<\/strong><br>Rekisteriin ker\u00e4tt\u00e4v\u00e4t henkil\u00f6tiedot ovat p\u00e4\u00e4asiassa rekister\u00f6idyn itsens\u00e4 Kaakkois-Suomen el\u00e4insuojeluyhdistys ry:lle antamia tietoja tai verkkosivuston k\u00e4yt\u00f6st\u00e4 muodostettuja tietoja. Tietoja saadaan rekister\u00f6idylt\u00e4 mm. www-lomakkeilla, s\u00e4hk\u00f6postitse, puhelimitse, sosiaalisen median palvelujen kautta, sopimuksista,asiakastapaamisista tai vastaavista tilaisuuksista ja muista tilanteista joissa henkil\u00f6 luovuttaa tietojaan.<\/p>\n\n\n\n<p>Kaakkois-Suomen el\u00e4insuojeluyhdistys ry&nbsp;ker\u00e4\u00e4 henkil\u00f6tietoja suoraan esimerkiksi seuraavissa yhteyksiss\u00e4:<\/p>\n\n\n\n<ul class=\"wp-block-list\">\n<li>Kaakkois-Suomen el\u00e4insuojeluyhdistys ry:n verkkosivustoa k\u00e4ytett\u00e4ess\u00e4;<\/li>\n\n\n\n<li>uutiskirjett\u00e4 tai muuta materiaalia tilattaessa;<\/li>\n\n\n\n<li>palautetta annettaessa tai muutoin Kaakkois-Suomen el\u00e4insuojeluyhdistys ry:een yhteydess\u00e4 oltaessa;<\/li>\n\n\n\n<li>Kaakkois-Suomen el\u00e4insuojeluyhdistys ry:n asiakaskyselyihin vastattaessa;<\/li>\n\n\n\n<li>ilmoittauduttaessa ja osallistuttaessa Kaakkois-Suomen el\u00e4insuojeluyhdistys ry:n j\u00e4rjest\u00e4m\u00e4\u00e4n toimintaan, tapahtumiin, kampanjoihin, vapaaehtoistoimintaan ja tukemiseen; sek\u00e4<\/li>\n\n\n\n<li>osallistuttaessa Kaakkois-Suomen el\u00e4insuojeluyhdistys ry:n j\u00e4rjest\u00e4miin kilpailuihin ja arvontoihin.<\/li>\n<\/ul>\n\n\n\n<p>Mik\u00e4li rekisteriin annetaan muita kuin rekister\u00f6ity\u00e4 itse\u00e4\u00e4n koskevia tietoja, tulee tiedonantajan vakuuttaa, ett\u00e4 h\u00e4nell\u00e4 on oikeus t\u00e4llaisten tietojen ilmoittamiseen.<\/p>\n\n\n\n<p><strong>7. S\u00e4\u00e4nn\u00f6nmukaiset tietojen luovutukset<\/strong><br>Tietoja ei p\u00e4\u00e4s\u00e4\u00e4nt\u00f6isesti luovuteta markkinointitarkoituksiin Kaakkois-Suomen el\u00e4insuojeluyhdistys ry:n ulkopuolelle. Henkil\u00f6tietoja luovutetaan ainoastaan toimivaltaisten viranomaisten tai muiden tahojen esitt\u00e4mien vaatimusten edellytt\u00e4m\u00e4ll\u00e4, kulloinkin voimassaolevaan lains\u00e4\u00e4d\u00e4nt\u00f6\u00f6n perustuvalla tavalla tai mik\u00e4li&nbsp;Kaakkois-Suomen el\u00e4insuojeluyhdistys ry katsoo muutoin harkintansa perusteella olevan perusteltu syy tietojen luovuttamiseen.<\/p>\n\n\n\n<p><strong>8. K\u00e4sittelyn kesto<\/strong><br>Henkil\u00f6tietoja s\u00e4ilytet\u00e4\u00e4n vain niin kauan kuin on tarpeen kohdassa 3 m\u00e4\u00e4riteltyjen tarkoitusten toteuttamiseksi kulloinkin voimassaolevan lains\u00e4\u00e4d\u00e4nn\u00f6n mukaisesti.<\/p>\n\n\n\n<p><strong>9. Henkil\u00f6tietojen k\u00e4sittelij\u00e4t<\/strong><br>Kaakkois-Suomen el\u00e4insuojeluyhdistys ry:n valtuuttamat henkil\u00f6t voivat k\u00e4sitell\u00e4 henkil\u00f6tietoja kulloinkin voimassaolevan lains\u00e4\u00e4d\u00e4nn\u00f6n mukaisesti ja muutoin asianmukaisesti. Tarvittaessa henkil\u00f6tietojen k\u00e4sittely voidaan ulkoistaa kolmannelle osapuolelle kuten esimerkiksi tilitoimistolle.<\/p>\n\n\n\n<p>Kaakkois-Suomen el\u00e4insuojeluyhdistys ry&nbsp;on antanut j\u00e4senrekisterins\u00e4 yll\u00e4pidon kattoj\u00e4rjest\u00f6ns\u00e4 SEY Suomen El\u00e4insuojeluyhdistysten liitto ry:n teht\u00e4v\u00e4ksi.<\/p>\n\n\n\n<p><strong>10. Tietojen siirto EU:n ulkopuolelle<\/strong><br>Henkil\u00f6tietoja ei p\u00e4\u00e4s\u00e4\u00e4nt\u00f6isesti siirret\u00e4 EU:n tai Euroopan talousalueen ulkopuolelle, ellei se ole henkil\u00f6tietojen k\u00e4sittelyn tarkoituksien tai tietojen k\u00e4sittelyn teknisen toteuttamisen kannalta tarpeellista, jolloin tietojen siirrossa noudatetaan henkil\u00f6tietolains\u00e4\u00e4d\u00e4nn\u00f6n vaatimuksia.<\/p>\n\n\n\n<p><strong>11. Tietoturva<\/strong><br>Kaakkois-Suomen el\u00e4insuojeluyhdistys ry&nbsp;pyrkii kohtuullisin teknisin ja organisatorisin toimin suojelemaan henkil\u00f6tietoja esimerkiksi luvattomalta p\u00e4\u00e4sylt\u00e4, vahingossa tai laittomasti tapahtuvalta tietojen h\u00e4vitt\u00e4miselt\u00e4, v\u00e4\u00e4rink\u00e4yt\u00f6kselt\u00e4, siirt\u00e4miselt\u00e4, luovuttamiselta tai muulta laittomalta k\u00e4sittelylt\u00e4.<\/p>\n\n\n\n<p>Kaakkois-Suomen el\u00e4insuojeluyhdistys ry&nbsp;rajoittaa henkil\u00f6tietoja k\u00e4sittelevien henkil\u00f6iden piiri\u00e4 niin, ett\u00e4 tietoihin p\u00e4\u00e4sev\u00e4t k\u00e4siksi vain ne Kaakkois-Suomen el\u00e4insuojeluyhdistys ry:n toimijat, joiden on teht\u00e4viens\u00e4 perusteella tarpeellista k\u00e4sitell\u00e4 henkil\u00f6tietoja. S\u00e4hk\u00f6iset rekisterit ja niihin tallennetut tiedot on suojattu yksil\u00f6llisin k\u00e4ytt\u00e4j\u00e4tunnuksin ja salasanoin. Manuaalinen aineisto s\u00e4ilytet\u00e4\u00e4n lukitussa tilassa.<\/p>\n\n\n\n<p>Tietoturvaloukkauksista ilmoitetaan rekister\u00f6idylle sek\u00e4 toimivaltaiselle valvontaviranomaiselle.<\/p>\n\n\n\n<p><strong>12. Automaattinen p\u00e4\u00e4t\u00f6ksenteko ja profilointi<\/strong><br>Henkil\u00f6tietoja ei k\u00e4ytet\u00e4 automaattiseen p\u00e4\u00e4t\u00f6ksentekoon tai profilointiin.<\/p>\n\n\n\n<p><strong>13. Yhteydenotto<\/strong><br>Rekister\u00f6idyn oikeuksien k\u00e4ytt\u00e4mist\u00e4 koskevat pyynn\u00f6t, kysymykset t\u00e4st\u00e4 tietosuojaselosteesta ja muut yhteydenotot tulee tehd\u00e4 ensi sijassa s\u00e4hk\u00f6postitse osoitteeseen&nbsp;<a href=\"mailto:kaakkoissuomensey@gmail.com\"><strong>kaakkoissuomensey(at)gmail.com<\/strong><\/a>&nbsp;tai kirjallisesti osoitteeseen:<br><br>Kaakkois-Suomen el\u00e4insuojeluyhdistys ry<br>\u2105 Tilitoimisto Huurtomaa<br>Valtakatu 36 A 2<br>53100 Lappeenranta.<\/p>\n\n\n\n<p>K\u00e4yntiosoite:<br>Kaakkois-Suomen el\u00e4insuojeluyhdistys ry<br>It\u00e4inen Kanavatie 6<br>53420 Lappeenranta<\/p>\n\n\n\n<p>puh. 050 555 1186<br>s\u00e4hk\u00f6posti:&nbsp;<a href=\"mailto:kaakkoissuomensey@gmail.com\"><strong>kaakkoissuomensey(at)gmail.com<\/strong><\/a><\/p>\n\n\n\n<p><strong>14. Muutokset t\u00e4h\u00e4n tietosuojaselosteeseen<\/strong><br>Kaakkois-Suomen el\u00e4insuojeluyhdistys ry&nbsp;kehitt\u00e4\u00e4 toimintaansa jatkuvasti ja pid\u00e4tt\u00e4\u00e4 itsell\u00e4\u00e4n oikeuden muuttaa t\u00e4t\u00e4 tietosuojaselostetta. Muutokset voivat perustua my\u00f6s lains\u00e4\u00e4d\u00e4nn\u00f6n muuttumiseen. Kaakkois-Suomen el\u00e4insuojeluyhdistys ry suosittelee tutustumaan tietosuojaselosteen sis\u00e4lt\u00f6\u00f6n s\u00e4\u00e4nn\u00f6llisesti.<\/p>\n\n\n\n<p><em>T\u00e4m\u00e4 seloste on julkaistu 18.5.2018 ja muokattu 22.7.2019 (nimenmuutos).<\/em><\/p>\n","protected":false},"excerpt":{"rendered":"<p>Kaakkois-Suomen el\u00e4insuojeluyhdistys ry:n rekisteri &#8211; ja tietosuojaseloste Kaakkois-Suomen el\u00e4insuojeluyhdistys ry&nbsp;noudattaa tietosuoja-asioissaan ja rekisterien k\u00e4sittelyss\u00e4 EU:n tietosuoja-asetusta (GDPR) sek\u00e4 soveltuvaa kansallista lains\u00e4\u00e4d\u00e4nt\u00f6\u00e4. Rekisterinpit\u00e4j\u00e4ll\u00e4 on tietosuoja-asetuksen mukaan velvollisuus informoida selke\u00e4ll\u00e4 tavalla rekister\u00f6ityj\u00e4. T\u00e4m\u00e4 seloste t\u00e4ytt\u00e4\u00e4 informointivelvoitteen. Tietosuojaselosteen p\u00e4\u00e4kohdat: 1. Rekisterinpit\u00e4j\u00e4Kaakkois-Suomen el\u00e4insuojeluyhdistys ry&nbsp;(Y-tunnus 2167909-1) Yhteystiedot:It\u00e4inen Kanavatie 653420 Lappeenranta puh. 050 555 1186s\u00e4hk\u00f6posti:&nbsp;kaakkoissuomensey@gmail.com 2. Rekister\u00f6idytRekisteriss\u00e4 k\u00e4sitell\u00e4\u00e4n asiakkaiden, potentiaalisten asiakkaiden, [&hellip;]<\/p>\n","protected":false},"author":8,"featured_media":0,"parent":69,"menu_order":0,"comment_status":"closed","ping_status":"closed","template":"","meta":{"_acf_changed":false,"footnotes":""},"class_list":["post-85","page","type-page","status-publish","hentry"],"acf":[],"yoast_head":"<!-- This site is optimized with the Yoast SEO plugin v27.1.1 - https:\/\/yoast.com\/product\/yoast-seo-wordpress\/ -->\n<title>Rekisteri- ja tietosuojaseloste - Kaakkois-Suomen el\u00e4insuojeluyhdistys<\/title>\n<meta name=\"robots\" content=\"index, follow, max-snippet:-1, max-image-preview:large, max-video-preview:-1\" \/>\n<link rel=\"canonical\" href=\"https:\/\/sey.fi\/kaakkois-suomi\/kaakkois-suomen-elainsuojeluyhdistys\/yhdistys\/rekisteri-ja-tietosuojaseloste\/\" \/>\n<meta property=\"og:locale\" content=\"fi_FI\" \/>\n<meta property=\"og:type\" content=\"article\" \/>\n<meta property=\"og:title\" content=\"Rekisteri- ja tietosuojaseloste - Kaakkois-Suomen el\u00e4insuojeluyhdistys\" \/>\n<meta property=\"og:description\" content=\"Kaakkois-Suomen el\u00e4insuojeluyhdistys ry:n rekisteri &#8211; ja tietosuojaseloste Kaakkois-Suomen el\u00e4insuojeluyhdistys ry&nbsp;noudattaa tietosuoja-asioissaan ja rekisterien k\u00e4sittelyss\u00e4 EU:n tietosuoja-asetusta (GDPR) sek\u00e4 soveltuvaa kansallista lains\u00e4\u00e4d\u00e4nt\u00f6\u00e4. Rekisterinpit\u00e4j\u00e4ll\u00e4 on tietosuoja-asetuksen mukaan velvollisuus informoida selke\u00e4ll\u00e4 tavalla rekister\u00f6ityj\u00e4. T\u00e4m\u00e4 seloste t\u00e4ytt\u00e4\u00e4 informointivelvoitteen. Tietosuojaselosteen p\u00e4\u00e4kohdat: 1. Rekisterinpit\u00e4j\u00e4Kaakkois-Suomen el\u00e4insuojeluyhdistys ry&nbsp;(Y-tunnus 2167909-1) Yhteystiedot:It\u00e4inen Kanavatie 653420 Lappeenranta puh. 050 555 1186s\u00e4hk\u00f6posti:&nbsp;kaakkoissuomensey@gmail.com 2. Rekister\u00f6idytRekisteriss\u00e4 k\u00e4sitell\u00e4\u00e4n asiakkaiden, potentiaalisten asiakkaiden, [&hellip;]\" \/>\n<meta property=\"og:url\" content=\"https:\/\/sey.fi\/kaakkois-suomi\/kaakkois-suomen-elainsuojeluyhdistys\/yhdistys\/rekisteri-ja-tietosuojaseloste\/\" \/>\n<meta property=\"og:site_name\" content=\"Kaakkois-Suomen el\u00e4insuojeluyhdistys\" \/>\n<meta property=\"article:modified_time\" content=\"2025-11-21T13:51:11+00:00\" \/>\n<meta name=\"twitter:card\" content=\"summary_large_image\" \/>\n<meta name=\"twitter:label1\" content=\"Arvioitu lukuaika\" \/>\n\t<meta name=\"twitter:data1\" content=\"6 minuuttia\" \/>\n<script type=\"application\/ld+json\" class=\"yoast-schema-graph\">{\"@context\":\"https:\/\/schema.org\",\"@graph\":[{\"@type\":\"WebPage\",\"@id\":\"https:\/\/sey.fi\/kaakkois-suomi\/kaakkois-suomen-elainsuojeluyhdistys\/yhdistys\/rekisteri-ja-tietosuojaseloste\/\",\"url\":\"https:\/\/sey.fi\/kaakkois-suomi\/kaakkois-suomen-elainsuojeluyhdistys\/yhdistys\/rekisteri-ja-tietosuojaseloste\/\",\"name\":\"Rekisteri- ja tietosuojaseloste - Kaakkois-Suomen el\u00e4insuojeluyhdistys\",\"isPartOf\":{\"@id\":\"https:\/\/sey.fi\/kaakkois-suomi\/#website\"},\"datePublished\":\"2019-11-01T11:26:00+00:00\",\"dateModified\":\"2025-11-21T13:51:11+00:00\",\"breadcrumb\":{\"@id\":\"https:\/\/sey.fi\/kaakkois-suomi\/kaakkois-suomen-elainsuojeluyhdistys\/yhdistys\/rekisteri-ja-tietosuojaseloste\/#breadcrumb\"},\"inLanguage\":\"fi\",\"potentialAction\":[{\"@type\":\"ReadAction\",\"target\":[\"https:\/\/sey.fi\/kaakkois-suomi\/kaakkois-suomen-elainsuojeluyhdistys\/yhdistys\/rekisteri-ja-tietosuojaseloste\/\"]}]},{\"@type\":\"BreadcrumbList\",\"@id\":\"https:\/\/sey.fi\/kaakkois-suomi\/kaakkois-suomen-elainsuojeluyhdistys\/yhdistys\/rekisteri-ja-tietosuojaseloste\/#breadcrumb\",\"itemListElement\":[{\"@type\":\"ListItem\",\"position\":1,\"name\":\"Home\",\"item\":\"https:\/\/sey.fi\/kaakkois-suomi\/\"},{\"@type\":\"ListItem\",\"position\":2,\"name\":\"Kaakkois-Suomen el\u00e4insuojeluyhdistys\",\"item\":\"https:\/\/sey.fi\/kaakkois-suomi\/\"},{\"@type\":\"ListItem\",\"position\":3,\"name\":\"Yhdistys\",\"item\":\"https:\/\/sey.fi\/kaakkois-suomi\/kaakkois-suomen-elainsuojeluyhdistys\/yhdistys\/\"},{\"@type\":\"ListItem\",\"position\":4,\"name\":\"Rekisteri- ja tietosuojaseloste\"}]},{\"@type\":\"WebSite\",\"@id\":\"https:\/\/sey.fi\/kaakkois-suomi\/#website\",\"url\":\"https:\/\/sey.fi\/kaakkois-suomi\/\",\"name\":\"Kaakkois-Suomen el\u00e4insuojeluyhdistys\",\"description\":\"Uusi SEY J\u00e4senyhdistykset -sivusto\",\"potentialAction\":[{\"@type\":\"SearchAction\",\"target\":{\"@type\":\"EntryPoint\",\"urlTemplate\":\"https:\/\/sey.fi\/kaakkois-suomi\/?s={search_term_string}\"},\"query-input\":{\"@type\":\"PropertyValueSpecification\",\"valueRequired\":true,\"valueName\":\"search_term_string\"}}],\"inLanguage\":\"fi\"}]}<\/script>\n<!-- \/ Yoast SEO plugin. -->","yoast_head_json":{"title":"Rekisteri- ja tietosuojaseloste - Kaakkois-Suomen el\u00e4insuojeluyhdistys","robots":{"index":"index","follow":"follow","max-snippet":"max-snippet:-1","max-image-preview":"max-image-preview:large","max-video-preview":"max-video-preview:-1"},"canonical":"https:\/\/sey.fi\/kaakkois-suomi\/kaakkois-suomen-elainsuojeluyhdistys\/yhdistys\/rekisteri-ja-tietosuojaseloste\/","og_locale":"fi_FI","og_type":"article","og_title":"Rekisteri- ja tietosuojaseloste - Kaakkois-Suomen el\u00e4insuojeluyhdistys","og_description":"Kaakkois-Suomen el\u00e4insuojeluyhdistys ry:n rekisteri &#8211; ja tietosuojaseloste Kaakkois-Suomen el\u00e4insuojeluyhdistys ry&nbsp;noudattaa tietosuoja-asioissaan ja rekisterien k\u00e4sittelyss\u00e4 EU:n tietosuoja-asetusta (GDPR) sek\u00e4 soveltuvaa kansallista lains\u00e4\u00e4d\u00e4nt\u00f6\u00e4. Rekisterinpit\u00e4j\u00e4ll\u00e4 on tietosuoja-asetuksen mukaan velvollisuus informoida selke\u00e4ll\u00e4 tavalla rekister\u00f6ityj\u00e4. T\u00e4m\u00e4 seloste t\u00e4ytt\u00e4\u00e4 informointivelvoitteen. Tietosuojaselosteen p\u00e4\u00e4kohdat: 1. Rekisterinpit\u00e4j\u00e4Kaakkois-Suomen el\u00e4insuojeluyhdistys ry&nbsp;(Y-tunnus 2167909-1) Yhteystiedot:It\u00e4inen Kanavatie 653420 Lappeenranta puh. 050 555 1186s\u00e4hk\u00f6posti:&nbsp;kaakkoissuomensey@gmail.com 2. Rekister\u00f6idytRekisteriss\u00e4 k\u00e4sitell\u00e4\u00e4n asiakkaiden, potentiaalisten asiakkaiden, [&hellip;]","og_url":"https:\/\/sey.fi\/kaakkois-suomi\/kaakkois-suomen-elainsuojeluyhdistys\/yhdistys\/rekisteri-ja-tietosuojaseloste\/","og_site_name":"Kaakkois-Suomen el\u00e4insuojeluyhdistys","article_modified_time":"2025-11-21T13:51:11+00:00","twitter_card":"summary_large_image","twitter_misc":{"Arvioitu lukuaika":"6 minuuttia"},"schema":{"@context":"https:\/\/schema.org","@graph":[{"@type":"WebPage","@id":"https:\/\/sey.fi\/kaakkois-suomi\/kaakkois-suomen-elainsuojeluyhdistys\/yhdistys\/rekisteri-ja-tietosuojaseloste\/","url":"https:\/\/sey.fi\/kaakkois-suomi\/kaakkois-suomen-elainsuojeluyhdistys\/yhdistys\/rekisteri-ja-tietosuojaseloste\/","name":"Rekisteri- ja tietosuojaseloste - Kaakkois-Suomen el\u00e4insuojeluyhdistys","isPartOf":{"@id":"https:\/\/sey.fi\/kaakkois-suomi\/#website"},"datePublished":"2019-11-01T11:26:00+00:00","dateModified":"2025-11-21T13:51:11+00:00","breadcrumb":{"@id":"https:\/\/sey.fi\/kaakkois-suomi\/kaakkois-suomen-elainsuojeluyhdistys\/yhdistys\/rekisteri-ja-tietosuojaseloste\/#breadcrumb"},"inLanguage":"fi","potentialAction":[{"@type":"ReadAction","target":["https:\/\/sey.fi\/kaakkois-suomi\/kaakkois-suomen-elainsuojeluyhdistys\/yhdistys\/rekisteri-ja-tietosuojaseloste\/"]}]},{"@type":"BreadcrumbList","@id":"https:\/\/sey.fi\/kaakkois-suomi\/kaakkois-suomen-elainsuojeluyhdistys\/yhdistys\/rekisteri-ja-tietosuojaseloste\/#breadcrumb","itemListElement":[{"@type":"ListItem","position":1,"name":"Home","item":"https:\/\/sey.fi\/kaakkois-suomi\/"},{"@type":"ListItem","position":2,"name":"Kaakkois-Suomen el\u00e4insuojeluyhdistys","item":"https:\/\/sey.fi\/kaakkois-suomi\/"},{"@type":"ListItem","position":3,"name":"Yhdistys","item":"https:\/\/sey.fi\/kaakkois-suomi\/kaakkois-suomen-elainsuojeluyhdistys\/yhdistys\/"},{"@type":"ListItem","position":4,"name":"Rekisteri- ja tietosuojaseloste"}]},{"@type":"WebSite","@id":"https:\/\/sey.fi\/kaakkois-suomi\/#website","url":"https:\/\/sey.fi\/kaakkois-suomi\/","name":"Kaakkois-Suomen el\u00e4insuojeluyhdistys","description":"Uusi SEY J\u00e4senyhdistykset -sivusto","potentialAction":[{"@type":"SearchAction","target":{"@type":"EntryPoint","urlTemplate":"https:\/\/sey.fi\/kaakkois-suomi\/?s={search_term_string}"},"query-input":{"@type":"PropertyValueSpecification","valueRequired":true,"valueName":"search_term_string"}}],"inLanguage":"fi"}]}},"_links":{"self":[{"href":"https:\/\/sey.fi\/kaakkois-suomi\/wp-json\/wp\/v2\/pages\/85","targetHints":{"allow":["GET"]}}],"collection":[{"href":"https:\/\/sey.fi\/kaakkois-suomi\/wp-json\/wp\/v2\/pages"}],"about":[{"href":"https:\/\/sey.fi\/kaakkois-suomi\/wp-json\/wp\/v2\/types\/page"}],"author":[{"embeddable":true,"href":"https:\/\/sey.fi\/kaakkois-suomi\/wp-json\/wp\/v2\/users\/8"}],"replies":[{"embeddable":true,"href":"https:\/\/sey.fi\/kaakkois-suomi\/wp-json\/wp\/v2\/comments?post=85"}],"version-history":[{"count":4,"href":"https:\/\/sey.fi\/kaakkois-suomi\/wp-json\/wp\/v2\/pages\/85\/revisions"}],"predecessor-version":[{"id":5503,"href":"https:\/\/sey.fi\/kaakkois-suomi\/wp-json\/wp\/v2\/pages\/85\/revisions\/5503"}],"up":[{"embeddable":true,"href":"https:\/\/sey.fi\/kaakkois-suomi\/wp-json\/wp\/v2\/pages\/69"}],"wp:attachment":[{"href":"https:\/\/sey.fi\/kaakkois-suomi\/wp-json\/wp\/v2\/media?parent=85"}],"curies":[{"name":"wp","href":"https:\/\/api.w.org\/{rel}","templated":true}]}}