{"id":89,"date":"2019-11-01T13:28:53","date_gmt":"2019-11-01T11:28:53","guid":{"rendered":"http:\/\/srvr10.xetpoint.com\/~seyfi\/kaakkois-suomi\/?page_id=89"},"modified":"2023-08-05T12:44:36","modified_gmt":"2023-08-05T09:44:36","slug":"89-2","status":"publish","type":"page","link":"https:\/\/sey.fi\/kaakkois-suomi\/kaakkois-suomen-elainsuojeluyhdistys\/toiminta\/89-2\/","title":{"rendered":"Tue toimintaa"},"content":{"rendered":"\n<p><strong>1. Liittym\u00e4ll\u00e4 j\u00e4seneksi KASEYhyn.&nbsp;<\/strong>Lue lis\u00e4\u00e4 liittymisest\u00e4 t\u00e4\u00e4lt\u00e4:&nbsp;<strong><a href=\"https:\/\/sey.fi\/kaakkois-suomi\/kaakkois-suomen-elainsuojeluyhdistys\/yhdistys\/liity-jaseneksi\/\">Liity j\u00e4seneksi<\/a>.&nbsp;<\/strong>Voit&nbsp;liitty\u00e4 j\u00e4seneksi my\u00f6s ottamalla yhteyden s\u00e4hk\u00f6postitse j\u00e4sensihteeriin&nbsp;<a href=\"mailto:kasey.jasensihteeri@gmail.com\"><strong>ka<\/strong><\/a><strong><a href=\"mailto:kasey.jasensihteeri@gmail.com\">sey.jasensihteeri(at)gmail.com<\/a>.<br><br>2. Hankkimalla lis\u00e4\u00e4 j\u00e4seni\u00e4 yhdistykseemme.&nbsp;<\/strong>Vinkkaa yhdistyksest\u00e4mme, tekem\u00e4st\u00e4mme ty\u00f6st\u00e4 sek\u00e4 j\u00e4senyydest\u00e4mme tuttavillesi, sukulaisillesi ja yst\u00e4villesi!<\/p>\n\n\n\n<p><strong>3. Jakamalla yhdistyksen esitteit\u00e4 ja oppaita.&nbsp;<\/strong>Voit omassa arjessasi auttaa el\u00e4insuojeluty\u00f6t\u00e4 jakamalla esitteit\u00e4mme esim.&nbsp;yritysten tms. ilmoitustauluille (kaupat, koulut, kirjastot, sairaalat yms.) tai ulkoilmoitustauluille. Esitteit\u00e4 ja oppaita saa haettua El\u00e4insuojlukeskus Miulta&nbsp;sopimalla ajan s\u00e4hk\u00f6postitse kasey.elainkotipesa(at)gmail.com tai puhelimitse&nbsp;050 555 1186 tai tulostamalla niit\u00e4 itse nettisivuiltamme kohdasta&nbsp;Ohjeet &#8211; <strong><a href=\"https:\/\/sey.fi\/kaakkois-suomi\/kaakkois-suomen-elainsuojeluyhdistys\/ohjeet-ja-linkit\/materiaalipankki\/\">Materiaalipankki<\/a><\/strong>. El\u00e4insuojelukeskus Miulta saa my\u00f6s painettuja oppaita, joita ei materiaalipankin kautta ole mahdollista tulostaa.<br><br><strong>4. Tykk\u00e4\u00e4m\u00e4ll\u00e4&nbsp;<a rel=\"noreferrer noopener\" href=\"https:\/\/www.facebook.com\/kaakkoissuomensey\" target=\"_blank\">Facebook-sivustamme<\/a>&nbsp;ja siell\u00e4 olevista julkaisuista, kuvista ja videoista.<\/strong>&nbsp;Tykk\u00e4\u00e4m\u00e4ll\u00e4 p\u00e4ivityksi\u00e4mme el\u00e4insuojelu-uutiset ja kotia etsiv\u00e4t el\u00e4imet tavoittavat yh\u00e4 enemm\u00e4n ihmisi\u00e4. Jaathan p\u00e4ivityksi\u00e4mme omalla sivullasi sek\u00e4 seuraamissasi ryhmiss\u00e4!<\/p>\n\n\n\n<p><strong>5. Kutsumalla kavereita tykk\u00e4\u00e4m\u00e4\u00e4n <a href=\"https:\/\/www.facebook.com\/kaakkoissuomensey\/?eid=ARB-Ru6MzeY7LzNp_95ggR_W1P87wLknKZL6_aeLwpVMmc_2FIXyeZzN84JsReLdA5yJ01Gr1xHZ-kQB\">Facebook-sivustamme<\/a>.&nbsp;<\/strong>Facebook-kansikuvamme alla n\u00e4et kohdat&nbsp;Tyk\u00e4tty &#8211; Seurataan &#8211; Jaa &#8211; &#8230;. Valitse kolme pistett\u00e4 ja aukeavan valikon alaosasta&nbsp;Kutsu kavereita.<\/p>\n\n\n\n<p><strong>6. Seuraamalla meit\u00e4&nbsp;<a rel=\"noreferrer noopener\" href=\"https:\/\/www.instagram.com\/kaakkoissuomensey\/\" target=\"_blank\">Instagramissa<\/a>.<\/strong>&nbsp;Tykk\u00e4\u00e4 ja kommentoi kuviamme, jotta kotia etsiv\u00e4t el\u00e4imemme tavoittavat potentiaaliset kotinsa paremmin!<\/p>\n\n\n\n<p><strong>7. Ilmoittautumalla vapaaehtoiseksi el\u00e4intenhoitajaksi.<\/strong>&nbsp;El\u00e4imi\u00e4 hoidetaan vapaaehtoisvoimin vuoden jokaisena p\u00e4iv\u00e4n\u00e4, joten jos olet el\u00e4inrakas ja sinulta l\u00f6ytyy aikaa arkena tai viikonloppuna, ilmoittaudu vapaaehtoiseksi hoitajaksi vuorovastaavallemme numeroon 050 555 1466 tai s\u00e4hk\u00f6postitse <a href=\"mailto:kasey.vuorovastaava@gmail.com\"><strong>kasey.vuorovastaava(at)gmail.com<\/strong><\/a>. Hoitaja vastaa p\u00e4ivitt\u00e4isest\u00e4 siivouksesta, el\u00e4inten ruokinnasta ja l\u00e4\u00e4kinn\u00e4st\u00e4 sek\u00e4 harjauksesta, silittelyst\u00e4 ja leikitt\u00e4misest\u00e4. Hoitovuorot sovitaan etuk\u00e4teen.<\/p>\n\n\n\n<p><strong>8. Tulemalla mukaan&nbsp;<a href=\"https:\/\/sey.fi\/kaakkois-suomi\/kaakkois-suomen-elainsuojeluyhdistys\/toiminta\/sijaiskotitoiminta\/\">sijaiskotitoimintaan<\/a>.<\/strong>&nbsp;Koteja tarvitaan p\u00e4\u00e4asiassa esim. sterilisaation tai muun annettavan l\u00e4\u00e4kekuurin vuoksi, jolloin kissat p\u00e4\u00e4sev\u00e4t hetkeksi lomailemaan normaaliin kotiymp\u00e4rist\u00f6\u00f6n. Sijaiskodiksi voit ryhty\u00e4 esim. viikoksi &#8211; pariksi kuukaudeksi. KASEY kustantaa el\u00e4imen kulut, kuten ruoat, hiekat ja mahdolliset l\u00e4\u00e4kkeet yms. Kysele asiasta tarkemmin&nbsp;sijaiskotivastaavaltamme puhelimitse&nbsp;045 694 9597, s\u00e4hk\u00f6postitse <strong><a href=\"mailto:kasey.elainkotipesa@gmail.com\">kaakkoissuomensey(at)gmail.com<\/a><\/strong> tai l\u00e4het\u00e4&nbsp;<strong><a rel=\"noreferrer noopener\" href=\"https:\/\/goo.gl\/forms\/B3iMCGbFWiveRspW2\" target=\"_blank\">sijaiskotihakemus<\/a><\/strong>.<\/p>\n\n\n\n<p><strong>9. Tuomalla omia ideoita tai osaamista yhdistyksen k\u00e4ytett\u00e4v\u00e4ksi.<\/strong>&nbsp;Otamme mieluusti apua vastaan eri alojen taitajilta. Mik\u00e4li sinulla on idea jolla voisit olla avuksi, ota yhteytt\u00e4&nbsp;<strong><a href=\"mailto:kasey.lseinfo@gmail.com\">kaakkoissuomensey(at)gmail.com<\/a>&nbsp;<\/strong>tai anna palautetta:<strong>&nbsp;<a rel=\"noreferrer noopener\" href=\"https:\/\/goo.gl\/forms\/6QY43hYIE0NPnwxG3\" target=\"_blank\">PALAUTELOMAKE<\/a>.<\/strong><\/p>\n\n\n\n<p><strong>10. Lahjoittamalla tavaraa el\u00e4inkodille.<\/strong>&nbsp;El\u00e4insuojelukeskus Miulla sek\u00e4 sijaiskodeissa on jatkuva tarve hyv\u00e4laatuiselle kissanruualle: m\u00e4rk\u00e4ruokaa, penturuokaa ja kissanraksuja kuluu paljon! Toivomme lahjoituksena laadukasta ruokaa, ett\u00e4 saamme pidetty\u00e4 el\u00e4imet hyv\u00e4ss\u00e4 kunnossa.&nbsp;Muutto pois omasta kodista el\u00e4inkotiin tai sijaiskotiin voi olla el\u00e4imen el\u00e4m\u00e4n suurin stressi ja stressi laskee el\u00e4imen vastustuskyky\u00e4. Monella kissalla voi olla my\u00f6s matoja, jotka laskevat yleiskuntoa. My\u00f6s tautipaine on suuri, kun samassa tiloissa on paljon el\u00e4imi\u00e4 samanaikaisesti, asukit tulevat eri paikoista ja vaihtuvat tiuhaan tahtiin.<\/p>\n\n\n\n<p>My\u00f6s paakkuuntuvaa kissanhiekkaa otamme mieluusti vastaan. Lis\u00e4ksi voit lahjoittaa mm. matol\u00e4\u00e4kkeit\u00e4, lis\u00e4ravinteita, kuljetuskoppia, kiipeilytelineit\u00e4, raapimalautoja, ym. El\u00e4insuojelukeskus Miulla sek\u00e4 sijaiskodeissa tarvitaan my\u00f6s siivoustarvikkeita ja -aineita (erityisesti desinfioivia pesuaineita, kuten Virkon tai Desinfektol).<\/p>\n\n\n\n<ul class=\"wp-block-list\">\n<li><strong><a href=\"https:\/\/sey.fi\/kaakkois-suomi\/kaakkois-suomen-elainsuojeluyhdistys\/toiminta\/elainkoti-pesa\/\">El\u00e4insuojelukeskus Miu<\/a><\/strong>, It\u00e4inen Kanavatie 6, 53420&nbsp;<strong>Lappeenranta<\/strong>,  lahjoituksia voi tuoda keskukselle yleens\u00e4 klo 9-19 v\u00e4lill\u00e4. Voit varmistaa saapumisesi ennakkoon p. 050 555 1186. <\/li>\n\n\n\n<li><strong><a href=\"http:\/\/trimpet.net\/\" target=\"_blank\" rel=\"noreferrer noopener\">Trimpet<\/a>,<\/strong>&nbsp;Standertskj\u00f6ldinkatu 1,&nbsp;<strong>Lappeenranta<\/strong>, kynsip\u00e4ivin\u00e4 ke 11-18 ja to 8-11. Muina aikoina soittamalla ja sopimalla ajasta, sill\u00e4 henkil\u00f6kuntaa on paikalla ajanvarausten mukaan.<\/li>\n\n\n\n<li><a href=\"https:\/\/www.willi.fi\/\" data-type=\"URL\" data-id=\"https:\/\/www.willi.fi\/\"><strong>Willi<\/strong><\/a>, Kaakkoiskaari 22, 53500&nbsp;<strong>Lappeenranta<\/strong>, aukioloaikojen mukaan<\/li>\n\n\n\n<li><strong><a href=\"https:\/\/www.facebook.com\/kioskikinkelaade\">Kioski Kinke laade<\/a><\/strong>, Imatrantie 5a, 53100&nbsp;<strong>Lappeenranta<\/strong>, aukioloaikojen mukaan<\/li>\n\n\n\n<li><strong><a rel=\"noreferrer noopener\" href=\"https:\/\/www.facebook.com\/kotkankierratyspaja\/\" target=\"_blank\">Kotkan kierr\u00e4tyspaja<\/a><\/strong>, Satamakatu 3, 48100&nbsp;<strong>Kotka<\/strong>,&nbsp;aukioloaikojen mukaan<\/li>\n\n\n\n<li><strong><a rel=\"noreferrer noopener\" href=\"http:\/\/www.noonknit.fi\/\" target=\"_blank\">Noon Knit<\/a><\/strong>, Vesivallinaukio 1, 48600&nbsp;<strong>Kotka<\/strong>,&nbsp;aukioloaikojen mukaan<\/li>\n\n\n\n<li><a href=\"https:\/\/www.k-ruoka.fi\/kauppa\/k-market-uusi-summa\"><strong>K-Market Uusi-Summa<\/strong><\/a>, Siitosentie 42, 49420&nbsp;<strong>Hamina<\/strong>, aukioloaikojen mukaan<\/li>\n\n\n\n<li><strong><a href=\"https:\/\/www.facebook.com\/KSMKanuuna\">K-Supermarket Kanuuna<\/a><\/strong>,&nbsp;Sibeliuskatu 27, 49400&nbsp;<strong>Hamina<\/strong>, aukioloaikojen mukaan<\/li>\n\n\n\n<li><strong><a href=\"https:\/\/www.facebook.com\/pages\/category\/Pet-Supplies\/Lemmikkitarvike-OnniPet-288162138668099\/\">Onnipet<\/a><\/strong>, Pikkuympyr\u00e4katu 24, 49400&nbsp;<strong>Hamina<\/strong>, aukioloaikojen mukaan<\/li>\n<\/ul>\n\n\n\n<p>Kiitos lahjoituksestasi&nbsp;jo etuk\u00e4teen!<\/p>\n\n\n\n<p><strong>11. Tue meit\u00e4 ostamalla tavaraa kirpputorip\u00f6yd\u00e4lt\u00e4mme.<\/strong>&nbsp;Lis\u00e4tietoja kirpputorip\u00f6ydist\u00e4mme Etel\u00e4-Karjalassa ja Kymenlaaksossa kohdassa Toiminta &#8211;&nbsp;<strong><a href=\"https:\/\/sey.fi\/kaakkois-suomi\/kaakkois-suomen-elainsuojeluyhdistys\/yhdistys\/kirpputori\/\">Kirpputori<\/a><\/strong>.<\/p>\n\n\n\n<p><strong>12. Tekem\u00e4ll\u00e4 lahjoituksen yhdistyksen tilille:<\/strong> <\/p>\n\n\n\n<ul class=\"wp-block-list\">\n<li>FI14 5620 0920 0047 01<\/li>\n\n\n\n<li>viitenumero 8280<\/li>\n\n\n\n<li>BIC-koodi: OKOYFIHH.<\/li>\n\n\n\n<li>MobilePayn kautta lyhytnumeromme on 81174. <\/li>\n\n\n\n<li>Kaikki yhdistykselle tulevat lahjoitukset k\u00e4ytet\u00e4\u00e4n el\u00e4inten hyv\u00e4ksi. Testamenttilahjoitusten tiedustelut <strong><a href=\"mailto:kasey.elainkotipesa@gmail.com\">kasey.elainkotipesa(at)gmail.com<\/a><\/strong>.<\/li>\n<\/ul>\n\n\n\n<p><strong>13. Antamalla lahjoituksen ker\u00e4yslippaisiimme.&nbsp;<\/strong>Suuntaa kauppareisulle el\u00e4insuojeluty\u00f6t\u00e4 tukeviin liikkeisiin. Rahanker\u00e4yslippaiden paikat l\u00f6yd\u00e4t nettisivuiltamme kohdasta<strong>&nbsp;<a href=\"https:\/\/sey.fi\/kaakkois-suomi\/kaakkois-suomen-elainsuojeluyhdistys\/lahjoita\/rahankerayslippaat-1-9-2018-31-8-2020\/\">Rahanker\u00e4yslippaat<\/a>.&nbsp;<\/strong><\/p>\n\n\n\n<p><strong>14. Antamalla kodin kodittomalle el\u00e4imelle.<\/strong>&nbsp;Muistathan kuitenkin el\u00e4int\u00e4 hankkiessasi, ett\u00e4 el\u00e4in on vastuullasi jopa yli 10 vutta, riippuen toki el\u00e4imen i\u00e4st\u00e4 ja lajista. \u00c4l\u00e4 siis hanki el\u00e4int\u00e4 hetken mielijohteesta! Toivomme ett\u00e4 kaikki yhdistyksen kautta kotia etsiv\u00e4t el\u00e4imet p\u00e4\u00e4sev\u00e4t pysyviin ja hyviin koteihin, joissa niill\u00e4 on koti tarjolla el\u00e4m\u00e4ns\u00e4 loppuun asti.<\/p>\n\n\n\n<p><strong>15. Pit\u00e4m\u00e4ll\u00e4 huolen omasta lemmikist\u00e4si!<\/strong>&nbsp;Isoimman palveluksen yhdistykselle sek\u00e4 tietysti el\u00e4imelle teet huolehtimalla oman lemmikkisi p\u00e4ivitt\u00e4isest\u00e4 hyvinvoinnista! Sairastunut el\u00e4in t\u00e4ytyy aina k\u00e4ytt\u00e4\u00e4 v\u00e4litt\u00f6m\u00e4sti el\u00e4inl\u00e4\u00e4k\u00e4riss\u00e4. Pid\u00e4th\u00e4n my\u00f6s el\u00e4imesi ulkona kytkettyn\u00e4 tai aitauksessa, jotta el\u00e4imesi ei ajaudu itse vaaratilanteeseen tai aiheuta niit\u00e4 muille. Mik\u00e4li n\u00e4et huonosti hoidetun tai heitteille j\u00e4tetyn el\u00e4imen, ota aina yhteys alueesi el\u00e4insuojeluvalvojaan.<br><\/p>\n","protected":false},"excerpt":{"rendered":"<p>1. Liittym\u00e4ll\u00e4 j\u00e4seneksi KASEYhyn.&nbsp;Lue lis\u00e4\u00e4 liittymisest\u00e4 t\u00e4\u00e4lt\u00e4:&nbsp;Liity j\u00e4seneksi.&nbsp;Voit&nbsp;liitty\u00e4 j\u00e4seneksi my\u00f6s ottamalla yhteyden s\u00e4hk\u00f6postitse j\u00e4sensihteeriin&nbsp;kasey.jasensihteeri(at)gmail.com. 2. Hankkimalla lis\u00e4\u00e4 j\u00e4seni\u00e4 yhdistykseemme.&nbsp;Vinkkaa yhdistyksest\u00e4mme, tekem\u00e4st\u00e4mme ty\u00f6st\u00e4 sek\u00e4 j\u00e4senyydest\u00e4mme tuttavillesi, sukulaisillesi ja yst\u00e4villesi! 3. Jakamalla yhdistyksen esitteit\u00e4 ja oppaita.&nbsp;Voit omassa arjessasi auttaa el\u00e4insuojeluty\u00f6t\u00e4 jakamalla esitteit\u00e4mme esim.&nbsp;yritysten tms. ilmoitustauluille (kaupat, koulut, kirjastot, sairaalat yms.) tai ulkoilmoitustauluille. Esitteit\u00e4 ja oppaita saa haettua [&hellip;]<\/p>\n","protected":false},"author":8,"featured_media":0,"parent":67,"menu_order":0,"comment_status":"closed","ping_status":"closed","template":"","meta":{"_acf_changed":false,"footnotes":""},"class_list":["post-89","page","type-page","status-publish","hentry"],"acf":[],"yoast_head":"<!-- This site is optimized with the Yoast SEO plugin v27.1.1 - https:\/\/yoast.com\/product\/yoast-seo-wordpress\/ -->\n<title>Tue toimintaa - Kaakkois-Suomen el\u00e4insuojeluyhdistys<\/title>\n<meta name=\"robots\" content=\"index, follow, max-snippet:-1, max-image-preview:large, max-video-preview:-1\" \/>\n<link rel=\"canonical\" href=\"https:\/\/sey.fi\/kaakkois-suomi\/kaakkois-suomen-elainsuojeluyhdistys\/toiminta\/89-2\/\" \/>\n<meta property=\"og:locale\" content=\"fi_FI\" \/>\n<meta property=\"og:type\" content=\"article\" \/>\n<meta property=\"og:title\" content=\"Tue toimintaa - Kaakkois-Suomen el\u00e4insuojeluyhdistys\" \/>\n<meta property=\"og:description\" content=\"1. Liittym\u00e4ll\u00e4 j\u00e4seneksi KASEYhyn.&nbsp;Lue lis\u00e4\u00e4 liittymisest\u00e4 t\u00e4\u00e4lt\u00e4:&nbsp;Liity j\u00e4seneksi.&nbsp;Voit&nbsp;liitty\u00e4 j\u00e4seneksi my\u00f6s ottamalla yhteyden s\u00e4hk\u00f6postitse j\u00e4sensihteeriin&nbsp;kasey.jasensihteeri(at)gmail.com. 2. Hankkimalla lis\u00e4\u00e4 j\u00e4seni\u00e4 yhdistykseemme.&nbsp;Vinkkaa yhdistyksest\u00e4mme, tekem\u00e4st\u00e4mme ty\u00f6st\u00e4 sek\u00e4 j\u00e4senyydest\u00e4mme tuttavillesi, sukulaisillesi ja yst\u00e4villesi! 3. Jakamalla yhdistyksen esitteit\u00e4 ja oppaita.&nbsp;Voit omassa arjessasi auttaa el\u00e4insuojeluty\u00f6t\u00e4 jakamalla esitteit\u00e4mme esim.&nbsp;yritysten tms. ilmoitustauluille (kaupat, koulut, kirjastot, sairaalat yms.) tai ulkoilmoitustauluille. Esitteit\u00e4 ja oppaita saa haettua [&hellip;]\" \/>\n<meta property=\"og:url\" content=\"https:\/\/sey.fi\/kaakkois-suomi\/kaakkois-suomen-elainsuojeluyhdistys\/toiminta\/89-2\/\" \/>\n<meta property=\"og:site_name\" content=\"Kaakkois-Suomen el\u00e4insuojeluyhdistys\" \/>\n<meta property=\"article:modified_time\" content=\"2023-08-05T09:44:36+00:00\" \/>\n<meta name=\"twitter:card\" content=\"summary_large_image\" \/>\n<meta name=\"twitter:label1\" content=\"Arvioitu lukuaika\" \/>\n\t<meta name=\"twitter:data1\" content=\"5 minuuttia\" \/>\n<script type=\"application\/ld+json\" class=\"yoast-schema-graph\">{\"@context\":\"https:\/\/schema.org\",\"@graph\":[{\"@type\":\"WebPage\",\"@id\":\"https:\/\/sey.fi\/kaakkois-suomi\/kaakkois-suomen-elainsuojeluyhdistys\/toiminta\/89-2\/\",\"url\":\"https:\/\/sey.fi\/kaakkois-suomi\/kaakkois-suomen-elainsuojeluyhdistys\/toiminta\/89-2\/\",\"name\":\"Tue toimintaa - Kaakkois-Suomen el\u00e4insuojeluyhdistys\",\"isPartOf\":{\"@id\":\"https:\/\/sey.fi\/kaakkois-suomi\/#website\"},\"datePublished\":\"2019-11-01T11:28:53+00:00\",\"dateModified\":\"2023-08-05T09:44:36+00:00\",\"breadcrumb\":{\"@id\":\"https:\/\/sey.fi\/kaakkois-suomi\/kaakkois-suomen-elainsuojeluyhdistys\/toiminta\/89-2\/#breadcrumb\"},\"inLanguage\":\"fi\",\"potentialAction\":[{\"@type\":\"ReadAction\",\"target\":[\"https:\/\/sey.fi\/kaakkois-suomi\/kaakkois-suomen-elainsuojeluyhdistys\/toiminta\/89-2\/\"]}]},{\"@type\":\"BreadcrumbList\",\"@id\":\"https:\/\/sey.fi\/kaakkois-suomi\/kaakkois-suomen-elainsuojeluyhdistys\/toiminta\/89-2\/#breadcrumb\",\"itemListElement\":[{\"@type\":\"ListItem\",\"position\":1,\"name\":\"Home\",\"item\":\"https:\/\/sey.fi\/kaakkois-suomi\/\"},{\"@type\":\"ListItem\",\"position\":2,\"name\":\"Kaakkois-Suomen el\u00e4insuojeluyhdistys\",\"item\":\"https:\/\/sey.fi\/kaakkois-suomi\/\"},{\"@type\":\"ListItem\",\"position\":3,\"name\":\"Toiminta\",\"item\":\"https:\/\/sey.fi\/kaakkois-suomi\/kaakkois-suomen-elainsuojeluyhdistys\/toiminta\/\"},{\"@type\":\"ListItem\",\"position\":4,\"name\":\"Tue toimintaa\"}]},{\"@type\":\"WebSite\",\"@id\":\"https:\/\/sey.fi\/kaakkois-suomi\/#website\",\"url\":\"https:\/\/sey.fi\/kaakkois-suomi\/\",\"name\":\"Kaakkois-Suomen el\u00e4insuojeluyhdistys\",\"description\":\"Uusi SEY J\u00e4senyhdistykset -sivusto\",\"potentialAction\":[{\"@type\":\"SearchAction\",\"target\":{\"@type\":\"EntryPoint\",\"urlTemplate\":\"https:\/\/sey.fi\/kaakkois-suomi\/?s={search_term_string}\"},\"query-input\":{\"@type\":\"PropertyValueSpecification\",\"valueRequired\":true,\"valueName\":\"search_term_string\"}}],\"inLanguage\":\"fi\"}]}<\/script>\n<!-- \/ Yoast SEO plugin. -->","yoast_head_json":{"title":"Tue toimintaa - Kaakkois-Suomen el\u00e4insuojeluyhdistys","robots":{"index":"index","follow":"follow","max-snippet":"max-snippet:-1","max-image-preview":"max-image-preview:large","max-video-preview":"max-video-preview:-1"},"canonical":"https:\/\/sey.fi\/kaakkois-suomi\/kaakkois-suomen-elainsuojeluyhdistys\/toiminta\/89-2\/","og_locale":"fi_FI","og_type":"article","og_title":"Tue toimintaa - Kaakkois-Suomen el\u00e4insuojeluyhdistys","og_description":"1. Liittym\u00e4ll\u00e4 j\u00e4seneksi KASEYhyn.&nbsp;Lue lis\u00e4\u00e4 liittymisest\u00e4 t\u00e4\u00e4lt\u00e4:&nbsp;Liity j\u00e4seneksi.&nbsp;Voit&nbsp;liitty\u00e4 j\u00e4seneksi my\u00f6s ottamalla yhteyden s\u00e4hk\u00f6postitse j\u00e4sensihteeriin&nbsp;kasey.jasensihteeri(at)gmail.com. 2. Hankkimalla lis\u00e4\u00e4 j\u00e4seni\u00e4 yhdistykseemme.&nbsp;Vinkkaa yhdistyksest\u00e4mme, tekem\u00e4st\u00e4mme ty\u00f6st\u00e4 sek\u00e4 j\u00e4senyydest\u00e4mme tuttavillesi, sukulaisillesi ja yst\u00e4villesi! 3. Jakamalla yhdistyksen esitteit\u00e4 ja oppaita.&nbsp;Voit omassa arjessasi auttaa el\u00e4insuojeluty\u00f6t\u00e4 jakamalla esitteit\u00e4mme esim.&nbsp;yritysten tms. ilmoitustauluille (kaupat, koulut, kirjastot, sairaalat yms.) tai ulkoilmoitustauluille. Esitteit\u00e4 ja oppaita saa haettua [&hellip;]","og_url":"https:\/\/sey.fi\/kaakkois-suomi\/kaakkois-suomen-elainsuojeluyhdistys\/toiminta\/89-2\/","og_site_name":"Kaakkois-Suomen el\u00e4insuojeluyhdistys","article_modified_time":"2023-08-05T09:44:36+00:00","twitter_card":"summary_large_image","twitter_misc":{"Arvioitu lukuaika":"5 minuuttia"},"schema":{"@context":"https:\/\/schema.org","@graph":[{"@type":"WebPage","@id":"https:\/\/sey.fi\/kaakkois-suomi\/kaakkois-suomen-elainsuojeluyhdistys\/toiminta\/89-2\/","url":"https:\/\/sey.fi\/kaakkois-suomi\/kaakkois-suomen-elainsuojeluyhdistys\/toiminta\/89-2\/","name":"Tue toimintaa - Kaakkois-Suomen el\u00e4insuojeluyhdistys","isPartOf":{"@id":"https:\/\/sey.fi\/kaakkois-suomi\/#website"},"datePublished":"2019-11-01T11:28:53+00:00","dateModified":"2023-08-05T09:44:36+00:00","breadcrumb":{"@id":"https:\/\/sey.fi\/kaakkois-suomi\/kaakkois-suomen-elainsuojeluyhdistys\/toiminta\/89-2\/#breadcrumb"},"inLanguage":"fi","potentialAction":[{"@type":"ReadAction","target":["https:\/\/sey.fi\/kaakkois-suomi\/kaakkois-suomen-elainsuojeluyhdistys\/toiminta\/89-2\/"]}]},{"@type":"BreadcrumbList","@id":"https:\/\/sey.fi\/kaakkois-suomi\/kaakkois-suomen-elainsuojeluyhdistys\/toiminta\/89-2\/#breadcrumb","itemListElement":[{"@type":"ListItem","position":1,"name":"Home","item":"https:\/\/sey.fi\/kaakkois-suomi\/"},{"@type":"ListItem","position":2,"name":"Kaakkois-Suomen el\u00e4insuojeluyhdistys","item":"https:\/\/sey.fi\/kaakkois-suomi\/"},{"@type":"ListItem","position":3,"name":"Toiminta","item":"https:\/\/sey.fi\/kaakkois-suomi\/kaakkois-suomen-elainsuojeluyhdistys\/toiminta\/"},{"@type":"ListItem","position":4,"name":"Tue toimintaa"}]},{"@type":"WebSite","@id":"https:\/\/sey.fi\/kaakkois-suomi\/#website","url":"https:\/\/sey.fi\/kaakkois-suomi\/","name":"Kaakkois-Suomen el\u00e4insuojeluyhdistys","description":"Uusi SEY J\u00e4senyhdistykset -sivusto","potentialAction":[{"@type":"SearchAction","target":{"@type":"EntryPoint","urlTemplate":"https:\/\/sey.fi\/kaakkois-suomi\/?s={search_term_string}"},"query-input":{"@type":"PropertyValueSpecification","valueRequired":true,"valueName":"search_term_string"}}],"inLanguage":"fi"}]}},"_links":{"self":[{"href":"https:\/\/sey.fi\/kaakkois-suomi\/wp-json\/wp\/v2\/pages\/89","targetHints":{"allow":["GET"]}}],"collection":[{"href":"https:\/\/sey.fi\/kaakkois-suomi\/wp-json\/wp\/v2\/pages"}],"about":[{"href":"https:\/\/sey.fi\/kaakkois-suomi\/wp-json\/wp\/v2\/types\/page"}],"author":[{"embeddable":true,"href":"https:\/\/sey.fi\/kaakkois-suomi\/wp-json\/wp\/v2\/users\/8"}],"replies":[{"embeddable":true,"href":"https:\/\/sey.fi\/kaakkois-suomi\/wp-json\/wp\/v2\/comments?post=89"}],"version-history":[{"count":25,"href":"https:\/\/sey.fi\/kaakkois-suomi\/wp-json\/wp\/v2\/pages\/89\/revisions"}],"predecessor-version":[{"id":3582,"href":"https:\/\/sey.fi\/kaakkois-suomi\/wp-json\/wp\/v2\/pages\/89\/revisions\/3582"}],"up":[{"embeddable":true,"href":"https:\/\/sey.fi\/kaakkois-suomi\/wp-json\/wp\/v2\/pages\/67"}],"wp:attachment":[{"href":"https:\/\/sey.fi\/kaakkois-suomi\/wp-json\/wp\/v2\/media?parent=89"}],"curies":[{"name":"wp","href":"https:\/\/api.w.org\/{rel}","templated":true}]}}